{"id":3578,"date":"2025-01-08T06:53:08","date_gmt":"2025-01-08T06:53:08","guid":{"rendered":"https:\/\/fmp-components.com\/?page_id=8"},"modified":"2025-01-08T08:48:39","modified_gmt":"2025-01-08T08:48:39","slug":"spindle-motor-used-for-lathe-jszd150t-jszd110j","status":"publish","type":"product","link":"https:\/\/fmp-components.com\/sl\/product\/spindle-motor-used-for-lathe-jszd150t-jszd110j\/","title":{"rendered":"Vretenski motor, ki se uporablja za stru\u017enico JSZD150T JSZD110J"},"content":{"rendered":"<p><img loading=\"lazy\" decoding=\"async\" class=\"alignnone size-full wp-image-3580\" src=\"https:\/\/fmp-components.com\/wp-content\/uploads\/2025\/01\/spindle-motor-used-for-lathe-jszd150t-3.webp\" alt=\"vreteno-motor-uporablja-za-stru\u017enico-jszd150t-3\" width=\"851\" height=\"105\" title=\"\" srcset=\"https:\/\/fmp-components.com\/wp-content\/uploads\/2025\/01\/spindle-motor-used-for-lathe-jszd150t-3.webp 851w, https:\/\/fmp-components.com\/wp-content\/uploads\/2025\/01\/spindle-motor-used-for-lathe-jszd150t-3-480x59.webp 480w\" sizes=\"(min-width: 0px) and (max-width: 480px) 480px, (min-width: 481px) 851px, 100vw\" \/> <img loading=\"lazy\" decoding=\"async\" class=\"alignnone size-full wp-image-3581\" src=\"https:\/\/fmp-components.com\/wp-content\/uploads\/2025\/01\/spindle-motor-used-for-lathe-jszd110j-2.webp\" alt=\"vreteno-motor-uporablja-za-stru\u017enico-jszd110j-2\" width=\"849\" height=\"102\" title=\"\" srcset=\"https:\/\/fmp-components.com\/wp-content\/uploads\/2025\/01\/spindle-motor-used-for-lathe-jszd110j-2.webp 849w, https:\/\/fmp-components.com\/wp-content\/uploads\/2025\/01\/spindle-motor-used-for-lathe-jszd110j-2-480x58.webp 480w\" sizes=\"(min-width: 0px) and (max-width: 480px) 480px, (min-width: 481px) 849px, 100vw\" \/> <img loading=\"lazy\" decoding=\"async\" class=\"alignnone size-full wp-image-3582\" src=\"https:\/\/fmp-components.com\/wp-content\/uploads\/2025\/01\/spindle-motor-used-for-lathe-jszd150t-2.webp\" alt=\"vreteno-motor-uporablja-za-stru\u017enico-jszd150t-2\" width=\"850\" height=\"327\" title=\"\" srcset=\"https:\/\/fmp-components.com\/wp-content\/uploads\/2025\/01\/spindle-motor-used-for-lathe-jszd150t-2.webp 850w, https:\/\/fmp-components.com\/wp-content\/uploads\/2025\/01\/spindle-motor-used-for-lathe-jszd150t-2-480x185.webp 480w\" sizes=\"(min-width: 0px) and (max-width: 480px) 480px, (min-width: 481px) 850px, 100vw\" \/> <img loading=\"lazy\" decoding=\"async\" class=\"alignnone size-full wp-image-3583\" src=\"https:\/\/fmp-components.com\/wp-content\/uploads\/2025\/01\/spindle-motor-used-for-lathe-jszd110j-1.webp\" alt=\"vreteno-motor-uporablja-za-stru\u017enico-jszd110j-1\" width=\"831\" height=\"278\" title=\"\" srcset=\"https:\/\/fmp-components.com\/wp-content\/uploads\/2025\/01\/spindle-motor-used-for-lathe-jszd110j-1.webp 831w, https:\/\/fmp-components.com\/wp-content\/uploads\/2025\/01\/spindle-motor-used-for-lathe-jszd110j-1-480x161.webp 480w\" sizes=\"(min-width: 0px) and (max-width: 480px) 480px, (min-width: 481px) 831px, 100vw\" \/><\/p>\n<h3>Uporaba vretenskih motorjev<\/h3>\n<p>Vretenski motorji so bistveni v razli\u010dnih preciznih strojnih in proizvodnih procesih, saj poganjajo vrtenje orodij in omogo\u010dajo visokozmogljive operacije rezanja, bru\u0161enja in rezkanja. Pogosto se uporabljajo v CNC strojih in ponujajo visok navor in nadzor hitrosti, zaradi \u010desar so idealni za aplikacije, ki zahtevajo tesne tolerance in kompleksne geometrije. Njihova sposobnost zagotavljanja dosledne izhodne mo\u010di zagotavlja optimalno zmogljivost rezanja in kakovost povr\u0161inske obdelave.<\/p>\n<p>V avtomobilski in letalski industriji se vretenasti motorji uporabljajo v visoko precizni proizvodnji, kot so deli motorjev, lopatice turbin in druge kriti\u010dne komponente. Njihova vsestranskost jim omogo\u010da obdelavo \u0161irokega nabora materialov, od kovin do kompozitov, hkrati pa ohranjajo visoke standarde kakovosti, ki se zahtevajo v teh sektorjih.<\/p>\n<p>Poleg tega se vretenasti motorji pogosto uporabljajo v lesnopredelovalni, medicinski in elektronski industriji. Na primer, so sestavni del vrtanja tiskanih vezij, laserskega graviranja in izdelave medicinskih pripomo\u010dkov, kjer so zanesljivost, natan\u010dnost in dosledna zmogljivost najpomembnej\u0161i. Zaradi prilagodljivosti vretenastih motorjev so nepogre\u0161ljivi v \u0161tevilnih specializiranih aplikacijah v razli\u010dnih sektorjih.<\/p>\n<h3>Vretenski motor, ki se uporablja za stru\u017enico<\/h3>\n<p>Vretenski motorji so klju\u010dne komponente stru\u017enic, kjer zagotavljajo vrtilno mo\u010d, potrebno za stru\u017eenje. V stru\u017enici vretenski motor poganja vrtenje obdelovanca, medtem ko orodja izvajajo razli\u010dne operacije, kot so rezanje, vrtanje in navoje. Ti motorji so zasnovani tako, da zagotavljajo enakomeren navor in hitrost, kar zagotavlja nemoteno delovanje stru\u017enice ob hkratnem ohranjanju natan\u010dnosti, zlasti pri zahtevnih nalogah, kot sta visokohitrostna obdelava ali te\u017eko rezanje.<\/p>\n<p>Vretenski motorji stru\u017enic so obi\u010dajno motorji z visokim navorom in nizko hitrostjo, ki lahko obvladujejo tudi spremenljivo nastavitev hitrosti, kar omogo\u010da upravljavcu natan\u010dno nastavitev delovanja motorja glede na specifi\u010dni material in postopek rezanja. Ta prilagodljivost je klju\u010dnega pomena za obdelavo razli\u010dnih kovin, plastike in kompozitov z razli\u010dnimi rezalnimi lastnostmi. Z gladkim pospe\u0161evanjem in zaviranjem vretenski motorji pomagajo zmanj\u0161ati vibracije in ohranjati dimenzijsko natan\u010dnost obdelovanca.<\/p>\n<p>Z naprednimi hladilnimi mehanizmi, kot sta hlajenje s teko\u010dino ali zrakom, lahko motorji vreten stru\u017enic delujejo z vi\u0161jimi mo\u010dmi brez pregrevanja, kar zagotavlja vzdr\u017eljivost in dolgo \u017eivljenjsko dobo. Zaradi njihove natan\u010dnosti in zanesljivosti so nepogre\u0161ljivi v panogah, kot so avtomobilska, letalska in vesoljska industrija ter proizvodnja, kjer se dosledno proizvajajo visokokakovostni in natan\u010dni deli.<\/p>\n<h2>Izhod ima dva na\u010dina: eden je konstanten navor, drugi pa konstantna mo\u010d, kot je prikazano spodaj:<\/h2>\n<p><img loading=\"lazy\" decoding=\"async\" class=\"alignnone size-full wp-image-3573\" src=\"https:\/\/fmp-components.com\/wp-content\/uploads\/2025\/01\/spindle-motor-1.webp\" alt=\"vreteno-motor-1\" width=\"973\" height=\"551\" title=\"\" srcset=\"https:\/\/fmp-components.com\/wp-content\/uploads\/2025\/01\/spindle-motor-1.webp 973w, https:\/\/fmp-components.com\/wp-content\/uploads\/2025\/01\/spindle-motor-1-480x272.webp 480w\" sizes=\"(min-width: 0px) and (max-width: 480px) 480px, (min-width: 481px) 973px, 100vw\" \/><\/p>\n<h2>Nomenklatura Razlaga motornega vretena<\/h2>\n<p><img loading=\"lazy\" decoding=\"async\" class=\"alignnone size-full wp-image-3574\" src=\"https:\/\/fmp-components.com\/wp-content\/uploads\/2025\/01\/spindle-motor-2.webp\" alt=\"vreteno-motor-2\" width=\"666\" height=\"351\" title=\"\" srcset=\"https:\/\/fmp-components.com\/wp-content\/uploads\/2025\/01\/spindle-motor-2.webp 666w, https:\/\/fmp-components.com\/wp-content\/uploads\/2025\/01\/spindle-motor-2-480x253.webp 480w\" sizes=\"(min-width: 0px) and (max-width: 480px) 480px, (min-width: 481px) 666px, 100vw\" \/><\/p>\n<h2>Konec povezave vretena<\/h2>\n<p>Ima veliko razli\u010dnih vrst priklju\u010dkov, odvisno od modela vretena, glejte spodnjo tabelo.<\/p>\n<p><img loading=\"lazy\" decoding=\"async\" class=\"alignnone wp-image-3575\" src=\"https:\/\/fmp-components.com\/wp-content\/uploads\/2025\/01\/spindle-motor-3.webp\" alt=\"vreteno-motor-\" width=\"885\" height=\"231\" title=\"\" srcset=\"https:\/\/fmp-components.com\/wp-content\/uploads\/2025\/01\/spindle-motor-3.webp 885w, https:\/\/fmp-components.com\/wp-content\/uploads\/2025\/01\/spindle-motor-3-480x125.webp 480w\" sizes=\"(min-width: 0px) and (max-width: 480px) 480px, (min-width: 481px) 885px, 100vw\" \/><\/p>\n<h2>Navodila za vreteno<\/h2>\n<div><span id=\"spin1\">1<\/span>Frekven\u010dni pretvornik\u00a0<span id=\"spin2\">mora<\/span>\u00a0ujemanje\u00a0<span id=\"spin3\">elektri\u010dni<\/span>\u00a0Vretenasta enota.\u00a0<span id=\"spin4\">osnovno<\/span>\u00a0pogostost\u00a0<span id=\"spin5\">ali celo<\/span>\u00a0nazivna frekvenca\u00a0<span id=\"spin6\">kot tudi<\/span>\u00a0napetost\u00a0<span id=\"spin7\">bo moral<\/span>\u00a0izpolnjujejo tehni\u010dne parametre\u00a0<span id=\"spin8\">od<\/span>\u00a0<span id=\"spin9\">elektri\u010dni<\/span>\u00a0vreteno.<br \/>\n<span id=\"spin10\">2<\/span>.\u00a0<span id=\"spin11\">Elektri\u010dni<\/span>\u00a0vreteno\u00a0<span id=\"spin12\">je na splo\u0161no<\/span>\u00a0hlajeno s kro\u017ee\u010do vodo. Hladilna voda\u00a0<span id=\"spin13\">mora biti<\/span>\u00a0odporen proti rji in \u010dist s filtriranim filtrom. Ko\u00a0<span id=\"spin14\">pridobivanje<\/span>\u00a0voda, dovod\u00a0<span id=\"spin15\">mora biti<\/span>\u00a0<span id=\"spin16\">pod<\/span>\u00a0ta\u00a0<span id=\"spin17\">elektri\u010dni<\/span>\u00a0vreteno.<br \/>\n<span id=\"spin18\">tri<\/span>Kdaj\u00a0<span id=\"spin19\">delo z<\/span>\u00a0vreteno, mazano z oljno meglico,\u00a0<span id=\"spin20\">stres<\/span>\u00a0regulacijski ventil\u00a0<span id=\"spin21\">na<\/span>\u00a0oljna meglica\u00a0<span id=\"spin22\">pripomo\u010dek<\/span>\u00a0<span id=\"spin23\">bi moralo biti<\/span>\u00a0nastavljeno na 0,25~0,3 MPA megla\u00a0<span id=\"spin25\">tlak<\/span>\u00a0<span id=\"spin26\">bi moralo biti<\/span>\u00a00,1~0,2 MPa\u00a0<span id=\"spin28\">in<\/span>\u00a0<span id=\"spin29\">raznolikost<\/span>\u00a0kapljice olja\u00a0<span id=\"spin30\">mora biti<\/span>\u00a060\u201370 kapljic\/min.\u00a0<span id=\"spin31\">in tudi<\/span>\u00a0mazalno olje\u00a0<span id=\"spin32\">bi moralo biti<\/span>\u00a0olje za zvon ali turbinsko olje \u0161t.\u00a0<span id=\"spin33\">20<\/span>.<br \/>\n<span id=\"spin34\">\u0161tiri<\/span>. The\u00a0<span id=\"spin35\">hitrost<\/span>\u00a0<span id=\"spin36\">okoli<\/span>\u00a0motorizirano vreteno\u00a0<span id=\"spin37\">vodnik<\/span>\u00a0<span id=\"spin38\">je vsekakor<\/span>\u00a0najvi\u0161ji\u00a0<span id=\"spin39\">hitrost<\/span>in\u00a0<span id=\"spin40\">lahko<\/span>\u00a0ne biti\u00a0<span id=\"spin41\">povi\u0161an<\/span>,\u00a0<span id=\"spin42\">kljub temu,<\/span>\u00a0<span id=\"spin43\">morda<\/span>\u00a0<span id=\"spin44\">zaposlen<\/span>\u00a0<span id=\"spin45\">zmanj\u0161ati<\/span><br \/>\nta\u00a0<span id=\"spin46\">tempo,<\/span>\u00a0napetost in frekvenca sta\u00a0<span id=\"spin47\">zmanj\u0161ano<\/span>\u00a0<span id=\"spin48\">ko<\/span>\u00a0<span id=\"spin49\">hitrost<\/span>\u00a0je zni\u017eana.<br \/>\n<span id=\"spin50\">5<\/span>Vrtenje\u00a0<span id=\"spin51\">seveda<\/span>\u00a0<span id=\"spin52\">z<\/span>\u00a0motorizirano vreteno\u00a0<span id=\"spin53\">je obi\u010dajno<\/span>\u00a0v nasprotni smeri urinega kazalca (gledano\u00a0<span id=\"spin54\">v<\/span>\u00a0gredi). razen za\u00a0<span id=\"spin55\">ekskluzivno<\/span><br \/>\n<span id=\"spin56\">zahteve<\/span>.<br \/>\n<span id=\"spin57\">6<\/span>Motorizirano vreteno, mazano z oljno meglico\u00a0<span id=\"spin58\">mora biti<\/span>\u00a0<span id=\"spin59\">povezano<\/span>\u00a0z vodo in\u00a0<span id=\"spin60\">bencin<\/span>\u00a0<span id=\"spin61\">pred<\/span>\u00a0<span id=\"spin62\">bi lahko<\/span>\u00a0<span id=\"spin63\">za\u010deti<\/span>\u00a0in\u00a0<span id=\"spin64\">prenehati<\/span>\u00a0voda in\u00a0<span id=\"spin65\">gorivo\u00a0<\/span><span id=\"spin66\">oskrba<\/span>\u00a0<span id=\"spin67\">po<\/span>\u00a0izklop.<br \/>\nPojasnilo:\u00a0<span id=\"spin68\">edinstven<\/span>\u00a0operacija\u00a0<span id=\"spin69\">je potrebno<\/span>\u00a0<span id=\"spin70\">glede na<\/span>\u00a0<span id=\"spin71\">do<\/span>\u00a0<span id=\"spin72\">elektri\u010dni<\/span>\u00a0vreteno\u00a0<span id=\"spin73\">smernice<\/span>.<\/div>\n<div>\n<div class=\"flex max-w-full flex-col flex-grow\">\n<div class=\"min-h-8 text-message flex w-full flex-col items-end gap-2 whitespace-normal break-words text-start [.text-message+&amp;]:mt-5\" dir=\"auto\" data-message-author-role=\"assistant\" data-message-id=\"fbdee532-4424-41b2-a093-d85f55f880e4\" data-message-model-slug=\"gpt-4o-mini\">\n<div class=\"flex w-full flex-col gap-1 empty:hidden first:pt-[3px]\">\n<div class=\"markdown prose w-full break-words dark:prose-invert light\">\n<h2>O FMP-ju<\/h2>\n<p>FMP je vodilni proizvajalec, specializiran za mehanske komponente, vklju\u010dno s spiralnimi sto\u017e\u010dastimi reduktorji, zobniki, sto\u017e\u010dastimi pu\u0161ami, zobatimi letvami, sklopkami in drugimi deli za menjalnike. Z mo\u010dnim izvoznim fokusom po\u0161ljemo na evropske trge, kot so Nem\u010dija, Zdru\u017eeno kraljestvo in Francija, ve\u010d kot 651 ton na\u0161ih izdelkov, kar ustvari letno vrednost izvoza v vi\u0161ini 15 ton 18 milijonov funtov. Na\u0161a skupna letna proizvodna vrednost dosega 200 milijonov RMB.<\/p>\n<p>Vsi izdelki FMP so zasnovani in izdelani v skladu z mednarodnimi, evropskimi in ameri\u0161kimi industrijskimi standardi. Uporabljamo napredno precizno strojno opremo, sledimo optimiziranim proizvodnim procesom in vzdr\u017eujemo prilagodljiv ter u\u010dinkovit sistem upravljanja. Na\u0161 robusten sistem vodenja kakovosti zagotavlja visoke standarde izdelkov, hkrati pa ohranja na\u0161e cene konkuren\u010dne.<\/p>\n<p>V podjetju FMP se dr\u017eimo temeljnih vrednot: \u00bbKakovost: temelj trajnostnega poslovanja; Integriteta: gonilo rasti podjetja; Storitev: temelj razvoja; in Cenovna dostopnost: klju\u010d do uspeha.\u00ab Veselimo se sodelovanja z doma\u010dimi in mednarodnimi strankami ter smo zavezani k spodbujanju skupne rasti in uspeha.<\/p>\n<\/div>\n<\/div>\n<\/div>\n<\/div>\n<p><img loading=\"lazy\" decoding=\"async\" class=\"alignnone wp-image-3563\" src=\"https:\/\/fmp-components.com\/wp-content\/uploads\/2025\/01\/company-2.webp\" alt=\"podjetje\" width=\"873\" height=\"790\" title=\"\" srcset=\"https:\/\/fmp-components.com\/wp-content\/uploads\/2025\/01\/company-2.webp 873w, https:\/\/fmp-components.com\/wp-content\/uploads\/2025\/01\/company-2-480x435.webp 480w\" sizes=\"(min-width: 0px) and (max-width: 480px) 480px, (min-width: 481px) 873px, 100vw\" \/> <img loading=\"lazy\" decoding=\"async\" class=\"alignnone wp-image-3564\" src=\"https:\/\/fmp-components.com\/wp-content\/uploads\/2025\/01\/company-3.webp\" alt=\"podjetje\" width=\"873\" height=\"776\" title=\"\" srcset=\"https:\/\/fmp-components.com\/wp-content\/uploads\/2025\/01\/company-3.webp 873w, https:\/\/fmp-components.com\/wp-content\/uploads\/2025\/01\/company-3-480x427.webp 480w\" sizes=\"(min-width: 0px) and (max-width: 480px) 480px, (min-width: 481px) 873px, 100vw\" \/> <img loading=\"lazy\" decoding=\"async\" class=\"alignnone wp-image-3565\" src=\"https:\/\/fmp-components.com\/wp-content\/uploads\/2025\/01\/company-1.webp\" alt=\"podjetje\" width=\"877\" height=\"225\" title=\"\" srcset=\"https:\/\/fmp-components.com\/wp-content\/uploads\/2025\/01\/company-1.webp 877w, https:\/\/fmp-components.com\/wp-content\/uploads\/2025\/01\/company-1-480x123.webp 480w\" sizes=\"(min-width: 0px) and (max-width: 480px) 480px, (min-width: 481px) 877px, 100vw\" \/><\/p>\n<p>Avtor: CX<\/p>\n<\/div>","protected":false},"excerpt":{"rendered":"<p>Spindle Motor Applications Spindle motors are essential in various precision machining and manufacturing processes, driving the rotation of tools and enabling high-performance cutting, grinding, and milling operations. Commonly used in CNC machines, they offer high torque and speed control, making them ideal for applications that require tight tolerances and complex geometries. Their ability to provide [&hellip;]<\/p>","protected":false},"featured_media":3579,"comment_status":"open","ping_status":"closed","template":"","meta":{"_et_pb_use_builder":"","_et_pb_old_content":"","_et_gb_content_width":""},"product_brand":[],"product_cat":[89],"product_tag":[],"class_list":{"0":"post-3578","1":"product","2":"type-product","3":"status-publish","4":"has-post-thumbnail","6":"product_cat-spindle-motor","8":"first","9":"instock","10":"shipping-taxable","11":"product-type-simple"},"_links":{"self":[{"href":"https:\/\/fmp-components.com\/sl\/wp-json\/wp\/v2\/product\/3578","targetHints":{"allow":["GET"]}}],"collection":[{"href":"https:\/\/fmp-components.com\/sl\/wp-json\/wp\/v2\/product"}],"about":[{"href":"https:\/\/fmp-components.com\/sl\/wp-json\/wp\/v2\/types\/product"}],"replies":[{"embeddable":true,"href":"https:\/\/fmp-components.com\/sl\/wp-json\/wp\/v2\/comments?post=3578"}],"wp:featuredmedia":[{"embeddable":true,"href":"https:\/\/fmp-components.com\/sl\/wp-json\/wp\/v2\/media\/3579"}],"wp:attachment":[{"href":"https:\/\/fmp-components.com\/sl\/wp-json\/wp\/v2\/media?parent=3578"}],"wp:term":[{"taxonomy":"product_brand","embeddable":true,"href":"https:\/\/fmp-components.com\/sl\/wp-json\/wp\/v2\/product_brand?post=3578"},{"taxonomy":"product_cat","embeddable":true,"href":"https:\/\/fmp-components.com\/sl\/wp-json\/wp\/v2\/product_cat?post=3578"},{"taxonomy":"product_tag","embeddable":true,"href":"https:\/\/fmp-components.com\/sl\/wp-json\/wp\/v2\/product_tag?post=3578"}],"curies":[{"name":"delovni list","href":"https:\/\/api.w.org\/{rel}","templated":true}]}}