{"id":3569,"date":"2025-01-08T06:24:56","date_gmt":"2025-01-08T06:24:56","guid":{"rendered":"https:\/\/fmp-components.com\/?page_id=8"},"modified":"2025-01-08T07:57:44","modified_gmt":"2025-01-08T07:57:44","slug":"electrical-spindle-for-special-usage","status":"publish","type":"product","link":"https:\/\/fmp-components.com\/sl\/product\/electrical-spindle-for-special-usage\/","title":{"rendered":"Elektri\u010dno vreteno za posebno uporabo"},"content":{"rendered":"<p><img loading=\"lazy\" decoding=\"async\" class=\"size-full wp-image-3577 aligncenter\" src=\"https:\/\/fmp-components.com\/wp-content\/uploads\/2025\/01\/electrical-spindle-for-special-usage-2.webp\" alt=\"elektri\u010dno-vreteno-za-posebno-uporabo-2\" width=\"652\" height=\"256\" title=\"\" srcset=\"https:\/\/fmp-components.com\/wp-content\/uploads\/2025\/01\/electrical-spindle-for-special-usage-2.webp 652w, https:\/\/fmp-components.com\/wp-content\/uploads\/2025\/01\/electrical-spindle-for-special-usage-2-480x188.webp 480w\" sizes=\"(min-width: 0px) and (max-width: 480px) 480px, (min-width: 481px) 652px, 100vw\" \/>\u00a0<img loading=\"lazy\" decoding=\"async\" class=\"alignnone wp-image-3571\" src=\"https:\/\/fmp-components.com\/wp-content\/uploads\/2025\/01\/electrical-spindle-for-special-usage-3.webp\" alt=\"elektri\u010dno-vreteno-za-posebno-uporabo-3\" width=\"895\" height=\"87\" title=\"\" srcset=\"https:\/\/fmp-components.com\/wp-content\/uploads\/2025\/01\/electrical-spindle-for-special-usage-3.webp 895w, https:\/\/fmp-components.com\/wp-content\/uploads\/2025\/01\/electrical-spindle-for-special-usage-3-480x47.webp 480w\" sizes=\"(min-width: 0px) and (max-width: 480px) 480px, (min-width: 481px) 895px, 100vw\" \/><\/p>\n<p><img loading=\"lazy\" decoding=\"async\" class=\"size-full wp-image-3576 aligncenter\" src=\"https:\/\/fmp-components.com\/wp-content\/uploads\/2025\/01\/electrical-spindle-for-special-usage-4.webp\" alt=\"elektri\u010dno-vreteno-za-posebno-uporabo-4\" width=\"493\" height=\"246\" title=\"\" srcset=\"https:\/\/fmp-components.com\/wp-content\/uploads\/2025\/01\/electrical-spindle-for-special-usage-4.webp 493w, https:\/\/fmp-components.com\/wp-content\/uploads\/2025\/01\/electrical-spindle-for-special-usage-4-480x240.webp 480w\" sizes=\"(min-width: 0px) and (max-width: 480px) 480px, (min-width: 481px) 493px, 100vw\" \/> <img loading=\"lazy\" decoding=\"async\" class=\"alignnone wp-image-3572\" src=\"https:\/\/fmp-components.com\/wp-content\/uploads\/2025\/01\/electrical-spindle-for-special-usage-5.webp\" alt=\"elektri\u010dno-vreteno-za-posebno-uporabo-5\" width=\"922\" height=\"128\" title=\"\" srcset=\"https:\/\/fmp-components.com\/wp-content\/uploads\/2025\/01\/electrical-spindle-for-special-usage-5.webp 922w, https:\/\/fmp-components.com\/wp-content\/uploads\/2025\/01\/electrical-spindle-for-special-usage-5-480x67.webp 480w\" sizes=\"(min-width: 0px) and (max-width: 480px) 480px, (min-width: 481px) 922px, 100vw\" \/><\/p>\n<p>Primeri: Motorizirano vreteno JSZD120-12\/15 se uporablja predvsem za obdelavo majhnih delov iz barvnih kovin. Strankino lastnost podajalnega mehanizma, podajanje v votlo vreteno, sprednja elasti\u010dna vpenjalna cev, ni\u010delna obdelava. Ima nizko hrapavost, dobro dimenzijsko stabilnost in visoko u\u010dinkovitost.<\/p>\n<div class=\"flex max-w-full flex-col flex-grow\">\n<div class=\"min-h-8 text-message flex w-full flex-col items-end gap-2 whitespace-normal break-words text-start [.text-message+&amp;]:mt-5\" dir=\"auto\" data-message-author-role=\"assistant\" data-message-id=\"876c8b08-b709-4638-9f07-28b349cfff1a\" data-message-model-slug=\"gpt-4o\">\n<div class=\"flex w-full flex-col gap-1 empty:hidden first:pt-[3px]\">\n<div class=\"markdown prose w-full break-words dark:prose-invert light\">\n<h3>Prednosti elektri\u010dnega vretena za posebno uporabo<\/h3>\n<p>Elektri\u010dna vretena ponujajo ve\u010d izrazitih prednosti za specializirane aplikacije v panogah, kot so CNC obdelava, avtomatizacija in precizno in\u017eenirstvo. Spodaj so navedene klju\u010dne prednosti uporabe elektri\u010dnega vretena za posebno uporabo:<\/p>\n<ol>\n<li><strong>Visoka natan\u010dnost in to\u010dnost<\/strong><br \/>\nElektri\u010dna vretena so znana po svoji visoki natan\u010dnosti vrtenja, kar je klju\u010dnega pomena za specializirane aplikacije, ki zahtevajo majhne tolerance. Omogo\u010dajo natan\u010den nadzor nad hitrostjo in navorom, kar zagotavlja dosledno in natan\u010dno obdelavo ali operacije.<\/li>\n<li><strong>Kompaktna zasnova in prostorska u\u010dinkovitost<\/strong><br \/>\nElektri\u010dna vretena so obi\u010dajno bolj kompaktna kot tradicionalna mehanska vretena. Zaradi tega so idealna za aplikacije z omejenim prostorom, kjer je manj\u0161i odtis bistvenega pomena brez ogro\u017eanja zmogljivosti.<\/li>\n<li><strong>Izbolj\u0161an nadzor hitrosti in vsestranskost<\/strong><br \/>\nHitrost elektri\u010dnih vreten je mogo\u010de enostavno nadzorovati in prilagajati z elektronskimi krmilniki, kar ponuja \u0161irok razpon delovnih hitrosti. Ta prilagodljivost jim omogo\u010da, da se prilagodijo razli\u010dnim materialom in procesom obdelave, od visokohitrostnega rezanja do nizkohitrostnega bru\u0161enja.<\/li>\n<li><strong>Manj\u0161e vzdr\u017eevanje in dalj\u0161a \u017eivljenjska doba<\/strong><br \/>\nElektri\u010dna vretena imajo za razliko od mehanskih vreten manj gibljivih delov in ne potrebujejo kompleksnih zobni\u0161kih sistemov. To zmanj\u0161anje mehanske obrabe pomeni ni\u017eje stro\u0161ke vzdr\u017eevanja in dalj\u0161o \u017eivljenjsko dobo, zaradi \u010desar so zanesljivej\u0161a za dolgotrajno uporabo.<\/li>\n<li><strong>Izbolj\u0161ana u\u010dinkovitost<\/strong><br \/>\nElektri\u010dna vretena so energetsko u\u010dinkovitej\u0161a v primerjavi s tradicionalnimi vreteni, saj pretvarjajo elektri\u010dno energijo neposredno v rotacijsko gibanje z minimalnimi izgubami energije. To s\u010dasoma vodi do ni\u017ejih obratovalnih stro\u0161kov, zaradi \u010desar so stro\u0161kovno u\u010dinkovita re\u0161itev za posebne aplikacije z visokimi zahtevami.<\/li>\n<\/ol>\n<p>Na splo\u0161no elektri\u010dna vretena zagotavljajo izjemno zmogljivost, u\u010dinkovitost in prilagodljivost za posebne scenarije uporabe. Zaradi njihove natan\u010dnosti, zmanj\u0161anih zahtev po vzdr\u017eevanju in mo\u017enosti integracije v napredne sisteme so prednostna izbira v visokotehnolo\u0161kih panogah.<\/p>\n<h2>Izhod ima dva na\u010dina: eden je konstanten navor, drugi pa konstantna mo\u010d, kot je prikazano spodaj:<\/h2>\n<\/div>\n<\/div>\n<\/div>\n<\/div>\n<p><img loading=\"lazy\" decoding=\"async\" class=\"alignnone size-full wp-image-3573\" src=\"https:\/\/fmp-components.com\/wp-content\/uploads\/2025\/01\/spindle-motor-1.webp\" alt=\"vreteno-motor-1\" width=\"973\" height=\"551\" title=\"\" srcset=\"https:\/\/fmp-components.com\/wp-content\/uploads\/2025\/01\/spindle-motor-1.webp 973w, https:\/\/fmp-components.com\/wp-content\/uploads\/2025\/01\/spindle-motor-1-480x272.webp 480w\" sizes=\"(min-width: 0px) and (max-width: 480px) 480px, (min-width: 481px) 973px, 100vw\" \/><\/p>\n<h2>Nomenklatura Razlaga motornega vretena<\/h2>\n<p><img loading=\"lazy\" decoding=\"async\" class=\"alignnone size-full wp-image-3574\" src=\"https:\/\/fmp-components.com\/wp-content\/uploads\/2025\/01\/spindle-motor-2.webp\" alt=\"vreteno-motor-2\" width=\"666\" height=\"351\" title=\"\" srcset=\"https:\/\/fmp-components.com\/wp-content\/uploads\/2025\/01\/spindle-motor-2.webp 666w, https:\/\/fmp-components.com\/wp-content\/uploads\/2025\/01\/spindle-motor-2-480x253.webp 480w\" sizes=\"(min-width: 0px) and (max-width: 480px) 480px, (min-width: 481px) 666px, 100vw\" \/><\/p>\n<h2>Konec povezave vretena<\/h2>\n<p>Ima veliko razli\u010dnih vrst priklju\u010dkov, odvisno od modela vretena, glejte spodnjo tabelo.<\/p>\n<p><img loading=\"lazy\" decoding=\"async\" class=\"alignnone wp-image-3575\" src=\"https:\/\/fmp-components.com\/wp-content\/uploads\/2025\/01\/spindle-motor-3.webp\" alt=\"vreteno-motor-\" width=\"885\" height=\"231\" title=\"\" srcset=\"https:\/\/fmp-components.com\/wp-content\/uploads\/2025\/01\/spindle-motor-3.webp 885w, https:\/\/fmp-components.com\/wp-content\/uploads\/2025\/01\/spindle-motor-3-480x125.webp 480w\" sizes=\"(min-width: 0px) and (max-width: 480px) 480px, (min-width: 481px) 885px, 100vw\" \/><\/p>\n<h2>Navodila za vreteno<\/h2>\n<div><span id=\"spin1\">1<\/span>Frekven\u010dni pretvornik\u00a0<span id=\"spin2\">mora<\/span>\u00a0ujemanje\u00a0<span id=\"spin3\">elektri\u010dni<\/span>\u00a0Vretenasta enota.\u00a0<span id=\"spin4\">osnovno<\/span>\u00a0pogostost\u00a0<span id=\"spin5\">ali celo<\/span>\u00a0nazivna frekvenca\u00a0<span id=\"spin6\">kot tudi<\/span>\u00a0napetost\u00a0<span id=\"spin7\">bo moral<\/span>\u00a0izpolnjujejo tehni\u010dne parametre\u00a0<span id=\"spin8\">od<\/span>\u00a0<span id=\"spin9\">elektri\u010dni<\/span>\u00a0vreteno.<br \/>\n<span id=\"spin10\">2<\/span>.\u00a0<span id=\"spin11\">Elektri\u010dni<\/span>\u00a0vreteno\u00a0<span id=\"spin12\">je na splo\u0161no<\/span>\u00a0hlajeno s kro\u017ee\u010do vodo. Hladilna voda\u00a0<span id=\"spin13\">mora biti<\/span>\u00a0odporen proti rji in \u010dist s filtriranim filtrom. Ko\u00a0<span id=\"spin14\">pridobivanje<\/span>\u00a0voda, dovod\u00a0<span id=\"spin15\">mora biti<\/span>\u00a0<span id=\"spin16\">pod<\/span>\u00a0ta\u00a0<span id=\"spin17\">elektri\u010dni<\/span>\u00a0vreteno.<br \/>\n<span id=\"spin18\">tri<\/span>Kdaj\u00a0<span id=\"spin19\">delo z<\/span>\u00a0vreteno, mazano z oljno meglico,\u00a0<span id=\"spin20\">stres<\/span>\u00a0regulacijski ventil\u00a0<span id=\"spin21\">na<\/span>\u00a0oljna meglica\u00a0<span id=\"spin22\">pripomo\u010dek<\/span>\u00a0<span id=\"spin23\">bi moralo biti<\/span>\u00a0nastavljeno na 0,25~0,3 MPA megla\u00a0<span id=\"spin25\">tlak<\/span>\u00a0<span id=\"spin26\">bi moralo biti<\/span>\u00a00,1~0,2 MPa\u00a0<span id=\"spin28\">in<\/span>\u00a0<span id=\"spin29\">raznolikost<\/span>\u00a0kapljice olja\u00a0<span id=\"spin30\">mora biti<\/span>\u00a060\u201370 kapljic\/min.\u00a0<span id=\"spin31\">in tudi<\/span>\u00a0mazalno olje\u00a0<span id=\"spin32\">bi moralo biti<\/span>\u00a0olje za zvon ali turbinsko olje \u0161t.\u00a0<span id=\"spin33\">20<\/span>.<br \/>\n<span id=\"spin34\">\u0161tiri<\/span>. The\u00a0<span id=\"spin35\">hitrost<\/span>\u00a0<span id=\"spin36\">okoli<\/span>\u00a0motorizirano vreteno\u00a0<span id=\"spin37\">vodnik<\/span>\u00a0<span id=\"spin38\">je vsekakor<\/span>\u00a0najvi\u0161ji\u00a0<span id=\"spin39\">hitrost<\/span>in\u00a0<span id=\"spin40\">lahko<\/span>\u00a0ne biti\u00a0<span id=\"spin41\">povi\u0161an<\/span>,\u00a0<span id=\"spin42\">kljub temu,<\/span>\u00a0<span id=\"spin43\">morda<\/span>\u00a0<span id=\"spin44\">zaposlen<\/span>\u00a0<span id=\"spin45\">zmanj\u0161ati<\/span><br \/>\nta\u00a0<span id=\"spin46\">tempo,<\/span>\u00a0napetost in frekvenca sta\u00a0<span id=\"spin47\">zmanj\u0161ano<\/span>\u00a0<span id=\"spin48\">ko<\/span>\u00a0<span id=\"spin49\">hitrost<\/span>\u00a0je zni\u017eana.<br \/>\n<span id=\"spin50\">5<\/span>Vrtenje\u00a0<span id=\"spin51\">seveda<\/span>\u00a0<span id=\"spin52\">z<\/span>\u00a0motorizirano vreteno\u00a0<span id=\"spin53\">je obi\u010dajno<\/span>\u00a0v nasprotni smeri urinega kazalca (gledano\u00a0<span id=\"spin54\">v<\/span>\u00a0gredi). razen za\u00a0<span id=\"spin55\">ekskluzivno<\/span><br \/>\n<span id=\"spin56\">zahteve<\/span>.<br \/>\n<span id=\"spin57\">6<\/span>Motorizirano vreteno, mazano z oljno meglico\u00a0<span id=\"spin58\">mora biti<\/span>\u00a0<span id=\"spin59\">povezano<\/span>\u00a0z vodo in\u00a0<span id=\"spin60\">bencin<\/span>\u00a0<span id=\"spin61\">pred<\/span>\u00a0<span id=\"spin62\">bi lahko<\/span>\u00a0<span id=\"spin63\">za\u010deti<\/span>\u00a0in\u00a0<span id=\"spin64\">prenehati<\/span>\u00a0voda in\u00a0<span id=\"spin65\">gorivo\u00a0<\/span><span id=\"spin66\">oskrba<\/span>\u00a0<span id=\"spin67\">po<\/span>\u00a0izklop.<br \/>\nPojasnilo:\u00a0<span id=\"spin68\">edinstven<\/span>\u00a0operacija\u00a0<span id=\"spin69\">je potrebno<\/span>\u00a0<span id=\"spin70\">glede na<\/span>\u00a0<span id=\"spin71\">do<\/span>\u00a0<span id=\"spin72\">elektri\u010dni<\/span>\u00a0vreteno\u00a0<span id=\"spin73\">smernice<\/span>.<\/div>\n<div class=\"flex max-w-full flex-col flex-grow\">\n<div class=\"min-h-8 text-message flex w-full flex-col items-end gap-2 whitespace-normal break-words text-start [.text-message+&amp;]:mt-5\" dir=\"auto\" data-message-author-role=\"assistant\" data-message-id=\"fbdee532-4424-41b2-a093-d85f55f880e4\" data-message-model-slug=\"gpt-4o-mini\">\n<div class=\"flex w-full flex-col gap-1 empty:hidden first:pt-[3px]\">\n<div class=\"markdown prose w-full break-words dark:prose-invert light\">\n<h2>O FMP-ju<\/h2>\n<p>FMP je profesionalni proizvajalec, specializiran za proizvodnjo mehanskih komponent. Na\u0161i glavni izdelki vklju\u010dujejo spiralne sto\u017e\u010daste pol\u017easte reduktorje, zobnike, sto\u017e\u010daste pu\u0161e, zobate letve, sklopke in druge dele za menjalnike. Z mo\u010dnim izvoznim fokusom po\u0161ljemo na evropske trge, vklju\u010dno z Nem\u010dijo, Zdru\u017eenim kraljestvom in Francijo, ve\u010d kot 651 ton na\u0161ih izdelkov, s \u010dimer dose\u017eemo letni obseg izvoza v vi\u0161ini 15 ton 18 milijonov funtov. Na\u0161a skupna letna proizvodna vrednost dosega 200 milijonov RMB.<\/p>\n<p>Vsi izdelki FMP so izdelani v skladu z mednarodnimi, evropskimi in ameri\u0161kimi industrijskimi standardi. Uporabljamo natan\u010dno in visokokakovostno strojno opremo, izvajamo dobro na\u010drtovane proizvodne procese ter se dr\u017eimo u\u010dinkovitega in prilagodljivega sistema upravljanja. Na\u0161 celovit sistem vodenja kakovosti zagotavlja odli\u010dno kakovost izdelkov in konkuren\u010dne cene.<\/p>\n<p>FMP deluje po temeljnih na\u010delih \u00bbKakovost: temelj pre\u017eivetja podjetja, Integriteta: gonilna sila razvoja podjetja, Storitev: vir rasti podjetja in Cenovna dostopnost: klju\u010d do poslovnega uspeha.\u00ab Pozdravljamo tako doma\u010de kot mednarodne stranke in se veselimo sodelovanja za skupno rast in uspeh.<\/p>\n<\/div>\n<\/div>\n<\/div>\n<\/div>\n<p><img loading=\"lazy\" decoding=\"async\" class=\"alignnone wp-image-3563\" src=\"https:\/\/fmp-components.com\/wp-content\/uploads\/2025\/01\/company-2.webp\" alt=\"podjetje\" width=\"873\" height=\"790\" title=\"\" srcset=\"https:\/\/fmp-components.com\/wp-content\/uploads\/2025\/01\/company-2.webp 873w, https:\/\/fmp-components.com\/wp-content\/uploads\/2025\/01\/company-2-480x435.webp 480w\" sizes=\"(min-width: 0px) and (max-width: 480px) 480px, (min-width: 481px) 873px, 100vw\" \/> <img loading=\"lazy\" decoding=\"async\" class=\"alignnone wp-image-3564\" src=\"https:\/\/fmp-components.com\/wp-content\/uploads\/2025\/01\/company-3.webp\" alt=\"podjetje\" width=\"873\" height=\"776\" title=\"\" srcset=\"https:\/\/fmp-components.com\/wp-content\/uploads\/2025\/01\/company-3.webp 873w, https:\/\/fmp-components.com\/wp-content\/uploads\/2025\/01\/company-3-480x427.webp 480w\" sizes=\"(min-width: 0px) and (max-width: 480px) 480px, (min-width: 481px) 873px, 100vw\" \/> <img loading=\"lazy\" decoding=\"async\" class=\"alignnone wp-image-3565\" src=\"https:\/\/fmp-components.com\/wp-content\/uploads\/2025\/01\/company-1.webp\" alt=\"podjetje\" width=\"877\" height=\"225\" title=\"\" srcset=\"https:\/\/fmp-components.com\/wp-content\/uploads\/2025\/01\/company-1.webp 877w, https:\/\/fmp-components.com\/wp-content\/uploads\/2025\/01\/company-1-480x123.webp 480w\" sizes=\"(min-width: 0px) and (max-width: 480px) 480px, (min-width: 481px) 877px, 100vw\" \/><\/p>\n<p>Avtor: CX<\/p>","protected":false},"excerpt":{"rendered":"<p>\u00a0 Examples: JSZD120-12\/15 motorized spindle is mainly used for small parts processing of non-ferrous metals. Customers own\u3000feeding mechanism, spindle hollow feeding, front elastic clamping, processing zero. lt has low roughness\uff0c good dimensional\u3000stability, and high efficiency. Advantages of an Electrical Spindle for Special Usage Electrical spindles offer several distinct advantages for specialized applications in industries such [&hellip;]<\/p>","protected":false},"featured_media":3570,"comment_status":"open","ping_status":"closed","template":"","meta":{"_et_pb_use_builder":"","_et_pb_old_content":"","_et_gb_content_width":""},"product_brand":[],"product_cat":[88],"product_tag":[],"class_list":{"0":"post-3569","1":"product","2":"type-product","3":"status-publish","4":"has-post-thumbnail","6":"product_cat-stainless-steel-motors","8":"first","9":"instock","10":"shipping-taxable","11":"product-type-simple"},"_links":{"self":[{"href":"https:\/\/fmp-components.com\/sl\/wp-json\/wp\/v2\/product\/3569","targetHints":{"allow":["GET"]}}],"collection":[{"href":"https:\/\/fmp-components.com\/sl\/wp-json\/wp\/v2\/product"}],"about":[{"href":"https:\/\/fmp-components.com\/sl\/wp-json\/wp\/v2\/types\/product"}],"replies":[{"embeddable":true,"href":"https:\/\/fmp-components.com\/sl\/wp-json\/wp\/v2\/comments?post=3569"}],"wp:featuredmedia":[{"embeddable":true,"href":"https:\/\/fmp-components.com\/sl\/wp-json\/wp\/v2\/media\/3570"}],"wp:attachment":[{"href":"https:\/\/fmp-components.com\/sl\/wp-json\/wp\/v2\/media?parent=3569"}],"wp:term":[{"taxonomy":"product_brand","embeddable":true,"href":"https:\/\/fmp-components.com\/sl\/wp-json\/wp\/v2\/product_brand?post=3569"},{"taxonomy":"product_cat","embeddable":true,"href":"https:\/\/fmp-components.com\/sl\/wp-json\/wp\/v2\/product_cat?post=3569"},{"taxonomy":"product_tag","embeddable":true,"href":"https:\/\/fmp-components.com\/sl\/wp-json\/wp\/v2\/product_tag?post=3569"}],"curies":[{"name":"delovni list","href":"https:\/\/api.w.org\/{rel}","templated":true}]}}