{"id":3558,"date":"2025-01-08T05:55:51","date_gmt":"2025-01-08T05:55:51","guid":{"rendered":"https:\/\/fmp-components.com\/?page_id=8"},"modified":"2025-01-08T05:55:51","modified_gmt":"2025-01-08T05:55:51","slug":"iec-stainless-steel-motor-b3-foot-mounted-tenv","status":"publish","type":"product","link":"https:\/\/fmp-components.com\/sl\/product\/iec-stainless-steel-motor-b3-foot-mounted-tenv\/","title":{"rendered":"IEC motor iz nerjave\u010dega jekla B3, name\u0161\u010den na nogi - TENV"},"content":{"rendered":"<p><img loading=\"lazy\" decoding=\"async\" class=\"alignnone  wp-image-3560\" src=\"https:\/\/fmp-components.com\/wp-content\/uploads\/2025\/01\/fmp_2.stainless-steel-motor-2.webp\" alt=\"fmp_2.motor-iz-nerjave\u010dega-jekla-2\" width=\"910\" height=\"450\" title=\"\" srcset=\"https:\/\/fmp-components.com\/wp-content\/uploads\/2025\/01\/fmp_2.stainless-steel-motor-2.webp 910w, https:\/\/fmp-components.com\/wp-content\/uploads\/2025\/01\/fmp_2.stainless-steel-motor-2-480x237.webp 480w\" sizes=\"(min-width: 0px) and (max-width: 480px) 480px, (min-width: 481px) 910px, 100vw\" \/><\/p>\n<table style=\"width: 98.5196%;\" border=\"1\">\n<tbody>\n<tr>\n<td style=\"width: 14.0541%;\">Vrsta okvirja<\/td>\n<td style=\"width: 7.02703%;\">Poljaki<\/td>\n<td style=\"width: 4.86486%;\">A<\/td>\n<td style=\"width: 5.58559%;\">A\/2<\/td>\n<td style=\"width: 4.86486%;\">B<\/td>\n<td style=\"width: 3.42342%;\">C<\/td>\n<td style=\"width: 3.42342%;\">D<\/td>\n<td style=\"width: 3.42342%;\">E<\/td>\n<td style=\"width: 3.42342%;\">\u017d<\/td>\n<td style=\"width: 5.58559%;\">G<\/td>\n<td style=\"width: 3.42342%;\">H<\/td>\n<td style=\"width: 3.42342%;\">K.<\/td>\n<td style=\"width: 4.86486%;\">P<\/td>\n<td style=\"width: 12.4324%;\">Luknja za gred<\/td>\n<td style=\"width: 4.86486%;\">AB<\/td>\n<td style=\"width: 4.86486%;\">Klimatska naprava<\/td>\n<td style=\"width: 68.8288%;\">OGLAS<\/td>\n<\/tr>\n<tr>\n<td style=\"width: 14.0541%;\">63<\/td>\n<td style=\"width: 7.02703%;\">2, 4<\/td>\n<td style=\"width: 4.86486%;\">100<\/td>\n<td style=\"width: 5.58559%;\">50<\/td>\n<td style=\"width: 4.86486%;\">80<\/td>\n<td style=\"width: 3.42342%;\">40<\/td>\n<td style=\"width: 3.42342%;\">11<\/td>\n<td style=\"width: 3.42342%;\">23<\/td>\n<td style=\"width: 3.42342%;\">23<\/td>\n<td style=\"width: 5.58559%;\">8.5<\/td>\n<td style=\"width: 3.42342%;\">63<\/td>\n<td style=\"width: 3.42342%;\">7<\/td>\n<td style=\"width: 4.86486%;\">114<\/td>\n<td style=\"width: 12.4324%;\">M4<\/td>\n<td style=\"width: 4.86486%;\">125<\/td>\n<td style=\"width: 4.86486%;\">114<\/td>\n<td style=\"width: 68.8288%;\">117<\/td>\n<\/tr>\n<tr>\n<td style=\"width: 14.0541%;\">71<\/td>\n<td style=\"width: 7.02703%;\">2,4,6<\/td>\n<td style=\"width: 4.86486%;\">112<\/td>\n<td style=\"width: 5.58559%;\">56<\/td>\n<td style=\"width: 4.86486%;\">90<\/td>\n<td style=\"width: 3.42342%;\">45<\/td>\n<td style=\"width: 3.42342%;\">14<\/td>\n<td style=\"width: 3.42342%;\">30<\/td>\n<td style=\"width: 3.42342%;\">30<\/td>\n<td style=\"width: 5.58559%;\">11<\/td>\n<td style=\"width: 3.42342%;\">71<\/td>\n<td style=\"width: 3.42342%;\">7<\/td>\n<td style=\"width: 4.86486%;\">134<\/td>\n<td style=\"width: 12.4324%;\">M5<\/td>\n<td style=\"width: 4.86486%;\">140<\/td>\n<td style=\"width: 4.86486%;\">134<\/td>\n<td style=\"width: 68.8288%;\">129<\/td>\n<\/tr>\n<tr>\n<td style=\"width: 14.0541%;\">80<\/td>\n<td style=\"width: 7.02703%;\"><\/td>\n<td style=\"width: 4.86486%;\">125<\/td>\n<td style=\"width: 5.58559%;\">62.5<\/td>\n<td style=\"width: 4.86486%;\">100<\/td>\n<td style=\"width: 3.42342%;\">50<\/td>\n<td style=\"width: 3.42342%;\">19<\/td>\n<td style=\"width: 3.42342%;\">40<\/td>\n<td style=\"width: 3.42342%;\">40<\/td>\n<td style=\"width: 5.58559%;\">15.5<\/td>\n<td style=\"width: 3.42342%;\">80<\/td>\n<td style=\"width: 3.42342%;\">10<\/td>\n<td style=\"width: 4.86486%;\">144<\/td>\n<td style=\"width: 12.4324%;\">M6<\/td>\n<td style=\"width: 4.86486%;\">150<\/td>\n<td style=\"width: 4.86486%;\">144<\/td>\n<td style=\"width: 68.8288%;\">135<\/td>\n<\/tr>\n<tr>\n<td style=\"width: 14.0541%;\">90-ih<\/td>\n<td style=\"width: 7.02703%;\"><\/td>\n<td style=\"width: 4.86486%;\">140<\/td>\n<td style=\"width: 5.58559%;\">70<\/td>\n<td style=\"width: 4.86486%;\">100<\/td>\n<td style=\"width: 3.42342%;\">56<\/td>\n<td style=\"width: 3.42342%;\">24<\/td>\n<td style=\"width: 3.42342%;\">50<\/td>\n<td style=\"width: 3.42342%;\">50<\/td>\n<td style=\"width: 5.58559%;\">20<\/td>\n<td style=\"width: 3.42342%;\">90<\/td>\n<td style=\"width: 3.42342%;\">9<\/td>\n<td style=\"width: 4.86486%;\">164<\/td>\n<td style=\"width: 12.4324%;\">M8<\/td>\n<td style=\"width: 4.86486%;\">164<\/td>\n<td style=\"width: 4.86486%;\">164<\/td>\n<td style=\"width: 68.8288%;\">147<\/td>\n<\/tr>\n<\/tbody>\n<\/table>\n<h2>Specifikacije motorja iz nerjave\u010dega jekla IEC<\/h2>\n<table style=\"width: 98.4738%;\" border=\"1\">\n<tbody>\n<tr>\n<td style=\"width: 14.4262%;\">Okvir<\/td>\n<td style=\"width: 24.918%;\">KW<\/td>\n<td style=\"width: 46.8852%;\">Monta\u017ea<\/td>\n<td style=\"width: 209.18%;\">IP-naslov<\/td>\n<\/tr>\n<tr>\n<td style=\"width: 14.4262%;\">63<\/td>\n<td style=\"width: 24.918%;\">0.18<\/td>\n<td style=\"width: 46.8852%;\" rowspan=\"7\">B3, B5, B14, B34, B35<\/td>\n<td style=\"width: 209.18%;\" rowspan=\"7\">IP55<\/td>\n<\/tr>\n<tr>\n<td style=\"width: 14.4262%;\">71<\/td>\n<td style=\"width: 24.918%;\">0,25, 0,37<\/td>\n<\/tr>\n<tr>\n<td style=\"width: 14.4262%;\">80<\/td>\n<td style=\"width: 24.918%;\">0,55, 0,75<\/td>\n<\/tr>\n<tr>\n<td style=\"width: 14.4262%;\">90<\/td>\n<td style=\"width: 24.918%;\">1,1, 1,5<\/td>\n<\/tr>\n<tr>\n<td style=\"width: 14.4262%;\">100<\/td>\n<td style=\"width: 24.918%;\">2,2, 3,0<\/td>\n<\/tr>\n<tr>\n<td style=\"width: 14.4262%;\">112<\/td>\n<td style=\"width: 24.918%;\">4.0<\/td>\n<\/tr>\n<tr>\n<td style=\"width: 14.4262%;\">1332<\/td>\n<td style=\"width: 24.918%;\">5,5, 7,5<\/td>\n<\/tr>\n<\/tbody>\n<\/table>\n<p>Na voljo je tudi, \u010de imate kakr\u0161ne koli posebne zahteve za motor.<\/p>\n<h2>Zna\u010dilnosti motorja iz nerjave\u010dega jekla IEC<\/h2>\n<p>Servo motor iz nerjave\u010dega jekla, stati\u010dni navor od 0,45 do 20 Nm, najve\u010dji navor 64 Nm<br \/>\nServo reduktor iz nerjave\u010dega jekla s planetnim ali sto\u017e\u010dastim zobnikom<br \/>\nOhi\u0161je je izdelano iz nerjave\u010dega jekla V2a 1.4301 (AISI 304) ali V4A 1.4404 (AISI 316L) ali iz eloksiranega aluminija.<br \/>\nPovr\u0161inska in prirobni\u010dna monta\u017ea (imb5, IMB14)<br \/>\nStopnja za\u0161\u010dite do ip66k \/ ip69k v pogojih izpiranja<br \/>\nVeliko obmo\u010dje regulacije hitrosti<br \/>\nCertifikat UL\/CSA<br \/>\nCertifikat EHEDG je v teku (predvidoma leta 2022)<br \/>\nPovratne informacije z uporabo resolverja ali predgovora, EnDat ali kodirnika posnetka pogona<br \/>\nTehnologija enega kabla (OCT)<br \/>\nMo\u017enosti zaviranja<br \/>\nServo motor na izmeni\u010dni tok, servo motor na enosmerni tok in asinhronski motor na izmeni\u010dni tok<br \/>\nDecentraliziran servo motor z integriranim servo krmilnikom<br \/>\nDobavljeno s servo krmilnikom ali frekven\u010dnim pretvornikom<br \/>\nOblikovanje po meri<\/p>\n<h2>Sorodni motor iz nerjave\u010dega jekla<\/h2>\n<table style=\"width: 100%;\" border=\"1\" width=\"100%\" cellspacing=\"0\" cellpadding=\"0\">\n<tbody>\n<tr>\n<td style=\"width: 26.8899%;\" align=\"right\" width=\"64\" height=\"18\"><img loading=\"lazy\" decoding=\"async\" class=\"alignnone size-full wp-image-3507\" src=\"https:\/\/fmp-components.com\/wp-content\/uploads\/2025\/01\/ep_stainless-steel-motor-1.webp\" sizes=\"(max-width: 379px) 100vw, 379px\" srcset=\"https:\/\/fmp-components.com\/wp-content\/uploads\/2025\/01\/ep_stainless-steel-motor-1.webp 379w, https:\/\/fmp-components.com\/wp-content\/uploads\/2025\/01\/ep_stainless-steel-motor-1-300x200.webp 300w, https:\/\/fmp-components.com\/wp-content\/uploads\/2025\/01\/ep_stainless-steel-motor-1-18x12.webp 18w\" alt=\"motor iz nerjave\u010dega jekla\" width=\"379\" height=\"253\" title=\"\"><\/td>\n<td style=\"width: 26.9977%;\" align=\"right\" width=\"64\"><img loading=\"lazy\" decoding=\"async\" class=\"alignnone size-full wp-image-3508\" src=\"https:\/\/fmp-components.com\/wp-content\/uploads\/2025\/01\/ep_stainless-steel-motor-2-2.webp\" sizes=\"(max-width: 379px) 100vw, 379px\" srcset=\"https:\/\/fmp-components.com\/wp-content\/uploads\/2025\/01\/ep_stainless-steel-motor-2-2.webp 379w, https:\/\/fmp-components.com\/wp-content\/uploads\/2025\/01\/ep_stainless-steel-motor-2-2-300x200.webp 300w, https:\/\/fmp-components.com\/wp-content\/uploads\/2025\/01\/ep_stainless-steel-motor-2-2-18x12.webp 18w\" alt=\"motor iz nerjave\u010dega jekla\" width=\"379\" height=\"253\" title=\"\"><\/td>\n<td style=\"width: 23.2182%;\" align=\"right\" width=\"64\"><img loading=\"lazy\" decoding=\"async\" class=\"alignnone size-full wp-image-3509\" src=\"https:\/\/fmp-components.com\/wp-content\/uploads\/2025\/01\/ep_stainless-steel-motor-6.webp\" sizes=\"(max-width: 379px) 100vw, 379px\" srcset=\"https:\/\/fmp-components.com\/wp-content\/uploads\/2025\/01\/ep_stainless-steel-motor-6.webp 379w, https:\/\/fmp-components.com\/wp-content\/uploads\/2025\/01\/ep_stainless-steel-motor-6-300x200.webp 300w, https:\/\/fmp-components.com\/wp-content\/uploads\/2025\/01\/ep_stainless-steel-motor-6-18x12.webp 18w\" alt=\"motor iz nerjave\u010dega jekla\" width=\"379\" height=\"253\" title=\"\"><\/td>\n<td style=\"width: 22.6782%;\" align=\"right\" width=\"64\"><img loading=\"lazy\" decoding=\"async\" class=\"alignnone size-full wp-image-3510\" src=\"https:\/\/fmp-components.com\/wp-content\/uploads\/2025\/01\/ep_stainless-steel-motor-300x200-1.webp\" sizes=\"(max-width: 300px) 100vw, 300px\" srcset=\"https:\/\/fmp-components.com\/wp-content\/uploads\/2025\/01\/ep_stainless-steel-motor-300x200-1.webp 300w, https:\/\/fmp-components.com\/wp-content\/uploads\/2025\/01\/ep_stainless-steel-motor-300x200-1-18x12.webp 18w\" alt=\"motor iz nerjave\u010dega jekla\" width=\"300\" height=\"200\" title=\"\"><\/td>\n<\/tr>\n<tr>\n<td style=\"width: 26.8899%;\" align=\"right\" height=\"18\">Motor s permanentnim magnetom iz nerjave\u010dega jekla<\/td>\n<td style=\"width: 26.9977%;\" align=\"right\">Vodno hlajen motor iz nerjave\u010dega jekla<\/td>\n<td style=\"width: 23.2182%;\" align=\"right\">Elektromotor za \u017eivilsko industrijo<\/td>\n<td style=\"width: 22.6782%;\" align=\"right\">Motor iz nerjave\u010dega jekla<\/td>\n<\/tr>\n<tr>\n<td style=\"width: 26.8899%;\" align=\"right\" height=\"18\"><img loading=\"lazy\" decoding=\"async\" class=\"alignnone size-full wp-image-3511\" src=\"https:\/\/fmp-components.com\/wp-content\/uploads\/2025\/01\/ep_stainless-steel-motor-4.webp\" sizes=\"(max-width: 379px) 100vw, 379px\" srcset=\"https:\/\/fmp-components.com\/wp-content\/uploads\/2025\/01\/ep_stainless-steel-motor-4.webp 379w, https:\/\/fmp-components.com\/wp-content\/uploads\/2025\/01\/ep_stainless-steel-motor-4-300x200.webp 300w, https:\/\/fmp-components.com\/wp-content\/uploads\/2025\/01\/ep_stainless-steel-motor-4-18x12.webp 18w\" alt=\"motor iz nerjave\u010dega jekla\" width=\"379\" height=\"253\" title=\"\"><\/td>\n<td style=\"width: 26.9977%;\" align=\"right\"><img loading=\"lazy\" decoding=\"async\" class=\"alignnone size-full wp-image-3512\" src=\"https:\/\/fmp-components.com\/wp-content\/uploads\/2025\/01\/ep_stainless-steel-motor-3.webp\" sizes=\"(max-width: 379px) 100vw, 379px\" srcset=\"https:\/\/fmp-components.com\/wp-content\/uploads\/2025\/01\/ep_stainless-steel-motor-3.webp 379w, https:\/\/fmp-components.com\/wp-content\/uploads\/2025\/01\/ep_stainless-steel-motor-3-300x200.webp 300w, https:\/\/fmp-components.com\/wp-content\/uploads\/2025\/01\/ep_stainless-steel-motor-3-18x12.webp 18w\" alt=\"motor iz nerjave\u010dega jekla\" width=\"379\" height=\"253\" title=\"\"><\/td>\n<td style=\"width: 23.2182%;\" align=\"right\"><img loading=\"lazy\" decoding=\"async\" class=\"alignnone size-full wp-image-3513\" src=\"https:\/\/fmp-components.com\/wp-content\/uploads\/2025\/01\/ep_stainless-steel-motor-5.webp\" sizes=\"(max-width: 379px) 100vw, 379px\" srcset=\"https:\/\/fmp-components.com\/wp-content\/uploads\/2025\/01\/ep_stainless-steel-motor-5.webp 379w, https:\/\/fmp-components.com\/wp-content\/uploads\/2025\/01\/ep_stainless-steel-motor-5-300x200.webp 300w, https:\/\/fmp-components.com\/wp-content\/uploads\/2025\/01\/ep_stainless-steel-motor-5-18x12.webp 18w\" alt=\"motor iz nerjave\u010dega jekla\" width=\"379\" height=\"253\" title=\"\"><\/td>\n<td style=\"width: 22.6782%;\" align=\"right\"><img loading=\"lazy\" decoding=\"async\" class=\"alignnone size-full wp-image-3514\" src=\"https:\/\/fmp-components.com\/wp-content\/uploads\/2025\/01\/ep_stainless-steel-motor-6-1.webp\" sizes=\"(max-width: 379px) 100vw, 379px\" srcset=\"https:\/\/fmp-components.com\/wp-content\/uploads\/2025\/01\/ep_stainless-steel-motor-6-1.webp 379w, https:\/\/fmp-components.com\/wp-content\/uploads\/2025\/01\/ep_stainless-steel-motor-6-1-300x200.webp 300w, https:\/\/fmp-components.com\/wp-content\/uploads\/2025\/01\/ep_stainless-steel-motor-6-1-18x12.webp 18w\" alt=\"motor iz nerjave\u010dega jekla\" width=\"379\" height=\"253\" title=\"\"><\/td>\n<\/tr>\n<tr>\n<td style=\"width: 26.8899%;\" align=\"right\" height=\"18\">IEC emulgirani stroji za \u017eivila AC motor<\/td>\n<td style=\"width: 26.9977%;\" align=\"right\">Asinhronski motor NEMA 56C<\/td>\n<td style=\"width: 23.2182%;\" align=\"right\">IEC AC motor iz nerjave\u010dega jekla<\/td>\n<td style=\"width: 22.6782%;\">Visoko u\u010dinkovit motor iz nerjave\u010dega jekla IEC<\/td>\n<\/tr>\n<tr>\n<td style=\"width: 26.8899%;\" align=\"right\" width=\"64\" height=\"18\"><img loading=\"lazy\" decoding=\"async\" class=\"alignnone size-full wp-image-3515\" src=\"https:\/\/fmp-components.com\/wp-content\/uploads\/2025\/01\/ep_stainless-steel-motor-2.webp\" sizes=\"(max-width: 379px) 100vw, 379px\" srcset=\"https:\/\/fmp-components.com\/wp-content\/uploads\/2025\/01\/ep_stainless-steel-motor-2.webp 379w, https:\/\/fmp-components.com\/wp-content\/uploads\/2025\/01\/ep_stainless-steel-motor-2-300x200.webp 300w, https:\/\/fmp-components.com\/wp-content\/uploads\/2025\/01\/ep_stainless-steel-motor-2-18x12.webp 18w\" alt=\"motor iz nerjave\u010dega jekla\" width=\"379\" height=\"253\" title=\"\"><\/td>\n<td style=\"width: 26.9977%;\" align=\"right\" width=\"64\"><img loading=\"lazy\" decoding=\"async\" class=\"alignnone size-full wp-image-3516\" src=\"https:\/\/fmp-components.com\/wp-content\/uploads\/2025\/01\/ep_stainless-steel-motor-8.webp\" sizes=\"(max-width: 379px) 100vw, 379px\" srcset=\"https:\/\/fmp-components.com\/wp-content\/uploads\/2025\/01\/ep_stainless-steel-motor-8.webp 379w, https:\/\/fmp-components.com\/wp-content\/uploads\/2025\/01\/ep_stainless-steel-motor-8-300x200.webp 300w, https:\/\/fmp-components.com\/wp-content\/uploads\/2025\/01\/ep_stainless-steel-motor-8-18x12.webp 18w\" alt=\"motor iz nerjave\u010dega jekla\" width=\"379\" height=\"253\" title=\"\"><\/td>\n<td style=\"width: 23.2182%;\" align=\"right\" width=\"64\"><img loading=\"lazy\" decoding=\"async\" class=\"alignnone size-full wp-image-3517\" src=\"https:\/\/fmp-components.com\/wp-content\/uploads\/2025\/01\/ep_stainless-steel-motor-7.webp\" sizes=\"(max-width: 379px) 100vw, 379px\" srcset=\"https:\/\/fmp-components.com\/wp-content\/uploads\/2025\/01\/ep_stainless-steel-motor-7.webp 379w, https:\/\/fmp-components.com\/wp-content\/uploads\/2025\/01\/ep_stainless-steel-motor-7-300x200.webp 300w, https:\/\/fmp-components.com\/wp-content\/uploads\/2025\/01\/ep_stainless-steel-motor-7-18x12.webp 18w\" alt=\"motor iz nerjave\u010dega jekla\" width=\"379\" height=\"253\" title=\"\"><\/td>\n<td style=\"width: 22.6782%;\" align=\"right\" width=\"64\"><\/td>\n<\/tr>\n<tr>\n<td style=\"width: 26.8899%;\" align=\"right\" height=\"18\">Motor za depilacijo pi\u0161\u010dancev in rac<\/td>\n<td style=\"width: 26.9977%;\" align=\"right\">Motor iz nerjave\u010dega jekla NEMA \u017eivilske kakovosti<\/td>\n<td style=\"width: 23.2182%;\" align=\"right\">Motor iz nerjave\u010dega jekla IEC \u017eivilske kakovosti<\/td>\n<td style=\"width: 22.6782%;\" align=\"right\"><\/td>\n<\/tr>\n<\/tbody>\n<\/table>\n<h2>O FMP-ju<\/h2>\n<p>FMP je nacionalno visokotehnolo\u0161ko podjetje, specializirano za na\u010drtovanje, razvoj in proizvodnjo naprednih motorjev in elektromehanskih re\u0161itev. Osredoto\u010deni smo na proizvodnjo motorjev serije YE2, YE3 in YE4, skupaj z vrsto izpeljanih izdelkov. Na\u0161a ponudba izdelkov vklju\u010duje tudi trifazne in enofazne motorje za hidravli\u010dne \u010drpalke, motorje z aluminijastim ohi\u0161jem, nestandardne motorje za hidravli\u010dne \u010drpalke, elektromehanske integrirane turbinske reduktorje in druge specializirane motorje.<\/p>\n<p>Izdelki podjetja FMP se pogosto uporabljajo v industrijski avtomatizaciji in slu\u017eijo klju\u010dnim sektorjem, kot so CNC stru\u017enice, stroji za izdelavo \u010devljev, stroji za obdelavo lesa, stroji za obdelavo kovin, stroji za plastiko in gradbeni stroji. Z mo\u010dno zavezanostjo inovacijam in kakovosti FMP zagotavlja, da vsi izdelki izpolnjujejo najvi\u0161je standarde delovanja.<\/p>\n<p>Poleg na\u0161e celovite ponudbe izdelkov smo ponosni, da ponujamo tudi re\u0161itve po meri, prilagojene specifi\u010dnim potrebam na\u0161ih strank. Ne glede na to, ali potrebujete specializirane motorje, nestandardne izdelke ali integrirane sisteme, FMP tesno sodeluje s strankami, da bi jim zagotovil visokokakovostne re\u0161itve po meri. Na\u0161 poudarek na natan\u010dnem in\u017eenirstvu in zadovoljstvu strank je gonilna sila na\u0161ega nadaljnjega uspeha na svetovnih trgih.<\/p>\n<p>V podjetju FMP smo predani gradnji dolgoro\u010dnih, obojestransko koristnih partnerstev in podpiramo uspeh na\u0161ih strank pri vsakem projektu.<\/p>\n<table style=\"width: 100.629%;\" border=\"0\" width=\"128\" cellspacing=\"0\" cellpadding=\"0\">\n<tbody>\n<tr>\n<td style=\"width: 49.2308%;\" align=\"right\" width=\"64\" height=\"18\"><img loading=\"lazy\" decoding=\"async\" class=\"alignnone size-full wp-image-3398\" src=\"https:\/\/fmp-components.com\/wp-content\/uploads\/2025\/01\/Three-Phase-Motor-Factory.webp\" sizes=\"(min-width: 0px) and (max-width: 480px) 480px, (min-width: 481px) 900px, 100vw\" srcset=\"https:\/\/fmp-components.com\/wp-content\/uploads\/2025\/01\/Three-Phase-Motor-Factory.webp 900w, https:\/\/fmp-components.com\/wp-content\/uploads\/2025\/01\/Three-Phase-Motor-Factory-480x320.webp 480w\" alt=\"Tovarna trifaznih motorjev\" width=\"900\" height=\"600\" title=\"\"><\/td>\n<td style=\"width: 659.231%;\" align=\"right\" width=\"64\"><img loading=\"lazy\" decoding=\"async\" class=\"alignnone size-full wp-image-3399\" src=\"https:\/\/fmp-components.com\/wp-content\/uploads\/2025\/01\/Three-Phase-Motor-Factory-2.webp\" sizes=\"(min-width: 0px) and (max-width: 480px) 480px, (min-width: 481px) 900px, 100vw\" srcset=\"https:\/\/fmp-components.com\/wp-content\/uploads\/2025\/01\/Three-Phase-Motor-Factory-2.webp 900w, https:\/\/fmp-components.com\/wp-content\/uploads\/2025\/01\/Three-Phase-Motor-Factory-2-480x320.webp 480w\" alt=\"Tovarna trifaznih motorjev 2\" width=\"900\" height=\"600\" title=\"\"><\/td>\n<\/tr>\n<tr>\n<td style=\"width: 49.2308%;\" align=\"right\" height=\"18\"><img loading=\"lazy\" decoding=\"async\" class=\"alignnone size-full wp-image-3400\" src=\"https:\/\/fmp-components.com\/wp-content\/uploads\/2025\/01\/China-Three-Phase-Motor-Factory-1.webp\" sizes=\"(min-width: 0px) and (max-width: 480px) 480px, (min-width: 481px) 900px, 100vw\" srcset=\"https:\/\/fmp-components.com\/wp-content\/uploads\/2025\/01\/China-Three-Phase-Motor-Factory-1.webp 900w, https:\/\/fmp-components.com\/wp-content\/uploads\/2025\/01\/China-Three-Phase-Motor-Factory-1-480x320.webp 480w\" alt=\"Tovarna trifaznih motorjev 1\" width=\"900\" height=\"600\" title=\"\"><\/td>\n<td style=\"width: 659.231%;\" align=\"right\"><img loading=\"lazy\" decoding=\"async\" class=\"alignnone size-full wp-image-3401\" src=\"https:\/\/fmp-components.com\/wp-content\/uploads\/2025\/01\/Three-Phase-Motor-Factory-3.webp\" sizes=\"(min-width: 0px) and (max-width: 480px) 480px, (min-width: 481px) 900px, 100vw\" srcset=\"https:\/\/fmp-components.com\/wp-content\/uploads\/2025\/01\/Three-Phase-Motor-Factory-3.webp 900w, https:\/\/fmp-components.com\/wp-content\/uploads\/2025\/01\/Three-Phase-Motor-Factory-3-480x320.webp 480w\" alt=\"Tovarna trifaznih motorjev 3\" width=\"900\" height=\"600\" title=\"\"><\/td>\n<\/tr>\n<tr>\n<td style=\"width: 49.2308%;\"><img loading=\"lazy\" decoding=\"async\" class=\"alignnone size-full wp-image-3471\" src=\"https:\/\/fmp-components.com\/wp-content\/uploads\/2025\/01\/Single-Phase-Induction-Motor-Suppliers.webp\" sizes=\"(min-width: 0px) and (max-width: 480px) 480px, (min-width: 481px) 900px, 100vw\" srcset=\"https:\/\/fmp-components.com\/wp-content\/uploads\/2025\/01\/Single-Phase-Induction-Motor-Suppliers.webp 900w, https:\/\/fmp-components.com\/wp-content\/uploads\/2025\/01\/Single-Phase-Induction-Motor-Suppliers-480x320.webp 480w\" alt=\"Dobavitelji enofaznih indukcijskih motorjev\" width=\"900\" height=\"600\" title=\"\"><\/td>\n<td style=\"width: 659.231%;\"><img loading=\"lazy\" decoding=\"async\" class=\"alignnone size-full wp-image-3470\" src=\"https:\/\/fmp-components.com\/wp-content\/uploads\/2025\/01\/Single-Phase-Induction-Motor-Manufacturers-1.webp\" sizes=\"(min-width: 0px) and (max-width: 480px) 480px, (min-width: 481px) 900px, 100vw\" srcset=\"https:\/\/fmp-components.com\/wp-content\/uploads\/2025\/01\/Single-Phase-Induction-Motor-Manufacturers-1.webp 900w, https:\/\/fmp-components.com\/wp-content\/uploads\/2025\/01\/Single-Phase-Induction-Motor-Manufacturers-1-480x320.webp 480w\" alt=\"Proizvajalci enofaznih indukcijskih motorjev 1\" width=\"900\" height=\"600\" title=\"\"><\/td>\n<\/tr>\n<tr>\n<td style=\"width: 49.2308%;\"><img loading=\"lazy\" decoding=\"async\" class=\"alignnone size-full wp-image-3472\" src=\"https:\/\/fmp-components.com\/wp-content\/uploads\/2025\/01\/Single-Phase-Induction-Motor-Manufacturers.webp\" sizes=\"(min-width: 0px) and (max-width: 480px) 480px, (min-width: 481px) 900px, 100vw\" srcset=\"https:\/\/fmp-components.com\/wp-content\/uploads\/2025\/01\/Single-Phase-Induction-Motor-Manufacturers.webp 900w, https:\/\/fmp-components.com\/wp-content\/uploads\/2025\/01\/Single-Phase-Induction-Motor-Manufacturers-480x320.webp 480w\" alt=\"Proizvajalci enofaznih indukcijskih motorjev\" width=\"900\" height=\"600\" title=\"\"><\/td>\n<td style=\"width: 659.231%;\"><img loading=\"lazy\" decoding=\"async\" class=\"alignnone size-full wp-image-3473\" src=\"https:\/\/fmp-components.com\/wp-content\/uploads\/2025\/01\/Single-Phase-Induction-Motor-for-Sale.webp\" sizes=\"(min-width: 0px) and (max-width: 480px) 480px, (min-width: 481px) 900px, 100vw\" srcset=\"https:\/\/fmp-components.com\/wp-content\/uploads\/2025\/01\/Single-Phase-Induction-Motor-for-Sale.webp 900w, https:\/\/fmp-components.com\/wp-content\/uploads\/2025\/01\/Single-Phase-Induction-Motor-for-Sale-480x320.webp 480w\" alt=\"Enofazni indukcijski motor naprodaj\" width=\"900\" height=\"600\" title=\"\"><\/td>\n<\/tr>\n<\/tbody>\n<\/table>\n<p>Avtor: CX<\/p>\n<p>&nbsp;<\/p>","protected":false},"excerpt":{"rendered":"<p>Frame Type Poles A A\/2 B C D E F G H K P Shaft Hole AB AC AD 63 2, 4 100 50 80 40 11 23 23 8.5 63 7 114 M4 125 114 117 71 2,4,6 112 56 90 45 14 30 30 11 71 7 134 M5 140 134 129 80 [&hellip;]<\/p>","protected":false},"featured_media":3559,"comment_status":"open","ping_status":"closed","template":"","meta":{"_et_pb_use_builder":"","_et_pb_old_content":"","_et_gb_content_width":""},"product_brand":[],"product_cat":[88],"product_tag":[],"class_list":{"0":"post-3558","1":"product","2":"type-product","3":"status-publish","4":"has-post-thumbnail","6":"product_cat-stainless-steel-motors","8":"first","9":"instock","10":"shipping-taxable","11":"product-type-simple"},"_links":{"self":[{"href":"https:\/\/fmp-components.com\/sl\/wp-json\/wp\/v2\/product\/3558","targetHints":{"allow":["GET"]}}],"collection":[{"href":"https:\/\/fmp-components.com\/sl\/wp-json\/wp\/v2\/product"}],"about":[{"href":"https:\/\/fmp-components.com\/sl\/wp-json\/wp\/v2\/types\/product"}],"replies":[{"embeddable":true,"href":"https:\/\/fmp-components.com\/sl\/wp-json\/wp\/v2\/comments?post=3558"}],"wp:featuredmedia":[{"embeddable":true,"href":"https:\/\/fmp-components.com\/sl\/wp-json\/wp\/v2\/media\/3559"}],"wp:attachment":[{"href":"https:\/\/fmp-components.com\/sl\/wp-json\/wp\/v2\/media?parent=3558"}],"wp:term":[{"taxonomy":"product_brand","embeddable":true,"href":"https:\/\/fmp-components.com\/sl\/wp-json\/wp\/v2\/product_brand?post=3558"},{"taxonomy":"product_cat","embeddable":true,"href":"https:\/\/fmp-components.com\/sl\/wp-json\/wp\/v2\/product_cat?post=3558"},{"taxonomy":"product_tag","embeddable":true,"href":"https:\/\/fmp-components.com\/sl\/wp-json\/wp\/v2\/product_tag?post=3558"}],"curies":[{"name":"delovni list","href":"https:\/\/api.w.org\/{rel}","templated":true}]}}