{"id":3554,"date":"2025-01-08T05:47:39","date_gmt":"2025-01-08T05:47:39","guid":{"rendered":"https:\/\/fmp-components.com\/?page_id=8"},"modified":"2025-01-08T05:47:39","modified_gmt":"2025-01-08T05:47:39","slug":"iec-b14-face-mounted-stainless-steel-motor-tenv","status":"publish","type":"product","link":"https:\/\/fmp-components.com\/sl\/product\/iec-b14-face-mounted-stainless-steel-motor-tenv\/","title":{"rendered":"IEC B14 motor iz nerjave\u010dega jekla, name\u0161\u010den na sprednji strani -TENV"},"content":{"rendered":"<p><img loading=\"lazy\" decoding=\"async\" class=\"size-full wp-image-3556 aligncenter\" src=\"https:\/\/fmp-components.com\/wp-content\/uploads\/2025\/01\/fmp_1.stainless-steel-motor-2.webp\" alt=\"fmp_1.motor-iz-nerjave\u010dega-jekla-2\" width=\"798\" height=\"373\" title=\"\" srcset=\"https:\/\/fmp-components.com\/wp-content\/uploads\/2025\/01\/fmp_1.stainless-steel-motor-2.webp 798w, https:\/\/fmp-components.com\/wp-content\/uploads\/2025\/01\/fmp_1.stainless-steel-motor-2-480x224.webp 480w\" sizes=\"(min-width: 0px) and (max-width: 480px) 480px, (min-width: 481px) 798px, 100vw\" \/><\/p>\n<table style=\"width: 99.7231%;\" border=\"1\">\n<tbody>\n<tr>\n<td style=\"width: 12.2066%;\">Vrsta okvirja<\/td>\n<td style=\"width: 12.0501%;\">Vrsta prirobnice<\/td>\n<td style=\"width: 6.10329%;\">Poljaki<\/td>\n<td style=\"width: 2.9734%;\">D<\/td>\n<td style=\"width: 2.9734%;\">E<\/td>\n<td style=\"width: 1.87793%;\">\u017d<\/td>\n<td style=\"width: 4.22535%;\">G<\/td>\n<td style=\"width: 4.22535%;\">M<\/td>\n<td style=\"width: 2.9734%;\">S<\/td>\n<td style=\"width: 4.22535%;\">P<\/td>\n<td style=\"width: 2.19092%;\">R<\/td>\n<td style=\"width: 3.59937%;\">S<\/td>\n<td style=\"width: 3.59937%;\">T<\/td>\n<td style=\"width: 12.3631%;\">Prirobni\u010dna luknja<\/td>\n<td style=\"width: 10.7981%;\">Luknja za gred<\/td>\n<td style=\"width: 4.22535%;\">Klimatska naprava<\/td>\n<td style=\"width: 48.2003%;\">OGLAS<\/td>\n<\/tr>\n<tr>\n<td style=\"width: 12.2066%;\">63<\/td>\n<td style=\"width: 12.0501%;\">FT75<\/td>\n<td style=\"width: 6.10329%;\">2,4<\/td>\n<td style=\"width: 2.9734%;\">11<\/td>\n<td style=\"width: 2.9734%;\">23<\/td>\n<td style=\"width: 1.87793%;\">4<\/td>\n<td style=\"width: 4.22535%;\">8.5<\/td>\n<td style=\"width: 4.22535%;\">75<\/td>\n<td style=\"width: 2.9734%;\">60<\/td>\n<td style=\"width: 4.22535%;\">90<\/td>\n<td style=\"width: 2.19092%;\">0<\/td>\n<td style=\"width: 3.59937%;\">M5<\/td>\n<td style=\"width: 3.59937%;\">2.5<\/td>\n<td style=\"width: 12.3631%;\">4<\/td>\n<td style=\"width: 10.7981%;\">M4<\/td>\n<td style=\"width: 4.22535%;\">114<\/td>\n<td style=\"width: 48.2003%;\">117<\/td>\n<\/tr>\n<tr>\n<td style=\"width: 12.2066%;\">71<\/td>\n<td style=\"width: 12.0501%;\">FT85<\/td>\n<td style=\"width: 6.10329%;\">2.4.6<\/td>\n<td style=\"width: 2.9734%;\">14<\/td>\n<td style=\"width: 2.9734%;\">30<\/td>\n<td style=\"width: 1.87793%;\">5<\/td>\n<td style=\"width: 4.22535%;\">11<\/td>\n<td style=\"width: 4.22535%;\">85<\/td>\n<td style=\"width: 2.9734%;\">70<\/td>\n<td style=\"width: 4.22535%;\">105<\/td>\n<td style=\"width: 2.19092%;\">0<\/td>\n<td style=\"width: 3.59937%;\">M6<\/td>\n<td style=\"width: 3.59937%;\">2.5<\/td>\n<td style=\"width: 12.3631%;\">4<\/td>\n<td style=\"width: 10.7981%;\">M5<\/td>\n<td style=\"width: 4.22535%;\">134<\/td>\n<td style=\"width: 48.2003%;\">129<\/td>\n<\/tr>\n<tr>\n<td style=\"width: 12.2066%;\">80<\/td>\n<td style=\"width: 12.0501%;\">FT100<\/td>\n<td style=\"width: 6.10329%;\">2.4.6<\/td>\n<td style=\"width: 2.9734%;\">19<\/td>\n<td style=\"width: 2.9734%;\">40<\/td>\n<td style=\"width: 1.87793%;\">6<\/td>\n<td style=\"width: 4.22535%;\">155<\/td>\n<td style=\"width: 4.22535%;\">100<\/td>\n<td style=\"width: 2.9734%;\">80<\/td>\n<td style=\"width: 4.22535%;\">120<\/td>\n<td style=\"width: 2.19092%;\">0<\/td>\n<td style=\"width: 3.59937%;\">M6<\/td>\n<td style=\"width: 3.59937%;\">3<\/td>\n<td style=\"width: 12.3631%;\">4<\/td>\n<td style=\"width: 10.7981%;\">M6<\/td>\n<td style=\"width: 4.22535%;\">144<\/td>\n<td style=\"width: 48.2003%;\">135<\/td>\n<\/tr>\n<tr>\n<td style=\"width: 12.2066%;\">90-ih<\/td>\n<td style=\"width: 12.0501%;\">FT115<\/td>\n<td style=\"width: 6.10329%;\">2.4.6<\/td>\n<td style=\"width: 2.9734%;\">24<\/td>\n<td style=\"width: 2.9734%;\">50<\/td>\n<td style=\"width: 1.87793%;\">8<\/td>\n<td style=\"width: 4.22535%;\">20<\/td>\n<td style=\"width: 4.22535%;\">115<\/td>\n<td style=\"width: 2.9734%;\">95<\/td>\n<td style=\"width: 4.22535%;\">140<\/td>\n<td style=\"width: 2.19092%;\">0<\/td>\n<td style=\"width: 3.59937%;\">M8<\/td>\n<td style=\"width: 3.59937%;\">3<\/td>\n<td style=\"width: 12.3631%;\">4<\/td>\n<td style=\"width: 10.7981%;\">M8<\/td>\n<td style=\"width: 4.22535%;\">164<\/td>\n<td style=\"width: 48.2003%;\">147<\/td>\n<\/tr>\n<\/tbody>\n<\/table>\n<h2>Specifikacije motorja iz nerjave\u010dega jekla IEC<\/h2>\n<table style=\"width: 99.8783%;\" border=\"1\">\n<tbody>\n<tr>\n<td style=\"width: 14.4262%;\">Okvir<\/td>\n<td style=\"width: 24.918%;\">KW<\/td>\n<td style=\"width: 46.8852%;\">Monta\u017ea<\/td>\n<td style=\"width: 213.443%;\">IP-naslov<\/td>\n<\/tr>\n<tr>\n<td style=\"width: 14.4262%;\">63<\/td>\n<td style=\"width: 24.918%;\">0.18<\/td>\n<td style=\"width: 46.8852%;\" rowspan=\"7\">B3, B5, B14, B34, B35<\/td>\n<td style=\"width: 213.443%;\" rowspan=\"7\">IP55<\/td>\n<\/tr>\n<tr>\n<td style=\"width: 14.4262%;\">71<\/td>\n<td style=\"width: 24.918%;\">0,25, 0,37<\/td>\n<\/tr>\n<tr>\n<td style=\"width: 14.4262%;\">80<\/td>\n<td style=\"width: 24.918%;\">0,55, 0,75<\/td>\n<\/tr>\n<tr>\n<td style=\"width: 14.4262%;\">90<\/td>\n<td style=\"width: 24.918%;\">1,1, 1,5<\/td>\n<\/tr>\n<tr>\n<td style=\"width: 14.4262%;\">100<\/td>\n<td style=\"width: 24.918%;\">2,2, 3,0<\/td>\n<\/tr>\n<tr>\n<td style=\"width: 14.4262%;\">112<\/td>\n<td style=\"width: 24.918%;\">4.0<\/td>\n<\/tr>\n<tr>\n<td style=\"width: 14.4262%;\">1332<\/td>\n<td style=\"width: 24.918%;\">5,5, 7,5<\/td>\n<\/tr>\n<\/tbody>\n<\/table>\n<p>Na voljo je tudi, \u010de imate kakr\u0161ne koli posebne zahteve za motor.<\/p>\n<h2>Zna\u010dilnosti motorjev iz nerjave\u010dega jekla, name\u0161\u010denih na sprednji strani<\/h2>\n<ol>\n<li><strong>Konstrukcija, odporna proti koroziji<\/strong><br \/>\n\u010celno name\u0161\u010deni motorji iz nerjave\u010dega jekla so izdelani iz visokokakovostnega nerjave\u010dega jekla, ki ponuja odli\u010dno odpornost proti koroziji, rji in drugim okoljskim dejavnikom. Zaradi tega so idealni za uporabo v zahtevnih okoljih, kjer je izpostavljenost vlagi, kemikalijam ali pogojem predelave hrane pogosta.<\/li>\n<li><strong>Gladka, higienska povr\u0161ina<\/strong><br \/>\nMotorji so zasnovani z gladkimi, brez\u0161ivnimi povr\u0161inami, ki zmanj\u0161ujejo tveganje za nabiranje onesna\u017eevalcev. Ta zasnova zagotavlja enostavno \u010di\u0161\u010denje in skladnost s strogimi higienskimi standardi, zaradi \u010desar so idealni za panoge, kot so predelava hrane, farmacija in zdravstvo, kjer je \u010disto\u010da klju\u010dnega pomena.<\/li>\n<li><strong>Zasnova za monta\u017eo na obraz<\/strong><br \/>\nZasnova s \u200b\u200bsprednjo monta\u017eo omogo\u010da kompaktno namestitev z neposredno pritrditvijo na opremo ali stroje. Ta na\u010din monta\u017ee zagotavlja stabilno in varno povezavo, kar pomaga zmanj\u0161ati vibracije in izbolj\u0161ati obratovalno u\u010dinkovitost. \u0160e posebej je primeren za aplikacije z omejenim prostorom ali kjer tradicionalnih motorjev, name\u0161\u010denih na podno\u017eju, ni mogo\u010de uporabiti.<\/li>\n<li><strong>Visoka stopnja za\u0161\u010dite (IP69K)<\/strong><br \/>\nTi motorji so pogosto ocenjeni s stopnjo za\u0161\u010dite IP69K, ki ponuja vrhunsko odpornost proti vdoru vode in prahu. Robustna zasnova omogo\u010da motorjem, da prenesejo visokotla\u010dne vodne curke in zahtevne pogoje izpiranja, zaradi \u010desar so idealni za panoge, ki zahtevajo pogosto \u010di\u0161\u010denje, kot je predelava hrane in pija\u010de.<\/li>\n<li><strong>Visoka u\u010dinkovitost in zmogljivost<\/strong><br \/>\n\u010celno name\u0161\u010deni motorji iz nerjave\u010dega jekla obi\u010dajno izpolnjujejo ali presegajo standarde visoke u\u010dinkovitosti (kot je IE4), kar zagotavlja manj\u0161o porabo energije ob hkratnem ohranjanju optimalne zmogljivosti. Njihovo u\u010dinkovito delovanje pomaga zni\u017eati obratovalne stro\u0161ke in zmanj\u0161ati vpliv na okolje, zlasti pri neprekinjenem delovanju.<\/li>\n<\/ol>\n<p><img loading=\"lazy\" decoding=\"async\" class=\"alignnone  wp-image-3555\" src=\"https:\/\/fmp-components.com\/wp-content\/uploads\/2025\/01\/fmp_0.stainless-steel-motor-4.webp\" alt=\"fmp_0.motor-iz-nerjave\u010dega-jekla-4\" width=\"916\" height=\"552\" title=\"\" srcset=\"https:\/\/fmp-components.com\/wp-content\/uploads\/2025\/01\/fmp_0.stainless-steel-motor-4.webp 916w, https:\/\/fmp-components.com\/wp-content\/uploads\/2025\/01\/fmp_0.stainless-steel-motor-4-480x289.webp 480w\" sizes=\"(min-width: 0px) and (max-width: 480px) 480px, (min-width: 481px) 916px, 100vw\" \/><\/p>\n<h2>Sorodni motor iz nerjave\u010dega jekla<\/h2>\n<table style=\"width: 100%;\" border=\"1\" width=\"100%\" cellspacing=\"0\" cellpadding=\"0\">\n<tbody>\n<tr>\n<td style=\"width: 25.8099%;\" align=\"right\" width=\"64\" height=\"18\"><img loading=\"lazy\" decoding=\"async\" class=\"alignnone size-full wp-image-3507\" src=\"https:\/\/fmp-components.com\/wp-content\/uploads\/2025\/01\/ep_stainless-steel-motor-1.webp\" sizes=\"(max-width: 379px) 100vw, 379px\" srcset=\"https:\/\/fmp-components.com\/wp-content\/uploads\/2025\/01\/ep_stainless-steel-motor-1.webp 379w, https:\/\/fmp-components.com\/wp-content\/uploads\/2025\/01\/ep_stainless-steel-motor-1-300x200.webp 300w, https:\/\/fmp-components.com\/wp-content\/uploads\/2025\/01\/ep_stainless-steel-motor-1-18x12.webp 18w\" alt=\"motor iz nerjave\u010dega jekla\" width=\"379\" height=\"253\" title=\"\"><\/td>\n<td style=\"width: 26.134%;\" align=\"right\" width=\"64\"><img loading=\"lazy\" decoding=\"async\" class=\"alignnone size-full wp-image-3508\" src=\"https:\/\/fmp-components.com\/wp-content\/uploads\/2025\/01\/ep_stainless-steel-motor-2-2.webp\" sizes=\"(max-width: 379px) 100vw, 379px\" srcset=\"https:\/\/fmp-components.com\/wp-content\/uploads\/2025\/01\/ep_stainless-steel-motor-2-2.webp 379w, https:\/\/fmp-components.com\/wp-content\/uploads\/2025\/01\/ep_stainless-steel-motor-2-2-300x200.webp 300w, https:\/\/fmp-components.com\/wp-content\/uploads\/2025\/01\/ep_stainless-steel-motor-2-2-18x12.webp 18w\" alt=\"motor iz nerjave\u010dega jekla\" width=\"379\" height=\"253\" title=\"\"><\/td>\n<td style=\"width: 25.162%;\" align=\"right\" width=\"64\"><img loading=\"lazy\" decoding=\"async\" class=\"alignnone size-full wp-image-3509\" src=\"https:\/\/fmp-components.com\/wp-content\/uploads\/2025\/01\/ep_stainless-steel-motor-6.webp\" sizes=\"(max-width: 379px) 100vw, 379px\" srcset=\"https:\/\/fmp-components.com\/wp-content\/uploads\/2025\/01\/ep_stainless-steel-motor-6.webp 379w, https:\/\/fmp-components.com\/wp-content\/uploads\/2025\/01\/ep_stainless-steel-motor-6-300x200.webp 300w, https:\/\/fmp-components.com\/wp-content\/uploads\/2025\/01\/ep_stainless-steel-motor-6-18x12.webp 18w\" alt=\"motor iz nerjave\u010dega jekla\" width=\"379\" height=\"253\" title=\"\"><\/td>\n<td style=\"width: 22.6782%;\" align=\"right\" width=\"64\"><img loading=\"lazy\" decoding=\"async\" class=\"alignnone size-full wp-image-3510\" src=\"https:\/\/fmp-components.com\/wp-content\/uploads\/2025\/01\/ep_stainless-steel-motor-300x200-1.webp\" sizes=\"(max-width: 300px) 100vw, 300px\" srcset=\"https:\/\/fmp-components.com\/wp-content\/uploads\/2025\/01\/ep_stainless-steel-motor-300x200-1.webp 300w, https:\/\/fmp-components.com\/wp-content\/uploads\/2025\/01\/ep_stainless-steel-motor-300x200-1-18x12.webp 18w\" alt=\"motor iz nerjave\u010dega jekla\" width=\"300\" height=\"200\" title=\"\"><\/td>\n<\/tr>\n<tr>\n<td style=\"width: 25.8099%;\" align=\"right\" height=\"18\">Motor s permanentnim magnetom iz nerjave\u010dega jekla<\/td>\n<td style=\"width: 26.134%;\" align=\"right\">Vodno hlajen motor iz nerjave\u010dega jekla<\/td>\n<td style=\"width: 25.162%;\" align=\"right\">Elektromotor za \u017eivilsko industrijo<\/td>\n<td style=\"width: 22.6782%;\" align=\"right\">Motor iz nerjave\u010dega jekla<\/td>\n<\/tr>\n<tr>\n<td style=\"width: 25.8099%;\" align=\"right\" height=\"18\"><img loading=\"lazy\" decoding=\"async\" class=\"alignnone size-full wp-image-3511\" src=\"https:\/\/fmp-components.com\/wp-content\/uploads\/2025\/01\/ep_stainless-steel-motor-4.webp\" sizes=\"(max-width: 379px) 100vw, 379px\" srcset=\"https:\/\/fmp-components.com\/wp-content\/uploads\/2025\/01\/ep_stainless-steel-motor-4.webp 379w, https:\/\/fmp-components.com\/wp-content\/uploads\/2025\/01\/ep_stainless-steel-motor-4-300x200.webp 300w, https:\/\/fmp-components.com\/wp-content\/uploads\/2025\/01\/ep_stainless-steel-motor-4-18x12.webp 18w\" alt=\"motor iz nerjave\u010dega jekla\" width=\"379\" height=\"253\" title=\"\"><\/td>\n<td style=\"width: 26.134%;\" align=\"right\"><img loading=\"lazy\" decoding=\"async\" class=\"alignnone size-full wp-image-3512\" src=\"https:\/\/fmp-components.com\/wp-content\/uploads\/2025\/01\/ep_stainless-steel-motor-3.webp\" sizes=\"(max-width: 379px) 100vw, 379px\" srcset=\"https:\/\/fmp-components.com\/wp-content\/uploads\/2025\/01\/ep_stainless-steel-motor-3.webp 379w, https:\/\/fmp-components.com\/wp-content\/uploads\/2025\/01\/ep_stainless-steel-motor-3-300x200.webp 300w, https:\/\/fmp-components.com\/wp-content\/uploads\/2025\/01\/ep_stainless-steel-motor-3-18x12.webp 18w\" alt=\"motor iz nerjave\u010dega jekla\" width=\"379\" height=\"253\" title=\"\"><\/td>\n<td style=\"width: 25.162%;\" align=\"right\"><img loading=\"lazy\" decoding=\"async\" class=\"alignnone size-full wp-image-3513\" src=\"https:\/\/fmp-components.com\/wp-content\/uploads\/2025\/01\/ep_stainless-steel-motor-5.webp\" sizes=\"(max-width: 379px) 100vw, 379px\" srcset=\"https:\/\/fmp-components.com\/wp-content\/uploads\/2025\/01\/ep_stainless-steel-motor-5.webp 379w, https:\/\/fmp-components.com\/wp-content\/uploads\/2025\/01\/ep_stainless-steel-motor-5-300x200.webp 300w, https:\/\/fmp-components.com\/wp-content\/uploads\/2025\/01\/ep_stainless-steel-motor-5-18x12.webp 18w\" alt=\"motor iz nerjave\u010dega jekla\" width=\"379\" height=\"253\" title=\"\"><\/td>\n<td style=\"width: 22.6782%;\" align=\"right\"><img loading=\"lazy\" decoding=\"async\" class=\"alignnone wp-image-3514\" src=\"https:\/\/fmp-components.com\/wp-content\/uploads\/2025\/01\/ep_stainless-steel-motor-6-1.webp\" sizes=\"(max-width: 379px) 100vw, 379px\" srcset=\"https:\/\/fmp-components.com\/wp-content\/uploads\/2025\/01\/ep_stainless-steel-motor-6-1.webp 379w, https:\/\/fmp-components.com\/wp-content\/uploads\/2025\/01\/ep_stainless-steel-motor-6-1-300x200.webp 300w, https:\/\/fmp-components.com\/wp-content\/uploads\/2025\/01\/ep_stainless-steel-motor-6-1-18x12.webp 18w\" alt=\"motor iz nerjave\u010dega jekla\" width=\"220\" height=\"147\" title=\"\"><\/td>\n<\/tr>\n<tr>\n<td style=\"width: 25.8099%;\" align=\"right\" height=\"18\">IEC emulgirani stroji za \u017eivila AC motor<\/td>\n<td style=\"width: 26.134%;\" align=\"right\">Asinhronski motor NEMA 56C<\/td>\n<td style=\"width: 25.162%;\" align=\"right\">IEC AC motor iz nerjave\u010dega jekla<\/td>\n<td style=\"width: 22.6782%;\">Visoko u\u010dinkovit motor iz nerjave\u010dega jekla IEC<\/td>\n<\/tr>\n<tr>\n<td style=\"width: 25.8099%;\" align=\"right\" width=\"64\" height=\"18\"><img loading=\"lazy\" decoding=\"async\" class=\"alignnone size-full wp-image-3515\" src=\"https:\/\/fmp-components.com\/wp-content\/uploads\/2025\/01\/ep_stainless-steel-motor-2.webp\" sizes=\"(max-width: 379px) 100vw, 379px\" srcset=\"https:\/\/fmp-components.com\/wp-content\/uploads\/2025\/01\/ep_stainless-steel-motor-2.webp 379w, https:\/\/fmp-components.com\/wp-content\/uploads\/2025\/01\/ep_stainless-steel-motor-2-300x200.webp 300w, https:\/\/fmp-components.com\/wp-content\/uploads\/2025\/01\/ep_stainless-steel-motor-2-18x12.webp 18w\" alt=\"motor iz nerjave\u010dega jekla\" width=\"379\" height=\"253\" title=\"\"><\/td>\n<td style=\"width: 26.134%;\" align=\"right\" width=\"64\"><img loading=\"lazy\" decoding=\"async\" class=\"alignnone size-full wp-image-3516\" src=\"https:\/\/fmp-components.com\/wp-content\/uploads\/2025\/01\/ep_stainless-steel-motor-8.webp\" sizes=\"(max-width: 379px) 100vw, 379px\" srcset=\"https:\/\/fmp-components.com\/wp-content\/uploads\/2025\/01\/ep_stainless-steel-motor-8.webp 379w, https:\/\/fmp-components.com\/wp-content\/uploads\/2025\/01\/ep_stainless-steel-motor-8-300x200.webp 300w, https:\/\/fmp-components.com\/wp-content\/uploads\/2025\/01\/ep_stainless-steel-motor-8-18x12.webp 18w\" alt=\"motor iz nerjave\u010dega jekla\" width=\"379\" height=\"253\" title=\"\"><\/td>\n<td style=\"width: 25.162%;\" align=\"right\" width=\"64\"><img loading=\"lazy\" decoding=\"async\" class=\"alignnone size-full wp-image-3517\" src=\"https:\/\/fmp-components.com\/wp-content\/uploads\/2025\/01\/ep_stainless-steel-motor-7.webp\" sizes=\"(max-width: 379px) 100vw, 379px\" srcset=\"https:\/\/fmp-components.com\/wp-content\/uploads\/2025\/01\/ep_stainless-steel-motor-7.webp 379w, https:\/\/fmp-components.com\/wp-content\/uploads\/2025\/01\/ep_stainless-steel-motor-7-300x200.webp 300w, https:\/\/fmp-components.com\/wp-content\/uploads\/2025\/01\/ep_stainless-steel-motor-7-18x12.webp 18w\" alt=\"motor iz nerjave\u010dega jekla\" width=\"379\" height=\"253\" title=\"\"><\/td>\n<td style=\"width: 22.6782%;\" align=\"right\" width=\"64\"><\/td>\n<\/tr>\n<tr>\n<td style=\"width: 25.8099%;\" align=\"right\" height=\"18\">Motor za depilacijo pi\u0161\u010dancev in rac<\/td>\n<td style=\"width: 26.134%;\" align=\"right\">Motor iz nerjave\u010dega jekla NEMA \u017eivilske kakovosti<\/td>\n<td style=\"width: 25.162%;\" align=\"right\">Motor iz nerjave\u010dega jekla IEC \u017eivilske kakovosti<\/td>\n<td style=\"width: 22.6782%;\" align=\"right\"><\/td>\n<\/tr>\n<\/tbody>\n<\/table>\n<h2>O FMP-ju<\/h2>\n<p>FMP je vodilno visokotehnolo\u0161ko podjetje, specializirano za na\u010drtovanje, razvoj in proizvodnjo naprednih motorjev in elektromehanskih re\u0161itev. Na\u0161 portfelj izdelkov vklju\u010duje motorje serije YE2, YE3 in YE4, skupaj s \u0161iroko paleto izpeljanih izdelkov. Ponujamo tudi specializirane motorje za hidravli\u010dne \u010drpalke, vklju\u010dno s trifaznimi in enofaznimi mo\u017enostmi, motorje z aluminijastim ohi\u0161jem, nestandardne motorje, elektromehanske integrirane turbinske reduktorje in druge prilagojene re\u0161itve za motorje.<\/p>\n<p>Na\u0161i izdelki se pogosto uporabljajo v razli\u010dnih panogah, vklju\u010dno z industrijsko avtomatizacijo, CNC obdelavo, \u010devljarstvom, obdelavo lesa, obdelavo kovin, plastiko in gradbenimi stroji. Zavezanost podjetja FMP k inovacijam in kakovosti zagotavlja, da vsi izdelki izpolnjujejo najvi\u0161je standarde zmogljivosti in zanesljivosti.<\/p>\n<p>Poleg na\u0161e standardne ponudbe smo ponosni, da ponujamo re\u0161itve po meri, prilagojene edinstvenim potrebam na\u0161ih strank. Ne glede na to, ali potrebujete specializirane motorje, nestandardne izdelke ali popolnoma integrirane sisteme, FMP tesno sodeluje s strankami, da bi vam zagotovil natan\u010dne in visokokakovostne re\u0161itve. Na\u0161 poudarek na preciznem in\u017eenirstvu in zadovoljstvu strank spodbuja na\u0161o nenehno rast in uspeh na svetovnih trgih.<\/p>\n<p>Pri FMP se osredoto\u010damo na gojenje dolgoro\u010dnih, obojestransko koristnih partnerstev. Predani smo podpiranju uspeha na\u0161ih strank, zagotavljanju izjemnih rezultatov vsakega projekta in krepitvi na\u0161e globalne prisotnosti.<\/p>\n<table style=\"width: 100.629%;\" border=\"0\" width=\"128\" cellspacing=\"0\" cellpadding=\"0\">\n<tbody>\n<tr>\n<td style=\"width: 49.2308%;\" align=\"right\" width=\"64\" height=\"18\"><img loading=\"lazy\" decoding=\"async\" class=\"alignnone size-full wp-image-3398\" src=\"https:\/\/fmp-components.com\/wp-content\/uploads\/2025\/01\/Three-Phase-Motor-Factory.webp\" sizes=\"(min-width: 0px) and (max-width: 480px) 480px, (min-width: 481px) 900px, 100vw\" srcset=\"https:\/\/fmp-components.com\/wp-content\/uploads\/2025\/01\/Three-Phase-Motor-Factory.webp 900w, https:\/\/fmp-components.com\/wp-content\/uploads\/2025\/01\/Three-Phase-Motor-Factory-480x320.webp 480w\" alt=\"Tovarna trifaznih motorjev\" width=\"900\" height=\"600\" title=\"\"><\/td>\n<td style=\"width: 659.231%;\" align=\"right\" width=\"64\"><img loading=\"lazy\" decoding=\"async\" class=\"alignnone size-full wp-image-3399\" src=\"https:\/\/fmp-components.com\/wp-content\/uploads\/2025\/01\/Three-Phase-Motor-Factory-2.webp\" sizes=\"(min-width: 0px) and (max-width: 480px) 480px, (min-width: 481px) 900px, 100vw\" srcset=\"https:\/\/fmp-components.com\/wp-content\/uploads\/2025\/01\/Three-Phase-Motor-Factory-2.webp 900w, https:\/\/fmp-components.com\/wp-content\/uploads\/2025\/01\/Three-Phase-Motor-Factory-2-480x320.webp 480w\" alt=\"Tovarna trifaznih motorjev 2\" width=\"900\" height=\"600\" title=\"\"><\/td>\n<\/tr>\n<tr>\n<td style=\"width: 49.2308%;\" align=\"right\" height=\"18\"><img loading=\"lazy\" decoding=\"async\" class=\"alignnone size-full wp-image-3400\" src=\"https:\/\/fmp-components.com\/wp-content\/uploads\/2025\/01\/China-Three-Phase-Motor-Factory-1.webp\" sizes=\"(min-width: 0px) and (max-width: 480px) 480px, (min-width: 481px) 900px, 100vw\" srcset=\"https:\/\/fmp-components.com\/wp-content\/uploads\/2025\/01\/China-Three-Phase-Motor-Factory-1.webp 900w, https:\/\/fmp-components.com\/wp-content\/uploads\/2025\/01\/China-Three-Phase-Motor-Factory-1-480x320.webp 480w\" alt=\"Tovarna trifaznih motorjev 1\" width=\"900\" height=\"600\" title=\"\"><\/td>\n<td style=\"width: 659.231%;\" align=\"right\"><img loading=\"lazy\" decoding=\"async\" class=\"alignnone size-full wp-image-3401\" src=\"https:\/\/fmp-components.com\/wp-content\/uploads\/2025\/01\/Three-Phase-Motor-Factory-3.webp\" sizes=\"(min-width: 0px) and (max-width: 480px) 480px, (min-width: 481px) 900px, 100vw\" srcset=\"https:\/\/fmp-components.com\/wp-content\/uploads\/2025\/01\/Three-Phase-Motor-Factory-3.webp 900w, https:\/\/fmp-components.com\/wp-content\/uploads\/2025\/01\/Three-Phase-Motor-Factory-3-480x320.webp 480w\" alt=\"Tovarna trifaznih motorjev 3\" width=\"900\" height=\"600\" title=\"\"><\/td>\n<\/tr>\n<tr>\n<td style=\"width: 49.2308%;\"><img loading=\"lazy\" decoding=\"async\" class=\"alignnone size-full wp-image-3471\" src=\"https:\/\/fmp-components.com\/wp-content\/uploads\/2025\/01\/Single-Phase-Induction-Motor-Suppliers.webp\" sizes=\"(min-width: 0px) and (max-width: 480px) 480px, (min-width: 481px) 900px, 100vw\" srcset=\"https:\/\/fmp-components.com\/wp-content\/uploads\/2025\/01\/Single-Phase-Induction-Motor-Suppliers.webp 900w, https:\/\/fmp-components.com\/wp-content\/uploads\/2025\/01\/Single-Phase-Induction-Motor-Suppliers-480x320.webp 480w\" alt=\"Dobavitelji enofaznih indukcijskih motorjev\" width=\"900\" height=\"600\" title=\"\"><\/td>\n<td style=\"width: 659.231%;\"><img loading=\"lazy\" decoding=\"async\" class=\"alignnone size-full wp-image-3470\" src=\"https:\/\/fmp-components.com\/wp-content\/uploads\/2025\/01\/Single-Phase-Induction-Motor-Manufacturers-1.webp\" sizes=\"(min-width: 0px) and (max-width: 480px) 480px, (min-width: 481px) 900px, 100vw\" srcset=\"https:\/\/fmp-components.com\/wp-content\/uploads\/2025\/01\/Single-Phase-Induction-Motor-Manufacturers-1.webp 900w, https:\/\/fmp-components.com\/wp-content\/uploads\/2025\/01\/Single-Phase-Induction-Motor-Manufacturers-1-480x320.webp 480w\" alt=\"Proizvajalci enofaznih indukcijskih motorjev 1\" width=\"900\" height=\"600\" title=\"\"><\/td>\n<\/tr>\n<tr>\n<td style=\"width: 49.2308%;\"><img loading=\"lazy\" decoding=\"async\" class=\"alignnone size-full wp-image-3472\" src=\"https:\/\/fmp-components.com\/wp-content\/uploads\/2025\/01\/Single-Phase-Induction-Motor-Manufacturers.webp\" sizes=\"(min-width: 0px) and (max-width: 480px) 480px, (min-width: 481px) 900px, 100vw\" srcset=\"https:\/\/fmp-components.com\/wp-content\/uploads\/2025\/01\/Single-Phase-Induction-Motor-Manufacturers.webp 900w, https:\/\/fmp-components.com\/wp-content\/uploads\/2025\/01\/Single-Phase-Induction-Motor-Manufacturers-480x320.webp 480w\" alt=\"Proizvajalci enofaznih indukcijskih motorjev\" width=\"900\" height=\"600\" title=\"\"><\/td>\n<td style=\"width: 659.231%;\"><img loading=\"lazy\" decoding=\"async\" class=\"alignnone size-full wp-image-3473\" src=\"https:\/\/fmp-components.com\/wp-content\/uploads\/2025\/01\/Single-Phase-Induction-Motor-for-Sale.webp\" sizes=\"(min-width: 0px) and (max-width: 480px) 480px, (min-width: 481px) 900px, 100vw\" srcset=\"https:\/\/fmp-components.com\/wp-content\/uploads\/2025\/01\/Single-Phase-Induction-Motor-for-Sale.webp 900w, https:\/\/fmp-components.com\/wp-content\/uploads\/2025\/01\/Single-Phase-Induction-Motor-for-Sale-480x320.webp 480w\" alt=\"Enofazni indukcijski motor naprodaj\" width=\"900\" height=\"600\" title=\"\"><\/td>\n<\/tr>\n<\/tbody>\n<\/table>\n<p>Avtor: CX<\/p>","protected":false},"excerpt":{"rendered":"<p>Frame Type Flange type Poles D E F G M N P R S T Flange Hole Shaft Hole AC AD 63 FT75 2,4 11 23 4 8.5 75 60 90 0 M5 2.5 4 M4 114 117 71 FT85 2.4.6 14 30 5 11 85 70 105 0 M6 2.5 4 M5 134 129 [&hellip;]<\/p>","protected":false},"featured_media":3557,"comment_status":"open","ping_status":"closed","template":"","meta":{"_et_pb_use_builder":"","_et_pb_old_content":"","_et_gb_content_width":""},"product_brand":[],"product_cat":[88],"product_tag":[],"class_list":{"0":"post-3554","1":"product","2":"type-product","3":"status-publish","4":"has-post-thumbnail","6":"product_cat-stainless-steel-motors","8":"first","9":"instock","10":"shipping-taxable","11":"product-type-simple"},"_links":{"self":[{"href":"https:\/\/fmp-components.com\/sl\/wp-json\/wp\/v2\/product\/3554","targetHints":{"allow":["GET"]}}],"collection":[{"href":"https:\/\/fmp-components.com\/sl\/wp-json\/wp\/v2\/product"}],"about":[{"href":"https:\/\/fmp-components.com\/sl\/wp-json\/wp\/v2\/types\/product"}],"replies":[{"embeddable":true,"href":"https:\/\/fmp-components.com\/sl\/wp-json\/wp\/v2\/comments?post=3554"}],"wp:featuredmedia":[{"embeddable":true,"href":"https:\/\/fmp-components.com\/sl\/wp-json\/wp\/v2\/media\/3557"}],"wp:attachment":[{"href":"https:\/\/fmp-components.com\/sl\/wp-json\/wp\/v2\/media?parent=3554"}],"wp:term":[{"taxonomy":"product_brand","embeddable":true,"href":"https:\/\/fmp-components.com\/sl\/wp-json\/wp\/v2\/product_brand?post=3554"},{"taxonomy":"product_cat","embeddable":true,"href":"https:\/\/fmp-components.com\/sl\/wp-json\/wp\/v2\/product_cat?post=3554"},{"taxonomy":"product_tag","embeddable":true,"href":"https:\/\/fmp-components.com\/sl\/wp-json\/wp\/v2\/product_tag?post=3554"}],"curies":[{"name":"delovni list","href":"https:\/\/api.w.org\/{rel}","templated":true}]}}