{"id":3419,"date":"2025-01-07T06:47:41","date_gmt":"2025-01-07T06:47:41","guid":{"rendered":"https:\/\/fmp-components.com\/?page_id=8"},"modified":"2025-01-07T06:47:41","modified_gmt":"2025-01-07T06:47:41","slug":"ys-series-electric-motor","status":"publish","type":"product","link":"https:\/\/fmp-components.com\/sl\/product\/ys-series-electric-motor\/","title":{"rendered":"Elektromotor serije YS"},"content":{"rendered":"<h2>Pogoji uporabe trifaznega asinhronega motorja serije YS<\/h2>\n<table style=\"width: 100%;\" border=\"1\" width=\"100%\" cellspacing=\"0\" cellpadding=\"0\">\n<tbody>\n<tr>\n<th>Temperatura okolice<\/th>\n<td>-15\u2103 \u2013 40\u2103<\/td>\n<\/tr>\n<tr>\n<th>Relativna vla\u017enost<\/th>\n<td>Ne vi\u0161je od 90%<\/td>\n<\/tr>\n<tr>\n<th>Nadmorska vi\u0161ina<\/th>\n<td>Biti ni\u017eje od 1000 metrov<\/td>\n<\/tr>\n<tr>\n<th>Pogostost<\/th>\n<td>50 Hz<\/td>\n<\/tr>\n<tr>\n<th>Nazivna napetost<\/th>\n<td>220\/380 V<\/td>\n<\/tr>\n<tr>\n<th>Na\u010din delovanja<\/th>\n<td>S1<\/td>\n<\/tr>\n<tr>\n<th>Metoda hlajenja<\/th>\n<td>IC0141<\/td>\n<\/tr>\n<\/tbody>\n<\/table>\n<h2>Tehni\u010dni datum elektromotorjev serije YS<\/h2>\n<p><img loading=\"lazy\" decoding=\"async\" class=\"alignnone size-full wp-image-3424\" src=\"https:\/\/fmp-components.com\/wp-content\/uploads\/2025\/01\/ys-motor-technical-data1-1.webp\" alt=\"tehni\u010dni podatki motorja ys\" width=\"900\" height=\"449\" title=\"\" srcset=\"https:\/\/fmp-components.com\/wp-content\/uploads\/2025\/01\/ys-motor-technical-data1-1.webp 900w, https:\/\/fmp-components.com\/wp-content\/uploads\/2025\/01\/ys-motor-technical-data1-1-480x239.webp 480w\" sizes=\"(min-width: 0px) and (max-width: 480px) 480px, (min-width: 481px) 900px, 100vw\" \/><\/p>\n<p style=\"text-align: center;\">Plamen brez nog in kon\u010dnega \u0161\u010dita s prirobnico (z navadnimi luknjami) - IMB5<\/p>\n<p><img loading=\"lazy\" decoding=\"async\" class=\"alignnone size-full wp-image-3427\" src=\"https:\/\/fmp-components.com\/wp-content\/uploads\/2025\/01\/ys-series-motor-11-1.webp\" alt=\"motor serije ys\" width=\"846\" height=\"187\" title=\"\" srcset=\"https:\/\/fmp-components.com\/wp-content\/uploads\/2025\/01\/ys-series-motor-11-1.webp 846w, https:\/\/fmp-components.com\/wp-content\/uploads\/2025\/01\/ys-series-motor-11-1-480x106.webp 480w\" sizes=\"(min-width: 0px) and (max-width: 480px) 480px, (min-width: 481px) 846px, 100vw\" \/> <img loading=\"lazy\" decoding=\"async\" class=\"alignnone size-full wp-image-3425\" src=\"https:\/\/fmp-components.com\/wp-content\/uploads\/2025\/01\/ys-motor-technical-data-21.webp\" alt=\"ys-motor-tehni\u010dni-podatki-2\" width=\"900\" height=\"113\" title=\"\" srcset=\"https:\/\/fmp-components.com\/wp-content\/uploads\/2025\/01\/ys-motor-technical-data-21.webp 900w, https:\/\/fmp-components.com\/wp-content\/uploads\/2025\/01\/ys-motor-technical-data-21-480x60.webp 480w\" sizes=\"(min-width: 0px) and (max-width: 480px) 480px, (min-width: 481px) 900px, 100vw\" \/><\/p>\n<p style=\"text-align: center;\">Plamen brez nog in kon\u010dnega \u0161\u010dita s prirobnico (z navojnimi luknjami) - IMB14<\/p>\n<p style=\"text-align: center;\"><img loading=\"lazy\" decoding=\"async\" class=\"alignnone size-full wp-image-3428\" src=\"https:\/\/fmp-components.com\/wp-content\/uploads\/2025\/01\/ys-series-motor-21.webp\" alt=\"motor serije ys\" width=\"988\" height=\"236\" title=\"\" srcset=\"https:\/\/fmp-components.com\/wp-content\/uploads\/2025\/01\/ys-series-motor-21.webp 988w, https:\/\/fmp-components.com\/wp-content\/uploads\/2025\/01\/ys-series-motor-21-980x234.webp 980w, https:\/\/fmp-components.com\/wp-content\/uploads\/2025\/01\/ys-series-motor-21-480x115.webp 480w\" sizes=\"(min-width: 0px) and (max-width: 480px) 480px, (min-width: 481px) and (max-width: 980px) 980px, (min-width: 981px) 988px, 100vw\" \/> <img loading=\"lazy\" decoding=\"async\" class=\"alignnone size-full wp-image-3426\" src=\"https:\/\/fmp-components.com\/wp-content\/uploads\/2025\/01\/ys-motor-technical-data-31.webp\" alt=\"tehni\u010dni podatki motorja ys\" width=\"900\" height=\"143\" title=\"\" srcset=\"https:\/\/fmp-components.com\/wp-content\/uploads\/2025\/01\/ys-motor-technical-data-31.webp 900w, https:\/\/fmp-components.com\/wp-content\/uploads\/2025\/01\/ys-motor-technical-data-31-480x76.webp 480w\" sizes=\"(min-width: 0px) and (max-width: 480px) 480px, (min-width: 481px) 900px, 100vw\" \/><\/p>\n<h2>O FMP-ju<\/h2>\n<p>FMP je nacionalno visokotehnolo\u0161ko podjetje, specializirano za na\u010drtovanje, razvoj in proizvodnjo naprednih motorjev in elektromehanskih re\u0161itev. Osredoto\u010deni smo na proizvodnjo motorjev serije YE2, YE3 in YE4, skupaj z vrsto izpeljanih izdelkov. Na\u0161a ponudba izdelkov vklju\u010duje tudi trifazne in enofazne motorje za hidravli\u010dne \u010drpalke, motorje z aluminijastim ohi\u0161jem, nestandardne motorje za hidravli\u010dne \u010drpalke, elektromehanske integrirane turbinske reduktorje in druge specializirane motorje.<\/p>\n<p>Izdelki podjetja FMP se pogosto uporabljajo v industrijski avtomatizaciji in slu\u017eijo klju\u010dnim sektorjem, kot so CNC stru\u017enice, stroji za izdelavo \u010devljev, stroji za obdelavo lesa, stroji za obdelavo kovin, stroji za plastiko in gradbeni stroji. Z mo\u010dno zavezanostjo inovacijam in kakovosti FMP zagotavlja, da vsi izdelki izpolnjujejo najvi\u0161je standarde delovanja.<\/p>\n<p>Poleg na\u0161e celovite ponudbe izdelkov smo ponosni, da ponujamo tudi re\u0161itve po meri, prilagojene specifi\u010dnim potrebam na\u0161ih strank. Ne glede na to, ali potrebujete specializirane motorje, nestandardne izdelke ali integrirane sisteme, FMP tesno sodeluje s strankami, da bi jim zagotovil visokokakovostne re\u0161itve po meri. Na\u0161 poudarek na natan\u010dnem in\u017eenirstvu in zadovoljstvu strank je gonilna sila na\u0161ega nadaljnjega uspeha na svetovnih trgih.<\/p>\n<p>V podjetju FMP smo predani gradnji dolgoro\u010dnih, obojestransko koristnih partnerstev in podpiramo uspeh na\u0161ih strank pri vsakem projektu.<\/p>\n<table style=\"border-collapse: collapse; width: 100.882%; height: 23px;\" border=\"0\" width=\"128\" cellspacing=\"0\" cellpadding=\"0\">\n<tbody>\n<tr style=\"height: 13.8pt;\">\n<td style=\"height: 10px; width: 50.3922%;\" align=\"right\" width=\"64\" height=\"18\"><img loading=\"lazy\" decoding=\"async\" class=\"alignnone size-full wp-image-3398\" src=\"https:\/\/fmp-components.com\/wp-content\/uploads\/2025\/01\/Three-Phase-Motor-Factory.webp\" alt=\"Tovarna trifaznih motorjev\" width=\"900\" height=\"600\" title=\"\" srcset=\"https:\/\/fmp-components.com\/wp-content\/uploads\/2025\/01\/Three-Phase-Motor-Factory.webp 900w, https:\/\/fmp-components.com\/wp-content\/uploads\/2025\/01\/Three-Phase-Motor-Factory-480x320.webp 480w\" sizes=\"(min-width: 0px) and (max-width: 480px) 480px, (min-width: 481px) 900px, 100vw\" \/><\/td>\n<td style=\"width: 604.224%; height: 10px;\" align=\"right\" width=\"64\"><img loading=\"lazy\" decoding=\"async\" class=\"alignnone size-full wp-image-3399\" src=\"https:\/\/fmp-components.com\/wp-content\/uploads\/2025\/01\/Three-Phase-Motor-Factory-2.webp\" alt=\"Tovarna trifaznih motorjev 2\" width=\"900\" height=\"600\" title=\"\" srcset=\"https:\/\/fmp-components.com\/wp-content\/uploads\/2025\/01\/Three-Phase-Motor-Factory-2.webp 900w, https:\/\/fmp-components.com\/wp-content\/uploads\/2025\/01\/Three-Phase-Motor-Factory-2-480x320.webp 480w\" sizes=\"(min-width: 0px) and (max-width: 480px) 480px, (min-width: 481px) 900px, 100vw\" \/><\/td>\n<\/tr>\n<tr style=\"height: 13.8pt;\">\n<td style=\"height: 13px; width: 50.3922%;\" align=\"right\" height=\"18\"><img loading=\"lazy\" decoding=\"async\" class=\"alignnone size-full wp-image-3400\" src=\"https:\/\/fmp-components.com\/wp-content\/uploads\/2025\/01\/China-Three-Phase-Motor-Factory-1.webp\" alt=\"Tovarna trifaznih motorjev 1\" width=\"900\" height=\"600\" title=\"\" srcset=\"https:\/\/fmp-components.com\/wp-content\/uploads\/2025\/01\/China-Three-Phase-Motor-Factory-1.webp 900w, https:\/\/fmp-components.com\/wp-content\/uploads\/2025\/01\/China-Three-Phase-Motor-Factory-1-480x320.webp 480w\" sizes=\"(min-width: 0px) and (max-width: 480px) 480px, (min-width: 481px) 900px, 100vw\" \/><\/td>\n<td style=\"width: 604.224%; height: 13px;\" align=\"right\"><img loading=\"lazy\" decoding=\"async\" class=\"alignnone size-full wp-image-3401\" src=\"https:\/\/fmp-components.com\/wp-content\/uploads\/2025\/01\/Three-Phase-Motor-Factory-3.webp\" alt=\"Tovarna trifaznih motorjev 3\" width=\"900\" height=\"600\" title=\"\" srcset=\"https:\/\/fmp-components.com\/wp-content\/uploads\/2025\/01\/Three-Phase-Motor-Factory-3.webp 900w, https:\/\/fmp-components.com\/wp-content\/uploads\/2025\/01\/Three-Phase-Motor-Factory-3-480x320.webp 480w\" sizes=\"(min-width: 0px) and (max-width: 480px) 480px, (min-width: 481px) 900px, 100vw\" \/><\/td>\n<\/tr>\n<\/tbody>\n<\/table>\n<p>Avtor: CX<\/p>","protected":false},"excerpt":{"rendered":"<p>YS Series Three-phase Asynchronous Motor&#8217;s Application Conditions Ambient Temperature -15\u2103 &#8211; 40\u2103 Relative Humidity Not higher than 90% Elevation Be lower than 1000 meters Frequency 50 Hz Rated Voltage 220\/380V Operating Mode S1 Cooling Method IC0141 YS Series Electric Motors Technical Date Flame Without Feet and End-shield with Flange (with Plain Holes)-IMB5 Flame Without Feet [&hellip;]<\/p>","protected":false},"featured_media":3429,"comment_status":"open","ping_status":"closed","template":"","meta":{"_et_pb_use_builder":"","_et_pb_old_content":"","_et_gb_content_width":""},"product_brand":[],"product_cat":[86],"product_tag":[],"class_list":{"0":"post-3419","1":"product","2":"type-product","3":"status-publish","4":"has-post-thumbnail","6":"product_cat-ac-motors","8":"first","9":"instock","10":"shipping-taxable","11":"product-type-simple"},"_links":{"self":[{"href":"https:\/\/fmp-components.com\/sl\/wp-json\/wp\/v2\/product\/3419","targetHints":{"allow":["GET"]}}],"collection":[{"href":"https:\/\/fmp-components.com\/sl\/wp-json\/wp\/v2\/product"}],"about":[{"href":"https:\/\/fmp-components.com\/sl\/wp-json\/wp\/v2\/types\/product"}],"replies":[{"embeddable":true,"href":"https:\/\/fmp-components.com\/sl\/wp-json\/wp\/v2\/comments?post=3419"}],"wp:featuredmedia":[{"embeddable":true,"href":"https:\/\/fmp-components.com\/sl\/wp-json\/wp\/v2\/media\/3429"}],"wp:attachment":[{"href":"https:\/\/fmp-components.com\/sl\/wp-json\/wp\/v2\/media?parent=3419"}],"wp:term":[{"taxonomy":"product_brand","embeddable":true,"href":"https:\/\/fmp-components.com\/sl\/wp-json\/wp\/v2\/product_brand?post=3419"},{"taxonomy":"product_cat","embeddable":true,"href":"https:\/\/fmp-components.com\/sl\/wp-json\/wp\/v2\/product_cat?post=3419"},{"taxonomy":"product_tag","embeddable":true,"href":"https:\/\/fmp-components.com\/sl\/wp-json\/wp\/v2\/product_tag?post=3419"}],"curies":[{"name":"delovni list","href":"https:\/\/api.w.org\/{rel}","templated":true}]}}