{"id":3348,"date":"2025-01-07T01:30:15","date_gmt":"2025-01-07T01:30:15","guid":{"rendered":"https:\/\/fmp-components.com\/?page_id=8"},"modified":"2025-01-07T01:30:15","modified_gmt":"2025-01-07T01:30:15","slug":"low-noise-basic-dc-toy-motor-for-toy-car-tgp02s-a130","status":"publish","type":"product","link":"https:\/\/fmp-components.com\/sl\/product\/low-noise-basic-dc-toy-motor-for-toy-car-tgp02s-a130\/","title":{"rendered":"Osnovni enosmerni motor z nizkim hrupom za avtomobil\u010dke TGP02S-A130"},"content":{"rendered":"<h2>Znaki osnovnega enosmernega motorja igra\u010d<\/h2>\n<p>1. Enojna gred. Majhna velikost 42,2 mm * 45,5 mm * 23 mm<br \/>\n2. DC plasti\u010dni zobni\u0161ki motor z nizko hitrostjo in velikim navorom<br \/>\n3. Primerno za uporabo z majhnim premerom, nizkim \u0161umom in velikim navorom<br \/>\n4. Razmerje zmanj\u0161anja: 48, 120, 180, 220, 288<\/p>\n<p><img loading=\"lazy\" decoding=\"async\" class=\"alignnone  wp-image-3352\" src=\"https:\/\/fmp-components.com\/wp-content\/uploads\/2025\/01\/fmp_4.TGP010-A130-2.webp\" alt=\"fmp_4.TGP010-A130-2\" width=\"918\" height=\"421\" title=\"\" srcset=\"https:\/\/fmp-components.com\/wp-content\/uploads\/2025\/01\/fmp_4.TGP010-A130-2.webp 918w, https:\/\/fmp-components.com\/wp-content\/uploads\/2025\/01\/fmp_4.TGP010-A130-2-480x220.webp 480w\" sizes=\"(min-width: 0px) and (max-width: 480px) 480px, (min-width: 481px) 918px, 100vw\" \/><\/p>\n<h2>Tehni\u010dni podatki mini enosmernega motorja<\/h2>\n<table style=\"width: 98.042%; height: 144px;\" border=\"1\">\n<tbody>\n<tr>\n<td style=\"width: 21.3647%;\">Model motorja \u0161t.<\/td>\n<td style=\"width: 15.8837%;\">Nazivna napetost<br \/>\nVDC<\/td>\n<td style=\"width: 16.6667%;\">Hitrost brez obremenitve<br \/>\nvrt\/min<\/td>\n<td style=\"width: 17.6734%;\">Tok brez obremenitve<br \/>\nmA<\/td>\n<td style=\"width: 13.0872%;\">Navor pri zastoju<br \/>\ng.cm<\/td>\n<td style=\"width: 15.3244%;\">Zastojni tok<br \/>\nA<\/td>\n<\/tr>\n<tr>\n<td style=\"width: 21.3647%;\">TFE-130RA-12215<\/td>\n<td style=\"width: 15.8837%;\">6.0<\/td>\n<td style=\"width: 16.6667%;\">11500<\/td>\n<td style=\"width: 17.6734%;\">120<\/td>\n<td style=\"width: 13.0872%;\">20<\/td>\n<td style=\"width: 15.3244%;\">0.85<\/td>\n<\/tr>\n<tr>\n<td style=\"width: 21.3647%;\">TFE-130RA-14175<\/td>\n<td style=\"width: 15.8837%;\">3.0<\/td>\n<td style=\"width: 16.6667%;\">8000<\/td>\n<td style=\"width: 17.6734%;\">120<\/td>\n<td style=\"width: 13.0872%;\">13<\/td>\n<td style=\"width: 15.3244%;\">0.70<\/td>\n<\/tr>\n<tr>\n<td style=\"width: 21.3647%;\">TFE-130RA-18100<\/td>\n<td style=\"width: 15.8837%;\">3.0<\/td>\n<td style=\"width: 16.6667%;\">11500<\/td>\n<td style=\"width: 17.6734%;\">250<\/td>\n<td style=\"width: 13.0872%;\">20<\/td>\n<td style=\"width: 15.3244%;\">1.80<\/td>\n<\/tr>\n<\/tbody>\n<\/table>\n<h2>Tehni\u010dni podatki o motorju z zobnikom<\/h2>\n<table style=\"width: 98.042%; height: 120px;\" border=\"1\">\n<tbody>\n<tr style=\"height: 30px;\">\n<th style=\"height: 30px; width: 32.774%; text-align: left;\">Model menjalnika<\/th>\n<td style=\"height: 30px; width: 68.0089%;\">TGP01D-A130-12215-XXX<\/td>\n<\/tr>\n<tr style=\"height: 30px;\">\n<th style=\"height: 30px; width: 32.774%; text-align: left;\">Redukcijska razmerja<\/th>\n<td style=\"height: 30px; width: 68.0089%;\">48, 120, 180, 220, 288<\/td>\n<\/tr>\n<tr style=\"height: 30px;\">\n<th style=\"height: 30px; width: 32.774%; text-align: left;\">Hitrosti brez obremenitve (vrt\/min)<\/th>\n<td style=\"height: 30px; width: 68.0089%;\">230, 90, 60, 50, 38<\/td>\n<\/tr>\n<tr style=\"height: 30px;\">\n<th style=\"height: 30px; width: 32.774%; text-align: left;\">Najve\u010dji trenutni toleran\u010dni navor (kg.cm)<\/th>\n<td style=\"height: 30px; width: 68.0089%;\">0.7, 1.4, 2.0, 2.2, 2.8<\/td>\n<\/tr>\n<\/tbody>\n<\/table>\n<h2>Menjalnik z motorjem<\/h2>\n<table style=\"width: 98.7983%; height: 96px;\" border=\"1\">\n<tbody>\n<tr style=\"height: 24px;\">\n<th style=\"height: 24px; text-align: left; width: 38.4787%;\">Model menjalnika<\/th>\n<td style=\"height: 24px; width: 63.0872%;\">TGP01D-A130-14175-XXX<\/td>\n<\/tr>\n<tr style=\"height: 24px;\">\n<th style=\"height: 24px; text-align: left; width: 38.4787%;\">Redukcijska razmerja<\/th>\n<td style=\"height: 24px; width: 63.0872%;\">48, 120, 180, 220, 288<\/td>\n<\/tr>\n<tr style=\"height: 24px;\">\n<th style=\"height: 24px; text-align: left; width: 38.4787%;\">Hitrosti brez obremenitve (vrt\/min)<\/th>\n<td style=\"height: 24px; width: 63.0872%;\">150, 60, 40, 33, 25<\/td>\n<\/tr>\n<tr style=\"height: 24px;\">\n<th style=\"height: 24px; text-align: left; width: 38.4787%;\">Najve\u010dji trenutni toleran\u010dni navor (kg.cm)<\/th>\n<td style=\"height: 24px; width: 63.0872%;\">0.5, 0.9, 1.2, 1.4, 1.8<\/td>\n<\/tr>\n<\/tbody>\n<\/table>\n<table style=\"color: #666666; font-size: 14px; width: 98.9666%; height: 142px;\" border=\"1\">\n<tbody>\n<tr style=\"height: 24px;\">\n<th style=\"text-align: left; width: 38.5906%; height: 24px;\">Model menjalnika<\/th>\n<td style=\"width: 61.8421%; height: 24px;\">TGP01D-A130-18100-XXX<\/td>\n<\/tr>\n<tr style=\"height: 24px;\">\n<th style=\"text-align: left; width: 38.5906%; height: 24px;\">Redukcijska razmerja<\/th>\n<td style=\"width: 61.8421%; height: 24px;\">48, 120, 180, 220, 288<\/td>\n<\/tr>\n<tr style=\"height: 24px;\">\n<th style=\"text-align: left; width: 38.5906%; height: 24px;\">Hitrosti brez obremenitve (vrt\/min)<\/th>\n<td style=\"width: 61.8421%; height: 24px;\">230, 90, 60, 50, 38<\/td>\n<\/tr>\n<tr style=\"height: 24px;\">\n<th style=\"text-align: left; width: 38.5906%; height: 24px;\">Najve\u010dji trenutni toleran\u010dni navor (kg.cm)<\/th>\n<td style=\"width: 61.8421%; height: 24px;\">0.7, 1.4, 2.0, 2.2, 2.8<\/td>\n<\/tr>\n<\/tbody>\n<\/table>\n<h2>Drugo Plasti\u010dni menjalnik plus A130 DC motor<\/h2>\n<table style=\"width: 100%; height: 71px;\" border=\"1\" width=\"100%\" cellspacing=\"0\" cellpadding=\"0\">\n<tbody>\n<tr style=\"height: 13.8pt;\">\n<td style=\"height: 13px; width: 49.892%;\" align=\"right\" width=\"64\" height=\"18\"><img loading=\"lazy\" decoding=\"async\" class=\"alignnone size-full wp-image-3344\" src=\"https:\/\/fmp-components.com\/wp-content\/uploads\/2025\/01\/fmp_1.TGP010-A130-1-1.webp\" alt=\"fmp_1.TGP010-A130-1-1\" width=\"600\" height=\"600\" title=\"\" srcset=\"https:\/\/fmp-components.com\/wp-content\/uploads\/2025\/01\/fmp_1.TGP010-A130-1-1.webp 600w, https:\/\/fmp-components.com\/wp-content\/uploads\/2025\/01\/fmp_1.TGP010-A130-1-1-480x480.webp 480w\" sizes=\"(min-width: 0px) and (max-width: 480px) 480px, (min-width: 481px) 600px, 100vw\" \/><\/td>\n<td style=\"width: 49.892%; height: 13px;\" align=\"right\" width=\"64\"><img loading=\"lazy\" decoding=\"async\" class=\"alignnone size-full wp-image-3345\" src=\"https:\/\/fmp-components.com\/wp-content\/uploads\/2025\/01\/fmp_2.TGP010-A130-1-1.webp\" alt=\"fmp_2.TGP010-A130-1-1\" width=\"600\" height=\"600\" title=\"\" srcset=\"https:\/\/fmp-components.com\/wp-content\/uploads\/2025\/01\/fmp_2.TGP010-A130-1-1.webp 600w, https:\/\/fmp-components.com\/wp-content\/uploads\/2025\/01\/fmp_2.TGP010-A130-1-1-480x480.webp 480w\" sizes=\"(min-width: 0px) and (max-width: 480px) 480px, (min-width: 481px) 600px, 100vw\" \/><\/td>\n<\/tr>\n<tr style=\"height: 22px;\">\n<td style=\"height: 22px; text-align: center;\"><strong>TGP01D-A130<\/strong><\/td>\n<td style=\"height: 22px; text-align: center;\"><strong>TGP01S-A130<\/strong><\/td>\n<\/tr>\n<tr style=\"height: 13.8pt;\">\n<td style=\"height: 13px; width: 49.892%;\" align=\"right\" height=\"18\"><img loading=\"lazy\" decoding=\"async\" class=\"alignnone size-full wp-image-3346\" src=\"https:\/\/fmp-components.com\/wp-content\/uploads\/2025\/01\/fmp_3.TGP010-A130-1.webp\" alt=\"fmp_3.TGP010-A130-1\" width=\"600\" height=\"600\" title=\"\" srcset=\"https:\/\/fmp-components.com\/wp-content\/uploads\/2025\/01\/fmp_3.TGP010-A130-1.webp 600w, https:\/\/fmp-components.com\/wp-content\/uploads\/2025\/01\/fmp_3.TGP010-A130-1-480x480.webp 480w\" sizes=\"(min-width: 0px) and (max-width: 480px) 480px, (min-width: 481px) 600px, 100vw\" \/><\/td>\n<td style=\"width: 49.892%; height: 13px;\" align=\"right\"><img loading=\"lazy\" decoding=\"async\" class=\"alignnone size-full wp-image-3347\" src=\"https:\/\/fmp-components.com\/wp-content\/uploads\/2025\/01\/fmp_4.TGP010-A130-1.webp\" alt=\"fmp_4.TGP010-A130-1\" width=\"600\" height=\"600\" title=\"\" srcset=\"https:\/\/fmp-components.com\/wp-content\/uploads\/2025\/01\/fmp_4.TGP010-A130-1.webp 600w, https:\/\/fmp-components.com\/wp-content\/uploads\/2025\/01\/fmp_4.TGP010-A130-1-480x480.webp 480w\" sizes=\"(min-width: 0px) and (max-width: 480px) 480px, (min-width: 481px) 600px, 100vw\" \/><\/td>\n<\/tr>\n<tr style=\"height: 23px;\">\n<td style=\"height: 23px; text-align: center;\"><strong>TGP02D-A130<\/strong><\/td>\n<td style=\"height: 23px; text-align: center;\"><strong>TGP02S-A130<\/strong><\/td>\n<\/tr>\n<\/tbody>\n<\/table>\n<h2 data-pm-slice=\"0 0 []\">Zna\u010dilnosti nizko\u0161umnega osnovnega enosmernega motorja za igra\u010de<\/h2>\n<p>Osnovni enosmerni motor za igra\u010de z nizkim \u0161umom je zasnovan za zanesljivo delovanje z minimalnim hrupom med delovanjem, zaradi \u010desar je idealen za uporabo v razli\u010dnih igra\u010dah in napravah z nizko porabo energije. Spodaj so navedene klju\u010dne zna\u010dilnosti tega motorja:<\/p>\n<p>1. <strong>Tiho delovanje<\/strong><\/p>\n<ul>\n<li>Motor je posebej zasnovan za tiho delovanje, kar zagotavlja, da je hrup med delovanjem minimalen. Ta lastnost je \u0161e posebej koristna za igra\u010de in naprave, kjer je za\u017eelena tiha izku\u0161nja.<\/li>\n<\/ul>\n<p>2. <strong>Kompaktna zasnova<\/strong><\/p>\n<ul>\n<li>Motor je zasnovan z mislijo na prihranek prostora, zato ima majhno in lahko obliko, ki jo je enostavno vklju\u010diti v razli\u010dne modele igra\u010d, ne da bi pri tem pove\u010dal velikost.<\/li>\n<\/ul>\n<p>3. <strong>Energetska u\u010dinkovitost<\/strong><\/p>\n<ul>\n<li>Motor zagotavlja u\u010dinkovito porabo energije glede na svojo velikost in izhodno mo\u010d, zaradi \u010desar je idealna izbira za igra\u010de na baterije ali druge majhne naprave, ki zahtevajo nizko porabo energije.<\/li>\n<\/ul>\n<p>4. <strong>Vzdr\u017eljivost<\/strong><\/p>\n<ul>\n<li>Motor je izdelan iz visokokakovostnih materialov, ki zagotavljajo dolgotrajno zanesljivost in dosledno delovanje v tipi\u010dnih obratovalnih pogojih, zato je izdelan za dolgo \u017eivljenjsko dobo.<\/li>\n<\/ul>\n<p><strong>5. Nizka poraba energije<\/strong><\/p>\n<ul>\n<li>Motor je zasnovan za u\u010dinkovito delovanje z majhnimi napajalniki (kot so baterije AA ali majhni viri enosmernega toka), zato porabi malo energije, kar pomaga podalj\u0161ati \u017eivljenjsko dobo baterij v igra\u010dah ali drugih aplikacijah.<\/li>\n<\/ul>\n<p>Ta motor je idealen za uporabo v avtomobil\u010dkih, majhnih robotih, izobra\u017eevalnih kompletih in drugih napravah, ki zahtevajo tih, energetsko u\u010dinkovit in zanesljiv motor za manj\u0161e aplikacije.<\/p>\n<h2>O FMP-ju<\/h2>\n<p>FMP je vodilni proizvajalec, specializiran za na\u010drtovanje, razvoj in proizvodnjo visoko natan\u010dnih menjalnikov, hidravli\u010dnih cilindrov, motorjev, kardanskih gredi, mikromotorjev in \u0161iroke palete drugih klju\u010dnih komponent. S predanostjo in trdim delom na\u0161e usposobljene ekipe smo se pozicionirali kot vodilni v panogi. Na\u0161i izdelki so \u0161iroko raz\u0161irjeni po Evropi, Severni Ameriki, jugovzhodni Aziji in drugih klju\u010dnih trgih, s \u010dimer si prislu\u017eijo dober sloves kakovosti in odli\u010dnosti. Na\u0161e stranke nenehno hvalijo delovanje in zanesljivost na\u0161ih izdelkov.<\/p>\n<p>V podjetju FMP smo opremljeni z najsodobnej\u0161imi proizvodnimi obrati, vklju\u010dno z obse\u017enimi proizvodnimi delavnicami, pisarni\u0161kimi prostori in namestitvami za zaposlene. Imamo tudi najsodobnej\u0161o opremo za raziskave in razvoj, proizvodnjo in testiranje. Na\u0161i namenski oddelki za in\u017eeniring, izdelavo kalupov in monta\u017eo so dobro opremljeni za zagotavljanje popolnoma prilagojenih re\u0161itev, ki ustrezajo edinstvenim potrebam vsake stranke. Z robustno tehni\u010dno osnovo, poenostavljenimi proizvodnimi procesi in u\u010dinkovitim sistemom upravljanja FMP zagotavlja, da vsi izdelki izpolnjujejo najvi\u0161je industrijske standarde.<\/p>\n<p>Kakovost je v sredi\u0161\u010du na\u0161ega delovanja. Od izbire materialov in zasnove do proizvodnje, dostave in povratnih informacij strank posve\u010damo veliko pozornosti vsaki podrobnosti. Zadovoljstvo strank je na\u0161a glavna prioriteta in zavezani smo k zagotavljanju izjemnih storitev na vsaki stopnji procesa. FMP se ne osredoto\u010da na pretiran dobi\u010dek, temve\u010d na gradnjo dolgoro\u010dnih, obojestransko koristnih partnerstev z na\u0161imi strankami, kar zagotavlja trajnostno rast in uspeh.<\/p>\n<p>Veselimo se sodelovanja in ustvarjanja svetlej\u0161e prihodnosti z na\u0161imi partnerji. Na\u0161e prilagojene re\u0161itve so zasnovane tako, da ustrezajo spreminjajo\u010dim se zahtevam na\u0161ih strank, s \u010dimer zagotavljamo, da vsak projekt prejme vso pozornost in strokovno znanje, ki si ga zaslu\u017ei. Ne glede na to, ali i\u0161\u010dete standardne izdelke ali re\u0161itve po meri, je FMP predan podpori va\u0161ega uspeha na vsakem koraku.<\/p>\n<p><img loading=\"lazy\" decoding=\"async\" class=\"alignnone size-full wp-image-3335\" src=\"https:\/\/fmp-components.com\/wp-content\/uploads\/2025\/01\/DC-motor-tgp01d-a130-product-1.webp\" alt=\"DC-motor-tgp01d-a130\" width=\"883\" height=\"574\" title=\"\" srcset=\"https:\/\/fmp-components.com\/wp-content\/uploads\/2025\/01\/DC-motor-tgp01d-a130-product-1.webp 883w, https:\/\/fmp-components.com\/wp-content\/uploads\/2025\/01\/DC-motor-tgp01d-a130-product-1-480x312.webp 480w\" sizes=\"(min-width: 0px) and (max-width: 480px) 480px, (min-width: 481px) 883px, 100vw\" \/><\/p>\n<p>Avtor: CX<\/p>","protected":false},"excerpt":{"rendered":"<p>Characters Of Basic DC Toy Motor 1. Single shaft.Small size 42.2mm*45.5mm*23mm 2. DC plastic gear motor with low speed and big torque 3. Suitable for small diameter, low noise, and big toque application 4. Reduction Ratio: 48\u3001120\u3001180\u3001220\u3001288 Mini DC Motor Technical Data Motor model No Rated voltage VDC No-load speed r\/min No-load current mA Stall [&hellip;]<\/p>","protected":false},"featured_media":3353,"comment_status":"open","ping_status":"closed","template":"","meta":{"_et_pb_use_builder":"","_et_pb_old_content":"","_et_gb_content_width":""},"product_brand":[],"product_cat":[85],"product_tag":[],"class_list":{"0":"post-3348","1":"product","2":"type-product","3":"status-publish","4":"has-post-thumbnail","6":"product_cat-dc-motors","8":"first","9":"instock","10":"shipping-taxable","11":"product-type-simple"},"_links":{"self":[{"href":"https:\/\/fmp-components.com\/sl\/wp-json\/wp\/v2\/product\/3348","targetHints":{"allow":["GET"]}}],"collection":[{"href":"https:\/\/fmp-components.com\/sl\/wp-json\/wp\/v2\/product"}],"about":[{"href":"https:\/\/fmp-components.com\/sl\/wp-json\/wp\/v2\/types\/product"}],"replies":[{"embeddable":true,"href":"https:\/\/fmp-components.com\/sl\/wp-json\/wp\/v2\/comments?post=3348"}],"wp:featuredmedia":[{"embeddable":true,"href":"https:\/\/fmp-components.com\/sl\/wp-json\/wp\/v2\/media\/3353"}],"wp:attachment":[{"href":"https:\/\/fmp-components.com\/sl\/wp-json\/wp\/v2\/media?parent=3348"}],"wp:term":[{"taxonomy":"product_brand","embeddable":true,"href":"https:\/\/fmp-components.com\/sl\/wp-json\/wp\/v2\/product_brand?post=3348"},{"taxonomy":"product_cat","embeddable":true,"href":"https:\/\/fmp-components.com\/sl\/wp-json\/wp\/v2\/product_cat?post=3348"},{"taxonomy":"product_tag","embeddable":true,"href":"https:\/\/fmp-components.com\/sl\/wp-json\/wp\/v2\/product_tag?post=3348"}],"curies":[{"name":"delovni list","href":"https:\/\/api.w.org\/{rel}","templated":true}]}}