{"id":3341,"date":"2025-01-07T01:06:38","date_gmt":"2025-01-07T01:06:38","guid":{"rendered":"https:\/\/fmp-components.com\/?page_id=8"},"modified":"2025-01-07T01:16:32","modified_gmt":"2025-01-07T01:16:32","slug":"plastic-gearbox-motor-tgp02d-a130-for-toy-robot-remote-control-toy-cars","status":"publish","type":"product","link":"https:\/\/fmp-components.com\/sl\/product\/plastic-gearbox-motor-tgp02d-a130-for-toy-robot-remote-control-toy-cars\/","title":{"rendered":"Plasti\u010dni menjalnik z motorjem TGP02D-A130 za igra\u010de robotov na daljinsko upravljanje avtomobilov"},"content":{"rendered":"<h2>Liki:<\/h2>\n<p>1. Dvojna gred. Majhna velikost 42,2 mm * 45,5 mm * 23 mm<br \/>\n2. DC plasti\u010dni zobni\u0161ki motor z nizko hitrostjo in velikim navorom<br \/>\n3. Primerno za uporabo z majhnim premerom, nizkim \u0161umom in velikim navorom<br \/>\n4. Razmerje zmanj\u0161anja: 48, 120, 180, 220, 288<\/p>\n<p><img loading=\"lazy\" decoding=\"async\" class=\"alignnone wp-image-3349\" src=\"https:\/\/fmp-components.com\/wp-content\/uploads\/2025\/01\/fmp_3.TGP010-A130-2.webp\" alt=\"fmp_3.TGP010-A130-2\" width=\"909\" height=\"423\" title=\"\" srcset=\"https:\/\/fmp-components.com\/wp-content\/uploads\/2025\/01\/fmp_3.TGP010-A130-2.webp 909w, https:\/\/fmp-components.com\/wp-content\/uploads\/2025\/01\/fmp_3.TGP010-A130-2-480x223.webp 480w\" sizes=\"(min-width: 0px) and (max-width: 480px) 480px, (min-width: 481px) 909px, 100vw\" \/><\/p>\n<h2>Tehni\u010dni podatki mini enosmernega motorja<\/h2>\n<table style=\"width: 98.042%; height: 144px;\" border=\"1\">\n<tbody>\n<tr>\n<td style=\"width: 21.3647%;\">Model motorja \u0161t.<\/td>\n<td style=\"width: 15.8837%;\">Nazivna napetost<br \/>\nVDC<\/td>\n<td style=\"width: 16.6667%;\">Hitrost brez obremenitve<br \/>\nvrt\/min<\/td>\n<td style=\"width: 17.6734%;\">Tok brez obremenitve<br \/>\nmA<\/td>\n<td style=\"width: 13.0872%;\">Navor pri zastoju<br \/>\ng.cm<\/td>\n<td style=\"width: 15.3244%;\">Zastojni tok<br \/>\nA<\/td>\n<\/tr>\n<tr>\n<td style=\"width: 21.3647%;\">TFE-130RA-12215<\/td>\n<td style=\"width: 15.8837%;\">6.0<\/td>\n<td style=\"width: 16.6667%;\">11500<\/td>\n<td style=\"width: 17.6734%;\">120<\/td>\n<td style=\"width: 13.0872%;\">20<\/td>\n<td style=\"width: 15.3244%;\">0.85<\/td>\n<\/tr>\n<tr>\n<td style=\"width: 21.3647%;\">TFE-130RA-14175<\/td>\n<td style=\"width: 15.8837%;\">3.0<\/td>\n<td style=\"width: 16.6667%;\">8000<\/td>\n<td style=\"width: 17.6734%;\">120<\/td>\n<td style=\"width: 13.0872%;\">13<\/td>\n<td style=\"width: 15.3244%;\">0.70<\/td>\n<\/tr>\n<tr>\n<td style=\"width: 21.3647%;\">TFE-130RA-18100<\/td>\n<td style=\"width: 15.8837%;\">3.0<\/td>\n<td style=\"width: 16.6667%;\">11500<\/td>\n<td style=\"width: 17.6734%;\">250<\/td>\n<td style=\"width: 13.0872%;\">20<\/td>\n<td style=\"width: 15.3244%;\">1.80<\/td>\n<\/tr>\n<\/tbody>\n<\/table>\n<h2>Tehni\u010dni podatki o motorju z zobnikom<\/h2>\n<table style=\"width: 98.042%; height: 120px;\" border=\"1\">\n<tbody>\n<tr style=\"height: 30px;\">\n<th style=\"height: 30px; width: 32.774%; text-align: left;\">Model menjalnika<\/th>\n<td style=\"height: 30px; width: 68.0089%;\">TGP01D-A130-12215-XXX<\/td>\n<\/tr>\n<tr style=\"height: 30px;\">\n<th style=\"height: 30px; width: 32.774%; text-align: left;\">Redukcijska razmerja<\/th>\n<td style=\"height: 30px; width: 68.0089%;\">48, 120, 180, 220, 288<\/td>\n<\/tr>\n<tr style=\"height: 30px;\">\n<th style=\"height: 30px; width: 32.774%; text-align: left;\">Hitrosti brez obremenitve (vrt\/min)<\/th>\n<td style=\"height: 30px; width: 68.0089%;\">230, 90, 60, 50, 38<\/td>\n<\/tr>\n<tr style=\"height: 30px;\">\n<th style=\"height: 30px; width: 32.774%; text-align: left;\">Najve\u010dji trenutni toleran\u010dni navor (kg.cm)<\/th>\n<td style=\"height: 30px; width: 68.0089%;\">0.7, 1.4, 2.0, 2.2, 2.8<\/td>\n<\/tr>\n<\/tbody>\n<\/table>\n<h2>Menjalnik z motorjem<\/h2>\n<table style=\"width: 98.7983%; height: 96px;\" border=\"1\">\n<tbody>\n<tr style=\"height: 24px;\">\n<th style=\"height: 24px; text-align: left; width: 38.4787%;\">Model menjalnika<\/th>\n<td style=\"height: 24px; width: 63.0872%;\">TGP01D-A130-14175-XXX<\/td>\n<\/tr>\n<tr style=\"height: 24px;\">\n<th style=\"height: 24px; text-align: left; width: 38.4787%;\">Redukcijska razmerja<\/th>\n<td style=\"height: 24px; width: 63.0872%;\">48, 120, 180, 220, 288<\/td>\n<\/tr>\n<tr style=\"height: 24px;\">\n<th style=\"height: 24px; text-align: left; width: 38.4787%;\">Hitrosti brez obremenitve (vrt\/min)<\/th>\n<td style=\"height: 24px; width: 63.0872%;\">150, 60, 40, 33, 25<\/td>\n<\/tr>\n<tr style=\"height: 24px;\">\n<th style=\"height: 24px; text-align: left; width: 38.4787%;\">Najve\u010dji trenutni toleran\u010dni navor (kg.cm)<\/th>\n<td style=\"height: 24px; width: 63.0872%;\">0.5, 0.9, 1.2, 1.4, 1.8<\/td>\n<\/tr>\n<\/tbody>\n<\/table>\n<table style=\"color: #666666; font-size: 14px; width: 98.9666%; height: 142px;\" border=\"1\">\n<tbody>\n<tr style=\"height: 24px;\">\n<th style=\"text-align: left; width: 38.5906%; height: 24px;\">Model menjalnika<\/th>\n<td style=\"width: 61.8421%; height: 24px;\">TGP01D-A130-18100-XXX<\/td>\n<\/tr>\n<tr style=\"height: 24px;\">\n<th style=\"text-align: left; width: 38.5906%; height: 24px;\">Redukcijska razmerja<\/th>\n<td style=\"width: 61.8421%; height: 24px;\">48, 120, 180, 220, 288<\/td>\n<\/tr>\n<tr style=\"height: 24px;\">\n<th style=\"text-align: left; width: 38.5906%; height: 24px;\">Hitrosti brez obremenitve (vrt\/min)<\/th>\n<td style=\"width: 61.8421%; height: 24px;\">230, 90, 60, 50, 38<\/td>\n<\/tr>\n<tr style=\"height: 24px;\">\n<th style=\"text-align: left; width: 38.5906%; height: 24px;\">Najve\u010dji trenutni toleran\u010dni navor (kg.cm)<\/th>\n<td style=\"width: 61.8421%; height: 24px;\">0.7, 1.4, 2.0, 2.2, 2.8<\/td>\n<\/tr>\n<\/tbody>\n<\/table>\n<p>&nbsp;<\/p>\n<table border=\"1\" width=\"100%\" cellspacing=\"0\" cellpadding=\"0\">\n<tbody>\n<tr>\n<td colspan=\"2\" rowspan=\"3\" width=\"131\" height=\"65\" data-spm-anchor-id=\"a2700.details.0.i21.659d3e61kGVPBR\">MODEL<\/td>\n<td rowspan=\"3\" width=\"75\">RAZMERJE ZMANJ\u0160EVANJA<\/td>\n<td colspan=\"2\" width=\"133\">NAPETOST<\/td>\n<td colspan=\"2\" width=\"117\">BREZ OBREMENITVE<\/td>\n<td colspan=\"4\" width=\"228\">Z NAJVE\u010cJO U\u010cINKOVITOSTJO<\/td>\n<td colspan=\"2\" width=\"118\">STOJNICA<\/td>\n<\/tr>\n<tr>\n<td rowspan=\"2\" width=\"75\">DELOVNO OBMO\u010cJE<\/td>\n<td width=\"58\">NOMINALNO<\/td>\n<td width=\"55\">HITROST<\/td>\n<td width=\"62\">TRENUTNO<\/td>\n<td width=\"55\">HITROST<\/td>\n<td width=\"62\">TRENUTNO<\/td>\n<td width=\"56\">NAVOR<\/td>\n<td width=\"55\">IZHOD<\/td>\n<td width=\"56\">NAVOR<\/td>\n<td width=\"62\">TRENUTNO<\/td>\n<\/tr>\n<tr>\n<td width=\"58\">V<\/td>\n<td width=\"55\">vrtljaji na minuto<\/td>\n<td width=\"62\">A<\/td>\n<td width=\"55\">vrtljaji na minuto<\/td>\n<td width=\"62\">A<\/td>\n<td width=\"56\">kg.cm<\/td>\n<td width=\"55\">Z<\/td>\n<td width=\"56\">kg.cm<\/td>\n<td width=\"62\">A<\/td>\n<\/tr>\n<tr>\n<td colspan=\"2\" width=\"131\" height=\"24\">T130-02-06500<\/td>\n<td width=\"75\">48\/1<\/td>\n<td width=\"75\">3.0~7.0<\/td>\n<td width=\"58\">6.0<\/td>\n<td width=\"55\">500<\/td>\n<td width=\"62\">0.21<\/td>\n<td width=\"55\">416<\/td>\n<td width=\"62\">1.04<\/td>\n<td width=\"56\">0.4<\/td>\n<td width=\"55\">1.71<\/td>\n<td width=\"56\">2.4<\/td>\n<td width=\"62\">5.2<\/td>\n<\/tr>\n<tr>\n<td colspan=\"2\" width=\"131\" height=\"24\">T130-02-06200<\/td>\n<td width=\"75\">120\/1<\/td>\n<td width=\"75\">3.0~7.0<\/td>\n<td width=\"58\">6.0<\/td>\n<td width=\"55\">200<\/td>\n<td width=\"62\">0.21<\/td>\n<td width=\"55\">415<\/td>\n<td width=\"62\">1.06<\/td>\n<td width=\"56\">1.0<\/td>\n<td width=\"55\">4.26<\/td>\n<td width=\"56\">5.9<\/td>\n<td width=\"62\">5.2<\/td>\n<\/tr>\n<tr>\n<td colspan=\"2\" width=\"131\" height=\"24\">T130-02-09175<\/td>\n<td width=\"75\">48\/1<\/td>\n<td width=\"75\">3.0~10.0<\/td>\n<td width=\"58\">9.0<\/td>\n<td width=\"55\">175<\/td>\n<td width=\"62\">0.09<\/td>\n<td width=\"55\">133<\/td>\n<td width=\"62\">0.17<\/td>\n<td width=\"56\">0.3<\/td>\n<td width=\"55\">0.41<\/td>\n<td width=\"56\">1.3<\/td>\n<td width=\"62\">0.55<\/td>\n<\/tr>\n<tr>\n<td colspan=\"2\" width=\"131\" height=\"24\">T130-02-0938<\/td>\n<td width=\"75\">220\/1<\/td>\n<td width=\"75\">3.0~10.0<\/td>\n<td width=\"58\">9.0<\/td>\n<td width=\"55\">38<\/td>\n<td width=\"62\">0.09<\/td>\n<td width=\"55\">31<\/td>\n<td width=\"62\">0.14<\/td>\n<td width=\"56\">1.0<\/td>\n<td width=\"55\">0.32<\/td>\n<td width=\"56\">5.8<\/td>\n<td width=\"62\">0.55<\/td>\n<\/tr>\n<tr>\n<td colspan=\"2\" width=\"131\" height=\"24\">T130-02-1260<\/td>\n<td width=\"75\">220\/1<\/td>\n<td width=\"75\">3.0~13.0<\/td>\n<td width=\"58\">12.0<\/td>\n<td width=\"55\">60<\/td>\n<td width=\"62\">0.05<\/td>\n<td width=\"55\">48<\/td>\n<td width=\"62\">0.2<\/td>\n<td width=\"56\">1.5<\/td>\n<td width=\"55\">0.74<\/td>\n<td width=\"56\">5.8<\/td>\n<td width=\"62\">0.85<\/td>\n<\/tr>\n<\/tbody>\n<\/table>\n<h2>Drugo Plasti\u010dni menjalnik plus A130 DC motor<\/h2>\n<table style=\"width: 100%; height: 71px;\" border=\"1\" width=\"100%\" cellspacing=\"0\" cellpadding=\"0\">\n<tbody>\n<tr style=\"height: 13.8pt;\">\n<td style=\"height: 13px; width: 49.892%;\" align=\"right\" width=\"64\" height=\"18\"><img loading=\"lazy\" decoding=\"async\" class=\"alignnone size-full wp-image-3344\" src=\"https:\/\/fmp-components.com\/wp-content\/uploads\/2025\/01\/fmp_1.TGP010-A130-1-1.webp\" alt=\"fmp_1.TGP010-A130-1-1\" width=\"600\" height=\"600\" title=\"\" srcset=\"https:\/\/fmp-components.com\/wp-content\/uploads\/2025\/01\/fmp_1.TGP010-A130-1-1.webp 600w, https:\/\/fmp-components.com\/wp-content\/uploads\/2025\/01\/fmp_1.TGP010-A130-1-1-480x480.webp 480w\" sizes=\"(min-width: 0px) and (max-width: 480px) 480px, (min-width: 481px) 600px, 100vw\" \/><\/td>\n<td style=\"width: 49.892%; height: 13px;\" align=\"right\" width=\"64\"><img loading=\"lazy\" decoding=\"async\" class=\"alignnone size-full wp-image-3345\" src=\"https:\/\/fmp-components.com\/wp-content\/uploads\/2025\/01\/fmp_2.TGP010-A130-1-1.webp\" alt=\"fmp_2.TGP010-A130-1-1\" width=\"600\" height=\"600\" title=\"\" srcset=\"https:\/\/fmp-components.com\/wp-content\/uploads\/2025\/01\/fmp_2.TGP010-A130-1-1.webp 600w, https:\/\/fmp-components.com\/wp-content\/uploads\/2025\/01\/fmp_2.TGP010-A130-1-1-480x480.webp 480w\" sizes=\"(min-width: 0px) and (max-width: 480px) 480px, (min-width: 481px) 600px, 100vw\" \/><\/td>\n<\/tr>\n<tr style=\"height: 22px;\">\n<td style=\"height: 22px; text-align: center;\"><strong>TGP01D-A130<\/strong><\/td>\n<td style=\"height: 22px; text-align: center;\"><strong>TGP01S-A130<\/strong><\/td>\n<\/tr>\n<tr style=\"height: 13.8pt;\">\n<td style=\"height: 13px; width: 49.892%;\" align=\"right\" height=\"18\"><img loading=\"lazy\" decoding=\"async\" class=\"alignnone size-full wp-image-3346\" src=\"https:\/\/fmp-components.com\/wp-content\/uploads\/2025\/01\/fmp_3.TGP010-A130-1.webp\" alt=\"fmp_3.TGP010-A130-1\" width=\"600\" height=\"600\" title=\"\" srcset=\"https:\/\/fmp-components.com\/wp-content\/uploads\/2025\/01\/fmp_3.TGP010-A130-1.webp 600w, https:\/\/fmp-components.com\/wp-content\/uploads\/2025\/01\/fmp_3.TGP010-A130-1-480x480.webp 480w\" sizes=\"(min-width: 0px) and (max-width: 480px) 480px, (min-width: 481px) 600px, 100vw\" \/><\/td>\n<td style=\"width: 49.892%; height: 13px;\" align=\"right\"><img loading=\"lazy\" decoding=\"async\" class=\"alignnone size-full wp-image-3347\" src=\"https:\/\/fmp-components.com\/wp-content\/uploads\/2025\/01\/fmp_4.TGP010-A130-1.webp\" alt=\"fmp_4.TGP010-A130-1\" width=\"600\" height=\"600\" title=\"\" srcset=\"https:\/\/fmp-components.com\/wp-content\/uploads\/2025\/01\/fmp_4.TGP010-A130-1.webp 600w, https:\/\/fmp-components.com\/wp-content\/uploads\/2025\/01\/fmp_4.TGP010-A130-1-480x480.webp 480w\" sizes=\"(min-width: 0px) and (max-width: 480px) 480px, (min-width: 481px) 600px, 100vw\" \/><\/td>\n<\/tr>\n<tr style=\"height: 23px;\">\n<td style=\"height: 23px; text-align: center;\"><strong>TGP02D-A130<\/strong><\/td>\n<td style=\"height: 23px; text-align: center;\"><strong>TGP02S-A130<\/strong><\/td>\n<\/tr>\n<\/tbody>\n<\/table>\n<h2>Uporaba:<\/h2>\n<table style=\"width: 100%;\" border=\"1\" width=\"100%\" cellspacing=\"0\" cellpadding=\"0\">\n<tbody>\n<tr>\n<th>Podro\u010dja uporabe<\/th>\n<td><strong>Poslovni stroji:<\/strong> Bankomati, kopirni stroji in skenerji, ravnanje z valutami, prodajna mesta, tiskalniki, prodajni avtomati.<br \/>\n<strong>Hrana in pija\u010da:<\/strong> To\u010denje pija\u010d, ro\u010dni me\u0161alniki, me\u0161alniki, mikserji, kavni avtomati, kuhinjski roboti, sokovniki, cvrtniki, ledomati, aparati za sojino mleko.<br \/>\n<strong>Kamera in optika:<\/strong> Video, kamere, projektorji.<br \/>\n<strong>Elektri\u010dno orodje:<\/strong> Vrtalniki in vija\u010dniki, brusilniki, polirni stroji, \u017eage.<br \/>\n<strong>Travnik in vrt:<\/strong> Kosilnice za trato, sne\u017eni frezkarji, trimerji, puhalniki listja.<\/td>\n<\/tr>\n<\/tbody>\n<\/table>\n<h2 data-pm-slice=\"0 0 []\">Zna\u010dilnosti plasti\u010dnega menjalnika motorja TGP02D-A130<\/h2>\n<p>TGP02D-A130 je visokozmogljiv plasti\u010dni motor z menjalnikom, ki ponuja vsestransko in zanesljivo re\u0161itev za \u0161irok spekter uporabe. Ta motor zdru\u017euje trpe\u017een plasti\u010dni menjalnik z u\u010dinkovitim enosmernim motorjem, zaradi \u010desar je idealen za razli\u010dne zahteve glede nizkega do srednjega navora. Spodaj so navedene klju\u010dne zna\u010dilnosti TGP02D-A130:<\/p>\n<ol>\n<li><strong>Kompaktna zasnova<\/strong>Plasti\u010dni menjalnik ima kompaktno velikost, kar omogo\u010da enostavno integracijo v aplikacije z omejenim prostorom brez kompromisov pri izhodni mo\u010di.<\/li>\n<li><strong>U\u010dinkovita zmogljivost<\/strong>Opremljen z zmogljivim enosmernim motorjem, TGP02D-A130 zagotavlja gladko in u\u010dinkovito delovanje ter zagotavlja dosleden navor in hitrost, primerno za razli\u010dne namene uporabe.<\/li>\n<li><strong>Trpe\u017een plasti\u010dni menjalnik<\/strong>Motor je povezan z vzdr\u017eljivim plasti\u010dnim menjalnikom, kar zagotavlja dolgotrajno delovanje in zmanj\u0161uje skupno te\u017eo sklopa, kar je \u0161e posebej koristno pri lahkih aplikacijah.<\/li>\n<li><strong>Tiho delovanje<\/strong>Zasnovan za tiho delovanje, je TGP02D-A130 idealen za uporabo, kjer je zmanj\u0161anje hrupa klju\u010dnega pomena, na primer v gospodinjskih aparatih in igra\u010dah.<\/li>\n<li><strong>Vsestranskost<\/strong>Ta motor je zelo vsestranski in se lahko uporablja v \u0161tevilnih napravah, vklju\u010dno z robotskimi sistemi, modeli, majhnimi stroji in drugo opremo, ki zahteva natan\u010den nadzor gibanja.<\/li>\n<\/ol>\n<p>Skratka, plasti\u010dni menjalnik motor TGP02D-A130 je zanesljiva, stro\u0161kovno u\u010dinkovita in u\u010dinkovita re\u0161itev za razli\u010dne aplikacije z nizko do srednjo mo\u010djo. Zdru\u017euje mo\u010d plasti\u010dnega menjalnika z natan\u010dnostjo enosmernega motorja in ponuja visoko zmogljivost v kompaktni in vsestranski zasnovi.<\/p>\n<h2>O FMP-ju<\/h2>\n<p>FMP je vodilni proizvajalec, znan po svojem strokovnem znanju na podro\u010dju na\u010drtovanja, razvoja in proizvodnje visoko natan\u010dnih menjalnikov, hidravli\u010dnih cilindrov, motorjev, kardanskih gredi, mikromotorjev in \u0161iroke palete drugih bistvenih komponent. Zahvaljujo\u010d predanosti in strokovnemu znanju na\u0161e usposobljene ekipe smo se uveljavili kot pomemben akter v panogi. Na\u0161i izdelki so distribuirani po Evropi, Severni Ameriki, jugovzhodni Aziji in drugih klju\u010dnih svetovnih trgih, kjer so si prislu\u017eili odli\u010den sloves zaradi kakovosti, zanesljivosti in zmogljivosti.<\/p>\n<p>V podjetju FMP smo opremljeni z naprednimi proizvodnimi obrati, vklju\u010dno s prostornimi proizvodnimi delavnicami, sodobnimi pisarni\u0161kimi prostori in namestitvami za zaposlene. Na\u0161a najsodobnej\u0161a oprema za raziskave in razvoj, proizvodnjo in testiranje nam omogo\u010da, da na\u0161im strankam zagotavljamo visoko specializirane, prilagojene re\u0161itve. Z mo\u010dnimi tehni\u010dnimi zmogljivostmi, u\u010dinkovitimi proizvodnimi procesi in trdnim sistemom upravljanja zagotavljamo, da vsak izdelek izpolnjuje ali presega najvi\u0161je industrijske standarde.<\/p>\n<p>Kakovost je osrednjega pomena za vse, kar po\u010dnemo. Od izbire materialov in oblikovanja do proizvodnje, dostave in povratnih informacij strank, posve\u010damo veliko pozornosti podrobnostim. Zadovoljstvo strank je na\u0161 glavni cilj in predani smo zagotavljanju izjemnih storitev skozi celoten proces. FMP daje prednost dolgoro\u010dnim, obojestransko koristnim odnosom z na\u0161imi strankami ter spodbuja rast in uspeh pred kratkoro\u010dnimi dobi\u010dki.<\/p>\n<p>Vedno smo odprti za sodelovanje in se veselimo gradnje svetlej\u0161e prihodnosti skupaj z na\u0161imi partnerji. Na\u0161e prilagojene re\u0161itve so zasnovane tako, da se prilagajajo spreminjajo\u010dim se potrebam na\u0161ih strank, s \u010dimer zagotavljamo, da vsak projekt prejme vso pozornost in strokovno znanje, ki si ga zaslu\u017ei. Ne glede na to, ali potrebujete standardne izdelke ali re\u0161itve po meri, je FMP zavezan k podpori va\u0161ega uspeha na vsakem koraku poti.<\/p>\n<p><img loading=\"lazy\" decoding=\"async\" class=\"alignnone size-full wp-image-3335\" src=\"https:\/\/fmp-components.com\/wp-content\/uploads\/2025\/01\/DC-motor-tgp01d-a130-product-1.webp\" alt=\"DC-motor-tgp01d-a130\" width=\"883\" height=\"574\" title=\"\" srcset=\"https:\/\/fmp-components.com\/wp-content\/uploads\/2025\/01\/DC-motor-tgp01d-a130-product-1.webp 883w, https:\/\/fmp-components.com\/wp-content\/uploads\/2025\/01\/DC-motor-tgp01d-a130-product-1-480x312.webp 480w\" sizes=\"(min-width: 0px) and (max-width: 480px) 480px, (min-width: 481px) 883px, 100vw\" \/><\/p>\n<p>Avtor: CX<\/p>","protected":false},"excerpt":{"rendered":"<p>Characters: 1. Double shaft.Small size 42.2mm*45.5mm*23mm 2. DC plastic gear motor with low speed and big torque 3. Suitable for small diameter, low noise, and big toque application 4. Reduction Ratio: 48\u3001120\u3001180\u3001220\u3001288 Mini DC Motor Technical Data Motor model No Rated voltage VDC No-load speed r\/min No-load current mA Stall torque g.cm Stall current A [&hellip;]<\/p>","protected":false},"featured_media":3351,"comment_status":"open","ping_status":"closed","template":"","meta":{"_et_pb_use_builder":"","_et_pb_old_content":"","_et_gb_content_width":""},"product_brand":[],"product_cat":[85],"product_tag":[],"class_list":{"0":"post-3341","1":"product","2":"type-product","3":"status-publish","4":"has-post-thumbnail","6":"product_cat-dc-motors","8":"first","9":"instock","10":"shipping-taxable","11":"product-type-simple"},"_links":{"self":[{"href":"https:\/\/fmp-components.com\/sl\/wp-json\/wp\/v2\/product\/3341","targetHints":{"allow":["GET"]}}],"collection":[{"href":"https:\/\/fmp-components.com\/sl\/wp-json\/wp\/v2\/product"}],"about":[{"href":"https:\/\/fmp-components.com\/sl\/wp-json\/wp\/v2\/types\/product"}],"replies":[{"embeddable":true,"href":"https:\/\/fmp-components.com\/sl\/wp-json\/wp\/v2\/comments?post=3341"}],"wp:featuredmedia":[{"embeddable":true,"href":"https:\/\/fmp-components.com\/sl\/wp-json\/wp\/v2\/media\/3351"}],"wp:attachment":[{"href":"https:\/\/fmp-components.com\/sl\/wp-json\/wp\/v2\/media?parent=3341"}],"wp:term":[{"taxonomy":"product_brand","embeddable":true,"href":"https:\/\/fmp-components.com\/sl\/wp-json\/wp\/v2\/product_brand?post=3341"},{"taxonomy":"product_cat","embeddable":true,"href":"https:\/\/fmp-components.com\/sl\/wp-json\/wp\/v2\/product_cat?post=3341"},{"taxonomy":"product_tag","embeddable":true,"href":"https:\/\/fmp-components.com\/sl\/wp-json\/wp\/v2\/product_tag?post=3341"}],"curies":[{"name":"delovni list","href":"https:\/\/api.w.org\/{rel}","templated":true}]}}