{"id":3339,"date":"2025-01-06T08:44:00","date_gmt":"2025-01-06T08:44:00","guid":{"rendered":"https:\/\/fmp-components.com\/?page_id=8"},"modified":"2025-01-07T01:03:57","modified_gmt":"2025-01-07T01:03:57","slug":"plastic-gearbox-mini-geared-motor-tgp01s-a130","status":"publish","type":"product","link":"https:\/\/fmp-components.com\/sl\/product\/plastic-gearbox-mini-geared-motor-tgp01s-a130\/","title":{"rendered":"Mini motor z reduktorjem iz plastike TGP01S-A130"},"content":{"rendered":"<h2>Mini motor z reduktorjem iz plastike TGP01S-A130<\/h2>\n<ul class=\"a-unordered-list a-vertical a-spacing-mini\">\n<li><span class=\"a-list-item\">Menjalnik TGP iz plasti\u010dnih zobnikov in enosmerni motor s trajnim magnetom A130<\/span><\/li>\n<li><span class=\"a-list-item\">Majhen enosmerni motor z zobnikom z nizko hitrostjo in velikim navorom<\/span><\/li>\n<li><span class=\"a-list-item\">primerno za majhne premere, nizek hrup in uporabo z velikim navorom<\/span><\/li>\n<li><span class=\"a-list-item\">razmerje redukcije: 48,120,180,220,288<\/span><\/li>\n<\/ul>\n<h2 align=\"left\" data-spm-anchor-id=\"a2700.details.0.i21.36dd6237ZBajCj\">Znaki mini gonilnega motorja<\/h2>\n<ul>\n<li>Majhen enosmerni motor z zobnikom z nizko hitrostjo in velikim navorom<\/li>\n<li>Primerno za majhne premere. Nizek hrup in velik navor.<\/li>\n<li>Redukcijsko razmerje: 48, 120, 180, 220, 288<\/li>\n<li>Enojna gred. Majhna velikost 18,7 mm * 22,3 mm * 64,5 mm<\/li>\n<li>Enosmerni plasti\u010dni zobni\u0161ki motor z nizko hitrostjo in velikim navorom<\/li>\n<\/ul>\n<p><img loading=\"lazy\" decoding=\"async\" class=\"alignnone size-full wp-image-3342\" src=\"https:\/\/fmp-components.com\/wp-content\/uploads\/2025\/01\/fmp_2.TGP010-A130-2.webp\" alt=\"fmp_2.TGP010-A130-2\" width=\"837\" height=\"522\" title=\"\" srcset=\"https:\/\/fmp-components.com\/wp-content\/uploads\/2025\/01\/fmp_2.TGP010-A130-2.webp 837w, https:\/\/fmp-components.com\/wp-content\/uploads\/2025\/01\/fmp_2.TGP010-A130-2-480x299.webp 480w\" sizes=\"(min-width: 0px) and (max-width: 480px) 480px, (min-width: 481px) 837px, 100vw\" \/><\/p>\n<h2>Tehni\u010dni podatki mini enosmernega motorja<\/h2>\n<table style=\"width: 96.6375%; height: 144px;\" border=\"1\">\n<tbody>\n<tr>\n<td>Model motorja \u0161t.<\/td>\n<td>Nazivna napetost<br \/>\nVDC<\/td>\n<td>Hitrost brez obremenitve<br \/>\nvrt\/min<\/td>\n<td>Tok brez obremenitve<br \/>\nmA<\/td>\n<td>Navor pri zastoju<br \/>\ng.cm<\/td>\n<td>Zastojni tok<br \/>\nA<\/td>\n<\/tr>\n<tr>\n<td>TFE-130RA-12215<\/td>\n<td>6.0<\/td>\n<td>11500<\/td>\n<td>120<\/td>\n<td>20<\/td>\n<td>0.85<\/td>\n<\/tr>\n<tr>\n<td>TFE-130RA-14175<\/td>\n<td>3.0<\/td>\n<td>8000<\/td>\n<td>120<\/td>\n<td>13<\/td>\n<td>0.70<\/td>\n<\/tr>\n<tr>\n<td>TFE-130RA-18100<\/td>\n<td>3.0<\/td>\n<td>11500<\/td>\n<td>250<\/td>\n<td>20<\/td>\n<td>1.80<\/td>\n<\/tr>\n<\/tbody>\n<\/table>\n<h2>Tehni\u010dni podatki o motorju z zobnikom<\/h2>\n<table style=\"width: 96.6375%; height: 120px;\" border=\"1\">\n<tbody>\n<tr style=\"height: 30px;\">\n<th style=\"height: 30px; width: 32.774%; text-align: left;\">Model menjalnika<\/th>\n<td style=\"height: 30px; width: 66.5548%;\">TGP01D-A130-12215-XXX<\/td>\n<\/tr>\n<tr style=\"height: 30px;\">\n<th style=\"height: 30px; width: 32.774%; text-align: left;\">Redukcijska razmerja<\/th>\n<td style=\"height: 30px; width: 66.5548%;\">48, 120, 180, 220, 288<\/td>\n<\/tr>\n<tr style=\"height: 30px;\">\n<th style=\"height: 30px; width: 32.774%; text-align: left;\">Hitrosti brez obremenitve (vrt\/min)<\/th>\n<td style=\"height: 30px; width: 66.5548%;\">230, 90, 60, 50, 38<\/td>\n<\/tr>\n<tr style=\"height: 30px;\">\n<th style=\"height: 30px; width: 32.774%; text-align: left;\">Najve\u010dji trenutni toleran\u010dni navor (kg.cm)<\/th>\n<td style=\"height: 30px; width: 66.5548%;\">0.7, 1.4, 2.0, 2.2, 2.8<\/td>\n<\/tr>\n<\/tbody>\n<\/table>\n<h2>Menjalnik z motorjem<\/h2>\n<table style=\"width: 96.6375%; height: 96px;\" border=\"1\">\n<tbody>\n<tr style=\"height: 24px;\">\n<th style=\"height: 24px; text-align: left; width: 38.4787%;\">Model menjalnika<\/th>\n<td style=\"height: 24px; width: 60.8501%;\">TGP01D-A130-14175-XXX<\/td>\n<\/tr>\n<tr style=\"height: 24px;\">\n<th style=\"height: 24px; text-align: left; width: 38.4787%;\">Redukcijska razmerja<\/th>\n<td style=\"height: 24px; width: 60.8501%;\">48, 120, 180, 220, 288<\/td>\n<\/tr>\n<tr style=\"height: 24px;\">\n<th style=\"height: 24px; text-align: left; width: 38.4787%;\">Hitrosti brez obremenitve (vrt\/min)<\/th>\n<td style=\"height: 24px; width: 60.8501%;\">150, 60, 40, 33, 25<\/td>\n<\/tr>\n<tr style=\"height: 24px;\">\n<th style=\"height: 24px; text-align: left; width: 38.4787%;\">Najve\u010dji trenutni toleran\u010dni navor (kg.cm)<\/th>\n<td style=\"height: 24px; width: 60.8501%;\">0.5, 0.9, 1.2, 1.4, 1.8<\/td>\n<\/tr>\n<\/tbody>\n<\/table>\n<table style=\"width: 96.6375%; height: 120px;\" border=\"1\">\n<tbody>\n<tr>\n<th style=\"text-align: left; width: 38.5906%;\">Model menjalnika<\/th>\n<td style=\"width: 60.7383%;\">TGP01D-A130-18100-XXX<\/td>\n<\/tr>\n<tr>\n<th style=\"text-align: left; width: 38.5906%;\">Redukcijska razmerja<\/th>\n<td style=\"width: 60.7383%;\">48, 120, 180, 220, 288<\/td>\n<\/tr>\n<tr>\n<th style=\"text-align: left; width: 38.5906%;\">Hitrosti brez obremenitve (vrt\/min)<\/th>\n<td style=\"width: 60.7383%;\">230, 90, 60, 50, 38<\/td>\n<\/tr>\n<tr>\n<th style=\"text-align: left; width: 38.5906%;\">Najve\u010dji trenutni toleran\u010dni navor (kg.cm)<\/th>\n<td style=\"width: 60.7383%;\">0.7, 1.4, 2.0, 2.2, 2.8<\/td>\n<\/tr>\n<\/tbody>\n<\/table>\n<h2>Drugo Plasti\u010dni menjalnik plus A130 DC motor<\/h2>\n<table style=\"width: 100%; height: 71px;\" border=\"1\" width=\"100%\" cellspacing=\"0\" cellpadding=\"0\">\n<tbody>\n<tr style=\"height: 13.8pt;\">\n<td style=\"height: 13px; width: 49.892%;\" align=\"right\" width=\"64\" height=\"18\"><img loading=\"lazy\" decoding=\"async\" class=\"alignnone size-full wp-image-3344\" src=\"https:\/\/fmp-components.com\/wp-content\/uploads\/2025\/01\/fmp_1.TGP010-A130-1-1.webp\" alt=\"fmp_1.TGP010-A130-1-1\" width=\"600\" height=\"600\" title=\"\" srcset=\"https:\/\/fmp-components.com\/wp-content\/uploads\/2025\/01\/fmp_1.TGP010-A130-1-1.webp 600w, https:\/\/fmp-components.com\/wp-content\/uploads\/2025\/01\/fmp_1.TGP010-A130-1-1-480x480.webp 480w\" sizes=\"(min-width: 0px) and (max-width: 480px) 480px, (min-width: 481px) 600px, 100vw\" \/><\/td>\n<td style=\"width: 49.892%; height: 13px;\" align=\"right\" width=\"64\"><img loading=\"lazy\" decoding=\"async\" class=\"alignnone size-full wp-image-3345\" src=\"https:\/\/fmp-components.com\/wp-content\/uploads\/2025\/01\/fmp_2.TGP010-A130-1-1.webp\" alt=\"fmp_2.TGP010-A130-1-1\" width=\"600\" height=\"600\" title=\"\" srcset=\"https:\/\/fmp-components.com\/wp-content\/uploads\/2025\/01\/fmp_2.TGP010-A130-1-1.webp 600w, https:\/\/fmp-components.com\/wp-content\/uploads\/2025\/01\/fmp_2.TGP010-A130-1-1-480x480.webp 480w\" sizes=\"(min-width: 0px) and (max-width: 480px) 480px, (min-width: 481px) 600px, 100vw\" \/><\/td>\n<\/tr>\n<tr style=\"height: 22px;\">\n<td style=\"height: 22px; text-align: center;\"><strong>TGP01D-A130<\/strong><\/td>\n<td style=\"height: 22px; text-align: center;\"><strong>TGP01S-A130<\/strong><\/td>\n<\/tr>\n<tr style=\"height: 13.8pt;\">\n<td style=\"height: 13px; width: 49.892%;\" align=\"right\" height=\"18\"><img loading=\"lazy\" decoding=\"async\" class=\"alignnone size-full wp-image-3346\" src=\"https:\/\/fmp-components.com\/wp-content\/uploads\/2025\/01\/fmp_3.TGP010-A130-1.webp\" alt=\"fmp_3.TGP010-A130-1\" width=\"600\" height=\"600\" title=\"\" srcset=\"https:\/\/fmp-components.com\/wp-content\/uploads\/2025\/01\/fmp_3.TGP010-A130-1.webp 600w, https:\/\/fmp-components.com\/wp-content\/uploads\/2025\/01\/fmp_3.TGP010-A130-1-480x480.webp 480w\" sizes=\"(min-width: 0px) and (max-width: 480px) 480px, (min-width: 481px) 600px, 100vw\" \/><\/td>\n<td style=\"width: 49.892%; height: 13px;\" align=\"right\"><img loading=\"lazy\" decoding=\"async\" class=\"alignnone size-full wp-image-3347\" src=\"https:\/\/fmp-components.com\/wp-content\/uploads\/2025\/01\/fmp_4.TGP010-A130-1.webp\" alt=\"fmp_4.TGP010-A130-1\" width=\"600\" height=\"600\" title=\"\" srcset=\"https:\/\/fmp-components.com\/wp-content\/uploads\/2025\/01\/fmp_4.TGP010-A130-1.webp 600w, https:\/\/fmp-components.com\/wp-content\/uploads\/2025\/01\/fmp_4.TGP010-A130-1-480x480.webp 480w\" sizes=\"(min-width: 0px) and (max-width: 480px) 480px, (min-width: 481px) 600px, 100vw\" \/><\/td>\n<\/tr>\n<tr style=\"height: 23px;\">\n<td style=\"height: 23px; text-align: center;\"><strong>TGP02D-A130<\/strong><\/td>\n<td style=\"height: 23px; text-align: center;\"><strong>TGP02S-A130<\/strong><\/td>\n<\/tr>\n<\/tbody>\n<\/table>\n<h2 data-pm-slice=\"0 0 []\">Zna\u010dilnosti mini motorja z reduktorjem iz plastike TGP01S-A130<\/h2>\n<p>Mini motor z reduktorjem iz plastike TGP01S-A130 je kompakten, lahek in u\u010dinkovit motor, zasnovan za manj\u0161e aplikacije, kjer sta prostor in te\u017ea klju\u010dnega pomena. Ta motor zdru\u017euje plasti\u010dni reduktor z mini enosmernim motorjem, kar ponuja vsestranskost in zanesljivost v razli\u010dnih aplikacijah. Tukaj so klju\u010dne zna\u010dilnosti modela TGP01S-A130:<\/p>\n<ol>\n<li><strong>Kompaktna in lahka zasnova<\/strong>:\n<ul>\n<li>TGP01S-A130 je zasnovan s kompaktno strukturo, zaradi \u010desar je idealen za aplikacije z omejenim prostorom. Lahek plasti\u010dni menjalnik zmanj\u0161uje skupno te\u017eo motorja, kar omogo\u010da enostavno integracijo v majhne naprave in sisteme.<\/li>\n<\/ul>\n<\/li>\n<li><strong>Konstrukcija plasti\u010dnega menjalnika<\/strong>:\n<ul>\n<li>Uporaba trpe\u017ene plastike v menjalniku zagotavlja lahko, a mo\u010dno strukturo, ki omogo\u010da nemoteno delovanje, hkrati pa ohranja stro\u0161kovno u\u010dinkovito celotno delovanje motorja. Plasti\u010dni material pomaga tudi zmanj\u0161ati hrup med delovanjem.<\/li>\n<\/ul>\n<\/li>\n<li><strong>Visok navor<\/strong>:\n<ul>\n<li>Kljub svoji majhnosti ponuja TGP01S-A130 dobro ravnovesje med navorom in hitrostjo, zaradi \u010desar je primeren za naloge, ki zahtevajo zmeren navor, kot je pogon majhnih koles, aktuatorjev ali drugih lahkih strojev.<\/li>\n<\/ul>\n<\/li>\n<li><strong>U\u010dinkovit prenos mo\u010di<\/strong>:\n<ul>\n<li>Motor z gonilom je zasnovan za u\u010dinkovit prenos mo\u010di, optimizira porabo elektri\u010dne energije in hkrati zmanj\u0161uje izgube. Zaradi tega je motor idealen za naprave na baterije in aplikacije, ki zahtevajo visoko u\u010dinkovitost.<\/li>\n<\/ul>\n<\/li>\n<li><strong>Gladko in tiho delovanje<\/strong>:\n<ul>\n<li>Z natan\u010dno izdelanim plasti\u010dnim menjalnikom motor deluje tiho in gladko, zaradi \u010desar je odli\u010dna izbira za aplikacije, kjer je pomembno zmanj\u0161anje hrupa, na primer v igra\u010dah, medicinskih pripomo\u010dkih ali gospodinjskih aparatih.<\/li>\n<\/ul>\n<\/li>\n<\/ol>\n<p>Mini motor z reduktorjem iz plastike TGP01S-A130 zdru\u017euje kompaktno velikost, nizko porabo energije, visok navor in tiho delovanje v stro\u0161kovno u\u010dinkovitem in vsestranskem ohi\u0161ju. Zaradi svoje vzdr\u017eljivosti, u\u010dinkovitosti in \u0161irokega napetostnega razpona je idealen za \u0161irok spekter aplikacij, od robotike do potro\u0161ni\u0161kih izdelkov.<\/p>\n<h2>O FMP-ju<\/h2>\n<p>FMP je vodilni proizvajalec, specializiran za na\u010drtovanje, razvoj in proizvodnjo visoko natan\u010dnih menjalnikov, hidravli\u010dnih cilindrov, motorjev, kardanskih gredi, mikromotorjev in \u0161iroke palete drugih klju\u010dnih komponent. S predanostjo in trdim delom na\u0161e usposobljene ekipe smo se pozicionirali kot vodilni v panogi. Na\u0161i izdelki so \u0161iroko raz\u0161irjeni po Evropi, Severni Ameriki, jugovzhodni Aziji in drugih klju\u010dnih trgih, s \u010dimer si prislu\u017eijo dober sloves kakovosti in odli\u010dnosti. Na\u0161e stranke nenehno hvalijo delovanje in zanesljivost na\u0161ih izdelkov.<\/p>\n<p>V podjetju FMP smo opremljeni z najsodobnej\u0161imi proizvodnimi obrati, vklju\u010dno z obse\u017enimi proizvodnimi delavnicami, pisarni\u0161kimi prostori in namestitvami za zaposlene. Imamo tudi najsodobnej\u0161o opremo za raziskave in razvoj, proizvodnjo in testiranje. Na\u0161i namenski oddelki za in\u017eeniring, izdelavo kalupov in monta\u017eo so dobro opremljeni za zagotavljanje popolnoma prilagojenih re\u0161itev, ki ustrezajo edinstvenim potrebam vsake stranke. Z robustno tehni\u010dno osnovo, poenostavljenimi proizvodnimi procesi in u\u010dinkovitim sistemom upravljanja FMP zagotavlja, da vsi izdelki izpolnjujejo najvi\u0161je industrijske standarde.<\/p>\n<p>Kakovost je v sredi\u0161\u010du na\u0161ega delovanja. Od izbire materialov in zasnove do proizvodnje, dostave in povratnih informacij strank posve\u010damo veliko pozornosti vsaki podrobnosti. Zadovoljstvo strank je na\u0161a glavna prioriteta in zavezani smo k zagotavljanju izjemnih storitev na vsaki stopnji procesa. FMP se ne osredoto\u010da na pretiran dobi\u010dek, temve\u010d na gradnjo dolgoro\u010dnih, obojestransko koristnih partnerstev z na\u0161imi strankami, kar zagotavlja trajnostno rast in uspeh.<\/p>\n<p>Veselimo se sodelovanja in ustvarjanja svetlej\u0161e prihodnosti z na\u0161imi partnerji. Na\u0161e prilagojene re\u0161itve so zasnovane tako, da ustrezajo spreminjajo\u010dim se zahtevam na\u0161ih strank, s \u010dimer zagotavljamo, da vsak projekt prejme vso pozornost in strokovno znanje, ki si ga zaslu\u017ei. Ne glede na to, ali i\u0161\u010dete standardne izdelke ali re\u0161itve po meri, je FMP predan podpori va\u0161ega uspeha na vsakem koraku.<\/p>\n<p><img loading=\"lazy\" decoding=\"async\" class=\"alignnone size-full wp-image-3335\" src=\"https:\/\/fmp-components.com\/wp-content\/uploads\/2025\/01\/DC-motor-tgp01d-a130-product-1.webp\" alt=\"DC-motor-tgp01d-a130\" width=\"883\" height=\"574\" title=\"\" srcset=\"https:\/\/fmp-components.com\/wp-content\/uploads\/2025\/01\/DC-motor-tgp01d-a130-product-1.webp 883w, https:\/\/fmp-components.com\/wp-content\/uploads\/2025\/01\/DC-motor-tgp01d-a130-product-1-480x312.webp 480w\" sizes=\"(min-width: 0px) and (max-width: 480px) 480px, (min-width: 481px) 883px, 100vw\" \/><\/p>\n<p>Avtor: CX<\/p>","protected":false},"excerpt":{"rendered":"<p>Plastic Gearbox Mini Geared Motor TGP01S-A130 TGP plastic gears gearbox plus A130 permanent magnet DC motor small size dc gear motor with low speed and big torque suitable to small diameter, low noise, and big torque application reduction ratio: 48,120,180,220,288 Characters of Mini Geared Motor Small size dc gear motor with low speed and big [&hellip;]<\/p>","protected":false},"featured_media":3340,"comment_status":"open","ping_status":"closed","template":"","meta":{"_et_pb_use_builder":"","_et_pb_old_content":"","_et_gb_content_width":""},"product_brand":[],"product_cat":[85],"product_tag":[],"class_list":{"0":"post-3339","1":"product","2":"type-product","3":"status-publish","4":"has-post-thumbnail","6":"product_cat-dc-motors","8":"first","9":"instock","10":"shipping-taxable","11":"product-type-simple"},"_links":{"self":[{"href":"https:\/\/fmp-components.com\/sl\/wp-json\/wp\/v2\/product\/3339","targetHints":{"allow":["GET"]}}],"collection":[{"href":"https:\/\/fmp-components.com\/sl\/wp-json\/wp\/v2\/product"}],"about":[{"href":"https:\/\/fmp-components.com\/sl\/wp-json\/wp\/v2\/types\/product"}],"replies":[{"embeddable":true,"href":"https:\/\/fmp-components.com\/sl\/wp-json\/wp\/v2\/comments?post=3339"}],"wp:featuredmedia":[{"embeddable":true,"href":"https:\/\/fmp-components.com\/sl\/wp-json\/wp\/v2\/media\/3340"}],"wp:attachment":[{"href":"https:\/\/fmp-components.com\/sl\/wp-json\/wp\/v2\/media?parent=3339"}],"wp:term":[{"taxonomy":"product_brand","embeddable":true,"href":"https:\/\/fmp-components.com\/sl\/wp-json\/wp\/v2\/product_brand?post=3339"},{"taxonomy":"product_cat","embeddable":true,"href":"https:\/\/fmp-components.com\/sl\/wp-json\/wp\/v2\/product_cat?post=3339"},{"taxonomy":"product_tag","embeddable":true,"href":"https:\/\/fmp-components.com\/sl\/wp-json\/wp\/v2\/product_tag?post=3339"}],"curies":[{"name":"delovni list","href":"https:\/\/api.w.org\/{rel}","templated":true}]}}