{"id":332,"date":"2024-12-09T07:11:22","date_gmt":"2024-12-09T07:11:22","guid":{"rendered":"https:\/\/fmp-components.com\/?page_id=8"},"modified":"2024-12-09T07:14:00","modified_gmt":"2024-12-09T07:14:00","slug":"forklift-distance-adjustment-hydraulic-cylinder","status":"publish","type":"product","link":"https:\/\/fmp-components.com\/sl\/product\/forklift-distance-adjustment-hydraulic-cylinder\/","title":{"rendered":"Hidravli\u010dni cilinder za nastavitev razdalje vili\u010darja"},"content":{"rendered":"<p style=\"text-align: center;\"><span style=\"font-size: 18pt;\">Hidravli\u010dni cilinder za nastavitev razdalje vili\u010darja<\/span><\/p>\n<p><img loading=\"lazy\" decoding=\"async\" class=\"size-full wp-image-343 aligncenter\" src=\"https:\/\/fmp-components.com\/wp-content\/uploads\/2024\/12\/Forklift-Distance-Adjustment-Hydraulic-Cylinder.webp\" alt=\"Hidravli\u010dni cilinder za nastavitev razdalje vili\u010darja\" width=\"500\" height=\"500\" title=\"\" srcset=\"https:\/\/fmp-components.com\/wp-content\/uploads\/2024\/12\/Forklift-Distance-Adjustment-Hydraulic-Cylinder.webp 500w, https:\/\/fmp-components.com\/wp-content\/uploads\/2024\/12\/Forklift-Distance-Adjustment-Hydraulic-Cylinder-480x480.webp 480w\" sizes=\"(min-width: 0px) and (max-width: 480px) 480px, (min-width: 481px) 500px, 100vw\" \/><\/p>\n<h2>Dimenzije hidravli\u010dnega cilindra za nastavitev razdalje vili\u010darja:<\/h2>\n<table>\n<tbody>\n<tr>\n<td>\n<h2><img loading=\"lazy\" decoding=\"async\" class=\"alignnone size-full wp-image-333\" src=\"https:\/\/fmp-components.com\/wp-content\/uploads\/2024\/12\/Forklift-Distance-Adjustment-Hydraulic-Cylinder-Dimensions-1.webp\" alt=\"Dimenzije hidravli\u010dnega cilindra za nastavitev razdalje vili\u010darja\" width=\"600\" height=\"240\" title=\"\" srcset=\"https:\/\/fmp-components.com\/wp-content\/uploads\/2024\/12\/Forklift-Distance-Adjustment-Hydraulic-Cylinder-Dimensions-1.webp 600w, https:\/\/fmp-components.com\/wp-content\/uploads\/2024\/12\/Forklift-Distance-Adjustment-Hydraulic-Cylinder-Dimensions-1-480x192.webp 480w\" sizes=\"(min-width: 0px) and (max-width: 480px) 480px, (min-width: 481px) 600px, 100vw\" \/><\/h2>\n<\/td>\n<td>\n<h2><img loading=\"lazy\" decoding=\"async\" class=\"alignnone size-full wp-image-334\" src=\"https:\/\/fmp-components.com\/wp-content\/uploads\/2024\/12\/Forklift-Distance-Adjustment-Hydraulic-Cylinder-Dimensions-2.webp\" alt=\"Dimenzije hidravli\u010dnega cilindra za nastavitev razdalje vili\u010darja\" width=\"600\" height=\"240\" title=\"\" srcset=\"https:\/\/fmp-components.com\/wp-content\/uploads\/2024\/12\/Forklift-Distance-Adjustment-Hydraulic-Cylinder-Dimensions-2.webp 600w, https:\/\/fmp-components.com\/wp-content\/uploads\/2024\/12\/Forklift-Distance-Adjustment-Hydraulic-Cylinder-Dimensions-2-480x192.webp 480w\" sizes=\"(min-width: 0px) and (max-width: 480px) 480px, (min-width: 481px) 600px, 100vw\" \/><\/h2>\n<\/td>\n<\/tr>\n<\/tbody>\n<\/table>\n<table border=\"1\" cellspacing=\"0\" cellpadding=\"0\">\n<tbody>\n<tr>\n<td width=\"246\">Ime cilindra<\/td>\n<td width=\"336\">\u0160tevilka risbe<\/td>\n<td width=\"126\">Premer izvrtine (D)<\/td>\n<td width=\"123\">Premer palice (d)<\/td>\n<td width=\"114\">Hod (S)<\/td>\n<td width=\"170\">Razdalja namestitve (L)<\/td>\n<td width=\"172\">Delovni tlak<\/td>\n<td width=\"366\">Dimenzije vmesnika (M)<\/td>\n<td width=\"96\">Te\u017ea<\/td>\n<\/tr>\n<tr>\n<td class=\"et3\" width=\"246\" height=\"286\">Cilinder za nastavitev razdalje<\/td>\n<td class=\"et4\" width=\"336\">3CS17G-30-00T4<\/td>\n<td class=\"et4\" width=\"126\">\u03a650<\/td>\n<td class=\"et4\" width=\"123\">\u03a625<\/td>\n<td class=\"et4\" width=\"114\">295<\/td>\n<td class=\"et4\" width=\"170\">503<\/td>\n<td class=\"et4\" width=\"172\">16 MPa<\/td>\n<td class=\"et4\" width=\"366\">2-M16*1,5<\/td>\n<td class=\"et4\" width=\"96\">7 kg<\/td>\n<\/tr>\n<\/tbody>\n<\/table>\n<table>\n<tbody>\n<tr>\n<td>\n<h2><img loading=\"lazy\" decoding=\"async\" class=\"alignnone size-full wp-image-335\" src=\"https:\/\/fmp-components.com\/wp-content\/uploads\/2024\/12\/Forklift-Distance-Adjustment-Hydraulic-Cylinder-Dimensions-3.webp\" alt=\"Dimenzije hidravli\u010dnega cilindra za nastavitev razdalje vili\u010darja\" width=\"680\" height=\"260\" title=\"\" srcset=\"https:\/\/fmp-components.com\/wp-content\/uploads\/2024\/12\/Forklift-Distance-Adjustment-Hydraulic-Cylinder-Dimensions-3.webp 680w, https:\/\/fmp-components.com\/wp-content\/uploads\/2024\/12\/Forklift-Distance-Adjustment-Hydraulic-Cylinder-Dimensions-3-480x184.webp 480w\" sizes=\"(min-width: 0px) and (max-width: 480px) 480px, (min-width: 481px) 680px, 100vw\" \/><\/h2>\n<\/td>\n<td>\n<h2><img loading=\"lazy\" decoding=\"async\" class=\"alignnone size-full wp-image-336\" src=\"https:\/\/fmp-components.com\/wp-content\/uploads\/2024\/12\/Forklift-Distance-Adjustment-Hydraulic-Cylinder-Dimensions-4.webp\" alt=\"Dimenzije hidravli\u010dnega cilindra za nastavitev razdalje vili\u010darja\" width=\"680\" height=\"260\" title=\"\" srcset=\"https:\/\/fmp-components.com\/wp-content\/uploads\/2024\/12\/Forklift-Distance-Adjustment-Hydraulic-Cylinder-Dimensions-4.webp 680w, https:\/\/fmp-components.com\/wp-content\/uploads\/2024\/12\/Forklift-Distance-Adjustment-Hydraulic-Cylinder-Dimensions-4-480x184.webp 480w\" sizes=\"(min-width: 0px) and (max-width: 480px) 480px, (min-width: 481px) 680px, 100vw\" \/><\/h2>\n<\/td>\n<\/tr>\n<\/tbody>\n<\/table>\n<table border=\"1\" cellspacing=\"0\" cellpadding=\"0\">\n<tbody>\n<tr>\n<td width=\"246\">Ime cilindra<\/td>\n<td width=\"336\">\u0160tevilka risbe<\/td>\n<td width=\"126\">Premer izvrtine (D)<\/td>\n<td width=\"123\">Premer palice (d)<\/td>\n<td width=\"114\">Hod (S)<\/td>\n<td width=\"170\">Razdalja namestitve (L)<\/td>\n<td width=\"172\">Delovni tlak<\/td>\n<td width=\"366\">Dimenzije vmesnika (M)<\/td>\n<td width=\"96\">Te\u017ea<\/td>\n<\/tr>\n<tr>\n<td class=\"et3\" width=\"246\" height=\"286\">Cilinder za nastavitev razdalje<\/td>\n<td class=\"et4\" width=\"336\">7B3-303000-00TA<\/td>\n<td class=\"et4\" width=\"126\">\u03a650<\/td>\n<td class=\"et4\" width=\"123\">\u03a628<\/td>\n<td class=\"et4\" width=\"114\">750<\/td>\n<td class=\"et4\" width=\"170\">1040<\/td>\n<td class=\"et4\" width=\"172\">18 MPa<\/td>\n<td class=\"et4\" width=\"366\">M14*1,5; M16*1,5<\/td>\n<td class=\"et4\" width=\"96\">14 kg<\/td>\n<\/tr>\n<\/tbody>\n<\/table>\n<table>\n<tbody>\n<tr>\n<td>\n<h2><img loading=\"lazy\" decoding=\"async\" class=\"alignnone size-full wp-image-337\" src=\"https:\/\/fmp-components.com\/wp-content\/uploads\/2024\/12\/Forklift-Distance-Adjustment-Hydraulic-Cylinder-Dimensions-5.webp\" alt=\"Dimenzije hidravli\u010dnega cilindra za nastavitev razdalje vili\u010darja\" width=\"680\" height=\"280\" title=\"\" srcset=\"https:\/\/fmp-components.com\/wp-content\/uploads\/2024\/12\/Forklift-Distance-Adjustment-Hydraulic-Cylinder-Dimensions-5.webp 680w, https:\/\/fmp-components.com\/wp-content\/uploads\/2024\/12\/Forklift-Distance-Adjustment-Hydraulic-Cylinder-Dimensions-5-480x198.webp 480w\" sizes=\"(min-width: 0px) and (max-width: 480px) 480px, (min-width: 481px) 680px, 100vw\" \/><\/h2>\n<\/td>\n<td>\n<h2><img loading=\"lazy\" decoding=\"async\" class=\"alignnone size-full wp-image-338\" src=\"https:\/\/fmp-components.com\/wp-content\/uploads\/2024\/12\/Forklift-Distance-Adjustment-Hydraulic-Cylinder-Dimensions-6.webp\" alt=\"Dimenzije hidravli\u010dnega cilindra za nastavitev razdalje vili\u010darja\" width=\"680\" height=\"280\" title=\"\" srcset=\"https:\/\/fmp-components.com\/wp-content\/uploads\/2024\/12\/Forklift-Distance-Adjustment-Hydraulic-Cylinder-Dimensions-6.webp 680w, https:\/\/fmp-components.com\/wp-content\/uploads\/2024\/12\/Forklift-Distance-Adjustment-Hydraulic-Cylinder-Dimensions-6-480x198.webp 480w\" sizes=\"(min-width: 0px) and (max-width: 480px) 480px, (min-width: 481px) 680px, 100vw\" \/><\/h2>\n<\/td>\n<\/tr>\n<\/tbody>\n<\/table>\n<table border=\"1\" cellspacing=\"0\" cellpadding=\"0\">\n<tbody>\n<tr>\n<td width=\"246\">Ime cilindra<\/td>\n<td width=\"336\">\u0160tevilka risbe<\/td>\n<td width=\"126\">Premer izvrtine (D)<\/td>\n<td width=\"123\">Premer palice (d)<\/td>\n<td width=\"114\">Hod (S)<\/td>\n<td width=\"170\">Razdalja namestitve (L)<\/td>\n<td width=\"172\">Delovni tlak<\/td>\n<td width=\"366\">Dimenzije vmesnika (M)<\/td>\n<td width=\"96\">Te\u017ea<\/td>\n<\/tr>\n<tr>\n<td class=\"et3\" width=\"246\" height=\"284\">Cilinder za nastavitev razdalje<\/td>\n<td class=\"et4\" width=\"336\">5CS17-40-00Z<\/td>\n<td class=\"et4\" width=\"126\">\u03a650<\/td>\n<td class=\"et4\" width=\"123\">\u03a625<\/td>\n<td class=\"et4\" width=\"114\">619<\/td>\n<td class=\"et4\" width=\"170\">889<\/td>\n<td class=\"et4\" width=\"172\">15 MPa<\/td>\n<td class=\"et4\" width=\"366\">M14*1,5<\/td>\n<td class=\"et4\" width=\"96\">13 kg<\/td>\n<\/tr>\n<\/tbody>\n<\/table>\n<table>\n<tbody>\n<tr>\n<td>\n<h2><img loading=\"lazy\" decoding=\"async\" class=\"alignnone size-full wp-image-339\" src=\"https:\/\/fmp-components.com\/wp-content\/uploads\/2024\/12\/Forklift-Distance-Adjustment-Hydraulic-Cylinder-Dimensions-7.webp\" alt=\"Dimenzije hidravli\u010dnega cilindra za nastavitev razdalje vili\u010darja\" width=\"680\" height=\"290\" title=\"\" srcset=\"https:\/\/fmp-components.com\/wp-content\/uploads\/2024\/12\/Forklift-Distance-Adjustment-Hydraulic-Cylinder-Dimensions-7.webp 680w, https:\/\/fmp-components.com\/wp-content\/uploads\/2024\/12\/Forklift-Distance-Adjustment-Hydraulic-Cylinder-Dimensions-7-480x205.webp 480w\" sizes=\"(min-width: 0px) and (max-width: 480px) 480px, (min-width: 481px) 680px, 100vw\" \/><\/h2>\n<\/td>\n<td>\n<h2><img loading=\"lazy\" decoding=\"async\" class=\"alignnone size-full wp-image-340\" src=\"https:\/\/fmp-components.com\/wp-content\/uploads\/2024\/12\/Forklift-Distance-Adjustment-Hydraulic-Cylinder-Dimensions-8.webp\" alt=\"Dimenzije hidravli\u010dnega cilindra za nastavitev razdalje vili\u010darja\" width=\"680\" height=\"290\" title=\"\" srcset=\"https:\/\/fmp-components.com\/wp-content\/uploads\/2024\/12\/Forklift-Distance-Adjustment-Hydraulic-Cylinder-Dimensions-8.webp 680w, https:\/\/fmp-components.com\/wp-content\/uploads\/2024\/12\/Forklift-Distance-Adjustment-Hydraulic-Cylinder-Dimensions-8-480x205.webp 480w\" sizes=\"(min-width: 0px) and (max-width: 480px) 480px, (min-width: 481px) 680px, 100vw\" \/><\/h2>\n<\/td>\n<\/tr>\n<\/tbody>\n<\/table>\n<table border=\"1\" cellspacing=\"0\" cellpadding=\"0\">\n<tbody>\n<tr>\n<td width=\"246\">Ime cilindra<\/td>\n<td width=\"336\">\u0160tevilka risbe<\/td>\n<td width=\"126\">Premer izvrtine (D)<\/td>\n<td width=\"123\">Premer palice (d)<\/td>\n<td width=\"114\">Hod (S)<\/td>\n<td width=\"170\">Razdalja namestitve (L)<\/td>\n<td width=\"172\">Delovni tlak<\/td>\n<td width=\"366\">Dimenzije vmesnika (M)<\/td>\n<td width=\"96\">Te\u017ea<\/td>\n<\/tr>\n<tr>\n<td class=\"et3\" width=\"246\" height=\"334\">Cilinder za nastavitev razdalje<\/td>\n<td class=\"et4\" width=\"336\">8M3-304000A-625<\/td>\n<td class=\"et4\" width=\"126\">\u03a663<\/td>\n<td class=\"et4\" width=\"123\">\u03a632<\/td>\n<td class=\"et4\" width=\"114\">855<\/td>\n<td class=\"et4\" width=\"170\">1174<\/td>\n<td class=\"et4\" width=\"172\">20 MPa<\/td>\n<td class=\"et4\" width=\"366\">2-M16*1,5<\/td>\n<td class=\"et4\" width=\"96\">22 kg<\/td>\n<\/tr>\n<\/tbody>\n<\/table>\n<table>\n<tbody>\n<tr>\n<td>\n<h2><img loading=\"lazy\" decoding=\"async\" class=\"alignnone size-full wp-image-341\" src=\"https:\/\/fmp-components.com\/wp-content\/uploads\/2024\/12\/Forklift-Distance-Adjustment-Hydraulic-Cylinder-Dimensions-9.webp\" alt=\"Dimenzije hidravli\u010dnega cilindra za nastavitev razdalje vili\u010darja\" width=\"680\" height=\"265\" title=\"\" srcset=\"https:\/\/fmp-components.com\/wp-content\/uploads\/2024\/12\/Forklift-Distance-Adjustment-Hydraulic-Cylinder-Dimensions-9.webp 680w, https:\/\/fmp-components.com\/wp-content\/uploads\/2024\/12\/Forklift-Distance-Adjustment-Hydraulic-Cylinder-Dimensions-9-480x187.webp 480w\" sizes=\"(min-width: 0px) and (max-width: 480px) 480px, (min-width: 481px) 680px, 100vw\" \/><\/h2>\n<\/td>\n<td>\n<h2><img loading=\"lazy\" decoding=\"async\" class=\"alignnone size-full wp-image-342\" src=\"https:\/\/fmp-components.com\/wp-content\/uploads\/2024\/12\/Forklift-Distance-Adjustment-Hydraulic-Cylinder-Dimensions-10.webp\" alt=\"Dimenzije hidravli\u010dnega cilindra za nastavitev razdalje vili\u010darja\" width=\"680\" height=\"265\" title=\"\" srcset=\"https:\/\/fmp-components.com\/wp-content\/uploads\/2024\/12\/Forklift-Distance-Adjustment-Hydraulic-Cylinder-Dimensions-10.webp 680w, https:\/\/fmp-components.com\/wp-content\/uploads\/2024\/12\/Forklift-Distance-Adjustment-Hydraulic-Cylinder-Dimensions-10-480x187.webp 480w\" sizes=\"(min-width: 0px) and (max-width: 480px) 480px, (min-width: 481px) 680px, 100vw\" \/><\/h2>\n<\/td>\n<\/tr>\n<\/tbody>\n<\/table>\n<table border=\"1\" cellspacing=\"0\" cellpadding=\"0\">\n<tbody>\n<tr>\n<td width=\"246\">Ime cilindra<\/td>\n<td width=\"336\">\u0160tevilka risbe<\/td>\n<td width=\"126\">Premer izvrtine (D)<\/td>\n<td width=\"123\">Premer palice (d)<\/td>\n<td width=\"114\">Hod (S)<\/td>\n<td width=\"170\">Razdalja namestitve (L)<\/td>\n<td width=\"172\">Delovni tlak<\/td>\n<td width=\"366\">Dimenzije vmesnika (M)<\/td>\n<td width=\"96\">Te\u017ea<\/td>\n<\/tr>\n<tr>\n<td class=\"et3\" width=\"246\" height=\"284\">Cilinder za nastavitev razdalje<\/td>\n<td class=\"et4\" width=\"336\">7B3-304000-00<\/td>\n<td class=\"et4\" width=\"126\">\u03a670<\/td>\n<td class=\"et4\" width=\"123\">\u03a630<\/td>\n<td class=\"et4\" width=\"114\">300<\/td>\n<td class=\"et4\" width=\"170\">536<\/td>\n<td class=\"et4\" width=\"172\">18 MPa<\/td>\n<td class=\"et4\" width=\"366\">2-M14*1,5<\/td>\n<td class=\"et4\" width=\"96\">13,5 kg<\/td>\n<\/tr>\n<\/tbody>\n<\/table>\n<h2>Razpolo\u017eljive znamke in modeli hidravli\u010dnih cilindrov:<\/h2>\n<table border=\"1\" cellspacing=\"0\" cellpadding=\"0\">\n<tbody>\n<tr>\n<td><b data-spm-anchor-id=\"a2700.details.0.i43.45d84a73e99C9z\">KOMATSU (PC)<\/b><\/td>\n<td>PC30, PC40, PC50, PC56, PC60, PC78, PC100, PC110, PC120, PC130, PC160, PC200-3\/5\/6\/7\/8\/8MO, PC210, PC220-5\/6\/7\/8\/8MO, PC240, PC300\/350\/360-5\/6\/7\/8\/8MO, PC400\/450-5\/6\/7\/8\/8MO, PC800, PC850<\/td>\n<\/tr>\n<tr>\n<td><b>GOSENJAK (E)<\/b><\/td>\n<td>E301.5, E302, E305.5, E306, E307V1\/V2\/B\/C\/D\/E\/F, E308B\/C, E120B, E312V1\/V2\/B\/C\/D, E313D2, E312D2, E315D<br \/>\nE200B,E320V1\/V2\/A\/B\/C\/D,E324D,E325C\/D,E329D,E330\/336C\/D,E345C,E349D,E365C,E374,E390<\/td>\n<\/tr>\n<tr>\n<td><b>KOBELCO (SK)<\/b><\/td>\n<td>SK60-3\/5\/8, SK75-8\/SR, SK100, SK120-3\/5, SK135-8\/SR, SK140-8, SK200-3\/5\/6\/6E, SK210-3\/5\/6\/6E,<br \/>\nSK230\/250-6E,SK250-8,SK260-8,SK350-8\/S8,SK460\/480-8<\/td>\n<\/tr>\n<tr>\n<td><b>HYUNDAI (R)<\/b><\/td>\n<td>R55-5\/7, R60-5\/7, R80, R110, R130, R200-5, R210-5, R215-5\/7, R220-5\/7\/9, R225-5\/7\/9, R250, R260, R265, R290, R305, R445, R485, R505<\/td>\n<\/tr>\n<tr>\n<td><b data-spm-anchor-id=\"a2700.details.0.i53.45d84a73e99C9z\">HITACHI (npr. ZX)<\/b><\/td>\n<td>EX60, EX100-1\/2\/3, EX120-1\/3\/5\/6, EX200-1\/3\/5, EX230-5, EX300-1, EX400<br \/>\nZAX60,ZAX70,ZA120-6,ZAX200\/210-1\/3\/5\/5K,ZAX240,ZAX250,ZAX260,ZAX330-3\/5\/6,ZAX450\/470,ZAX650\/670,ZAX850\/870<\/td>\n<\/tr>\n<tr>\n<td>\n<div class=\"magic-32\"><b data-spm-anchor-id=\"a2700.details.0.i55.45d84a73e99C9z\">DOOSAN (DH\/DX)<\/b><\/div>\n<\/td>\n<td>\n<div class=\"magic-33\"><span class=\"magic-34\">DH55, DH60, DH80, DH150, DH215-5\/7, DH220-5, DH225-5\/7, DH258, DH300-5\/7, DH370, DH420, DH500<br \/>\nDX55, DX60, DX75, DX130, DX225-9, DX300, DX380, DX420, DX500<\/span><\/div>\n<\/td>\n<\/tr>\n<tr>\n<td>\n<div class=\"magic-32\"><b>VOLVO (ES)<\/b><\/div>\n<\/td>\n<td>\n<div class=\"magic-33\"><span class=\"magic-34\">EC55, EC60, EC75, EC80, EC140, EC210B\/D, EC220D, EC240, EC250, EC290, EC300, EC360, EC380, EC460, EC480, EC700, EC750, EC950<\/span><\/div>\n<\/td>\n<\/tr>\n<tr>\n<td>\n<div class=\"magic-32\"><b>KATO (HD)<\/b><\/div>\n<\/td>\n<td>\n<div class=\"magic-33\"><span class=\"magic-34\">HD307\/308, HD450, HD512, HD700-5\/7, HD820-1\/2\/3\/5\/R, HD1023-1\/3, HD1430-1\/3<\/span><\/div>\n<\/td>\n<\/tr>\n<tr>\n<td>\n<div class=\"magic-32\"><b>DRUGA ZNAMKA<\/b><\/div>\n<\/td>\n<td>\n<div class=\"magic-33\"><span class=\"magic-34\">XCMG,LIUGONG,KUBOTA,CASE,YANMAR,SUNWARD,ZOOMLION,LISHIDE,LIEHERR<\/span><\/div>\n<\/td>\n<\/tr>\n<\/tbody>\n<\/table>\n<h3>Uporaba hidravli\u010dnega cilindra za nastavitev razdalje vili\u010darja<\/h3>\n<p>Hidravli\u010dni cilinder za nastavitev razdalje vili\u010darja je bistvena komponenta, ki igra pomembno vlogo v razli\u010dnih aplikacijah pri ravnanju z materiali in logistiki. Tukaj je nekaj klju\u010dnih aplikacij:<\/p>\n<h4>1. Vsestranskost obremenitve<\/h4>\n<p>Hidravli\u010dni cilinder omogo\u010da nastavitev razmika med vilicami, kar vili\u010darjem omogo\u010da, da preva\u017eajo \u0161irok nabor velikosti in oblik tovora. Ta vsestranskost je klju\u010dnega pomena v okoljih, kjer se uporabljajo razli\u010dne palete ali zabojniki, saj zagotavlja u\u010dinkovito ravnanje in prevoz materialov.<\/p>\n<h3>2. Izbolj\u0161ana varnost<\/h3>\n<p>Z natan\u010dnim nadzorom razdalje med vilicami hidravli\u010dni cilinder pomaga u\u010dinkoviteje pritrditi tovor. To zmanj\u0161uje tveganje prevra\u010danja ali padanja, kar pove\u010duje varnost tako za upravljavca kot za okoli\u0161ko delovno silo.<\/p>\n<h4>3. U\u010dinkovito ravnanje z materiali<\/h4>\n<p>V skladi\u0161\u010dih in distribucijskih centrih mo\u017enost hitrega prilagajanja razdalje med vilicami poenostavi delovanje. Vili\u010darji lahko enostavno preklapljajo med rokovanjem s standardnimi paletami in specializiranimi tovori, kar izbolj\u0161a celoten potek dela in produktivnost.<\/p>\n<h4>4. Specializirana oprema<\/h4>\n<p>Poleg standardnega ravnanja s paletami je hidravli\u010dni cilinder uporaben tudi za specializirane priklju\u010dke, kot so spone ali stranski pomikalniki, ki zahtevajo natan\u010dno pozicioniranje vilic. Ta prilagodljivost omogo\u010da vili\u010darjem opravljanje razli\u010dnih nalog, ki presegajo preprosto dvigovanje, zaradi \u010desar so bolj vsestranski.<\/p>\n<h4>5. Gradbeni\u0161tvo in industrijska uporaba<\/h4>\n<p>Na gradbi\u0161\u010dih in v industrijskih okoljih je mo\u017enost prilagajanja razdalje vilic klju\u010dnega pomena za ravnanje z materiali razli\u010dnih dimenzij, kot so jekleni nosilci, bloki in zaboji. Ta prilagodljivost zagotavlja, da lahko vili\u010darji u\u010dinkovito upravljajo z razli\u010dnimi materiali, ki se obi\u010dajno nahajajo v teh okoljih.<\/p>\n<h4>6. Optimizacija re\u0161itev za shranjevanje<\/h4>\n<p>Hidravli\u010dni cilinder pomaga pove\u010dati u\u010dinkovitost skladi\u0161\u010denja, saj omogo\u010da vili\u010darjem, da dvignejo in namestijo predmete v tesnih prostorih. To je \u0161e posebej koristno v sistemih skladi\u0161\u010denja z visoko gostoto, kjer je prostor omejen in je potrebno natan\u010dno rokovanje.<\/p>\n<p>Hidravli\u010dni cilinder za nastavitev razdalje vili\u010darja znatno izbolj\u0161a funkcionalnost in varnost vili\u010darjev pri razli\u010dnih aplikacijah. Njegova sposobnost hitrega prilagajanja razmika med vilicami zagotavlja, da lahko upravljavci u\u010dinkovito in varno upravljajo z razli\u010dnimi tovori, zaradi \u010desar je neprecenljivo sredstvo pri ravnanju z materiali.<\/p>\n<h3>O FMP-ju<\/h3>\n<p>FMP je specializiran proizvajalec hidravli\u010dnih cilindrov z mo\u010dnim poudarkom na raziskavah in proizvodnji. Podjetje se je od svoje ustanovitve dosledno osredoto\u010dalo na razvoj hidravli\u010dnih cilindrov, pri \u010demer se je razvilo od proizvodnje razli\u010dnih izdelkov, kot so stroji za \u017eetev in gradbeni\u0161tvo, do specializacije za komponente kmetijskih traktorjev. Z ve\u010d kot desetletjem proizvodnega znanja, vodstvenih izku\u0161enj in napredne proizvodne tehnologije FMP zagotavlja najvi\u0161jo kakovost svojih izdelkov.<\/p>\n<p>Z rastjo podjetja v strokovni smeri je vzpostavilo celovito linijo za strojno obdelavo, monta\u017eno linijo in linijo za premazovanje. FMP podpira predana ekipa izku\u0161enega vodstvenega osebja, usposobljenih strojnih oblikovalcev in visoko usposobljenih tehni\u010dnih delavcev. To zagotavlja stabilno kakovost izdelkov, hkrati pa u\u010dinkovito nadzoruje neprekinjenost procesa in splo\u0161no u\u010dinkovitost proizvodnje.<\/p>\n<p>FMP se dr\u017ei temeljnih vrednot \u00bbTehnolo\u0161ke inovacije spodbujajo napredek, kakovost ustvarja blagovne znamke, obrtni\u0161ka spretnost zagotavlja kakovost in gradi dolgoro\u010dne odnose, v katerih vsi pridobijo.\u00ab Podjetje ostaja zavezano zagotavljanju visokokakovostnih izdelkov ob hkratnem zagotavljanju vrhunske storitve za stranke in si vedno prizadeva zadovoljiti spreminjajo\u010de se potrebe trga.<\/p>\n<p><img loading=\"lazy\" decoding=\"async\" class=\"alignnone wp-image-303\" src=\"https:\/\/fmp-components.com\/wp-content\/uploads\/2024\/12\/hydraulic-cylinder-factory-11_1.webp\" alt=\"tovarna-hidravli\u010dnih-valjev\" width=\"917\" height=\"1003\" title=\"\" srcset=\"https:\/\/fmp-components.com\/wp-content\/uploads\/2024\/12\/hydraulic-cylinder-factory-11_1.webp 917w, https:\/\/fmp-components.com\/wp-content\/uploads\/2024\/12\/hydraulic-cylinder-factory-11_1-480x525.webp 480w\" sizes=\"(min-width: 0px) and (max-width: 480px) 480px, (min-width: 481px) 917px, 100vw\" \/><\/p>\n<table style=\"width: 100%;\" border=\"1\" width=\"100%\" cellspacing=\"0\" cellpadding=\"0\">\n<tbody>\n<tr>\n<td style=\"width: 41.9294%;\" width=\"226\"><img loading=\"lazy\" decoding=\"async\" class=\"alignnone size-full wp-image-309\" src=\"https:\/\/fmp-components.com\/wp-content\/uploads\/2024\/12\/Forklift-Tilt-Hydraulic-Cylinder.webp\" alt=\"Hidravli\u010dni cilinder za nagibanje vili\u010darja\" width=\"1000\" height=\"750\" title=\"\" srcset=\"https:\/\/fmp-components.com\/wp-content\/uploads\/2024\/12\/Forklift-Tilt-Hydraulic-Cylinder.webp 1000w, https:\/\/fmp-components.com\/wp-content\/uploads\/2024\/12\/Forklift-Tilt-Hydraulic-Cylinder-980x735.webp 980w, https:\/\/fmp-components.com\/wp-content\/uploads\/2024\/12\/Forklift-Tilt-Hydraulic-Cylinder-480x360.webp 480w\" sizes=\"(min-width: 0px) and (max-width: 480px) 480px, (min-width: 481px) and (max-width: 980px) 980px, (min-width: 981px) 1000px, 100vw\" \/><\/td>\n<td style=\"width: 55.6484%;\" width=\"64\"><img loading=\"lazy\" decoding=\"async\" class=\"alignnone wp-image-283\" src=\"https:\/\/fmp-components.com\/wp-content\/uploads\/2024\/12\/hydraulic-cylinder-factory-5.webp\" alt=\"tovarna-hidravli\u010dnih-valjev\" width=\"542\" height=\"312\" title=\"\"><\/td>\n<\/tr>\n<\/tbody>\n<\/table>\n<p>Avtor: CX<\/p>","protected":false},"excerpt":{"rendered":"<p>Hidravli\u010dni cilinder za nastavitev razdalje vili\u010darja je klju\u010dna komponenta, zasnovana za pove\u010danje vsestranskosti in u\u010dinkovitosti delovanja vili\u010darja. Ta hidravli\u010dni cilinder omogo\u010da natan\u010dno nastavitev razdalje med vilicami, kar upravljavcem omogo\u010da enostavno prilagajanje razli\u010dnim velikostim in oblikam tovora. Izdelan je iz visoko trdnih materialov, kar zagotavlja vzdr\u017eljivost in zanesljivost pri velikih obremenitvah. Cilinder ima gladek mehanizem delovanja, ki zagotavlja dosledno delovanje ter omogo\u010da hitro in u\u010dinkovito prilagajanje. Ta zmogljivost ne le izbolj\u0161a produktivnost, temve\u010d tudi pove\u010da varnost, saj zagotavlja, da so tovori med prevozom pravilno pritrjeni in uravnote\u017eeni. Ta hidravli\u010dni cilinder je idealen za uporabo v skladi\u0161\u010dih, na gradbi\u0161\u010dih in v industrijskih aplikacijah ter je bistvenega pomena za optimizacijo delovanja vili\u010darja.<\/p>","protected":false},"featured_media":343,"comment_status":"open","ping_status":"closed","template":"","meta":{"_et_pb_use_builder":"","_et_pb_old_content":"","_et_gb_content_width":""},"product_brand":[],"product_cat":[15],"product_tag":[],"class_list":{"0":"post-332","1":"product","2":"type-product","3":"status-publish","4":"has-post-thumbnail","6":"product_cat-uncategorized","8":"first","9":"instock","10":"shipping-taxable","11":"product-type-simple"},"_links":{"self":[{"href":"https:\/\/fmp-components.com\/sl\/wp-json\/wp\/v2\/product\/332","targetHints":{"allow":["GET"]}}],"collection":[{"href":"https:\/\/fmp-components.com\/sl\/wp-json\/wp\/v2\/product"}],"about":[{"href":"https:\/\/fmp-components.com\/sl\/wp-json\/wp\/v2\/types\/product"}],"replies":[{"embeddable":true,"href":"https:\/\/fmp-components.com\/sl\/wp-json\/wp\/v2\/comments?post=332"}],"wp:featuredmedia":[{"embeddable":true,"href":"https:\/\/fmp-components.com\/sl\/wp-json\/wp\/v2\/media\/343"}],"wp:attachment":[{"href":"https:\/\/fmp-components.com\/sl\/wp-json\/wp\/v2\/media?parent=332"}],"wp:term":[{"taxonomy":"product_brand","embeddable":true,"href":"https:\/\/fmp-components.com\/sl\/wp-json\/wp\/v2\/product_brand?post=332"},{"taxonomy":"product_cat","embeddable":true,"href":"https:\/\/fmp-components.com\/sl\/wp-json\/wp\/v2\/product_cat?post=332"},{"taxonomy":"product_tag","embeddable":true,"href":"https:\/\/fmp-components.com\/sl\/wp-json\/wp\/v2\/product_tag?post=332"}],"curies":[{"name":"delovni list","href":"https:\/\/api.w.org\/{rel}","templated":true}]}}