{"id":3319,"date":"2025-01-06T06:55:29","date_gmt":"2025-01-06T06:55:29","guid":{"rendered":"https:\/\/fmp-components.com\/?page_id=8"},"modified":"2025-01-06T06:55:29","modified_gmt":"2025-01-06T06:55:29","slug":"agriculture-gearbox-for-hay-tedder-fmp04","status":"publish","type":"product","link":"https:\/\/fmp-components.com\/sl\/product\/agriculture-gearbox-for-hay-tedder-fmp04\/","title":{"rendered":"Kmetijski menjalnik za obra\u010dalnik sena FMP04"},"content":{"rendered":"<h2>Kmetijski menjalnik za obra\u010dalnik sena FMP04 Specifikacija <img loading=\"lazy\" decoding=\"async\" class=\"alignnone  wp-image-3321\" src=\"https:\/\/fmp-components.com\/wp-content\/uploads\/2025\/01\/agricutural-gearbox-ep04.png\" alt=\"kmetijski-menjalnik-fmp04\" width=\"820\" height=\"859\" title=\"\" srcset=\"https:\/\/fmp-components.com\/wp-content\/uploads\/2025\/01\/agricutural-gearbox-ep04.png 820w, https:\/\/fmp-components.com\/wp-content\/uploads\/2025\/01\/agricutural-gearbox-ep04-480x503.png 480w\" sizes=\"(min-width: 0px) and (max-width: 480px) 480px, (min-width: 481px) 820px, 100vw\" \/><\/h2>\n<table style=\"width: 86.9315%; height: 69px;\" border=\"1\" width=\"100%\" cellspacing=\"0\" cellpadding=\"0\">\n<tbody>\n<tr style=\"height: 23px;\">\n<th style=\"width: 40.3888%; height: 23px;\">Razmerje<\/th>\n<td style=\"width: 46.0249%; height: 23px;\">2:1<\/td>\n<\/tr>\n<tr style=\"height: 23px;\">\n<th style=\"width: 40.3888%; height: 23px;\">Vhodna hitrost<\/th>\n<td style=\"width: 46.0249%; height: 23px;\">305 vrt\/min<\/td>\n<\/tr>\n<tr style=\"height: 23px;\">\n<th style=\"width: 40.3888%; height: 23px;\">Vhodna gred<\/th>\n<td style=\"width: 46.0249%; height: 23px;\">X<\/td>\n<\/tr>\n<\/tbody>\n<\/table>\n<h2>Zna\u010dilnosti menjalnika FMP04 za obra\u010dalnik sena<\/h2>\n<p>Kmetijski menjalnik za obra\u010dalnik sena FMP04 je posebej zasnovan za kmetijsko mehanizacijo, zlasti za obra\u010dalnike sena. Ta menjalnik ponuja kombinacijo vzdr\u017eljivosti, natan\u010dnosti in visoke zmogljivosti, kar zagotavlja optimalno delovanje v zahtevnih kmetijskih okoljih. Tukaj je nekaj klju\u010dnih zna\u010dilnosti kmetijskega menjalnika za obra\u010dalnik sena FMP04:<\/p>\n<p>1. <strong>Visoka vzdr\u017eljivost<\/strong><\/p>\n<ul>\n<li>Menjalnik FMP04 je izdelan iz visokokakovostnih materialov in je zasnovan tako, da prenese te\u017eke razmere na kmetijskih poljih, kar zagotavlja dolgotrajno delovanje in zanesljivost.<\/li>\n<\/ul>\n<p>2. <strong>Precizno in\u017eenirstvo<\/strong><\/p>\n<ul>\n<li>Menjalnik, zasnovan s skrbno pozornostjo do detajlov, zagotavlja gladek in u\u010dinkovit prenos mo\u010di, kar pove\u010duje u\u010dinkovitost delovanja obra\u010dalnikov sena.<\/li>\n<\/ul>\n<p>3. <strong>Kompaktna in robustna zasnova<\/strong><\/p>\n<ul>\n<li>Kompaktna zasnova omogo\u010da la\u017ejo integracijo v razli\u010dne modele obra\u010dalnikov sena, robustna konstrukcija pa zagotavlja odpornost proti obrabi tudi pri intenzivni uporabi.<\/li>\n<\/ul>\n<p>4. <strong>U\u010dinkovit prenos mo\u010di<\/strong><\/p>\n<ul>\n<li>Optimizirana prestavna razmerja zagotavljajo u\u010dinkovit prenos mo\u010di iz kardanske gredi na komponente obra\u010dalnika sena, kar zmanj\u0161uje izgubo energije in pove\u010duje u\u010dinkovitost delovanja.<\/li>\n<\/ul>\n<p>5. <strong>Enostavno vzdr\u017eevanje<\/strong><\/p>\n<ul>\n<li>Menjalnik FMP04 je zasnovan za enostavno vzdr\u017eevanje z uporabniku prijaznimi funkcijami, ki omogo\u010dajo hitre preglede in servisiranje, s \u010dimer se zmanj\u0161a \u010das izpada med zasedeno kmetijsko sezono.<\/li>\n<\/ul>\n<p>Kmetijski menjalnik za obra\u010dalnik sena FMP04 je odli\u010dna izbira za kmete, ki i\u0161\u010dejo trpe\u017eno, u\u010dinkovito in vsestransko re\u0161itev za obra\u010danje sena, ki zagotavlja optimalen prenos mo\u010di in dolgoro\u010dno zanesljivost.<\/p>\n<h2>O FMP-ju<\/h2>\n<p>FMP s sede\u017eem v Italiji velja za vodilnega na podro\u010dju na\u010drtovanja, razvoja in proizvodnje visokozmogljivih menjalnikov, s posebnim poudarkom na sektorju kmetijske mehanizacije. Znan po svojem natan\u010dnem in\u017eeniringu, inovativnih re\u0161itvah in neomajni zanesljivosti, se je FMP uveljavil kot zaupanja vreden partner tako na kmetijskem kot industrijskem trgu. Na\u0161 obse\u017een portfelj vklju\u010duje menjalnike po meri za kosilnice, kardanske gredi in druge klju\u010dne komponente, od katerih je vsak izdelan tako, da izpolnjuje edinstvene zahteve razli\u010dnih aplikacij.<\/p>\n<p>Pri FMP se zavedamo, da ima vsaka stranka edinstvene izzive in zahteve. To spoznanje nas spodbuja k zagotavljanju prilagojenih re\u0161itev, bodisi za posamezne komponente bodisi za popolnoma integrirane sisteme. S tesnim sodelovanjem z na\u0161imi strankami zagotavljamo, da je vsaka re\u0161itev natan\u010dno usklajena z njihovimi potrebami, kar optimizira delovanje in maksimizira vrednost. Na\u0161a predanost hitri, profesionalni storitvi in \u200b\u200bstrokovnemu vodenju zagotavlja, da se vsak projekt obravnava natan\u010dno in dosledno dosega najbolj\u0161e mo\u017ene rezultate.<\/p>\n<p>V vsaki fazi razvojnega cikla izdelka dajemo prednost jasni in neprekinjeni komunikaciji. Na\u0161a ekipa strokovnjakov tesno sodeluje s strankami, da bi v celoti razumela njihove zahteve, in jim ponuja uporabne vpoglede in priporo\u010dila za zagotavljanje optimalnih rezultatov. Ne glede na to, ali ustvarjamo inovativne izdelke ali izpolnjujemo rutinska naro\u010dila, je FMP zavezan k zagotavljanju visokokakovostnih, natan\u010dno zasnovanih re\u0161itev, vedno pravo\u010dasno. Na\u0161e poslanstvo je prese\u010di pri\u010dakovanja strank ter ponuditi izjemne storitve in rezultate pri vsakem projektu, ki se ga lotimo.<\/p>\n<p>V sredi\u0161\u010du delovanja podjetja FMP je neomajna zavezanost kakovosti. Dr\u017eimo se najvi\u0161jih industrijskih standardov in izvajamo stroge postopke nadzora kakovosti, da zagotovimo, da vsak izdelek izpolnjuje in presega industrijske standarde. Ta zavezanost odli\u010dnosti, skupaj z na\u0161imi temeljnimi vrednotami integritete, timskega dela in vztrajnosti, nam je omogo\u010dila, da smo s strankami v skoraj 30 dr\u017eavah po vsem svetu zgradili dolgoro\u010dne, na zaupanju temelje\u010de odnose.<\/p>\n<p>FMP si prizadeva za spodbujanje globalnih partnerstev, ponuja strokovne nasvete in prilagojene re\u0161itve, ki se razvijajo kot odgovor na nenehno spreminjajo\u010de se potrebe na\u0161ih strank. Predani smo vzpostavljanju dolgoro\u010dnih, obojestransko koristnih odnosov, ki prispevajo k uspehu vsakega projekta. Ne glede na to, ali potrebujete inovativne re\u0161itve za novo pobudo ali stalno podporo za obstoje\u010di sistem, vam je FMP na voljo, da vam pomaga pri re\u0161evanju tehni\u010dnih izzivov in zagotovi va\u0161 nadaljnji uspeh.<\/p>\n<p><img loading=\"lazy\" decoding=\"async\" class=\"alignnone wp-image-2695\" src=\"https:\/\/fmp-components.com\/wp-content\/uploads\/2025\/01\/agricultural-gearbox3.webp\" alt=\"kmetijski menjalnik\" width=\"1140\" height=\"1138\" title=\"\" srcset=\"https:\/\/fmp-components.com\/wp-content\/uploads\/2025\/01\/agricultural-gearbox3.webp 1140w, https:\/\/fmp-components.com\/wp-content\/uploads\/2025\/01\/agricultural-gearbox3-480x479.webp 480w\" sizes=\"(min-width: 0px) and (max-width: 480px) 480px, (min-width: 481px) 1140px, 100vw\" \/><\/p>\n<p>Avtor: CX<\/p>","protected":false},"excerpt":{"rendered":"<p>Agriculture Gearbox For Hay Tedder FMP04 Specification Ratio 2:1 Input Speed 305 rpm Input Shaft X Features of Hay Tedder Agriculture Gearbox FMP04 The FMP04 Hay Tedder Agricultural Gearbox is specifically designed for agricultural machinery, particularly for hay tedders. This gearbox offers a combination of durability, precision, and high performance, ensuring optimal operation in demanding [&hellip;]<\/p>","protected":false},"featured_media":3320,"comment_status":"open","ping_status":"closed","template":"","meta":{"_et_pb_use_builder":"","_et_pb_old_content":"","_et_gb_content_width":""},"product_brand":[],"product_cat":[83],"product_tag":[],"class_list":{"0":"post-3319","1":"product","2":"type-product","3":"status-publish","4":"has-post-thumbnail","6":"product_cat-gearbox-for-hay-tedders","8":"first","9":"instock","10":"shipping-taxable","11":"product-type-simple"},"_links":{"self":[{"href":"https:\/\/fmp-components.com\/sl\/wp-json\/wp\/v2\/product\/3319","targetHints":{"allow":["GET"]}}],"collection":[{"href":"https:\/\/fmp-components.com\/sl\/wp-json\/wp\/v2\/product"}],"about":[{"href":"https:\/\/fmp-components.com\/sl\/wp-json\/wp\/v2\/types\/product"}],"replies":[{"embeddable":true,"href":"https:\/\/fmp-components.com\/sl\/wp-json\/wp\/v2\/comments?post=3319"}],"wp:featuredmedia":[{"embeddable":true,"href":"https:\/\/fmp-components.com\/sl\/wp-json\/wp\/v2\/media\/3320"}],"wp:attachment":[{"href":"https:\/\/fmp-components.com\/sl\/wp-json\/wp\/v2\/media?parent=3319"}],"wp:term":[{"taxonomy":"product_brand","embeddable":true,"href":"https:\/\/fmp-components.com\/sl\/wp-json\/wp\/v2\/product_brand?post=3319"},{"taxonomy":"product_cat","embeddable":true,"href":"https:\/\/fmp-components.com\/sl\/wp-json\/wp\/v2\/product_cat?post=3319"},{"taxonomy":"product_tag","embeddable":true,"href":"https:\/\/fmp-components.com\/sl\/wp-json\/wp\/v2\/product_tag?post=3319"}],"curies":[{"name":"delovni list","href":"https:\/\/api.w.org\/{rel}","templated":true}]}}