{"id":3312,"date":"2025-01-06T05:35:19","date_gmt":"2025-01-06T05:35:19","guid":{"rendered":"https:\/\/fmp-components.com\/?page_id=8"},"modified":"2025-01-06T05:35:20","modified_gmt":"2025-01-06T05:35:20","slug":"agitators-gearbox-for-sewage-fmp22","status":"publish","type":"product","link":"https:\/\/fmp-components.com\/sl\/product\/agitators-gearbox-for-sewage-fmp22\/","title":{"rendered":"Me\u0161alniki z menjalnikom za kanalizacijo FMP22"},"content":{"rendered":"<h2>Specifikacija menjalnika me\u0161alnikov<\/h2>\n<p><img loading=\"lazy\" decoding=\"async\" class=\"alignnone wp-image-3315\" src=\"https:\/\/fmp-components.com\/wp-content\/uploads\/2025\/01\/agricutural-gearbox-FMP22.png\" alt=\"kmetijski-menjalnik-FMP22\" width=\"817\" height=\"740\" title=\"\" srcset=\"https:\/\/fmp-components.com\/wp-content\/uploads\/2025\/01\/agricutural-gearbox-FMP22.png 817w, https:\/\/fmp-components.com\/wp-content\/uploads\/2025\/01\/agricutural-gearbox-FMP22-480x435.png 480w\" sizes=\"(min-width: 0px) and (max-width: 480px) 480px, (min-width: 481px) 817px, 100vw\" \/><\/p>\n<table style=\"width: 88.6601%;\" border=\"1\" width=\"100%\" cellspacing=\"0\" cellpadding=\"0\">\n<tbody>\n<tr>\n<th style=\"width: 41.843%;\">Razmerje<\/th>\n<td style=\"width: 46.6019%;\">1:1, 1:1.25<\/td>\n<\/tr>\n<tr>\n<th style=\"width: 41.843%;\">Vhodne hitrosti (vrt\/min)<\/th>\n<td style=\"width: 46.6019%;\">3200, 3500, 1750<\/td>\n<\/tr>\n<tr>\n<th style=\"width: 41.843%;\">Vhodna gred<\/th>\n<td style=\"width: 46.6019%;\">\u017d<\/td>\n<\/tr>\n<\/tbody>\n<\/table>\n<h2 data-pm-slice=\"0 0 []\">Zna\u010dilnosti menjalnika me\u0161alnika za odplake<\/h2>\n<ol>\n<li><strong>Te\u017eka gradnja<\/strong><br \/>\nMenjalnik za odplake je zasnovan iz robustnih materialov in je izdelan tako, da prenese te\u017eka in zahtevna okolja, vklju\u010dno z izpostavljenostjo kemikalijam, abrazivom in korozivnim snovem, ki se pogosto pojavljajo v procesih \u010di\u0161\u010denja odplak in odpadnih voda.<\/li>\n<li><strong>Visoka navorna zmogljivost<\/strong><br \/>\nMenjalnik je zasnovan tako, da zagotavlja visok navor, kar zagotavlja u\u010dinkovito in zanesljivo delovanje tudi pri velikih obremenitvah. To je bistvenega pomena za pogon velikih me\u0161alnikov, ki obdelujejo goste, viskozne materiale v \u010distilnih napravah.<\/li>\n<li><strong>Premazi, odporni proti koroziji<\/strong><br \/>\nMenjalnik ima premaze, odporne proti koroziji, ali komponente iz nerjave\u010dega jekla, ki prepre\u010dujejo po\u0161kodbe zaradi izpostavljenosti vodi, odplakam in drugim korozivnim snovem, kar zagotavlja dolgotrajno vzdr\u017eljivost in zmanj\u0161uje stro\u0161ke vzdr\u017eevanja.<\/li>\n<li><strong>Kompaktna in prostorsko u\u010dinkovita zasnova<\/strong><br \/>\nKljub svoji te\u017eki zmogljivosti je menjalnik zasnovan kompaktno in prostorsko u\u010dinkovito, zaradi \u010desar je idealen za namestitve z omejenim prostorom, na primer v \u010distilnih napravah ali \u010drpalnih postajah za odplake.<\/li>\n<li><strong>Precizno in\u017eenirstvo<\/strong><br \/>\nIzdelano z visoko natan\u010dnostjo za zagotavljanje nemotenega delovanja zobnikov in zmanj\u0161anje obrabe skozi \u010das. To ima za posledico tudi ti\u0161je in u\u010dinkovitej\u0161e delovanje z minimalnimi vibracijami in hrupom, tudi pri intenzivni uporabi.<\/li>\n<\/ol>\n<p>Zaradi teh lastnosti lahko menjalnik me\u0161alnika za odplake zanesljivo obvladuje te\u017eke pogoje \u010distilnih naprav, hkrati pa ohranja visoko u\u010dinkovitost, vzdr\u017eljivost in minimalno vzdr\u017eevanje.<\/p>\n<h2>O FMP-ju<\/h2>\n<p>FMP s sede\u017eem v Italiji je vodilni proizvajalec, specializiran za na\u010drtovanje, razvoj in proizvodnjo visokozmogljivih menjalnikov, s primarnim poudarkom na sektorju kmetijske mehanizacije. FMP, znan po svojem natan\u010dnem in\u017eeniringu, inovativnih re\u0161itvah in neomajni zanesljivosti, se je uveljavil kot zaupanja vreden partner tako na kmetijskem kot industrijskem trgu. Na\u0161 obse\u017een portfelj vklju\u010duje menjalnike po meri za kosilnice, kardanske gredi in \u0161iroko paleto bistvenih komponent, vse izdelane s skrbno pozornostjo, da bi zadostile edinstvenim zahtevam razli\u010dnih aplikacij.<\/p>\n<p>Pri FMP razumemo, da se vsaka stranka soo\u010da z razli\u010dnimi izzivi, zato smo predani zagotavljanju re\u0161itev po meri. Ne glede na to, ali gre za posamezno komponento ali popolnoma integriran sistem, tesno sodelujemo z na\u0161imi strankami, da zagotovimo, da vsaka re\u0161itev ne le izpolnjuje njihove specifi\u010dne potrebe, temve\u010d tudi izbolj\u0161a u\u010dinkovitost in pove\u010da skupno vrednost. Na\u0161a zavezanost pravo\u010dasnim, profesionalnim odgovorom in strokovnemu vodenju zagotavlja, da se vsako povpra\u0161evanje obravnava natan\u010dno in dosledno dosega optimalne rezultate.<\/p>\n<p>Velik poudarek dajemo transparentni komunikaciji in sodelovanju skozi celoten proces razvoja izdelkov. Na\u0161a izku\u0161ena ekipa tesno sodeluje s strankami, da bi v celoti razumela njihove zahteve, in jim ponuja dragocene vpoglede ter prakti\u010dna priporo\u010dila za doseganje najbolj\u0161ih mo\u017enih rezultatov. Ne glede na to, ali na\u010drtujemo najsodobnej\u0161e izdelke ali izpolnjujemo rutinska naro\u010dila, je FMP zavezan k zagotavljanju visokokakovostnih, natan\u010dno izdelanih re\u0161itev, vsaki\u010d pravo\u010dasno. Na\u0161 cilj je dosledno presegati pri\u010dakovanja strank ter zagotavljati izjemne storitve in izjemne rezultate pri vsakem projektu.<\/p>\n<p>V sredi\u0161\u010du delovanja podjetja FMP je neomajna zavezanost kakovosti. Dr\u017eimo se najvi\u0161jih proizvodnih standardov in izvajamo stroge postopke nadzora kakovosti, da zagotovimo, da vsak izdelek ne le izpolnjuje, ampak tudi presega industrijske standarde. Ta osredoto\u010denost na odli\u010dnost, skupaj z na\u0161imi temeljnimi vrednotami integritete, timskega dela in vztrajnosti, nam je omogo\u010dila, da smo s strankami v skoraj 30 dr\u017eavah po vsem svetu zgradili dolgotrajne, na zaupanju temelje\u010de odnose.<\/p>\n<p>FMP je zavezan k spodbujanju globalnih partnerstev s ponujanjem strokovnih nasvetov in prilagojenih re\u0161itev, ki se prilagajajo spreminjajo\u010dim se potrebam na\u0161ih strank. Prizadevamo si za gradnjo trajnih, obojestransko koristnih odnosov, ki prispevajo k uspehu vsakega projekta. Ne glede na to, ali i\u0161\u010dete inovativne re\u0161itve za novo pobudo ali stalno podporo za obstoje\u010di sistem, vam je FMP na voljo, da vam pomaga pri re\u0161evanju tehni\u010dnih izzivov in zagotovi va\u0161 nadaljnji uspeh.<\/p>\n<p><img loading=\"lazy\" decoding=\"async\" class=\"alignnone wp-image-2695\" src=\"https:\/\/fmp-components.com\/wp-content\/uploads\/2025\/01\/agricultural-gearbox3.webp\" alt=\"kmetijski menjalnik\" width=\"1140\" height=\"1138\" title=\"\" srcset=\"https:\/\/fmp-components.com\/wp-content\/uploads\/2025\/01\/agricultural-gearbox3.webp 1140w, https:\/\/fmp-components.com\/wp-content\/uploads\/2025\/01\/agricultural-gearbox3-480x479.webp 480w\" sizes=\"(min-width: 0px) and (max-width: 480px) 480px, (min-width: 481px) 1140px, 100vw\" \/><\/p>\n<p>Avtor: CX<\/p>","protected":false},"excerpt":{"rendered":"<p>Specification of Agitators Gearbox Ratio 1:1, 1:1.25 Input Speeds (rpm) 3200, 3500, 1750 Input Shaft Z Features of Sewage Mixer Gearbox Heavy-Duty Construction Designed with robust materials, the sewage mixer gearbox is built to withstand harsh and demanding environments, including exposure to chemicals, abrasives, and corrosive substances commonly found in sewage and wastewater treatment processes. [&hellip;]<\/p>","protected":false},"featured_media":3314,"comment_status":"open","ping_status":"closed","template":"","meta":{"_et_pb_use_builder":"","_et_pb_old_content":"","_et_gb_content_width":""},"product_brand":[],"product_cat":[82],"product_tag":[],"class_list":{"0":"post-3312","1":"product","2":"type-product","3":"status-publish","4":"has-post-thumbnail","6":"product_cat-agitators-gearbox-for-sewage","8":"first","9":"instock","10":"shipping-taxable","11":"product-type-simple"},"_links":{"self":[{"href":"https:\/\/fmp-components.com\/sl\/wp-json\/wp\/v2\/product\/3312","targetHints":{"allow":["GET"]}}],"collection":[{"href":"https:\/\/fmp-components.com\/sl\/wp-json\/wp\/v2\/product"}],"about":[{"href":"https:\/\/fmp-components.com\/sl\/wp-json\/wp\/v2\/types\/product"}],"replies":[{"embeddable":true,"href":"https:\/\/fmp-components.com\/sl\/wp-json\/wp\/v2\/comments?post=3312"}],"wp:featuredmedia":[{"embeddable":true,"href":"https:\/\/fmp-components.com\/sl\/wp-json\/wp\/v2\/media\/3314"}],"wp:attachment":[{"href":"https:\/\/fmp-components.com\/sl\/wp-json\/wp\/v2\/media?parent=3312"}],"wp:term":[{"taxonomy":"product_brand","embeddable":true,"href":"https:\/\/fmp-components.com\/sl\/wp-json\/wp\/v2\/product_brand?post=3312"},{"taxonomy":"product_cat","embeddable":true,"href":"https:\/\/fmp-components.com\/sl\/wp-json\/wp\/v2\/product_cat?post=3312"},{"taxonomy":"product_tag","embeddable":true,"href":"https:\/\/fmp-components.com\/sl\/wp-json\/wp\/v2\/product_tag?post=3312"}],"curies":[{"name":"delovni list","href":"https:\/\/api.w.org\/{rel}","templated":true}]}}