{"id":3308,"date":"2025-01-06T05:16:18","date_gmt":"2025-01-06T05:16:18","guid":{"rendered":"https:\/\/fmp-components.com\/?page_id=8"},"modified":"2025-01-06T05:16:18","modified_gmt":"2025-01-06T05:16:18","slug":"fmp11-series-agricultural-micro-tiller-gearbox","status":"publish","type":"product","link":"https:\/\/fmp-components.com\/sl\/product\/fmp11-series-agricultural-micro-tiller-gearbox\/","title":{"rendered":"Menjalnik kmetijskih mikro frezerjev serije FMP11"},"content":{"rendered":"<h2>Specifikacija menjalnika mikro krmila<\/h2>\n<p><img loading=\"lazy\" decoding=\"async\" class=\"alignnone  wp-image-3310\" src=\"https:\/\/fmp-components.com\/wp-content\/uploads\/2025\/01\/agricutural-gearbox-FMP11.png\" alt=\"kmetijski-menjalnik-FMP11\" width=\"892\" height=\"936\" title=\"\" srcset=\"https:\/\/fmp-components.com\/wp-content\/uploads\/2025\/01\/agricutural-gearbox-FMP11.png 892w, https:\/\/fmp-components.com\/wp-content\/uploads\/2025\/01\/agricutural-gearbox-FMP11-480x504.png 480w\" sizes=\"(min-width: 0px) and (max-width: 480px) 480px, (min-width: 481px) 892px, 100vw\" \/><\/p>\n<table style=\"width: 100%;\" border=\"1\" width=\"100%\" cellspacing=\"0\" cellpadding=\"0\">\n<tbody>\n<tr>\n<th>Razmerje<\/th>\n<td>3.38:1<\/td>\n<\/tr>\n<tr>\n<th>Vhodna hitrost<\/th>\n<td>540 vrt\/min<\/td>\n<\/tr>\n<tr>\n<th>Vhodna gred<\/th>\n<td>X\/Y<\/td>\n<\/tr>\n<tr>\n<th>Vhodna mo\u010d<\/th>\n<td>16,9 kW, 23 KM<\/td>\n<\/tr>\n<tr>\n<th>Izhodni navor<\/th>\n<td>985 Nm<\/td>\n<\/tr>\n<\/tbody>\n<\/table>\n<h2>Prednosti menjalnika Micro Tiller<\/h2>\n<p>Menjalnik mikro freze ponuja ve\u010d prednosti, zaradi \u010desar je bistvena komponenta v manj\u0161ih kmetijskih in vrtnarskih strojih. Te prednosti zagotavljajo bolj gladko delovanje, ve\u010djo u\u010dinkovitost in vzdr\u017eljivost, zaradi \u010desar je idealen za naloge, kot so obdelava tal, priprava tal in druge podobne kmetijske dejavnosti. Klju\u010dne prednosti so:<\/p>\n<p>1. <strong>Kompaktna in lahka zasnova<\/strong><\/p>\n<ul>\n<li>Mikro menjalnik freze je zasnovan tako, da je kompakten in lahek, kar izbolj\u0161a okretnost in prenosljivost stroja za obdelavo tal. Odli\u010den je za uporabo v manj\u0161ih, zaprtih prostorih, kot so vrtovi, sadovnjaki ali majhne parcele, kjer bi bili veliki stroji nerodni.<\/li>\n<\/ul>\n<p>2. <strong>Izbolj\u0161an prenos navora in mo\u010di<\/strong><\/p>\n<ul>\n<li>Mikro menjalniki freze so zasnovani tako, da u\u010dinkovito prena\u0161ajo mo\u010d iz motorja na orodja za obdelavo zemlje in zagotavljajo potreben navor za kopanje v zemljo. To zagotavlja bolj\u0161o globino obdelave in prezra\u010devanje tal, kar omogo\u010da u\u010dinkovitej\u0161o pripravo tal za sajenje.<\/li>\n<\/ul>\n<p>3. <strong>Vzdr\u017eljivost in dolgo\u017eivost<\/strong><\/p>\n<ul>\n<li>Mikro menjalniki krmila so izdelani iz visokokakovostnih materialov, kot je kaljeno jeklo, in so zasnovani tako, da prenesejo obremenitve neprekinjene uporabe. Njihova robustna konstrukcija prepre\u010duje prezgodnjo obrabo, zmanj\u0161uje pogostost vzdr\u017eevanja in podalj\u0161uje celotno \u017eivljenjsko dobo menjalnika in krmila.<\/li>\n<\/ul>\n<p>4. <strong>Energetska u\u010dinkovitost<\/strong><\/p>\n<ul>\n<li>Ti menjalniki so zasnovani za optimizacijo porabe mo\u010di, kar zagotavlja u\u010dinkovito delovanje motorja in manj\u0161o porabo goriva. To zmanj\u0161uje obratovalne stro\u0161ke, zaradi \u010desar je to okolju prijaznej\u0161a mo\u017enost za manj\u0161a kmetijstva ali vrtnarje.<\/li>\n<\/ul>\n<p>5. <strong>Enostavnost uporabe<\/strong><\/p>\n<ul>\n<li>Menjalnik je zasnovan za enostavno integracijo z majhnimi frezami, kar uporabnikom omogo\u010da upravljanje strojev z minimalnim naporom. Kompaktna zasnova zmanj\u0161uje tudi skupno te\u017eo stroja, kar izbolj\u0161uje enostavnost rokovanja in zmanj\u0161uje utrujenost upravljavca.<\/li>\n<\/ul>\n<p>Menjalnik mikro freze je neprecenljiva komponenta za manj\u0161e vrtne stroje, saj ponuja kombinacijo vzdr\u017eljivosti, u\u010dinkovitosti in stro\u0161kovne u\u010dinkovitosti, ki ustreza potrebam tako ljubiteljskih kot profesionalnih vrtnarjev.<\/p>\n<p><img loading=\"lazy\" decoding=\"async\" class=\"alignnone size-full wp-image-3311\" src=\"https:\/\/fmp-components.com\/wp-content\/uploads\/2025\/01\/tractor-pto-shaft-1.jpg\" alt=\"kardanska gred traktorja\" width=\"960\" height=\"360\" title=\"\" srcset=\"https:\/\/fmp-components.com\/wp-content\/uploads\/2025\/01\/tractor-pto-shaft-1.jpg 960w, https:\/\/fmp-components.com\/wp-content\/uploads\/2025\/01\/tractor-pto-shaft-1-480x180.jpg 480w\" sizes=\"(min-width: 0px) and (max-width: 480px) 480px, (min-width: 481px) 960px, 100vw\" \/><\/p>\n<h2>O FMP-ju<\/h2>\n<p>FMP s sede\u017eem v Italiji je vodilni proizvajalec, priznan po svojem strokovnem znanju pri na\u010drtovanju, razvoju in proizvodnji visokozmogljivih menjalnikov, s posebnim poudarkom na sektorju kmetijske mehanizacije. Znan po svojem natan\u010dnem in\u017eeniringu, inovativnih re\u0161itvah in neomajni zanesljivosti, si je FMP ustvaril dober sloves zaupanja vrednega partnerja tako na kmetijskem kot industrijskem trgu. Na\u0161 obse\u017een portfelj vklju\u010duje menjalnike po meri za kosilnice, kardanske gredi in \u0161iroko paleto drugih bistvenih komponent, ki so vse skrbno zasnovane za izpolnjevanje posebnih zahtev razli\u010dnih aplikacij.<\/p>\n<p>Pri FMP razumemo, da se vsaka stranka soo\u010da z edinstvenimi izzivi. To spoznanje nas spodbuja k zagotavljanju prilagojenih re\u0161itev, bodisi za posamezne komponente bodisi za popolnoma integrirane sisteme. S tesnim sodelovanjem z na\u0161imi strankami zagotavljamo, da vsaka re\u0161itev ne le zadovolji njihove natan\u010dne potrebe, temve\u010d tudi optimizira delovanje in pove\u010da vrednost. Na\u0161a predanost zagotavljanju pravo\u010dasnih, profesionalnih odgovorov in strokovnega vodenja zagotavlja, da se vsako povpra\u0161evanje obravnava natan\u010dno, kar dosledno prina\u0161a optimalne rezultate.<\/p>\n<p>V celotnem procesu razvoja izdelkov dajemo prednost transparentni in stalni komunikaciji. Na\u0161a predana ekipa tesno sodeluje s strankami, da bi v celoti razumela njihove zahteve, in jim ponuja dragocene vpoglede ter strokovna priporo\u010dila za zagotavljanje najbolj\u0161ih rezultatov. Ne glede na to, ali razvijamo vrhunske izdelke ali izpolnjujemo rutinska naro\u010dila, je FMP zavezan k zagotavljanju visokokakovostnih, natan\u010dno zasnovanih re\u0161itev, vsaki\u010d pravo\u010dasno. Na\u0161 cilj je dosledno presegati pri\u010dakovanja strank ter zagotavljati izjemne storitve in izjemne rezultate pri vsakem projektu.<\/p>\n<p>V sredi\u0161\u010du delovanja podjetja FMP je neomajna zavezanost kakovosti. Dr\u017eimo se najvi\u0161jih proizvodnih standardov in izvajamo stroge ukrepe za nadzor kakovosti, da zagotovimo, da vsak izdelek ne le izpolnjuje, ampak tudi presega industrijske standarde. Ta zavezanost odli\u010dnosti, skupaj z na\u0161imi temeljnimi vrednotami integritete, timskega dela in vztrajnosti, nam je omogo\u010dila, da smo s strankami v skoraj 30 dr\u017eavah po vsem svetu zgradili dolgotrajne, na zaupanju temelje\u010de odnose.<\/p>\n<p>FMP je predan spodbujanju globalnih partnerstev s ponujanjem strokovnih nasvetov in prilagojenih re\u0161itev, ki ustrezajo spreminjajo\u010dim se potrebam na\u0161ih strank. Prizadevamo si za vzpostavitev trajnih, obojestransko koristnih odnosov, ki prispevajo k uspehu vsakega projekta. Ne glede na to, ali i\u0161\u010dete inovativne re\u0161itve za novo pobudo ali potrebujete stalno podporo za obstoje\u010di sistem, vam je FMP pripravljen pomagati premagati tehni\u010dne izzive in zagotoviti va\u0161 nadaljnji uspeh.<\/p>\n<p><img loading=\"lazy\" decoding=\"async\" class=\"alignnone wp-image-2695\" src=\"https:\/\/fmp-components.com\/wp-content\/uploads\/2025\/01\/agricultural-gearbox3.webp\" alt=\"kmetijski menjalnik\" width=\"1140\" height=\"1138\" title=\"\" srcset=\"https:\/\/fmp-components.com\/wp-content\/uploads\/2025\/01\/agricultural-gearbox3.webp 1140w, https:\/\/fmp-components.com\/wp-content\/uploads\/2025\/01\/agricultural-gearbox3-480x479.webp 480w\" sizes=\"(min-width: 0px) and (max-width: 480px) 480px, (min-width: 481px) 1140px, 100vw\" \/><\/p>\n<p>Avtor: CX<\/p>","protected":false},"excerpt":{"rendered":"<p>Micro Tiller Gearbox Specification Ratio 3.38:1 Input Speed 540 rpm Input Shaft X\/Y Input Power 16.9 kW, 23 hp Output Torque 985 Nm Benefits of Micro Tiller Gearbox The Micro Tiller Gearbox offers several benefits, making it an essential component in small-scale farming and gardening machinery. These advantages ensure smoother operation, increased efficiency, and enhanced [&hellip;]<\/p>","protected":false},"featured_media":3309,"comment_status":"open","ping_status":"closed","template":"","meta":{"_et_pb_use_builder":"","_et_pb_old_content":"","_et_gb_content_width":""},"product_brand":[],"product_cat":[81],"product_tag":[],"class_list":{"0":"post-3308","1":"product","2":"type-product","3":"status-publish","4":"has-post-thumbnail","6":"product_cat-micro-tiller-gearbox","8":"first","9":"instock","10":"shipping-taxable","11":"product-type-simple"},"_links":{"self":[{"href":"https:\/\/fmp-components.com\/sl\/wp-json\/wp\/v2\/product\/3308","targetHints":{"allow":["GET"]}}],"collection":[{"href":"https:\/\/fmp-components.com\/sl\/wp-json\/wp\/v2\/product"}],"about":[{"href":"https:\/\/fmp-components.com\/sl\/wp-json\/wp\/v2\/types\/product"}],"replies":[{"embeddable":true,"href":"https:\/\/fmp-components.com\/sl\/wp-json\/wp\/v2\/comments?post=3308"}],"wp:featuredmedia":[{"embeddable":true,"href":"https:\/\/fmp-components.com\/sl\/wp-json\/wp\/v2\/media\/3309"}],"wp:attachment":[{"href":"https:\/\/fmp-components.com\/sl\/wp-json\/wp\/v2\/media?parent=3308"}],"wp:term":[{"taxonomy":"product_brand","embeddable":true,"href":"https:\/\/fmp-components.com\/sl\/wp-json\/wp\/v2\/product_brand?post=3308"},{"taxonomy":"product_cat","embeddable":true,"href":"https:\/\/fmp-components.com\/sl\/wp-json\/wp\/v2\/product_cat?post=3308"},{"taxonomy":"product_tag","embeddable":true,"href":"https:\/\/fmp-components.com\/sl\/wp-json\/wp\/v2\/product_tag?post=3308"}],"curies":[{"name":"delovni list","href":"https:\/\/api.w.org\/{rel}","templated":true}]}}