{"id":3301,"date":"2025-01-06T03:26:44","date_gmt":"2025-01-06T03:26:44","guid":{"rendered":"https:\/\/fmp-components.com\/?page_id=8"},"modified":"2025-01-06T05:18:30","modified_gmt":"2025-01-06T05:18:30","slug":"salt-spreader-gearbox-with-sprocket-for-road-snow-removal","status":"publish","type":"product","link":"https:\/\/fmp-components.com\/sl\/product\/salt-spreader-gearbox-with-sprocket-for-road-snow-removal\/","title":{"rendered":"Menjalnik za trosilnik soli z zobnikom za odstranjevanje snega s cest"},"content":{"rendered":"<table style=\"border-collapse: collapse; width: 99.5312%; height: 39px;\" border=\"0\" width=\"128\" cellspacing=\"0\" cellpadding=\"0\">\n<tbody>\n<tr style=\"height: 13.8pt;\">\n<td style=\"height: 13.8pt; width: 48pt;\" align=\"right\" width=\"64\" height=\"18\"><img loading=\"lazy\" decoding=\"async\" class=\"alignnone size-full wp-image-3306\" src=\"https:\/\/fmp-components.com\/wp-content\/uploads\/2025\/01\/Salt-Spreader-Gearbox-1-1.webp\" alt=\"Menjalnik za trosilnik soli\" width=\"600\" height=\"600\" title=\"\" srcset=\"https:\/\/fmp-components.com\/wp-content\/uploads\/2025\/01\/Salt-Spreader-Gearbox-1-1.webp 600w, https:\/\/fmp-components.com\/wp-content\/uploads\/2025\/01\/Salt-Spreader-Gearbox-1-1-480x480.webp 480w\" sizes=\"(min-width: 0px) and (max-width: 480px) 480px, (min-width: 481px) 600px, 100vw\" \/><\/td>\n<td style=\"width: 48pt;\" align=\"right\" width=\"64\"><img loading=\"lazy\" decoding=\"async\" class=\"alignnone size-full wp-image-3305\" src=\"https:\/\/fmp-components.com\/wp-content\/uploads\/2025\/01\/Salt-Spreader-Gearbox-2.webp\" alt=\"Menjalnik za trosilnik soli\" width=\"600\" height=\"600\" title=\"\" srcset=\"https:\/\/fmp-components.com\/wp-content\/uploads\/2025\/01\/Salt-Spreader-Gearbox-2.webp 600w, https:\/\/fmp-components.com\/wp-content\/uploads\/2025\/01\/Salt-Spreader-Gearbox-2-480x480.webp 480w\" sizes=\"(min-width: 0px) and (max-width: 480px) 480px, (min-width: 481px) 600px, 100vw\" \/><\/td>\n<\/tr>\n<\/tbody>\n<\/table>\n<h2>Specifikacija menjalnika za trosilnik soli z zobnikom<\/h2>\n<table border=\"1\" cellspacing=\"0\" cellpadding=\"0\">\n<tbody>\n<tr>\n<td>Ime izdelka<\/td>\n<td>Menjalnik za trosilnik soli z zobnikom za odstranjevanje snega s cest<\/td>\n<\/tr>\n<tr>\n<td>Primerno za:<\/td>\n<td>Razpr\u0161ilniki SaltDogg SCH072SS, SCH072SSX, SCH096C, SCH096CX, SCH096SS, SCH096SSX, SCH120SS in SCH120SSX<\/td>\n<\/tr>\n<tr>\n<td>Premer<\/td>\n<td>6.000<\/td>\n<\/tr>\n<tr>\n<td>Premer gredi<\/td>\n<td>1.000<\/td>\n<\/tr>\n<tr>\n<td>Vzorec za monta\u017eo<\/td>\n<td>4 vijaki @ 5,42\u2033<\/td>\n<\/tr>\n<tr>\n<td>Vrtenje<\/td>\n<td>V smeri urinega kazalca<\/td>\n<\/tr>\n<tr>\n<td>Hitrost<\/td>\n<td>900 vrtljajev na minuto<\/td>\n<\/tr>\n<tr>\n<td>Garancija<\/td>\n<td>1 leto<\/td>\n<\/tr>\n<\/tbody>\n<\/table>\n<h2>Na\u010delo delovanja menjalnika za tro\u0161enje soli za odstranjevanje snega s cest<\/h2>\n<p>Na\u010delo delovanja menjalnika trosilnika soli za odstranjevanje snega s cest vklju\u010duje pretvorbo in prenos mehanske mo\u010di iz motorja vozila na mehanizem trosilnika. Menjalnik zagotavlja enakomerno porazdelitev soli po cestnih povr\u0161inah med odstranjevanjem snega. Spodaj je razlaga delovanja tega sistema:<\/p>\n<p>1. <strong>Prenos mo\u010di iz motorja v menjalnik<\/strong><\/p>\n<ul>\n<li>Menjalnik trosilnika soli je obi\u010dajno priklju\u010den na kardansko gred (PTO) vozila ali neposredno na motor vozila. Ko motor deluje, ustvarja mo\u010d, ki se prek gredi ali sklopke kardanske gredi prena\u0161a na menjalnik.<\/li>\n<li>Kardanska gred prena\u0161a vrtilno mo\u010d iz motorja vozila v menjalnik preko pogonske gredi.<\/li>\n<\/ul>\n<p>2. <strong>Zmanj\u0161anje hitrosti in prilagoditev navora<\/strong><\/p>\n<ul>\n<li>V menjalniku sistem zobnikov (pogosto spiralnih sto\u017e\u010dastih, vija\u010dnih ali \u010delnih zobnikov) zmanj\u0161uje hitrost in pove\u010duje navor, kot je potrebno za u\u010dinkovito delovanje trosilnika soli.<\/li>\n<li>Zmanj\u0161anje hitrosti je klju\u010dnega pomena, ker motor deluje s precej vi\u0161jo hitrostjo v primerjavi s hitrostjo vrtenja, ki je potrebna za trosilnik. Z nastavitvijo prestavnih razmerij menjalnik uravnava hitrost vrtenja komponent trosilnika.<\/li>\n<\/ul>\n<p>3. <strong>Aktivacija mehanizma razpr\u0161ilca<\/strong><\/p>\n<ul>\n<li>Menjalnik poganja ve\u010d mehanizmov v trosilniku soli, predvsem mehanizem vrtenja in pol\u017e (ali teko\u010di trak).\n<ul>\n<li><strong>Sveder<\/strong>Pol\u017e se uporablja za transport soli iz zalogovnika v centrifugirni stroj. Menjalnik zagotavlja, da se pol\u017e vrti s pravilno hitrostjo za enakomeren pretok soli.<\/li>\n<li><strong>Vrtilka<\/strong>Rotirajo\u010di disk je vrte\u010di se disk, ki me\u010de sol na cesto. Sol enakomerno porazdeli po povr\u0161ini. Menjalnik nadzoruje hitrost in smer vrtenja rotirajo\u010dega diska, da se zagotovi enakomerna porazdelitev.<\/li>\n<\/ul>\n<\/li>\n<\/ul>\n<p><strong>4. Prilagoditev stopnje razpr\u0161evanja<\/strong><\/p>\n<ul>\n<li>Menjalnik omogo\u010da prilagajanje koli\u010dine trosenja s spreminjanjem hitrosti vrtenja pol\u017ea in centrifuge. Koli\u010dina trosenja se lahko prilagodi glede na razmere na cesti, kopi\u010denje snega in hitrost vozila.<\/li>\n<li>Nekateri napredni menjalniki lahko vklju\u010dujejo mehanizme za nadzor hitrosti, ki upravljavcu omogo\u010dajo natan\u010dno nastavitev izhodne mo\u010di trosilnika za optimalno delovanje glede na dejanske pogoje.<\/li>\n<\/ul>\n<p>5. <strong>Prenos mo\u010di na komponente trosilnika<\/strong><\/p>\n<ul>\n<li>Menjalnik prena\u0161a mo\u010d na gred centrifuge, ki vrti centrifugalni disk in porazdeli sol. To vrtenje je klju\u010dnega pomena za enakomerno in u\u010dinkovito posipanje soli po cesti\u0161\u010du.<\/li>\n<li>Poleg tega menjalnik poganja sistem pol\u017ea ali teko\u010dega traku, ki premika sol iz zalogovnika v centrifugo. Menjalnik zagotavlja, da se pol\u017e premika z enakomerno hitrostjo za enakomeren pretok soli v centrifugo.<\/li>\n<\/ul>\n<p>Z opravljanjem teh funkcij menjalnik posipalnika soli zagotavlja u\u010dinkovito obdelavo cestne povr\u0161ine, kar izbolj\u0161uje varnost v cestnem prometu in zagotavlja u\u010dinkovito \u010di\u0161\u010denje snega in ledu med zimskim vzdr\u017eevanjem cest.<\/p>\n<p><img loading=\"lazy\" decoding=\"async\" class=\"alignnone size-full wp-image-3302\" src=\"https:\/\/fmp-components.com\/wp-content\/uploads\/2025\/01\/Salt-Spreader-Gearbox-for-Road-Snow-Removal1.jpg\" alt=\"Menjalnik za trosilnik soli za odstranjevanje snega s cest\" width=\"1000\" height=\"557\" title=\"\" srcset=\"https:\/\/fmp-components.com\/wp-content\/uploads\/2025\/01\/Salt-Spreader-Gearbox-for-Road-Snow-Removal1.jpg 1000w, https:\/\/fmp-components.com\/wp-content\/uploads\/2025\/01\/Salt-Spreader-Gearbox-for-Road-Snow-Removal1-980x546.jpg 980w, https:\/\/fmp-components.com\/wp-content\/uploads\/2025\/01\/Salt-Spreader-Gearbox-for-Road-Snow-Removal1-480x267.jpg 480w\" sizes=\"(min-width: 0px) and (max-width: 480px) 480px, (min-width: 481px) and (max-width: 980px) 980px, (min-width: 981px) 1000px, 100vw\" \/><\/p>\n<h2>Kmetijska kardanska gred za menjalnik trosilnika soli<\/h2>\n<p>Kardanska gred za menjalnik trosilnika soli igra klju\u010dno vlogo pri prenosu mehanske mo\u010di iz motorja traktorja ali vozila na menjalnik trosilnika soli, ki je odgovoren za pogon mehanizma za tro\u0161enje. Kardanska gred (odvzem mo\u010di) je klju\u010dni \u010dlen v sistemu za prenos mo\u010di, ki omogo\u010da pravilno delovanje trosilnika s pogonom pol\u017ea, vrtavke in drugih komponent, odgovornih za porazdelitev soli. Spodaj je razlaga, kako je kardanska gred integrirana v sistem trosilnika soli in katere so njene funkcije:<\/p>\n<ol>\n<li><strong>Prenos mo\u010di:<\/strong>\n<ul>\n<li>Kardanska gred prena\u0161a mo\u010d iz motorja traktorja ali vozila na menjalnik trosilnika soli, kar omogo\u010da menjalniku, da poganja komponente pol\u017ea, transporterja in centrifuge.<\/li>\n<li>Ta prenos mo\u010di je bistvenega pomena za u\u010dinkovito delovanje trosilnika, saj zagotavlja enakomerno porazdelitev soli po cestni povr\u0161ini.<\/li>\n<\/ul>\n<\/li>\n<li><strong>Vzdr\u017eljivost in trdnost:<\/strong>\n<ul>\n<li>Kardanske gredi so zasnovane za prena\u0161anje visokih navornih obremenitev in te\u017ekih delovnih pogojev, zaradi \u010desar so primerne za uporabo v te\u017ekih kmetijskih strojih, vklju\u010dno s trosilniki soli.<\/li>\n<li>Gred je izdelana iz visoko trdnih materialov, kot je jeklo, in je zasnovana tako, da prenese ekstremne vremenske razmere, vibracije in fizi\u010dne obremenitve med \u010di\u0161\u010denjem cest v te\u017ekih zimskih razmerah.<\/li>\n<\/ul>\n<\/li>\n<li><strong>Hitra povezava in prekinitev povezave:<\/strong>\n<ul>\n<li>Kardanske gredi so zasnovane za enostavno priklop in odklop z izhoda kardanske gredi vozila ali traktorja. To omogo\u010da hitro priklop, ko je to potrebno, in enostavno odstranitev, ko niso v uporabi, kar pove\u010duje udobje in u\u010dinkovitost delovanja.<\/li>\n<li>Priklju\u010dek pogosto uporablja utorno gred ali hitro spojko, kar upravljavcem olaj\u0161a varno pritrditev gredi na menjalnik trosilnika soli.<\/li>\n<\/ul>\n<\/li>\n<li><strong>Univerzalni zglob (U-zglob):<\/strong>\n<ul>\n<li>Kardanska gred obi\u010dajno vklju\u010duje univerzalne zglobe (U-zglobe), ki omogo\u010dajo prenos mo\u010di tudi, ko je gred pod kotom. Ta fleksibilnost omogo\u010da, da se kardanska gred priklju\u010di na menjalnik trosilnika soli, ki je lahko name\u0161\u010den pod razli\u010dnimi koti, odvisno od zasnove trosilnika.<\/li>\n<li>Kardanski zglobi zagotavljajo nemoten prenos mo\u010di brez izgube u\u010dinkovitosti, tudi v spremenljivih obratovalnih pogojih, kot so neraven teren ali grobe cestne povr\u0161ine.<\/li>\n<\/ul>\n<\/li>\n<li><strong>Za\u0161\u010dita pred preobremenitvijo:<\/strong>\n<ul>\n<li>\u0160tevilne kardanske gredi za menjalnike trosilnikov soli so opremljene s stri\u017enimi zati\u010di, sklopkami ali omejevalniki navora, ki \u0161\u010ditijo stroje pred preobremenitvijo. Te za\u0161\u010ditne komponente prepre\u010dujejo po\u0161kodbe gredi, menjalnika ali drugih povezanih delov, \u010de trosilnik naleti na oviro ali upor.<\/li>\n<li>Ti varnostni mehanizmi so klju\u010dni za zagotavljanje dolge \u017eivljenjske dobe kardanske gredi in menjalnika med dolgotrajno uporabo v zahtevnih vremenskih razmerah.<\/li>\n<\/ul>\n<\/li>\n<\/ol>\n<p>Kardanska gred za menjalnik trosilnika soli je bistvena komponenta za prenos mehanske mo\u010di iz motorja traktorja v menjalnik, kar zagotavlja pravilno delovanje trosilnika soli. Kardanska gred je zasnovana za vzdr\u017eljivost, prilagodljivost in varnost ter pomaga poganjati klju\u010dne komponente trosilnika, kar zagotavlja u\u010dinkovito in zanesljivo \u010di\u0161\u010denje cest za odstranjevanje snega in ledu med zimskimi operacijami. Kombinacija mo\u010di, enostavnosti uporabe in za\u0161\u010dite pred preobremenitvijo zagotavlja, da lahko kardanska gred prenese te\u017eke pogoje in zagotavlja optimalno delovanje pri vzdr\u017eevanju cest.<\/p>\n<p><img loading=\"lazy\" decoding=\"async\" class=\"alignnone size-full wp-image-3303\" src=\"https:\/\/fmp-components.com\/wp-content\/uploads\/2025\/01\/Agricultural-PTO-Shaft-for-Salt-Spreader-Gearbox.webp\" alt=\"Kmetijska kardanska gred za menjalnik trosilnika soli\" width=\"1024\" height=\"500\" title=\"\" srcset=\"https:\/\/fmp-components.com\/wp-content\/uploads\/2025\/01\/Agricultural-PTO-Shaft-for-Salt-Spreader-Gearbox.webp 1024w, https:\/\/fmp-components.com\/wp-content\/uploads\/2025\/01\/Agricultural-PTO-Shaft-for-Salt-Spreader-Gearbox-980x479.webp 980w, https:\/\/fmp-components.com\/wp-content\/uploads\/2025\/01\/Agricultural-PTO-Shaft-for-Salt-Spreader-Gearbox-480x234.webp 480w\" sizes=\"(min-width: 0px) and (max-width: 480px) 480px, (min-width: 481px) and (max-width: 980px) 980px, (min-width: 981px) 1024px, 100vw\" \/><\/p>\n<h2>O FMP-ju<\/h2>\n<p>FMP s sede\u017eem v Italiji je vodilni proizvajalec, specializiran za na\u010drtovanje, razvoj in proizvodnjo visokozmogljivih menjalnikov, s primarnim poudarkom na sektorju kmetijske mehanizacije. Znan po svojem natan\u010dnem in\u017eeniringu, inovativnih re\u0161itvah in dosledni zanesljivosti, si je FMP prislu\u017eil sloves zaupanja vrednega partnerja tako na kmetijskem kot industrijskem trgu. Na\u0161 obse\u017een portfelj vklju\u010duje menjalnike po meri za kosilnice, kardanske gredi in druge klju\u010dne komponente, pri \u010demer je vsak skrbno izdelan, da zadosti edinstvenim zahtevam razli\u010dnih aplikacij.<\/p>\n<p>Pri FMP razumemo, da se vsaka stranka soo\u010da z razli\u010dnimi izzivi, zato smo zavezani k zagotavljanju re\u0161itev po meri. Ne glede na to, ali gre za posamezne komponente ali popolnoma integrirane sisteme, tesno sodelujemo z na\u0161imi strankami, da zagotovimo, da vsaka re\u0161itev ne le izpolnjuje njihove specifi\u010dne zahteve, temve\u010d tudi maksimizira u\u010dinkovitost in vrednost. Na\u0161 poudarek na hitrih, profesionalnih odzivih in strokovnem vodenju zagotavlja, da se vsako povpra\u0161evanje obravnava natan\u010dno in dosledno zagotavlja optimalne rezultate.<\/p>\n<p>Prednost dajemo transparentni in stalni komunikaciji skozi celoten cikel razvoja izdelka. Na\u0161a predana ekipa tesno sodeluje s strankami, da bi temeljito razumela njihove potrebe in jim nudila pronicljiva priporo\u010dila za doseganje najbolj\u0161ih mo\u017enih rezultatov. Ne glede na to, ali oblikujemo najsodobnej\u0161e izdelke ali izpolnjujemo rutinska naro\u010dila, je FMP zavezan k zagotavljanju visokokakovostnih, natan\u010dno zasnovanih re\u0161itev, vsaki\u010d pravo\u010dasno. Na\u0161e poslanstvo je dosledno presegati pri\u010dakovanja strank ter zagotavljati izjemne storitve in izjemne rezultate pri vsakem projektu.<\/p>\n<p>V sredi\u0161\u010du delovanja podjetja FMP je zavezanost kakovosti. Dr\u017eimo se najvi\u0161jih proizvodnih standardov in izvajamo stroge postopke nadzora kakovosti, da zagotovimo, da vsak izdelek izpolnjuje in pogosto presega industrijske standarde. Ta neomajna predanost odli\u010dnosti, skupaj z na\u0161imi temeljnimi vrednotami integritete, timskega dela in vztrajnosti, nam je omogo\u010dila, da smo s strankami v skoraj 30 dr\u017eavah po vsem svetu zgradili dolgotrajne, na zaupanju temelje\u010de odnose.<\/p>\n<p>FMP je zavezan k spodbujanju globalnih partnerstev s ponujanjem strokovnih nasvetov in prilagojenih re\u0161itev, ki odgovarjajo na spreminjajo\u010de se potrebe na\u0161ih strank. Prizadevamo si za vzpostavitev dolgoro\u010dnih, obojestransko koristnih odnosov, ki vodijo do uspeha vsakega projekta. Ne glede na to, ali potrebujete inovativne re\u0161itve za novo pobudo ali stalno podporo za obstoje\u010di sistem, vam je FMP na voljo, da vam pomaga pri re\u0161evanju tehni\u010dnih izzivov in zagotovi va\u0161 nadaljnji uspeh.<\/p>\n<p><img loading=\"lazy\" decoding=\"async\" class=\"alignnone wp-image-2695\" src=\"https:\/\/fmp-components.com\/wp-content\/uploads\/2025\/01\/agricultural-gearbox3.webp\" alt=\"kmetijski menjalnik\" width=\"1140\" height=\"1138\" title=\"\" srcset=\"https:\/\/fmp-components.com\/wp-content\/uploads\/2025\/01\/agricultural-gearbox3.webp 1140w, https:\/\/fmp-components.com\/wp-content\/uploads\/2025\/01\/agricultural-gearbox3-480x479.webp 480w\" sizes=\"(min-width: 0px) and (max-width: 480px) 480px, (min-width: 481px) 1140px, 100vw\" \/><\/p>\n<p>Avtor: CX<\/p>","protected":false},"excerpt":{"rendered":"<p>Specification of Salt Spreader Gearbox with Sprocket Product Name Salt Spreader Gearbox with Sprocket for Road Snow Removal Fits: SaltDogg SCH072SS, SCH072SSX, SCH096C, SCH096CX, SCH096SS, SCH096SSX, SCH120SS and SCH120SSX Spreaders Diameter 6.000 Shaft Diameter 1.000 Mounting Pattern 4 Bolt @ 5.42&#8243; Rotation Clockwise Speed 900 RPM Warranty 1 Year Working Principle of Salt Spreader Gearbox [&hellip;]<\/p>","protected":false},"featured_media":3305,"comment_status":"open","ping_status":"closed","template":"","meta":{"_et_pb_use_builder":"","_et_pb_old_content":"","_et_gb_content_width":""},"product_brand":[],"product_cat":[80],"product_tag":[],"class_list":{"0":"post-3301","1":"product","2":"type-product","3":"status-publish","4":"has-post-thumbnail","6":"product_cat-snowblower-gearbox","8":"first","9":"instock","10":"shipping-taxable","11":"product-type-simple"},"_links":{"self":[{"href":"https:\/\/fmp-components.com\/sl\/wp-json\/wp\/v2\/product\/3301","targetHints":{"allow":["GET"]}}],"collection":[{"href":"https:\/\/fmp-components.com\/sl\/wp-json\/wp\/v2\/product"}],"about":[{"href":"https:\/\/fmp-components.com\/sl\/wp-json\/wp\/v2\/types\/product"}],"replies":[{"embeddable":true,"href":"https:\/\/fmp-components.com\/sl\/wp-json\/wp\/v2\/comments?post=3301"}],"wp:featuredmedia":[{"embeddable":true,"href":"https:\/\/fmp-components.com\/sl\/wp-json\/wp\/v2\/media\/3305"}],"wp:attachment":[{"href":"https:\/\/fmp-components.com\/sl\/wp-json\/wp\/v2\/media?parent=3301"}],"wp:term":[{"taxonomy":"product_brand","embeddable":true,"href":"https:\/\/fmp-components.com\/sl\/wp-json\/wp\/v2\/product_brand?post=3301"},{"taxonomy":"product_cat","embeddable":true,"href":"https:\/\/fmp-components.com\/sl\/wp-json\/wp\/v2\/product_cat?post=3301"},{"taxonomy":"product_tag","embeddable":true,"href":"https:\/\/fmp-components.com\/sl\/wp-json\/wp\/v2\/product_tag?post=3301"}],"curies":[{"name":"delovni list","href":"https:\/\/api.w.org\/{rel}","templated":true}]}}