{"id":3291,"date":"2025-01-06T03:05:06","date_gmt":"2025-01-06T03:05:06","guid":{"rendered":"https:\/\/fmp-components.com\/?page_id=8"},"modified":"2025-01-06T03:15:19","modified_gmt":"2025-01-06T03:15:19","slug":"fmp-01-229-snow-plow-gearbox-for-spreader","status":"publish","type":"product","link":"https:\/\/fmp-components.com\/sl\/product\/fmp-01-229-snow-plow-gearbox-for-spreader\/","title":{"rendered":"FMP-01-229 Menjalnik za sne\u017eni plug za trosilnik"},"content":{"rendered":"<h2>Specifikacije menjalnika sne\u017enega pluga<\/h2>\n<p><img loading=\"lazy\" decoding=\"async\" class=\"alignnone  wp-image-3297\" src=\"https:\/\/fmp-components.com\/wp-content\/uploads\/2025\/01\/fmp_Snow-plow-gearbox-draw1.webp\" alt=\"fmp_Vleka-menjalnika-pluga-za-sneg(1)\" width=\"877\" height=\"748\" title=\"\" srcset=\"https:\/\/fmp-components.com\/wp-content\/uploads\/2025\/01\/fmp_Snow-plow-gearbox-draw1.webp 877w, https:\/\/fmp-components.com\/wp-content\/uploads\/2025\/01\/fmp_Snow-plow-gearbox-draw1-480x410.webp 480w\" sizes=\"(min-width: 0px) and (max-width: 480px) 480px, (min-width: 481px) 877px, 100vw\" \/><\/p>\n<table style=\"width: 100.071%; height: 460px;\" border=\"1\">\n<tbody>\n<tr style=\"height: 23px;\">\n<td style=\"width: 28.7257%; text-align: center; height: 23px;\"><strong>POSTAVKA<\/strong><\/td>\n<td style=\"width: 70.6263%; height: 23px;\">FMP-01-229<\/td>\n<\/tr>\n<tr style=\"height: 23px;\">\n<td style=\"width: 28.7257%; text-align: center; height: 23px;\"><strong>Razmerje<\/strong><\/td>\n<td style=\"width: 70.6263%; height: 23px;\">1:1.35<\/td>\n<\/tr>\n<tr style=\"height: 23px;\">\n<td style=\"width: 28.7257%; text-align: center; height: 23px;\"><strong>Zobje<\/strong><\/td>\n<td style=\"width: 70.6263%; height: 23px;\">16\/16<\/td>\n<\/tr>\n<tr style=\"height: 23px;\">\n<td style=\"width: 28.7257%; text-align: center; height: 23px;\"><strong>Modul<\/strong><\/td>\n<td style=\"width: 70.6263%; height: 23px;\">4.5<\/td>\n<\/tr>\n<tr style=\"height: 23px;\">\n<td style=\"width: 28.7257%; text-align: center; height: 23px;\"><strong>Mo\u010d (KM)<\/strong><\/td>\n<td style=\"width: 70.6263%; height: 23px;\">&#8211;<\/td>\n<\/tr>\n<tr style=\"height: 23px;\">\n<td style=\"width: 28.7257%; text-align: center; height: 23px;\"><strong>Nazivni vhod<\/strong><\/td>\n<td style=\"width: 70.6263%; height: 23px;\">540 vrt\/min<\/td>\n<\/tr>\n<tr style=\"height: 23px;\">\n<td style=\"width: 28.7257%; height: 23px; text-align: center;\"><strong>Opis vhoda\/izhoda<\/strong><\/td>\n<td style=\"width: 70.6263%; height: 23px;\">1 3\/8 Z6 \u03c625 Opti\u010dna os<\/td>\n<\/tr>\n<tr style=\"height: 23px;\">\n<td style=\"width: 28.7257%; height: 23px; text-align: center;\"><strong>Te\u017ea (SZ)<\/strong><\/td>\n<td style=\"width: 70.6263%; height: 23px;\">13 kg<\/td>\n<\/tr>\n<tr style=\"height: 23px;\">\n<th style=\"height: 23px;\">Vhodna gred<\/th>\n<td style=\"height: 23px;\">1-3\/8\u2033 (6 utorov)<\/td>\n<\/tr>\n<tr style=\"height: 23px;\">\n<th style=\"height: 23px;\">Dol\u017eina gredi (vhod)<\/th>\n<td style=\"height: 23px;\">3-1\/2&#8243;<\/td>\n<\/tr>\n<tr style=\"height: 23px;\">\n<th style=\"height: 23px;\">Izhodna gred<\/th>\n<td style=\"height: 23px;\">1&#8243;<\/td>\n<\/tr>\n<tr style=\"height: 23px;\">\n<th style=\"height: 23px;\">Dol\u017eina gredi (izhod)<\/th>\n<td style=\"height: 23px;\">3&#8243;<\/td>\n<\/tr>\n<tr style=\"height: 23px;\">\n<th style=\"height: 23px;\">Luknje v izhodni gredi<\/th>\n<td style=\"height: 23px;\">1-1\/2\u2033 od sredi\u0161\u010da do sredi\u0161\u010da<\/td>\n<\/tr>\n<tr style=\"height: 23px;\">\n<th style=\"height: 23px;\">\u0160tevilo monta\u017enih lukenj<\/th>\n<td style=\"height: 23px;\">6<\/td>\n<\/tr>\n<tr style=\"height: 23px;\">\n<th style=\"height: 23px;\">Celotna dol\u017eina (OL)<\/th>\n<td style=\"height: 23px;\">11&#8243;<\/td>\n<\/tr>\n<tr style=\"height: 23px;\">\n<th style=\"height: 23px;\">Skupna vi\u0161ina (OH)<\/th>\n<td style=\"height: 23px;\">9&#8243;<\/td>\n<\/tr>\n<tr style=\"height: 23px;\">\n<th style=\"height: 23px;\">Prestavno razmerje<\/th>\n<td style=\"height: 23px;\">1:1<\/td>\n<\/tr>\n<tr style=\"height: 23px;\">\n<th style=\"height: 23px;\">Razmik med luknjami za vijake (dolga stran)<\/th>\n<td style=\"height: 23px;\">2-3\/8\u2033 od sredi\u0161\u010da do sredi\u0161\u010da<\/td>\n<\/tr>\n<tr style=\"height: 23px;\">\n<th style=\"height: 23px;\">Razmik med luknjami za vijake (\u0161irina)<\/th>\n<td style=\"height: 23px;\">3-3\/4\u2033 od sredi\u0161\u010da do sredi\u0161\u010da<\/td>\n<\/tr>\n<tr style=\"height: 23px;\">\n<th style=\"height: 23px;\">Funkcija menjalnika<\/th>\n<td style=\"height: 23px;\">Ima zirk<\/td>\n<\/tr>\n<\/tbody>\n<\/table>\n<h2>Zna\u010dilnosti menjalnika sne\u017enega pluga<\/h2>\n<ol>\n<li><strong>Trajna stanovanjska gradnja<\/strong>\n<ul>\n<li>Obi\u010dajno so izdelani iz visoko trdne litine ali aluminijevih zlitin, kar zagotavlja dolgotrajno vzdr\u017eljivost in odpornost na te\u017eke obratovalne pogoje, kot so nizke temperature in vplivi okolja.<\/li>\n<\/ul>\n<\/li>\n<li><strong>Visoka navorna zmogljivost<\/strong>\n<ul>\n<li>Menjalnik, zasnovan za te\u017eka opravila \u010di\u0161\u010denja snega, je zasnovan tako, da u\u010dinkovito prena\u0161a visok navor, kar omogo\u010da sne\u017enemu plugu u\u010dinkovito premikanje po gostem snegu in ledu.<\/li>\n<\/ul>\n<\/li>\n<li><strong>Precizno izdelani zobniki<\/strong>\n<ul>\n<li>Z natan\u010dno izrezanimi zobniki, ki zagotavljajo gladek prenos mo\u010di, zmanj\u0161ujejo trenje in zagotavljajo dosledno delovanje tudi pri velikih obremenitvah.<\/li>\n<\/ul>\n<\/li>\n<li><strong>Tesnila, odporna na vremenske vplive<\/strong>\n<ul>\n<li>Opremljen z naprednimi tesnili, ki prepre\u010dujejo vdor vlage, snega in ledu v menjalnik, kar zagotavlja optimalno delovanje in \u0161\u010diti pred korozijo in obrabo.<\/li>\n<\/ul>\n<\/li>\n<li><strong>Prilagodljiva prestavna razmerja<\/strong>\n<ul>\n<li>Menjalniki so na voljo v razli\u010dnih prestavnih razmerjih, ki zagotavljajo potrebno hitrost in mo\u010d za razli\u010dne aplikacije plu\u017eenja snega, kar omogo\u010da prilagodljivost razli\u010dnim modelom strojev in terenom.<\/li>\n<\/ul>\n<\/li>\n<\/ol>\n<p>Zaradi teh lastnosti menjalnik sne\u017enega pluga zagotavlja maksimalno vzdr\u017eljivost, u\u010dinkovitost in zanesljivost pri spopadanju s te\u017ekimi zimskimi vremenskimi razmerami ter zagotavlja nemoteno in nemoteno delovanje skozi celotno sezono \u010di\u0161\u010denja snega.<\/p>\n<p><img loading=\"lazy\" decoding=\"async\" class=\"alignnone  wp-image-3299\" src=\"https:\/\/fmp-components.com\/wp-content\/uploads\/2025\/01\/FMP-gearbox1.jpg\" alt=\"FMP-menjalnik\" width=\"931\" height=\"623\" title=\"\" srcset=\"https:\/\/fmp-components.com\/wp-content\/uploads\/2025\/01\/FMP-gearbox1.jpg 931w, https:\/\/fmp-components.com\/wp-content\/uploads\/2025\/01\/FMP-gearbox1-480x321.jpg 480w\" sizes=\"(min-width: 0px) and (max-width: 480px) 480px, (min-width: 481px) 931px, 100vw\" \/><\/p>\n<h2>O FMP-ju<\/h2>\n<p>FMP s sede\u017eem v Italiji je vodilni proizvajalec, znan po svojem strokovnem znanju na podro\u010dju na\u010drtovanja, razvoja in proizvodnje visokozmogljivih menjalnikov, specializiran pa je za sektor kmetijske mehanizacije. Znan po svojem natan\u010dnem in\u017eeniringu, inovativnih re\u0161itvah in neomajni zanesljivosti, si je FMP prislu\u017eil dober sloves zaupanja vrednega partnerja tako na kmetijskem kot industrijskem trgu. Na\u0161 obse\u017een portfelj vklju\u010duje menjalnike po meri za kosilnice, kardanske gredi in \u0161iroko paleto klju\u010dnih komponent, vse izdelane s skrbno pozornostjo do detajlov, da bi zadostile edinstvenim zahtevam razli\u010dnih aplikacij.<\/p>\n<p>Pri FMP razumemo, da se vsaka stranka soo\u010da z razli\u010dnimi izzivi. To spoznanje nas spodbuja k zagotavljanju prilagojenih re\u0161itev, bodisi za posamezne komponente bodisi za popolnoma integrirane sisteme. S tesnim sodelovanjem z na\u0161imi strankami zagotavljamo, da vsaka re\u0161itev ne le izpolnjuje njihove natan\u010dne potrebe, temve\u010d tudi optimizira delovanje in prina\u0161a izjemno vrednost. Na\u0161a predanost zagotavljanju odzivne, profesionalne storitve in strokovnega vodenja zagotavlja, da se vsako povpra\u0161evanje obravnava natan\u010dno in dose\u017eejo najbolj\u0161i mo\u017eni rezultati.<\/p>\n<p>Velik poudarek dajemo pregledni in stalni komunikaciji skozi celoten proces razvoja izdelkov. Na\u0161a ekipa tesno sodeluje s strankami, da bi v celoti razumela njihove zahteve, in jim ponuja dragocene vpoglede ter uporabna priporo\u010dila za doseganje optimalnih rezultatov. Ne glede na to, ali razvijamo najsodobnej\u0161e re\u0161itve ali izpolnjujemo rutinska naro\u010dila, je FMP predan pravo\u010dasni dobavi visokokakovostnih, natan\u010dno izdelanih izdelkov vsaki\u010d. Na\u0161e poslanstvo je dosledno presegati pri\u010dakovanja strank ter zagotavljati izjemne storitve in rezultate pri vsakem projektu.<\/p>\n<p>V sredi\u0161\u010du delovanja podjetja FMP je neomajna zavezanost kakovosti. Dr\u017eimo se najvi\u0161jih proizvodnih standardov in izvajamo stroge ukrepe za nadzor kakovosti, da zagotovimo, da vsak izdelek ne le izpolnjuje, ampak tudi presega industrijske standarde. Ta zavezanost odli\u010dnosti, skupaj z na\u0161imi temeljnimi vrednotami integritete, timskega dela in vztrajnosti, nam je omogo\u010dila, da smo s strankami v skoraj 30 dr\u017eavah po vsem svetu zgradili dolgotrajne, na zaupanju temelje\u010de odnose.<\/p>\n<p>FMP je zavezan spodbujanju globalnih partnerstev, ponujanju strokovnih nasvetov in prilagojenih re\u0161itev, ki ustrezajo spreminjajo\u010dim se potrebam na\u0161ih strank. Prizadevamo si za vzpostavitev dolgoro\u010dnih, obojestransko koristnih odnosov, ki spodbujajo uspeh vsakega projekta. Ne glede na to, ali i\u0161\u010dete inovativne re\u0161itve za novo pobudo ali stalno podporo za obstoje\u010di sistem, vam je FMP na voljo, da vam pomaga premagati tehni\u010dne izzive in zagotovi va\u0161 nadaljnji uspeh.<\/p>\n<p><img loading=\"lazy\" decoding=\"async\" class=\"alignnone wp-image-2695\" src=\"https:\/\/fmp-components.com\/wp-content\/uploads\/2025\/01\/agricultural-gearbox3.webp\" alt=\"kmetijski menjalnik\" width=\"1140\" height=\"1138\" title=\"\" srcset=\"https:\/\/fmp-components.com\/wp-content\/uploads\/2025\/01\/agricultural-gearbox3.webp 1140w, https:\/\/fmp-components.com\/wp-content\/uploads\/2025\/01\/agricultural-gearbox3-480x479.webp 480w\" sizes=\"(min-width: 0px) and (max-width: 480px) 480px, (min-width: 481px) 1140px, 100vw\" \/><\/p>\n<p>Avtor: CX<\/p>","protected":false},"excerpt":{"rendered":"<p>Specifications of snow plow gearbox ITEM FMP-01-229 Ratio 1:1.35 Teeth 16\/16 Module 4.5 Power\uff08HP\uff09 &#8211; Rated Input 540rpm Input\/Output description 1 3\/8 Z6 \u03c625 Optic axis Weight\uff08N.W\uff09 13Kg Input Shaft 1-3\/8&#8243; (6 spline) Shaft Length (Input) 3-1\/2&#8243; Output Shaft 1&#8243; Shaft Length (Output) 3&#8243; Holes in Output Shaft 1-1\/2&#8243; center to center Number of Mounting [&hellip;]<\/p>","protected":false},"featured_media":3298,"comment_status":"open","ping_status":"closed","template":"","meta":{"_et_pb_use_builder":"","_et_pb_old_content":"","_et_gb_content_width":""},"product_brand":[],"product_cat":[80],"product_tag":[],"class_list":{"0":"post-3291","1":"product","2":"type-product","3":"status-publish","4":"has-post-thumbnail","6":"product_cat-snowblower-gearbox","8":"first","9":"instock","10":"shipping-taxable","11":"product-type-simple"},"_links":{"self":[{"href":"https:\/\/fmp-components.com\/sl\/wp-json\/wp\/v2\/product\/3291","targetHints":{"allow":["GET"]}}],"collection":[{"href":"https:\/\/fmp-components.com\/sl\/wp-json\/wp\/v2\/product"}],"about":[{"href":"https:\/\/fmp-components.com\/sl\/wp-json\/wp\/v2\/types\/product"}],"replies":[{"embeddable":true,"href":"https:\/\/fmp-components.com\/sl\/wp-json\/wp\/v2\/comments?post=3291"}],"wp:featuredmedia":[{"embeddable":true,"href":"https:\/\/fmp-components.com\/sl\/wp-json\/wp\/v2\/media\/3298"}],"wp:attachment":[{"href":"https:\/\/fmp-components.com\/sl\/wp-json\/wp\/v2\/media?parent=3291"}],"wp:term":[{"taxonomy":"product_brand","embeddable":true,"href":"https:\/\/fmp-components.com\/sl\/wp-json\/wp\/v2\/product_brand?post=3291"},{"taxonomy":"product_cat","embeddable":true,"href":"https:\/\/fmp-components.com\/sl\/wp-json\/wp\/v2\/product_cat?post=3291"},{"taxonomy":"product_tag","embeddable":true,"href":"https:\/\/fmp-components.com\/sl\/wp-json\/wp\/v2\/product_tag?post=3291"}],"curies":[{"name":"delovni list","href":"https:\/\/api.w.org\/{rel}","templated":true}]}}