{"id":3285,"date":"2025-01-06T02:26:59","date_gmt":"2025-01-06T02:26:59","guid":{"rendered":"https:\/\/fmp-components.com\/?page_id=8"},"modified":"2025-01-06T02:26:59","modified_gmt":"2025-01-06T02:26:59","slug":"manure-spreaders-gearboxes-replacement-of-comer-code-n-2a","status":"publish","type":"product","link":"https:\/\/fmp-components.com\/sl\/product\/manure-spreaders-gearboxes-replacement-of-comer-code-n-2a\/","title":{"rendered":"Menjalniki trosilnikov gnoja \u2013 zamenjava Comer Code N-2A"},"content":{"rendered":"<h2>Specifikacija menjalnikov N-2A za trosilnike gnoja<\/h2>\n<p><img loading=\"lazy\" decoding=\"async\" class=\"alignnone size-full wp-image-3286\" src=\"https:\/\/fmp-components.com\/wp-content\/uploads\/2025\/01\/manure-spreader-gearbox-N2A-specifications.webp\" alt=\"specifikacije menjalnika za trosilnik gnoja N2A\" width=\"1012\" height=\"544\" title=\"\" srcset=\"https:\/\/fmp-components.com\/wp-content\/uploads\/2025\/01\/manure-spreader-gearbox-N2A-specifications.webp 1012w, https:\/\/fmp-components.com\/wp-content\/uploads\/2025\/01\/manure-spreader-gearbox-N2A-specifications-980x527.webp 980w, https:\/\/fmp-components.com\/wp-content\/uploads\/2025\/01\/manure-spreader-gearbox-N2A-specifications-480x258.webp 480w\" sizes=\"(min-width: 0px) and (max-width: 480px) 480px, (min-width: 481px) and (max-width: 980px) 980px, (min-width: 981px) 1012px, 100vw\" \/><\/p>\n<table style=\"width: 93.7748%; height: 397px;\" border=\"1\">\n<tbody>\n<tr>\n<td><strong>jaz<\/strong><\/td>\n<td>5.67<\/td>\n<\/tr>\n<tr>\n<td><strong>S<sub>1<\/sub>[vrt\/min]<\/strong><\/td>\n<td>540<\/td>\n<\/tr>\n<tr>\n<td><strong>P<sub>1<\/sub>[kW]<\/strong><\/td>\n<td>23.5<\/td>\n<\/tr>\n<tr>\n<td><strong>M<sub>2<\/sub>[Nm]<\/strong><\/td>\n<td>&#8211;<\/td>\n<\/tr>\n<tr>\n<td><strong>Gred X<img loading=\"lazy\" decoding=\"async\" class=\"size-full wp-image-3287 aligncenter\" src=\"https:\/\/fmp-components.com\/wp-content\/uploads\/2025\/01\/shaft-x-1.webp\" alt=\"gred-x\" width=\"81\" height=\"78\" title=\"\" srcset=\"https:\/\/fmp-components.com\/wp-content\/uploads\/2025\/01\/shaft-x-1.webp 81w, https:\/\/fmp-components.com\/wp-content\/uploads\/2025\/01\/shaft-x-1-12x12.webp 12w\" sizes=\"(max-width: 81px) 100vw, 81px\" \/><\/strong><\/td>\n<td>1\u201d 3\/8 Z6<\/td>\n<\/tr>\n<tr>\n<td><strong>Gred Y<img loading=\"lazy\" decoding=\"async\" class=\"size-full wp-image-3287 aligncenter\" src=\"https:\/\/fmp-components.com\/wp-content\/uploads\/2025\/01\/shaft-x-1.webp\" alt=\"gred-x\" width=\"81\" height=\"78\" title=\"\" srcset=\"https:\/\/fmp-components.com\/wp-content\/uploads\/2025\/01\/shaft-x-1.webp 81w, https:\/\/fmp-components.com\/wp-content\/uploads\/2025\/01\/shaft-x-1-12x12.webp 12w\" sizes=\"(max-width: 81px) 100vw, 81px\" \/><\/strong><\/td>\n<td>1\u201d 3\/8 Z6<\/td>\n<\/tr>\n<tr>\n<td><strong>Gred Z<img loading=\"lazy\" decoding=\"async\" class=\"size-full wp-image-3287 aligncenter\" src=\"https:\/\/fmp-components.com\/wp-content\/uploads\/2025\/01\/shaft-x-1.webp\" alt=\"gred-x\" width=\"81\" height=\"78\" title=\"\" srcset=\"https:\/\/fmp-components.com\/wp-content\/uploads\/2025\/01\/shaft-x-1.webp 81w, https:\/\/fmp-components.com\/wp-content\/uploads\/2025\/01\/shaft-x-1-12x12.webp 12w\" sizes=\"(max-width: 81px) 100vw, 81px\" \/><\/strong><\/td>\n<td>1\u201d 3\/8 Z6<\/td>\n<\/tr>\n<tr>\n<td><strong>Vnos<\/strong><\/td>\n<td>\u017d<\/td>\n<\/tr>\n<\/tbody>\n<\/table>\n<h3>Zna\u010dilnosti menjalnika trosilnika gnoja<\/h3>\n<ol>\n<li><strong>Trpe\u017eno ohi\u0161je<\/strong><br \/>\nMenjalnik ima robustno, korozijsko odporno ohi\u0161je, obi\u010dajno izdelano iz visoko trdnih materialov, kot so lito \u017eelezo ali aluminijeve zlitine, kar zagotavlja dolgotrajno vzdr\u017eljivost tudi v te\u017ekih kmetijskih pogojih.<\/li>\n<li><strong>Visoka navorna zmogljivost<\/strong><br \/>\nMenjalnik trosilnika gnoja, zasnovan za opravljanje te\u017ekih kmetijskih opravil, zagotavlja visok navor za u\u010dinkovito delovanje in nemoten prenos mo\u010di s traktorja na trosilnik.<\/li>\n<li><strong>Precizni zobniki<\/strong><br \/>\nZobniki so natan\u010dno izdelani za natan\u010dno zapiranje in nemoteno delovanje, kar zmanj\u0161uje obrabo in izbolj\u0161uje u\u010dinkovitost. Ti zobniki so obi\u010dajno kovani in obdelani tako, da prenesejo visoke obremenitve.<\/li>\n<li><strong>Ve\u010d prestavnih razmerij<\/strong><br \/>\nMenjalniki za trosilnike gnoja so na voljo v razli\u010dnih prestavnih razmerjih, kot so 1:1, 1,46:1 in druga prilagojena razmerja, kar ponuja prilagodljivost za izpolnjevanje posebnih zahtev razli\u010dnih strojev in aplikacij.<\/li>\n<li><strong>Sto\u017e\u010dasti valj\u010dni le\u017eaji<\/strong><br \/>\nV menjalniku se uporabljajo visokoobremenitveni sto\u017e\u010dasti valj\u010dni le\u017eaji, ki zagotavljajo vrhunsko oporo gredi, s \u010dimer se podalj\u0161a \u017eivljenjska doba le\u017eajev, nosilnost in splo\u0161na zmogljivost menjalnika.<\/li>\n<\/ol>\n<p>Zaradi teh lastnosti so menjalniki trosilnikov gnoja zelo zanesljivi in \u200b\u200bu\u010dinkoviti sestavni deli v sodobnih kmetijskih dejavnostih, kar zagotavlja, da lahko kmetje opravljajo naloge, kot je tro\u0161enje gnoja, u\u010dinkovito, dosledno in z minimalnim \u010dasom izpada.<\/p>\n<p><img loading=\"lazy\" decoding=\"async\" class=\"alignnone  wp-image-3289\" src=\"https:\/\/fmp-components.com\/wp-content\/uploads\/2025\/01\/manure-spreader-gearbox-supplier1.webp\" alt=\"dobavitelj menjalnikov za trosilnike gnoja (1)\" width=\"941\" height=\"627\" title=\"\" srcset=\"https:\/\/fmp-components.com\/wp-content\/uploads\/2025\/01\/manure-spreader-gearbox-supplier1.webp 941w, https:\/\/fmp-components.com\/wp-content\/uploads\/2025\/01\/manure-spreader-gearbox-supplier1-480x320.webp 480w\" sizes=\"(min-width: 0px) and (max-width: 480px) 480px, (min-width: 481px) 941px, 100vw\" \/><\/p>\n<h3>Kardanska gred za menjalnik trosilnika gnoja<\/h3>\n<p>Kardanska gred (PTO) je bistvena komponenta, ki povezuje izhodno mo\u010d traktorja z menjalnikom trosilnika gnoja in omogo\u010da prenos mehanske mo\u010di za delovanje trosilnika gnoja. Kardanska gred slu\u017ei kot povezava med motorjem traktorja in menjalnikom trosilnika gnoja, kar zagotavlja u\u010dinkovito in uspe\u0161no napajanje trosilnika. Spodaj so navedene klju\u010dne zna\u010dilnosti in prednosti kardanske gredi za menjalnike trosilnikov gnoja:<\/p>\n<ol>\n<li><strong>Te\u017eka gradnja<\/strong>\n<ul>\n<li><strong>Visokotrdno jeklo<\/strong>Kardanska gred je izdelana iz robustnega, visokotrdnostnega jekla, ki prenese mo\u010dan navor in obremenitve, povezane s kmetijskimi opravili.<\/li>\n<li><strong>Trpe\u017ene komponente<\/strong>Z robustnimi spoji in oja\u010dano zasnovo so kardanske gredi izdelane tako, da prenesejo zahtevna kmetijska okolja, vklju\u010dno z izpostavljenostjo prahu, vlagi in kemi\u010dnim elementom.<\/li>\n<\/ul>\n<\/li>\n<li><strong>Zdru\u017eljivost<\/strong>\n<ul>\n<li><strong>Univerzalna zasnova<\/strong>Kardanske gredi so zasnovane z univerzalnimi zglobi, da se zagotovi zdru\u017eljivost s \u0161iroko paleto traktorjev in trosilnikov gnoja.<\/li>\n<li><strong>Standardizirane sklopke<\/strong>Gredi so opremljene s standardiziranimi spojkami, ki ustrezajo izhodu kardanske gredi traktorja in vhodu menjalnika trosilnika gnoja, kar zagotavlja enostavno priklop in odklop.<\/li>\n<\/ul>\n<\/li>\n<li><strong>Prenos visokega navora<\/strong>\n<ul>\n<li>Kardanske gredi so zasnovane za prenos visokega navora iz traktorja na menjalnik trosilnika gnoja. To zagotavlja u\u010dinkovito delovanje trosilnika, tudi pri velikih obremenitvah.<\/li>\n<\/ul>\n<\/li>\n<li><strong>Varnostne funkcije<\/strong>\n<ul>\n<li><strong>Varnostni \u0161\u010diti in za\u0161\u010ditni \u0161\u010ditniki<\/strong>Kardanske gredi so opremljene z varnostnimi \u0161\u010diti in za\u0161\u010ditnimi \u0161\u010diti, ki prepre\u010dujejo nenameren stik s premi\u010dnimi deli, kar zagotavlja varno delovanje za uporabnika.<\/li>\n<li><strong>Mehanizmi zdrsne sklopke<\/strong>\u0160tevilne kardanske gredi so opremljene z drsnimi sklopkami ali mehanizmi za za\u0161\u010dito pred preobremenitvijo, ki \u0161\u010ditijo gred in priklju\u010dene stroje pred po\u0161kodbami zaradi nenadnih sunkov ali prevelikega navora.<\/li>\n<\/ul>\n<\/li>\n<li><strong>Prilagodljivost in doseg<\/strong>\n<ul>\n<li>Kardanske gredi so na voljo v razli\u010dnih dol\u017einah, ki ustrezajo razdalji med traktorjem in trosilnikom gnoja, kar zagotavlja ustrezen doseg in prilagodljivost za razli\u010dne nastavitve.<\/li>\n<li><strong>Teleskopska zasnova<\/strong>Nekatere kardanske gredi imajo teleskopsko zasnovo, ki omogo\u010da nastavitev dol\u017eine za razli\u010dne delovne razdalje med traktorjem in trosilnikom.<\/li>\n<\/ul>\n<\/li>\n<\/ol>\n<ol>\n<li style=\"list-style-type: none;\"><\/li>\n<\/ol>\n<p>Skratka, kardanska gred za menjalnike trosilnikov gnoja je klju\u010dni sestavni del sodobnega kmetijstva. Zagotavlja u\u010dinkovit prenos mo\u010di, pove\u010duje varnost ter ponuja vzdr\u017eljivost in prilagodljivost za razli\u010dne namene uporabe. Z uporabo visokokakovostne kardanske gredi lahko kmetje pove\u010dajo u\u010dinkovitost svojih trosilnikov gnoja, hkrati pa zmanj\u0161ajo potrebe po vzdr\u017eevanju in obratovalne stro\u0161ke.<\/p>\n<p><img loading=\"lazy\" decoding=\"async\" class=\"alignnone  wp-image-3288\" src=\"https:\/\/fmp-components.com\/wp-content\/uploads\/2025\/01\/pto-shaft-for-manure-spreader-gearbox1.webp\" alt=\"kardanska-gred-za-menjalnik-trosilnika-gnojnika(1)\" width=\"852\" height=\"837\" title=\"\" srcset=\"https:\/\/fmp-components.com\/wp-content\/uploads\/2025\/01\/pto-shaft-for-manure-spreader-gearbox1.webp 852w, https:\/\/fmp-components.com\/wp-content\/uploads\/2025\/01\/pto-shaft-for-manure-spreader-gearbox1-480x471.webp 480w\" sizes=\"(min-width: 0px) and (max-width: 480px) 480px, (min-width: 481px) 852px, 100vw\" \/><\/p>\n<h2>O FMP-ju<\/h2>\n<p>FMP s sede\u017eem v Italiji je vodilni proizvajalec, znan po svojem strokovnem znanju na podro\u010dju na\u010drtovanja, razvoja in proizvodnje visokozmogljivih menjalnikov, s posebnim poudarkom na sektorju kmetijske mehanizacije. FMP, znan po natan\u010dnem in\u017eeniringu, inovativnih re\u0161itvah in neprekosljivi zanesljivosti, se je uveljavil kot zaupanja vreden partner tako na kmetijskem kot industrijskem trgu. Na\u0161 obse\u017een portfelj vklju\u010duje menjalnike po meri za kosilnice, kardanske gredi in druge bistvene komponente, ki so zasnovani tako, da izpolnjujejo natan\u010dne zahteve \u0161irokega nabora aplikacij.<\/p>\n<p>Pri FMP razumemo, da so potrebe vsake stranke edinstvene. To spoznanje nas spodbuja k zagotavljanju prilagojenih re\u0161itev, bodisi za posamezne komponente bodisi za popolnoma integrirane sisteme. S tesnim sodelovanjem s strankami zagotavljamo, da je vsaka re\u0161itev popolnoma usklajena z njihovimi zahtevami, kar optimizira delovanje in zagotavlja najve\u010djo vrednost. Na\u0161a predanost zagotavljanju pravo\u010dasnih, profesionalnih odgovorov in strokovnega vodenja zagotavlja, da je vsako povpra\u0161evanje obravnavano natan\u010dno, kar vodi do doslednih in uspe\u0161nih rezultatov.<\/p>\n<p>V vsaki fazi razvoja izdelka dajemo prednost transparentni in stalni komunikaciji. Na\u0161a izku\u0161ena ekipa tesno sodeluje s strankami, da bi v celoti razumela njihove specifi\u010dne potrebe, in jim ponuja dragocene vpoglede in priporo\u010dila za doseganje najbolj\u0161ih rezultatov. Ne glede na to, ali gre za razvoj inovativnih izdelkov ali izpolnjevanje rutinskih naro\u010dil, je FMP zavezan k zagotavljanju visokokakovostnih, natan\u010dno zasnovanih re\u0161itev, vsaki\u010d pravo\u010dasno. Na\u0161 cilj je prese\u010di pri\u010dakovanja strank, zagotoviti izjemno storitev in dose\u010di izjemne rezultate pri vsakem projektu.<\/p>\n<p>V sredi\u0161\u010du delovanja podjetja FMP je neomajna zavezanost kakovosti. Dr\u017eimo se najvi\u0161jih proizvodnih standardov in izvajamo stroge postopke nadzora kakovosti, da zagotovimo, da vsak izdelek presega industrijske standarde. Ta zavezanost odli\u010dnosti, skupaj z na\u0161imi temeljnimi vrednotami integritete, timskega dela in vztrajnosti, nam je omogo\u010dila, da smo s strankami v skoraj 30 dr\u017eavah po vsem svetu zgradili dolgotrajne, na zaupanju temelje\u010de odnose.<\/p>\n<p>FMP je predan spodbujanju globalnih partnerstev s ponujanjem strokovnih nasvetov in prilagojenih re\u0161itev, ki se razvijajo skupaj s spreminjajo\u010dimi se potrebami na\u0161ih strank. Prizadevamo si za gradnjo dolgoro\u010dnih, obojestransko koristnih odnosov, ki spodbujajo uspeh vsakega projekta. Ne glede na to, ali i\u0161\u010dete inovativne re\u0161itve za novo pobudo ali stalno podporo za obstoje\u010di sistem, vam je FMP na voljo, da vam pomaga premagati tehni\u010dne izzive in zagotovi va\u0161 nadaljnji uspeh.<\/p>\n<p><img loading=\"lazy\" decoding=\"async\" class=\"alignnone wp-image-2695\" src=\"https:\/\/fmp-components.com\/wp-content\/uploads\/2025\/01\/agricultural-gearbox3.webp\" alt=\"kmetijski menjalnik\" width=\"1140\" height=\"1138\" title=\"\" srcset=\"https:\/\/fmp-components.com\/wp-content\/uploads\/2025\/01\/agricultural-gearbox3.webp 1140w, https:\/\/fmp-components.com\/wp-content\/uploads\/2025\/01\/agricultural-gearbox3-480x479.webp 480w\" sizes=\"(min-width: 0px) and (max-width: 480px) 480px, (min-width: 481px) 1140px, 100vw\" \/><\/p>\n<p>Avtor: CX<\/p>","protected":false},"excerpt":{"rendered":"<p>Manure Spreader Gearboxes N-2A Specification i 5.67 N1[rpm] 540 P1[kW] 23.5 M2[Nm] &#8211; Shaft X 1&#8221; 3\/8 Z6 Shaft Y 1&#8221; 3\/8 Z6 Shaft Z 1&#8221; 3\/8 Z6 Input Z Features of Manure Spreader Gearbox Durable Housing The gearbox features a robust, corrosion-resistant housing, typically made from high-strength materials such as cast iron or aluminum [&hellip;]<\/p>","protected":false},"featured_media":3290,"comment_status":"open","ping_status":"closed","template":"","meta":{"_et_pb_use_builder":"","_et_pb_old_content":"","_et_gb_content_width":""},"product_brand":[],"product_cat":[79],"product_tag":[],"class_list":{"0":"post-3285","1":"product","2":"type-product","3":"status-publish","4":"has-post-thumbnail","6":"product_cat-manure-spreader-gearbox","8":"first","9":"instock","10":"shipping-taxable","11":"product-type-simple"},"_links":{"self":[{"href":"https:\/\/fmp-components.com\/sl\/wp-json\/wp\/v2\/product\/3285","targetHints":{"allow":["GET"]}}],"collection":[{"href":"https:\/\/fmp-components.com\/sl\/wp-json\/wp\/v2\/product"}],"about":[{"href":"https:\/\/fmp-components.com\/sl\/wp-json\/wp\/v2\/types\/product"}],"replies":[{"embeddable":true,"href":"https:\/\/fmp-components.com\/sl\/wp-json\/wp\/v2\/comments?post=3285"}],"wp:featuredmedia":[{"embeddable":true,"href":"https:\/\/fmp-components.com\/sl\/wp-json\/wp\/v2\/media\/3290"}],"wp:attachment":[{"href":"https:\/\/fmp-components.com\/sl\/wp-json\/wp\/v2\/media?parent=3285"}],"wp:term":[{"taxonomy":"product_brand","embeddable":true,"href":"https:\/\/fmp-components.com\/sl\/wp-json\/wp\/v2\/product_brand?post=3285"},{"taxonomy":"product_cat","embeddable":true,"href":"https:\/\/fmp-components.com\/sl\/wp-json\/wp\/v2\/product_cat?post=3285"},{"taxonomy":"product_tag","embeddable":true,"href":"https:\/\/fmp-components.com\/sl\/wp-json\/wp\/v2\/product_tag?post=3285"}],"curies":[{"name":"delovni list","href":"https:\/\/api.w.org\/{rel}","templated":true}]}}