{"id":3259,"date":"2025-01-06T01:36:46","date_gmt":"2025-01-06T01:36:46","guid":{"rendered":"https:\/\/fmp-components.com\/?page_id=8"},"modified":"2025-01-06T01:36:47","modified_gmt":"2025-01-06T01:36:47","slug":"gearbox-for-agricultural-machinery-700-series","status":"publish","type":"product","link":"https:\/\/fmp-components.com\/sl\/product\/gearbox-for-agricultural-machinery-700-series\/","title":{"rendered":"Menjalnik za kmetijsko mehanizacijo serije 700"},"content":{"rendered":"<h2>Risba za serijo 700<\/h2>\n<p><img loading=\"lazy\" decoding=\"async\" class=\"alignnone  wp-image-3263\" src=\"https:\/\/fmp-components.com\/wp-content\/uploads\/2025\/01\/R700-Spec-1.webp\" alt=\"R700-Spec-1\" width=\"900\" height=\"1126\" title=\"\" srcset=\"https:\/\/fmp-components.com\/wp-content\/uploads\/2025\/01\/R700-Spec-1.webp 900w, https:\/\/fmp-components.com\/wp-content\/uploads\/2025\/01\/R700-Spec-1-480x601.webp 480w\" sizes=\"(min-width: 0px) and (max-width: 480px) 480px, (min-width: 481px) 900px, 100vw\" \/><\/p>\n<h3>Poravnava vrtenja gredi za serijo 700<\/h3>\n<p><img loading=\"lazy\" decoding=\"async\" class=\"alignnone size-full wp-image-3262\" src=\"https:\/\/fmp-components.com\/wp-content\/uploads\/2025\/01\/R700-Rotation.webp\" alt=\"R700-Vrtenje\" width=\"1024\" height=\"345\" title=\"\" srcset=\"https:\/\/fmp-components.com\/wp-content\/uploads\/2025\/01\/R700-Rotation.webp 1024w, https:\/\/fmp-components.com\/wp-content\/uploads\/2025\/01\/R700-Rotation-980x330.webp 980w, https:\/\/fmp-components.com\/wp-content\/uploads\/2025\/01\/R700-Rotation-480x162.webp 480w\" sizes=\"(min-width: 0px) and (max-width: 480px) 480px, (min-width: 481px) and (max-width: 980px) 980px, (min-width: 981px) 1024px, 100vw\" \/><\/p>\n<h3>Ocenjevalne lestvice<\/h3>\n<p><img loading=\"lazy\" decoding=\"async\" class=\"alignnone  wp-image-3264\" src=\"https:\/\/fmp-components.com\/wp-content\/uploads\/2025\/01\/R700-rating-charts.webp\" alt=\"R700-ocenjevalne-granice\" width=\"862\" height=\"397\" title=\"\" srcset=\"https:\/\/fmp-components.com\/wp-content\/uploads\/2025\/01\/R700-rating-charts.webp 393w, https:\/\/fmp-components.com\/wp-content\/uploads\/2025\/01\/R700-rating-charts-300x138.webp 300w, https:\/\/fmp-components.com\/wp-content\/uploads\/2025\/01\/R700-rating-charts-18x8.webp 18w\" sizes=\"(max-width: 862px) 100vw, 862px\" \/><\/p>\n<h3>Menjalnik za kmetijsko mehanizacijo serije 700<\/h3>\n<p><strong>Zna\u010dilnosti:<\/strong><\/p>\n<ul>\n<li><strong>Dvodelno aluminijasto ohi\u0161je<\/strong>Ohi\u0161je, izdelano iz visoko trdnega aluminija, zagotavlja vrhunsko <strong>odpornost proti koroziji<\/strong> in <strong>toplotna kapaciteta<\/strong>, zaradi \u010desar je zelo vzdr\u017eljiv za zahtevna kmetijska okolja.<\/li>\n<li><strong>Precizno obdelane komponente<\/strong>Vsak menjalnik je natan\u010dno obdelan, da se zagotovi popolno prestavljanje zobnikov in <strong>prednapetost le\u017eaja<\/strong>, kar zagotavlja nemoteno in u\u010dinkovito delovanje pri velikih obremenitvah.<\/li>\n<li><strong>Kovani zobniki<\/strong>Serija 700 ima natan\u010dno kovane zobnike, ki so na voljo v <strong>Prestavno razmerje 3:1<\/strong>, kar zagotavlja odli\u010den prenos navora in obratovalno u\u010dinkovitost.<\/li>\n<li><strong>Sto\u017e\u010dasti valj\u010dni le\u017eaji<\/strong>Ti le\u017eaji so zasnovani za izbolj\u0161anje <strong>nosilnost<\/strong> in podalj\u0161ati <strong>\u017eivljenjska doba le\u017eaja<\/strong>, kar zagotavlja dolgotrajno delovanje tudi v zelo stresnih okoljih.<\/li>\n<li><strong>Visokotrdne jeklene gredi<\/strong>: The <strong>1,75\u2033 vhodna gred<\/strong> in <strong>2,75-pal\u010dna izhodna gred<\/strong> so izdelani iz visoko trdnega jekla, kar zagotavlja robustnost in zanesljivost pri te\u017ekih aplikacijah.<\/li>\n<li><strong>Mazivo za menjalnike 80W90<\/strong>Napolnjeno z visokokakovostnimi <strong>Mazivo za menjalnike 80W90<\/strong>, menjalnik je pred odpremo temeljito preizku\u0161en glede tesnjenja, kar zagotavlja optimalno delovanje \u017ee od prvega dne.<\/li>\n<li><strong>Preizku\u0161eno na tesnost<\/strong>Vsaka enota je podvr\u017eena obse\u017enemu preizkusu tesnosti, da se zagotovi ni\u010delno pu\u0161\u010danje, kar zagotavlja zanesljivost in s\u010dasoma zmanj\u0161uje potrebe po vzdr\u017eevanju.<\/li>\n<li><strong>Te\u017ea<\/strong>Menjalnik serije 700 tehta pribli\u017eno <strong>120 funtov<\/strong>, vklju\u010dno z mazivom, zaradi \u010desar je robusten in sposoben obvladovati najzahtevnej\u0161e naloge kmetijske mehanizacije.<\/li>\n<\/ul>\n<h3>Dodatne ugodnosti:<\/h3>\n<ul>\n<li><strong>Optimalno upravljanje temperature<\/strong>Aluminijasto ohi\u0161je ne zagotavlja le trdnosti, temve\u010d tudi u\u010dinkovito odvaja toploto in ohranja dosledno delovanje tudi med dolgotrajno uporabo v zahtevnih pogojih.<\/li>\n<li><strong>Vzdr\u017eljivost in dolgo\u017eivost<\/strong>Serija 700, zasnovana za neprekinjeno kmetijstvo z visokimi obremenitvami, je izdelana tako, da prenese zahtevna delovna okolja, kar zagotavlja dalj\u0161o \u017eivljenjsko dobo in minimalen \u010das izpada.<\/li>\n<li><strong>U\u010dinkovitost v velikem obsegu<\/strong>Prestavno razmerje 3:1 je idealno za ve\u010dje kmetijske stroje, saj zagotavlja, da menjalnik pove\u010da u\u010dinkovitost in u\u010dinkovito prena\u0161a mo\u010d za optimalno delovanje na polju.<\/li>\n<\/ul>\n<p>Menjalnik serije 700 je zasnovan za izjemno zanesljivost, zmogljivost in vzdr\u017eljivost v najzahtevnej\u0161ih kmetijskih okoljih. Ne glede na to, ali upravljate velike traktorje, kombajne ali drugo te\u017eko mehanizacijo, vam serija 700 zagotavlja mo\u010d in vzdr\u017eljivost, ki ju potrebujete za u\u010dinkovito delovanje in dolgoro\u010dno zanesljivost.<\/p>\n<h3>O FMP-ju<\/h3>\n<p>FMP s sede\u017eem v Italiji je ugleden proizvajalec, znan po svojem strokovnem znanju na podro\u010dju na\u010drtovanja, razvoja in proizvodnje visokozmogljivih menjalnikov, s posebnim poudarkom na sektorju kmetijske mehanizacije. Znan po svojem natan\u010dnem in\u017eeniringu, inovativnih re\u0161itvah in neomajni zanesljivosti, si je FMP prislu\u017eil dober sloves zaupanja vrednega partnerja tako na kmetijskem kot industrijskem trgu. Na\u0161 obse\u017een portfelj vklju\u010duje menjalnike po meri za kosilnice, kardanske gredi in \u0161iroko paleto drugih klju\u010dnih komponent, ki so vse skrbno zasnovane za izpolnjevanje posebnih zahtev razli\u010dnih aplikacij.<\/p>\n<p>Pri FMP razumemo, da se vsaka stranka soo\u010da z edinstvenimi izzivi, zato smo predani zagotavljanju re\u0161itev po meri. Ne glede na to, ali gre za posamezno komponento ali celoten integriran sistem, tesno sodelujemo z na\u0161imi strankami, da zagotovimo, da vsaka re\u0161itev ne le izpolnjuje njihove zahteve, temve\u010d tudi izbolj\u0161a u\u010dinkovitost in pove\u010da skupno vrednost. Na\u0161a zavezanost hitrim, profesionalnim odzivom in strokovnemu vodenju zagotavlja, da je vsako povpra\u0161evanje obravnavano natan\u010dno, kar dosledno prina\u0161a optimalne rezultate.<\/p>\n<p>Velik poudarek dajemo pregledni in stalni komunikaciji skozi celoten proces razvoja izdelkov. Na\u0161a predana ekipa tesno sodeluje s strankami, da bi v celoti razumela njihove potrebe, in jim ponuja dragocene vpoglede ter prakti\u010dna priporo\u010dila za zagotavljanje najbolj\u0161ih mo\u017enih rezultatov. Ne glede na to, ali oblikujemo inovativne izdelke ali izpolnjujemo rutinska naro\u010dila, je FMP zavezan k zagotavljanju visokokakovostnih, natan\u010dno zasnovanih re\u0161itev, vsaki\u010d pravo\u010dasno. Na\u0161 cilj je prese\u010di pri\u010dakovanja strank ter zagotoviti izjemno storitev in izjemne rezultate pri vsakem projektu.<\/p>\n<p>V sredi\u0161\u010du delovanja podjetja FMP je neomajna zavezanost kakovosti. Dr\u017eimo se najvi\u0161jih proizvodnih standardov in izvajamo stroge postopke nadzora kakovosti, da zagotovimo, da vsak izdelek ne le izpolnjuje, ampak tudi presega industrijske standarde. Ta zavezanost odli\u010dnosti, skupaj z na\u0161imi temeljnimi vrednotami integritete, timskega dela in vztrajnosti, nam je omogo\u010dila, da smo s strankami v skoraj 30 dr\u017eavah po vsem svetu zgradili dolgotrajne, na zaupanju temelje\u010de odnose.<\/p>\n<p>FMP je predan spodbujanju globalnih partnerstev s ponujanjem strokovnih nasvetov in prilagojenih re\u0161itev, ki se razvijajo skupaj z dinami\u010dnimi potrebami na\u0161ih strank. Prizadevamo si za gradnjo dolgoro\u010dnih, obojestransko koristnih odnosov, ki spodbujajo uspeh vsakega projekta. Ne glede na to, ali i\u0161\u010dete inovativne re\u0161itve za novo pobudo ali potrebujete stalno podporo za obstoje\u010di sistem, vam je FMP pripravljen pomagati premagati tehni\u010dne izzive in zagotoviti va\u0161 nadaljnji uspeh.<\/p>\n<p><img loading=\"lazy\" decoding=\"async\" class=\"alignnone wp-image-2695\" src=\"https:\/\/fmp-components.com\/wp-content\/uploads\/2025\/01\/agricultural-gearbox3.webp\" alt=\"kmetijski menjalnik\" width=\"1140\" height=\"1138\" title=\"\" srcset=\"https:\/\/fmp-components.com\/wp-content\/uploads\/2025\/01\/agricultural-gearbox3.webp 1140w, https:\/\/fmp-components.com\/wp-content\/uploads\/2025\/01\/agricultural-gearbox3-480x479.webp 480w\" sizes=\"(min-width: 0px) and (max-width: 480px) 480px, (min-width: 481px) 1140px, 100vw\" \/><\/p>\n<p>Avtor: CX<\/p>","protected":false},"excerpt":{"rendered":"<p>Drawing For 700 Series Shaft Rotation Alignment For 700 Series Rating Charts Gearbox for Agricultural Machinery 700 Series Features: Two-Piece Aluminum Housing: Constructed with high-strength aluminum, this housing ensures superior corrosion resistance and thermal capacity, making it highly durable for demanding agricultural environments. Precision Machined Components: Each gearbox is precision-machined to guarantee perfect gear meshing [&hellip;]<\/p>","protected":false},"featured_media":3260,"comment_status":"open","ping_status":"closed","template":"","meta":{"_et_pb_use_builder":"","_et_pb_old_content":"","_et_gb_content_width":""},"product_brand":[],"product_cat":[78],"product_tag":[],"class_list":{"0":"post-3259","1":"product","2":"type-product","3":"status-publish","4":"has-post-thumbnail","6":"product_cat-gearbox-for-agricultural-machinery","8":"first","9":"instock","10":"shipping-taxable","11":"product-type-simple"},"_links":{"self":[{"href":"https:\/\/fmp-components.com\/sl\/wp-json\/wp\/v2\/product\/3259","targetHints":{"allow":["GET"]}}],"collection":[{"href":"https:\/\/fmp-components.com\/sl\/wp-json\/wp\/v2\/product"}],"about":[{"href":"https:\/\/fmp-components.com\/sl\/wp-json\/wp\/v2\/types\/product"}],"replies":[{"embeddable":true,"href":"https:\/\/fmp-components.com\/sl\/wp-json\/wp\/v2\/comments?post=3259"}],"wp:featuredmedia":[{"embeddable":true,"href":"https:\/\/fmp-components.com\/sl\/wp-json\/wp\/v2\/media\/3260"}],"wp:attachment":[{"href":"https:\/\/fmp-components.com\/sl\/wp-json\/wp\/v2\/media?parent=3259"}],"wp:term":[{"taxonomy":"product_brand","embeddable":true,"href":"https:\/\/fmp-components.com\/sl\/wp-json\/wp\/v2\/product_brand?post=3259"},{"taxonomy":"product_cat","embeddable":true,"href":"https:\/\/fmp-components.com\/sl\/wp-json\/wp\/v2\/product_cat?post=3259"},{"taxonomy":"product_tag","embeddable":true,"href":"https:\/\/fmp-components.com\/sl\/wp-json\/wp\/v2\/product_tag?post=3259"}],"curies":[{"name":"delovni list","href":"https:\/\/api.w.org\/{rel}","templated":true}]}}