{"id":3253,"date":"2025-01-06T01:10:21","date_gmt":"2025-01-06T01:10:21","guid":{"rendered":"https:\/\/fmp-components.com\/?page_id=8"},"modified":"2025-01-06T01:15:31","modified_gmt":"2025-01-06T01:15:31","slug":"gearbox-for-agricultural-machinery-600-series","status":"publish","type":"product","link":"https:\/\/fmp-components.com\/sl\/product\/gearbox-for-agricultural-machinery-600-series\/","title":{"rendered":"Menjalnik za kmetijsko mehanizacijo serije 600"},"content":{"rendered":"<h2>Tabela ocen<\/h2>\n<p><img loading=\"lazy\" decoding=\"async\" class=\"alignnone wp-image-3255\" src=\"https:\/\/fmp-components.com\/wp-content\/uploads\/2025\/01\/R600-rating-charts.webp\" alt=\"R600-ocenjevalne-granice\" width=\"844\" height=\"1536\" title=\"\" srcset=\"https:\/\/fmp-components.com\/wp-content\/uploads\/2025\/01\/R600-rating-charts.webp 339w, https:\/\/fmp-components.com\/wp-content\/uploads\/2025\/01\/R600-rating-charts-165x300.webp 165w, https:\/\/fmp-components.com\/wp-content\/uploads\/2025\/01\/R600-rating-charts-7x12.webp 7w\" sizes=\"(max-width: 844px) 100vw, 844px\" \/><\/p>\n<h3>Risba za serijo 600<\/h3>\n<p><img loading=\"lazy\" decoding=\"async\" class=\"alignnone wp-image-3254\" src=\"https:\/\/fmp-components.com\/wp-content\/uploads\/2025\/01\/600drawing.webp\" alt=\"600 risb\" width=\"889\" height=\"1149\" title=\"\" srcset=\"https:\/\/fmp-components.com\/wp-content\/uploads\/2025\/01\/600drawing.webp 889w, https:\/\/fmp-components.com\/wp-content\/uploads\/2025\/01\/600drawing-480x621.webp 480w\" sizes=\"(min-width: 0px) and (max-width: 480px) 480px, (min-width: 481px) 889px, 100vw\" \/><\/p>\n<h3>Poravnava vrtenja gredi za serijo 600<\/h3>\n<p><img loading=\"lazy\" decoding=\"async\" class=\"alignnone size-full wp-image-3257\" src=\"https:\/\/fmp-components.com\/wp-content\/uploads\/2025\/01\/R400-600Rotation.webp\" alt=\"R400-600Vrtenje\" width=\"1024\" height=\"384\" title=\"\" srcset=\"https:\/\/fmp-components.com\/wp-content\/uploads\/2025\/01\/R400-600Rotation.webp 1024w, https:\/\/fmp-components.com\/wp-content\/uploads\/2025\/01\/R400-600Rotation-980x368.webp 980w, https:\/\/fmp-components.com\/wp-content\/uploads\/2025\/01\/R400-600Rotation-480x180.webp 480w\" sizes=\"(min-width: 0px) and (max-width: 480px) 480px, (min-width: 481px) and (max-width: 980px) 980px, (min-width: 981px) 1024px, 100vw\" \/><\/p>\n<h3>Klju\u010dne zna\u010dilnosti menjalnika za kmetijsko mehanizacijo \u2013 serija 600<\/h3>\n<p>Menjalnik serije 600 je zasnovan za zahtevne kmetijske aplikacije in zagotavlja izjemno zmogljivost in vzdr\u017eljivost. Z robustnim dvodelnim aluminijastim ohi\u0161jem ponuja ta menjalnik vrhunsko trdnost, odpornost proti koroziji in toplotno zmogljivost, kar zagotavlja zanesljivo delovanje tudi v zahtevnih pogojih. Ne glede na to, ali se uporablja v kmetijski mehanizaciji ali drugi te\u017eki opremi, je ta menjalnik zasnovan za dolgoro\u010dno zanesljivost in u\u010dinkovitost.<\/p>\n<ul>\n<li><strong>Dvodelno aluminijasto ohi\u0161je<\/strong>Ohi\u0161je je izdelano iz visokokakovostnega aluminija, ki ponuja optimalno kombinacijo trdnosti in majhne te\u017ee. Odporno je proti koroziji in ima visoko toplotno kapaciteto, zaradi \u010desar je idealno za dalj\u0161a obdobja delovanja in zahtevna okolja.<\/li>\n<li><strong>Precizno obdelane komponente<\/strong>Vsaka komponenta, vklju\u010dno z zobniki in le\u017eaji, je natan\u010dno obdelana, da se zagotovi natan\u010dno zobni\u0161ko prekrivanje in prednapetost le\u017eajev, kar zmanj\u0161uje trenje in obrabo. To podalj\u0161a \u017eivljenjsko dobo in zmogljivost menjalnika.<\/li>\n<li><strong>\u0160irok razpon prestavnih razmerij<\/strong>Menjalnik ima \u0161est natan\u010dno kovanih prestavnih razmerij:\n<ul>\n<li>1:1<\/li>\n<li>1.18:1<\/li>\n<li>1.35:1<\/li>\n<li>1.5:1<\/li>\n<li>1.86:1<\/li>\n<li>2:1 Ta razli\u010dica zagotavlja fleksibilnost, ki omogo\u010da prilagoditev menjalnika specifi\u010dnim zahtevam prenosa mo\u010di razli\u010dnih kmetijskih strojev.<\/li>\n<\/ul>\n<\/li>\n<li><strong>Sto\u017e\u010dasti valj\u010dni le\u017eaji<\/strong>Menjalnik, opremljen s sto\u017e\u010dastimi valj\u010dnimi le\u017eaji, ponuja ve\u010djo nosilnost in podalj\u0161uje \u017eivljenjsko dobo le\u017eajev, tudi pri zahtevnih operacijah. Ta lastnost pomaga zmanj\u0161ati \u010das izpada in stro\u0161ke vzdr\u017eevanja.<\/li>\n<li><strong>Visoko trdnostna jeklena gred<\/strong>Gred dol\u017eine 1,75 palca (4,35 cm) je izdelana iz visoko trdnega jekla, kar zagotavlja vrhunsko vzdr\u017eljivost in odpornost, da prenese velike obremenitve in te\u017eke pogoje, ter stabilno delovanje skozi \u010das.<\/li>\n<li><strong>Mazanje in testiranje<\/strong>Menjalnik je predhodno napolnjen z mazivom za zobnike 80W90 za optimalno mazanje, kar zmanj\u0161uje obrabo med delovanjem. Pred odpremo je preizku\u0161en tudi na tesnost, da se zagotovi zanesljivost in prepre\u010dijo morebitne te\u017eave pri delovanju.<\/li>\n<li><strong>Te\u017ea<\/strong>Serija 600 tehta 60-70 funtov<strong>.<\/strong>, vklju\u010dno z oljem, kar zagotavlja uravnote\u017eeno te\u017eo za enostavno namestitev in robustno oporo za te\u017eke kmetijske stroje.<\/li>\n<\/ul>\n<p>Menjalnik serije 600 je idealen za \u0161iroko paleto kmetijske mehanizacije, kot so \u017eetveni stroji, plugi in traktorji. Njegova visoka nosilnost in natan\u010dna izdelava zagotavljata, da lahko obvladuje stroge zahteve sodobnih kmetijskih dejavnosti, kar zagotavlja optimalno delovanje in dolgo \u017eivljenjsko dobo kriti\u010dne opreme.<\/p>\n<p>Z robustno zasnovo, vsestranskimi prestavnimi razmerji in vrhunskimi komponentami izstopa menjalnik serije 600 kot zanesljiva izbira za kmetijsko mehanizacijo. Zasnovan je tako, da prenese te\u017eke delovne pogoje in hkrati zagotavlja u\u010dinkovit prenos mo\u010di, zato je bistvena komponenta za vse, ki i\u0161\u010dejo dolgotrajne in visokozmogljive menjalnike v kmetijskem sektorju.<\/p>\n<h3>O FMP-ju<\/h3>\n<p>FMP s sede\u017eem v Italiji je vodilni proizvajalec, znan po svojem strokovnem znanju na podro\u010dju na\u010drtovanja, razvoja in proizvodnje visokozmogljivih menjalnikov, s posebnim poudarkom na sektorju kmetijske mehanizacije. FMP si je ustvaril dober sloves zaradi natan\u010dnega in\u017eeniringa, inovativnih re\u0161itev in neomajne zanesljivosti, s \u010dimer se je uveljavil kot zaupanja vreden partner tako na kmetijskem kot industrijskem trgu. Na\u0161 obse\u017een portfelj vklju\u010duje menjalnike po meri za kosilnice, kardanske gredi in druge bistvene komponente, pri \u010demer je vsaka skrbno izdelana, da izpolnjuje natan\u010dne zahteve razli\u010dnih aplikacij.<\/p>\n<p>Pri FMP razumemo, da se vsaka stranka soo\u010da z razli\u010dnimi izzivi. To spoznanje nas spodbuja k zagotavljanju prilagojenih re\u0161itev, bodisi za posamezne komponente bodisi za popolnoma integrirane sisteme. S tesnim sodelovanjem z na\u0161imi strankami zagotavljamo, da vsaka re\u0161itev ne le izpolnjuje njihove natan\u010dne zahteve, temve\u010d tudi maksimizira u\u010dinkovitost in vrednost. Na\u0161a predanost zagotavljanju hitrih, profesionalnih odgovorov in strokovnega vodenja zagotavlja, da se vsako povpra\u0161evanje obravnava natan\u010dno, kar dosledno prina\u0161a optimalne rezultate.<\/p>\n<p>Velik poudarek dajemo transparentni in stalni komunikaciji v vsaki fazi razvojnega cikla izdelka. Na\u0161a predana ekipa sodeluje neposredno s strankami, da bi temeljito razumela njihove potrebe, in jim ponuja dragocene vpoglede ter strokovna priporo\u010dila za zagotavljanje najbolj\u0161ih rezultatov. Ne glede na to, ali oblikujemo vrhunske izdelke ali izpolnjujemo rutinska naro\u010dila, je FMP zavezan k zagotavljanju visokokakovostnih, natan\u010dno izdelanih re\u0161itev pravo\u010dasno in vsaki\u010d. Na\u0161 cilj je dosledno presegati pri\u010dakovanja strank z zagotavljanjem izjemnih storitev in doseganjem izjemnih rezultatov pri vsakem projektu.<\/p>\n<p>V sredi\u0161\u010du delovanja podjetja FMP je neomajna zavezanost kakovosti. Dr\u017eimo se najvi\u0161jih proizvodnih standardov in izvajamo stroge postopke nadzora kakovosti, da zagotovimo, da vsak izdelek ne le izpolnjuje, ampak tudi presega industrijske standarde. Ta zavezanost odli\u010dnosti, skupaj z na\u0161imi temeljnimi vrednotami integritete, timskega dela in vztrajnosti, nam je omogo\u010dila, da smo s strankami v skoraj 30 dr\u017eavah po vsem svetu zgradili dolgotrajne, na zaupanju temelje\u010de odnose.<\/p>\n<p>FMP je predan spodbujanju globalnih partnerstev s ponujanjem strokovnih nasvetov in prilagojenih re\u0161itev, ki odgovarjajo na spreminjajo\u010de se potrebe na\u0161ih strank. Prizadevamo si za vzpostavitev dolgoro\u010dnih, obojestransko koristnih odnosov, ki prispevajo k uspehu vsakega projekta. Ne glede na to, ali i\u0161\u010dete inovativne re\u0161itve za novo pobudo ali stalno podporo za obstoje\u010di sistem, vam je FMP na voljo, da vam pomaga pri re\u0161evanju tehni\u010dnih izzivov in zagotovi va\u0161 nadaljnji uspeh.<\/p>\n<p><img loading=\"lazy\" decoding=\"async\" class=\"alignnone wp-image-2695\" src=\"https:\/\/fmp-components.com\/wp-content\/uploads\/2025\/01\/agricultural-gearbox3.webp\" alt=\"kmetijski menjalnik\" width=\"1140\" height=\"1138\" title=\"\" srcset=\"https:\/\/fmp-components.com\/wp-content\/uploads\/2025\/01\/agricultural-gearbox3.webp 1140w, https:\/\/fmp-components.com\/wp-content\/uploads\/2025\/01\/agricultural-gearbox3-480x479.webp 480w\" sizes=\"(min-width: 0px) and (max-width: 480px) 480px, (min-width: 481px) 1140px, 100vw\" \/><\/p>\n<p>Avtor: CX<\/p>","protected":false},"excerpt":{"rendered":"<p>Rating Chart Drawing For 600 Series Shaft Rotation Alignment For 600 Series Key Features of Gearbox for Agricultural Machinery &#8211; 600 Series The 600 Series Gearbox is engineered for demanding agricultural applications, designed to deliver exceptional performance and durability. Built with a robust two-piece aluminum housing, this gearbox offers superior strength, corrosion resistance, and thermal [&hellip;]<\/p>","protected":false},"featured_media":3258,"comment_status":"open","ping_status":"closed","template":"","meta":{"_et_pb_use_builder":"","_et_pb_old_content":"","_et_gb_content_width":""},"product_brand":[],"product_cat":[78],"product_tag":[],"class_list":{"0":"post-3253","1":"product","2":"type-product","3":"status-publish","4":"has-post-thumbnail","6":"product_cat-gearbox-for-agricultural-machinery","8":"first","9":"instock","10":"shipping-taxable","11":"product-type-simple"},"_links":{"self":[{"href":"https:\/\/fmp-components.com\/sl\/wp-json\/wp\/v2\/product\/3253","targetHints":{"allow":["GET"]}}],"collection":[{"href":"https:\/\/fmp-components.com\/sl\/wp-json\/wp\/v2\/product"}],"about":[{"href":"https:\/\/fmp-components.com\/sl\/wp-json\/wp\/v2\/types\/product"}],"replies":[{"embeddable":true,"href":"https:\/\/fmp-components.com\/sl\/wp-json\/wp\/v2\/comments?post=3253"}],"wp:featuredmedia":[{"embeddable":true,"href":"https:\/\/fmp-components.com\/sl\/wp-json\/wp\/v2\/media\/3258"}],"wp:attachment":[{"href":"https:\/\/fmp-components.com\/sl\/wp-json\/wp\/v2\/media?parent=3253"}],"wp:term":[{"taxonomy":"product_brand","embeddable":true,"href":"https:\/\/fmp-components.com\/sl\/wp-json\/wp\/v2\/product_brand?post=3253"},{"taxonomy":"product_cat","embeddable":true,"href":"https:\/\/fmp-components.com\/sl\/wp-json\/wp\/v2\/product_cat?post=3253"},{"taxonomy":"product_tag","embeddable":true,"href":"https:\/\/fmp-components.com\/sl\/wp-json\/wp\/v2\/product_tag?post=3253"}],"curies":[{"name":"delovni list","href":"https:\/\/api.w.org\/{rel}","templated":true}]}}