{"id":3242,"date":"2025-01-06T00:58:53","date_gmt":"2025-01-06T00:58:53","guid":{"rendered":"https:\/\/fmp-components.com\/?page_id=8"},"modified":"2025-01-06T00:58:53","modified_gmt":"2025-01-06T00:58:53","slug":"gearbox-for-agricultural-machinery-500-series","status":"publish","type":"product","link":"https:\/\/fmp-components.com\/sl\/product\/gearbox-for-agricultural-machinery-500-series\/","title":{"rendered":"Menjalnik za kmetijsko mehanizacijo serije 500"},"content":{"rendered":"<h2>Tabela ocen<\/h2>\n<p><img loading=\"lazy\" decoding=\"async\" class=\"alignnone  wp-image-3250\" src=\"https:\/\/fmp-components.com\/wp-content\/uploads\/2025\/01\/R500-rating-charts.webp\" alt=\"Grafikoni ocenjevanja R500\" width=\"870\" height=\"1106\" title=\"\" srcset=\"https:\/\/fmp-components.com\/wp-content\/uploads\/2025\/01\/R500-rating-charts.webp 394w, https:\/\/fmp-components.com\/wp-content\/uploads\/2025\/01\/R500-rating-charts-236x300.webp 236w, https:\/\/fmp-components.com\/wp-content\/uploads\/2025\/01\/R500-rating-charts-9x12.webp 9w\" sizes=\"(max-width: 870px) 100vw, 870px\" \/><\/p>\n<h3>Risba za serijo 500<\/h3>\n<p><img loading=\"lazy\" decoding=\"async\" class=\"alignnone  wp-image-3249\" src=\"https:\/\/fmp-components.com\/wp-content\/uploads\/2025\/01\/500drawing.webp\" alt=\"500 risb\" width=\"888\" height=\"1150\" title=\"\" srcset=\"https:\/\/fmp-components.com\/wp-content\/uploads\/2025\/01\/500drawing.webp 888w, https:\/\/fmp-components.com\/wp-content\/uploads\/2025\/01\/500drawing-480x621.webp 480w\" sizes=\"(min-width: 0px) and (max-width: 480px) 480px, (min-width: 481px) 888px, 100vw\" \/><\/p>\n<h3>Poravnava vrtenja gredi za serijo 500<\/h3>\n<p><img loading=\"lazy\" decoding=\"async\" class=\"alignnone size-full wp-image-3251\" src=\"https:\/\/fmp-components.com\/wp-content\/uploads\/2025\/01\/500-rotation-option.webp\" alt=\"Mo\u017enost 500-kratnega obrata\" width=\"1024\" height=\"384\" title=\"\" srcset=\"https:\/\/fmp-components.com\/wp-content\/uploads\/2025\/01\/500-rotation-option.webp 1024w, https:\/\/fmp-components.com\/wp-content\/uploads\/2025\/01\/500-rotation-option-980x368.webp 980w, https:\/\/fmp-components.com\/wp-content\/uploads\/2025\/01\/500-rotation-option-480x180.webp 480w\" sizes=\"(min-width: 0px) and (max-width: 480px) 480px, (min-width: 481px) and (max-width: 980px) 980px, (min-width: 981px) 1024px, 100vw\" \/><\/p>\n<h3>Menjalnik serije 500 za kmetijsko mehanizacijo<\/h3>\n<p><strong>Zna\u010dilnosti in prednosti:<\/strong><\/p>\n<ul>\n<li><strong>Dvodelno aluminijasto ohi\u0161je:<\/strong> Ohi\u0161je, izdelano iz visoko trdnega aluminija, ponuja izjemno vzdr\u017eljivost, odpornost proti koroziji in vrhunsko toplotno kapaciteto. To zagotavlja optimalno delovanje tudi v ekstremnih obratovalnih pogojih, zaradi \u010desar je zelo primerno za kmetijska okolja.<\/li>\n<li><strong>Precizna obdelava:<\/strong> Vsaka komponenta je natan\u010dno obdelana, da se zagotovi popolno zobni\u0161ko prekrivanje in natan\u010dna prednapetost le\u017eajev. Ta pozornost do detajlov prispeva k bolj gladkemu delovanju, zmanj\u0161anemu trenju in dalj\u0161i \u017eivljenjski dobi menjalnika.<\/li>\n<li><strong>Vsestranska prestavna razmerja:<\/strong> Serija 500 ima natan\u010dno kovane zobnike, ki so na voljo v \u0161tirih razmerjih: 1:1, 1,35:1, 1,5:1 in 2:1, kar vam ponuja vrsto mo\u017enosti za razli\u010dne potrebe uporabe. Poleg tega je na voljo spiralno sto\u017e\u010dasto zobni\u0161ko kolo v razmerju 1:1, kar \u0161e dodatno \u0161iri prilagodljivost menjalnika razli\u010dnim nalogam.<\/li>\n<li><strong>Koni\u010dni valj\u010dni le\u017eaji:<\/strong> Visokokakovostni sto\u017e\u010dasti valj\u010dni le\u017eaji zagotavljajo ve\u010djo nosilnost in dalj\u0161o \u017eivljenjsko dobo le\u017eajev, kar zagotavlja dosledno in zanesljivo delovanje tudi v zahtevnih aplikacijah. Ti le\u017eaji so zasnovani za prena\u0161anje ve\u010djih radialnih in aksialnih obremenitev, zaradi \u010desar so idealni za te\u017eko kmetijsko mehanizacijo.<\/li>\n<li><strong>Gred iz visoko trdnega jekla:<\/strong> Menjalnik serije 500 ima 1,375-pal\u010dno gred iz visoko trdnega jekla, ki zagotavlja ve\u010djo vzdr\u017eljivost in odpornost proti obrabi. Ta robustna zasnova gredi zagotavlja zanesljiv prenos mo\u010di v dalj\u0161ih obdobjih, tudi v zahtevnih okoljih.<\/li>\n<li><strong>Mazanje in testiranje tesnjenja:<\/strong> Menjalnik je predhodno napolnjen z mazivom za zobnike 80W90, kar zagotavlja nemoteno in u\u010dinkovito delovanje \u017ee od samega za\u010detka. Vsaka enota je pred odpremo temeljito preizku\u0161ena na tesnost, da se zagotovi izdelek brez pu\u0161\u010danja ob dostavi.<\/li>\n<li><strong>Te\u017ea in enostavnost uporabe:<\/strong> Menjalnik serije 500 tehta med 11 in 13,6 kg<strong>.<\/strong>, vklju\u010dno z oljem v menjalniku. Ta te\u017ea je skrbno uravnote\u017eena, da zagotavlja trdnost, hkrati pa ostaja obvladljiva za namestitev in delovanje.<\/li>\n<\/ul>\n<p>Menjalnik serije 500 je idealna re\u0161itev za kmetijsko mehanizacijo, saj ponuja izbolj\u0161ano vzdr\u017eljivost, u\u010dinkovito delovanje in vsestranskost za razli\u010dne aplikacije. Ne glede na to, ali se uporablja v strojih za obdelavo, sajenje ali \u017eetev, ta menjalnik zagotavlja zanesljivo delovanje tudi v najzahtevnej\u0161ih delovnih pogojih. Zaradi robustne zasnove in visokokakovostnih materialov je zanesljiva izbira za proizvajalce in upravljavce v kmetijskem sektorju, ki i\u0161\u010dejo dolgotrajne in zanesljive re\u0161itve za menjalnike.<\/p>\n<h2>O FMP-ju<\/h2>\n<p>FMP s sede\u017eem v Italiji je ugleden proizvajalec, specializiran za na\u010drtovanje, razvoj in proizvodnjo visokozmogljivih menjalnikov. Z mo\u010dnim poudarkom na sektorju kmetijske mehanizacije je FMP znan po svojem natan\u010dnem in\u017eeniringu, inovativnih re\u0161itvah in neomajni zanesljivosti. Skozi leta si je FMP prislu\u017eil trden sloves zaupanja vrednega partnerja tako na kmetijskem kot industrijskem trgu. Na\u0161 obse\u017een portfelj vklju\u010duje menjalnike po meri, kardanske gredi in razli\u010dne druge klju\u010dne komponente, ki so vse skrbno zasnovane za izpolnjevanje posebnih zahtev razli\u010dnih aplikacij.<\/p>\n<p>Pri FMP se zavedamo, da ima vsaka stranka edinstvene zahteve. To spoznanje nas spodbuja k zagotavljanju prilagojenih re\u0161itev, ki so zasnovane tako, da obravnavajo tako posamezne komponente kot tudi popolnoma integrirane sisteme. S tesnim sodelovanjem s strankami zagotavljamo, da vsaka re\u0161itev ne le izpolnjuje njihove specifi\u010dne potrebe, temve\u010d tudi izbolj\u0161a u\u010dinkovitost, u\u010dinkovitost in vrednost. Na\u0161a zavezanost hitrim in profesionalnim odzivom ter strokovnemu vodenju zagotavlja, da je vsako povpra\u0161evanje obravnavano natan\u010dno, kar prina\u0161a optimalne rezultate.<\/p>\n<p>Jasna in pregledna komunikacija je temeljnega pomena za na\u0161 pristop. Od za\u010detne faze na\u010drtovanja do dobave izdelka na\u0161a predana ekipa sodeluje s strankami in si pridobi temeljito razumevanje njihovih izzivov. Ta sodelovalni pristop nam omogo\u010da, da ponudimo dragocene vpoglede, delimo inovativne re\u0161itve in na koncu dose\u017eemo najbolj\u0161e rezultate. Ne glede na to, ali delamo na prelomnih projektih ali izpolnjujemo rutinska naro\u010dila, je FMP zavezan k zagotavljanju visokokakovostnih, natan\u010dno zasnovanih re\u0161itev, vsaki\u010d pravo\u010dasno. Na\u0161 cilj je dosledno presegati pri\u010dakovanja strank z zagotavljanjem izjemnih storitev in izjemnih rezultatov pri vsakem projektu.<\/p>\n<p>V sredi\u0161\u010du delovanja podjetja FMP je neomajna zavezanost kakovosti. Dr\u017eimo se najvi\u0161jih proizvodnih standardov in izvajamo stroge postopke nadzora kakovosti, da zagotovimo, da vsak izdelek presega industrijske standarde. Ta predanost odli\u010dnosti nam je skupaj z na\u0161imi temeljnimi vrednotami integritete, timskega dela in vztrajnosti omogo\u010dila, da smo s strankami v ve\u010d kot 30 dr\u017eavah po vsem svetu zgradili trajne odnose, zgrajene na zaupanju.<\/p>\n<p>FMP se vedno osredoto\u010da na spodbujanje globalnih partnerstev, strokovno svetovanje in zagotavljanje prilagojenih re\u0161itev, ki se razvijajo glede na potrebe na\u0161ih strank. Na\u0161 cilj je graditi dolgoro\u010dne, obojestransko koristne odnose, ki prispevajo k uspehu vsakega projekta. Ne glede na to, ali i\u0161\u010dete inovativne re\u0161itve za novo podjetje ali potrebujete stalno podporo za \u017ee uveljavljen sistem, vam je FMP pripravljen pomagati pri premagovanju tehni\u010dnih izzivov in zagotavljanju va\u0161ega nadaljnjega uspeha.<\/p>\n<p><img loading=\"lazy\" decoding=\"async\" class=\"alignnone wp-image-2695\" src=\"https:\/\/fmp-components.com\/wp-content\/uploads\/2025\/01\/agricultural-gearbox3.webp\" alt=\"kmetijski menjalnik\" width=\"1140\" height=\"1138\" title=\"\" srcset=\"https:\/\/fmp-components.com\/wp-content\/uploads\/2025\/01\/agricultural-gearbox3.webp 1140w, https:\/\/fmp-components.com\/wp-content\/uploads\/2025\/01\/agricultural-gearbox3-480x479.webp 480w\" sizes=\"(min-width: 0px) and (max-width: 480px) 480px, (min-width: 481px) 1140px, 100vw\" \/><\/p>\n<p>Avtor: CX<\/p>","protected":false},"excerpt":{"rendered":"<p>Rating Chart Drawing For 500 Series Shaft Rotation Alignment For 500 Series 500 Series Gearbox for Agricultural Machinery Features and Benefits: Two-Piece Aluminum Housing: Crafted with high-strength aluminum, the housing offers exceptional durability, corrosion resistance, and superior thermal capacity. This ensures optimal performance even under extreme operational conditions, making it highly suited for agricultural environments. [&hellip;]<\/p>","protected":false},"featured_media":3252,"comment_status":"open","ping_status":"closed","template":"","meta":{"_et_pb_use_builder":"","_et_pb_old_content":"","_et_gb_content_width":""},"product_brand":[],"product_cat":[78],"product_tag":[],"class_list":{"0":"post-3242","1":"product","2":"type-product","3":"status-publish","4":"has-post-thumbnail","6":"product_cat-gearbox-for-agricultural-machinery","8":"first","9":"instock","10":"shipping-taxable","11":"product-type-simple"},"_links":{"self":[{"href":"https:\/\/fmp-components.com\/sl\/wp-json\/wp\/v2\/product\/3242","targetHints":{"allow":["GET"]}}],"collection":[{"href":"https:\/\/fmp-components.com\/sl\/wp-json\/wp\/v2\/product"}],"about":[{"href":"https:\/\/fmp-components.com\/sl\/wp-json\/wp\/v2\/types\/product"}],"replies":[{"embeddable":true,"href":"https:\/\/fmp-components.com\/sl\/wp-json\/wp\/v2\/comments?post=3242"}],"wp:featuredmedia":[{"embeddable":true,"href":"https:\/\/fmp-components.com\/sl\/wp-json\/wp\/v2\/media\/3252"}],"wp:attachment":[{"href":"https:\/\/fmp-components.com\/sl\/wp-json\/wp\/v2\/media?parent=3242"}],"wp:term":[{"taxonomy":"product_brand","embeddable":true,"href":"https:\/\/fmp-components.com\/sl\/wp-json\/wp\/v2\/product_brand?post=3242"},{"taxonomy":"product_cat","embeddable":true,"href":"https:\/\/fmp-components.com\/sl\/wp-json\/wp\/v2\/product_cat?post=3242"},{"taxonomy":"product_tag","embeddable":true,"href":"https:\/\/fmp-components.com\/sl\/wp-json\/wp\/v2\/product_tag?post=3242"}],"curies":[{"name":"delovni list","href":"https:\/\/api.w.org\/{rel}","templated":true}]}}