{"id":3241,"date":"2025-01-06T00:37:34","date_gmt":"2025-01-06T00:37:34","guid":{"rendered":"https:\/\/fmp-components.com\/?page_id=8"},"modified":"2025-01-06T06:53:06","modified_gmt":"2025-01-06T06:53:06","slug":"gearbox-for-agricultural-machinery-200-series","status":"publish","type":"product","link":"https:\/\/fmp-components.com\/sl\/product\/gearbox-for-agricultural-machinery-200-series\/","title":{"rendered":"Menjalnik za kmetijsko mehanizacijo serije 200"},"content":{"rendered":"<h2>Tabela ocen<\/h2>\n<p><img loading=\"lazy\" decoding=\"async\" class=\"alignnone wp-image-3245\" src=\"https:\/\/fmp-components.com\/wp-content\/uploads\/2025\/01\/R200-rating-charts.webp\" alt=\"R200-ocenjevalne-granice\" width=\"917\" height=\"863\" title=\"\" srcset=\"https:\/\/fmp-components.com\/wp-content\/uploads\/2025\/01\/R200-rating-charts.webp 441w, https:\/\/fmp-components.com\/wp-content\/uploads\/2025\/01\/R200-rating-charts-300x282.webp 300w, https:\/\/fmp-components.com\/wp-content\/uploads\/2025\/01\/R200-rating-charts-13x12.webp 13w\" sizes=\"(max-width: 917px) 100vw, 917px\" \/><\/p>\n<h3>Risba za serijo 200<\/h3>\n<p><img loading=\"lazy\" decoding=\"async\" class=\"wp-image-3246 alignnone\" src=\"https:\/\/fmp-components.com\/wp-content\/uploads\/2025\/01\/200drawing.webp\" alt=\"200 risb\" width=\"876\" height=\"1134\" title=\"\" srcset=\"https:\/\/fmp-components.com\/wp-content\/uploads\/2025\/01\/200drawing.webp 876w, https:\/\/fmp-components.com\/wp-content\/uploads\/2025\/01\/200drawing-480x621.webp 480w\" sizes=\"(min-width: 0px) and (max-width: 480px) 480px, (min-width: 481px) 876px, 100vw\" \/><\/p>\n<h3>Poravnava vrtenja gredi za serijo 200<\/h3>\n<p><img loading=\"lazy\" decoding=\"async\" class=\"alignnone wp-image-3247\" src=\"https:\/\/fmp-components.com\/wp-content\/uploads\/2025\/01\/100shaft-1.webp\" alt=\"100 gredi\" width=\"842\" height=\"255\" title=\"\" srcset=\"https:\/\/fmp-components.com\/wp-content\/uploads\/2025\/01\/100shaft-1.webp 360w, https:\/\/fmp-components.com\/wp-content\/uploads\/2025\/01\/100shaft-1-300x91.webp 300w, https:\/\/fmp-components.com\/wp-content\/uploads\/2025\/01\/100shaft-1-18x5.webp 18w\" sizes=\"(max-width: 842px) 100vw, 842px\" \/><\/p>\n<h3>Menjalnik serije 200 za kmetijsko mehanizacijo<\/h3>\n<p>Menjalnik serije 200 je zasnovan tako, da izpolnjuje zahtevne potrebe kmetijske mehanizacije, saj ponuja robustno delovanje, izbolj\u0161ano vzdr\u017eljivost in odli\u010dno u\u010dinkovitost. Ta menjalnik, izdelan za vrsto kmetijskih aplikacij, zdru\u017euje natan\u010dno in\u017eenirstvo z visokokakovostnimi materiali, kar zagotavlja vrhunsko zanesljivost v zahtevnih pogojih.<\/p>\n<h4>Zna\u010dilnosti:<\/h4>\n<ul>\n<li><strong>Dvodelno aluminijasto ohi\u0161je<\/strong>Dvodelno ohi\u0161je je izdelano iz trpe\u017enega in lahkega aluminija ter zagotavlja <strong>izjemna mo\u010d<\/strong>, <strong>odpornost proti koroziji<\/strong>in <strong>toplotna kapaciteta<\/strong>, zaradi \u010desar je zelo primeren za kmetijska okolja, kjer je izpostavljenost te\u017ekim razmeram pogosta.<\/li>\n<li><strong>Precizna obdelava<\/strong>Menjalnik je <strong>natan\u010dno obdelano<\/strong> da se zagotovi popolno zobni\u0161ko prestavljanje in prednapetost le\u017eajev, kar optimizira u\u010dinkovitost in zmanj\u0161uje obrabo. Ta natan\u010den postopek zagotavlja zanesljivo in tiho delovanje v dalj\u0161ih obdobjih.<\/li>\n<li><strong>Kovani zobniki v ve\u010d razmerjih<\/strong>Menjalnik serije 200 je opremljen z <strong>natan\u010dno kovanih zobnikov<\/strong> na voljo v treh razmerjih: <strong>1:1<\/strong>, <strong>1.5:1<\/strong>in <strong>2:1<\/strong>, kar omogo\u010da prilagodljivost pri razli\u010dnih aplikacijah in zagotavlja pravo ravnovesje med hitrostjo in navorom za razli\u010dna kmetijska opravila.<\/li>\n<li><strong>Sto\u017e\u010dasti valj\u010dni le\u017eaji<\/strong>: <strong>Sto\u017e\u010dasti valj\u010dni le\u017eaji<\/strong> so integrirani v zasnovo, da bi zagotovili ve\u010djo <strong>nosilnost<\/strong> in <strong>dalj\u0161a \u017eivljenjska doba le\u017eaja<\/strong>, kar zagotavlja stabilno delovanje in vzdr\u017eljivost, tudi pri velikih obremenitvah in napetostih.<\/li>\n<li><strong>Visoko trdna 1-pal\u010dna gred<\/strong>Menjalnik ima <strong>1-pal\u010dna gred<\/strong> narejeno iz <strong>visokotrdnostno jeklo<\/strong>, zasnovan za zahtevna kmetijska dela, ki zagotavljajo potrebno mo\u010d in zanesljivost za delovanje v te\u017ekih okoljih.<\/li>\n<li><strong>Mazanje in testiranje tesnjenja<\/strong>Predhodno napolnjeno z <strong>Mazivo za menjalnike 80W90<\/strong>, vsak menjalnik je temeljito <strong>preizku\u0161eno na tesnost<\/strong> pred odpremo, da se zagotovi ustrezno tesnjenje in nemoteno delovanje brez te\u017eav \u017ee od samega za\u010detka.<\/li>\n<li><strong>Te\u017ea<\/strong>Serija 200 tehta pribli\u017eno <strong>12 do 15 funtov.<\/strong>, vklju\u010dno z oljem, kar zagotavlja ravnovesje med trdnostjo in lahko zasnovo za zmanj\u0161anje obremenitve kmetijske opreme.<\/li>\n<\/ul>\n<p>Menjalnik serije 200 je zelo vsestranska re\u0161itev za kmetijsko mehanizacijo, ki ponuja odli\u010den prenos mo\u010di, dolgotrajno vzdr\u017eljivost in minimalne zahteve glede vzdr\u017eevanja. Ne glede na to, ali gre za obdelavo, \u017eetev ali druga kmetijska dela, serija 200 zagotavlja nemoteno in u\u010dinkovito delovanje v vseh pogojih.<\/p>\n<p>\u010ce imate posebne zahteve ali potrebujete re\u0161itev po meri, vam je FMP na voljo s strokovnim svetovanjem in prilagojenimi re\u0161itvami. Naj vam pomagamo optimizirati delovanje va\u0161e kmetijske mehanizacije s pravim menjalnikom za va\u0161e potrebe.<\/p>\n<h2>O FMP-ju<\/h2>\n<p>FMP s sede\u017eem v Italiji je ugledno vodilno podjetje na podro\u010dju na\u010drtovanja, razvoja in proizvodnje visokozmogljivih menjalnikov, s poudarkom na sektorju kmetijske mehanizacije. FMP je prepoznan po svoji zavezanosti natan\u010dnemu in\u017eenirstvu, inovativnim re\u0161itvam in dosledni zanesljivosti ter si je prislu\u017eil spo\u0161tovan polo\u017eaj zaupanja vrednega partnerja tako v kmetijskem kot industrijskem sektorju. Na\u0161a raznolika ponudba izdelkov vklju\u010duje menjalnike po meri za kosilnice, kardanske gredi in druge bistvene komponente, ki so skrbno izdelani za re\u0161evanje edinstvenih zahtev \u0161irokega nabora aplikacij.<\/p>\n<p>Pri FMP razumemo, da ima vsaka stranka razli\u010dne zahteve in izzive. To nas usmerja k zagotavljanju prilagojenih re\u0161itev, bodisi za posamezne komponente bodisi za popolnoma integrirane sisteme. S tesnim sodelovanjem z na\u0161imi strankami zagotavljamo, da je vsaka re\u0161itev popolnoma usklajena z njihovimi specifi\u010dnimi potrebami, kar optimizira delovanje in maksimizira vrednost. Na\u0161a zavezanost pravo\u010dasnim odzivom, strokovnemu vodenju in strokovni izvedbi zagotavlja, da se vsak projekt obravnava natan\u010dno in dosledno dosega najbolj\u0161e mo\u017ene rezultate.<\/p>\n<p>Visoko prioriteto dajemo jasni in stalni komunikaciji skozi celoten proces razvoja izdelka. Na\u0161a predana ekipa tesno sodeluje s strankami, da bi temeljito razumela njihove zahteve, in jim ponuja dragocene vpoglede in priporo\u010dila za doseganje optimalnih rezultatov. Ne glede na to, ali oblikujemo vrhunske izdelke ali izpolnjujemo rutinska naro\u010dila, FMP ostaja neomajno zavezan svoji pravo\u010dasni dobavi visokokakovostnih, natan\u010dno izdelanih re\u0161itev. Na\u0161 cilj je prese\u010di pri\u010dakovanja strank ter zagotoviti izjemne storitve in rezultate pri vsakem projektu, ki se ga lotimo.<\/p>\n<p>V sredi\u0161\u010du FMP je neomajna zavezanost kakovosti. Dr\u017eimo se najvi\u0161jih industrijskih standardov in izvajamo stroge postopke nadzora kakovosti, da zagotovimo, da vsak izdelek ne le izpolnjuje, ampak tudi presega industrijske standarde. Ta predanost odli\u010dnosti, skupaj z na\u0161imi temeljnimi vrednotami integritete, timskega dela in vztrajnosti, nam je omogo\u010dila, da smo s strankami v skoraj 30 dr\u017eavah po vsem svetu zgradili dolgotrajne, na zaupanju temelje\u010de odnose.<\/p>\n<p>FMP si strastno prizadeva za spodbujanje globalnih partnerstev s strokovnim svetovanjem in prilagojenimi re\u0161itvami, ki se razvijajo skupaj s spreminjajo\u010dimi se potrebami na\u0161ih strank. Prizadevamo si za vzpostavitev dolgoro\u010dnih, obojestransko koristnih odnosov, ki vodijo do uspeha vsakega projekta. Ne glede na to, ali potrebujete inovativne re\u0161itve za novo pobudo ali stalno podporo za obstoje\u010di sistem, vam je FMP zavezan, da vam bo pomagal premagati tehni\u010dne izzive in zagotoviti va\u0161 nadaljnji uspeh.<\/p>\n<p><img loading=\"lazy\" decoding=\"async\" class=\"alignnone wp-image-2695\" src=\"https:\/\/fmp-components.com\/wp-content\/uploads\/2025\/01\/agricultural-gearbox3.webp\" alt=\"kmetijski menjalnik\" width=\"1140\" height=\"1138\" title=\"\" srcset=\"https:\/\/fmp-components.com\/wp-content\/uploads\/2025\/01\/agricultural-gearbox3.webp 1140w, https:\/\/fmp-components.com\/wp-content\/uploads\/2025\/01\/agricultural-gearbox3-480x479.webp 480w\" sizes=\"(min-width: 0px) and (max-width: 480px) 480px, (min-width: 481px) 1140px, 100vw\" \/><\/p>\n<p>Avtor: CX<\/p>","protected":false},"excerpt":{"rendered":"<p>Rating Chart Drawing for 200 Series Shaft Rotation Alignment For 200 Series 200 Series Gearbox for Agricultural Machinery The 200 Series Gearbox is engineered to meet the demanding needs of agricultural machinery, offering robust performance, enhanced durability, and excellent efficiency. Built for a range of agricultural applications, this gearbox combines precision engineering with high-quality materials [&hellip;]<\/p>","protected":false},"featured_media":3244,"comment_status":"open","ping_status":"closed","template":"","meta":{"_et_pb_use_builder":"","_et_pb_old_content":"","_et_gb_content_width":""},"product_brand":[],"product_cat":[78],"product_tag":[],"class_list":{"0":"post-3241","1":"product","2":"type-product","3":"status-publish","4":"has-post-thumbnail","6":"product_cat-gearbox-for-agricultural-machinery","8":"first","9":"instock","10":"shipping-taxable","11":"product-type-simple"},"_links":{"self":[{"href":"https:\/\/fmp-components.com\/sl\/wp-json\/wp\/v2\/product\/3241","targetHints":{"allow":["GET"]}}],"collection":[{"href":"https:\/\/fmp-components.com\/sl\/wp-json\/wp\/v2\/product"}],"about":[{"href":"https:\/\/fmp-components.com\/sl\/wp-json\/wp\/v2\/types\/product"}],"replies":[{"embeddable":true,"href":"https:\/\/fmp-components.com\/sl\/wp-json\/wp\/v2\/comments?post=3241"}],"wp:featuredmedia":[{"embeddable":true,"href":"https:\/\/fmp-components.com\/sl\/wp-json\/wp\/v2\/media\/3244"}],"wp:attachment":[{"href":"https:\/\/fmp-components.com\/sl\/wp-json\/wp\/v2\/media?parent=3241"}],"wp:term":[{"taxonomy":"product_brand","embeddable":true,"href":"https:\/\/fmp-components.com\/sl\/wp-json\/wp\/v2\/product_brand?post=3241"},{"taxonomy":"product_cat","embeddable":true,"href":"https:\/\/fmp-components.com\/sl\/wp-json\/wp\/v2\/product_cat?post=3241"},{"taxonomy":"product_tag","embeddable":true,"href":"https:\/\/fmp-components.com\/sl\/wp-json\/wp\/v2\/product_tag?post=3241"}],"curies":[{"name":"delovni list","href":"https:\/\/api.w.org\/{rel}","templated":true}]}}