{"id":3232,"date":"2025-01-05T08:05:23","date_gmt":"2025-01-05T08:05:23","guid":{"rendered":"https:\/\/fmp-components.com\/?page_id=8"},"modified":"2025-01-05T08:05:23","modified_gmt":"2025-01-05T08:05:23","slug":"gearbox-for-agricultural-machinery-h130-series","status":"publish","type":"product","link":"https:\/\/fmp-components.com\/sl\/product\/gearbox-for-agricultural-machinery-h130-series\/","title":{"rendered":"Menjalnik za kmetijsko mehanizacijo serije H130"},"content":{"rendered":"<h3>Tehni\u010dno risanje<\/h3>\n<p><img loading=\"lazy\" decoding=\"async\" class=\"alignnone size-full wp-image-3233\" src=\"https:\/\/fmp-components.com\/wp-content\/uploads\/2025\/01\/H130-Spec.webp\" alt=\"H130-Specifikacija\" width=\"1024\" height=\"446\" title=\"\" srcset=\"https:\/\/fmp-components.com\/wp-content\/uploads\/2025\/01\/H130-Spec.webp 1024w, https:\/\/fmp-components.com\/wp-content\/uploads\/2025\/01\/H130-Spec-980x427.webp 980w, https:\/\/fmp-components.com\/wp-content\/uploads\/2025\/01\/H130-Spec-480x209.webp 480w\" sizes=\"(min-width: 0px) and (max-width: 480px) 480px, (min-width: 481px) and (max-width: 980px) 980px, (min-width: 981px) 1024px, 100vw\" \/><\/p>\n<h2>Mo\u017enost vrtenja <img loading=\"lazy\" decoding=\"async\" class=\"alignnone size-full wp-image-3234\" src=\"https:\/\/fmp-components.com\/wp-content\/uploads\/2025\/01\/H130-Rotation-Option.webp\" alt=\"H130-Mo\u017enost vrtenja\" width=\"1024\" height=\"269\" title=\"\" srcset=\"https:\/\/fmp-components.com\/wp-content\/uploads\/2025\/01\/H130-Rotation-Option.webp 1024w, https:\/\/fmp-components.com\/wp-content\/uploads\/2025\/01\/H130-Rotation-Option-980x257.webp 980w, https:\/\/fmp-components.com\/wp-content\/uploads\/2025\/01\/H130-Rotation-Option-480x126.webp 480w\" sizes=\"(min-width: 0px) and (max-width: 480px) 480px, (min-width: 481px) and (max-width: 980px) 980px, (min-width: 981px) 1024px, 100vw\" \/><\/h2>\n<h3>Zna\u010dilnosti kmetijskega menjalnika serije H130<\/h3>\n<p>Kmetijski menjalnik serije H130 je vrhunska re\u0161itev, zasnovana za uporabo v kmetijski mehanizaciji, ki ponuja kombinacijo robustne zmogljivosti, vzdr\u017eljivosti in u\u010dinkovitosti. Spodaj so navedene izjemne lastnosti tega visokozmogljivega menjalnika:<\/p>\n<ul>\n<li><strong>Dvodelno aluminijasto ohi\u0161je<\/strong>Serija H130 je izdelana z dvodelnim aluminijastim ohi\u0161jem, ki zagotavlja izjemno trdnost in hkrati lahko konstrukcijo. Ta zasnova ne le izbolj\u0161a celotno strukturno celovitost menjalnika, temve\u010d ponuja tudi odli\u010dno odpornost proti koroziji, zaradi \u010desar je idealen za zahtevna kmetijska okolja. Poleg tega aluminijasto ohi\u0161je pomaga pri odvajanju toplote in prepre\u010duje pregrevanje med dolgotrajno uporabo.<\/li>\n<li><strong>Natan\u010dna obdelava za optimalno delovanje<\/strong>Menjalnik je natan\u010dno strojno obdelan, da se zagotovi natan\u010dno zobni\u0161ko prestavljanje in ustrezna prednapetost le\u017eajev. Ta natan\u010den proizvodni postopek zmanj\u0161uje obrabo in trenje, kar ima za posledico bolj gladko delovanje in izbolj\u0161ano u\u010dinkovitost prenosa mo\u010di skozi \u010das. Zaradi majhnih toleranc ohranja delovanje menjalnika tudi v te\u017ekih kmetijskih pogojih.<\/li>\n<li><strong>Precizno kovani zobniki z razmerjem 1,61:1<\/strong>Zobniki v menjalniku serije H130 so natan\u010dno kovani, kar zagotavlja izjemno trdnost in zanesljivost. Ti visokokakovostni zobniki ponujajo razmerje 1,61:1, kar zagotavlja ravnovesje med hitrostjo in navorom ter optimalno zmogljivost za razli\u010dna kmetijska opravila, kot so pogon rotacijskih priklju\u010dkov, plugov ali druge te\u017eke opreme.<\/li>\n<li><strong>Sto\u017e\u010dasti valj\u010dni le\u017eaji za ve\u010djo vzdr\u017eljivost<\/strong>Uporaba sto\u017e\u010dastih valj\u010dnih le\u017eajev pove\u010da nosilnost in podalj\u0161a \u017eivljenjsko dobo le\u017eajev, tudi pri visokih obremenitvah in te\u017ekih aplikacijah. Ti le\u017eaji zagotavljajo vrhunsko oporo, kar zmanj\u0161uje tveganje okvare in zagotavlja u\u010dinkovito delovanje menjalnika dlje \u010dasa, kar zmanj\u0161uje stro\u0161ke vzdr\u017eevanja in izpade.<\/li>\n<li><strong>Visokotrdne jeklene gredi<\/strong>Serija H130 je standardno opremljena z 1,375-pal\u010dnimi gredmi iz visokotrdnostnega jekla. Te jeklene gredi so zasnovane tako, da prenesejo zahtevne navorne in obratovalne obremenitve, ki jih najdemo v kmetijski mehanizaciji, kar zagotavlja maksimalno zanesljivost in dolgo \u017eivljenjsko dobo v te\u017ekih pogojih.<\/li>\n<li><strong>Pripravljeno za servis z mazivom za menjalnike 80W90<\/strong>Za zagotovitev nemotenega delovanja od prvega dne naprej se serija H130 servisira z mazivom za menjalnike 80W90. Vsaka enota je podvr\u017eena strogim preizkusom, vklju\u010dno s postopkom utekanja in preizkusom tesnosti, da se zagotovi odsotnost napak in da je menjalnik pripravljen za takoj\u0161njo uporabo ob odpremi.<\/li>\n<li><strong>Lahka in kompaktna zasnova<\/strong>Kljub svoji te\u017eki zmogljivosti je serija H130 zasnovana tako, da je kompaktna in lahka, saj tehta le 16-18 kg, vklju\u010dno z 760 ml maziva. Zaradi tega je enostavno rokovati in name\u0161\u010dati v razli\u010dne konfiguracije kmetijske mehanizacije, saj ponuja tako trdnost kot okretnost.<\/li>\n<\/ul>\n<p>Na splo\u0161no kmetijski menjalnik serije H130 zdru\u017euje napredno in\u017eenirstvo, trpe\u017ene materiale in natan\u010dno izdelavo, da bi zagotovil zanesljivo in visokozmogljivo re\u0161itev za \u0161irok spekter kmetijskih aplikacij. Zagotavlja izjemno vrednost z dolgotrajno vzdr\u017eljivostjo, enostavnim vzdr\u017eevanjem in u\u010dinkovitim delovanjem.<\/p>\n<h2>O FMP-ju<\/h2>\n<p>FMP s sede\u017eem v Italiji je vodilni proizvajalec, znan po svojem strokovnem znanju na podro\u010dju na\u010drtovanja, razvoja in proizvodnje visokozmogljivih menjalnikov, s posebnim poudarkom na sektorju kmetijske mehanizacije. Z ugledom na podro\u010dju natan\u010dnega in\u017eeniringa, inovativnih re\u0161itev in neomajne zanesljivosti je FMP postal zaupanja vreden partner za panoge, ki segajo od kmetijstva do \u0161ir\u0161e. Na\u0161a celovita ponudba izdelkov vklju\u010duje menjalnike po meri za kosilnice, kardanske gredi in vrsto bistvenih komponent, od katerih je vsaka prilagojena edinstvenim zahtevam razli\u010dnih aplikacij.<\/p>\n<p>Pri FMP se zavedamo, da se vsaka stranka soo\u010da s specifi\u010dnimi izzivi in \u200b\u200bzahtevami. To spoznanje nas spodbuja k zagotavljanju prilagojenih, zelo u\u010dinkovitih re\u0161itev \u2013 pa naj gre za posamezne komponente ali popolnoma integrirane sisteme. S tesnim sodelovanjem z na\u0161imi strankami zagotavljamo, da vsaka re\u0161itev ne le izpolnjuje njihove natan\u010dne potrebe, temve\u010d tudi maksimizira operativno u\u010dinkovitost in vrednost. Ponosni smo na svojo sposobnost hitrega, profesionalnega in strokovnega vodenja, s \u010dimer zagotavljamo, da se vsako povpra\u0161evanje obravnava s pozornostjo do podrobnosti, kar vodi do najbolj\u0161ih mo\u017enih rezultatov.<\/p>\n<p>Na\u0161 pristop temelji na jasni in neprekinjeni komunikaciji skozi celoten cikel razvoja izdelka. Na\u0161a ekipa sodeluje neposredno s strankami, da bi poglobljeno razumela njihove zahteve in jim zagotovila dragocene vpoglede in priporo\u010dila, ki zagotavljajo optimalne rezultate. Ne glede na to, ali na\u010drtujemo inovativne nove izdelke ali izpolnjujemo rutinska naro\u010dila, je FMP \u0161e vedno zavezan zagotavljanju visokokakovostnih, natan\u010dno zasnovanih re\u0161itev \u2013 vsaki\u010d pravo\u010dasno. Na\u0161e poslanstvo je dosledno presegati pri\u010dakovanja strank in zagotavljati izjemne storitve in rezultate pri vsakem projektu.<\/p>\n<p>Pri FMP kakovost ni le cilj; je temelj vsega, kar po\u010dnemo. Dr\u017eimo se najvi\u0161jih proizvodnih standardov in v vsakem koraku proizvodnega procesa izvajamo stroge ukrepe za nadzor kakovosti, da zagotovimo, da vsak izdelek ne le izpolnjuje, ampak pogosto tudi presega industrijske standarde. Na\u0161a predanost odli\u010dnosti nam je skupaj z na\u0161imi temeljnimi vrednotami integritete, timskega dela in vztrajnosti omogo\u010dila, da smo s strankami v skoraj 30 dr\u017eavah po vsem svetu zgradili trajne, na zaupanju temelje\u010de odnose.<\/p>\n<p>Zavezani smo k spodbujanju dolgoro\u010dnih globalnih partnerstev s strokovnim svetovanjem in prilagojenimi re\u0161itvami, ki odgovarjajo na spreminjajo\u010de se potrebe na\u0161ih strank. Verjamemo v gojenje obojestransko koristnih odnosov, ki prispevajo k uspehu vsakega projekta. Ne glede na to, ali i\u0161\u010dete inovativne re\u0161itve za novo pobudo ali potrebujete stalno podporo za obstoje\u010di sistem, vam je FMP na voljo, da vam pomaga premagati tehni\u010dne izzive in zagotovi va\u0161 nadaljnji uspeh.<\/p>\n<p><img loading=\"lazy\" decoding=\"async\" class=\"alignnone wp-image-2695\" src=\"https:\/\/fmp-components.com\/wp-content\/uploads\/2025\/01\/agricultural-gearbox3.webp\" alt=\"kmetijski menjalnik\" width=\"1140\" height=\"1138\" title=\"\" srcset=\"https:\/\/fmp-components.com\/wp-content\/uploads\/2025\/01\/agricultural-gearbox3.webp 1140w, https:\/\/fmp-components.com\/wp-content\/uploads\/2025\/01\/agricultural-gearbox3-480x479.webp 480w\" sizes=\"(min-width: 0px) and (max-width: 480px) 480px, (min-width: 481px) 1140px, 100vw\" \/><\/p>\n<p>Avtor: CX<\/p>","protected":false},"excerpt":{"rendered":"<p>Technical Drawing Rotation Option Features of H130 Series Agricultural Gearbox The H130 Series Agricultural Gearbox is a premium solution designed for agricultural machinery applications, offering a combination of robust performance, durability, and efficiency. Below are the standout features of this high-performance gearbox: Two-Piece Aluminum Housing: The H130 Series is built with a two-piece aluminum housing, [&hellip;]<\/p>","protected":false},"featured_media":3235,"comment_status":"open","ping_status":"closed","template":"","meta":{"_et_pb_use_builder":"","_et_pb_old_content":"","_et_gb_content_width":""},"product_brand":[],"product_cat":[78],"product_tag":[],"class_list":{"0":"post-3232","1":"product","2":"type-product","3":"status-publish","4":"has-post-thumbnail","6":"product_cat-gearbox-for-agricultural-machinery","8":"first","9":"instock","10":"shipping-taxable","11":"product-type-simple"},"_links":{"self":[{"href":"https:\/\/fmp-components.com\/sl\/wp-json\/wp\/v2\/product\/3232","targetHints":{"allow":["GET"]}}],"collection":[{"href":"https:\/\/fmp-components.com\/sl\/wp-json\/wp\/v2\/product"}],"about":[{"href":"https:\/\/fmp-components.com\/sl\/wp-json\/wp\/v2\/types\/product"}],"replies":[{"embeddable":true,"href":"https:\/\/fmp-components.com\/sl\/wp-json\/wp\/v2\/comments?post=3232"}],"wp:featuredmedia":[{"embeddable":true,"href":"https:\/\/fmp-components.com\/sl\/wp-json\/wp\/v2\/media\/3235"}],"wp:attachment":[{"href":"https:\/\/fmp-components.com\/sl\/wp-json\/wp\/v2\/media?parent=3232"}],"wp:term":[{"taxonomy":"product_brand","embeddable":true,"href":"https:\/\/fmp-components.com\/sl\/wp-json\/wp\/v2\/product_brand?post=3232"},{"taxonomy":"product_cat","embeddable":true,"href":"https:\/\/fmp-components.com\/sl\/wp-json\/wp\/v2\/product_cat?post=3232"},{"taxonomy":"product_tag","embeddable":true,"href":"https:\/\/fmp-components.com\/sl\/wp-json\/wp\/v2\/product_tag?post=3232"}],"curies":[{"name":"delovni list","href":"https:\/\/api.w.org\/{rel}","templated":true}]}}