{"id":323,"date":"2024-12-09T06:38:13","date_gmt":"2024-12-09T06:38:13","guid":{"rendered":"https:\/\/fmp-components.com\/?page_id=8"},"modified":"2024-12-09T06:51:12","modified_gmt":"2024-12-09T06:51:12","slug":"forklift-short-lifting-hydraulic-cylinder","status":"publish","type":"product","link":"https:\/\/fmp-components.com\/sl\/product\/forklift-short-lifting-hydraulic-cylinder\/","title":{"rendered":"Hidravli\u010dni cilinder za kratko dvigovanje vili\u010darja"},"content":{"rendered":"<p style=\"text-align: center;\"><span style=\"font-size: 18pt;\">Hidravli\u010dni cilinder za kratko dvigovanje vili\u010darja<\/span><\/p>\n<p><img loading=\"lazy\" decoding=\"async\" class=\"size-full wp-image-331 aligncenter\" src=\"https:\/\/fmp-components.com\/wp-content\/uploads\/2024\/12\/Forklift-Short-Lifting-Hydraulic-Cylinder.webp\" alt=\"Hidravli\u010dni cilinder za kratko dvigovanje vili\u010darja\" width=\"500\" height=\"500\" title=\"\" srcset=\"https:\/\/fmp-components.com\/wp-content\/uploads\/2024\/12\/Forklift-Short-Lifting-Hydraulic-Cylinder.webp 500w, https:\/\/fmp-components.com\/wp-content\/uploads\/2024\/12\/Forklift-Short-Lifting-Hydraulic-Cylinder-480x480.webp 480w\" sizes=\"(min-width: 0px) and (max-width: 480px) 480px, (min-width: 481px) 500px, 100vw\" \/><\/p>\n<p>&nbsp;<\/p>\n<h2>Deli hidravli\u010dnega cilindra za kratko dvigovanje vili\u010darja:<\/h2>\n<p><img loading=\"lazy\" decoding=\"async\" class=\"alignnone size-full wp-image-328\" src=\"https:\/\/fmp-components.com\/wp-content\/uploads\/2024\/12\/Forklift-Short-Lifting-Hydraulic-Cylinder-Parts.webp\" alt=\"Deli hidravli\u010dnih cilindrov za kratko dvigovanje vili\u010darjev\" width=\"1024\" height=\"593\" title=\"\" srcset=\"https:\/\/fmp-components.com\/wp-content\/uploads\/2024\/12\/Forklift-Short-Lifting-Hydraulic-Cylinder-Parts.webp 1024w, https:\/\/fmp-components.com\/wp-content\/uploads\/2024\/12\/Forklift-Short-Lifting-Hydraulic-Cylinder-Parts-980x568.webp 980w, https:\/\/fmp-components.com\/wp-content\/uploads\/2024\/12\/Forklift-Short-Lifting-Hydraulic-Cylinder-Parts-480x278.webp 480w\" sizes=\"(min-width: 0px) and (max-width: 480px) 480px, (min-width: 481px) and (max-width: 980px) 980px, (min-width: 981px) 1024px, 100vw\" \/><\/p>\n<table style=\"width: 100%; height: 253px;\" border=\"1\" width=\"100%\" cellspacing=\"0\" cellpadding=\"0\">\n<tbody>\n<tr style=\"height: 47px;\">\n<td style=\"height: 31px;\">\n<div class=\"magic-27\" data-spm-anchor-id=\"a2700.details.0.i24.71f03c42bHjEJ9\">1<\/div>\n<\/td>\n<td style=\"height: 31px;\">\n<div class=\"magic-28\">Ohi\u0161je valja<\/div>\n<\/td>\n<td style=\"height: 31px;\">\n<div class=\"magic-29\">11<\/div>\n<\/td>\n<td style=\"height: 31px;\">\n<div class=\"magic-30\">Sede\u017e zobnika<\/div>\n<\/td>\n<td style=\"height: 31px;\">\n<div class=\"magic-29\">21<\/div>\n<\/td>\n<td style=\"height: 31px;\">\n<div class=\"magic-31\">O-obro\u010d<\/div>\n<\/td>\n<\/tr>\n<tr style=\"height: 47px;\">\n<td style=\"height: 32px;\">\n<div class=\"magic-27\">2<\/div>\n<\/td>\n<td style=\"height: 32px;\">\n<div class=\"magic-28\">Bat<\/div>\n<\/td>\n<td style=\"height: 32px;\">\n<div class=\"magic-29\">12<\/div>\n<\/td>\n<td style=\"height: 32px;\">\n<div class=\"magic-30\">Pokrov zobnika<\/div>\n<\/td>\n<td style=\"height: 32px;\">\n<div class=\"magic-29\">22<\/div>\n<\/td>\n<td style=\"height: 32px;\">\n<div class=\"magic-31\">Mazalna bradavi\u010dka<\/div>\n<\/td>\n<\/tr>\n<tr style=\"height: 47px;\">\n<td style=\"height: 29px;\">\n<div class=\"magic-27\">3<\/div>\n<\/td>\n<td style=\"height: 29px;\">\n<div class=\"magic-28\">Oljna cev<\/div>\n<\/td>\n<td style=\"height: 29px;\">\n<div class=\"magic-29\">13<\/div>\n<\/td>\n<td style=\"height: 29px;\">\n<div class=\"magic-30\">Vzmetne podlo\u017eke<\/div>\n<\/td>\n<td style=\"height: 29px;\">\n<div class=\"magic-29\">23<\/div>\n<\/td>\n<td style=\"height: 29px;\">\n<div class=\"magic-31\">O-obro\u010d<\/div>\n<\/td>\n<\/tr>\n<tr style=\"height: 23px;\">\n<td style=\"height: 23px;\">\n<div class=\"magic-27\">4<\/div>\n<\/td>\n<td style=\"height: 23px;\">\n<div class=\"magic-28\">Nepovratni ventil<\/div>\n<\/td>\n<td style=\"height: 23px;\">\n<div class=\"magic-29\">14<\/div>\n<\/td>\n<td style=\"height: 23px;\">\n<div class=\"magic-30\">\u0160estkotni vijak<\/div>\n<\/td>\n<td style=\"height: 23px;\">\n<div class=\"magic-29\">24<\/div>\n<\/td>\n<td style=\"height: 23px;\">\n<div class=\"magic-31\">pralni stroj<\/div>\n<\/td>\n<\/tr>\n<tr style=\"height: 23px;\">\n<td style=\"height: 23px;\">\n<div class=\"magic-27\">5<\/div>\n<\/td>\n<td style=\"height: 23px;\">\n<div class=\"magic-28\">Varnostni obro\u010dki za luknjo<\/div>\n<\/td>\n<td style=\"height: 23px;\">\n<div class=\"magic-29\">15<\/div>\n<\/td>\n<td style=\"height: 23px;\">\n<div class=\"magic-30\">Du Bush<\/div>\n<\/td>\n<td style=\"height: 23px;\">\n<div class=\"magic-29\">25<\/div>\n<\/td>\n<td style=\"height: 23px;\">\n<div class=\"magic-31\">Vijaki<\/div>\n<\/td>\n<\/tr>\n<tr style=\"height: 23px;\">\n<td style=\"height: 23px;\">\n<div class=\"magic-27\">6<\/div>\n<\/td>\n<td style=\"height: 23px;\">\n<div class=\"magic-28\">O-obro\u010d<\/div>\n<\/td>\n<td style=\"height: 23px;\">\n<div class=\"magic-29\">16<\/div>\n<\/td>\n<td style=\"height: 23px;\">\n<div class=\"magic-30\">Zadnji obro\u010d<\/div>\n<\/td>\n<td style=\"height: 23px;\">\n<div class=\"magic-29\">26<\/div>\n<\/td>\n<td style=\"height: 23px;\">\n<div class=\"magic-31\">Batna palica<\/div>\n<\/td>\n<\/tr>\n<tr style=\"height: 23px;\">\n<td style=\"height: 23px;\">\n<div class=\"magic-27\">7<\/div>\n<\/td>\n<td style=\"height: 23px;\">\n<div class=\"magic-28\">Obro\u010dni obro\u010d<\/div>\n<\/td>\n<td style=\"height: 23px;\">\n<div class=\"magic-29\">17<\/div>\n<\/td>\n<td style=\"height: 23px;\">\n<div class=\"magic-30\">Tesnilo palice<\/div>\n<\/td>\n<td style=\"height: 23px;\">\n<div class=\"magic-29\">27<\/div>\n<\/td>\n<td style=\"height: 23px;\">\n<div class=\"magic-31\">Vti\u010d<\/div>\n<\/td>\n<\/tr>\n<tr style=\"height: 23px;\">\n<td style=\"height: 23px;\">\n<div class=\"magic-27\">8<\/div>\n<\/td>\n<td style=\"height: 23px;\">\n<div class=\"magic-28\">Tesnilo luknje<\/div>\n<\/td>\n<td style=\"height: 23px;\">\n<div class=\"magic-29\">18<\/div>\n<\/td>\n<td style=\"height: 23px;\">\n<div class=\"magic-30\">Brisalec prahu<\/div>\n<\/td>\n<td style=\"height: 23px;\"><\/td>\n<td style=\"height: 23px;\"><\/td>\n<\/tr>\n<tr style=\"height: 23px;\">\n<td style=\"height: 23px;\">\n<div class=\"magic-27\">9<\/div>\n<\/td>\n<td style=\"height: 23px;\">\n<div class=\"magic-28\">Okrogla \u017eica<\/div>\n<\/td>\n<td style=\"height: 23px;\">\n<div class=\"magic-29\">19<\/div>\n<\/td>\n<td style=\"height: 23px;\">\n<div class=\"magic-30\">Zadnji obro\u010d<\/div>\n<\/td>\n<td style=\"height: 23px;\"><\/td>\n<td style=\"height: 23px;\"><\/td>\n<\/tr>\n<tr style=\"height: 23px;\">\n<td style=\"height: 23px;\">\n<div class=\"magic-27\">10<\/div>\n<\/td>\n<td style=\"height: 23px;\">\n<div class=\"magic-28\">Vodilni grm<\/div>\n<\/td>\n<td style=\"height: 23px;\">\n<div class=\"magic-29\">20<\/div>\n<\/td>\n<td style=\"height: 23px;\">\n<div class=\"magic-30\">O-obro\u010d<\/div>\n<\/td>\n<td style=\"height: 23px;\"><\/td>\n<td style=\"height: 23px;\"><\/td>\n<\/tr>\n<\/tbody>\n<\/table>\n<h2><strong>Dimenzije hidravli\u010dnega cilindra za kratko dvigovanje vili\u010darja:<\/strong><\/h2>\n<table>\n<tbody>\n<tr>\n<td><img loading=\"lazy\" decoding=\"async\" class=\"alignnone size-full wp-image-324\" src=\"https:\/\/fmp-components.com\/wp-content\/uploads\/2024\/12\/Forklift-Short-Lifting-Hydraulic-Cylinder-Dimensions-1.webp\" alt=\"Dimenzije hidravli\u010dnega cilindra za kratko dvigovanje vili\u010darja\" width=\"681\" height=\"281\" title=\"\" srcset=\"https:\/\/fmp-components.com\/wp-content\/uploads\/2024\/12\/Forklift-Short-Lifting-Hydraulic-Cylinder-Dimensions-1.webp 681w, https:\/\/fmp-components.com\/wp-content\/uploads\/2024\/12\/Forklift-Short-Lifting-Hydraulic-Cylinder-Dimensions-1-480x198.webp 480w\" sizes=\"(min-width: 0px) and (max-width: 480px) 480px, (min-width: 481px) 681px, 100vw\" \/><\/td>\n<td><img loading=\"lazy\" decoding=\"async\" class=\"alignnone size-full wp-image-325\" src=\"https:\/\/fmp-components.com\/wp-content\/uploads\/2024\/12\/Forklift-Short-Lifting-Hydraulic-Cylinder-Dimensions-2.webp\" alt=\"Dimenzije hidravli\u010dnega cilindra za kratko dvigovanje vili\u010darja\" width=\"681\" height=\"281\" title=\"\" srcset=\"https:\/\/fmp-components.com\/wp-content\/uploads\/2024\/12\/Forklift-Short-Lifting-Hydraulic-Cylinder-Dimensions-2.webp 681w, https:\/\/fmp-components.com\/wp-content\/uploads\/2024\/12\/Forklift-Short-Lifting-Hydraulic-Cylinder-Dimensions-2-480x198.webp 480w\" sizes=\"(min-width: 0px) and (max-width: 480px) 480px, (min-width: 481px) 681px, 100vw\" \/><\/td>\n<\/tr>\n<\/tbody>\n<\/table>\n<table border=\"1\" cellspacing=\"0\" cellpadding=\"0\">\n<tbody>\n<tr>\n<td width=\"246\">Ime cilindra<\/td>\n<td width=\"336\">\u0160tevilka risbe<\/td>\n<td width=\"126\">Premer izvrtine (D)<\/td>\n<td width=\"123\">Premer palice (d)<\/td>\n<td width=\"114\">Hod (S)<\/td>\n<td width=\"170\">Razdalja namestitve (L)<\/td>\n<td width=\"172\">Delovni tlak<\/td>\n<td width=\"366\">Dimenzije vmesnika (M)<\/td>\n<td width=\"96\">Te\u017ea<\/td>\n<\/tr>\n<tr>\n<td class=\"et3\" width=\"246\" height=\"225\">Kratek dvi\u017eni valj<\/td>\n<td class=\"et4\" width=\"336\">RC25N480-800000-000A<\/td>\n<td class=\"et4\" width=\"126\">\u03a675<\/td>\n<td class=\"et4\" width=\"123\">\u03a660<\/td>\n<td class=\"et4\" width=\"114\">800<\/td>\n<td class=\"et4\" width=\"170\">1065<\/td>\n<td class=\"et4\" width=\"172\">18,1 MPa<\/td>\n<td class=\"et4\" width=\"366\">M22*1,5<\/td>\n<td class=\"et4\" width=\"96\">36 kg<\/td>\n<\/tr>\n<tr>\n<td class=\"et3\" width=\"246\" height=\"225\">Kratek dvi\u017eni valj<\/td>\n<td class=\"et4\">X35N480-800000-001A<\/td>\n<td class=\"et4\">\u03a695<\/td>\n<td class=\"et4\">\u03a680<\/td>\n<td class=\"et4\">800<\/td>\n<td class=\"et4\">1065<\/td>\n<td class=\"et4\">18,1 MPa<\/td>\n<td class=\"et4\">M22*1,5<\/td>\n<td class=\"et4\">48,7 kg<\/td>\n<\/tr>\n<\/tbody>\n<\/table>\n<table>\n<tbody>\n<tr>\n<td><img loading=\"lazy\" decoding=\"async\" class=\"alignnone size-full wp-image-326\" src=\"https:\/\/fmp-components.com\/wp-content\/uploads\/2024\/12\/Forklift-Short-Lifting-Hydraulic-Cylinder-Dimensions-3.webp\" alt=\"Dimenzije hidravli\u010dnega cilindra za kratko dvigovanje vili\u010darja\" width=\"600\" height=\"295\" title=\"\" srcset=\"https:\/\/fmp-components.com\/wp-content\/uploads\/2024\/12\/Forklift-Short-Lifting-Hydraulic-Cylinder-Dimensions-3.webp 600w, https:\/\/fmp-components.com\/wp-content\/uploads\/2024\/12\/Forklift-Short-Lifting-Hydraulic-Cylinder-Dimensions-3-480x236.webp 480w\" sizes=\"(min-width: 0px) and (max-width: 480px) 480px, (min-width: 481px) 600px, 100vw\" \/><\/td>\n<td><img loading=\"lazy\" decoding=\"async\" class=\"alignnone size-full wp-image-327\" src=\"https:\/\/fmp-components.com\/wp-content\/uploads\/2024\/12\/Forklift-Short-Lifting-Hydraulic-Cylinder-Dimensions-4.webp\" alt=\"Dimenzije hidravli\u010dnega cilindra za kratko dvigovanje vili\u010darja\" width=\"600\" height=\"295\" title=\"\" srcset=\"https:\/\/fmp-components.com\/wp-content\/uploads\/2024\/12\/Forklift-Short-Lifting-Hydraulic-Cylinder-Dimensions-4.webp 600w, https:\/\/fmp-components.com\/wp-content\/uploads\/2024\/12\/Forklift-Short-Lifting-Hydraulic-Cylinder-Dimensions-4-480x236.webp 480w\" sizes=\"(min-width: 0px) and (max-width: 480px) 480px, (min-width: 481px) 600px, 100vw\" \/><\/td>\n<\/tr>\n<\/tbody>\n<\/table>\n<table border=\"1\" cellspacing=\"0\" cellpadding=\"0\">\n<tbody>\n<tr>\n<td width=\"246\">Ime cilindra<\/td>\n<td width=\"336\">\u0160tevilka risbe<\/td>\n<td width=\"126\">Premer izvrtine (D)<\/td>\n<td width=\"123\">Premer palice (d)<\/td>\n<td width=\"114\">Hod (S)<\/td>\n<td width=\"170\">Razdalja namestitve (L)<\/td>\n<td width=\"172\">Delovni tlak<\/td>\n<td width=\"366\">Dimenzije vmesnika (M)<\/td>\n<td width=\"96\">Te\u017ea<\/td>\n<\/tr>\n<tr>\n<td class=\"et3\" width=\"246\" height=\"170\">Kratek dvi\u017eni valj<\/td>\n<td class=\"et4\" width=\"336\">N30N450-800000-002A<\/td>\n<td class=\"et4\" width=\"126\">\u03a685<\/td>\n<td class=\"et4\" width=\"123\">\u03a670<\/td>\n<td class=\"et4\" width=\"114\">777<\/td>\n<td class=\"et4\" width=\"170\">1015<\/td>\n<td class=\"et4\" width=\"172\">18,1 MPa<\/td>\n<td class=\"et4\" width=\"366\">M22*1,5<\/td>\n<td class=\"et4\" width=\"96\">45,5 kg<\/td>\n<\/tr>\n<tr>\n<td class=\"et3\" width=\"246\" height=\"170\">Kratek dvi\u017eni valj<\/td>\n<td class=\"et4\">3U3H-800000-001A<\/td>\n<td class=\"et4\">\u03a685<\/td>\n<td class=\"et4\">\u03a670<\/td>\n<td class=\"et4\">777<\/td>\n<td class=\"et4\">1015<\/td>\n<td class=\"et4\">18,1 MPa<\/td>\n<td class=\"et4\">M22*1,5<\/td>\n<td class=\"et4\">45,5 kg<\/td>\n<\/tr>\n<tr>\n<td class=\"et3\" width=\"246\" height=\"170\">Kratek dvi\u017eni valj<\/td>\n<td class=\"et4\">N35N450-800000-003A<\/td>\n<td class=\"et4\">\u03a695<\/td>\n<td class=\"et4\">\u03a680<\/td>\n<td class=\"et4\">775<\/td>\n<td class=\"et4\">1013<\/td>\n<td class=\"et4\">18,1 MPa<\/td>\n<td class=\"et4\">M22*1,5<\/td>\n<td class=\"et4\">54 kg<\/td>\n<\/tr>\n<\/tbody>\n<\/table>\n<h2>Razpolo\u017eljive znamke in modeli hidravli\u010dnih cilindrov:<\/h2>\n<table border=\"1\" cellspacing=\"0\" cellpadding=\"0\">\n<tbody>\n<tr>\n<td><b data-spm-anchor-id=\"a2700.details.0.i43.45d84a73e99C9z\">KOMATSU (PC)<\/b><\/td>\n<td>PC30, PC40, PC50, PC56, PC60, PC78, PC100, PC110, PC120, PC130, PC160, PC200-3\/5\/6\/7\/8\/8MO, PC210, PC220-5\/6\/7\/8\/8MO, PC240, PC300\/350\/360-5\/6\/7\/8\/8MO, PC400\/450-5\/6\/7\/8\/8MO, PC800, PC850<\/td>\n<\/tr>\n<tr>\n<td><b>GOSENJAK (E)<\/b><\/td>\n<td>E301.5, E302, E305.5, E306, E307V1\/V2\/B\/C\/D\/E\/F, E308B\/C, E120B, E312V1\/V2\/B\/C\/D, E313D2, E312D2, E315D<br \/>\nE200B,E320V1\/V2\/A\/B\/C\/D,E324D,E325C\/D,E329D,E330\/336C\/D,E345C,E349D,E365C,E374,E390<\/td>\n<\/tr>\n<tr>\n<td><b>KOBELCO (SK)<\/b><\/td>\n<td>SK60-3\/5\/8, SK75-8\/SR, SK100, SK120-3\/5, SK135-8\/SR, SK140-8, SK200-3\/5\/6\/6E, SK210-3\/5\/6\/6E,<br \/>\nSK230\/250-6E,SK250-8,SK260-8,SK350-8\/S8,SK460\/480-8<\/td>\n<\/tr>\n<tr>\n<td><b>HYUNDAI (R)<\/b><\/td>\n<td>R55-5\/7, R60-5\/7, R80, R110, R130, R200-5, R210-5, R215-5\/7, R220-5\/7\/9, R225-5\/7\/9, R250, R260, R265, R290, R305, R445, R485, R505<\/td>\n<\/tr>\n<tr>\n<td><b data-spm-anchor-id=\"a2700.details.0.i53.45d84a73e99C9z\">HITACHI (npr. ZX)<\/b><\/td>\n<td>EX60, EX100-1\/2\/3, EX120-1\/3\/5\/6, EX200-1\/3\/5, EX230-5, EX300-1, EX400<br \/>\nZAX60,ZAX70,ZA120-6,ZAX200\/210-1\/3\/5\/5K,ZAX240,ZAX250,ZAX260,ZAX330-3\/5\/6,ZAX450\/470,ZAX650\/670,ZAX850\/870<\/td>\n<\/tr>\n<tr>\n<td>\n<div class=\"magic-32\"><b data-spm-anchor-id=\"a2700.details.0.i55.45d84a73e99C9z\">DOOSAN (DH\/DX)<\/b><\/div>\n<\/td>\n<td>\n<div class=\"magic-33\"><span class=\"magic-34\">DH55, DH60, DH80, DH150, DH215-5\/7, DH220-5, DH225-5\/7, DH258, DH300-5\/7, DH370, DH420, DH500<br \/>\nDX55, DX60, DX75, DX130, DX225-9, DX300, DX380, DX420, DX500<\/span><\/div>\n<\/td>\n<\/tr>\n<tr>\n<td>\n<div class=\"magic-32\"><b>VOLVO (ES)<\/b><\/div>\n<\/td>\n<td>\n<div class=\"magic-33\"><span class=\"magic-34\">EC55, EC60, EC75, EC80, EC140, EC210B\/D, EC220D, EC240, EC250, EC290, EC300, EC360, EC380, EC460, EC480, EC700, EC750, EC950<\/span><\/div>\n<\/td>\n<\/tr>\n<tr>\n<td>\n<div class=\"magic-32\"><b>KATO (HD)<\/b><\/div>\n<\/td>\n<td>\n<div class=\"magic-33\"><span class=\"magic-34\">HD307\/308, HD450, HD512, HD700-5\/7, HD820-1\/2\/3\/5\/R, HD1023-1\/3, HD1430-1\/3<\/span><\/div>\n<\/td>\n<\/tr>\n<tr>\n<td>\n<div class=\"magic-32\"><b>DRUGA ZNAMKA<\/b><\/div>\n<\/td>\n<td>\n<div class=\"magic-33\"><span class=\"magic-34\">XCMG,LIUGONG,KUBOTA,CASE,YANMAR,SUNWARD,ZOOMLION,LISHIDE,LIEHERR<\/span><\/div>\n<\/td>\n<\/tr>\n<\/tbody>\n<\/table>\n<h3>Zna\u010dilnosti hidravli\u010dnega cilindra za kratko dvigovanje vili\u010darja<\/h3>\n<p><strong>Kompaktna zasnova za u\u010dinkovitost prostora<\/strong><br \/>\nHidravli\u010dni cilinder za kratko dvigovanje vili\u010darja je zasnovan s kompaktno strukturo, zaradi \u010desar je idealen za uporabo z omejenim prostorom. Zaradi kraj\u0161ega hoda in manj\u0161e velikosti se prilega tesnim prostorom, kot so ozki hodniki ali omejena delovna obmo\u010dja v skladi\u0161\u010dih in skladi\u0161\u010dnih objektih. Ta funkcija var\u010devanja s prostorom omogo\u010da vili\u010darjem u\u010dinkovito delovanje v okoljih, kjer so tradicionalni dvi\u017eni cilindri lahko preveliki ali nerodni.<\/p>\n<p><strong>Visoka dvi\u017ena zmogljivost kljub manj\u0161i velikosti<\/strong><br \/>\nKljub kompaktni zasnovi je hidravli\u010dni cilinder za kratko dvigovanje vili\u010darja zasnovan za visoko dvi\u017eno zmogljivost. Zagotavlja potrebno mo\u010d za natan\u010dno dvigovanje in spu\u0161\u010danje zmernih bremen, zaradi \u010desar je primeren za ravnanje z razli\u010dnimi materiali in blagom. To ravnovesje med mo\u010djo in kompaktnostjo omogo\u010da u\u010dinkovito ravnanje s bremeni v manj\u0161ih ali bolj omejenih okoljih brez \u017ertvovanja zmogljivosti.<\/p>\n<p><strong>Gladko in nadzorovano delovanje<\/strong><br \/>\nHidravli\u010dni cilinder za kratko dvigovanje vili\u010darja zagotavlja gladko in nadzorovano dvigovanje in spu\u0161\u010danje, kar prispeva k varnemu in u\u010dinkovitemu delovanju. Omogo\u010da postopno in natan\u010dno prilagajanje pri rokovanju s bremeni, s \u010dimer zmanj\u0161uje tveganje sunkovitih gibov ali nenadnih premikov, ki bi lahko destabilizirali breme. Ta lastnost je \u0161e posebej pomembna v okoljih, kjer je potrebno ob\u010dutljivo ravnanje ali skrbno pozicioniranje bremena.<\/p>\n<p><strong>Vzdr\u017eljivost in zanesljivost<\/strong><br \/>\nHidravli\u010dni cilinder za kratko dvigovanje vili\u010darja je izdelan iz trpe\u017enih materialov in zasnovan tako, da prenese zahteve redne, te\u017eke uporabe, zato ponuja dolgotrajno delovanje. Zmo\u017een je prenesti te\u017eke pogoje, vklju\u010dno s konstantnim tlakom in visokofrekven\u010dnimi cikli dvigovanja, zaradi \u010desar je zanesljiv sestavni del za vsakodnevno delovanje. Njegova robustna konstrukcija zagotavlja, da lahko \u0161e naprej u\u010dinkovito deluje z minimalnim vzdr\u017eevanjem.<\/p>\n<p><strong>Izbolj\u0161ana okretnost v tesnih prostorih<\/strong><br \/>\nKompaktna zasnova in visoka u\u010dinkovitost kratkega dvi\u017enega hidravli\u010dnega cilindra vili\u010darja izbolj\u0161ata okretnost vili\u010darjev v tesnih ali preobremenjenih prostorih. S tem cilindrom lahko vili\u010darji izvajajo dvigovanja v ozkih hodnikih, manj\u0161ih skladi\u0161\u010dnih prostorih ali obmo\u010djih z omejenim prostorom nad glavo, zaradi \u010desar je idealna izbira za okolja, kot so kompaktna skladi\u0161\u010da, skladi\u0161\u010da za maloprodajo ali majhna proizvodna obmo\u010dja.<\/p>\n<h3>O FMP-ju<\/h3>\n<p>FMP je specializiran proizvajalec hidravli\u010dnih cilindrov z mo\u010dnim poudarkom na raziskavah in proizvodnji. Podjetje se je od svoje ustanovitve dosledno osredoto\u010dalo na razvoj hidravli\u010dnih cilindrov, pri \u010demer se je razvilo od proizvodnje razli\u010dnih izdelkov, kot so stroji za \u017eetev in gradbeni\u0161tvo, do specializacije za komponente kmetijskih traktorjev. Z ve\u010d kot desetletjem proizvodnega znanja, vodstvenih izku\u0161enj in napredne proizvodne tehnologije FMP zagotavlja najvi\u0161jo kakovost svojih izdelkov.<\/p>\n<p>Z rastjo podjetja v strokovni smeri je vzpostavilo celovito linijo za strojno obdelavo, monta\u017eno linijo in linijo za premazovanje. FMP podpira predana ekipa izku\u0161enega vodstvenega osebja, usposobljenih strojnih oblikovalcev in visoko usposobljenih tehni\u010dnih delavcev. To zagotavlja stabilno kakovost izdelkov, hkrati pa u\u010dinkovito nadzoruje neprekinjenost procesa in splo\u0161no u\u010dinkovitost proizvodnje.<\/p>\n<p>FMP se dr\u017ei temeljnih vrednot \u00bbTehnolo\u0161ke inovacije spodbujajo napredek, kakovost ustvarja blagovne znamke, obrtni\u0161ka spretnost zagotavlja kakovost in gradi dolgoro\u010dne odnose, v katerih vsi pridobijo.\u00ab Podjetje ostaja zavezano zagotavljanju visokokakovostnih izdelkov ob hkratnem zagotavljanju vrhunske storitve za stranke in si vedno prizadeva zadovoljiti spreminjajo\u010de se potrebe trga.<\/p>\n<p><img loading=\"lazy\" decoding=\"async\" class=\"alignnone wp-image-303\" src=\"https:\/\/fmp-components.com\/wp-content\/uploads\/2024\/12\/hydraulic-cylinder-factory-11_1.webp\" alt=\"tovarna-hidravli\u010dnih-valjev\" width=\"917\" height=\"1003\" title=\"\" srcset=\"https:\/\/fmp-components.com\/wp-content\/uploads\/2024\/12\/hydraulic-cylinder-factory-11_1.webp 917w, https:\/\/fmp-components.com\/wp-content\/uploads\/2024\/12\/hydraulic-cylinder-factory-11_1-480x525.webp 480w\" sizes=\"(min-width: 0px) and (max-width: 480px) 480px, (min-width: 481px) 917px, 100vw\" \/><\/p>\n<table style=\"width: 100%;\" border=\"1\" width=\"100%\" cellspacing=\"0\" cellpadding=\"0\">\n<tbody>\n<tr>\n<td style=\"width: 41.9294%;\" width=\"226\"><img loading=\"lazy\" decoding=\"async\" class=\"alignnone size-full wp-image-309\" src=\"https:\/\/fmp-components.com\/wp-content\/uploads\/2024\/12\/Forklift-Tilt-Hydraulic-Cylinder.webp\" alt=\"Hidravli\u010dni cilinder za nagibanje vili\u010darja\" width=\"1000\" height=\"750\" title=\"\" srcset=\"https:\/\/fmp-components.com\/wp-content\/uploads\/2024\/12\/Forklift-Tilt-Hydraulic-Cylinder.webp 1000w, https:\/\/fmp-components.com\/wp-content\/uploads\/2024\/12\/Forklift-Tilt-Hydraulic-Cylinder-980x735.webp 980w, https:\/\/fmp-components.com\/wp-content\/uploads\/2024\/12\/Forklift-Tilt-Hydraulic-Cylinder-480x360.webp 480w\" sizes=\"(min-width: 0px) and (max-width: 480px) 480px, (min-width: 481px) and (max-width: 980px) 980px, (min-width: 981px) 1000px, 100vw\" \/><\/td>\n<td style=\"width: 55.6484%;\" width=\"64\"><img loading=\"lazy\" decoding=\"async\" class=\"alignnone wp-image-283\" src=\"https:\/\/fmp-components.com\/wp-content\/uploads\/2024\/12\/hydraulic-cylinder-factory-5.webp\" alt=\"tovarna-hidravli\u010dnih-valjev\" width=\"542\" height=\"312\" title=\"\"><\/td>\n<\/tr>\n<\/tbody>\n<\/table>\n<p>Avtor: CX<\/p>","protected":false},"excerpt":{"rendered":"<p>Hidravli\u010dni cilinder za kratko dvigovanje vili\u010darja je posebej zasnovan za kompaktne in u\u010dinkovite dvi\u017ene operacije v tesnih prostorih. S kraj\u0161im hodom in kompaktno zasnovo je ta tip hidravli\u010dnega cilindra idealen za vili\u010darje, ki morajo delovati v omejenih prostorih, kjer tradicionalni cilindri za dolgo dvigovanje morda ne bodo ustrezali ali bili u\u010dinkoviti. Kljub manj\u0161i velikosti hidravli\u010dni cilinder za kratko dvigovanje zagotavlja potrebno dvi\u017eno mo\u010d za natan\u010dno in stabilno ravnanje s srednje te\u017ekimi bremeni. Zagotavlja gladko in nadzorovano dvigovanje, zaradi \u010desar je idealen za uporabo v skladi\u0161\u010dih z ozkimi hodniki ali pri ravnanju z manj\u0161imi bremeni, kjer sta klju\u010dni prioriteti prihranek prostora in visoka okretnost.<\/p>","protected":false},"featured_media":331,"comment_status":"open","ping_status":"closed","template":"","meta":{"_et_pb_use_builder":"","_et_pb_old_content":"","_et_gb_content_width":""},"product_brand":[],"product_cat":[20],"product_tag":[],"class_list":{"0":"post-323","1":"product","2":"type-product","3":"status-publish","4":"has-post-thumbnail","6":"product_cat-forklift-hydraulic-cylinders","8":"first","9":"instock","10":"shipping-taxable","11":"product-type-simple"},"_links":{"self":[{"href":"https:\/\/fmp-components.com\/sl\/wp-json\/wp\/v2\/product\/323","targetHints":{"allow":["GET"]}}],"collection":[{"href":"https:\/\/fmp-components.com\/sl\/wp-json\/wp\/v2\/product"}],"about":[{"href":"https:\/\/fmp-components.com\/sl\/wp-json\/wp\/v2\/types\/product"}],"replies":[{"embeddable":true,"href":"https:\/\/fmp-components.com\/sl\/wp-json\/wp\/v2\/comments?post=323"}],"wp:featuredmedia":[{"embeddable":true,"href":"https:\/\/fmp-components.com\/sl\/wp-json\/wp\/v2\/media\/331"}],"wp:attachment":[{"href":"https:\/\/fmp-components.com\/sl\/wp-json\/wp\/v2\/media?parent=323"}],"wp:term":[{"taxonomy":"product_brand","embeddable":true,"href":"https:\/\/fmp-components.com\/sl\/wp-json\/wp\/v2\/product_brand?post=323"},{"taxonomy":"product_cat","embeddable":true,"href":"https:\/\/fmp-components.com\/sl\/wp-json\/wp\/v2\/product_cat?post=323"},{"taxonomy":"product_tag","embeddable":true,"href":"https:\/\/fmp-components.com\/sl\/wp-json\/wp\/v2\/product_tag?post=323"}],"curies":[{"name":"delovni list","href":"https:\/\/api.w.org\/{rel}","templated":true}]}}