{"id":3189,"date":"2025-01-05T06:08:04","date_gmt":"2025-01-05T06:08:04","guid":{"rendered":"https:\/\/fmp-components.com\/?page_id=8"},"modified":"2026-03-31T07:29:18","modified_gmt":"2026-03-31T07:29:18","slug":"corn-header-gearbox-replacement-of-comer-code-m-767a","status":"publish","type":"product","link":"https:\/\/fmp-components.com\/sl\/product\/corn-header-gearbox-replacement-of-comer-code-m-767a\/","title":{"rendered":"Menjalnik koruznega adapterja \u2013 zamenjava Comer Code M-767A"},"content":{"rendered":"<h2>Specifikacije menjalnika koruznega adapterja M-767A<\/h2>\n<p><img loading=\"lazy\" decoding=\"async\" class=\"alignnone size-full wp-image-3190\" src=\"https:\/\/fmp-components.com\/wp-content\/uploads\/2025\/01\/corn-header-gearbox-m767a-specification.webp\" alt=\"specifikacija menjalnika za koruzni adapter m767a\" width=\"958\" height=\"577\" title=\"\" srcset=\"https:\/\/fmp-components.com\/wp-content\/uploads\/2025\/01\/corn-header-gearbox-m767a-specification.webp 958w, https:\/\/fmp-components.com\/wp-content\/uploads\/2025\/01\/corn-header-gearbox-m767a-specification-480x289.webp 480w\" sizes=\"(min-width: 0px) and (max-width: 480px) 480px, (min-width: 481px) 958px, 100vw\" \/><\/p>\n<table style=\"width: 93.4311%; height: 237px;\" border=\"1\">\n<tbody>\n<tr>\n<td style=\"width: 35.1675%;\"><strong>jaz<\/strong><\/td>\n<td style=\"width: 64.1148%;\">1.6<\/td>\n<\/tr>\n<tr>\n<td style=\"width: 35.1675%;\"><strong>S<sub>1<\/sub>[vrt\/min]<\/strong><\/td>\n<td style=\"width: 64.1148%;\">540<\/td>\n<\/tr>\n<tr>\n<td style=\"width: 35.1675%;\"><strong>P<sub>1<\/sub>[kW]<\/strong><\/td>\n<td style=\"width: 64.1148%;\">44.1<\/td>\n<\/tr>\n<tr>\n<td style=\"width: 35.1675%;\"><strong>M<sub>2<\/sub>[Nm]<\/strong><\/td>\n<td style=\"width: 64.1148%;\">473<\/td>\n<\/tr>\n<tr>\n<td style=\"width: 35.1675%;\"><strong>Tip gredi X<\/strong><\/td>\n<td style=\"width: 64.1148%;\">1\u201d 3\/8 Z6<\/td>\n<\/tr>\n<tr>\n<td style=\"width: 35.1675%;\"><strong>Tip gredi Z<\/strong><\/td>\n<td style=\"width: 64.1148%;\">1\u201d 3\/8 Z6<\/td>\n<\/tr>\n<tr>\n<td style=\"width: 35.1675%;\"><strong>Vnos<\/strong><\/td>\n<td style=\"width: 64.1148%;\">\u017d<\/td>\n<\/tr>\n<\/tbody>\n<\/table>\n<h2>Vzdr\u017eevanje menjalnika koruznega \u017eetvenega stroja<\/h2>\n<p>Pravilno vzdr\u017eevanje menjalnika koruznega adapterja je bistvenega pomena za zagotovitev u\u010dinkovitega delovanja opreme in njene dolgotrajne uporabe. Dobro vzdr\u017eevan menjalnik izbolj\u0161a delovanje koruznega adapterja, zmanj\u0161a verjetnost okvar in podalj\u0161a celotno \u017eivljenjsko dobo stroja. Spodaj so navedeni klju\u010dni vzdr\u017eevalni postopki za ohranjanje optimalnega delovnega stanja menjalnika koruznega adapterja.<\/p>\n<p><strong>1. Redno mazanje in menjava olja<\/strong><\/p>\n<ul>\n<li><strong>Mazanje:<\/strong> Menjalniki koruznih kombajnov se zana\u0161ajo na ustrezno mazanje, da se zmanj\u0161a trenje in prepre\u010di obraba med notranjimi zobniki in le\u017eaji. Redno preverjajte nivo olja in se prepri\u010dajte, da je menjalnik dobro namazan.\n<ul>\n<li><strong>Preverite nivo olja:<\/strong> Ob\u010dasno preverjajte nivo olja v menjalniku in ga po potrebi dolijte.<\/li>\n<li><strong>Kakovost olja:<\/strong> Olje zamenjajte, \u010de se onesna\u017ei z ostanki ali \u010de ka\u017ee znake razgradnje. S\u010dasoma lahko olje izgubi svojo u\u010dinkovitost, kar povzro\u010di pove\u010dano trenje in obrabo.<\/li>\n<li><strong>Uporabite pravilno olje:<\/strong> Za zagotovitev pravilnega delovanja vedno uporabljajte mazivo, ki ga priporo\u010da proizvajalec. Napa\u010dna vrsta olja lahko povzro\u010di pregrevanje ali okvaro komponent.<\/li>\n<\/ul>\n<\/li>\n<li><strong>Menjave olja:<\/strong> Upo\u0161tevajte intervale menjave olja, ki jih priporo\u010da proizvajalec, obi\u010dajno po vsakih 100\u2013200 urah uporabe. Izpust starega olja in zamenjava s sve\u017eim bosta pomagala ohranjati pravilno mazanje in podalj\u0161ala \u017eivljenjsko dobo menjalnika.<\/li>\n<\/ul>\n<p><strong>2. Preglejte in vzdr\u017eujte priklju\u010dek kardanske gredi<\/strong><\/p>\n<p>Kardanska gred (PTO) je odgovorna za prenos mo\u010di iz traktorja na menjalnik koruznega adapterja. Okvara kardanske gredi lahko po\u0161koduje menjalnik, zato jo je klju\u010dnega pomena redno pregledovati.<\/p>\n<ul>\n<li><strong>Preverite obrabo:<\/strong> Preverite kardansko gred glede morebitnih znakov obrabe ali po\u0161kodb, vklju\u010dno z razpokami, upogibanjem ali zlomljenimi komponentami. Po\u0161kodovane dele takoj zamenjajte.<\/li>\n<li><strong>Nama\u017eite kardansko gred:<\/strong> Kardansko gred redno ma\u017eite, da zagotovite nemoteno delovanje in prepre\u010dite rjavenje ali korozijo. Bodite pozorni na kardanske zglobe in drsne dele.<\/li>\n<li><strong>Pravilna poravnava:<\/strong> Prepri\u010dajte se, da je kardanska gred pravilno poravnana z vhodno gredjo menjalnika. Neporavnanost lahko povzro\u010di prekomerno obremenitev menjalnika in kardanske gredi, kar vodi do prezgodnje obrabe.<\/li>\n<\/ul>\n<p><strong>3. O\u010distite menjalnik in zunanje komponente<\/strong><\/p>\n<p>Umazanija, odpadki in ostanki pridelka se lahko naberejo na zunanjosti menjalnika in okoli\u0161kih komponentah, kar povzro\u010di pregrevanje ali blokado prezra\u010devalnih obmo\u010dij.<\/p>\n<ul>\n<li><strong>\u010cisti menjalnik:<\/strong> Redno \u010distite ohi\u0161je menjalnika, da odstranite prah, umazanijo ali ostanke pridelka. Za \u010di\u0161\u010denje te\u017eko dostopnih mest uporabite stisnjen zrak ali mehko krta\u010do.<\/li>\n<li><strong>Preverite prezra\u010devalne odprtine in hladilna rebra:<\/strong> Za zagotovitev ustreznega pretoka zraka se prepri\u010dajte, da so hladilne odprtine in rebra prosti, saj lahko pregrevanje povzro\u010di okvaro menjalnika.<\/li>\n<li><strong>Izogibajte se vdoru vode:<\/strong> Po \u010di\u0161\u010denju se prepri\u010dajte, da v menjalnik ne pride voda. Onesna\u017eenje z vodo lahko povzro\u010di korozijo in zmanj\u0161a u\u010dinkovitost mazanja.<\/li>\n<\/ul>\n<p><strong>4. Spremljajte temperaturo menjalnika<\/strong><\/p>\n<p>Pregrevanje je pogost vzrok za okvaro menjalnika. Med delovanjem vedno spremljajte temperaturo menjalnika, zlasti pri visokih obremenitvah.<\/p>\n<ul>\n<li><strong>Prekomerna vro\u010dina:<\/strong> \u010ce se menjalnik nenavadno segreje, lahko to ka\u017ee na nizko raven olja, slabo mazanje ali prekomerno obremenitev. Te\u017eavo odpravite nemudoma, da prepre\u010dite \u0161kodo.<\/li>\n<li><strong>Hladilni sistemi:<\/strong> Nekateri menjalniki koruznih adapterjev so opremljeni s hladilnimi sistemi. Prepri\u010dajte se, da delujejo pravilno, in preverite morebitne blokade ali pu\u0161\u010danja v hladilnih ceveh.<\/li>\n<\/ul>\n<p><strong>5. Preverite in privijte vijake in pritrdilne elemente<\/strong><\/p>\n<p>Komponente menjalnika se lahko s\u010dasoma zrahljajo zaradi vibracij in sil, ki nastanejo med delovanjem. Zrahljani vijaki ali pritrdilni elementi lahko povzro\u010dijo nepravilno poravnavo, prekomerno obrabo ali celo popolno odpoved menjalnika.<\/p>\n<ul>\n<li><strong>Preverite vijake:<\/strong> Redno pregledujte vse vijake in pritrdilne elemente na menjalniku, zlasti okoli vhodne in izhodne gredi.<\/li>\n<li><strong>Po potrebi zategnite:<\/strong> Privijte vse ohlapne vijake in pritrdilne elemente, da zagotovite, da so vsi deli varno name\u0161\u010deni. To pomaga tudi prepre\u010diti nepotrebne vibracije, ki lahko s\u010dasoma povzro\u010dijo \u0161kodo.<\/li>\n<\/ul>\n<p>Redno vzdr\u017eevanje menjalnika koruznega adapterja je bistvenega pomena za maksimalno podalj\u0161anje njegove \u017eivljenjske dobe, zmogljivosti in u\u010dinkovitosti. Z upo\u0161tevanjem ustreznih na\u010drtov mazanja, vizualnimi pregledi in pravo\u010dasnim odpravljanjem morebitnih te\u017eav lahko zagotovite nemoteno delovanje menjalnika skozi celotno sezono \u017eetve. Ustrezna skrb za menjalnik in kardansko gred bosta zmanj\u0161ala tudi verjetnost dragih popravil in \u010das izpada, kar vam bo omogo\u010dilo, da se osredoto\u010dite na maksimalno produktivnost med \u017eetvijo.<\/p>\n<p><img loading=\"lazy\" decoding=\"async\" class=\"wp-image-3191 aligncenter\" src=\"https:\/\/fmp-components.com\/wp-content\/uploads\/2025\/01\/corn-header-gearbox-m767a1.webp\" alt=\"specifikacija menjalnika za koruzni adapter m767a\" width=\"780\" height=\"780\" title=\"\" srcset=\"https:\/\/fmp-components.com\/wp-content\/uploads\/2025\/01\/corn-header-gearbox-m767a1.webp 300w, https:\/\/fmp-components.com\/wp-content\/uploads\/2025\/01\/corn-header-gearbox-m767a1-150x150.webp 150w, https:\/\/fmp-components.com\/wp-content\/uploads\/2025\/01\/corn-header-gearbox-m767a1-12x12.webp 12w, https:\/\/fmp-components.com\/wp-content\/uploads\/2025\/01\/corn-header-gearbox-m767a1-100x100.webp 100w\" sizes=\"(max-width: 780px) 100vw, 780px\" \/><\/p>\n<h2>O FMP-ju<\/h2>\n<p>FMP s sede\u017eem v Italiji je vodilni proizvajalec, specializiran za na\u010drtovanje, razvoj in proizvodnjo visokozmogljivih menjalnikov, predvsem za sektor kmetijske mehanizacije. FMP, znan po natan\u010dnem in\u017eenirstvu, inovativnih re\u0161itvah in dosledni zanesljivosti, si je ustvaril dober sloves zaupanja vrednega partnerja tako na kmetijskem kot industrijskem trgu. Na\u0161 obse\u017een portfelj vklju\u010duje menjalnike po meri za kosilnice, kardanske gredi in druge bistvene komponente, ki so zasnovani tako, da izpolnjujejo specifi\u010dne zahteve razli\u010dnih aplikacij.<\/p>\n<p>Pri FMP razumemo, da se vsaka stranka soo\u010da z edinstvenimi izzivi. Zato se osredoto\u010damo na zagotavljanje prilagojenih re\u0161itev, bodisi za posamezne komponente bodisi za popolnoma integrirane sisteme. S tesnim sodelovanjem z na\u0161imi strankami zagotavljamo, da vsaka re\u0161itev ustreza njihovim potrebam, hkrati pa optimizira delovanje in maksimizira vrednost. Na\u0161a zavezanost pravo\u010dasnim, profesionalnim odzivom in strokovnemu vodenju zagotavlja, da se vsako povpra\u0161evanje obravnava natan\u010dno in zagotavlja optimalne rezultate.<\/p>\n<p>Prednost dajemo transparentni in stalni komunikaciji skozi celoten proces razvoja izdelkov. Na\u0161a predana ekipa tesno sodeluje s strankami, da bi v celoti razumela njihove zahteve, in ponuja dragocene vpoglede in priporo\u010dila za doseganje najbolj\u0161ih rezultatov. Ne glede na to, ali oblikujemo inovativne izdelke ali izpolnjujemo rutinska naro\u010dila, je FMP zavezan k zagotavljanju visokokakovostnih, natan\u010dno izdelanih re\u0161itev pravo\u010dasno in vsaki\u010d. Na\u0161 cilj je prese\u010di pri\u010dakovanja strank in zagotoviti izjemno storitev pri vsakem projektu.<\/p>\n<p>V sredi\u0161\u010du delovanja podjetja FMP je neomajna zavezanost kakovosti. Dr\u017eimo se najvi\u0161jih proizvodnih standardov in strogih postopkov nadzora kakovosti, da zagotovimo, da vsak izdelek presega industrijske standarde. Ta zavezanost odli\u010dnosti, skupaj z na\u0161imi vrednotami integritete, timskega dela in vztrajnosti, nam je omogo\u010dila, da smo s strankami v skoraj 30 dr\u017eavah po vsem svetu zgradili dolgotrajne, na zaupanju temelje\u010de odnose.<\/p>\n<p>FMP je zavezan k spodbujanju globalnih partnerstev s ponujanjem strokovnih nasvetov in prilagojenih re\u0161itev, ki ustrezajo spreminjajo\u010dim se potrebam na\u0161ih strank. Prizadevamo si za vzpostavitev dolgoro\u010dnih, obojestransko koristnih odnosov, ki prispevajo k uspehu vsakega projekta. Ne glede na to, ali potrebujete inovativne re\u0161itve za novo pobudo ali stalno podporo za obstoje\u010di sistem, vam je FMP na voljo, da vam pomaga premagati tehni\u010dne izzive in zagotovi va\u0161 nadaljnji uspeh.<\/p>\n<p><img loading=\"lazy\" decoding=\"async\" class=\"alignnone wp-image-2695\" src=\"https:\/\/fmp-components.com\/wp-content\/uploads\/2025\/01\/agricultural-gearbox3.webp\" alt=\"kmetijski menjalnik\" width=\"1140\" height=\"1138\" title=\"\" srcset=\"https:\/\/fmp-components.com\/wp-content\/uploads\/2025\/01\/agricultural-gearbox3.webp 1140w, https:\/\/fmp-components.com\/wp-content\/uploads\/2025\/01\/agricultural-gearbox3-480x479.webp 480w\" sizes=\"(min-width: 0px) and (max-width: 480px) 480px, (min-width: 481px) 1140px, 100vw\" \/><\/p>\n<p>Avtor: CX<\/p>","protected":false},"excerpt":{"rendered":"<p>Corn Header Gearbox M-767A Specifications i 1.6 N1[rpm] 540 P1[kW] 44.1 M2[Nm] 473 Shaft Type X 1&#8221; 3\/8 Z6 Shaft Type Z 1&#8221; 3\/8 Z6 Input Z Maintenance of Corn Header Gearbox Proper maintenance of the corn header gearbox is essential to ensure the equipment operates efficiently and lasts for many seasons. A well-maintained gearbox [&hellip;]<\/p>","protected":false},"featured_media":3191,"comment_status":"open","ping_status":"closed","template":"","meta":{"_et_pb_use_builder":"","_et_pb_old_content":"","_et_gb_content_width":""},"product_brand":[],"product_cat":[77],"product_tag":[],"class_list":{"0":"post-3189","1":"product","2":"type-product","3":"status-publish","4":"has-post-thumbnail","6":"product_cat-corn-headers-gearbox","8":"first","9":"instock","10":"shipping-taxable","11":"product-type-simple"},"_links":{"self":[{"href":"https:\/\/fmp-components.com\/sl\/wp-json\/wp\/v2\/product\/3189","targetHints":{"allow":["GET"]}}],"collection":[{"href":"https:\/\/fmp-components.com\/sl\/wp-json\/wp\/v2\/product"}],"about":[{"href":"https:\/\/fmp-components.com\/sl\/wp-json\/wp\/v2\/types\/product"}],"replies":[{"embeddable":true,"href":"https:\/\/fmp-components.com\/sl\/wp-json\/wp\/v2\/comments?post=3189"}],"wp:featuredmedia":[{"embeddable":true,"href":"https:\/\/fmp-components.com\/sl\/wp-json\/wp\/v2\/media\/3191"}],"wp:attachment":[{"href":"https:\/\/fmp-components.com\/sl\/wp-json\/wp\/v2\/media?parent=3189"}],"wp:term":[{"taxonomy":"product_brand","embeddable":true,"href":"https:\/\/fmp-components.com\/sl\/wp-json\/wp\/v2\/product_brand?post=3189"},{"taxonomy":"product_cat","embeddable":true,"href":"https:\/\/fmp-components.com\/sl\/wp-json\/wp\/v2\/product_cat?post=3189"},{"taxonomy":"product_tag","embeddable":true,"href":"https:\/\/fmp-components.com\/sl\/wp-json\/wp\/v2\/product_tag?post=3189"}],"curies":[{"name":"delovni list","href":"https:\/\/api.w.org\/{rel}","templated":true}]}}