{"id":3178,"date":"2025-01-05T05:37:53","date_gmt":"2025-01-05T05:37:53","guid":{"rendered":"https:\/\/fmp-components.com\/?page_id=8"},"modified":"2025-01-05T05:37:53","modified_gmt":"2025-01-05T05:37:53","slug":"corn-header-gearbox-replacement-of-comer-code-n669-j","status":"publish","type":"product","link":"https:\/\/fmp-components.com\/sl\/product\/corn-header-gearbox-replacement-of-comer-code-n669-j\/","title":{"rendered":"Menjalnik koruznega adapterja \u2013 zamenjava Comerjeva koda N669-J"},"content":{"rendered":"<h2>Podrobnosti o menjalniku koruzne glave<\/h2>\n<table style=\"width: 98.2981%; height: 363px;\" border=\"1\">\n<tbody>\n<tr>\n<td><strong><span class=\"attr-name J-attr-name\" title=\"Ime izdelka\">Ime izdelka:<\/span><\/strong><\/td>\n<td>Menjalnik koruznega \u017eetvenika<\/td>\n<\/tr>\n<tr>\n<td><strong><span class=\"attr-name J-attr-name\" title=\"Razporeditev zobnikov\">Razporeditev zobnikov:<\/span><\/strong><\/td>\n<td>Po\u0161evnina \/ kot<\/td>\n<\/tr>\n<tr>\n<td><strong><span class=\"attr-name J-attr-name\" title=\"Izhodni navor\">Izhodni navor:<\/span><\/strong><\/td>\n<td>kot risba<\/td>\n<\/tr>\n<tr>\n<td><strong><span class=\"attr-name J-attr-name\" title=\"Vhodna hitrost\">Vhodna hitrost:<\/span><\/strong><\/td>\n<td>1000 vrt\/min<\/td>\n<\/tr>\n<tr>\n<td><strong><span class=\"attr-name J-attr-name\" title=\"Izhodna hitrost\">Izhodna hitrost:<\/span><\/strong><\/td>\n<td>kot risba<\/td>\n<\/tr>\n<tr>\n<td><strong>Barva:<\/strong><\/td>\n<td>Zahteve strank<\/td>\n<\/tr>\n<tr>\n<td><strong><span class=\"attr-name J-attr-name\" title=\"Te\u017ea\">Te\u017ea:<\/span><\/strong><\/td>\n<td>82 kg<\/td>\n<\/tr>\n<tr>\n<td><strong><span class=\"attr-name J-attr-name\" title=\"prestavno razmerje veri\u017enika\">Prestavno razmerje veri\u017enega kolesa:<\/span><\/strong><\/td>\n<td>1.91:1<\/td>\n<\/tr>\n<tr>\n<td><strong><span class=\"attr-name J-attr-name\" title=\"Razmerje vle\u010denega valja stebla\">Razmerje vle\u010denega valja stebla:<\/span><\/strong><\/td>\n<td>1:1.2<\/td>\n<\/tr>\n<tr>\n<td><strong><span class=\"attr-name J-attr-name\" title=\"Razmerje vle\u010denega valja stebla\"><span class=\"attr-name J-attr-name\" title=\"Hrup\">Hrup:<\/span><\/span><\/strong><\/td>\n<td>Manj kot 92 db na razdalji 1 metra pred menjalnikom<\/td>\n<\/tr>\n<tr>\n<td><strong><span class=\"attr-name J-attr-name\" title=\"Razmerje vle\u010denega valja stebla\"><span class=\"attr-name J-attr-name\" title=\"Uporaba\">Uporaba:<\/span><\/span><\/strong><\/td>\n<td>Kombajn za koruzo<\/td>\n<\/tr>\n<tr>\n<td><strong><span class=\"attr-name J-attr-name\" title=\"Kraj izvora\">Kraj izvora:<\/span><\/strong><\/td>\n<td>Italija<\/td>\n<\/tr>\n<\/tbody>\n<\/table>\n<h2 title=\"kot risba\">Specifikacije menjalnika koruznega \u017eetvenika<\/h2>\n<p><img loading=\"lazy\" decoding=\"async\" class=\"alignnone  wp-image-3179\" src=\"https:\/\/fmp-components.com\/wp-content\/uploads\/2025\/01\/corn-header-gearbox-N669J-specifications-1.webp\" alt=\"menjalnik-za-koruzni-helid\u017eer-N669J-specifikacije-1\" width=\"878\" height=\"549\" title=\"\" srcset=\"https:\/\/fmp-components.com\/wp-content\/uploads\/2025\/01\/corn-header-gearbox-N669J-specifications-1.webp 878w, https:\/\/fmp-components.com\/wp-content\/uploads\/2025\/01\/corn-header-gearbox-N669J-specifications-1-480x300.webp 480w\" sizes=\"(min-width: 0px) and (max-width: 480px) 480px, (min-width: 481px) 878px, 100vw\" \/><\/p>\n<p><img loading=\"lazy\" decoding=\"async\" class=\"alignnone  wp-image-3180\" src=\"https:\/\/fmp-components.com\/wp-content\/uploads\/2025\/01\/corn-header-gearbox-N669J-specifications-2.webp\" alt=\"menjalnik-za-koruzni-helid\u017eer-N669J-specifikacije-2\" width=\"884\" height=\"714\" title=\"\" srcset=\"https:\/\/fmp-components.com\/wp-content\/uploads\/2025\/01\/corn-header-gearbox-N669J-specifications-2.webp 884w, https:\/\/fmp-components.com\/wp-content\/uploads\/2025\/01\/corn-header-gearbox-N669J-specifications-2-480x388.webp 480w\" sizes=\"(min-width: 0px) and (max-width: 480px) 480px, (min-width: 481px) 884px, 100vw\" \/><\/p>\n<article class=\"w-full scroll-mb-[var(--thread-trailing-height,150px)] text-token-text-primary focus-visible:outline-2 focus-visible:outline-offset-[-4px]\" dir=\"auto\" data-testid=\"conversation-turn-146\" data-scroll-anchor=\"false\">\n<div class=\"m-auto text-base py-[18px] px-3 md:px-4 w-full md:px-5 lg:px-4 xl:px-5\">\n<div class=\"mx-auto flex flex-1 gap-4 text-base md:gap-5 lg:gap-6 md:max-w-3xl lg:max-w-[40rem] xl:max-w-[48rem]\">\n<div class=\"group\/conversation-turn relative flex w-full min-w-0 flex-col\">\n<div class=\"flex-col gap-1 md:gap-3\">\n<div class=\"flex max-w-full flex-col flex-grow\">\n<div class=\"min-h-8 text-message flex w-full flex-col items-end gap-2 whitespace-normal break-words text-start [.text-message+&amp;]:mt-5\" dir=\"auto\" data-message-author-role=\"user\" data-message-id=\"aaa23ba6-ebb0-4f57-b7bd-42c63bb0c8fa\">\n<div class=\"flex w-full flex-col gap-1 empty:hidden items-end rtl:items-start\">\n<div class=\"relative max-w-[var(--user-chat-width,70%)] rounded-3xl bg-token-message-surface px-5 py-2.5\">\n<h2 class=\"whitespace-pre-wrap\">Zna\u010dilnosti menjalnika koruznega rezalnika<\/h2>\n<\/div>\n<\/div>\n<\/div>\n<\/div>\n<\/div>\n<\/div>\n<\/div>\n<\/div>\n<\/article>\n<p>Menjalnik koruznega adapterja je klju\u010dni sestavni del sodobne opreme za \u017eetev, ki je odgovoren za prenos mo\u010di na razli\u010dne mehanizme koruznega adapterja, kot so nabiralne verige, pol\u017ei in no\u017ei. Zasnova in funkcionalnost menjalnika sta bistvenega pomena za u\u010dinkovitost in zanesljivost postopka \u017eetve koruze. Klju\u010dne zna\u010dilnosti menjalnika koruznega adapterja so:<\/p>\n<p>1. <strong>Prenos mo\u010di<\/strong><\/p>\n<ul>\n<li>Primarna funkcija menjalnika koruznega adapterja je prenos mehanske mo\u010di iz kardanske gredi traktorja na delovne komponente koruznega adapterja. Menjalnik je zasnovan tako, da prenese visoke navorne obremenitve, kar omogo\u010da nemoteno delovanje rezalnih in nabiralnih mehanizmov adapterja.<\/li>\n<\/ul>\n<p>2. <strong>Visoka navorna zmogljivost<\/strong><\/p>\n<ul>\n<li>\u017detev koruze je naloga, ki zahteva veliko energije, menjalnik pa mora biti sposoben obvladovati <strong>visoke navorne sile<\/strong> brez okvare. Menjalniki za koruzne adapterje so posebej zasnovani tako, da prenesejo te velike obremenitve, hkrati pa zagotavljajo u\u010dinkovito porazdelitev mo\u010di na vse potrebne dele.<\/li>\n<\/ul>\n<p>3. <strong>Ve\u010d prestavnih razmerij<\/strong><\/p>\n<ul>\n<li><strong>Spremenljiva prestavna razmerja<\/strong> so klju\u010dna zna\u010dilnost menjalnika koruznega adapterja. Ta razmerja omogo\u010dajo upravljavcem, da prilagodijo hitrost in mo\u010d komponent adapterja glede na vrsto terena, pogoje pridelka in operativne zahteve. Mo\u017enost natan\u010dne nastavitve teh razmerij pomaga optimizirati zmogljivost.<\/li>\n<\/ul>\n<p>4. <strong>Vzdr\u017eljivost in robustna konstrukcija<\/strong><\/p>\n<ul>\n<li>Menjalniki koruznih \u017eetvenih strojev so izdelani tako, da prenesejo te\u017eka okolja na kmetijskih poljih. Izdelani so z <strong>visokotrdni materiali<\/strong> kot so kaljeno jeklo in pogosto imajo <strong>premazi, odporni proti koroziji<\/strong>To zagotavlja, da ohranjajo vzdr\u017eljivost in operativno u\u010dinkovitost tudi v zahtevnih pogojih.<\/li>\n<\/ul>\n<p>5. <strong>Kompaktna in prostorsko var\u010dna zasnova<\/strong><\/p>\n<ul>\n<li>Menjalnik je obi\u010dajno kompakten in lahek, kar omogo\u010da la\u017ejo integracijo v koruzni adapter, hkrati pa prihrani prostor. Ta u\u010dinkovita zasnova pomaga zmanj\u0161ati skupno te\u017eo stroja, izbolj\u0161a njegovo okretnost in zmanj\u0161a porabo goriva med delovanjem.<\/li>\n<\/ul>\n<p>Skratka, menjalnik koruznega adapterja je bistvena komponenta, ki omogo\u010da nemoteno, u\u010dinkovito in zanesljivo delovanje koruznega adapterja. Z visoko navorno zmogljivostjo, vzdr\u017eljivostjo, enostavno integracijo in zasnovo, ki ne zahteva veliko vzdr\u017eevanja, menjalnik zagotavlja optimalno delovanje med \u017eetvijo, kar zmanj\u0161uje \u010das izpada in pove\u010duje produktivnost kmetov.<\/p>\n<p><img loading=\"lazy\" decoding=\"async\" class=\"alignnone size-full wp-image-3182\" src=\"https:\/\/fmp-components.com\/wp-content\/uploads\/2025\/01\/corn-header-gearbox-N669J-41.webp\" alt=\"menjalnik-za-koruzni-helid\u017eer-N669J-4(1)\" width=\"965\" height=\"444\" title=\"\" srcset=\"https:\/\/fmp-components.com\/wp-content\/uploads\/2025\/01\/corn-header-gearbox-N669J-41.webp 965w, https:\/\/fmp-components.com\/wp-content\/uploads\/2025\/01\/corn-header-gearbox-N669J-41-480x221.webp 480w\" sizes=\"(min-width: 0px) and (max-width: 480px) 480px, (min-width: 481px) 965px, 100vw\" \/><\/p>\n<article class=\"w-full scroll-mb-[var(--thread-trailing-height,150px)] text-token-text-primary focus-visible:outline-2 focus-visible:outline-offset-[-4px]\" dir=\"auto\" data-testid=\"conversation-turn-148\" data-scroll-anchor=\"false\">\n<div class=\"m-auto text-base py-[18px] px-3 md:px-4 w-full md:px-5 lg:px-4 xl:px-5\">\n<div class=\"mx-auto flex flex-1 gap-4 text-base md:gap-5 lg:gap-6 md:max-w-3xl lg:max-w-[40rem] xl:max-w-[48rem]\">\n<div class=\"group\/conversation-turn relative flex w-full min-w-0 flex-col\">\n<div class=\"flex-col gap-1 md:gap-3\">\n<div class=\"flex max-w-full flex-col flex-grow\">\n<div class=\"min-h-8 text-message flex w-full flex-col items-end gap-2 whitespace-normal break-words text-start [.text-message+&amp;]:mt-5\" dir=\"auto\" data-message-author-role=\"user\" data-message-id=\"aaa28861-7069-46a7-8873-87eb33aa5162\">\n<div class=\"flex w-full flex-col gap-1 empty:hidden items-end rtl:items-start\">\n<div class=\"relative max-w-[var(--user-chat-width,70%)] rounded-3xl bg-token-message-surface px-5 py-2.5\">\n<h2 class=\"whitespace-pre-wrap\">Kardanska gred za menjalnik koruznega adapterja<\/h2>\n<div class=\"absolute bottom-0 right-full top-0 -mr-3.5 hidden pr-5 pt-1 [.group\\\/conversation-turn:hover_&amp;]:block\">\n<p>Kardanska gred (PTO) igra klju\u010dno vlogo pri prenosu mo\u010di iz traktorja na menjalnik koruznega adapterja, kar omogo\u010da u\u010dinkovito delovanje razli\u010dnih komponent adapterja, kot so zbiralne verige, pol\u017ei in no\u017ei. Kardanska gred slu\u017ei kot povezava med motorjem traktorja in strojem ter pretvarja mehansko mo\u010d motorja v potrebno delovno mo\u010d za \u017eetev.<\/p>\n<p>1. <strong>Prenos mo\u010di<\/strong><\/p>\n<ul>\n<li>Kardanska gred je glavno sredstvo <strong>prenos mehanske mo\u010di<\/strong> od motorja traktorja do menjalnika koruznega adapterja. Ta mo\u010d se uporablja za pogon razli\u010dnih komponent adapterja, kar zagotavlja nemoteno in u\u010dinkovito \u017eetev. Obi\u010dajno se priklju\u010di na izhod kardanske gredi traktorja in se prek sklopke ali univerzalnega zgloba pove\u017ee z menjalnikom.<\/li>\n<\/ul>\n<p>2. <strong>Visoka navorna zmogljivost<\/strong><\/p>\n<ul>\n<li>Kardanska gred mora biti zasnovana tako, da lahko obvladuje <strong>visoke ravni navora<\/strong>, zlasti v zahtevnih pogojih \u017eetve. Menjalnik, povezan s kardansko gredjo, potrebuje stabilen in zanesljiv vir energije za delovanje te\u017ekih komponent v koruznem adapterju, kot so pol\u017ei, zbiralne verige in rezila.<\/li>\n<\/ul>\n<p>3. <strong>Trpe\u017ena konstrukcija<\/strong><\/p>\n<ul>\n<li><strong>Te\u017eka konstrukcija<\/strong> je bistvenega pomena za kardanske gredi, ki se uporabljajo v menjalnikih koruznih kombajnov. Te gredi so obi\u010dajno izdelane iz <strong>kaljeno jeklo<\/strong> ali drugih visokotrdnostnih materialov, ki prenesejo obremenitve stalnega delovanja v zahtevnih kmetijskih okoljih. To zagotavlja dolgotrajno vzdr\u017eljivost in zanesljivo delovanje v zahtevnih pogojih.<\/li>\n<\/ul>\n<p><strong>4. Hitra in enostavna povezava<\/strong><\/p>\n<ul>\n<li>Kardanske gredi za menjalnike koruznih adapterjev so zasnovane za enostavno priklop in odklop med traktorjem in adapterjem. To se pogosto dose\u017ee z univerzalnim zglobom ali mehanizmom za hitro zaklepanje, ki omogo\u010da preprosto in varno priklop in odklop brez potrebe po specializiranem orodju, kar prihrani \u010das med nastavitvijo ali vzdr\u017eevanjem.<\/li>\n<\/ul>\n<p>5. <strong>Nastavljiva dol\u017eina<\/strong><\/p>\n<ul>\n<li>Nekatere kardanske gredi za menjalnike koruznih adapterjev so zasnovane z <strong>nastavljive dol\u017eine<\/strong>, kar zagotavlja zdru\u017eljivost z razli\u010dnimi traktorji in konfiguracijami rezalnih glav. Ta prilagodljivost omogo\u010da enostavno prilagoditev kardanske gredi zahtevani dol\u017eini, kar omogo\u010da uporabo razli\u010dnih nastavitev opreme in zmanj\u0161uje tveganje mehanskih obremenitev ali po\u0161kodb.<\/li>\n<\/ul>\n<p>Kardanska gred je bistveni sestavni del sistema za prenos mo\u010di menjalnikov koruznih adapterjev. Zagotavlja zanesljivo, u\u010dinkovito in varno povezavo med traktorjem in koruznim adapterjem, kar zagotavlja nemoteno delovanje celotnega sistema za \u017eetev. Pravilno vzdr\u017eevanje in pravo\u010dasna zamenjava kardanske gredi lahko pove\u010data obratovalno u\u010dinkovitost, skraj\u0161ata \u010das izpada in podalj\u0161ata \u017eivljenjsko dobo opreme.<\/p>\n<\/div>\n<\/div>\n<\/div>\n<\/div>\n<\/div>\n<\/div>\n<\/div>\n<\/div>\n<\/div>\n<\/article>\n<article class=\"w-full scroll-mb-[var(--thread-trailing-height,150px)] text-token-text-primary focus-visible:outline-2 focus-visible:outline-offset-[-4px]\" dir=\"auto\" data-testid=\"conversation-turn-149\" data-scroll-anchor=\"true\">\n<table style=\"border-collapse: collapse; width: 94.3906%; height: 48px;\" border=\"0\" width=\"128\" cellspacing=\"0\" cellpadding=\"0\">\n<tbody>\n<tr style=\"height: 13.8pt;\">\n<td style=\"height: 13.8pt; width: 48pt;\" align=\"right\" width=\"64\" height=\"18\"><img loading=\"lazy\" decoding=\"async\" class=\"alignnone size-full wp-image-3181\" src=\"https:\/\/fmp-components.com\/wp-content\/uploads\/2025\/01\/corn-header-gearbox-N669J-51.webp\" alt=\"menjalnik-za-koruzni-adapter-N669J-5(1)\" width=\"500\" height=\"500\" title=\"\" srcset=\"https:\/\/fmp-components.com\/wp-content\/uploads\/2025\/01\/corn-header-gearbox-N669J-51.webp 500w, https:\/\/fmp-components.com\/wp-content\/uploads\/2025\/01\/corn-header-gearbox-N669J-51-480x480.webp 480w\" sizes=\"(min-width: 0px) and (max-width: 480px) 480px, (min-width: 481px) 500px, 100vw\" \/><\/td>\n<td style=\"width: 48pt;\" align=\"right\" width=\"64\"><img loading=\"lazy\" decoding=\"async\" class=\"alignnone size-full wp-image-3183\" src=\"https:\/\/fmp-components.com\/wp-content\/uploads\/2025\/01\/corn-header-gearbox-N669J1.webp\" alt=\"menjalnik-za-koruzni-helid\u017eer-N669J(1)\" width=\"500\" height=\"500\" title=\"\" srcset=\"https:\/\/fmp-components.com\/wp-content\/uploads\/2025\/01\/corn-header-gearbox-N669J1.webp 500w, https:\/\/fmp-components.com\/wp-content\/uploads\/2025\/01\/corn-header-gearbox-N669J1-480x480.webp 480w\" sizes=\"(min-width: 0px) and (max-width: 480px) 480px, (min-width: 481px) 500px, 100vw\" \/><\/td>\n<\/tr>\n<\/tbody>\n<\/table>\n<h2>O FMP-ju<\/h2>\n<p>FMP s sede\u017eem v Italiji je vodilni proizvajalec, znan po svojem strokovnem znanju na podro\u010dju na\u010drtovanja, razvoja in proizvodnje visokozmogljivih menjalnikov, specializiran za sektor kmetijske mehanizacije. FMP, znan po natan\u010dnem in\u017eenirstvu, inovativnih re\u0161itvah in neomajni zanesljivosti, si je ustvaril sloves zaupanja vrednega partnerja tako na kmetijskem kot industrijskem trgu. Na\u0161 raznolik portfelj vklju\u010duje menjalnike po meri za kosilnice, kardanske gredi in \u0161iroko paleto bistvenih komponent, ki so vse skrbno izdelane, da ustrezajo edinstvenim zahtevam razli\u010dnih aplikacij.<\/p>\n<p>Pri FMP se zavedamo, da se vsaka stranka soo\u010da z razli\u010dnimi izzivi. Zato smo odli\u010dni v zagotavljanju prilagojenih re\u0161itev, bodisi za posamezne komponente bodisi za popolnoma integrirane sisteme. S tesnim sodelovanjem z na\u0161imi strankami zagotavljamo, da vsaka re\u0161itev ne le zadovolji njihove specifi\u010dne potrebe, temve\u010d tudi optimizira delovanje in pove\u010da skupno vrednost. Na\u0161a zavezanost odzivni, profesionalni storitvi in \u200b\u200bstrokovnemu vodenju zagotavlja, da se vsako povpra\u0161evanje obravnava natan\u010dno, kar vodi do najbolj\u0161ih mo\u017enih rezultatov.<\/p>\n<p>Velik poudarek dajemo transparentni in stalni komunikaciji skozi celoten proces razvoja izdelkov. Na\u0161a predana ekipa tesno sodeluje s strankami, da bi v celoti razumela njihove zahteve, in jim nudi pronicljiva priporo\u010dila za doseganje optimalnih rezultatov. Ne glede na to, ali razvijamo vrhunske izdelke ali izpolnjujemo rutinska naro\u010dila, je FMP predan zagotavljanju visokokakovostnih, natan\u010dno zasnovanih re\u0161itev, vsaki\u010d pravo\u010dasno. Na\u0161e poslanstvo je, da z zagotavljanjem izjemnih storitev in izjemnih rezultatov pri vsakem projektu dosledno prese\u017eemo pri\u010dakovanja strank.<\/p>\n<p>V sredi\u0161\u010du delovanja podjetja FMP je zavezanost kakovosti. Dr\u017eimo se najvi\u0161jih proizvodnih standardov in izvajamo stroge ukrepe za nadzor kakovosti, da zagotovimo, da vsak izdelek ne le izpolnjuje, ampak tudi presega industrijske standarde. Ta predanost odli\u010dnosti, skupaj z na\u0161imi temeljnimi vrednotami integritete, timskega dela in vztrajnosti, nam je omogo\u010dila, da smo zgradili dolgoro\u010dne, na zaupanju temelje\u010de odnose s strankami v skoraj 30 dr\u017eavah po vsem svetu.<\/p>\n<p>FMP si vedno prizadeva spodbujati globalna partnerstva in ponuja strokovne nasvete ter prilagojene re\u0161itve, ki ustrezajo spreminjajo\u010dim se potrebam na\u0161ih strank. Predani smo gradnji trajnih, obojestransko koristnih odnosov, ki prispevajo k uspehu vsakega projekta. Ne glede na to, ali i\u0161\u010dete inovativne re\u0161itve za novo pobudo ali stalno podporo za obstoje\u010di sistem, vam je FMP na voljo, da vam pomaga premagati tehni\u010dne izzive in zagotovi va\u0161 nadaljnji uspeh.<\/p>\n<p><img loading=\"lazy\" decoding=\"async\" class=\"alignnone wp-image-2695\" src=\"https:\/\/fmp-components.com\/wp-content\/uploads\/2025\/01\/agricultural-gearbox3.webp\" alt=\"kmetijski menjalnik\" width=\"1140\" height=\"1138\" title=\"\" srcset=\"https:\/\/fmp-components.com\/wp-content\/uploads\/2025\/01\/agricultural-gearbox3.webp 1140w, https:\/\/fmp-components.com\/wp-content\/uploads\/2025\/01\/agricultural-gearbox3-480x479.webp 480w\" sizes=\"(min-width: 0px) and (max-width: 480px) 480px, (min-width: 481px) 1140px, 100vw\" \/><\/p>\n<p>Avtor: CX<\/p>\n<\/article>","protected":false},"excerpt":{"rendered":"<p>Details of Corn Header Gearbox Product name: Corn header gearbox Gearing Arrangement: Bevel \/ Miter Output Torque: as drawing Input Speed: 1000rpm Output Speed: as drawing Color: Customer Requests Weight: 82kg Chain wheel ratio: 1.91:1 Stalk pulled roller ratio: 1:1.2 Noise: Less than 92db at 1-meter distance in front of the gearbox Application: Corn harvester [&hellip;]<\/p>","protected":false},"featured_media":3181,"comment_status":"open","ping_status":"closed","template":"","meta":{"_et_pb_use_builder":"","_et_pb_old_content":"","_et_gb_content_width":""},"product_brand":[],"product_cat":[76],"product_tag":[],"class_list":{"0":"post-3178","1":"product","2":"type-product","3":"status-publish","4":"has-post-thumbnail","6":"product_cat-gearbox-for-rotary-rakes","8":"first","9":"instock","10":"shipping-taxable","11":"product-type-simple"},"_links":{"self":[{"href":"https:\/\/fmp-components.com\/sl\/wp-json\/wp\/v2\/product\/3178","targetHints":{"allow":["GET"]}}],"collection":[{"href":"https:\/\/fmp-components.com\/sl\/wp-json\/wp\/v2\/product"}],"about":[{"href":"https:\/\/fmp-components.com\/sl\/wp-json\/wp\/v2\/types\/product"}],"replies":[{"embeddable":true,"href":"https:\/\/fmp-components.com\/sl\/wp-json\/wp\/v2\/comments?post=3178"}],"wp:featuredmedia":[{"embeddable":true,"href":"https:\/\/fmp-components.com\/sl\/wp-json\/wp\/v2\/media\/3181"}],"wp:attachment":[{"href":"https:\/\/fmp-components.com\/sl\/wp-json\/wp\/v2\/media?parent=3178"}],"wp:term":[{"taxonomy":"product_brand","embeddable":true,"href":"https:\/\/fmp-components.com\/sl\/wp-json\/wp\/v2\/product_brand?post=3178"},{"taxonomy":"product_cat","embeddable":true,"href":"https:\/\/fmp-components.com\/sl\/wp-json\/wp\/v2\/product_cat?post=3178"},{"taxonomy":"product_tag","embeddable":true,"href":"https:\/\/fmp-components.com\/sl\/wp-json\/wp\/v2\/product_tag?post=3178"}],"curies":[{"name":"delovni list","href":"https:\/\/api.w.org\/{rel}","templated":true}]}}