{"id":3170,"date":"2025-01-05T05:15:38","date_gmt":"2025-01-05T05:15:38","guid":{"rendered":"https:\/\/fmp-components.com\/?page_id=8"},"modified":"2025-01-05T05:39:04","modified_gmt":"2025-01-05T05:39:04","slug":"corn-headers-gearbox-replacement-of-comer-code-l170-b","status":"publish","type":"product","link":"https:\/\/fmp-components.com\/sl\/product\/corn-headers-gearbox-replacement-of-comer-code-l170-b\/","title":{"rendered":"Menjalnik koruznih adapterjev - zamenjava kode Comer L170-B"},"content":{"rendered":"<table style=\"border-collapse: collapse; width: 98.8846%;\" border=\"0\" width=\"128\" cellspacing=\"0\" cellpadding=\"0\">\n<tbody>\n<tr style=\"height: 13.8pt;\">\n<td style=\"height: 13.8pt; width: 49.2308%;\" align=\"right\" width=\"64\" height=\"18\"><img loading=\"lazy\" decoding=\"async\" class=\"alignnone size-full wp-image-3171\" src=\"https:\/\/fmp-components.com\/wp-content\/uploads\/2025\/01\/corn-header-gearbox-1.webp\" alt=\"menjalnik-za-koruzni-\u017eetveni-priklju\u010dek\" width=\"500\" height=\"500\" title=\"\" srcset=\"https:\/\/fmp-components.com\/wp-content\/uploads\/2025\/01\/corn-header-gearbox-1.webp 500w, https:\/\/fmp-components.com\/wp-content\/uploads\/2025\/01\/corn-header-gearbox-1-480x480.webp 480w\" sizes=\"(min-width: 0px) and (max-width: 480px) 480px, (min-width: 481px) 500px, 100vw\" \/><\/td>\n<td style=\"width: 646.923%;\" align=\"right\" width=\"64\"><img loading=\"lazy\" decoding=\"async\" class=\"alignnone size-full wp-image-3172\" src=\"https:\/\/fmp-components.com\/wp-content\/uploads\/2025\/01\/corn-header-gearbox-2.webp\" alt=\"menjalnik-za-koruzni-\u017eetveni-priklju\u010dek\" width=\"500\" height=\"500\" title=\"\" srcset=\"https:\/\/fmp-components.com\/wp-content\/uploads\/2025\/01\/corn-header-gearbox-2.webp 500w, https:\/\/fmp-components.com\/wp-content\/uploads\/2025\/01\/corn-header-gearbox-2-480x480.webp 480w\" sizes=\"(min-width: 0px) and (max-width: 480px) 480px, (min-width: 481px) 500px, 100vw\" \/><\/td>\n<\/tr>\n<\/tbody>\n<\/table>\n<h2>Specifikacija menjalnika koruznih rezalnikov <img loading=\"lazy\" decoding=\"async\" class=\"alignnone size-full wp-image-3174\" src=\"https:\/\/fmp-components.com\/wp-content\/uploads\/2025\/01\/corn-header-gearbox-L170b.webp\" alt=\"menjalnik-za-koruzni-\u017eetveni-priklju\u010dek\" width=\"973\" height=\"575\" title=\"\" srcset=\"https:\/\/fmp-components.com\/wp-content\/uploads\/2025\/01\/corn-header-gearbox-L170b.webp 973w, https:\/\/fmp-components.com\/wp-content\/uploads\/2025\/01\/corn-header-gearbox-L170b-480x284.webp 480w\" sizes=\"(min-width: 0px) and (max-width: 480px) 480px, (min-width: 481px) 973px, 100vw\" \/><\/h2>\n<table style=\"border-collapse: collapse; width: 97.4772%; height: 118px;\" border=\"0\" width=\"128\" cellspacing=\"0\" cellpadding=\"0\">\n<tbody>\n<tr style=\"height: 13.8pt;\">\n<td style=\"height: 13.8pt; width: 42.7173%;\" align=\"right\" width=\"64\" height=\"18\">\n<h2><img loading=\"lazy\" decoding=\"async\" class=\"wp-image-3175 aligncenter\" src=\"https:\/\/fmp-components.com\/wp-content\/uploads\/2025\/01\/mounting.webp\" alt=\"menjalnik-za-koruzni-\u017eetveni-priklju\u010dek\" width=\"362\" height=\"260\" title=\"\" srcset=\"https:\/\/fmp-components.com\/wp-content\/uploads\/2025\/01\/mounting.webp 184w, https:\/\/fmp-components.com\/wp-content\/uploads\/2025\/01\/mounting-18x12.webp 18w\" sizes=\"(max-width: 362px) 100vw, 362px\" \/><\/h2>\n<\/td>\n<td style=\"width: 55.3262%;\" align=\"right\" width=\"64\">\n<h2><img loading=\"lazy\" decoding=\"async\" class=\"wp-image-3176 aligncenter\" src=\"https:\/\/fmp-components.com\/wp-content\/uploads\/2025\/01\/replacement-of-comer-L170B.webp\" alt=\"menjalnik-za-koruzni-\u017eetveni-priklju\u010dek\" width=\"431\" height=\"293\" title=\"\"><\/h2>\n<\/td>\n<\/tr>\n<\/tbody>\n<\/table>\n<h2><\/h2>\n<h2>Zna\u010dilnosti menjalnika koruznega rezalnika<\/h2>\n<p>Menjalnik koruznega adapterja je klju\u010dni sestavni del stroja za \u017eetev, ki se uporablja za u\u010dinkovito \u017eetev koruze. Zagotavlja potrebno mo\u010d in mehansko prednost za delovanje sistema adapterja, kar zagotavlja optimalno delovanje in produktivnost. Tukaj je nekaj klju\u010dnih zna\u010dilnosti menjalnika koruznega adapterja:<\/p>\n<p><strong>1. Menjalnik z visokim navorom<\/strong><\/p>\n<ul>\n<li>Menjalnik je zasnovan tako, da prena\u0161a visok navor iz kardanske gredi traktorja na koruzni adapter. To zagotavlja, da razli\u010dni gibljivi deli adapterja, kot so nabiralne verige in plo\u0161\u010de za odstranjevanje trav, delujejo gladko tudi pri velikih obremenitvah.<\/li>\n<\/ul>\n<p><strong>2. Precizno in\u017eenirstvo<\/strong><\/p>\n<ul>\n<li>Menjalniki koruznih adapterjev so natan\u010dno zasnovani za zagotavljanje nemotenega delovanja in vzdr\u017eljivosti. Komponente so zasnovane tako, da zmanj\u0161ujejo obrabo, kar zagotavlja dolgo \u017eivljenjsko dobo in dosledno delovanje.<\/li>\n<\/ul>\n<p><strong>3. Vzdr\u017eljivost in trdnost<\/strong><\/p>\n<ul>\n<li>Ti menjalniki so izdelani tako, da prenesejo te\u017eke terenske razmere, vklju\u010dno z izpostavljenostjo prahu, vlagi in ekstremnim temperaturam. Uporabljeni so visokokakovostni materiali, ki zagotavljajo, da lahko menjalnik prenese visoke zahteve neprekinjene uporabe med \u017eetveno sezono.<\/li>\n<\/ul>\n<p><strong>4. U\u010dinkovit prenos mo\u010di<\/strong><\/p>\n<ul>\n<li>Menjalniki koruznih adapterjev so zasnovani tako, da u\u010dinkovito prena\u0161ajo mo\u010d iz kardanske gredi traktorja na komponente adapterja, s \u010dimer se zmanj\u0161ajo izgube energije in pove\u010da u\u010dinkovitost postopka \u017eetve.<\/li>\n<\/ul>\n<p><strong>5. Kompaktna in robustna zasnova<\/strong><\/p>\n<ul>\n<li>Menjalniki so obi\u010dajno kompaktni, zaradi \u010desar jih je enostavno integrirati v sistem rezalnika, ne da bi pri tem pove\u010dali te\u017eo ali prostornino. Robustna zasnova zagotavlja, da menjalnik prenese nenehno obrabo zaradi kmetijske uporabe.<\/li>\n<\/ul>\n<p>Skratka, menjalnik koruznega adapterja je zasnovan tako, da zagotavlja mo\u010d, natan\u010dnost in vzdr\u017eljivost v te\u017ekih pogojih, kar pove\u010duje splo\u0161no u\u010dinkovitost in zanesljivost postopka \u017eetve koruze.<\/p>\n<p><img loading=\"lazy\" decoding=\"async\" class=\"alignnone size-full wp-image-3177\" src=\"https:\/\/fmp-components.com\/wp-content\/uploads\/2025\/01\/Agricultural-Lawnmower-Gearbox-Production-Workshop.webp\" alt=\"menjalnik-za-koruzni-\u017eetveni-priklju\u010dek\" width=\"1200\" height=\"620\" title=\"\" srcset=\"https:\/\/fmp-components.com\/wp-content\/uploads\/2025\/01\/Agricultural-Lawnmower-Gearbox-Production-Workshop.webp 1200w, https:\/\/fmp-components.com\/wp-content\/uploads\/2025\/01\/Agricultural-Lawnmower-Gearbox-Production-Workshop-980x506.webp 980w, https:\/\/fmp-components.com\/wp-content\/uploads\/2025\/01\/Agricultural-Lawnmower-Gearbox-Production-Workshop-480x248.webp 480w\" sizes=\"(min-width: 0px) and (max-width: 480px) 480px, (min-width: 481px) and (max-width: 980px) 980px, (min-width: 981px) 1200px, 100vw\" \/><\/p>\n<h2 data-pm-slice=\"1 1 []\">Kardanske gredi za koruzne adapterje, menjalnik<\/h2>\n<p>Kardanska gred (PTO) je bistveni sestavni del pri povezovanju pogonskega sistema traktorja z menjalnikom koruznega adapterja. Prena\u0161a mehansko mo\u010d iz motorja traktorja v menjalnik, kar omogo\u010da u\u010dinkovito delovanje razli\u010dnih mehanizmov koruznega adapterja med \u017eetvijo. Tukaj so klju\u010dni vidiki kardanskih gredi za menjalnike koruznih adapterjev:<\/p>\n<p>1. <strong>Prenos mo\u010di<\/strong><\/p>\n<ul>\n<li>Kardanska gred je zasnovana za prenos mehanske mo\u010di iz kardanske gredi traktorja na menjalnik koruznega adapterja. Ta mo\u010d se nato porazdeli med komponente adapterja, kot so zbiralne verige, pol\u017ei in drugi gibljivi deli, ki pomagajo pri \u017eetvi koruze.<\/li>\n<\/ul>\n<p>2. <strong>Visoka navorna zmogljivost<\/strong><\/p>\n<ul>\n<li>Kardanske gredi za menjalnike koruznih adapterjev so izdelane tako, da prenesejo visoke navorne obremenitve. \u017detev koruze je zelo intenzivna operacija, zato mora kardanska gred brezhibno prena\u0161ati znatno mo\u010d. Gred je izdelana iz visoko trdnih materialov, ki zagotavljajo u\u010dinkovit prenos mo\u010di tudi pri velikih obremenitvah.<\/li>\n<\/ul>\n<p><strong>3. Zasnova univerzalnega sklepa<\/strong><\/p>\n<ul>\n<li>Kardanska gred je opremljena z <strong>univerzalni zglobi<\/strong> na obeh koncih, kar omogo\u010da prenos mo\u010di tudi pri majhnem kotu ali neporavnanosti med izhodom kardanske gredi traktorja in menjalnikom koruznega adapterja. Ta prilagodljivost zagotavlja nemoteno in nemoteno delovanje, hkrati pa zmanj\u0161uje tveganje obrabe.<\/li>\n<\/ul>\n<p><strong>4. Vzdr\u017eljivost in dolgo\u017eivost<\/strong><\/p>\n<ul>\n<li>Te kardanske gredi so zasnovane tako, da so robustne in vzdr\u017eljive, saj so izpostavljene te\u017ekim terenskim razmeram, kot so umazanija, vlaga in mehanske obremenitve. Gredi so izdelane iz visokokakovostnega jekla in imajo pogosto premaze, odporne proti koroziji, ki podalj\u0161ajo njihovo \u017eivljenjsko dobo.<\/li>\n<\/ul>\n<p><strong>5. Nastavljiva dol\u017eina<\/strong><\/p>\n<ul>\n<li>Kardanske gredi je mogo\u010de prilagoditi po dol\u017eini, da se prilagodijo razli\u010dnim velikostim in konfiguracijam opreme. Ta prilagodljivost je \u0161e posebej uporabna pri priklopu kardanske gredi s traktorja na razli\u010dne modele koruznih adapterjev, saj se lahko dol\u017eina priklju\u010dka razlikuje.<\/li>\n<\/ul>\n<p>Kardanske gredi za menjalnike koruznih adapterjev so klju\u010dne komponente, ki omogo\u010dajo u\u010dinkovit prenos mo\u010di s traktorja na adapter. Zasnovane so tako, da so vzdr\u017eljive, varne in vsestranske, kar zagotavlja zanesljivo delovanje in zmanj\u0161uje \u010das izpada v zahtevnih terenskih razmerah.<\/p>\n<h3>O FMP-ju<\/h3>\n<p>FMP s sede\u017eem v Italiji je ugleden proizvajalec, znan po svojem strokovnem znanju na podro\u010dju na\u010drtovanja, razvoja in proizvodnje visokozmogljivih menjalnikov, s primarnim poudarkom na kmetijski mehanizaciji. Znan po svojem natan\u010dnem in\u017eeniringu, inovativnih re\u0161itvah in neomajni zanesljivosti, si je FMP prislu\u017eil zaupanja vreden sloves tako v kmetijskem kot industrijskem sektorju. Na\u0161 obse\u017een portfelj izdelkov vklju\u010duje menjalnike po meri za kosilnice, kardanske gredi in razli\u010dne bistvene komponente, ki so vse skrbno zasnovane za izpolnjevanje posebnih potreb razli\u010dnih aplikacij.<\/p>\n<p>Pri FMP se zavedamo, da se vsaka stranka soo\u010da z edinstvenimi izzivi. Zato smo specializirani za zagotavljanje prilagojenih re\u0161itev \u2013 bodisi za posamezne komponente bodisi za popolnoma integrirane sisteme. S tesnim sodelovanjem z na\u0161imi strankami zagotavljamo, da vsaka re\u0161itev ne le zadovolji njihove potrebe, temve\u010d tudi izbolj\u0161a u\u010dinkovitost in pove\u010da vrednost. Na\u0161a zavezanost pravo\u010dasnim, profesionalnim odgovorom in strokovnemu vodenju zagotavlja, da se vsako povpra\u0161evanje obravnava natan\u010dno in dosledno zagotavlja optimalne rezultate.<\/p>\n<p>Poudarek dajemo jasni in neprekinjeni komunikaciji skozi celoten cikel razvoja izdelka. Na\u0161a predana ekipa sodeluje s strankami, da bi v celoti razumela njihove zahteve in ponudila dragocene vpoglede in priporo\u010dila za doseganje najbolj\u0161ih mo\u017enih rezultatov. Ne glede na to, ali na\u010drtuje najsodobnej\u0161e izdelke ali izpolnjuje rutinska naro\u010dila, je FMP zavezan k zagotavljanju visokokakovostnih, natan\u010dno izdelanih re\u0161itev, pravo\u010dasno in dosledno. Na\u0161 cilj je dosledno presegati pri\u010dakovanja strank ter zagotavljati izjemne storitve in rezultate pri vsakem projektu.<\/p>\n<p>Kakovost je temelj vsega, kar po\u010dnemo pri FMP. Dr\u017eimo se najvi\u0161jih proizvodnih standardov in izvajamo stroge postopke nadzora kakovosti, da zagotovimo, da vsak izdelek ne le izpolnjuje, ampak tudi presega industrijske standarde. Ta zavezanost odli\u010dnosti, skupaj z na\u0161imi temeljnimi vrednotami integritete, timskega dela in vztrajnosti, nam je omogo\u010dila, da smo zgradili trajne, zaupanja vredne odnose s strankami v skoraj 30 dr\u017eavah po vsem svetu.<\/p>\n<p>FMP si vedno prizadeva za sklepanje globalnih partnerstev in ponuja strokovne nasvete ter prilagojene re\u0161itve, ki odgovarjajo na spreminjajo\u010de se potrebe na\u0161ih strank. Prizadevamo si za dolgoro\u010dne, obojestransko koristne odnose, ki prispevajo k uspehu vsakega projekta. Ne glede na to, ali i\u0161\u010dete inovativne re\u0161itve za novo pobudo ali potrebujete stalno podporo za obstoje\u010di sistem, vam je FMP pripravljen pomagati pri re\u0161evanju tehni\u010dnih izzivov in zagotoviti va\u0161 nadaljnji uspeh.<\/p>\n<p><img loading=\"lazy\" decoding=\"async\" class=\"alignnone wp-image-2695\" src=\"https:\/\/fmp-components.com\/wp-content\/uploads\/2025\/01\/agricultural-gearbox3.webp\" alt=\"kmetijski menjalnik\" width=\"1140\" height=\"1138\" title=\"\" srcset=\"https:\/\/fmp-components.com\/wp-content\/uploads\/2025\/01\/agricultural-gearbox3.webp 1140w, https:\/\/fmp-components.com\/wp-content\/uploads\/2025\/01\/agricultural-gearbox3-480x479.webp 480w\" sizes=\"(min-width: 0px) and (max-width: 480px) 480px, (min-width: 481px) 1140px, 100vw\" \/><\/p>\n<p>Avtor: CX<\/p>","protected":false},"excerpt":{"rendered":"<p>Specification of Corn Headers Gearbox Features of Corn Header Gearbox The corn header gearbox is a crucial component in the harvesting machinery used to efficiently harvest corn crops. It provides the necessary power and mechanical advantage to operate the header system, ensuring optimal performance and productivity. Here are some of the key features of a [&hellip;]<\/p>","protected":false},"featured_media":3173,"comment_status":"open","ping_status":"closed","template":"","meta":{"_et_pb_use_builder":"","_et_pb_old_content":"","_et_gb_content_width":""},"product_brand":[],"product_cat":[77],"product_tag":[],"class_list":{"0":"post-3170","1":"product","2":"type-product","3":"status-publish","4":"has-post-thumbnail","6":"product_cat-corn-headers-gearbox","8":"first","9":"instock","10":"shipping-taxable","11":"product-type-simple"},"_links":{"self":[{"href":"https:\/\/fmp-components.com\/sl\/wp-json\/wp\/v2\/product\/3170","targetHints":{"allow":["GET"]}}],"collection":[{"href":"https:\/\/fmp-components.com\/sl\/wp-json\/wp\/v2\/product"}],"about":[{"href":"https:\/\/fmp-components.com\/sl\/wp-json\/wp\/v2\/types\/product"}],"replies":[{"embeddable":true,"href":"https:\/\/fmp-components.com\/sl\/wp-json\/wp\/v2\/comments?post=3170"}],"wp:featuredmedia":[{"embeddable":true,"href":"https:\/\/fmp-components.com\/sl\/wp-json\/wp\/v2\/media\/3173"}],"wp:attachment":[{"href":"https:\/\/fmp-components.com\/sl\/wp-json\/wp\/v2\/media?parent=3170"}],"wp:term":[{"taxonomy":"product_brand","embeddable":true,"href":"https:\/\/fmp-components.com\/sl\/wp-json\/wp\/v2\/product_brand?post=3170"},{"taxonomy":"product_cat","embeddable":true,"href":"https:\/\/fmp-components.com\/sl\/wp-json\/wp\/v2\/product_cat?post=3170"},{"taxonomy":"product_tag","embeddable":true,"href":"https:\/\/fmp-components.com\/sl\/wp-json\/wp\/v2\/product_tag?post=3170"}],"curies":[{"name":"delovni list","href":"https:\/\/api.w.org\/{rel}","templated":true}]}}