{"id":3129,"date":"2025-01-05T02:44:39","date_gmt":"2025-01-05T02:44:39","guid":{"rendered":"https:\/\/fmp-components.com\/?page_id=8"},"modified":"2025-01-05T02:44:39","modified_gmt":"2025-01-05T02:44:39","slug":"grain-auger-gearbox-fmp-2390-for-agricultural-grain-storage-and-transportation","status":"publish","type":"product","link":"https:\/\/fmp-components.com\/sl\/product\/grain-auger-gearbox-fmp-2390-for-agricultural-grain-storage-and-transportation\/","title":{"rendered":"Menjalnik \u017eitnega pol\u017ea FMP-2390 za skladi\u0161\u010denje in transport kmetijskega \u017eita"},"content":{"rendered":"<h2>Specifikacije menjalnika pol\u017ea za \u017eito FMP-2390<\/h2>\n<p><img loading=\"lazy\" decoding=\"async\" class=\"alignnone size-full wp-image-3131\" src=\"https:\/\/fmp-components.com\/wp-content\/uploads\/2025\/01\/Grain-Auger-Gearbox-EP-2390-Dimension.webp\" alt=\"Menjalnik pol\u017ea za \u017eito EP-2390-Dimenzija\" width=\"1534\" height=\"1064\" title=\"\" srcset=\"https:\/\/fmp-components.com\/wp-content\/uploads\/2025\/01\/Grain-Auger-Gearbox-EP-2390-Dimension.webp 1534w, https:\/\/fmp-components.com\/wp-content\/uploads\/2025\/01\/Grain-Auger-Gearbox-EP-2390-Dimension-1280x888.webp 1280w, https:\/\/fmp-components.com\/wp-content\/uploads\/2025\/01\/Grain-Auger-Gearbox-EP-2390-Dimension-980x680.webp 980w, https:\/\/fmp-components.com\/wp-content\/uploads\/2025\/01\/Grain-Auger-Gearbox-EP-2390-Dimension-480x333.webp 480w\" sizes=\"(min-width: 0px) and (max-width: 480px) 480px, (min-width: 481px) and (max-width: 980px) 980px, (min-width: 981px) and (max-width: 1280px) 1280px, (min-width: 1281px) 1534px, 100vw\" \/><\/p>\n<table style=\"width: 95.8687%; height: 220px;\" border=\"1\" cellspacing=\"0\" cellpadding=\"0\">\n<tbody>\n<tr class=\"firstRow\">\n<td>Ime izdelka<\/td>\n<td>Menjalnik pol\u017ea za \u017eito FMP-2390<\/td>\n<\/tr>\n<tr>\n<td>Material<\/td>\n<td>Ohi\u0161je kot HT250, gred kot 20CrMnTi<\/td>\n<\/tr>\n<tr>\n<td>Barva<\/td>\n<td>Temno ali rde\u010de ali po meri<\/td>\n<\/tr>\n<tr>\n<td>Vrsta<\/td>\n<td>Sto\u017e\u010dasti zobnik<\/td>\n<\/tr>\n<tr>\n<td>Razmerje<\/td>\n<td>1:1<\/td>\n<\/tr>\n<tr>\n<td>Le\u017eaj<\/td>\n<td>QC ali C&amp;U ali NTN<\/td>\n<\/tr>\n<tr>\n<td>Garancija<\/td>\n<td>eno leto in pol<\/td>\n<\/tr>\n<tr>\n<td>Rabljeno<\/td>\n<td>skladi\u0161\u010denje \u017eita<\/td>\n<\/tr>\n<\/tbody>\n<\/table>\n<h3>Uporaba menjalnika \u017eitnega pol\u017ea za skladi\u0161\u010denje in transport \u017eita<\/h3>\n<p>Menjalniki pol\u017enih transporterjev imajo klju\u010dno vlogo pri u\u010dinkovitem premikanju in ravnanju z \u017eiti med skladi\u0161\u010denjem in transportom. Klju\u010dne uporabe menjalnikov pol\u017enih transporterjev v teh sektorjih so:<\/p>\n<ol>\n<li><strong>Silosi za shranjevanje \u017eita:<\/strong>\n<ul>\n<li><strong>\u017ditni silosi:<\/strong> Menjalnik poganja pol\u017ee, ki se uporabljajo v silosih za \u017eito in dvigujejo \u017eito na razli\u010dne nivoje skladi\u0161\u010denja znotraj silosov. U\u010dinkovito premikanje \u017eita je bistvenega pomena za prepre\u010devanje zgrudnjavanja ali po\u0161kodb, kar zagotavlja optimalne pogoje skladi\u0161\u010denja.<\/li>\n<li><strong>Razkladalni sistemi:<\/strong> Pol\u017eni menjalniki so sestavni del razkladanja \u017eita iz silosov v tovornjake, teko\u010de trakove ali druge transportne sisteme. Njihova natan\u010dnost zagotavlja nemoten in enakomeren pretok \u017eita ter prepre\u010duje blokade ali zamude.<\/li>\n<\/ul>\n<\/li>\n<li><strong>Objekti za ravnanje z \u017eitom:<\/strong>\n<ul>\n<li><strong>Transportni sistemi:<\/strong> V obratih za ravnanje z \u017eitom se pol\u017eni menjalniki uporabljajo za pogon vija\u010dnih transporterjev, ki premikajo \u017eito po razli\u010dnih delih predelovalnega obrata. Zagotavljajo hiter prevoz \u017eita med skladi\u0161\u010dnimi, \u010distilnimi in mlevnimi obmo\u010dji.<\/li>\n<li><strong>Su\u0161ilni sistemi:<\/strong> Menjalniki pol\u017eastih transporterjev se uporabljajo v su\u0161ilnih sistemih, kjer pol\u017ei premikajo zrno skozi su\u0161ilne komore, kar omogo\u010da enakomeren pretok zraka in zmanj\u0161anje vlage. To zagotavlja, da zrno ostane v optimalnem stanju za dolgoro\u010dno skladi\u0161\u010denje.<\/li>\n<\/ul>\n<\/li>\n<li><strong>Prevoz \u017eita na trg:<\/strong>\n<ul>\n<li><strong>Nalaganje tovornjaka:<\/strong> Pol\u017eni menjalniki so bistveni na postajah za nakladanje tovornjakov, kjer se uporabljajo za premikanje \u017eita iz skladi\u0161\u010d ali silosov v tovornjake za nadaljnjo distribucijo. Menjalnik zagotavlja nemoten, hiter in nadzorovan prenos \u017eita.<\/li>\n<li><strong>Ravnanje z razsutim \u017eitom:<\/strong> V obratih, ki se ukvarjajo z ravnanjem z velikimi koli\u010dinami \u017eita, menjalniki pol\u017ea zagotavljajo potreben navor za u\u010dinkovit transport \u017eita, kar zmanj\u0161uje razsipanje in odpadke ter hkrati pove\u010duje prepustnost.<\/li>\n<\/ul>\n<\/li>\n<li><strong>Predelava in mletje \u017eita:<\/strong>\n<ul>\n<li><strong>\u010cistilni sistemi:<\/strong> \u017ditni pol\u017ei, ki jih poganjajo menjalniki, se uporabljajo v \u010distilnih sistemih za premikanje \u017eita skozi razli\u010dne stroje za sejanje, sortiranje in lo\u010devanje. Ti pol\u017ei pomagajo odstraniti ne\u017eelene ostanke in zagotoviti, da so \u017eita pripravljena za mletje ali nadaljnjo predelavo.<\/li>\n<li><strong>Rezkalne enote:<\/strong> Pol\u017eni menjalniki podpirajo tudi transport \u017eita skozi mlinske enote, kjer se \u017eito melje v moko ali predeluje za druge namene. Omogo\u010dajo enakomerno dovajanje \u017eita v mlin\u010dke ali drobilnike.<\/li>\n<\/ul>\n<\/li>\n<li><strong>Uporaba na kmetiji:<\/strong>\n<ul>\n<li><strong>Kmetijski pol\u017ei:<\/strong> Za prevoz \u017eita od kombajnov do skladi\u0161\u010dnih silosov ali prikolic se na kmetijah pogosto uporabljajo menjalniki pol\u017eev. Menjalniki zagotavljajo potreben navor in nadzor za pol\u017ee, zaradi \u010desar so u\u010dinkoviti pri prenosu \u017eita med \u017eetvijo.<\/li>\n<li><strong>Sistemi za \u017eitne silose:<\/strong> Pol\u017eni menjalniki v zalogovnikih za \u017eito olaj\u0161ajo premikanje \u017eita na razli\u010dna obmo\u010dja kmetije ali skladi\u0161\u010dnih prostorov in zagotavljajo, da se \u017eita med prenosom ne po\u0161kodujejo.<\/li>\n<\/ul>\n<\/li>\n<\/ol>\n<p>Z uporabo menjalnikov pol\u017enih transporterjev lahko kmetijski in skladi\u0161\u010dni obrati poenostavijo delovanje, zmanj\u0161ajo obratovalne stro\u0161ke in ohranijo visoke standarde kakovosti \u017eita.<\/p>\n<p><img loading=\"lazy\" decoding=\"async\" class=\"size-full wp-image-3132 aligncenter\" src=\"https:\/\/fmp-components.com\/wp-content\/uploads\/2025\/01\/Grain-Transportation-Gearbox-5.webp\" alt=\"Menjalnik za prevoz \u017eita 5\" width=\"800\" height=\"800\" title=\"\" srcset=\"https:\/\/fmp-components.com\/wp-content\/uploads\/2025\/01\/Grain-Transportation-Gearbox-5.webp 800w, https:\/\/fmp-components.com\/wp-content\/uploads\/2025\/01\/Grain-Transportation-Gearbox-5-480x480.webp 480w\" sizes=\"(min-width: 0px) and (max-width: 480px) 480px, (min-width: 481px) 800px, 100vw\" \/><\/p>\n<h2>Klju\u010dne komponente menjalnika \u017eitnega pol\u017ea<\/h2>\n<p>Menjalnik pol\u017ea za \u017eito je klju\u010dni sestavni del kmetijskih in skladi\u0161\u010dnih sistemov, saj zagotavlja u\u010dinkovito premikanje \u017eita skozi razli\u010dne procese, kot so transport, skladi\u0161\u010denje in mletje. Klju\u010dne komponente menjalnika pol\u017ea za \u017eito so zasnovane za vzdr\u017eljivost, zmogljivost in u\u010dinkovitost. Tukaj so glavne komponente:<\/p>\n<ol>\n<li><strong>Ohi\u0161je (ohi\u0161je menjalnika):<\/strong>\n<ul>\n<li>Zunanje ohi\u0161je ali ohi\u0161je \u0161\u010diti notranje komponente menjalnika. Ohi\u0161je, ki je obi\u010dajno izdelano iz visoko trdnih materialov, kot sta lito \u017eelezo ali trpe\u017eno jeklo, zagotavlja, da menjalnik prenese te\u017eke pogoje kmetijskega okolja, vklju\u010dno z izpostavljenostjo prahu, vlagi in ekstremnim temperaturam.<\/li>\n<\/ul>\n<\/li>\n<li><strong>Vhodna gred:<\/strong>\n<ul>\n<li>Vhodna gred je komponenta, ki prejema energijo iz pogonskega vira (npr. elektromotorja, kardanske gredi traktorja ali motorja). Prena\u0161a rotacijsko gibanje v menjalnik, ki se nato prena\u0161a na mehanizem pol\u017ea. Vhodna gred je zasnovana za prena\u0161anje visokih vrtilnih hitrosti in navornih obremenitev.<\/li>\n<\/ul>\n<\/li>\n<li><strong>Izhodna gred:<\/strong>\n<ul>\n<li>Izhodna gred je povezana s pol\u017eem in prena\u0161a vrtenje, ki ga ustvari menjalnik, na sam pol\u017e. Igra klju\u010dno vlogo pri zagotavljanju nemotenega delovanja pol\u017ea za premikanje \u017eita. Izhodna gred je obi\u010dajno zasnovana z mo\u010dnimi le\u017eaji, ki podpirajo obremenitev in prepre\u010dujejo obrabo med dolgimi delovnimi urami.<\/li>\n<\/ul>\n<\/li>\n<li><strong>Zobniki:<\/strong>\n<ul>\n<li>Zobniki znotraj menjalnika so glavne komponente, odgovorne za pretvorbo vhodnega navora in hitrosti v \u017eeleni izhod. Med pogoste vrste zobnikov, ki se uporabljajo v menjalnikih pol\u017ea za \u017eito, spadajo:\n<ul>\n<li><strong>Vija\u010dni zobniki:<\/strong> Zagotavljajo gladko in tiho delovanje z izbolj\u0161ano u\u010dinkovitostjo.<\/li>\n<li><strong>\u010celni zobniki:<\/strong> Enostavnej\u0161i in stro\u0161kovno u\u010dinkovitej\u0161i, vendar obi\u010dajno hrupnej\u0161i od vija\u010dnih zobnikov.<\/li>\n<li><strong>Sto\u017e\u010dasti zobniki:<\/strong> Uporablja se za spreminjanje smeri vrtenja, pogosto se nahaja v kotnih menjalnikih.<\/li>\n<\/ul>\n<\/li>\n<li>Izbira vrste zobnika je odvisna od zahtevanega navora, hitrosti in vzdr\u017eljivosti.<\/li>\n<\/ul>\n<\/li>\n<li><strong>Le\u017eaji:<\/strong>\n<ul>\n<li>Le\u017eaji podpirajo vrte\u010de se gredi znotraj menjalnika, kar zmanj\u0161uje trenje in zagotavlja nemoteno delovanje. So klju\u010dnega pomena za ohranjanje stabilnosti in zmanj\u0161anje obrabe, zlasti pri velikih obremenitvah. Visokokakovostni le\u017eaji so izbrani za podalj\u0161anje \u017eivljenjske dobe menjalnika in zmanj\u0161anje potrebe po vzdr\u017eevanju.<\/li>\n<\/ul>\n<\/li>\n<\/ol>\n<p>Klju\u010dne komponente menjalnika pol\u017ea za \u017eito delujejo skupaj, da zagotavljajo u\u010dinkovito in zanesljivo delovanje pri ravnanju z \u017eitom in njegovem transportu. Pravilna izbira, vzdr\u017eevanje in mazanje teh komponent so bistveni za zagotovitev optimalne funkcionalnosti in dolge \u017eivljenjske dobe, zaradi \u010desar je menjalnik pol\u017ea za \u017eito bistveni del sodobnih kmetijskih in skladi\u0161\u010dnih operacij.<\/p>\n<p><img loading=\"lazy\" decoding=\"async\" class=\"alignnone size-full wp-image-3133\" src=\"https:\/\/fmp-components.com\/wp-content\/uploads\/2025\/01\/Grain-Transportation-Gearbox-6.webp\" alt=\"Menjalnik za prevoz \u017eita-6\" width=\"1534\" height=\"1286\" title=\"\" srcset=\"https:\/\/fmp-components.com\/wp-content\/uploads\/2025\/01\/Grain-Transportation-Gearbox-6.webp 1534w, https:\/\/fmp-components.com\/wp-content\/uploads\/2025\/01\/Grain-Transportation-Gearbox-6-1280x1073.webp 1280w, https:\/\/fmp-components.com\/wp-content\/uploads\/2025\/01\/Grain-Transportation-Gearbox-6-980x822.webp 980w, https:\/\/fmp-components.com\/wp-content\/uploads\/2025\/01\/Grain-Transportation-Gearbox-6-480x402.webp 480w\" sizes=\"(min-width: 0px) and (max-width: 480px) 480px, (min-width: 481px) and (max-width: 980px) 980px, (min-width: 981px) and (max-width: 1280px) 1280px, (min-width: 1281px) 1534px, 100vw\" \/><\/p>\n<h2>O FMP-ju<\/h2>\n<p>FMP s sede\u017eem v Italiji je vodilni proizvajalec, znan po svojem strokovnem znanju na podro\u010dju na\u010drtovanja, razvoja in proizvodnje visokozmogljivih menjalnikov, s primarnim poudarkom na sektorju kmetijske mehanizacije. Znan po svojem natan\u010dnem in\u017eeniringu, inovativnih re\u0161itvah in neomajni zanesljivosti, si je FMP prislu\u017eil sloves zaupanja vrednega partnerja tako na kmetijskem kot industrijskem trgu. Na\u0161 obse\u017een portfelj vklju\u010duje menjalnike po meri za kosilnice, kardanske gredi in \u0161iroko paleto bistvenih komponent, ki so vse skrbno izdelane za izpolnjevanje posebnih zahtev razli\u010dnih aplikacij.<\/p>\n<p>Pri FMP razumemo, da se vsaka stranka soo\u010da z edinstvenimi izzivi. Zato smo specializirani za zagotavljanje prilagojenih re\u0161itev, bodisi za posamezne komponente bodisi za popolnoma integrirane sisteme. S tesnim sodelovanjem z na\u0161imi strankami zagotavljamo, da vsaka re\u0161itev ne le izpolnjuje njihove potrebe, temve\u010d tudi optimizira delovanje in pove\u010da vrednost. Na\u0161a zavezanost hitrim, profesionalnim odzivom in strokovnemu vodenju zagotavlja, da je vsako povpra\u0161evanje obravnavano natan\u010dno, kar zagotavlja najbolj\u0161e rezultate vsaki\u010d.<\/p>\n<p>Dajemo prednost jasni in neprekinjeni komunikaciji skozi celoten cikel razvoja izdelka. Na\u0161a predana ekipa tesno sodeluje s strankami, da bi temeljito razumela njihove zahteve in jim zagotovila dragocene vpoglede in priporo\u010dila za doseganje optimalnih rezultatov. Ne glede na to, ali na\u010drtujemo najsodobnej\u0161e izdelke ali izpolnjujemo rutinska naro\u010dila, je FMP zavezan k zagotavljanju visokokakovostnih, natan\u010dno izdelanih re\u0161itev pravo\u010dasno in vsaki\u010d. Na\u0161e poslanstvo je dosledno presegati pri\u010dakovanja strank ter zagotavljati izjemne storitve in rezultate pri vsakem projektu.<\/p>\n<p>Kakovost je v sredi\u0161\u010du delovanja podjetja FMP. Spo\u0161tujemo najvi\u0161je proizvodne standarde in izvajamo stroge ukrepe za nadzor kakovosti, da zagotovimo, da vsak izdelek izpolnjuje in pogosto presega industrijske standarde. Ta zavezanost odli\u010dnosti nam je skupaj z na\u0161imi temeljnimi vrednotami integritete, timskega dela in vztrajnosti omogo\u010dila, da smo s strankami v skoraj 30 dr\u017eavah po vsem svetu zgradili dolgotrajne, na zaupanju temelje\u010de odnose.<\/p>\n<p>FMP si vedno prizadeva za globalna partnerstva in ponuja strokovne nasvete ter prilagojene re\u0161itve, ki odgovarjajo na spreminjajo\u010de se potrebe na\u0161ih strank. Prizadevamo si za dolgoro\u010dne, obojestransko koristne odnose, ki prispevajo k uspehu vsakega projekta. Ne glede na to, ali potrebujete inovativne re\u0161itve za novo pobudo ali stalno podporo za obstoje\u010di sistem, vam je FMP pripravljen pomagati premagati tehni\u010dne izzive in zagotoviti va\u0161 nadaljnji uspeh.<\/p>\n<p><img loading=\"lazy\" decoding=\"async\" class=\"alignnone wp-image-2695\" src=\"https:\/\/fmp-components.com\/wp-content\/uploads\/2025\/01\/agricultural-gearbox3.webp\" alt=\"kmetijski menjalnik\" width=\"1140\" height=\"1138\" title=\"\" srcset=\"https:\/\/fmp-components.com\/wp-content\/uploads\/2025\/01\/agricultural-gearbox3.webp 1140w, https:\/\/fmp-components.com\/wp-content\/uploads\/2025\/01\/agricultural-gearbox3-480x479.webp 480w\" sizes=\"(min-width: 0px) and (max-width: 480px) 480px, (min-width: 481px) 1140px, 100vw\" \/><\/p>\n<p>Avtor: CX<\/p>","protected":false},"excerpt":{"rendered":"<p>Grain Auger Gearbox FMP-2390 Specifications Product Name Grain auger gearbox FMP-2390 Material Housing as HT250, Shaft as 20CrMnTi Color Dark or Red or as customized Type Bevel gear Ratio 1:1 Bearing QC or C&amp;U or NTN Warranty one and half year Used grain storage Applications of Grain Auger Gearbox for Grain Storage and Transportation Grain [&hellip;]<\/p>","protected":false},"featured_media":3130,"comment_status":"open","ping_status":"closed","template":"","meta":{"_et_pb_use_builder":"","_et_pb_old_content":"","_et_gb_content_width":""},"product_brand":[],"product_cat":[74],"product_tag":[],"class_list":{"0":"post-3129","1":"product","2":"type-product","3":"status-publish","4":"has-post-thumbnail","6":"product_cat-grain-transportation-gearbox","8":"first","9":"instock","10":"shipping-taxable","11":"product-type-simple"},"_links":{"self":[{"href":"https:\/\/fmp-components.com\/sl\/wp-json\/wp\/v2\/product\/3129","targetHints":{"allow":["GET"]}}],"collection":[{"href":"https:\/\/fmp-components.com\/sl\/wp-json\/wp\/v2\/product"}],"about":[{"href":"https:\/\/fmp-components.com\/sl\/wp-json\/wp\/v2\/types\/product"}],"replies":[{"embeddable":true,"href":"https:\/\/fmp-components.com\/sl\/wp-json\/wp\/v2\/comments?post=3129"}],"wp:featuredmedia":[{"embeddable":true,"href":"https:\/\/fmp-components.com\/sl\/wp-json\/wp\/v2\/media\/3130"}],"wp:attachment":[{"href":"https:\/\/fmp-components.com\/sl\/wp-json\/wp\/v2\/media?parent=3129"}],"wp:term":[{"taxonomy":"product_brand","embeddable":true,"href":"https:\/\/fmp-components.com\/sl\/wp-json\/wp\/v2\/product_brand?post=3129"},{"taxonomy":"product_cat","embeddable":true,"href":"https:\/\/fmp-components.com\/sl\/wp-json\/wp\/v2\/product_cat?post=3129"},{"taxonomy":"product_tag","embeddable":true,"href":"https:\/\/fmp-components.com\/sl\/wp-json\/wp\/v2\/product_tag?post=3129"}],"curies":[{"name":"delovni list","href":"https:\/\/api.w.org\/{rel}","templated":true}]}}