{"id":3123,"date":"2025-01-05T02:34:03","date_gmt":"2025-01-05T02:34:03","guid":{"rendered":"https:\/\/fmp-components.com\/?page_id=8"},"modified":"2025-01-05T02:37:15","modified_gmt":"2025-01-05T02:37:15","slug":"grain-transportation-gearbox-fmp-1001-for-agricultural-grain-transportation","status":"publish","type":"product","link":"https:\/\/fmp-components.com\/sl\/product\/grain-transportation-gearbox-fmp-1001-for-agricultural-grain-transportation\/","title":{"rendered":"Menjalnik za prevoz \u017eita FMP-1001 za prevoz kmetijskega \u017eita"},"content":{"rendered":"<h2>Menjalnik za prevoz \u017eita FMP-1001 Dimenzija<\/h2>\n<p><img loading=\"lazy\" decoding=\"async\" class=\"alignnone size-full wp-image-3127\" src=\"https:\/\/fmp-components.com\/wp-content\/uploads\/2025\/01\/Grain-Transportation-Gearbox-EP-1001-Dimensions.webp\" alt=\"Menjalnik za prevoz \u017eita EP-1001 - Dimenzije\" width=\"891\" height=\"593\" title=\"\" srcset=\"https:\/\/fmp-components.com\/wp-content\/uploads\/2025\/01\/Grain-Transportation-Gearbox-EP-1001-Dimensions.webp 891w, https:\/\/fmp-components.com\/wp-content\/uploads\/2025\/01\/Grain-Transportation-Gearbox-EP-1001-Dimensions-480x319.webp 480w\" sizes=\"(min-width: 0px) and (max-width: 480px) 480px, (min-width: 481px) 891px, 100vw\" \/><\/p>\n<h2>Specifikacije menjalnika za prevoz \u017eita FMP-1001<\/h2>\n<table border=\"1\" width=\"100%\" cellspacing=\"0\" cellpadding=\"0\">\n<tbody>\n<tr>\n<td>Ime izdelka<\/td>\n<td>Menjalnik za prevoz \u017eita<\/td>\n<\/tr>\n<tr>\n<td>Model<\/td>\n<td>EP-1001<\/td>\n<\/tr>\n<tr>\n<td>Barva<\/td>\n<td>Prilagoditev<\/td>\n<\/tr>\n<tr>\n<td>Material<\/td>\n<td>HT250 za ohi\u0161je, 20CrMnTi za gred zobnika.<\/td>\n<\/tr>\n<tr>\n<td>Rabljeno<\/td>\n<td>Prevoz \u017eita<\/td>\n<\/tr>\n<\/tbody>\n<\/table>\n<h3>Prednosti uporabe menjalnika za prevoz \u017eita FMP-1001<\/h3>\n<ol>\n<li><strong>Izbolj\u0161ana u\u010dinkovitost<\/strong>Menjalnik za transport \u017eita FMP-1001 je zasnovan za optimalen prenos mo\u010di, kar zagotavlja nemoteno in u\u010dinkovito premikanje \u017eita. Njegova visoka navorna zmogljivost omogo\u010da u\u010dinkovit transport, skraj\u0161a \u010das izpada in izbolj\u0161a splo\u0161no operativno u\u010dinkovitost.<\/li>\n<li><strong>Trpe\u017ena konstrukcija<\/strong>FMP-1001 je izdelan iz robustnih materialov in zasnovan tako, da prenese te\u017eke delovne pogoje, ki so obi\u010dajni pri prevozu \u017eita. Njegova trpe\u017ena konstrukcija zagotavlja dolgoro\u010dno zanesljivost, tudi pri velikih obremenitvah, kar zagotavlja nizke stro\u0161ke lastni\u0161tva skozi \u010das.<\/li>\n<li><strong>Precizno in\u017eenirstvo<\/strong>Menjalnik je skrbno izdelan z natan\u010dnostjo, da zagotavlja brezhibno integracijo z opremo za ravnanje z \u017eitom. To zagotavlja optimalno delovanje in zmanj\u0161uje verjetnost mehanskih te\u017eav, ki bi lahko motile delovanje.<\/li>\n<li><strong>Prihranki energije<\/strong>U\u010dinkovita zasnova FMP-1001 pomaga zmanj\u0161ati porabo energije, zaradi \u010desar je okolju prijazna izbira za sisteme za prevoz \u017eita. To se odra\u017ea v ni\u017ejih obratovalnih stro\u0161kih in manj\u0161em okoljskem odtisu.<\/li>\n<li><strong>Prilagodljive re\u0161itve<\/strong>FMP ponuja fleksibilnost pri prilagajanju FMP-1001 specifi\u010dnim zahtevam in zagotavlja prilagojene re\u0161itve, ki optimizirajo delovanje menjalnika za razli\u010dne potrebe ravnanja in transporta \u017eita.<\/li>\n<\/ol>\n<p><img loading=\"lazy\" decoding=\"async\" class=\"alignnone size-full wp-image-3128\" src=\"https:\/\/fmp-components.com\/wp-content\/uploads\/2025\/01\/Grain-Transportation-Gearbox-11.webp\" alt=\"Menjalnik za prevoz \u017eita-11\" width=\"1534\" height=\"1286\" title=\"\" srcset=\"https:\/\/fmp-components.com\/wp-content\/uploads\/2025\/01\/Grain-Transportation-Gearbox-11.webp 1534w, https:\/\/fmp-components.com\/wp-content\/uploads\/2025\/01\/Grain-Transportation-Gearbox-11-1280x1073.webp 1280w, https:\/\/fmp-components.com\/wp-content\/uploads\/2025\/01\/Grain-Transportation-Gearbox-11-980x822.webp 980w, https:\/\/fmp-components.com\/wp-content\/uploads\/2025\/01\/Grain-Transportation-Gearbox-11-480x402.webp 480w\" sizes=\"(min-width: 0px) and (max-width: 480px) 480px, (min-width: 481px) and (max-width: 980px) 980px, (min-width: 981px) and (max-width: 1280px) 1280px, (min-width: 1281px) 1534px, 100vw\" \/><\/p>\n<h3>Uporaba menjalnika za prevoz \u017eita FMP-1001<\/h3>\n<ol>\n<li><strong>\u017ditni silos<\/strong>Menjalnik FMP-1001 je idealen za uporabo v silosih za \u017eito, kjer olaj\u0161a dvigovanje in transport \u017eita z ni\u017ejih nivojev v skladi\u0161\u010dne silose ali predelovalne prostore, kar zagotavlja nemoteno in u\u010dinkovito delovanje.<\/li>\n<li><strong>Transportni sistemi<\/strong>Menjalnik FMP-1001, ki se uporablja v sistemih za transport \u017eita, pomaga pri premikanju razsutega \u017eita na dolge razdalje znotraj obratov za ravnanje z \u017eitom, kar zagotavlja enakomeren in zanesljiv pretok.<\/li>\n<li><strong>Nalaganje in razkladanje silosov<\/strong>Menjalnik FMP-1001 je bistvenega pomena za delovanje sistemov za nakladanje in razkladanje silosov, saj omogo\u010da u\u010dinkovit prenos \u017eita v skladi\u0161\u010dne silose in iz njih z minimalnim tveganjem za po\u0161kodbe \u017eita.<\/li>\n<li><strong>Su\u0161ilniki \u017eita<\/strong>V sistemih za su\u0161enje \u017eita se FMP-1001 uporablja za pogon transporterjev, ki preva\u017eajo \u017eita skozi su\u0161ilne enote, s \u010dimer se zagotavlja, da so \u017eita pravilno posu\u0161ena in preme\u0161\u010dena skozi postopek.<\/li>\n<li><strong>Tovornjaki za prevoz \u017eita<\/strong>Menjalnik je mogo\u010de vgraditi v tovornjake ali priklopnike za prevoz \u017eita, kar izbolj\u0161a delovanje sistema za razkladanje in pove\u010da u\u010dinkovitost transportnega procesa.<\/li>\n<\/ol>\n<p><img loading=\"lazy\" decoding=\"async\" class=\"alignnone size-full wp-image-3096\" src=\"https:\/\/fmp-components.com\/wp-content\/uploads\/2025\/01\/Grain-Storage-Gearbox-28.webp\" alt=\"Menjalnik za skladi\u0161\u010denje \u017eita\" width=\"1200\" height=\"950\" title=\"\" srcset=\"https:\/\/fmp-components.com\/wp-content\/uploads\/2025\/01\/Grain-Storage-Gearbox-28.webp 1200w, https:\/\/fmp-components.com\/wp-content\/uploads\/2025\/01\/Grain-Storage-Gearbox-28-980x776.webp 980w, https:\/\/fmp-components.com\/wp-content\/uploads\/2025\/01\/Grain-Storage-Gearbox-28-480x380.webp 480w\" sizes=\"(min-width: 0px) and (max-width: 480px) 480px, (min-width: 481px) and (max-width: 980px) 980px, (min-width: 981px) 1200px, 100vw\" \/><\/p>\n<h3>O FMP-ju<\/h3>\n<p>FMP s sede\u017eem v Italiji je ugleden proizvajalec, znan po svojem strokovnem znanju na podro\u010dju na\u010drtovanja, razvoja in proizvodnje visokozmogljivih menjalnikov, s primarnim poudarkom na kmetijski mehanizaciji. Znan po svojem natan\u010dnem in\u017eeniringu, inovativnih re\u0161itvah in neomajni zanesljivosti, si je FMP prislu\u017eil zaupanja vreden sloves tako v kmetijskem kot industrijskem sektorju. Na\u0161 obse\u017een portfelj izdelkov vklju\u010duje menjalnike po meri za kosilnice, kardanske gredi in razli\u010dne bistvene komponente, ki so vse skrbno zasnovane za izpolnjevanje posebnih potreb razli\u010dnih aplikacij.<\/p>\n<p>Pri FMP se zavedamo, da se vsaka stranka soo\u010da z edinstvenimi izzivi. Zato smo specializirani za zagotavljanje prilagojenih re\u0161itev \u2013 bodisi za posamezne komponente bodisi za popolnoma integrirane sisteme. S tesnim sodelovanjem z na\u0161imi strankami zagotavljamo, da vsaka re\u0161itev ne le zadovolji njihove potrebe, temve\u010d tudi izbolj\u0161a u\u010dinkovitost in pove\u010da vrednost. Na\u0161a zavezanost pravo\u010dasnim, profesionalnim odgovorom in strokovnemu vodenju zagotavlja, da se vsako povpra\u0161evanje obravnava natan\u010dno in dosledno zagotavlja optimalne rezultate.<\/p>\n<p>Poudarek dajemo jasni in neprekinjeni komunikaciji skozi celoten cikel razvoja izdelka. Na\u0161a predana ekipa sodeluje s strankami, da bi v celoti razumela njihove zahteve in ponudila dragocene vpoglede in priporo\u010dila za doseganje najbolj\u0161ih mo\u017enih rezultatov. Ne glede na to, ali na\u010drtuje najsodobnej\u0161e izdelke ali izpolnjuje rutinska naro\u010dila, je FMP zavezan k zagotavljanju visokokakovostnih, natan\u010dno izdelanih re\u0161itev, pravo\u010dasno in dosledno. Na\u0161 cilj je dosledno presegati pri\u010dakovanja strank ter zagotavljati izjemne storitve in rezultate pri vsakem projektu.<\/p>\n<p>Kakovost je temelj vsega, kar po\u010dnemo pri FMP. Dr\u017eimo se najvi\u0161jih proizvodnih standardov in izvajamo stroge postopke nadzora kakovosti, da zagotovimo, da vsak izdelek ne le izpolnjuje, ampak tudi presega industrijske standarde. Ta zavezanost odli\u010dnosti, skupaj z na\u0161imi temeljnimi vrednotami integritete, timskega dela in vztrajnosti, nam je omogo\u010dila, da smo zgradili trajne, zaupanja vredne odnose s strankami v skoraj 30 dr\u017eavah po vsem svetu.<\/p>\n<p>FMP si vedno prizadeva za sklepanje globalnih partnerstev in ponuja strokovne nasvete ter prilagojene re\u0161itve, ki odgovarjajo na spreminjajo\u010de se potrebe na\u0161ih strank. Prizadevamo si za dolgoro\u010dne, obojestransko koristne odnose, ki prispevajo k uspehu vsakega projekta. Ne glede na to, ali i\u0161\u010dete inovativne re\u0161itve za novo pobudo ali potrebujete stalno podporo za obstoje\u010di sistem, vam je FMP pripravljen pomagati pri re\u0161evanju tehni\u010dnih izzivov in zagotoviti va\u0161 nadaljnji uspeh.<\/p>\n<p><img loading=\"lazy\" decoding=\"async\" class=\"alignnone wp-image-2695\" src=\"https:\/\/fmp-components.com\/wp-content\/uploads\/2025\/01\/agricultural-gearbox3.webp\" alt=\"kmetijski menjalnik\" width=\"1140\" height=\"1138\" title=\"\" srcset=\"https:\/\/fmp-components.com\/wp-content\/uploads\/2025\/01\/agricultural-gearbox3.webp 1140w, https:\/\/fmp-components.com\/wp-content\/uploads\/2025\/01\/agricultural-gearbox3-480x479.webp 480w\" sizes=\"(min-width: 0px) and (max-width: 480px) 480px, (min-width: 481px) 1140px, 100vw\" \/><\/p>\n<p>Avtor: CX<\/p>","protected":false},"excerpt":{"rendered":"<p>Grain Transportation Gearbox FMP-1001 Dimension Grain Transportation Gearbox FMP-1001 Specifications Product Name Grain transportation gearbox Model EP-1001 Color Customization Material HT250 for housing, 20CrMnTi for gear shaft. Used Grain transportation transmission Advantages of Using Grain Transportation Gearbox FMP-1001 Enhanced Efficiency: The FMP-1001 Grain Transportation Gearbox is engineered for optimal power transmission, ensuring smooth and efficient [&hellip;]<\/p>","protected":false},"featured_media":3126,"comment_status":"open","ping_status":"closed","template":"","meta":{"_et_pb_use_builder":"","_et_pb_old_content":"","_et_gb_content_width":""},"product_brand":[],"product_cat":[74],"product_tag":[],"class_list":{"0":"post-3123","1":"product","2":"type-product","3":"status-publish","4":"has-post-thumbnail","6":"product_cat-grain-transportation-gearbox","8":"first","9":"instock","10":"shipping-taxable","11":"product-type-simple"},"_links":{"self":[{"href":"https:\/\/fmp-components.com\/sl\/wp-json\/wp\/v2\/product\/3123","targetHints":{"allow":["GET"]}}],"collection":[{"href":"https:\/\/fmp-components.com\/sl\/wp-json\/wp\/v2\/product"}],"about":[{"href":"https:\/\/fmp-components.com\/sl\/wp-json\/wp\/v2\/types\/product"}],"replies":[{"embeddable":true,"href":"https:\/\/fmp-components.com\/sl\/wp-json\/wp\/v2\/comments?post=3123"}],"wp:featuredmedia":[{"embeddable":true,"href":"https:\/\/fmp-components.com\/sl\/wp-json\/wp\/v2\/media\/3126"}],"wp:attachment":[{"href":"https:\/\/fmp-components.com\/sl\/wp-json\/wp\/v2\/media?parent=3123"}],"wp:term":[{"taxonomy":"product_brand","embeddable":true,"href":"https:\/\/fmp-components.com\/sl\/wp-json\/wp\/v2\/product_brand?post=3123"},{"taxonomy":"product_cat","embeddable":true,"href":"https:\/\/fmp-components.com\/sl\/wp-json\/wp\/v2\/product_cat?post=3123"},{"taxonomy":"product_tag","embeddable":true,"href":"https:\/\/fmp-components.com\/sl\/wp-json\/wp\/v2\/product_tag?post=3123"}],"curies":[{"name":"delovni list","href":"https:\/\/api.w.org\/{rel}","templated":true}]}}