{"id":3119,"date":"2025-01-05T02:26:27","date_gmt":"2025-01-05T02:26:27","guid":{"rendered":"https:\/\/fmp-components.com\/?page_id=8"},"modified":"2025-01-05T02:26:27","modified_gmt":"2025-01-05T02:26:27","slug":"grain-transportation-gearbox-fmp-1002-for-agricultural-grain-transportation","status":"publish","type":"product","link":"https:\/\/fmp-components.com\/sl\/product\/grain-transportation-gearbox-fmp-1002-for-agricultural-grain-transportation\/","title":{"rendered":"Menjalnik za prevoz \u017eita FMP-1002 za prevoz kmetijskega \u017eita"},"content":{"rendered":"<h2>Specifikacije menjalnika za prevoz \u017eita FMP-1002<\/h2>\n<table border=\"1\" width=\"100%\" cellspacing=\"0\" cellpadding=\"0\">\n<tbody>\n<tr>\n<td>Ime izdelka<\/td>\n<td>Menjalnik za prevoz \u017eita<\/td>\n<\/tr>\n<tr>\n<td>Model<\/td>\n<td>EP-1002<\/td>\n<\/tr>\n<tr>\n<td>Barva<\/td>\n<td>Prilagoditev<\/td>\n<\/tr>\n<tr>\n<td>Material<\/td>\n<td>HT250 za ohi\u0161je, 20CrMnTi za gred zobnika.<\/td>\n<\/tr>\n<tr>\n<td>Rabljeno<\/td>\n<td>Prevoz \u017eita<\/td>\n<\/tr>\n<\/tbody>\n<\/table>\n<h2>Klju\u010dne komponente menjalnika za prevoz \u017eita FMP-1002<\/h2>\n<p>Menjalnik za transport \u017eita FMP-1002 je zasnovan za optimalno delovanje sistemov za transport \u017eita, kot so transporterji in pol\u017ei. Klju\u010dne komponente tega menjalnika vklju\u010dujejo:<\/p>\n<p><strong>1. Stanovanje:<\/strong><\/p>\n<ul>\n<li>Material: Ohi\u0161je, ki je obi\u010dajno izdelano iz visokokakovostnega litega \u017eeleza ali trpe\u017enih zlitin, slu\u017ei kot glavni za\u0161\u010ditni ovoj za notranje komponente.<\/li>\n<li>Funkcija: Zagotavlja strukturno oporo in za\u0161\u010dito pred zunanjo obrabo, hkrati pa zagotavlja pravilno poravnavo notranjih zobnikov.<\/li>\n<\/ul>\n<p><strong>2. Zobniki:<\/strong><\/p>\n<ul>\n<li>Vija\u010dni zobniki: Vija\u010dni zobniki, ki se pogosto uporabljajo zaradi svoje u\u010dinkovitosti in ti\u0161jega delovanja, ponujajo bolj gladke prehode med zobmi, kar zmanj\u0161uje hrup in izbolj\u0161uje splo\u0161no delovanje menjalnika.<\/li>\n<li>Sto\u017e\u010dasti zobniki: V nekaterih izvedbah se uporabljajo za spreminjanje smeri pretoka mo\u010di, sto\u017e\u010dasti zobniki pa omogo\u010dajo delovanje menjalnika pod kotom, kar omogo\u010da vsestransko uporabo.<\/li>\n<li>Material: Zobniki so pogosto izdelani iz kaljenega jekla ali drugih trpe\u017enih materialov, da prenesejo visok navor in mehanske obremenitve, ki nastanejo med delovanjem.<\/li>\n<\/ul>\n<p><strong>3. Gredi:<\/strong><\/p>\n<ul>\n<li>Vhodna in izhodna gred: Te gredi so glavna mehanska povezava med motorjem, menjalnikom in sistemom za transport \u017eita.<\/li>\n<li>Material: Kaljene jeklene gredi zagotavljajo trdnost in dolgo \u017eivljenjsko dobo pri velikih obremenitvah.<\/li>\n<\/ul>\n<p><strong>4. Le\u017eaji:<\/strong><\/p>\n<ul>\n<li>Valj\u010dni le\u017eaji ali krogli\u010dni le\u017eaji: Le\u017eaji zmanj\u0161ujejo trenje med vrte\u010dimi se deli, kar zagotavlja nemoteno delovanje in zmanj\u0161uje obrabo.<\/li>\n<li>Funkcija: Le\u017eaji podpirajo vrte\u010de se komponente, kar omogo\u010da prosto in u\u010dinkovito vrtenje zobnikov in gredi, hkrati pa ohranja pravilno poravnavo.<\/li>\n<\/ul>\n<p><strong>5. Tesnila in tesnila:<\/strong><\/p>\n<ul>\n<li>Funkcija: Prepre\u010duje pu\u0161\u010danje maziva in \u0161\u010diti notranje komponente pred onesna\u017eevalci, kot so prah, umazanija in vlaga. Tesnila pomagajo ohranjati u\u010dinkovitost menjalnika in prepre\u010dujejo prezgodnjo obrabo.<\/li>\n<\/ul>\n<p>Z zdru\u017eitvijo teh komponent menjalnik za transport \u017eita FMP-1002 zagotavlja zanesljiv in u\u010dinkovit prenos mo\u010di za sisteme za transport \u017eita, kar zagotavlja nemoteno in dosledno delovanje tudi pri velikih obremenitvah.<\/p>\n<h2><img loading=\"lazy\" decoding=\"async\" class=\"alignnone size-full wp-image-3120\" src=\"https:\/\/fmp-components.com\/wp-content\/uploads\/2025\/01\/Grain-Transportation-Gearbox-3.webp\" alt=\"Menjalnik za prevoz \u017eita 3\" width=\"1534\" height=\"1286\" title=\"\" srcset=\"https:\/\/fmp-components.com\/wp-content\/uploads\/2025\/01\/Grain-Transportation-Gearbox-3.webp 1534w, https:\/\/fmp-components.com\/wp-content\/uploads\/2025\/01\/Grain-Transportation-Gearbox-3-1280x1073.webp 1280w, https:\/\/fmp-components.com\/wp-content\/uploads\/2025\/01\/Grain-Transportation-Gearbox-3-980x822.webp 980w, https:\/\/fmp-components.com\/wp-content\/uploads\/2025\/01\/Grain-Transportation-Gearbox-3-480x402.webp 480w\" sizes=\"(min-width: 0px) and (max-width: 480px) 480px, (min-width: 481px) and (max-width: 980px) 980px, (min-width: 981px) and (max-width: 1280px) 1280px, (min-width: 1281px) 1534px, 100vw\" \/>\u00a0Uporaba menjalnika za prevoz \u017eita FMP-1002<\/h2>\n<p>Menjalnik za transport \u017eita FMP-1002 je zasnovan za optimalno delovanje v razli\u010dnih kmetijskih in industrijskih aplikacijah, kjer je potreben prevoz \u017eita in drugih razsutih materialov. Zaradi zanesljivega prenosa mo\u010di in vzdr\u017eljivosti je idealen za naslednje klju\u010dne aplikacije:<\/p>\n<p><strong>1. \u017ditni silos<\/strong><\/p>\n<ul>\n<li>Uporaba: Uporablja se v silosih za \u017eito za dvigovanje in premikanje \u017eita z ene ravni na drugo.<\/li>\n<li>Vloga: Menjalnik prena\u0161a mo\u010d iz motorja na transportni sistem dvigala, kar omogo\u010da vertikalni transport \u017eita znotraj skladi\u0161\u010dnih ali predelovalnih obratov.<\/li>\n<\/ul>\n<p><strong>2. Transportni sistemi<\/strong><\/p>\n<ul>\n<li>Uporaba: Menjalniki za transport \u017eita so bistveni v transportnih sistemih, ki se obi\u010dajno uporabljajo za prenos \u017eita na razdalje znotraj predelovalnih obratov, silosov ali skladi\u0161\u010dnih prostorov.<\/li>\n<li>Vloga: Menjalnik poganja teko\u010di trak, kar zagotavlja nemoteno in enakomerno gibanje \u017eita na razli\u010dnih razdaljah in skozi razli\u010dne faze predelave.<\/li>\n<\/ul>\n<p><strong>3. Pol\u017eni in pol\u017eni transporterji<\/strong><\/p>\n<ul>\n<li>Uporaba: Uporablja se v pol\u017enih transporterjih in pol\u017enih transporterjih za u\u010dinkovito premikanje \u017eita in drugih razsutih materialov v kmetijstvu in industriji.<\/li>\n<li>Vloga: Menjalnik poganja vija\u010dni mehanizem, ki omogo\u010da transport \u017eita iz enega zabojnika v drugega ali med razli\u010dnimi fazami predelovalne linije.<\/li>\n<\/ul>\n<p><strong>4. Oprema za \u017eetev \u017eita<\/strong><\/p>\n<ul>\n<li>Uporaba: Menjalnik, vgrajen v kombajne in druge stroje za \u017eetev \u017eita, omogo\u010da prenos po\u017eetega \u017eita iz zbirnega prostora v skladi\u0161\u010dni prostor ali silos.<\/li>\n<li>Vloga: Menjalnik pomaga pri pogonu transporterjev, pol\u017eev ali drugih komponent za prevoz \u017eita v \u017eetvenem stroju, kar zagotavlja hitro in u\u010dinkovito razkladanje \u017eita.<\/li>\n<\/ul>\n<p><strong>5. Sistemi za skladi\u0161\u010denje \u017eita<\/strong><\/p>\n<ul>\n<li>Uporaba: Uporablja se v sistemih za skladi\u0161\u010denje \u017eita, zlasti za prevoz \u017eita v silose ali skladi\u0161\u010dne zabojnike.<\/li>\n<li>Vloga: Menjalnik poganja transportne trakove ali pol\u017ene sisteme, kar zagotavlja nemoten prenos in skladi\u0161\u010denje \u017eita znotraj objekta.<\/li>\n<\/ul>\n<p>Menjalnik za transport \u017eita FMP-1002 je vsestranska in u\u010dinkovita komponenta, ki se pogosto uporablja v kmetijskem sektorju in zagotavlja nemoten, dosleden in zanesljiv prevoz \u017eita in razsutih materialov v razli\u010dnih sistemih.<\/p>\n<p><img loading=\"lazy\" decoding=\"async\" class=\"alignnone size-full wp-image-3096\" src=\"https:\/\/fmp-components.com\/wp-content\/uploads\/2025\/01\/Grain-Storage-Gearbox-28.webp\" alt=\"Menjalnik za skladi\u0161\u010denje \u017eita\" width=\"1200\" height=\"950\" title=\"\" srcset=\"https:\/\/fmp-components.com\/wp-content\/uploads\/2025\/01\/Grain-Storage-Gearbox-28.webp 1200w, https:\/\/fmp-components.com\/wp-content\/uploads\/2025\/01\/Grain-Storage-Gearbox-28-980x776.webp 980w, https:\/\/fmp-components.com\/wp-content\/uploads\/2025\/01\/Grain-Storage-Gearbox-28-480x380.webp 480w\" sizes=\"(min-width: 0px) and (max-width: 480px) 480px, (min-width: 481px) and (max-width: 980px) 980px, (min-width: 981px) 1200px, 100vw\" \/><\/p>\n<h3>O FMP-ju<\/h3>\n<p>FMP s sede\u017eem v Italiji je ugleden proizvajalec, priznan po svojem strokovnem znanju pri na\u010drtovanju, razvoju in proizvodnji visokozmogljivih menjalnikov, s primarnim poudarkom na sektorju kmetijske mehanizacije. FMP, znan po svojem natan\u010dnem in\u017eeniringu, inovativnih re\u0161itvah in dosledni zanesljivosti, si je ustvaril dober sloves zaupanja vrednega partnerja tako na kmetijskem kot industrijskem trgu. Na\u0161 raznolik portfelj vklju\u010duje menjalnike po meri za kosilnice, kardanske gredi in \u0161iroko paleto drugih klju\u010dnih komponent, od katerih je vsaka skrbno zasnovana za izpolnjevanje posebnih zahtev razli\u010dnih aplikacij.<\/p>\n<p>Pri FMP se zavedamo, da se vsaka stranka soo\u010da z edinstvenimi izzivi. To razumevanje nas spodbuja k zagotavljanju prilagojenih re\u0161itev, bodisi za posamezne komponente bodisi za popolnoma integrirane sisteme. S tesnim sodelovanjem z na\u0161imi strankami zagotavljamo, da vsaka re\u0161itev ne le izpolnjuje njihove specifi\u010dne potrebe, temve\u010d tudi optimizira delovanje in pove\u010da vrednost. Na\u0161a predanost pravo\u010dasnim, profesionalnim odzivom in strokovnemu vodenju zagotavlja, da se vsako povpra\u0161evanje obravnava natan\u010dno in dosledno zagotavlja optimalne rezultate.<\/p>\n<p>Velik poudarek dajemo transparentni in stalni komunikaciji skozi celoten cikel razvoja izdelka. Na\u0161a predana ekipa tesno sodeluje s strankami, da bi v celoti razumela njihove zahteve in jim zagotovila dragocene vpoglede in priporo\u010dila za doseganje najbolj\u0161ih rezultatov. Ne glede na to, ali na\u010drtujemo najsodobnej\u0161e izdelke ali izpolnjujemo rutinska naro\u010dila, je FMP zavezan k zagotavljanju visokokakovostnih, natan\u010dno izdelanih re\u0161itev pravo\u010dasno in vsaki\u010d. Na\u0161 cilj je prese\u010di pri\u010dakovanja strank ter zagotoviti izjemne storitve in rezultate pri vsakem projektu.<\/p>\n<p>V sredi\u0161\u010du delovanja podjetja FMP je neomajna zavezanost kakovosti. Dr\u017eimo se najvi\u0161jih proizvodnih standardov in izvajamo stroge postopke nadzora kakovosti, da zagotovimo, da vsak izdelek ne le izpolnjuje, ampak tudi presega industrijske standarde. Ta neomajna osredoto\u010denost na odli\u010dnost, skupaj z na\u0161imi temeljnimi vrednotami integritete, timskega dela in vztrajnosti, nam je omogo\u010dila, da smo s strankami v skoraj 30 dr\u017eavah po vsem svetu zgradili dolgotrajne, na zaupanju temelje\u010de odnose.<\/p>\n<p>V podjetju FMP si vedno prizadevamo za spodbujanje globalnih partnerstev s strokovnim svetovanjem in prilagojenimi re\u0161itvami, ki odgovarjajo na nenehno spreminjajo\u010de se potrebe na\u0161ih strank. Prizadevamo si za gradnjo dolgoro\u010dnih, obojestransko koristnih odnosov, ki prispevajo k uspehu vsakega projekta. Ne glede na to, ali i\u0161\u010dete inovativne re\u0161itve za novo pobudo ali stalno podporo za obstoje\u010di sistem, vam je FMP pripravljen pomagati premagati tehni\u010dne izzive in zagotoviti va\u0161 nadaljnji uspeh.<\/p>\n<p><img loading=\"lazy\" decoding=\"async\" class=\"alignnone wp-image-2695\" src=\"https:\/\/fmp-components.com\/wp-content\/uploads\/2025\/01\/agricultural-gearbox3.webp\" alt=\"kmetijski menjalnik\" width=\"1140\" height=\"1138\" title=\"\" srcset=\"https:\/\/fmp-components.com\/wp-content\/uploads\/2025\/01\/agricultural-gearbox3.webp 1140w, https:\/\/fmp-components.com\/wp-content\/uploads\/2025\/01\/agricultural-gearbox3-480x479.webp 480w\" sizes=\"(min-width: 0px) and (max-width: 480px) 480px, (min-width: 481px) 1140px, 100vw\" \/><\/p>\n<p>Avtor: CX<\/p>\n<p>&nbsp;<\/p>\n<p>&nbsp;<\/p>","protected":false},"excerpt":{"rendered":"<p>Grain Transportation Gearbox FMP-1002 Specifications Product Name Grain transportation gearbox Model EP-1002 Color Customization Material HT250 for housing, 20CrMnTi for gear shaft. Used Grain transportation Key Components of Grain Transportation Gearbox FMP-1002 The Grain Transportation Gearbox FMP-1002 is designed to provide optimal performance for grain transportation systems, such as conveyors and augers. Key components of [&hellip;]<\/p>","protected":false},"featured_media":3121,"comment_status":"open","ping_status":"closed","template":"","meta":{"_et_pb_use_builder":"","_et_pb_old_content":"","_et_gb_content_width":""},"product_brand":[],"product_cat":[74],"product_tag":[],"class_list":{"0":"post-3119","1":"product","2":"type-product","3":"status-publish","4":"has-post-thumbnail","6":"product_cat-grain-transportation-gearbox","8":"first","9":"instock","10":"shipping-taxable","11":"product-type-simple"},"_links":{"self":[{"href":"https:\/\/fmp-components.com\/sl\/wp-json\/wp\/v2\/product\/3119","targetHints":{"allow":["GET"]}}],"collection":[{"href":"https:\/\/fmp-components.com\/sl\/wp-json\/wp\/v2\/product"}],"about":[{"href":"https:\/\/fmp-components.com\/sl\/wp-json\/wp\/v2\/types\/product"}],"replies":[{"embeddable":true,"href":"https:\/\/fmp-components.com\/sl\/wp-json\/wp\/v2\/comments?post=3119"}],"wp:featuredmedia":[{"embeddable":true,"href":"https:\/\/fmp-components.com\/sl\/wp-json\/wp\/v2\/media\/3121"}],"wp:attachment":[{"href":"https:\/\/fmp-components.com\/sl\/wp-json\/wp\/v2\/media?parent=3119"}],"wp:term":[{"taxonomy":"product_brand","embeddable":true,"href":"https:\/\/fmp-components.com\/sl\/wp-json\/wp\/v2\/product_brand?post=3119"},{"taxonomy":"product_cat","embeddable":true,"href":"https:\/\/fmp-components.com\/sl\/wp-json\/wp\/v2\/product_cat?post=3119"},{"taxonomy":"product_tag","embeddable":true,"href":"https:\/\/fmp-components.com\/sl\/wp-json\/wp\/v2\/product_tag?post=3119"}],"curies":[{"name":"delovni list","href":"https:\/\/api.w.org\/{rel}","templated":true}]}}