{"id":3110,"date":"2025-01-05T01:34:53","date_gmt":"2025-01-05T01:34:53","guid":{"rendered":"https:\/\/fmp-components.com\/?page_id=8"},"modified":"2025-01-05T01:34:53","modified_gmt":"2025-01-05T01:34:53","slug":"grain-storage-gearbox-fmp-1003-for-agricultural-grain-storage","status":"publish","type":"product","link":"https:\/\/fmp-components.com\/sl\/product\/grain-storage-gearbox-fmp-1003-for-agricultural-grain-storage\/","title":{"rendered":"Menjalnik za shranjevanje \u017eita FMP-1003 za skladi\u0161\u010denje kmetijskega \u017eita"},"content":{"rendered":"<p><img loading=\"lazy\" decoding=\"async\" class=\"size-full wp-image-3111 aligncenter\" src=\"https:\/\/fmp-components.com\/wp-content\/uploads\/2025\/01\/Grain-Transportation-Gearbox-4.webp\" alt=\"Menjalnik za prevoz \u017eita 4\" width=\"800\" height=\"800\" title=\"\" srcset=\"https:\/\/fmp-components.com\/wp-content\/uploads\/2025\/01\/Grain-Transportation-Gearbox-4.webp 800w, https:\/\/fmp-components.com\/wp-content\/uploads\/2025\/01\/Grain-Transportation-Gearbox-4-480x480.webp 480w\" sizes=\"(min-width: 0px) and (max-width: 480px) 480px, (min-width: 481px) 800px, 100vw\" \/><\/p>\n<h2>Specifikacije menjalnika za shranjevanje \u017eita FMP-1003<\/h2>\n<table style=\"width: 100%; height: 115px;\" border=\"1\" width=\"100%\" cellspacing=\"0\" cellpadding=\"0\">\n<tbody>\n<tr class=\"firstRow\" style=\"height: 23px;\">\n<td style=\"height: 23px;\">Ime izdelka<\/td>\n<td style=\"height: 23px;\">Menjalnik za shranjevanje \u017eita<\/td>\n<\/tr>\n<tr style=\"height: 23px;\">\n<td style=\"height: 23px;\">Model<\/td>\n<td style=\"height: 23px;\">FMP-1003<\/td>\n<\/tr>\n<tr style=\"height: 23px;\">\n<td style=\"height: 23px;\">Barva<\/td>\n<td style=\"height: 23px;\">Prilagoditev<\/td>\n<\/tr>\n<tr style=\"height: 23px;\">\n<td style=\"height: 23px;\">Material<\/td>\n<td style=\"height: 23px;\">HT250 za ohi\u0161je, 20CrMnTi za gred zobnika.<\/td>\n<\/tr>\n<tr style=\"height: 23px;\">\n<td style=\"height: 23px;\">Rabljeno<\/td>\n<td style=\"height: 23px;\">Skladi\u0161\u010denje \u017eita<\/td>\n<\/tr>\n<\/tbody>\n<\/table>\n<h2>Prednosti uporabe menjalnika za shranjevanje \u017eita<\/h2>\n<ol>\n<li><strong>Izbolj\u0161ana operativna u\u010dinkovitost<\/strong><br \/>\nMenjalniki za skladi\u0161\u010denje \u017eita so zasnovani za optimizacijo gibanja in ravnanja z \u017eitom. Zagotavljajo nemoteno delovanje sistema za skladi\u0161\u010denje \u017eita, kar zmanj\u0161uje \u010das izpadov in pove\u010duje prepustnost. Z zagotavljanjem zanesljivega in u\u010dinkovitega prenosa mo\u010di ti menjalniki pomagajo vzdr\u017eevati neprekinjeno delovanje v skladi\u0161\u010dih \u017eita.<\/li>\n<li><strong>Vzdr\u017eljivost in dolgo\u017eivost<\/strong><br \/>\nMenjalniki za skladi\u0161\u010denje \u017eita so izdelani tako, da prenesejo te\u017eke kmetijske pogoje, vklju\u010dno s te\u017ekimi obremenitvami, prahom in vlago. Njihova robustna konstrukcija zagotavlja dolgo \u017eivljenjsko dobo in zmanj\u0161uje potrebo po pogostih popravilih ali zamenjavah. Ta vzdr\u017eljivost se odra\u017ea v ni\u017ejih stro\u0161kih vzdr\u017eevanja in dalj\u0161em \u010dasu delovanja.<\/li>\n<li><strong>Natan\u010den nadzor in prilagodljivost<\/strong><br \/>\nMenjalniki, ki se uporabljajo v sistemih za skladi\u0161\u010denje \u017eita, ponujajo natan\u010den nadzor nad hitrostjo in navorom, kar je klju\u010dnega pomena za u\u010dinkovito ravnanje z \u017eitom. Ta prilagodljivost omogo\u010da prilagojeno delovanje, zaradi \u010desar je sistem bolj vsestranski in sposoben ravnanja z razli\u010dnimi vrstami, koli\u010dinami in pogoji skladi\u0161\u010denja \u017eita.<\/li>\n<li><strong>Energetska u\u010dinkovitost<\/strong><br \/>\nSodobni menjalniki za skladi\u0161\u010denje \u017eita so zasnovani z mislijo na energetsko u\u010dinkovitost. Z zmanj\u0161anjem izgub energije pri prenosu mo\u010di ti menjalniki pomagajo zni\u017eati obratovalne stro\u0161ke. To je \u0161e posebej pomembno za obse\u017ena skladi\u0161\u010denja \u017eita, kjer je poraba energije lahko pomemben del skupnih stro\u0161kov.<\/li>\n<li><strong>Izbolj\u0161ano ohranjanje kakovosti zrn<\/strong><br \/>\nNemoteno in dosledno delovanje opreme za ravnanje z \u017eitom, ki ga omogo\u010dajo visokokakovostni menjalniki, pomaga prepre\u010devati po\u0161kodbe \u017eita. Pravilno ravnanje in manj\u0161e lomljenje zrna prispevata k bolj\u0161emu ohranjanju kakovosti \u017eita, kar zagotavlja, da skladi\u0161\u010deno \u017eito ohrani svojo tr\u017eno vrednost in hranilno vrednost.<\/li>\n<\/ol>\n<p>Skratka, uporaba menjalnikov za skladi\u0161\u010denje \u017eita bistveno izbolj\u0161a delovanje, u\u010dinkovitost in varnost sistemov za ravnanje z \u017eitom. Prispevajo k bolj\u0161emu ohranjanju \u017eita, zmanj\u0161anju obratovalnih stro\u0161kov in podalj\u0161anju \u017eivljenjske dobe sistema, zaradi \u010desar so klju\u010dni sestavni del sodobnih operacij skladi\u0161\u010denja \u017eita.<\/p>\n<p><img loading=\"lazy\" decoding=\"async\" class=\"alignnone size-full wp-image-3114\" src=\"https:\/\/fmp-components.com\/wp-content\/uploads\/2025\/01\/lSmPwVjn-Grain-Transportation-Gearbox-8.webp\" alt=\"Menjalnik za prevoz \u017eita 8\" width=\"1534\" height=\"1286\" title=\"\" srcset=\"https:\/\/fmp-components.com\/wp-content\/uploads\/2025\/01\/lSmPwVjn-Grain-Transportation-Gearbox-8.webp 1534w, https:\/\/fmp-components.com\/wp-content\/uploads\/2025\/01\/lSmPwVjn-Grain-Transportation-Gearbox-8-1280x1073.webp 1280w, https:\/\/fmp-components.com\/wp-content\/uploads\/2025\/01\/lSmPwVjn-Grain-Transportation-Gearbox-8-980x822.webp 980w, https:\/\/fmp-components.com\/wp-content\/uploads\/2025\/01\/lSmPwVjn-Grain-Transportation-Gearbox-8-480x402.webp 480w\" sizes=\"(min-width: 0px) and (max-width: 480px) 480px, (min-width: 481px) and (max-width: 980px) 980px, (min-width: 981px) and (max-width: 1280px) 1280px, (min-width: 1281px) 1534px, 100vw\" \/><\/p>\n<h2 data-pm-slice=\"0 0 []\">Klju\u010dne komponente menjalnika za shranjevanje \u017eita<\/h2>\n<ol>\n<li><strong>Vhodna gred<\/strong><br \/>\nVhodna gred je komponenta, ki prejema pogonsko silo iz vira energije, obi\u010dajno elektromotorja ali motorja. To mo\u010d prena\u0161a v menjalnik, kjer se nato porazdeli med druge komponente za delovanje sistema. Vhodna gred je zasnovana za prena\u0161anje visokega navora in hitrosti vrtenja.<\/li>\n<li><strong>Zobniki<\/strong><br \/>\nZobniki so klju\u010dne komponente, odgovorne za prenos gibanja in mo\u010di znotraj menjalnika. Na voljo so v razli\u010dnih vrstah (npr. sto\u017e\u010dasti zobniki, vija\u010dni zobniki, \u010delni zobniki), odvisno od \u017eelene zmogljivosti. Zobniki nadzorujejo hitrost, navor in smer gibanja v sistemu za skladi\u0161\u010denje \u017eita. Natan\u010dna razporeditev zobnikov dolo\u010da u\u010dinkovitost in delovanje menjalnika.<\/li>\n<li><strong>Izhodna gred<\/strong><br \/>\nIzhodna gred prena\u0161a gibanje iz menjalnika na opremo za ravnanje z \u017eitom, kot so transporterji, elevatorji ali ventilatorji. Igra klju\u010dno vlogo pri nadzoru smeri in hitrosti premikanja \u017eita, kar zagotavlja pravilno delovanje skladi\u0161\u010dnega sistema.<\/li>\n<li><strong>Le\u017eaji<\/strong><br \/>\nLe\u017eaji podpirajo vrte\u010de se dele menjalnika, kot sta vhodna in izhodna gred, ter zobnike. Zmanj\u0161ujejo trenje in zagotavljajo nemoteno delovanje, kar pomaga prepre\u010devati obrabo, zmanj\u0161uje porabo energije in podalj\u0161uje \u017eivljenjsko dobo menjalnika. Visokokakovostni le\u017eaji so bistveni za zmanj\u0161anje vzdr\u017eevanja in zagotavljanje u\u010dinkovitosti menjalnika.<\/li>\n<li><strong>Ohi\u0161je\/Primer<\/strong><br \/>\nOhi\u0161je ali ohi\u0161je je zunanja lupina menjalnika, ki vsebuje in \u0161\u010diti notranje komponente. Izdelano je iz trpe\u017enih materialov, kot sta lito \u017eelezo ali jeklo, in \u0161\u010diti zobnike, le\u017eaje in druge dele pred prahom, vlago in fizi\u010dnimi po\u0161kodbami. Ohi\u0161je pomaga tudi pri odvajanju toplote, ki nastane med delovanjem, da se prepre\u010di pregrevanje.<\/li>\n<\/ol>\n<p>Klju\u010dne komponente menjalnika za skladi\u0161\u010denje \u017eita delujejo skupaj, da zagotavljajo nemoteno, u\u010dinkovito in zanesljivo delovanje sistemov za ravnanje in skladi\u0161\u010denje \u017eita. Od vhodne gredi, ki prena\u0161a mo\u010d na zobnike in le\u017eaje, ki omogo\u010dajo gibanje, do za\u0161\u010ditnega ohi\u0161ja in sistema mazanja, vsak del igra klju\u010dno vlogo pri maksimiranju zmogljivosti in podalj\u0161anju \u017eivljenjske dobe menjalnika.<\/p>\n<p><img loading=\"lazy\" decoding=\"async\" class=\"alignnone size-full wp-image-3113\" src=\"https:\/\/fmp-components.com\/wp-content\/uploads\/2025\/01\/Grain-Transportation-Gearbox-29-1.webp\" alt=\"Menjalnik za prevoz \u017eita-29\" width=\"1060\" height=\"561\" title=\"\" srcset=\"https:\/\/fmp-components.com\/wp-content\/uploads\/2025\/01\/Grain-Transportation-Gearbox-29-1.webp 1060w, https:\/\/fmp-components.com\/wp-content\/uploads\/2025\/01\/Grain-Transportation-Gearbox-29-1-980x519.webp 980w, https:\/\/fmp-components.com\/wp-content\/uploads\/2025\/01\/Grain-Transportation-Gearbox-29-1-480x254.webp 480w\" sizes=\"(min-width: 0px) and (max-width: 480px) 480px, (min-width: 481px) and (max-width: 980px) 980px, (min-width: 981px) 1060px, 100vw\" \/><\/p>\n<h3>O FMP-ju<\/h3>\n<p>FMP s sede\u017eem v Italiji je vodilni proizvajalec, znan po svojem strokovnem znanju na podro\u010dju na\u010drtovanja, razvoja in proizvodnje visokozmogljivih menjalnikov, s primarnim poudarkom na sektorju kmetijske mehanizacije. FMP, znan po natan\u010dnem in\u017eeniringu, inovativnih re\u0161itvah in neomajni zanesljivosti, si je ustvaril trden sloves zaupanja vrednega partnerja tako na kmetijskem kot industrijskem trgu. Na\u0161 obse\u017een portfelj vklju\u010duje menjalnike po meri za kosilnice, kardanske gredi in \u0161iroko paleto bistvenih komponent \u2013 \u200b\u200bvsaka je skrbno zasnovana tako, da izpolnjuje specifi\u010dne zahteve razli\u010dnih aplikacij.<\/p>\n<p>Pri FMP razumemo, da se vsaka stranka soo\u010da z razli\u010dnimi izzivi. To razumevanje nas usmerja v zagotavljanje prilagojenih re\u0161itev, bodisi za posamezne komponente bodisi za popolnoma integrirane sisteme. S tesnim sodelovanjem z na\u0161imi strankami zagotavljamo, da vsaka re\u0161itev ne le izpolnjuje njihove edinstvene potrebe, temve\u010d tudi izbolj\u0161a u\u010dinkovitost in pove\u010da vrednost. Na\u0161a zavezanost pravo\u010dasnim, profesionalnim odzivom in strokovnemu vodenju zagotavlja, da je vsako povpra\u0161evanje obravnavano natan\u010dno in dosledno zagotavlja optimalne rezultate.<\/p>\n<p>Velik poudarek dajemo jasni in neprekinjeni komunikaciji skozi celoten cikel razvoja izdelka. Na\u0161a predana ekipa tesno sodeluje s strankami, da bi poglobljeno razumela njihove zahteve in jim zagotovila dragocene vpoglede in priporo\u010dila, ki zagotavljajo najbolj\u0161e rezultate. Ne glede na to, ali na\u010drtujemo vrhunske izdelke ali izpolnjujemo rutinska naro\u010dila, je FMP zavezan k zagotavljanju visokokakovostnih, natan\u010dno zasnovanih re\u0161itev vsaki\u010d pravo\u010dasno. Na\u0161e poslanstvo je dosledno presegati pri\u010dakovanja strank ter zagotavljati izjemne storitve in rezultate pri vsakem projektu.<\/p>\n<p>Kakovost je v sredi\u0161\u010du delovanja podjetja FMP. Dr\u017eimo se najvi\u0161jih proizvodnih standardov in izvajamo stroge postopke nadzora kakovosti, da zagotovimo, da vsak izdelek ne le izpolnjuje, ampak tudi presega industrijske standarde. Ta neomajna predanost odli\u010dnosti, skupaj z na\u0161imi temeljnimi vrednotami integritete, timskega dela in vztrajnosti, nam je omogo\u010dila, da smo s strankami v skoraj 30 dr\u017eavah po vsem svetu zgradili dolgotrajne, na zaupanju temelje\u010de odnose.<\/p>\n<p>V podjetju FMP si vedno prizadevamo za globalna partnerstva s strokovnim svetovanjem in prilagojenimi re\u0161itvami, ki odgovarjajo na nenehno spreminjajo\u010de se potrebe na\u0161ih strank. Prizadevamo si za dolgoro\u010dne, obojestransko koristne odnose, ki prispevajo k uspehu vsakega projekta. Ne glede na to, ali potrebujete inovativne re\u0161itve za novo pobudo ali stalno podporo za obstoje\u010di sistem, vam je FMP pripravljen pomagati pri premagovanju tehni\u010dnih izzivov in zagotavljanju va\u0161ega nadaljnjega uspeha.<\/p>\n<p><img loading=\"lazy\" decoding=\"async\" class=\"alignnone wp-image-2695\" src=\"https:\/\/fmp-components.com\/wp-content\/uploads\/2025\/01\/agricultural-gearbox3.webp\" alt=\"kmetijski menjalnik\" width=\"1140\" height=\"1138\" title=\"\" srcset=\"https:\/\/fmp-components.com\/wp-content\/uploads\/2025\/01\/agricultural-gearbox3.webp 1140w, https:\/\/fmp-components.com\/wp-content\/uploads\/2025\/01\/agricultural-gearbox3-480x479.webp 480w\" sizes=\"(min-width: 0px) and (max-width: 480px) 480px, (min-width: 481px) 1140px, 100vw\" \/><\/p>\n<p>Avtor: CX<\/p>","protected":false},"excerpt":{"rendered":"<p>Grain Storage Gearbox FMP-1003 Specifications Product Name Grain\u00a0storage\u00a0gearbox Model FMP-1003 Color Customization Material HT250 for housing, 20CrMnTi for gear shaft. Used Grain\u00a0storage Benefits of Using Grain Storage Gearbox for Grain Storage Enhanced Operational Efficiency Grain storage gearboxes are designed to optimize the movement and handling of grain. They ensure that the grain storage system operates [&hellip;]<\/p>","protected":false},"featured_media":3112,"comment_status":"open","ping_status":"closed","template":"","meta":{"_et_pb_use_builder":"","_et_pb_old_content":"","_et_gb_content_width":""},"product_brand":[],"product_cat":[73],"product_tag":[],"class_list":{"0":"post-3110","1":"product","2":"type-product","3":"status-publish","4":"has-post-thumbnail","6":"product_cat-grain-storage-gearbox","8":"first","9":"instock","10":"shipping-taxable","11":"product-type-simple"},"_links":{"self":[{"href":"https:\/\/fmp-components.com\/sl\/wp-json\/wp\/v2\/product\/3110","targetHints":{"allow":["GET"]}}],"collection":[{"href":"https:\/\/fmp-components.com\/sl\/wp-json\/wp\/v2\/product"}],"about":[{"href":"https:\/\/fmp-components.com\/sl\/wp-json\/wp\/v2\/types\/product"}],"replies":[{"embeddable":true,"href":"https:\/\/fmp-components.com\/sl\/wp-json\/wp\/v2\/comments?post=3110"}],"wp:featuredmedia":[{"embeddable":true,"href":"https:\/\/fmp-components.com\/sl\/wp-json\/wp\/v2\/media\/3112"}],"wp:attachment":[{"href":"https:\/\/fmp-components.com\/sl\/wp-json\/wp\/v2\/media?parent=3110"}],"wp:term":[{"taxonomy":"product_brand","embeddable":true,"href":"https:\/\/fmp-components.com\/sl\/wp-json\/wp\/v2\/product_brand?post=3110"},{"taxonomy":"product_cat","embeddable":true,"href":"https:\/\/fmp-components.com\/sl\/wp-json\/wp\/v2\/product_cat?post=3110"},{"taxonomy":"product_tag","embeddable":true,"href":"https:\/\/fmp-components.com\/sl\/wp-json\/wp\/v2\/product_tag?post=3110"}],"curies":[{"name":"delovni list","href":"https:\/\/api.w.org\/{rel}","templated":true}]}}