{"id":3094,"date":"2025-01-05T00:29:23","date_gmt":"2025-01-05T00:29:23","guid":{"rendered":"https:\/\/fmp-components.com\/?page_id=8"},"modified":"2025-01-05T00:53:33","modified_gmt":"2025-01-05T00:53:33","slug":"t-series-grain-storage-gearbox-fmp-4090-for-agricultural-grain-storage","status":"publish","type":"product","link":"https:\/\/fmp-components.com\/sl\/product\/t-series-grain-storage-gearbox-fmp-4090-for-agricultural-grain-storage\/","title":{"rendered":"Menjalnik za shranjevanje \u017eita serije T FMP-4090 za skladi\u0161\u010denje kmetijskega \u017eita"},"content":{"rendered":"<h2>Specifikacije menjalnika za shranjevanje \u017eita serije T FMP-4090<\/h2>\n<table style=\"width: 97.8083%; height: 184px;\" border=\"1\" cellspacing=\"0\" cellpadding=\"0\">\n<tbody>\n<tr class=\"firstRow\">\n<td>Ime izdelka<\/td>\n<td>Menjalnik za shranjevanje \u017eita<\/td>\n<\/tr>\n<tr>\n<td>Material<\/td>\n<td>Ohi\u0161je iz nerjave\u010dega jekla A380, gred zobnika iz nerjave\u010dega jekla 40CrMnTi.<\/td>\n<\/tr>\n<tr>\n<td>Barva<\/td>\n<td>Prilagojeno<\/td>\n<\/tr>\n<tr>\n<td>Razmerje<\/td>\n<td>1:35:1<\/td>\n<\/tr>\n<tr>\n<td>Stopnja mo\u010di<\/td>\n<td>45 KM<\/td>\n<\/tr>\n<tr>\n<td>Te\u017ea<\/td>\n<td>13,2 kg<\/td>\n<\/tr>\n<tr>\n<td>Rabljeno<\/td>\n<td>Skladi\u0161\u010denje \u017eita<\/td>\n<\/tr>\n<\/tbody>\n<\/table>\n<h2>Prednosti uporabe menjalnika za shranjevanje \u017eita serije T za kmetijstvo<\/h2>\n<p>Menjalnik za skladi\u0161\u010denje \u017eita serije T ponuja \u0161tevilne prednosti za kmetijsko uporabo, zlasti v sistemih za skladi\u0161\u010denje \u017eita. Tukaj so klju\u010dne prednosti uporabe tega menjalnika:<\/p>\n<p><strong>1. Izbolj\u0161ana vzdr\u017eljivost in zanesljivost<\/strong><\/p>\n<ul>\n<li>Dolgotrajna zmogljivost: Menjalniki serije T so izdelani iz robustnih materialov in natan\u010dnega in\u017eeniringa, kar zagotavlja, da prenesejo te\u017eke pogoje, zna\u010dilne za kmetijska okolja. Ta vzdr\u017eljivost vodi do manj\u0161ega \u0161tevila okvar in dalj\u0161e \u017eivljenjske dobe, kar zmanj\u0161uje stro\u0161ke vzdr\u017eevanja in izpade.<\/li>\n<\/ul>\n<p><strong>2. Visoka u\u010dinkovitost<\/strong><\/p>\n<ul>\n<li>Optimiziran prenos mo\u010di: Menjalniki so zasnovani tako, da zagotavljajo u\u010dinkovit prenos mo\u010di, kar zagotavlja nemoteno delovanje celotnega sistema za ravnanje in skladi\u0161\u010denje \u017eita. Ta u\u010dinkovitost pomaga zmanj\u0161ati porabo energije in obratovalne stro\u0161ke, hkrati pa ohranja optimalno delovanje.<\/li>\n<\/ul>\n<p><strong>3. Mo\u017enosti prilagajanja<\/strong><\/p>\n<ul>\n<li>Prilagojeno specifi\u010dnim potrebam: Serijo T je mogo\u010de prilagoditi specifi\u010dnim zahtevam razli\u010dnih aplikacij skladi\u0161\u010denja \u017eita. Ne glede na to, ali gre za manj\u0161e operacije ali velike skladi\u0161\u010dne prostore, je ta menjalnik mogo\u010de prilagoditi razli\u010dnim konfiguracijam in velikostim sistemov.<\/li>\n<\/ul>\n<p><strong>4. Gladko delovanje<\/strong><\/p>\n<ul>\n<li>Zmanj\u0161anje hrupa in vibracij: Napredna zasnova in konstrukcija menjalnika serije T zmanj\u0161ujeta obratovalni hrup in vibracije. To ustvarja ti\u0161je in stabilnej\u0161e delovno okolje, kar prispeva k bolj\u0161i splo\u0161ni zmogljivosti sistema.<\/li>\n<\/ul>\n<p><strong>5. Izbolj\u0161ano ravnanje z zrnjem<\/strong><\/p>\n<ul>\n<li>Dosledno delovanje: Z zanesljivim prenosom mo\u010di in natan\u010dnim krmiljenjem menjalnik serije T zagotavlja dosledno in enakomerno delovanje opreme za ravnanje z \u017eitom, kot so transporterji in pol\u017ei. To pomaga prepre\u010devati po\u0161kodbe \u017eita in zagotavlja njegovo u\u010dinkovito skladi\u0161\u010denje.<\/li>\n<\/ul>\n<p>Uporaba menjalnika za skladi\u0161\u010denje \u017eita serije T v kmetijski industriji pove\u010da u\u010dinkovitost, zmanj\u0161a obratovalne stro\u0161ke in podalj\u0161a \u017eivljenjsko dobo opreme, hkrati pa ohranja visoko zanesljivost in nizke zahteve glede vzdr\u017eevanja. Zaradi teh prednosti je odli\u010dna izbira za vsak sodoben objekt za skladi\u0161\u010denje \u017eita, saj zagotavlja bolj teko\u010de delovanje in ve\u010djo donosnost nalo\u017ebe.<\/p>\n<table style=\"border-collapse: collapse; width: 102.065%; height: 354px;\" border=\"0\" width=\"128\" cellspacing=\"0\" cellpadding=\"0\">\n<tbody>\n<tr style=\"height: 13.8pt;\">\n<td style=\"height: 13.8pt; width: 48.318%;\" align=\"right\" width=\"64\" height=\"18\"><img loading=\"lazy\" decoding=\"async\" class=\"alignnone size-full wp-image-3099\" src=\"https:\/\/fmp-components.com\/wp-content\/uploads\/2025\/01\/T-Series-Grain-Storage-Gearbox-for-Agricultural-1.webp\" alt=\"Menjalnik za skladi\u0161\u010denje \u017eita\" width=\"1000\" height=\"623\" title=\"\" srcset=\"https:\/\/fmp-components.com\/wp-content\/uploads\/2025\/01\/T-Series-Grain-Storage-Gearbox-for-Agricultural-1.webp 1000w, https:\/\/fmp-components.com\/wp-content\/uploads\/2025\/01\/T-Series-Grain-Storage-Gearbox-for-Agricultural-1-980x611.webp 980w, https:\/\/fmp-components.com\/wp-content\/uploads\/2025\/01\/T-Series-Grain-Storage-Gearbox-for-Agricultural-1-480x299.webp 480w\" sizes=\"(min-width: 0px) and (max-width: 480px) 480px, (min-width: 481px) and (max-width: 980px) 980px, (min-width: 981px) 1000px, 100vw\" \/><\/td>\n<td style=\"width: 51.58%;\" align=\"right\" width=\"64\"><img loading=\"lazy\" decoding=\"async\" class=\"alignnone size-full wp-image-3101\" src=\"https:\/\/fmp-components.com\/wp-content\/uploads\/2025\/01\/Grain-Storage-Gearbox-21.webp\" alt=\"Menjalnik za skladi\u0161\u010denje \u017eita\" width=\"946\" height=\"551\" title=\"\" srcset=\"https:\/\/fmp-components.com\/wp-content\/uploads\/2025\/01\/Grain-Storage-Gearbox-21.webp 946w, https:\/\/fmp-components.com\/wp-content\/uploads\/2025\/01\/Grain-Storage-Gearbox-21-480x280.webp 480w\" sizes=\"(min-width: 0px) and (max-width: 480px) 480px, (min-width: 481px) 946px, 100vw\" \/><\/td>\n<\/tr>\n<\/tbody>\n<\/table>\n<h2>Uporaba menjalnika za shranjevanje \u017eita serije T za kmetijstvo<\/h2>\n<p>Menjalnik za skladi\u0161\u010denje \u017eita serije T se pogosto uporablja v razli\u010dnih kmetijskih aplikacijah, zlasti tistih, ki so povezane z ravnanjem z \u017eitom in njegovim skladi\u0161\u010denjem. Zaradi robustne zasnove in u\u010dinkovitosti je bistveni sestavni del \u0161tevilnih kmetijskih operacij. Tukaj je nekaj klju\u010dnih aplikacij menjalnika za skladi\u0161\u010denje \u017eita serije T:<\/p>\n<p><strong>1. Sistemi za transport \u017eita<\/strong><\/p>\n<ul>\n<li>Vloga: Menjalnik poganja transporterje, ki preva\u017eajo \u017eito z ene lokacije na drugo znotraj skladi\u0161\u010dnih prostorov ali med razli\u010dnimi fazami predelave.<\/li>\n<li>Uporaba: Menjalnik serije T, ki se uporablja v vedrnih elevatorjih, horizontalnih transporterjih in nagnjenih transporterjih, zagotavlja gladko in u\u010dinkovito gibanje zrnja ter zmanj\u0161uje tveganje za zastoje in zamude.<\/li>\n<\/ul>\n<p><strong>2. Pol\u017ene \u017eitne naprave<\/strong><\/p>\n<ul>\n<li>Vloga: Pol\u017easti transporterji se obi\u010dajno uporabljajo za nakladanje in razkladanje \u017eita iz tovornjakov ali silosov. Menjalnik serije T poganja sistem pol\u017ea, kar zagotavlja zanesljiv in neprekinjen pretok \u017eita.<\/li>\n<li>Uporaba: Menjalnik zagotavlja enakomerno vrtenje in optimalen nadzor, prepre\u010duje blokade in zmanj\u0161uje obrabo sistema pol\u017ea, s \u010dimer se izbolj\u0161a operativna u\u010dinkovitost.<\/li>\n<\/ul>\n<p><strong>3. Sistemi za su\u0161enje \u017eita<\/strong><\/p>\n<ul>\n<li>Vloga: V su\u0161ilnicah \u017eita menjalnik poganja vrte\u010di se boben ali transportne sisteme, ki kro\u017eijo \u017eito za enakomerno su\u0161enje.<\/li>\n<li>Uporaba: Z zagotavljanjem potrebnega navora menjalnik serije T zagotavlja u\u010dinkovito in uspe\u0161no su\u0161enje, kar je klju\u010dnega pomena za ohranjanje kakovosti zrnja in zmanj\u0161anje vsebnosti vlage.<\/li>\n<\/ul>\n<p><strong>4. Delovanje silosov za skladi\u0161\u010denje \u017eita<\/strong><\/p>\n<ul>\n<li>Vloga: Menjalnik serije T poganja razli\u010dne mehanizme v silosih za \u017eito, vklju\u010dno s prezra\u010devalnimi sistemi, razkladalnimi pol\u017ei in transporterji.<\/li>\n<li>Uporaba: Zagotavlja nemoten in zanesljiv pretok \u017eita v silose in iz njih, kar podpira bolj\u0161e pogoje skladi\u0161\u010denja in zmanj\u0161uje mo\u017enost kvarjenja zaradi slabega prezra\u010devanja.<\/li>\n<\/ul>\n<p><strong>5. Oprema za \u010di\u0161\u010denje in sortiranje \u017eita<\/strong><\/p>\n<ul>\n<li>Vloga: Menjalnik se uporablja za pogon motorjev \u010distilnih in sortirnih strojev, kot so vibracijska sita, \u010distilniki in sortirniki, ki se uporabljajo za pripravo \u017eita za skladi\u0161\u010denje ali prodajo.<\/li>\n<li>Uporaba: Z u\u010dinkovitim prenosom mo\u010di menjalnik serije T zagotavlja dosledno delovanje \u010distilne opreme, pomaga odstranjevati ne\u010disto\u010de in zagotavlja, da se skladi\u0161\u010di ali preva\u017ea le visokokakovostno \u017eito.<\/li>\n<\/ul>\n<p>Menjalnik za shranjevanje \u017eita serije T je nepogre\u0161ljiv sestavni del \u0161tevilnih kmetijskih procesov, saj zagotavlja zanesljiv in u\u010dinkovit prenos mo\u010di za razli\u010dne sisteme za ravnanje, predelavo in skladi\u0161\u010denje \u017eita. Zaradi svoje vsestranskosti, u\u010dinkovitosti in vzdr\u017eljivosti je idealen za transport \u017eita, su\u0161enje, sortiranje, mletje in drugo, kar zagotavlja nemoteno delovanje v \u0161irokem naboru kmetijskih aplikacij.<\/p>\n<p><img loading=\"lazy\" decoding=\"async\" class=\"alignnone size-full wp-image-3096\" src=\"https:\/\/fmp-components.com\/wp-content\/uploads\/2025\/01\/Grain-Storage-Gearbox-28.webp\" alt=\"Menjalnik za skladi\u0161\u010denje \u017eita\" width=\"1200\" height=\"950\" title=\"\" srcset=\"https:\/\/fmp-components.com\/wp-content\/uploads\/2025\/01\/Grain-Storage-Gearbox-28.webp 1200w, https:\/\/fmp-components.com\/wp-content\/uploads\/2025\/01\/Grain-Storage-Gearbox-28-980x776.webp 980w, https:\/\/fmp-components.com\/wp-content\/uploads\/2025\/01\/Grain-Storage-Gearbox-28-480x380.webp 480w\" sizes=\"(min-width: 0px) and (max-width: 480px) 480px, (min-width: 481px) and (max-width: 980px) 980px, (min-width: 981px) 1200px, 100vw\" \/><\/p>\n<h2>O FMP-ju<\/h2>\n<p>FMP s sede\u017eem v Italiji je vodilni proizvajalec, znan po svojem strokovnem znanju na podro\u010dju na\u010drtovanja, razvoja in proizvodnje visokozmogljivih menjalnikov, s primarnim poudarkom na sektorju kmetijske mehanizacije. Znan po svojem natan\u010dnem in\u017eeniringu, inovativnih re\u0161itvah in neomajni zanesljivosti, se je FMP uveljavil kot zaupanja vreden partner tako na kmetijskem kot industrijskem trgu. Na\u0161 obse\u017een portfelj vklju\u010duje menjalnike po meri za kosilnice, kardanske gredi in \u0161iroko paleto klju\u010dnih komponent, vse izdelane s skrbno pozornostjo do detajlov, da bi zadovoljile raznolike potrebe razli\u010dnih aplikacij.<\/p>\n<p>Pri FMP se zavedamo, da se vsaka stranka soo\u010da z edinstvenimi izzivi. Zato smo specializirani za zagotavljanje prilagojenih re\u0161itev, bodisi za posamezne komponente bodisi za popolnoma integrirane sisteme. S tesnim sodelovanjem z na\u0161imi strankami zagotavljamo, da vsaka re\u0161itev ne le izpolnjuje njihove specifi\u010dne zahteve, temve\u010d tudi izbolj\u0161a u\u010dinkovitost in pove\u010da vrednost. Na\u0161a zavezanost k zagotavljanju hitrih, profesionalnih odgovorov in strokovnega svetovanja zagotavlja, da se vsako povpra\u0161evanje obravnava natan\u010dno, kar vedno vodi do optimalnih rezultatov.<\/p>\n<p>Jasna in neprekinjena komunikacija je v sredi\u0161\u010du na\u0161ega pristopa skozi celoten cikel razvoja izdelkov. Na\u0161a predana ekipa neposredno sodeluje s strankami, da bi pridobila poglobljeno razumevanje njihovih potreb, in jim ponuja dragocene vpoglede in priporo\u010dila za doseganje najbolj\u0161ih rezultatov. Ne glede na to, ali oblikujemo vrhunske izdelke ali izpolnjujemo rutinska naro\u010dila, je FMP vedno zavezan pravo\u010dasnemu zagotavljanju visokokakovostnih, natan\u010dno izdelanih re\u0161itev. Na\u0161e poslanstvo je dosledno presegati pri\u010dakovanja strank z zagotavljanjem izjemnih storitev in izjemnih rezultatov pri vsakem projektu.<\/p>\n<p>Kakovost je osrednjega pomena za vse, kar po\u010dnemo pri FMP. Dr\u017eimo se najvi\u0161jih proizvodnih standardov in izvajamo stroge ukrepe nadzora kakovosti, da zagotovimo, da vsak izdelek ne le izpolnjuje, ampak pogosto tudi presega industrijske standarde. Ta zavezanost odli\u010dnosti nam je skupaj z na\u0161imi temeljnimi vrednotami integritete, timskega dela in vztrajnosti omogo\u010dila, da smo zgradili dolgoro\u010dne, na zaupanju temelje\u010de odnose s strankami v skoraj 30 dr\u017eavah po vsem svetu.<\/p>\n<p>FMP si vedno prizadeva spodbujati globalna partnerstva in ponuja strokovne nasvete ter prilagojene re\u0161itve, ki ustrezajo spreminjajo\u010dim se potrebam na\u0161ih strank. Predani smo gradnji dolgoro\u010dnih, obojestransko koristnih odnosov, ki vodijo do uspeha vsakega projekta. Ne glede na to, ali i\u0161\u010dete inovativne re\u0161itve za novo podjetje ali potrebujete stalno podporo za obstoje\u010di sistem, vam je FMP na voljo za pomo\u010d pri premagovanju tehni\u010dnih izzivov in zagotavljanju va\u0161ega nadaljnjega uspeha.<\/p>\n<p><img loading=\"lazy\" decoding=\"async\" class=\"alignnone wp-image-2695\" src=\"https:\/\/fmp-components.com\/wp-content\/uploads\/2025\/01\/agricultural-gearbox3.webp\" alt=\"kmetijski menjalnik\" width=\"1140\" height=\"1138\" title=\"\" srcset=\"https:\/\/fmp-components.com\/wp-content\/uploads\/2025\/01\/agricultural-gearbox3.webp 1140w, https:\/\/fmp-components.com\/wp-content\/uploads\/2025\/01\/agricultural-gearbox3-480x479.webp 480w\" sizes=\"(min-width: 0px) and (max-width: 480px) 480px, (min-width: 481px) 1140px, 100vw\" \/><\/p>\n<p>Avtor: CX<\/p>","protected":false},"excerpt":{"rendered":"<p>T Series Grain Storage Gearbox FMP-4090 Specifications Product Name Grain storage gearbox Material A380 for housing, 40CrMnTi for gear shaft. Color Customized Ratio 1:35:1 Rate power 45HP Weight 13.2KG Used Grain storage Benefits of Using the T Series Grain Storage Gearbox for Agricultural The T Series Grain Storage Gearbox offers numerous advantages for agricultural applications, [&hellip;]<\/p>","protected":false},"featured_media":3098,"comment_status":"open","ping_status":"closed","template":"","meta":{"_et_pb_use_builder":"","_et_pb_old_content":"","_et_gb_content_width":""},"product_brand":[],"product_cat":[73],"product_tag":[],"class_list":{"0":"post-3094","1":"product","2":"type-product","3":"status-publish","4":"has-post-thumbnail","6":"product_cat-grain-storage-gearbox","8":"first","9":"instock","10":"shipping-taxable","11":"product-type-simple"},"_links":{"self":[{"href":"https:\/\/fmp-components.com\/sl\/wp-json\/wp\/v2\/product\/3094","targetHints":{"allow":["GET"]}}],"collection":[{"href":"https:\/\/fmp-components.com\/sl\/wp-json\/wp\/v2\/product"}],"about":[{"href":"https:\/\/fmp-components.com\/sl\/wp-json\/wp\/v2\/types\/product"}],"replies":[{"embeddable":true,"href":"https:\/\/fmp-components.com\/sl\/wp-json\/wp\/v2\/comments?post=3094"}],"wp:featuredmedia":[{"embeddable":true,"href":"https:\/\/fmp-components.com\/sl\/wp-json\/wp\/v2\/media\/3098"}],"wp:attachment":[{"href":"https:\/\/fmp-components.com\/sl\/wp-json\/wp\/v2\/media?parent=3094"}],"wp:term":[{"taxonomy":"product_brand","embeddable":true,"href":"https:\/\/fmp-components.com\/sl\/wp-json\/wp\/v2\/product_brand?post=3094"},{"taxonomy":"product_cat","embeddable":true,"href":"https:\/\/fmp-components.com\/sl\/wp-json\/wp\/v2\/product_cat?post=3094"},{"taxonomy":"product_tag","embeddable":true,"href":"https:\/\/fmp-components.com\/sl\/wp-json\/wp\/v2\/product_tag?post=3094"}],"curies":[{"name":"delovni list","href":"https:\/\/api.w.org\/{rel}","templated":true}]}}