{"id":3088,"date":"2025-01-04T08:55:19","date_gmt":"2025-01-04T08:55:19","guid":{"rendered":"https:\/\/fmp-components.com\/?page_id=8"},"modified":"2025-01-04T09:00:03","modified_gmt":"2025-01-04T09:00:03","slug":"agricultural-combine-harvester-reversing-gearbox-for-rice-harvesting","status":"publish","type":"product","link":"https:\/\/fmp-components.com\/sl\/product\/agricultural-combine-harvester-reversing-gearbox-for-rice-harvesting\/","title":{"rendered":"Kmetijski kombajn za vzvratno vo\u017enjo z menjalnikom za \u017eetev ri\u017ea"},"content":{"rendered":"<p><img loading=\"lazy\" decoding=\"async\" class=\"alignnone size-full wp-image-3090\" src=\"https:\/\/fmp-components.com\/wp-content\/uploads\/2025\/01\/10_Combine-Harvester-Gearbox-2.webp\" alt=\"Menjalnik za kombajn\" width=\"1534\" height=\"1138\" title=\"\" srcset=\"https:\/\/fmp-components.com\/wp-content\/uploads\/2025\/01\/10_Combine-Harvester-Gearbox-2.webp 1534w, https:\/\/fmp-components.com\/wp-content\/uploads\/2025\/01\/10_Combine-Harvester-Gearbox-2-1280x950.webp 1280w, https:\/\/fmp-components.com\/wp-content\/uploads\/2025\/01\/10_Combine-Harvester-Gearbox-2-980x727.webp 980w, https:\/\/fmp-components.com\/wp-content\/uploads\/2025\/01\/10_Combine-Harvester-Gearbox-2-480x356.webp 480w\" sizes=\"(min-width: 0px) and (max-width: 480px) 480px, (min-width: 481px) and (max-width: 980px) 980px, (min-width: 981px) and (max-width: 1280px) 1280px, (min-width: 1281px) 1534px, 100vw\" \/><\/p>\n<h2>Specifikacije izdelka:<\/h2>\n<table style=\"width: 86.1946%; height: 161px;\" border=\"1\" cellspacing=\"0\" cellpadding=\"0\">\n<tbody>\n<tr>\n<td>Ime izdelka<\/td>\n<td>Kratek vzvratni premik za \u017eetev ri\u017ea<\/td>\n<\/tr>\n<tr>\n<td>Material<\/td>\n<td>QT450 za ohi\u0161je, 20CrMnTi za gred zobnika.<\/td>\n<\/tr>\n<tr>\n<td>Barva<\/td>\n<td>Prilagoditev<\/td>\n<\/tr>\n<tr>\n<td>Model<\/td>\n<td>\u00a0FMP-1.6Z.03-05<\/td>\n<\/tr>\n<tr>\n<td>Rabljeno<\/td>\n<td>Ri\u017eev kombajn<\/td>\n<\/tr>\n<\/tbody>\n<\/table>\n<h2>Prednosti uporabe vzvratnega menjalnika kombajna<\/h2>\n<p>Menjalnik za vzvratno vo\u017enjo kombajna ponuja ve\u010d pomembnih prednosti, ki izbolj\u0161ujejo u\u010dinkovitost in funkcionalnost kombajna. Tukaj je nekaj klju\u010dnih prednosti uporabe tega specializiranega menjalnika:<\/p>\n<p><strong>1. Izbolj\u0161ana okretnost<\/strong><\/p>\n<ul>\n<li>Reverzni menjalnik omogo\u010da kombajnu enostavno vzvratno vo\u017enjo brez potrebe po zapletenih manevrih ali ustavljanju in obra\u010danju. To je \u0161e posebej uporabno v tesnih prostorih ali pri prilagajanju polo\u017eaja na polju, kar izbolj\u0161a splo\u0161no operativno u\u010dinkovitost.<\/li>\n<\/ul>\n<p><strong>2. Pove\u010dana operativna u\u010dinkovitost<\/strong><\/p>\n<ul>\n<li>Z vzvratnim menjalnikom lahko kombajn hitro spremeni smer, ne da bi bilo treba izklopiti ali prestavljati med prestavami. To omogo\u010da bolj gladke in hitrej\u0161e prehode pri vstopu in izstopu iz obmo\u010dij z gostimi pridelki, kar skraj\u0161a \u010das izpada in izbolj\u0161a u\u010dinkovitost \u017eetve.<\/li>\n<\/ul>\n<p><strong>3. Izbolj\u0161ana produktivnost<\/strong><\/p>\n<ul>\n<li>Z omogo\u010danjem hitrega vzvratnega premikanja brez ustavljanja se lahko upravljavci izognejo zamudam in skraj\u0161ajo \u010das, porabljen za preme\u0161\u010danje stroja. To vodi do ve\u010dje skupne preto\u010dnosti med postopkom \u017eetve, zlasti na poljih, kjer je zaradi ovir, zavojev ali neravnega terena potrebno pogosto spreminjati smer.<\/li>\n<\/ul>\n<p><strong>4. Ve\u010dja vsestranskost<\/strong><\/p>\n<ul>\n<li>Reverzni menjalnik zagotavlja ve\u010djo prilagodljivost v delovnih pogojih. Pomaga kombajnu, da se prilagodi razli\u010dnim nalogam, kot so odstranjevanje ostankov pridelka, vzvratna vo\u017enja za nastavitev polo\u017eaja rezalne glave ali navigacija okoli ovir, vse brez potrebe po prestavljanju v drugo prestavo ali prekinitvi dela.<\/li>\n<\/ul>\n<p><strong>5. Zmanj\u0161ana obraba<\/strong><\/p>\n<ul>\n<li>Menjalnik omogo\u010da bolj gladko delovanje pri vzvratni vo\u017enji, kar zmanj\u0161uje obrabo drugih klju\u010dnih komponent, kot sta sklopka in menjalnik. Prav tako zmanj\u0161uje potrebo po ro\u010dnem poseganju, kar podalj\u0161uje \u017eivljenjsko dobo pogonskega sklopa vozila in zmanj\u0161uje tveganje za mehanske okvare.<\/li>\n<\/ul>\n<p>Skratka, menjalnik za vzvratno vo\u017enjo kombajna ponuja prednosti, kot so pove\u010dana okretnost, operativna u\u010dinkovitost in produktivnost, hkrati pa izbolj\u0161uje varnost, zmanj\u0161uje obrabo in pove\u010duje u\u010dinkovitost porabe goriva. Zaradi teh prednosti je nepogre\u0161ljiv sestavni del sodobnega delovanja kombajnov, kar kmetom zagotavlja prihranek \u010dasa in stro\u0161kov.<\/p>\n<p><img loading=\"lazy\" decoding=\"async\" class=\"alignnone  wp-image-3091\" src=\"https:\/\/fmp-components.com\/wp-content\/uploads\/2025\/01\/10_Combine-Harvester-Gearbox-12.webp\" alt=\"Menjalnik za kombajn\" width=\"1078\" height=\"609\" title=\"\" srcset=\"https:\/\/fmp-components.com\/wp-content\/uploads\/2025\/01\/10_Combine-Harvester-Gearbox-12.webp 1078w, https:\/\/fmp-components.com\/wp-content\/uploads\/2025\/01\/10_Combine-Harvester-Gearbox-12-980x554.webp 980w, https:\/\/fmp-components.com\/wp-content\/uploads\/2025\/01\/10_Combine-Harvester-Gearbox-12-480x271.webp 480w\" sizes=\"(min-width: 0px) and (max-width: 480px) 480px, (min-width: 481px) and (max-width: 980px) 980px, (min-width: 981px) 1078px, 100vw\" \/><\/p>\n<h2>Klju\u010dne komponente vzvratnega menjalnika kombajna<\/h2>\n<div class=\"flex-shrink-0 flex flex-col relative items-end\">\n<div>\n<div class=\"pt-0\">\n<div class=\"gizmo-bot-avatar flex h-8 w-8 items-center justify-center overflow-hidden rounded-full\">\n<div class=\"relative p-1 rounded-sm flex items-center justify-center bg-token-main-surface-primary text-token-text-primary h-8 w-8\">Menjalnik za vzvratno vo\u017enjo kombajna je klju\u010dni sestavni del sodobnih kombajnov, ki omogo\u010da u\u010dinkovito in gladko vzvratno vo\u017enjo brez ro\u010dnega prestavljanja. Zdru\u017euje razli\u010dne mehanske komponente, ki skupaj zagotavljajo zanesljiv prenos mo\u010di in nadzor. Tukaj so klju\u010dne komponente menjalnika za vzvratno vo\u017enjo kombajna:<\/div>\n<\/div>\n<\/div>\n<\/div>\n<\/div>\n<div class=\"group\/conversation-turn relative flex w-full min-w-0 flex-col agent-turn\">\n<div class=\"flex-col gap-1 md:gap-3\">\n<div class=\"flex max-w-full flex-col flex-grow\">\n<div class=\"min-h-8 text-message flex w-full flex-col items-end gap-2 whitespace-normal break-words text-start [.text-message+&amp;]:mt-5\" dir=\"auto\" data-message-author-role=\"assistant\" data-message-id=\"e6cb3039-0226-4bda-ac7c-bde40b961baf\" data-message-model-slug=\"gpt-4o-mini\">\n<div class=\"flex w-full flex-col gap-1 empty:hidden first:pt-[3px]\">\n<div class=\"markdown prose w-full break-words dark:prose-invert light\">\n<p><strong>1. Vhodna gred<\/strong><\/p>\n<ul>\n<li>Vhodna gred prena\u0161a mo\u010d iz motorja v menjalnik. Je glavna povezava, skozi katero vrtilna sila motorja vstopi v menjalnik in spro\u017ei postopek prestavljanja.<\/li>\n<\/ul>\n<p><strong>2. Komplet vzvratne prestave<\/strong><\/p>\n<ul>\n<li>Ta sklop zobnikov je odgovoren za spreminjanje smeri vrtenja. Ko je aktiviran, obrne smer izhodne gredi, kar omogo\u010da, da se \u017eetev premika nazaj. Sklop vzvratnih zobnikov je obi\u010dajno sestavljen iz prostih zobnikov, \u010delnih zobnikov in pastorkov, ki se vklapljajo in izklapljajo za obrnjeno smer vrtenja.<\/li>\n<\/ul>\n<p><strong>3. Glavno ohi\u0161je menjalnika<\/strong><\/p>\n<ul>\n<li>Ohi\u0161je menjalnika je zunanje ohi\u0161je, ki vsebuje in \u0161\u010diti vse notranje komponente. Obi\u010dajno je izdelano iz trpe\u017enih materialov, kot sta lito \u017eelezo ali jeklo, da prenese visoke obremenitve in tlak, ki nastanejo med delovanjem. Ohi\u0161je zagotavlja tudi pravilno poravnavo zobnikov in gredi.<\/li>\n<\/ul>\n<p><strong>4. Izhodna gred<\/strong><\/p>\n<ul>\n<li>Izhodna gred prena\u0161a mo\u010d iz menjalnika na pogonski sklop kombajna. Ta gred je povezana s kolesi ali gosenicami kombajna, kar mu omogo\u010da premikanje naprej ali nazaj glede na vklop prestave.<\/li>\n<\/ul>\n<p><strong>5. Mehanizem sklopke<\/strong><\/p>\n<ul>\n<li>Sklopka se uporablja za vklop ali izklop menjalnika z motorja. Upravljavcu omogo\u010da nadzor povezave med motorjem in menjalnikom, kar zagotavlja nemoteno delovanje pri prestavljanju. Pri vzvratnem menjalniku sklopka omogo\u010da tako vo\u017enjo naprej kot nazaj.<\/li>\n<\/ul>\n<p>Te klju\u010dne komponente delujejo skupaj in zagotavljajo zelo u\u010dinkovit in zanesljiv sistem za vzvratno vo\u017enjo za kombajne. Menjalnik za vzvratno vo\u017enjo omogo\u010da upravljavcem enostavno preklapljanje med vo\u017enjo naprej in nazaj, kar izbolj\u0161a okretnost, produktivnost in operativno u\u010dinkovitost na polju.<\/p>\n<p><img loading=\"lazy\" decoding=\"async\" class=\"alignnone size-full wp-image-3092\" src=\"https:\/\/fmp-components.com\/wp-content\/uploads\/2025\/01\/10_Combine-Harvester-Gearbox-14.webp\" alt=\"Menjalnik za kombajn\" width=\"1280\" height=\"720\" title=\"\" srcset=\"https:\/\/fmp-components.com\/wp-content\/uploads\/2025\/01\/10_Combine-Harvester-Gearbox-14.webp 1280w, https:\/\/fmp-components.com\/wp-content\/uploads\/2025\/01\/10_Combine-Harvester-Gearbox-14-980x551.webp 980w, https:\/\/fmp-components.com\/wp-content\/uploads\/2025\/01\/10_Combine-Harvester-Gearbox-14-480x270.webp 480w\" sizes=\"(min-width: 0px) and (max-width: 480px) 480px, (min-width: 481px) and (max-width: 980px) 980px, (min-width: 981px) 1280px, 100vw\" \/><\/p>\n<h2>O FMP-ju<\/h2>\n<p>FMP s sede\u017eem v Italiji je vodilni proizvajalec, znan po svojem strokovnem znanju na podro\u010dju na\u010drtovanja, razvoja in proizvodnje visokozmogljivih menjalnikov, s primarnim poudarkom na sektorju kmetijske mehanizacije. Znan po svojem natan\u010dnem in\u017eeniringu, inovativnih re\u0161itvah in neomajni zanesljivosti, si je FMP prislu\u017eil sloves zaupanja vrednega partnerja tako na kmetijskem kot industrijskem trgu. Na\u0161 obse\u017een portfelj vklju\u010duje menjalnike po meri za kosilnice, kardanske gredi in \u0161iroko paleto bistvenih komponent, ki so vse skrbno izdelane za izpolnjevanje posebnih zahtev razli\u010dnih aplikacij.<\/p>\n<p>Pri FMP razumemo, da se vsaka stranka soo\u010da z edinstvenimi izzivi. Zato smo specializirani za zagotavljanje prilagojenih re\u0161itev, bodisi za posamezne komponente bodisi za popolnoma integrirane sisteme. S tesnim sodelovanjem z na\u0161imi strankami zagotavljamo, da vsaka re\u0161itev ne le izpolnjuje njihove potrebe, temve\u010d tudi optimizira delovanje in pove\u010da vrednost. Na\u0161a zavezanost hitrim, profesionalnim odzivom in strokovnemu vodenju zagotavlja, da je vsako povpra\u0161evanje obravnavano natan\u010dno, kar zagotavlja najbolj\u0161e rezultate vsaki\u010d.<\/p>\n<p>Dajemo prednost jasni in neprekinjeni komunikaciji skozi celoten cikel razvoja izdelka. Na\u0161a predana ekipa tesno sodeluje s strankami, da bi temeljito razumela njihove zahteve in jim zagotovila dragocene vpoglede in priporo\u010dila za doseganje optimalnih rezultatov. Ne glede na to, ali na\u010drtujemo najsodobnej\u0161e izdelke ali izpolnjujemo rutinska naro\u010dila, je FMP zavezan k zagotavljanju visokokakovostnih, natan\u010dno izdelanih re\u0161itev pravo\u010dasno in vsaki\u010d. Na\u0161e poslanstvo je dosledno presegati pri\u010dakovanja strank ter zagotavljati izjemne storitve in rezultate pri vsakem projektu.<\/p>\n<p>Kakovost je v sredi\u0161\u010du delovanja podjetja FMP. Spo\u0161tujemo najvi\u0161je proizvodne standarde in izvajamo stroge ukrepe za nadzor kakovosti, da zagotovimo, da vsak izdelek izpolnjuje in pogosto presega industrijske standarde. Ta zavezanost odli\u010dnosti nam je skupaj z na\u0161imi temeljnimi vrednotami integritete, timskega dela in vztrajnosti omogo\u010dila, da smo s strankami v skoraj 30 dr\u017eavah po vsem svetu zgradili dolgotrajne, na zaupanju temelje\u010de odnose.<\/p>\n<p>FMP si vedno prizadeva za globalna partnerstva in ponuja strokovne nasvete ter prilagojene re\u0161itve, ki odgovarjajo na spreminjajo\u010de se potrebe na\u0161ih strank. Prizadevamo si za dolgoro\u010dne, obojestransko koristne odnose, ki prispevajo k uspehu vsakega projekta. Ne glede na to, ali potrebujete inovativne re\u0161itve za novo pobudo ali stalno podporo za obstoje\u010di sistem, vam je FMP pripravljen pomagati premagati tehni\u010dne izzive in zagotoviti va\u0161 nadaljnji uspeh.<\/p>\n<p><img loading=\"lazy\" decoding=\"async\" class=\"alignnone wp-image-2695\" src=\"https:\/\/fmp-components.com\/wp-content\/uploads\/2025\/01\/agricultural-gearbox3.webp\" alt=\"kmetijski menjalnik\" width=\"1140\" height=\"1138\" title=\"\" srcset=\"https:\/\/fmp-components.com\/wp-content\/uploads\/2025\/01\/agricultural-gearbox3.webp 1140w, https:\/\/fmp-components.com\/wp-content\/uploads\/2025\/01\/agricultural-gearbox3-480x479.webp 480w\" sizes=\"(min-width: 0px) and (max-width: 480px) 480px, (min-width: 481px) 1140px, 100vw\" \/><\/p>\n<p>Avtor: CX<\/p>\n<\/div>\n<\/div>\n<\/div>\n<\/div>\n<\/div>\n<\/div>","protected":false},"excerpt":{"rendered":"<p>Product Specifications: Product Name Short harvester reversing for rice harvester Material QT450 for housing, 20CrMnTi for gear shaft. Color Customization Model \u00a0FMP-1.6Z.03-05 Used Rice harvester Advantages of Using the Combine Harvester Reversing Gearbox The Combine Harvester Reversing Gearbox offers several significant advantages that enhance the efficiency and functionality of the harvester. Here are some key [&hellip;]<\/p>","protected":false},"featured_media":3093,"comment_status":"open","ping_status":"closed","template":"","meta":{"_et_pb_use_builder":"","_et_pb_old_content":"","_et_gb_content_width":""},"product_brand":[],"product_cat":[72],"product_tag":[],"class_list":{"0":"post-3088","1":"product","2":"type-product","3":"status-publish","4":"has-post-thumbnail","6":"product_cat-combine-harvester-gearbox","8":"first","9":"instock","10":"shipping-taxable","11":"product-type-simple"},"_links":{"self":[{"href":"https:\/\/fmp-components.com\/sl\/wp-json\/wp\/v2\/product\/3088","targetHints":{"allow":["GET"]}}],"collection":[{"href":"https:\/\/fmp-components.com\/sl\/wp-json\/wp\/v2\/product"}],"about":[{"href":"https:\/\/fmp-components.com\/sl\/wp-json\/wp\/v2\/types\/product"}],"replies":[{"embeddable":true,"href":"https:\/\/fmp-components.com\/sl\/wp-json\/wp\/v2\/comments?post=3088"}],"wp:featuredmedia":[{"embeddable":true,"href":"https:\/\/fmp-components.com\/sl\/wp-json\/wp\/v2\/media\/3093"}],"wp:attachment":[{"href":"https:\/\/fmp-components.com\/sl\/wp-json\/wp\/v2\/media?parent=3088"}],"wp:term":[{"taxonomy":"product_brand","embeddable":true,"href":"https:\/\/fmp-components.com\/sl\/wp-json\/wp\/v2\/product_brand?post=3088"},{"taxonomy":"product_cat","embeddable":true,"href":"https:\/\/fmp-components.com\/sl\/wp-json\/wp\/v2\/product_cat?post=3088"},{"taxonomy":"product_tag","embeddable":true,"href":"https:\/\/fmp-components.com\/sl\/wp-json\/wp\/v2\/product_tag?post=3088"}],"curies":[{"name":"delovni list","href":"https:\/\/api.w.org\/{rel}","templated":true}]}}