{"id":3073,"date":"2025-01-04T08:33:17","date_gmt":"2025-01-04T08:33:17","guid":{"rendered":"https:\/\/fmp-components.com\/?page_id=8"},"modified":"2025-01-04T08:33:17","modified_gmt":"2025-01-04T08:33:17","slug":"double-disc-fertilizer-spreader-gearbox-fmp-sf10-for-fertilizer-spreader","status":"publish","type":"product","link":"https:\/\/fmp-components.com\/sl\/product\/double-disc-fertilizer-spreader-gearbox-fmp-sf10-for-fertilizer-spreader\/","title":{"rendered":"Dvokolutni menjalnik za trosilnik gnojil FMP-SF10 za trosilnik gnojil"},"content":{"rendered":"<h2>Dimenzije menjalnika za dvokolutni trosilnik gnojil FMP-SF10\u00a0\u00a0\u00a0<img loading=\"lazy\" decoding=\"async\" class=\"alignnone size-full wp-image-3079\" src=\"https:\/\/fmp-components.com\/wp-content\/uploads\/2025\/01\/Double-Disc-Fertilizer-Spreader-Gearbox-FMP-SF10-Dimensions-1.webp\" alt=\"Dvokolutni menjalnik trosilnika gnojil FMP SF10\" width=\"1421\" height=\"576\" title=\"\" srcset=\"https:\/\/fmp-components.com\/wp-content\/uploads\/2025\/01\/Double-Disc-Fertilizer-Spreader-Gearbox-FMP-SF10-Dimensions-1.webp 1421w, https:\/\/fmp-components.com\/wp-content\/uploads\/2025\/01\/Double-Disc-Fertilizer-Spreader-Gearbox-FMP-SF10-Dimensions-1-1280x519.webp 1280w, https:\/\/fmp-components.com\/wp-content\/uploads\/2025\/01\/Double-Disc-Fertilizer-Spreader-Gearbox-FMP-SF10-Dimensions-1-980x397.webp 980w, https:\/\/fmp-components.com\/wp-content\/uploads\/2025\/01\/Double-Disc-Fertilizer-Spreader-Gearbox-FMP-SF10-Dimensions-1-480x195.webp 480w\" sizes=\"(min-width: 0px) and (max-width: 480px) 480px, (min-width: 481px) and (max-width: 980px) 980px, (min-width: 981px) and (max-width: 1280px) 1280px, (min-width: 1281px) 1421px, 100vw\" \/> <img loading=\"lazy\" decoding=\"async\" class=\"alignnone size-full wp-image-3080\" src=\"https:\/\/fmp-components.com\/wp-content\/uploads\/2025\/01\/Double-Disc-Fertilizer-Spreader-Gearbox-FMP-SF10-Dimensions-2.webp\" alt=\"Dvokolutni menjalnik trosilnika gnojil FMP SF10\" width=\"1427\" height=\"676\" title=\"\" srcset=\"https:\/\/fmp-components.com\/wp-content\/uploads\/2025\/01\/Double-Disc-Fertilizer-Spreader-Gearbox-FMP-SF10-Dimensions-2.webp 1427w, https:\/\/fmp-components.com\/wp-content\/uploads\/2025\/01\/Double-Disc-Fertilizer-Spreader-Gearbox-FMP-SF10-Dimensions-2-1280x606.webp 1280w, https:\/\/fmp-components.com\/wp-content\/uploads\/2025\/01\/Double-Disc-Fertilizer-Spreader-Gearbox-FMP-SF10-Dimensions-2-980x464.webp 980w, https:\/\/fmp-components.com\/wp-content\/uploads\/2025\/01\/Double-Disc-Fertilizer-Spreader-Gearbox-FMP-SF10-Dimensions-2-480x227.webp 480w\" sizes=\"(min-width: 0px) and (max-width: 480px) 480px, (min-width: 481px) and (max-width: 980px) 980px, (min-width: 981px) and (max-width: 1280px) 1280px, (min-width: 1281px) 1427px, 100vw\" \/> <img loading=\"lazy\" decoding=\"async\" class=\"alignnone size-full wp-image-3081\" src=\"https:\/\/fmp-components.com\/wp-content\/uploads\/2025\/01\/Double-Disc-Fertilizer-Spreader-Gearbox-FMP-SF10-Dimensions-3.webp\" alt=\"Dvokolutni menjalnik trosilnika gnojil FMP SF10\" width=\"1466\" height=\"526\" title=\"\" srcset=\"https:\/\/fmp-components.com\/wp-content\/uploads\/2025\/01\/Double-Disc-Fertilizer-Spreader-Gearbox-FMP-SF10-Dimensions-3.webp 1466w, https:\/\/fmp-components.com\/wp-content\/uploads\/2025\/01\/Double-Disc-Fertilizer-Spreader-Gearbox-FMP-SF10-Dimensions-3-1280x459.webp 1280w, https:\/\/fmp-components.com\/wp-content\/uploads\/2025\/01\/Double-Disc-Fertilizer-Spreader-Gearbox-FMP-SF10-Dimensions-3-980x352.webp 980w, https:\/\/fmp-components.com\/wp-content\/uploads\/2025\/01\/Double-Disc-Fertilizer-Spreader-Gearbox-FMP-SF10-Dimensions-3-480x172.webp 480w\" sizes=\"(min-width: 0px) and (max-width: 480px) 480px, (min-width: 481px) and (max-width: 980px) 980px, (min-width: 981px) and (max-width: 1280px) 1280px, (min-width: 1281px) 1466px, 100vw\" \/><\/h2>\n<h2>Tehni\u010dni podatki menjalnika dvokolutnega trosilnika gnojil FMP-SF10<\/h2>\n<table style=\"width: 96.1986%; height: 104px;\" border=\"1\" cellspacing=\"0\" cellpadding=\"0\">\n<tbody>\n<tr>\n<td colspan=\"2\" rowspan=\"2\">jaz<\/td>\n<td rowspan=\"2\">Primerno<\/td>\n<td>Vhod vrtljajev<\/td>\n<td>Izhodna vrtljaji<\/td>\n<td colspan=\"2\">Mo\u010d<\/td>\n<td rowspan=\"2\">Izra\u0161\u010danje zob<\/td>\n<\/tr>\n<tr>\n<td>vrt\/min<\/td>\n<td>vrt\/min<\/td>\n<td>Kw<\/td>\n<td>Konjska sila<\/td>\n<\/tr>\n<tr>\n<td>levo\/desno polje<\/td>\n<td>1 :1.33<\/td>\n<td>Trosilnik gnojil itd.<\/td>\n<td>540<\/td>\n<td>406<\/td>\n<td>15<\/td>\n<td>20<\/td>\n<td>Gleasonovi spiralni zobje<\/td>\n<\/tr>\n<tr>\n<td colspan=\"8\">Opomba: \u010ce imate kakr\u0161ne koli posebne zahteve, mi sporo\u010dite, sprejemamo tudi po meri.<\/td>\n<\/tr>\n<\/tbody>\n<\/table>\n<h2>Na\u010delo delovanja menjalnika trosilnika gnojil z dvojnim diskom FMP-SF10<\/h2>\n<p>Dvokolutni menjalnik za trosilnike gnojil FMP-SF10 je klju\u010dni sestavni del trosilnikov gnojil, zlasti tistih, ki se uporabljajo za razpr\u0161evanje granuliranih gnojil na kmetijskih poljih. Njegovo na\u010delo delovanja vklju\u010duje u\u010dinkovit prenos mo\u010di iz sistema kardanske gredi (PTO) traktorja na vrte\u010de se diske, ki enakomerno porazdelijo gnojilo po tleh. Spodaj je pregled na\u010dela delovanja menjalnika FMP-SF10:<\/p>\n<p><strong>1. Prenos mo\u010di iz kardanske gredi<\/strong><\/p>\n<ul>\n<li>Vhodna mo\u010d: Menjalnik prejema mo\u010d iz kardanske gredi traktorja, ki poganja menjalnik za zagon mehanizma za trosenje gnojil.<\/li>\n<li>Prenos mo\u010di: Menjalnik prena\u0161a mehansko energijo, prejeto iz kardanske gredi, na razli\u010dne gibljive dele trosilnika, kar zagotavlja u\u010dinkovito delovanje.<\/li>\n<\/ul>\n<p><strong>2. Funkcionalnost menjalnika<\/strong><\/p>\n<ul>\n<li>Reduktor: Menjalnik vsebuje vrsto reduktorjev, ki zmanj\u0161ajo hitrost vhodne mo\u010di iz kardanske gredi in jo pretvorijo v optimalno hitrost za trosilnik gnojil. To zagotavlja nadzor nad vrtenjem diskov, kar je bistveno za natan\u010dno porazdelitev gnojila.<\/li>\n<li>Nadzor hitrosti: Glede na zahteve trosilnika lahko menjalnik prilagodi hitrost vrtenja diskov. Ta prilagoditev hitrosti omogo\u010da fino nastavitev izhoda gnojila trosilnika, kar zagotavlja enakomerno pokritost in prepre\u010duje prekomerno ali premalo raztrosa.<\/li>\n<\/ul>\n<p><strong>3. Pogon trosilnih diskov<\/strong><\/p>\n<ul>\n<li>Vrtenje diskov: Mo\u010d menjalnika poganja dva vrte\u010da se diska, ki sta name\u0161\u010dena na zadnji strani trosilnika. Diska se vrtita z veliko hitrostjo in potiskata gnojilo navzven.<\/li>\n<li>Porazdelitev gnojila: Gnojilo se razpr\u0161i po polju, ko se diski vrtijo, pri \u010demer menjalnik zagotavlja enakomerno in enakomerno vrtenje. Centrifugalna sila, ki jo ustvarjajo diski, nadzorovano potiska gnojilo navzven, kar omogo\u010da enakomerno pokritost \u0161irokega obmo\u010dja.<\/li>\n<\/ul>\n<p><strong>4. Natan\u010den nadzor<\/strong><\/p>\n<ul>\n<li>Nastavljiv izhod: Menjalnik FMP-SF10 omogo\u010da upravljavcem, da prilagodijo pretok gnojila s spreminjanjem hitrosti diskov ali spreminjanjem nastavitev menjalnika. Ta nadzor je klju\u010dnega pomena za nana\u0161anje pravilne koli\u010dine gnojila glede na velikost polja, zahteve pridelka in stanje tal.<\/li>\n<\/ul>\n<p><strong>5. Robustna konstrukcija<\/strong><\/p>\n<ul>\n<li>Vzdr\u017eljivost: Menjalnik je zasnovan za te\u017eko delovanje v te\u017ekih kmetijskih okoljih. Izdelan je tako, da prenese obremenitve neprekinjenega delovanja in zagotavlja zanesljivo delovanje v \u0161irokem razponu obratovalnih pogojev.<\/li>\n<\/ul>\n<p>Menjalnik FMP-SF10 deluje kot gonilna sila enakomernega tro\u0161enja gnojila v dvokolutnih trosilnikih gnojil. Z u\u010dinkovitim prenosom in zmanj\u0161anjem hitrosti mo\u010di kardanske gredi poganja vrte\u010de se diske, ki enakomerno trosijo gnojilo po velikih povr\u0161inah. To zagotavlja natan\u010dno nana\u0161anje gnojil, kar pove\u010duje produktivnost pridelkov in zmanj\u0161uje porabo virov. Zmo\u017enost nadzora hitrosti in pretoka \u0161e pove\u010da njegovo vsestranskost, zaradi \u010desar je bistvena komponenta sodobnega kmetijskega delovanja.<\/p>\n<p><img loading=\"lazy\" decoding=\"async\" class=\"alignnone size-full wp-image-3075\" src=\"https:\/\/fmp-components.com\/wp-content\/uploads\/2025\/01\/Double-Disc-Fertilizer-Spreader-Gearbox-EP-SF10-Advantages1.webp\" alt=\"Dvokolutni menjalnik trosilnika gnojil FMP SF10\" width=\"1397\" height=\"623\" title=\"\" srcset=\"https:\/\/fmp-components.com\/wp-content\/uploads\/2025\/01\/Double-Disc-Fertilizer-Spreader-Gearbox-EP-SF10-Advantages1.webp 1397w, https:\/\/fmp-components.com\/wp-content\/uploads\/2025\/01\/Double-Disc-Fertilizer-Spreader-Gearbox-EP-SF10-Advantages1-1280x571.webp 1280w, https:\/\/fmp-components.com\/wp-content\/uploads\/2025\/01\/Double-Disc-Fertilizer-Spreader-Gearbox-EP-SF10-Advantages1-980x437.webp 980w, https:\/\/fmp-components.com\/wp-content\/uploads\/2025\/01\/Double-Disc-Fertilizer-Spreader-Gearbox-EP-SF10-Advantages1-480x214.webp 480w\" sizes=\"(min-width: 0px) and (max-width: 480px) 480px, (min-width: 481px) and (max-width: 980px) 980px, (min-width: 981px) and (max-width: 1280px) 1280px, (min-width: 1281px) 1397px, 100vw\" \/><\/p>\n<article class=\"w-full scroll-mb-[var(--thread-trailing-height,150px)] text-token-text-primary focus-visible:outline-2 focus-visible:outline-offset-[-4px]\" dir=\"auto\" data-testid=\"conversation-turn-48\" data-scroll-anchor=\"false\">\n<div class=\"m-auto text-base py-[18px] px-3 md:px-4 w-full md:px-5 lg:px-4 xl:px-5\">\n<div class=\"mx-auto flex flex-1 gap-4 text-base md:gap-5 lg:gap-6 md:max-w-3xl lg:max-w-[40rem] xl:max-w-[48rem]\">\n<div class=\"group\/conversation-turn relative flex w-full min-w-0 flex-col\">\n<div class=\"flex-col gap-1 md:gap-3\">\n<div class=\"flex max-w-full flex-col flex-grow\">\n<div class=\"min-h-8 text-message flex w-full flex-col items-end gap-2 whitespace-normal break-words text-start [.text-message+&amp;]:mt-5\" dir=\"auto\" data-message-author-role=\"user\" data-message-id=\"aaa296d3-61f8-4224-8ac9-a22149e7746e\">\n<div class=\"flex w-full flex-col gap-1 empty:hidden items-end rtl:items-start\">\n<div class=\"relative max-w-[var(--user-chat-width,70%)] rounded-3xl bg-token-message-surface px-5 py-2.5\">\n<h2 class=\"whitespace-pre-wrap\">Uporaba menjalnika z dvojnim diskom za raztros gnojil FMP-SF10<\/h2>\n<div class=\"absolute bottom-0 right-full top-0 -mr-3.5 hidden pr-5 pt-1 [.group\\\/conversation-turn:hover_&amp;]:block\">Menjalnik za trosilnike gnojil z dvojnim diskom FMP-SF10 je posebej zasnovan za uporabo v kmetijski mehanizaciji, zlasti v trosilnikih gnojil, ki trosijo granulirana gnojila. Njegove klju\u010dne uporabe vklju\u010dujejo:<\/div>\n<\/div>\n<\/div>\n<\/div>\n<\/div>\n<\/div>\n<\/div>\n<\/div>\n<\/div>\n<\/article>\n<article class=\"w-full scroll-mb-[var(--thread-trailing-height,150px)] text-token-text-primary focus-visible:outline-2 focus-visible:outline-offset-[-4px]\" dir=\"auto\" data-testid=\"conversation-turn-49\" data-scroll-anchor=\"true\"><strong>1. Uporaba kmetijskih gnojil<\/strong><\/p>\n<ul>\n<li>Trosilniki gnojil za razpr\u0161evanje: Menjalnik FMP-SF10 se uporablja predvsem v dvokolutnih trosilnikih gnojil, ki se obi\u010dajno uporabljajo v velikih kmetijskih obratih. Zagotavlja enakomerno porazdelitev gnojil po polju, kar pove\u010duje rast in produktivnost pridelkov.<\/li>\n<li>Razporejanje granuliranih gnojil: Menjalnik poganja trosilne diske za raztros granuliranih gnojil po \u0161irokih povr\u0161inah, kar zagotavlja enakomerno pokritost za optimalno porazdelitev hranil.<\/li>\n<\/ul>\n<p><strong>2. Precizno kmetijstvo<\/strong><\/p>\n<ul>\n<li>Spremenljiva koli\u010dina gnojila: Menjalnik FMP-SF10 z natan\u010dnim nadzorom hitrosti vrtenja diskov se uporablja v sodobnih kmetijskih sistemih, ki zahtevajo spremenljivo koli\u010dino gnojila. Omogo\u010da natan\u010den nadzor nad koli\u010dino raztrosa gnojila in optimizacijo u\u010dinkovitosti uporabe hranil glede na stanje tal, vrsto pridelka in razlike na polju.<\/li>\n<li>U\u010dinkovito upravljanje gnojil: Z nastavljivo mo\u010djo menjalnik pomaga dose\u010di dosledne rezultate v preciznem kmetijstvu, kjer je natan\u010den nadzor nad porabo gnojil bistvenega pomena za zmanj\u0161anje stro\u0161kov in vpliva na okolje.<\/li>\n<\/ul>\n<p><strong>3. Upravljanje trate in trate<\/strong><\/p>\n<ul>\n<li>\u0160portna igri\u0161\u010da in igri\u0161\u010da za golf: Menjalnik se uporablja v trosilnikih gnojil, ki obdelujejo trate, \u0161portna igri\u0161\u010da in igri\u0161\u010da za golf. Enakomerna porazdelitev zagotavlja, da ta obmo\u010dja prejmejo ustrezne ravni hranil za zdravo in enakomerno rast trave.<\/li>\n<li>Nega trate: FMP-SF10 je zanesljiva izbira za opremo za nego trate, kjer je za vzdr\u017eevanje visokokakovostnih zelenih povr\u0161in potrebno natan\u010dno in u\u010dinkovito razporejanje gnojil.<\/li>\n<\/ul>\n<p><strong>4. Vrtnarstvo in upravljanje sadovnjakov<\/strong><\/p>\n<ul>\n<li>Gnojenje dreves in sadovnjakov: V sadovnjakih, vinogradih in drugih vrtnarskih okoljih menjalnik poganja diske specializiranih trosilnikov, ki u\u010dinkovito dovajajo gnojila med vrste dreves ali rastlin. Zagotavlja enakomerno uporabo hranil, kar je bistveno za zdravo rast rastlin in pridelavo sadja.<\/li>\n<li>Vrstni pridelki: Menjalnik se lahko uporablja tudi v trosilnikih za vrstne pridelke, kar pomaga vzdr\u017eevati dosleden in enakomeren postopek gnojenja na poljih za pridelavo polj\u0161\u010din.<\/li>\n<\/ul>\n<p><strong>5. Urejanje krajine in vzdr\u017eevanje trate<\/strong><\/p>\n<ul>\n<li>Trosilniki gnojil za krajino: Menjalnik FMP-SF10 se uporablja tudi v opremi za urejanje krajine za stanovanjske, poslovne in ob\u010dinske projekte. Poganja trosilne diske, zaradi \u010desar je idealen za gnojenje javnih prostorov, parkov in velikih posesti.<\/li>\n<li>Javni parki in zelene povr\u0161ine: Pri urejanju mestnih okolic in upravljanju javnih zelenih povr\u0161in se pogosto uporabljajo trosilniki, ki jih poganjajo menjalniki, kot je FMP-SF10, za ohranjanje optimalnega zdravja tal.<\/li>\n<\/ul>\n<p>Menjalnik za trosilnik gnojil z dvema diskoma FMP-SF10 je idealen za razli\u010dne kmetijske aplikacije, vklju\u010dno z velikim kmetijstvom, preciznim kmetijstvom, nego trate in trate, vrtnarstvom, urejanjem krajine in upravljanjem tal. Zagotavlja dosledno, u\u010dinkovito in nadzorovano porazdelitev gnojil, kar prispeva k bolj\u0161emu pridelku, zdravju tal in splo\u0161ni kmetijski produktivnosti.<\/p>\n<table style=\"border-collapse: collapse; width: 100.5%; height: 18px;\" border=\"0\" width=\"128\" cellspacing=\"0\" cellpadding=\"0\">\n<tbody>\n<tr style=\"height: 13.8pt;\">\n<td style=\"height: 13.8pt; width: 48pt;\" align=\"right\" width=\"64\" height=\"18\"><img loading=\"lazy\" decoding=\"async\" class=\"alignnone size-full wp-image-3077\" src=\"https:\/\/fmp-components.com\/wp-content\/uploads\/2025\/01\/Double-Disc-Fertilizer-Spreader-Gearbox-FMP-SF10-Applications-1.webp\" alt=\"Dvokolutni menjalnik trosilnika gnojil FMP SF10\" width=\"1000\" height=\"676\" title=\"\" srcset=\"https:\/\/fmp-components.com\/wp-content\/uploads\/2025\/01\/Double-Disc-Fertilizer-Spreader-Gearbox-FMP-SF10-Applications-1.webp 1000w, https:\/\/fmp-components.com\/wp-content\/uploads\/2025\/01\/Double-Disc-Fertilizer-Spreader-Gearbox-FMP-SF10-Applications-1-980x662.webp 980w, https:\/\/fmp-components.com\/wp-content\/uploads\/2025\/01\/Double-Disc-Fertilizer-Spreader-Gearbox-FMP-SF10-Applications-1-480x324.webp 480w\" sizes=\"(min-width: 0px) and (max-width: 480px) 480px, (min-width: 481px) and (max-width: 980px) 980px, (min-width: 981px) 1000px, 100vw\" \/><\/td>\n<td style=\"width: 48pt;\" align=\"right\" width=\"64\"><img loading=\"lazy\" decoding=\"async\" class=\"alignnone size-full wp-image-3078\" src=\"https:\/\/fmp-components.com\/wp-content\/uploads\/2025\/01\/Double-Disc-Fertilizer-Spreader-Gearbox-FMP-SF10-Applications-2.webp\" alt=\"Dvokolutni menjalnik trosilnika gnojil FMP SF10\" width=\"1000\" height=\"676\" title=\"\" srcset=\"https:\/\/fmp-components.com\/wp-content\/uploads\/2025\/01\/Double-Disc-Fertilizer-Spreader-Gearbox-FMP-SF10-Applications-2.webp 1000w, https:\/\/fmp-components.com\/wp-content\/uploads\/2025\/01\/Double-Disc-Fertilizer-Spreader-Gearbox-FMP-SF10-Applications-2-980x662.webp 980w, https:\/\/fmp-components.com\/wp-content\/uploads\/2025\/01\/Double-Disc-Fertilizer-Spreader-Gearbox-FMP-SF10-Applications-2-480x324.webp 480w\" sizes=\"(min-width: 0px) and (max-width: 480px) 480px, (min-width: 481px) and (max-width: 980px) 980px, (min-width: 981px) 1000px, 100vw\" \/><\/td>\n<\/tr>\n<\/tbody>\n<\/table>\n<h3>O FMP-ju<\/h3>\n<p>FMP s sede\u017eem v Italiji je vodilni proizvajalec, priznan po svojem strokovnem znanju pri na\u010drtovanju, razvoju in proizvodnji visokozmogljivih menjalnikov, s posebnim poudarkom na sektorju kmetijske mehanizacije. Znan po natan\u010dnem in\u017eeniringu, inovativnih re\u0161itvah in neomajni zanesljivosti, se je FMP uveljavil kot zaupanja vreden partner tako na kmetijskem kot industrijskem trgu. Na\u0161 \u0161irok portfelj izdelkov vklju\u010duje menjalnike po meri za kosilnice, kardanske gredi in druge bistvene komponente, ki so vse skrbno izdelane, da zadovoljijo raznolike potrebe razli\u010dnih aplikacij.<\/p>\n<p>Pri FMP razumemo, da se vsaka stranka soo\u010da z edinstvenimi izzivi. Zato smo specializirani za zagotavljanje prilagojenih re\u0161itev, bodisi za posamezne komponente bodisi za popolnoma integrirane sisteme. S tesnim sodelovanjem z na\u0161imi strankami zagotavljamo, da vsaka re\u0161itev ne le izpolnjuje njihove specifi\u010dne potrebe, temve\u010d tudi optimizira delovanje in pove\u010da vrednost. Na\u0161a zavezanost hitrim, profesionalnim odzivom in strokovnemu vodenju zagotavlja, da se vsako povpra\u0161evanje obravnava natan\u010dno in zagotavlja najbolj\u0161e mo\u017ene rezultate.<\/p>\n<p>Prednost dajemo jasni in stalni komunikaciji skozi celoten cikel razvoja izdelka. Na\u0161a predana ekipa sodeluje neposredno s strankami, da bi v celoti razumela njihove zahteve in ponudila dragocene vpoglede in priporo\u010dila za doseganje optimalnih rezultatov. Ne glede na to, ali oblikujemo najsodobnej\u0161e izdelke ali izpolnjujemo rutinska naro\u010dila, je FMP zavezan k zagotavljanju visokokakovostnih, natan\u010dno izdelanih re\u0161itev, vsaki\u010d pravo\u010dasno. Na\u0161e poslanstvo je dosledno presegati pri\u010dakovanja strank ter pri vsakem projektu zagotavljati izjemne storitve in rezultate.<\/p>\n<p>Kakovost je temelj poslovanja podjetja FMP. Dr\u017eimo se najvi\u0161jih proizvodnih standardov in izvajamo stroge postopke nadzora kakovosti, da zagotovimo, da vsak izdelek ne le izpolnjuje, ampak tudi presega industrijske standarde. Ta predanost odli\u010dnosti, skupaj z na\u0161imi temeljnimi vrednotami integritete, timskega dela in vztrajnosti, nam je omogo\u010dila, da smo zgradili trajne, na zaupanju temelje\u010de odnose s strankami v skoraj 30 dr\u017eavah po vsem svetu.<\/p>\n<p>FMP si vedno prizadeva spodbujati globalna partnerstva in ponuja strokovne nasvete ter prilagojene re\u0161itve, ki odgovarjajo na spreminjajo\u010de se potrebe na\u0161ih strank. Prizadevamo si za dolgoro\u010dne, obojestransko koristne odnose, ki prispevajo k uspehu vsakega projekta. Ne glede na to, ali i\u0161\u010dete inovativne re\u0161itve za novo pobudo ali potrebujete stalno podporo za obstoje\u010di sistem, vam je FMP pripravljen pomagati pri re\u0161evanju tehni\u010dnih izzivov in zagotoviti va\u0161 nadaljnji uspeh.<\/p>\n<p><img loading=\"lazy\" decoding=\"async\" class=\"alignnone wp-image-2695\" src=\"https:\/\/fmp-components.com\/wp-content\/uploads\/2025\/01\/agricultural-gearbox3.webp\" alt=\"kmetijski menjalnik\" width=\"1140\" height=\"1138\" title=\"\" srcset=\"https:\/\/fmp-components.com\/wp-content\/uploads\/2025\/01\/agricultural-gearbox3.webp 1140w, https:\/\/fmp-components.com\/wp-content\/uploads\/2025\/01\/agricultural-gearbox3-480x479.webp 480w\" sizes=\"(min-width: 0px) and (max-width: 480px) 480px, (min-width: 481px) 1140px, 100vw\" \/><\/p>\n<p>Avtor: CX<\/p>\n<\/article>","protected":false},"excerpt":{"rendered":"<p>Double Disc Fertilizer Spreader Gearbox FMP-SF10 Dimensions\u00a0\u00a0\u00a0 Double Disc Fertilizer Spreader Gearbox FMP-SF10 Technical Data i Suitable Rpm input Rpm output Power Toothing r\/min r\/min Kw Hp left\/right box 1 :1.33 Fertilizer spreader, etc 540 406 15 20 Gleason Helical Teeth Remark: If you have any special require feel free let me know, we also [&hellip;]<\/p>","protected":false},"featured_media":3082,"comment_status":"open","ping_status":"closed","template":"","meta":{"_et_pb_use_builder":"","_et_pb_old_content":"","_et_gb_content_width":""},"product_brand":[],"product_cat":[71],"product_tag":[],"class_list":{"0":"post-3073","1":"product","2":"type-product","3":"status-publish","4":"has-post-thumbnail","6":"product_cat-fertilizer-seeder-gearbox","8":"first","9":"instock","10":"shipping-taxable","11":"product-type-simple"},"_links":{"self":[{"href":"https:\/\/fmp-components.com\/sl\/wp-json\/wp\/v2\/product\/3073","targetHints":{"allow":["GET"]}}],"collection":[{"href":"https:\/\/fmp-components.com\/sl\/wp-json\/wp\/v2\/product"}],"about":[{"href":"https:\/\/fmp-components.com\/sl\/wp-json\/wp\/v2\/types\/product"}],"replies":[{"embeddable":true,"href":"https:\/\/fmp-components.com\/sl\/wp-json\/wp\/v2\/comments?post=3073"}],"wp:featuredmedia":[{"embeddable":true,"href":"https:\/\/fmp-components.com\/sl\/wp-json\/wp\/v2\/media\/3082"}],"wp:attachment":[{"href":"https:\/\/fmp-components.com\/sl\/wp-json\/wp\/v2\/media?parent=3073"}],"wp:term":[{"taxonomy":"product_brand","embeddable":true,"href":"https:\/\/fmp-components.com\/sl\/wp-json\/wp\/v2\/product_brand?post=3073"},{"taxonomy":"product_cat","embeddable":true,"href":"https:\/\/fmp-components.com\/sl\/wp-json\/wp\/v2\/product_cat?post=3073"},{"taxonomy":"product_tag","embeddable":true,"href":"https:\/\/fmp-components.com\/sl\/wp-json\/wp\/v2\/product_tag?post=3073"}],"curies":[{"name":"delovni list","href":"https:\/\/api.w.org\/{rel}","templated":true}]}}