{"id":3052,"date":"2025-01-04T07:31:52","date_gmt":"2025-01-04T07:31:52","guid":{"rendered":"https:\/\/fmp-components.com\/?page_id=8"},"modified":"2025-01-04T07:40:05","modified_gmt":"2025-01-04T07:40:05","slug":"fertilizer-seeder-gearbox-fmp35-for-fertilizer-broadcaster","status":"publish","type":"product","link":"https:\/\/fmp-components.com\/sl\/product\/fertilizer-seeder-gearbox-fmp35-for-fertilizer-broadcaster\/","title":{"rendered":"Menjalnik sejalnika gnojil FMP35 za razpr\u0161ilnik gnojil"},"content":{"rendered":"<h2>Dimenzije menjalnika sejalnice gnojil FMP35<\/h2>\n<p><img loading=\"lazy\" decoding=\"async\" class=\"alignnone size-full wp-image-3053\" src=\"https:\/\/fmp-components.com\/wp-content\/uploads\/2025\/01\/Fertilizer-Seeder-Gearbox-EP35-Dimensions.webp\" alt=\"Gnojilo-Sejalni-Menjalnik-EP35-Dimenzije\" width=\"1310\" height=\"868\" title=\"\" srcset=\"https:\/\/fmp-components.com\/wp-content\/uploads\/2025\/01\/Fertilizer-Seeder-Gearbox-EP35-Dimensions.webp 1310w, https:\/\/fmp-components.com\/wp-content\/uploads\/2025\/01\/Fertilizer-Seeder-Gearbox-EP35-Dimensions-1280x848.webp 1280w, https:\/\/fmp-components.com\/wp-content\/uploads\/2025\/01\/Fertilizer-Seeder-Gearbox-EP35-Dimensions-980x649.webp 980w, https:\/\/fmp-components.com\/wp-content\/uploads\/2025\/01\/Fertilizer-Seeder-Gearbox-EP35-Dimensions-480x318.webp 480w\" sizes=\"(min-width: 0px) and (max-width: 480px) 480px, (min-width: 481px) and (max-width: 980px) 980px, (min-width: 981px) and (max-width: 1280px) 1280px, (min-width: 1281px) 1310px, 100vw\" \/><\/p>\n<h2>Tehni\u010dni podatki menjalnika sejalnice gnojil FMP35<\/h2>\n<table style=\"width: 97.7216%; height: 144px;\" border=\"1\" cellspacing=\"0\" cellpadding=\"0\">\n<tbody>\n<tr>\n<td colspan=\"2\" rowspan=\"2\">jaz<\/td>\n<td rowspan=\"2\">Primerno<\/td>\n<td>Vhod vrtljajev<\/td>\n<td>Izhodna vrtljaji<\/td>\n<td>Izhodni navor<\/td>\n<td>Te\u017ea<\/td>\n<td rowspan=\"2\">Izra\u0161\u010danje zob<\/td>\n<\/tr>\n<tr>\n<td>vrt\/min<\/td>\n<td>vrt\/min<\/td>\n<td>Nm<\/td>\n<td>kg<\/td>\n<\/tr>\n<tr>\n<td>Upo\u010dasni<\/td>\n<td>24.3:1<\/td>\n<td>Razpr\u0161ilec gnojil itd.<\/td>\n<td>1000<\/td>\n<td>41<\/td>\n<td>3500<\/td>\n<td>47<\/td>\n<td>Gleason Helical<br \/>\nZobje<\/td>\n<\/tr>\n<tr>\n<td colspan=\"8\">Opomba: \u010ce imate kakr\u0161ne koli posebne zahteve, mi sporo\u010dite, sprejemamo tudi po meri.<\/td>\n<\/tr>\n<\/tbody>\n<\/table>\n<table style=\"height: 191px;\" border=\"1\" width=\"1066\" cellspacing=\"0\" cellpadding=\"0\">\n<tbody>\n<tr>\n<td style=\"width: 403.458px;\">A<\/td>\n<td style=\"width: 244.833px;\">B<\/td>\n<td style=\"width: 410.597px;\">C<\/td>\n<\/tr>\n<tr>\n<td style=\"width: 403.458px;\">\u03a645<\/td>\n<td style=\"width: 244.833px;\">14<\/td>\n<td style=\"width: 410.597px;\">48.8<\/td>\n<\/tr>\n<tr>\n<td style=\"width: 403.458px;\">\u03a650<\/td>\n<td style=\"width: 244.833px;\">14<\/td>\n<td style=\"width: 410.597px;\">53.8<\/td>\n<\/tr>\n<tr>\n<td style=\"width: 403.458px;\">\u03a660<\/td>\n<td style=\"width: 244.833px;\">18<\/td>\n<td style=\"width: 410.597px;\">64.4<\/td>\n<\/tr>\n<\/tbody>\n<\/table>\n<h2>Prednosti menjalnika sejalnice gnojil FMP35 za razpr\u0161ilnik gnojil<\/h2>\n<p>Menjalnik sejalnice gnojil FMP35 je klju\u010dna komponenta trosilnikov gnojil, ki ponuja \u0161tevilne prednosti za izbolj\u0161anje u\u010dinkovitosti, natan\u010dnosti in trajnosti nana\u0161anja gnojil. Tukaj so glavne prednosti menjalnika FMP35 v sistemu trosilnika gnojil:<\/p>\n<p><strong>1. Natan\u010dna porazdelitev gnojil<\/strong><\/p>\n<ul>\n<li>Menjalnik FMP35 je zasnovan tako, da zagotavlja natan\u010dno in enakomerno porazdelitev gnojil, kar je klju\u010dnega pomena za maksimiranje pridelka in prepre\u010devanje prekomernega gnojenja ali odpadkov.<\/li>\n<li>Zagotavlja enakomerno mo\u010d sistema za distribucijo gnojil, kar pomaga nadzorovati hitrost in vrtenje trosilnikov gnojil ter zagotavlja enakomerno nana\u0161anje pravilne koli\u010dine gnojila po polju.<\/li>\n<\/ul>\n<p><strong>2. Visoka energetska u\u010dinkovitost<\/strong><\/p>\n<ul>\n<li>Menjalnik FMP35 je zasnovan za optimalen prenos mo\u010di, ki zagotavlja, da se energija iz kardanske gredi traktorja (PTO) u\u010dinkovito prenese na komponente trosilnika gnojil.<\/li>\n<li>Visok navor in u\u010dinkovita porazdelitev mo\u010di omogo\u010data, da trosilnik deluje z najve\u010djo u\u010dinkovitostjo, kar zmanj\u0161uje porabo goriva in zagotavlja nemoteno delovanje stroja tudi v te\u017ekih pogojih.<\/li>\n<\/ul>\n<p><strong>3. Vzdr\u017eljivost in zanesljivost<\/strong><\/p>\n<ul>\n<li>Menjalnik FMP35, izdelan iz visokokakovostnih materialov in z naprednim in\u017eeniringom, je vzdr\u017eljiv in sposoben prenesti te\u017eke pogoje, s katerimi se obi\u010dajno sre\u010dujemo v kmetijskih dejavnostih, kot so izpostavljenost vlagi, umazaniji in abrazivnim materialom, kot so gnojila.<\/li>\n<li>Njegova robustna zasnova zagotavlja dolgotrajno delovanje z minimalnim vzdr\u017eevanjem, kar zmanj\u0161uje skupne stro\u0161ke lastni\u0161tva za kmete.<\/li>\n<\/ul>\n<p><strong>4. Izbolj\u0161ana vzdr\u017eljivost opreme<\/strong><\/p>\n<ul>\n<li>Menjalnik je zasnovan tako, da prenese visoke obremenitve in napetosti, kar zagotavlja nemoteno delovanje zobnikov brez obrabe. Kaljeni zobniki in zatesnjeni le\u017eaji zagotavljajo ve\u010djo vzdr\u017eljivost in zanesljivost pri dalj\u0161i uporabi, zlasti v zahtevnih kmetijskih okoljih.<\/li>\n<li>Ta funkcija zagotavlja manj okvar, dalj\u0161e servisne intervale in manj pogosta popravila, zaradi \u010desar je trosilnik gnojil bolj zanesljiv.<\/li>\n<\/ul>\n<p><strong>5. Nastavljiv nadzor hitrosti<\/strong><\/p>\n<ul>\n<li>Menjalnik FMP35 obi\u010dajno ponuja nastavljive hitrosti, kar upravljavcem omogo\u010da nadzor nad hitrostjo vrtenja trosilnika gnojil in njeno prilagoditev razli\u010dnim vrstam gnojil in terenskim razmeram.<\/li>\n<li>Ta spremenljiva regulacija hitrosti pove\u010duje fleksibilnost trosilnika, saj zagotavlja, da lahko obvladuje razli\u010dna gnojila in odmerke, kar izbolj\u0161uje u\u010dinkovitost in zagotavlja natan\u010dno nana\u0161anje.<\/li>\n<\/ul>\n<p>Menjalnik sejalnice gnojil FMP35 ponuja kombinacijo vzdr\u017eljivosti, u\u010dinkovitosti in prilagodljivosti, zaradi \u010desar je bistvena komponenta trosilnikov gnojil, ki se uporabljajo v sodobnem kmetijstvu. Z izbolj\u0161anjem natan\u010dnosti in doslednosti nana\u0161anja gnojil, zmanj\u0161anjem stro\u0161kov vzdr\u017eevanja in pove\u010danjem splo\u0161ne operativne u\u010dinkovitosti stroja menjalnik FMP35 pomembno prispeva k uspehu kmetijskih dejavnosti.<\/p>\n<p><img loading=\"lazy\" decoding=\"async\" class=\"alignnone size-full wp-image-3054\" src=\"https:\/\/fmp-components.com\/wp-content\/uploads\/2025\/01\/Fertilizer-Seeder-Gearbox-EP35-Benefits.webp\" alt=\"Prednosti menjalnika za gnojila-sejalnike-EP35\" width=\"1440\" height=\"556\" title=\"\" srcset=\"https:\/\/fmp-components.com\/wp-content\/uploads\/2025\/01\/Fertilizer-Seeder-Gearbox-EP35-Benefits.webp 1440w, https:\/\/fmp-components.com\/wp-content\/uploads\/2025\/01\/Fertilizer-Seeder-Gearbox-EP35-Benefits-1280x494.webp 1280w, https:\/\/fmp-components.com\/wp-content\/uploads\/2025\/01\/Fertilizer-Seeder-Gearbox-EP35-Benefits-980x378.webp 980w, https:\/\/fmp-components.com\/wp-content\/uploads\/2025\/01\/Fertilizer-Seeder-Gearbox-EP35-Benefits-480x185.webp 480w\" sizes=\"(min-width: 0px) and (max-width: 480px) 480px, (min-width: 481px) and (max-width: 980px) 980px, (min-width: 981px) and (max-width: 1280px) 1280px, (min-width: 1281px) 1440px, 100vw\" \/><\/p>\n<article class=\"w-full scroll-mb-[var(--thread-trailing-height,150px)] text-token-text-primary focus-visible:outline-2 focus-visible:outline-offset-[-4px]\" dir=\"auto\" data-testid=\"conversation-turn-24\" data-scroll-anchor=\"false\">\n<div class=\"m-auto text-base py-[18px] px-3 md:px-4 w-full md:px-5 lg:px-4 xl:px-5\">\n<div class=\"mx-auto flex flex-1 gap-4 text-base md:gap-5 lg:gap-6 md:max-w-3xl lg:max-w-[40rem] xl:max-w-[48rem]\">\n<div class=\"group\/conversation-turn relative flex w-full min-w-0 flex-col\">\n<div class=\"flex-col gap-1 md:gap-3\">\n<div class=\"flex max-w-full flex-col flex-grow\">\n<div class=\"min-h-8 text-message flex w-full flex-col items-end gap-2 whitespace-normal break-words text-start [.text-message+&amp;]:mt-5\" dir=\"auto\" data-message-author-role=\"user\" data-message-id=\"aaa20b42-842f-4e85-8907-5b760533185e\">\n<div class=\"flex w-full flex-col gap-1 empty:hidden items-end rtl:items-start\">\n<div class=\"relative max-w-[var(--user-chat-width,70%)] rounded-3xl bg-token-message-surface px-5 py-2.5\">\n<h2 class=\"whitespace-pre-wrap\">Uporaba menjalnika sejalnice gnojil FMP35<\/h2>\n<\/div>\n<\/div>\n<\/div>\n<\/div>\n<\/div>\n<\/div>\n<\/div>\n<\/div>\n<\/article>\n<article class=\"w-full scroll-mb-[var(--thread-trailing-height,150px)] text-token-text-primary focus-visible:outline-2 focus-visible:outline-offset-[-4px]\" dir=\"auto\" data-testid=\"conversation-turn-25\" data-scroll-anchor=\"true\">\n<div class=\"m-auto text-base py-[18px] px-3 md:px-4 w-full md:px-5 lg:px-4 xl:px-5\">\n<div class=\"mx-auto flex flex-1 gap-4 text-base md:gap-5 lg:gap-6 md:max-w-3xl lg:max-w-[40rem] xl:max-w-[48rem]\">\n<div class=\"group\/conversation-turn relative flex w-full min-w-0 flex-col agent-turn\">\n<div class=\"flex-col gap-1 md:gap-3\">\n<div class=\"flex max-w-full flex-col flex-grow\">\n<div class=\"min-h-8 text-message flex w-full flex-col items-end gap-2 whitespace-normal break-words text-start [.text-message+&amp;]:mt-5\" dir=\"auto\" data-message-author-role=\"assistant\" data-message-id=\"e0c83200-805b-47fc-b9ad-e0aba657fdc7\" data-message-model-slug=\"gpt-4o\">\n<div class=\"flex w-full flex-col gap-1 empty:hidden first:pt-[3px]\">\n<div class=\"markdown prose w-full break-words dark:prose-invert light\">\n<p>Menjalnik za sejalnico gnojil FMP35 je posebej zasnovan za optimizacijo delovanja razli\u010dnih sistemov za gnojenje in setvene opreme. Igra klju\u010dno vlogo pri zagotavljanju natan\u010dnega prenosa mo\u010di, vzdr\u017eljivosti in u\u010dinkovitosti. Spodaj so navedene klju\u010dne uporabe menjalnika FMP35 v kmetijski mehanizaciji:<\/p>\n<p><strong>1. Razpr\u0161ilniki gnojil<\/strong><\/p>\n<ul>\n<li>Menjalnik FMP35 se pogosto uporablja v trosilnikih gnojil, kjer zagotavlja natan\u010dno porazdelitev mo\u010di na diske za raztros gnojil. Menjalnik nadzoruje hitrost in vrtenje trosilnega mehanizma, kar omogo\u010da enakomerno in enakomerno nana\u0161anje granuliranih ali pra\u0161kastih gnojil po polju.<\/li>\n<li>To zagotavlja optimalno pokritost z gnojili, izbolj\u0161uje hranilnost pridelka, hkrati pa zmanj\u0161uje odpadke in prekomerno gnojenje.<\/li>\n<\/ul>\n<p><strong>2. Kombinacije sejalnic in gnojil<\/strong><\/p>\n<ul>\n<li>Menjalnik FMP35 se pogosto uporablja v kombiniranih strojih za setev in gnojenje (znanih tudi kot sejalnice za gnojila). Ti stroji hkrati sejejo semena in nana\u0161ajo gnojila, kar pomaga optimizirati postopek setve z zmanj\u0161anjem potrebe po ve\u010dkratnih prehodih \u010dez polje.<\/li>\n<li>Menjalnik zagotavlja sinhronizirano delovanje sistema za doziranje semen in gnojil, kar vodi do natan\u010dne globine setve in enakomerne porazdelitve gnojila.<\/li>\n<\/ul>\n<p><strong>3. Oprema za precizno kmetijstvo<\/strong><\/p>\n<ul>\n<li>Menjalnik FMP35 se uporablja v orodjih za precizno kmetijstvo, ki zahtevajo visoko natan\u010dnost pri nana\u0161anju gnojil. Poganja trosilne enote, da se zagotovi natan\u010dna porazdelitev gnojil na natan\u010dnih mestih, kar je klju\u010dnega pomena za maksimiranje pridelka in zmanj\u0161anje vhodnih stro\u0161kov.<\/li>\n<li>Zaradi svoje sposobnosti obvladovanja spremenljivih koli\u010din gnojenja je primeren za visokotehnolo\u0161ke sisteme, ki prilagajajo uporabo gnojil glede na stanje tal, zahteve pridelka in terenske zemljevide.<\/li>\n<\/ul>\n<p><strong>4. Sistemi za zra\u010dno sejanje<\/strong><\/p>\n<ul>\n<li>V zra\u010dno name\u0161\u010denih sejalnicah, ki se uporabljajo tako za setev kot za gnojenje, ima menjalnik FMP35 klju\u010dno vlogo pri pogonu razdelilnih ventilatorjev in dozirnih sistemov. Zagotavlja natan\u010dno in enakomerno dovajanje gnojil in semen na tla.<\/li>\n<li>Menjalnik pomaga nadzorovati pretok in hitrost, zaradi \u010desar je bistvena komponenta za zagotavljanje, da se gnojila nana\u0161ajo v pravilni koli\u010dini in ob pravem \u010dasu.<\/li>\n<\/ul>\n<p><strong>5. Razpr\u0161ilni stroji za \u017eito in stro\u010dnice<\/strong><\/p>\n<ul>\n<li>Menjalnik FMP35 se uporablja v razpr\u0161ilnih strojih, namenjenih za tro\u0161enje gnojil in drugih materialov, kot so apno ali semena, na velikih povr\u0161inah. Zagotavlja enakomerno porazdelitev gnojila ali semen, kar je \u0161e posebej pomembno za polj\u0161\u010dine, kot so \u017eita in stro\u010dnice, ki potrebujejo enakomerno pokritost z gnojilom.<\/li>\n<li>To pomaga pove\u010dati pridelek, hkrati pa zmanj\u0161ati koli\u010dino gnojil in zagotoviti, da v tla dose\u017ee pravo koli\u010dino hranil.<\/li>\n<\/ul>\n<p>Menjalnik sejalnice gnojil FMP35 je bistvena komponenta v \u0161iroki paleti kmetijske mehanizacije, saj pove\u010duje u\u010dinkovitost, natan\u010dnost in produktivnost. Zaradi svoje vsestranskosti in vzdr\u017eljivosti je idealna izbira za kmete in upravljavce, ki \u017eelijo optimizirati svoje sisteme za gnojenje za razli\u010dne vrste polj\u0161\u010din in terenske razmere.<\/p>\n<p><img loading=\"lazy\" decoding=\"async\" class=\"alignnone size-full wp-image-3055\" src=\"https:\/\/fmp-components.com\/wp-content\/uploads\/2025\/01\/Fertilizer-Seeder-Gearbox-Agriculture-Applications-scaled.webp\" alt=\"Gnojilo-Sejalni-Menjalnik-Kmetijstvo-Aplikacije\" width=\"2560\" height=\"892\" title=\"\" srcset=\"https:\/\/fmp-components.com\/wp-content\/uploads\/2025\/01\/Fertilizer-Seeder-Gearbox-Agriculture-Applications-scaled.webp 2560w, https:\/\/fmp-components.com\/wp-content\/uploads\/2025\/01\/Fertilizer-Seeder-Gearbox-Agriculture-Applications-1280x446.webp 1280w, https:\/\/fmp-components.com\/wp-content\/uploads\/2025\/01\/Fertilizer-Seeder-Gearbox-Agriculture-Applications-980x341.webp 980w, https:\/\/fmp-components.com\/wp-content\/uploads\/2025\/01\/Fertilizer-Seeder-Gearbox-Agriculture-Applications-480x167.webp 480w\" sizes=\"(min-width: 0px) and (max-width: 480px) 480px, (min-width: 481px) and (max-width: 980px) 980px, (min-width: 981px) and (max-width: 1280px) 1280px, (min-width: 1281px) 2560px, 100vw\" \/><\/p>\n<h2>O FMP-ju<\/h2>\n<p>FMP s sede\u017eem v Italiji je vodilni proizvajalec, znan po svojem strokovnem znanju na podro\u010dju na\u010drtovanja, razvoja in proizvodnje visokozmogljivih menjalnikov, z mo\u010dnim poudarkom na kmetijski mehanizaciji. FMP, znan po natan\u010dnem in\u017eenirstvu, inovativnih re\u0161itvah in neomajni zanesljivosti, si je ustvaril sloves zaupanja vrednega partnerja tako v kmetijskem kot industrijskem sektorju. Na\u0161 obse\u017een portfelj izdelkov vklju\u010duje menjalnike po meri za kosilnice, kardanske gredi in \u0161iroko paleto bistvenih komponent, ki so vse izdelane tako, da ustrezajo specifi\u010dnim zahtevam razli\u010dnih aplikacij.<\/p>\n<p>Pri FMP se zavedamo, da ima vsaka stranka razli\u010dne izzive in zahteve. Zato smo specializirani za ponujanje re\u0161itev po meri \u2013 bodisi za posamezne komponente bodisi za popolnoma integrirane sisteme. S tesnim sodelovanjem z na\u0161imi strankami zagotavljamo, da vsaka re\u0161itev ne le izpolnjuje njihove edinstvene potrebe, temve\u010d tudi izbolj\u0161a u\u010dinkovitost in pove\u010da vrednost. Na\u0161a zavezanost hitrim, profesionalnim odzivom in strokovnemu vodenju zagotavlja, da je vsako povpra\u0161evanje obravnavano natan\u010dno, kar vsaki\u010d prina\u0161a optimalne rezultate.<\/p>\n<p>Prednost dajemo transparentni in stalni komunikaciji skozi celoten cikel razvoja izdelka. Na\u0161a predana ekipa sodeluje neposredno s strankami, da bi temeljito razumela njihove potrebe in jim zagotovila dragocene vpoglede in priporo\u010dila za doseganje najbolj\u0161ih rezultatov. Ne glede na to, ali oblikujemo vrhunske izdelke ali izpolnjujemo rutinska naro\u010dila, je FMP zavezan k zagotavljanju visokokakovostnih, natan\u010dno zasnovanih re\u0161itev, vsaki\u010d pravo\u010dasno. Na\u0161 cilj je dosledno presegati pri\u010dakovanja strank in pri vsakem projektu ponuditi izjemne storitve in rezultate.<\/p>\n<p>Kakovost je v sredi\u0161\u010du delovanja podjetja FMP. Dr\u017eimo se najvi\u0161jih proizvodnih standardov in izvajamo stroge postopke nadzora kakovosti, da zagotovimo, da vsak izdelek izpolnjuje in pogosto presega industrijske standarde. Ta predanost odli\u010dnosti nam je skupaj z na\u0161imi temeljnimi vrednotami, kot so integriteta, timsko delo in vztrajnost, omogo\u010dila, da smo s strankami v skoraj 30 dr\u017eavah po vsem svetu zgradili trajne, na zaupanju temelje\u010de odnose.<\/p>\n<p>FMP si vedno prizadeva za globalna partnerstva in ostaja predan zagotavljanju strokovnih nasvetov in prilagojenih re\u0161itev, ki ustrezajo spreminjajo\u010dim se potrebam na\u0161ih strank. Gremo dlje od zgolj dobave izdelkov \u2013 na\u0161 cilj je vzpostaviti dolgoro\u010dna, obojestransko koristna partnerstva, ki prispevajo k uspehu vsakega projekta. Ne glede na to, ali potrebujete inovativne re\u0161itve za novo pobudo ali stalno podporo za obstoje\u010di sistem, vam je FMP pripravljen pomagati pri premagovanju tehni\u010dnih izzivov in zagotavljanju va\u0161ega nadaljnjega uspeha.<\/p>\n<p><img loading=\"lazy\" decoding=\"async\" class=\"alignnone wp-image-2695\" src=\"https:\/\/fmp-components.com\/wp-content\/uploads\/2025\/01\/agricultural-gearbox3.webp\" alt=\"kmetijski menjalnik\" width=\"1140\" height=\"1138\" title=\"\" srcset=\"https:\/\/fmp-components.com\/wp-content\/uploads\/2025\/01\/agricultural-gearbox3.webp 1140w, https:\/\/fmp-components.com\/wp-content\/uploads\/2025\/01\/agricultural-gearbox3-480x479.webp 480w\" sizes=\"(min-width: 0px) and (max-width: 480px) 480px, (min-width: 481px) 1140px, 100vw\" \/><\/p>\n<p>Avtor: CX<\/p>\n<p>&nbsp;<\/p>\n<\/div>\n<\/div>\n<\/div>\n<\/div>\n<\/div>\n<\/div>\n<\/div>\n<\/div>\n<\/article>","protected":false},"excerpt":{"rendered":"<p>Fertilizer Seeder Gearbox FMP35 Dimensions Fertilizer Seeder Gearbox FMP35 Technical Data i Suitable Rpm input Rpm output Output torque Weight Toothing r\/min r\/min N.m kg Decelerate 24.3:1 Fertilizer broadcaster, etc 1000 41 3500 47 Gleason Helical Teeth Remark: If you have any special require feel free let me know, we also accept custom. A B [&hellip;]<\/p>","protected":false},"featured_media":3056,"comment_status":"open","ping_status":"closed","template":"","meta":{"_et_pb_use_builder":"","_et_pb_old_content":"","_et_gb_content_width":""},"product_brand":[],"product_cat":[71],"product_tag":[],"class_list":{"0":"post-3052","1":"product","2":"type-product","3":"status-publish","4":"has-post-thumbnail","6":"product_cat-fertilizer-seeder-gearbox","8":"first","9":"instock","10":"shipping-taxable","11":"product-type-simple"},"_links":{"self":[{"href":"https:\/\/fmp-components.com\/sl\/wp-json\/wp\/v2\/product\/3052","targetHints":{"allow":["GET"]}}],"collection":[{"href":"https:\/\/fmp-components.com\/sl\/wp-json\/wp\/v2\/product"}],"about":[{"href":"https:\/\/fmp-components.com\/sl\/wp-json\/wp\/v2\/types\/product"}],"replies":[{"embeddable":true,"href":"https:\/\/fmp-components.com\/sl\/wp-json\/wp\/v2\/comments?post=3052"}],"wp:featuredmedia":[{"embeddable":true,"href":"https:\/\/fmp-components.com\/sl\/wp-json\/wp\/v2\/media\/3056"}],"wp:attachment":[{"href":"https:\/\/fmp-components.com\/sl\/wp-json\/wp\/v2\/media?parent=3052"}],"wp:term":[{"taxonomy":"product_brand","embeddable":true,"href":"https:\/\/fmp-components.com\/sl\/wp-json\/wp\/v2\/product_brand?post=3052"},{"taxonomy":"product_cat","embeddable":true,"href":"https:\/\/fmp-components.com\/sl\/wp-json\/wp\/v2\/product_cat?post=3052"},{"taxonomy":"product_tag","embeddable":true,"href":"https:\/\/fmp-components.com\/sl\/wp-json\/wp\/v2\/product_tag?post=3052"}],"curies":[{"name":"delovni list","href":"https:\/\/api.w.org\/{rel}","templated":true}]}}