{"id":3047,"date":"2025-01-04T07:16:41","date_gmt":"2025-01-04T07:16:41","guid":{"rendered":"https:\/\/fmp-components.com\/?page_id=8"},"modified":"2025-01-04T07:16:41","modified_gmt":"2025-01-04T07:16:41","slug":"double-disc-silage-machine-gearbox-fmp-qz115-for-silage-machines","status":"publish","type":"product","link":"https:\/\/fmp-components.com\/sl\/product\/double-disc-silage-machine-gearbox-fmp-qz115-for-silage-machines\/","title":{"rendered":"Dvokolutni menjalnik za sila\u017ene stroje FMP-QZ115 za sila\u017ene stroje"},"content":{"rendered":"<h2>Tehni\u010dni podatki menjalnika FMP-QZ115 z dvojnim diskom za sila\u017eo<\/h2>\n<p><img loading=\"lazy\" decoding=\"async\" class=\"alignnone size-full wp-image-3049\" src=\"https:\/\/fmp-components.com\/wp-content\/uploads\/2025\/01\/Double-Disc-Silage-Machine-Gearbox-EP-QZ115-Dimensions.webp\" alt=\"Dvodiskovni menjalnik sila\u017enega stroja EP-QZ115 - dimenzije\" width=\"1237\" height=\"890\" title=\"\" srcset=\"https:\/\/fmp-components.com\/wp-content\/uploads\/2025\/01\/Double-Disc-Silage-Machine-Gearbox-EP-QZ115-Dimensions.webp 1237w, https:\/\/fmp-components.com\/wp-content\/uploads\/2025\/01\/Double-Disc-Silage-Machine-Gearbox-EP-QZ115-Dimensions-980x705.webp 980w, https:\/\/fmp-components.com\/wp-content\/uploads\/2025\/01\/Double-Disc-Silage-Machine-Gearbox-EP-QZ115-Dimensions-480x345.webp 480w\" sizes=\"(min-width: 0px) and (max-width: 480px) 480px, (min-width: 481px) and (max-width: 980px) 980px, (min-width: 981px) 1237px, 100vw\" \/><\/p>\n<h2>Tehni\u010dni podatki menjalnika FMP-QZ115 z dvojnim diskom za sila\u017eo<\/h2>\n<table style=\"width: 92.4037%; height: 146px;\" border=\"1\" cellspacing=\"0\" cellpadding=\"0\">\n<tbody>\n<tr>\n<td colspan=\"2\" rowspan=\"2\">jaz<\/td>\n<td rowspan=\"2\">Primerno<\/td>\n<td>Vhod vrtljajev<\/td>\n<td>Izhodna vrtljaji<\/td>\n<td>Izhodni navor<\/td>\n<td>Te\u017ea<\/td>\n<td rowspan=\"2\">Izra\u0161\u010danje zob<\/td>\n<\/tr>\n<tr>\n<td>vrt\/min<\/td>\n<td>vrt\/min<\/td>\n<td>Nm<\/td>\n<td>kg<\/td>\n<\/tr>\n<tr>\n<td>Upo\u010dasni<\/td>\n<td>1: 1<\/td>\n<td>stroji za sila\u017eo itd.<\/td>\n<td>1000<\/td>\n<td>1000<\/td>\n<td>580<\/td>\n<td>35<\/td>\n<td>Gleason Helical<br \/>\nZobje<\/td>\n<\/tr>\n<tr>\n<td colspan=\"8\">Opomba: \u010ce imate kakr\u0161ne koli posebne zahteve, mi sporo\u010dite, sprejemamo tudi po meri.<\/td>\n<\/tr>\n<\/tbody>\n<\/table>\n<table style=\"height: 128px; width: 92.5728%;\" border=\"1\" width=\"1005\" cellspacing=\"0\" cellpadding=\"0\">\n<tbody>\n<tr>\n<td style=\"width: 27.4354%;\">A<\/td>\n<td style=\"width: 16.6998%;\">B<\/td>\n<td style=\"width: 27.9324%;\">C<\/td>\n<td style=\"width: 28.329%;\">D<\/td>\n<\/tr>\n<tr>\n<td style=\"width: 27.4354%;\">\u03a645<\/td>\n<td style=\"width: 16.6998%;\">14<\/td>\n<td style=\"width: 27.9324%;\">39.5<\/td>\n<td style=\"width: 28.329%;\">M14<\/td>\n<\/tr>\n<tr>\n<td style=\"width: 27.4354%;\">\u03a640<\/td>\n<td style=\"width: 16.6998%;\">12<\/td>\n<td style=\"width: 27.9324%;\">35<\/td>\n<td style=\"width: 28.329%;\">M12<\/td>\n<\/tr>\n<tr>\n<td style=\"width: 27.4354%;\">\u03a635<\/td>\n<td style=\"width: 16.6998%;\">10<\/td>\n<td style=\"width: 27.9324%;\">30<\/td>\n<td style=\"width: 28.329%;\">M12<\/td>\n<\/tr>\n<\/tbody>\n<\/table>\n<h2>Prednosti menjalnika stroja za sila\u017eo z dvojnim diskom FMP-QZ115<\/h2>\n<p>Dvokolutni menjalnik za sila\u017eo FMP-QZ115 ponuja vrsto prednosti, namenjenih izbolj\u0161anju u\u010dinkovitosti, zanesljivosti in zmogljivosti \u017eetve sila\u017ee. Ta menjalnik, posebej zasnovan za stroje z dvojnimi rezalnimi diski, igra klju\u010dno vlogo v procesu \u017eetve sila\u017ee, saj zagotavlja nemoteno in natan\u010dno delovanje. Klju\u010dne prednosti FMP-QZ115 so naslednje:<\/p>\n<p><strong>1. Visoka u\u010dinkovitost mo\u010di in prenos navora<\/strong><\/p>\n<ul>\n<li>Menjalnik FMP-QZ115 je zasnovan za delo z visokim navorom in zagotavlja u\u010dinkovit prenos mo\u010di iz kardanske gredi traktorja na rezalne diske stroja za sila\u017eo.<\/li>\n<li>Njegova robustna zasnova zagotavlja enakomerno porazdelitev mo\u010di na oba rezalna diska, kar zagotavlja enakomerno silo rezanja po celotni glavi.<\/li>\n<li>Menjalnik zmanj\u0161uje izgubo mo\u010di in s tem pove\u010duje splo\u0161no zmogljivost sila\u017enega stroja.<\/li>\n<\/ul>\n<p><strong>2. Natan\u010dno rezanje za visokokakovostno sila\u017eo<\/strong><\/p>\n<ul>\n<li>Sistem z dvema diskoma, ki ga poganja menjalnik FMP-QZ115, omogo\u010da rezanje krmnih rastlin na enakomerno velike kose, kar je bistveno za zagotavljanje visokokakovostne sila\u017ee.<\/li>\n<li>Sinhrono delovanje rezalnih diskov zagotavlja natan\u010dno in enakomerno dol\u017eino reza, kar je klju\u010dnega pomena za pravilno fermentacijo in optimalno shranjevanje sila\u017ee.<\/li>\n<li>Z natan\u010dnim rezanjem je sila\u017ea bolje primerna za prebavo s strani \u017eivine, kar izbolj\u0161a hranilno vrednost krme.<\/li>\n<\/ul>\n<p><strong>3. Vzdr\u017eljivost in dolgo\u017eivost<\/strong><\/p>\n<ul>\n<li>Menjalnik FMP-QZ115 je izdelan iz trpe\u017enih materialov in napredne tehnologije, kar zagotavlja dolgotrajno delovanje tudi v zahtevnih kmetijskih okoljih.<\/li>\n<li>Zasnovan je za u\u010dinkovito delovanje v te\u017ekih pogojih, vklju\u010dno z visoko obremenitvijo, vlago in izpostavljenostjo umazaniji, ne da bi pri tem ogrozil zanesljivost.<\/li>\n<li>Visokokakovostna konstrukcija menjalnika podalj\u0161uje \u017eivljenjsko dobo stroja in zmanj\u0161uje potrebo po pogostih popravilih in vzdr\u017eevanju.<\/li>\n<\/ul>\n<p><strong>4. Kompaktna in lahka zasnova<\/strong><\/p>\n<ul>\n<li>Menjalnik FMP-QZ115 je kompakten in lahek, kar omogo\u010da la\u017ejo integracijo v sila\u017eno napravo brez nepotrebnega pove\u010danja te\u017ee ali prostornine.<\/li>\n<li>To prispeva k splo\u0161ni okretnosti in manevrski sposobnosti stroja, kar omogo\u010da bolj\u0161e upravljanje in zmanj\u0161uje operativno obremenitev traktorja.<\/li>\n<\/ul>\n<p><strong>5. Zmanj\u0161ane zahteve glede vzdr\u017eevanja<\/strong><\/p>\n<ul>\n<li>Menjalnik je zasnovan z nizko stopnjo vzdr\u017eevanja, saj vklju\u010duje zatesnjene le\u017eaje in napredne sisteme mazanja, ki zmanj\u0161ujejo obrabo notranjih komponent.<\/li>\n<li>To zmanj\u0161a \u010das izpada in skupne stro\u0161ke lastni\u0161tva z zmanj\u0161anjem potreb po vzdr\u017eevanju in servisiranju.<\/li>\n<li>Samomazalne funkcije zagotavljajo, da notranji deli ostanejo pravilno naoljeni, kar vodi do bolj gladkega delovanja in ve\u010dje zanesljivosti.<\/li>\n<\/ul>\n<p>Dvokolutni menjalnik za sila\u017eno napravo FMP-QZ115 zagotavlja izjemno kombinacijo vzdr\u017eljivosti, natan\u010dnosti in u\u010dinkovitosti, zaradi \u010desar je idealna izbira za sodobne operacije \u017eetve sila\u017ee. Njegove napredne funkcije izbolj\u0161ujejo splo\u0161no kakovost sila\u017ee, zmanj\u0161ujejo stro\u0161ke vzdr\u017eevanja in podalj\u0161ujejo \u017eivljenjsko dobo menjalnika in stroja, kar ima za posledico produktivnej\u0161i in stro\u0161kovno u\u010dinkovitej\u0161i postopek \u017eetve.<\/p>\n<p><img loading=\"lazy\" decoding=\"async\" class=\"alignnone  wp-image-3042\" src=\"https:\/\/fmp-components.com\/wp-content\/uploads\/2025\/01\/Silage-Machine-Gearbox-EP-QZ-QGXRL-for-German-Champion-Four-Disc-Type-3500-Applications-2-1024x641-1.webp\" alt=\"Menjalnik-stroja-za-sila\u017eo-EP-QZ-QGXRL-za-German-Champion-\u0161tiri-diskovni-tip-3500-Aplikacije-2-1024x641\" width=\"1093\" height=\"684\" title=\"\" srcset=\"https:\/\/fmp-components.com\/wp-content\/uploads\/2025\/01\/Silage-Machine-Gearbox-EP-QZ-QGXRL-for-German-Champion-Four-Disc-Type-3500-Applications-2-1024x641-1.webp 1093w, https:\/\/fmp-components.com\/wp-content\/uploads\/2025\/01\/Silage-Machine-Gearbox-EP-QZ-QGXRL-for-German-Champion-Four-Disc-Type-3500-Applications-2-1024x641-1-980x613.webp 980w, https:\/\/fmp-components.com\/wp-content\/uploads\/2025\/01\/Silage-Machine-Gearbox-EP-QZ-QGXRL-for-German-Champion-Four-Disc-Type-3500-Applications-2-1024x641-1-480x300.webp 480w\" sizes=\"(min-width: 0px) and (max-width: 480px) 480px, (min-width: 481px) and (max-width: 980px) 980px, (min-width: 981px) 1093px, 100vw\" \/><\/p>\n<h2>Uporaba menjalnika stroja za sila\u017eo z dvojnim diskom FMP-QZ115<\/h2>\n<p>Dvokolutni menjalnik za sila\u017eo FMP-QZ115 je posebej zasnovan za izbolj\u0161anje zmogljivosti in u\u010dinkovitosti \u017eetve sila\u017ee. Zaradi robustne konstrukcije in natan\u010dnih lastnosti je primeren za \u0161irok spekter kmetijskih aplikacij. Spodaj so navedene klju\u010dne uporabe menjalnika FMP-QZ115:<\/p>\n<p><strong>1. \u017detev sila\u017ee<\/strong><\/p>\n<ul>\n<li>Menjalnik FMP-QZ115 se uporablja predvsem v strojih za sila\u017eo, kjer poganja dvojne rezalne diske, ki so odgovorni za sekljanje krmnih pridelkov na majhne, \u200b\u200benakomerne kose. Ti drobno sesekljani kosi se nato obdelajo in shranijo kot sila\u017ea.<\/li>\n<li>Menjalnik zagotavlja u\u010dinkovit prenos mo\u010di iz kardanske gredi traktorja na oba rezalna diska, kar zagotavlja dosledno in zanesljivo delovanje med postopkom \u017eetve sila\u017ee.<\/li>\n<\/ul>\n<p><strong>2. Ko\u0161nja in sekljanje krme<\/strong><\/p>\n<ul>\n<li>Menjalnik je sestavni del strojev, ki sekajo razli\u010dne krmne rastline, vklju\u010dno s koruzo, travo, lucerno in drugimi rastlinami, primernimi za sila\u017eo.<\/li>\n<li>Omogo\u010da natan\u010dno in enakomerno rezanje, kar je bistvenega pomena za zagotavljanje kakovosti in doslednosti sila\u017ee. Enakomernost dol\u017eine reza izbolj\u0161a proces fermentacije in splo\u0161no hranilno vrednost sila\u017ee, zaradi \u010desar je klju\u010dno orodje tako za manj\u0161o kot za veliko proizvodnjo krme.<\/li>\n<\/ul>\n<p><strong>3. Ve\u010ddiskovni silokombajni<\/strong><\/p>\n<ul>\n<li>FMP-QZ115 je \u0161e posebej primeren za sisteme za \u017eetev krme z ve\u010d diski, kjer hkrati poganja dva rezalna diska. To zagotavlja sinhronizirano delovanje, kar omogo\u010da u\u010dinkovito in enakomerno obdelavo pridelka.<\/li>\n<li>Z isto\u010dasnim pogonom ve\u010d diskov menjalnik izbolj\u0161a natan\u010dnost rezanja in pove\u010da produktivnost celotnega stroja za sila\u017eo.<\/li>\n<\/ul>\n<p><strong>4. Pridelava sena\u017ee<\/strong><\/p>\n<ul>\n<li>Menjalnik se lahko uporablja tudi pri proizvodnji sena\u017ee, ki se pridobiva z rezanjem in skladi\u0161\u010denjem trave ali stro\u010dnic z vi\u0161jo vsebnostjo vlage kot tradicionalno seno.<\/li>\n<li>FMP-QZ115 zagotavlja, da lahko rezalni mehanizem obdela bolj moker material, ki je obi\u010dajno povezan s proizvodnjo sena\u017ee, ne da bi pri tem \u017ertvoval u\u010dinkovitost ali kakovost rezanja.<\/li>\n<\/ul>\n<p><strong>5. Kmetijske aplikacije z visokim navorom<\/strong><\/p>\n<ul>\n<li>Menjalnik FMP-QZ115, zasnovan za obvladovanje visokih zahtev glede navora, je idealen za te\u017eka kmetijska opravila, kot je rezanje gostih, vlaknastih polj\u0161\u010din ali debelih stebel. Njegova robustna konstrukcija zagotavlja, da lahko obdeluje zahtevne materiale, kot so zrela koruzna stebla ali lesnata krma, in zagotavlja visok navor brez kompromisov pri zmogljivosti.<\/li>\n<li>Zaradi visokega navora je primeren za uporabo v okoljih z visokimi zahtevami pri \u017eetvi, kjer je bistvenega pomena dosledna in zanesljiva mo\u010d.<\/li>\n<\/ul>\n<p>Dvokolutni menjalnik za sila\u017eo FMP-QZ115 je bistvenega pomena za izbolj\u0161anje u\u010dinkovitosti, zanesljivosti in natan\u010dnosti sila\u017enih kombajnov. Zaradi prilagodljivosti razli\u010dnim pridelkom, sposobnosti obvladovanja aplikacij z visokim navorom in vsestranske zasnove je dragocena komponenta za kmetijska podjetja, ki \u017eelijo optimizirati proizvodnjo sila\u017ee, tako v majhnem kot velikem obsegu.<\/p>\n<p><img loading=\"lazy\" decoding=\"async\" class=\"alignnone size-full wp-image-3051\" src=\"https:\/\/fmp-components.com\/wp-content\/uploads\/2025\/01\/Double-Disc-Silage-Machine-Gearbox-EP-QZ115-Applications.webp\" alt=\"Dvodiskovni menjalnik stroja za sila\u017eo EP-QZ115 - Uporaba\" width=\"1024\" height=\"576\" title=\"\" srcset=\"https:\/\/fmp-components.com\/wp-content\/uploads\/2025\/01\/Double-Disc-Silage-Machine-Gearbox-EP-QZ115-Applications.webp 1024w, https:\/\/fmp-components.com\/wp-content\/uploads\/2025\/01\/Double-Disc-Silage-Machine-Gearbox-EP-QZ115-Applications-980x551.webp 980w, https:\/\/fmp-components.com\/wp-content\/uploads\/2025\/01\/Double-Disc-Silage-Machine-Gearbox-EP-QZ115-Applications-480x270.webp 480w\" sizes=\"(min-width: 0px) and (max-width: 480px) 480px, (min-width: 481px) and (max-width: 980px) 980px, (min-width: 981px) 1024px, 100vw\" \/><\/p>\n<h3>O FMP-ju<\/h3>\n<p>FMP s sede\u017eem v Italiji je vodilni proizvajalec, znan po svojem strokovnem znanju na podro\u010dju na\u010drtovanja, razvoja in proizvodnje visokozmogljivih menjalnikov, s posebnim poudarkom na sektorju kmetijske mehanizacije. FMP je prepoznan po svojem natan\u010dnem in\u017eeniringu, inovativnih re\u0161itvah in neomajni zanesljivosti, s \u010dimer se je uveljavil kot zaupanja vreden partner tako kmetijski kot industrijski industriji. Na\u0161 obse\u017een portfelj izdelkov vklju\u010duje menjalnike po meri za kosilnice, kardanske gredi in \u0161iroko paleto bistvenih komponent, ki so vse prilagojene raznolikim zahtevam razli\u010dnih aplikacij.<\/p>\n<p>Pri FMP razumemo, da se vsaka stranka soo\u010da z edinstvenimi izzivi in \u200b\u200bpotrebami. Zato smo specializirani za zagotavljanje prilagojenih re\u0161itev, bodisi za posamezne komponente bodisi za popolnoma integrirane sisteme. S tesnim sodelovanjem z na\u0161imi strankami zagotavljamo, da vsaka re\u0161itev ne le izpolnjuje njihove specifi\u010dne zahteve, temve\u010d tudi optimizira delovanje in doda znatno vrednost. Na\u0161a predanost hitrim, profesionalnim odzivom in strokovnemu vodenju zagotavlja, da je vsako povpra\u0161evanje obravnavano natan\u010dno, kar zagotavlja najbolj\u0161e rezultate vsaki\u010d.<\/p>\n<p>Velik poudarek dajemo transparentni in stalni komunikaciji skozi celoten proces razvoja izdelkov. Na\u0161a izku\u0161ena ekipa sodeluje neposredno s strankami, da bi pridobila poglobljeno razumevanje njihovih potreb, in jim ponuja pronicljiva priporo\u010dila za zagotavljanje optimalnih rezultatov. Ne glede na to, ali izdelujemo vrhunske izdelke ali izpolnjujemo rutinska naro\u010dila, je FMP zavezan k zagotavljanju visokokakovostnih, natan\u010dno zasnovanih re\u0161itev, ki dosledno izpolnjujejo roke. Na\u0161e poslanstvo je prese\u010di pri\u010dakovanja strank z zagotavljanjem izjemnih storitev in rezultatov pri vsakem projektu.<\/p>\n<p>Pri FMP je kakovost temelj vsega, kar po\u010dnemo. Spo\u0161tujemo najvi\u0161je proizvodne standarde in uporabljamo stroge ukrepe za nadzor kakovosti, da zagotovimo, da vsak izdelek ne le izpolnjuje, ampak tudi presega industrijske standarde. Ta zavezanost odli\u010dnosti, skupaj z na\u0161imi temeljnimi vrednotami integritete, timskega dela in vztrajnosti, nam je omogo\u010dila, da smo zgradili mo\u010dne, na zaupanju temelje\u010de odnose s strankami v skoraj 30 dr\u017eavah po vsem svetu.<\/p>\n<p>FMP si vedno prizadeva za spodbujanje globalnih partnerstev in ostaja predan ponujanju strokovnih nasvetov in prilagojenih re\u0161itev, ki odgovarjajo na spreminjajo\u010de se potrebe na\u0161ih strank. Gremo dlje od zgolj dobave izdelkov; na\u0161 cilj je vzpostaviti dolgoro\u010dna partnerstva, ki prispevajo k uspehu vsakega projekta. Ne glede na to, ali potrebujete inovativne re\u0161itve za novo pobudo ali stalno podporo za obstoje\u010di sistem, vam je FMP pripravljen pomagati pri re\u0161evanju tehni\u010dnih izzivov in zagotoviti va\u0161 nadaljnji uspeh.<\/p>\n<p><img loading=\"lazy\" decoding=\"async\" class=\"alignnone wp-image-2695\" src=\"https:\/\/fmp-components.com\/wp-content\/uploads\/2025\/01\/agricultural-gearbox3.webp\" alt=\"kmetijski menjalnik\" width=\"953\" height=\"951\" title=\"\" srcset=\"https:\/\/fmp-components.com\/wp-content\/uploads\/2025\/01\/agricultural-gearbox3.webp 953w, https:\/\/fmp-components.com\/wp-content\/uploads\/2025\/01\/agricultural-gearbox3-480x479.webp 480w\" sizes=\"(min-width: 0px) and (max-width: 480px) 480px, (min-width: 481px) 953px, 100vw\" \/><\/p>\n<p>Avtor: CX<\/p>\n<p>&nbsp;<\/p>","protected":false},"excerpt":{"rendered":"<p>Double Disc Silage Machine Gearbox FMP-QZ115 Technical Data Double Disc Silage Machine Gearbox FMP-QZ115 Technical Data i Suitable Rpm input Rpm output Output torque Weight Toothing r\/min r\/min N.m kg Decelerate 1: 1 silage machines, etc 1000 1000 580 35 Gleason Helical Teeth Remark: If you have any special require feel free let me know, [&hellip;]<\/p>","protected":false},"featured_media":3050,"comment_status":"open","ping_status":"closed","template":"","meta":{"_et_pb_use_builder":"","_et_pb_old_content":"","_et_gb_content_width":""},"product_brand":[],"product_cat":[69],"product_tag":[],"class_list":{"0":"post-3047","1":"product","2":"type-product","3":"status-publish","4":"has-post-thumbnail","6":"product_cat-silage-machine-gearbox","8":"first","9":"instock","10":"shipping-taxable","11":"product-type-simple"},"_links":{"self":[{"href":"https:\/\/fmp-components.com\/sl\/wp-json\/wp\/v2\/product\/3047","targetHints":{"allow":["GET"]}}],"collection":[{"href":"https:\/\/fmp-components.com\/sl\/wp-json\/wp\/v2\/product"}],"about":[{"href":"https:\/\/fmp-components.com\/sl\/wp-json\/wp\/v2\/types\/product"}],"replies":[{"embeddable":true,"href":"https:\/\/fmp-components.com\/sl\/wp-json\/wp\/v2\/comments?post=3047"}],"wp:featuredmedia":[{"embeddable":true,"href":"https:\/\/fmp-components.com\/sl\/wp-json\/wp\/v2\/media\/3050"}],"wp:attachment":[{"href":"https:\/\/fmp-components.com\/sl\/wp-json\/wp\/v2\/media?parent=3047"}],"wp:term":[{"taxonomy":"product_brand","embeddable":true,"href":"https:\/\/fmp-components.com\/sl\/wp-json\/wp\/v2\/product_brand?post=3047"},{"taxonomy":"product_cat","embeddable":true,"href":"https:\/\/fmp-components.com\/sl\/wp-json\/wp\/v2\/product_cat?post=3047"},{"taxonomy":"product_tag","embeddable":true,"href":"https:\/\/fmp-components.com\/sl\/wp-json\/wp\/v2\/product_tag?post=3047"}],"curies":[{"name":"delovni list","href":"https:\/\/api.w.org\/{rel}","templated":true}]}}