{"id":304,"date":"2024-12-09T06:10:04","date_gmt":"2024-12-09T06:10:04","guid":{"rendered":"https:\/\/fmp-components.com\/?page_id=8"},"modified":"2024-12-09T06:44:10","modified_gmt":"2024-12-09T06:44:10","slug":"forklift-lifting-hydraulic-cylinder","status":"publish","type":"product","link":"https:\/\/fmp-components.com\/sl\/product\/forklift-lifting-hydraulic-cylinder\/","title":{"rendered":"Hidravli\u010dni cilinder za dvigovanje vili\u010darja"},"content":{"rendered":"<p style=\"text-align: center;\"><span style=\"font-size: 24pt;\">Hidravli\u010dni cilinder za dvigovanje vili\u010darja<\/span><\/p>\n<h2><img loading=\"lazy\" decoding=\"async\" class=\"alignnone wp-image-311\" src=\"https:\/\/fmp-components.com\/wp-content\/uploads\/2024\/12\/Forklift-Lifting-Hydraulic-Cylinder-2.webp\" alt=\"Hidravli\u010dni valj za dvigovanje vili\u010darja\" width=\"931\" height=\"931\" title=\"\" srcset=\"https:\/\/fmp-components.com\/wp-content\/uploads\/2024\/12\/Forklift-Lifting-Hydraulic-Cylinder-2.webp 931w, https:\/\/fmp-components.com\/wp-content\/uploads\/2024\/12\/Forklift-Lifting-Hydraulic-Cylinder-2-480x480.webp 480w\" sizes=\"(min-width: 0px) and (max-width: 480px) 480px, (min-width: 481px) 931px, 100vw\" \/><\/h2>\n<h2><strong>Dimenzije hidravli\u010dnega cilindra za dvigovanje vili\u010darja:<\/strong><\/h2>\n<p><img loading=\"lazy\" decoding=\"async\" class=\"alignnone size-full wp-image-306\" src=\"https:\/\/fmp-components.com\/wp-content\/uploads\/2024\/12\/Forklift-Lifting-Hydraulic-Cylinder-Dimensions.webp\" alt=\"Dimenzije hidravli\u010dnega cilindra za dvigovanje vili\u010darja\" width=\"1024\" height=\"403\" title=\"\" srcset=\"https:\/\/fmp-components.com\/wp-content\/uploads\/2024\/12\/Forklift-Lifting-Hydraulic-Cylinder-Dimensions.webp 1024w, https:\/\/fmp-components.com\/wp-content\/uploads\/2024\/12\/Forklift-Lifting-Hydraulic-Cylinder-Dimensions-980x386.webp 980w, https:\/\/fmp-components.com\/wp-content\/uploads\/2024\/12\/Forklift-Lifting-Hydraulic-Cylinder-Dimensions-480x189.webp 480w\" sizes=\"(min-width: 0px) and (max-width: 480px) 480px, (min-width: 481px) and (max-width: 980px) 980px, (min-width: 981px) 1024px, 100vw\" \/><\/p>\n<table border=\"1\" cellspacing=\"0\" cellpadding=\"0\">\n<tbody>\n<tr>\n<td width=\"246\">Ime cilindra<\/td>\n<td width=\"336\">\u0161tevilka risbe<\/td>\n<td width=\"126\">premer izvrtine (D)<\/td>\n<td width=\"123\">premer palice (d)<\/td>\n<td width=\"114\">hod (S)<\/td>\n<td width=\"170\">Razdalja namestitve (L)<\/td>\n<td width=\"172\">delovni tlak<\/td>\n<td width=\"366\">Dimenzije vmesnika (M)<\/td>\n<td width=\"96\">te\u017ea<\/td>\n<\/tr>\n<tr>\n<td class=\"et3\" width=\"246\" height=\"153\">Dvi\u017eni valj<\/td>\n<td class=\"et4\" width=\"336\">N30M300-5\/400000-000<\/td>\n<td class=\"et4\" width=\"126\">\u03a656<\/td>\n<td class=\"et4\" width=\"123\">\u03a645<\/td>\n<td class=\"et4\" width=\"114\">1500<\/td>\n<td class=\"et4\" width=\"170\">1658<\/td>\n<td class=\"et4\" width=\"172\">18,1 MPa<\/td>\n<td class=\"et4\" width=\"366\">G1\/2<\/td>\n<td class=\"et4\" width=\"96\">32,6 kg<\/td>\n<\/tr>\n<tr>\n<td class=\"et3\" width=\"246\" height=\"153\">Dvi\u017eni valj<\/td>\n<td class=\"et4\">A2A30M300-400000-000<\/td>\n<td class=\"et4\">\u03a656<\/td>\n<td class=\"et4\">\u03a645<\/td>\n<td class=\"et4\">1500<\/td>\n<td class=\"et4\">1658<\/td>\n<td class=\"et4\">18,1 MPa<\/td>\n<td class=\"et4\">M22*1,5<\/td>\n<td class=\"et4\">36 kg<\/td>\n<\/tr>\n<tr>\n<td class=\"et3\" width=\"246\" height=\"153\">Dvi\u017eni valj<\/td>\n<td class=\"et4\">3,5N4,5H-400000-003<\/td>\n<td class=\"et4\">\u03a660<\/td>\n<td class=\"et4\">\u03a645<\/td>\n<td class=\"et4\">1505<\/td>\n<td class=\"et4\">1780<\/td>\n<td class=\"et4\">17,5 MPa<\/td>\n<td class=\"et4\">M22*1,5<\/td>\n<td class=\"et4\">41 kg<\/td>\n<\/tr>\n<tr>\n<td class=\"et3\" width=\"246\" height=\"153\">Dvi\u017eni valj<\/td>\n<td class=\"et4\">N35M300-5\/400000-001A<\/td>\n<td class=\"et4\">\u03a660<\/td>\n<td class=\"et4\">\u03a645<\/td>\n<td class=\"et4\">1500<\/td>\n<td class=\"et4\">1808<\/td>\n<td class=\"et4\">18,1 MPa<\/td>\n<td class=\"et4\">G1\/2<\/td>\n<td class=\"et4\">46 kg<\/td>\n<\/tr>\n<tr>\n<td class=\"et3\" width=\"246\" height=\"153\">Dvi\u017eni valj<\/td>\n<td class=\"et4\">A2A35M300-400000-000<\/td>\n<td class=\"et4\">\u03a660<\/td>\n<td class=\"et4\">\u03a645<\/td>\n<td class=\"et4\">1500<\/td>\n<td class=\"et4\">1808<\/td>\n<td class=\"et4\">18,1 MPa<\/td>\n<td class=\"et4\">M22*1,5<\/td>\n<td class=\"et4\">50 kg<\/td>\n<\/tr>\n<\/tbody>\n<\/table>\n<h3>Zna\u010dilnosti hidravli\u010dnega cilindra za dvigovanje vili\u010darjev<\/h3>\n<p><strong>Visoka dvi\u017ena zmogljivost<\/strong><br \/>\nHidravli\u010dni cilinder za dvigovanje vili\u010darjev je zasnovan za ravnanje s te\u017ekimi bremeni in zagotavlja potrebno silo za dvigovanje znatnih te\u017e. Z robustno konstrukcijo in visokotla\u010dnim hidravli\u010dnim sistemom zagotavlja gladko in u\u010dinkovito dvigovanje blaga, palet in opreme. Trdnost cilindra je klju\u010dnega pomena za vili\u010darje, ki delujejo v skladi\u0161\u010dih, distribucijskih centrih in proizvodnih obratih, kjer je dvi\u017ena zmogljivost bistvena za varno in u\u010dinkovito ravnanje z velikimi in zajetnimi predmeti.<\/p>\n<p><strong>Vzdr\u017eljivost in zanesljivost<\/strong><br \/>\nHidravli\u010dni cilindri za dvigovanje vili\u010darjev so izdelani tako, da prenesejo te\u017eke delovne pogoje, vklju\u010dno s cikli te\u017ekih obremenitev in ekstremnimi okoljskimi dejavniki. Izdelani so iz visokokakovostnih materialov, zato so odporni proti obrabi, koroziji in po\u0161kodbam, ki jih povzro\u010di pogosta uporaba. Zanesljivo delovanje cilindra zagotavlja, da vili\u010dar deluje z minimalnim \u010dasom izpada, kar je klju\u010dnega pomena za ohranjanje produktivnosti v hitro spreminjajo\u010dih se okoljih. Redno vzdr\u017eevanje in pregledi zagotavljajo, da ti cilindri \u0161e naprej delujejo optimalno, kar podalj\u0161uje \u017eivljenjsko dobo opreme.<\/p>\n<p><strong>Gladko in natan\u010dno delovanje<\/strong><br \/>\nHidravli\u010dni cilinder za dvigovanje vili\u010darja zagotavlja gladko in natan\u010dno dvigovanje in spu\u0161\u010danje. Hidravli\u010dni sistem omogo\u010da nadzorovano, postopno gibanje, kar zmanj\u0161uje tveganje sunkovitih gibov ali nenadnih premikov, ki bi lahko po\u0161kodovali tovor ali ogrozili varnost. Ta natan\u010den nadzor izbolj\u0161a samozavest in u\u010dinkovitost upravljavca, saj lahko dviguje in pozicionira tovor natan\u010dno, tudi v omejenih ali nevarnih situacijah. Rezultat je varnej\u0161e in u\u010dinkovitej\u0161e dvigovanje, ki izbolj\u0161a splo\u0161no zmogljivost vili\u010darja.<\/p>\n<h3><img loading=\"lazy\" decoding=\"async\" class=\"alignnone size-full wp-image-310\" src=\"https:\/\/fmp-components.com\/wp-content\/uploads\/2024\/12\/Forklift-Lifting-Hydraulic-Cylinder-1.webp\" alt=\"Hidravli\u010dni valj za dvigovanje vili\u010darja\" width=\"1280\" height=\"720\" title=\"\" srcset=\"https:\/\/fmp-components.com\/wp-content\/uploads\/2024\/12\/Forklift-Lifting-Hydraulic-Cylinder-1.webp 1280w, https:\/\/fmp-components.com\/wp-content\/uploads\/2024\/12\/Forklift-Lifting-Hydraulic-Cylinder-1-980x551.webp 980w, https:\/\/fmp-components.com\/wp-content\/uploads\/2024\/12\/Forklift-Lifting-Hydraulic-Cylinder-1-480x270.webp 480w\" sizes=\"(min-width: 0px) and (max-width: 480px) 480px, (min-width: 481px) and (max-width: 980px) 980px, (min-width: 981px) 1280px, 100vw\" \/><\/h3>\n<h3>O FMP-ju<\/h3>\n<p>FMP je specializiran proizvajalec hidravli\u010dnih cilindrov z mo\u010dnim poudarkom na raziskavah in proizvodnji. Podjetje se je od svoje ustanovitve dosledno osredoto\u010dalo na razvoj hidravli\u010dnih cilindrov, pri \u010demer se je razvilo od proizvodnje razli\u010dnih izdelkov, kot so stroji za \u017eetev in gradbeni\u0161tvo, do specializacije za komponente kmetijskih traktorjev. Z ve\u010d kot desetletjem proizvodnega znanja, vodstvenih izku\u0161enj in napredne proizvodne tehnologije FMP zagotavlja najvi\u0161jo kakovost svojih izdelkov.<\/p>\n<p>Z rastjo podjetja v strokovni smeri je vzpostavilo celovito linijo za strojno obdelavo, monta\u017eno linijo in linijo za premazovanje. FMP podpira predana ekipa izku\u0161enega vodstvenega osebja, usposobljenih strojnih oblikovalcev in visoko usposobljenih tehni\u010dnih delavcev. To zagotavlja stabilno kakovost izdelkov, hkrati pa u\u010dinkovito nadzoruje neprekinjenost procesa in splo\u0161no u\u010dinkovitost proizvodnje.<\/p>\n<p>FMP se dr\u017ei temeljnih vrednot \u00bbTehnolo\u0161ke inovacije spodbujajo napredek, kakovost ustvarja blagovne znamke, obrtni\u0161ka spretnost zagotavlja kakovost in gradi dolgoro\u010dne odnose, v katerih vsi pridobijo.\u00ab Podjetje ostaja zavezano zagotavljanju visokokakovostnih izdelkov ob hkratnem zagotavljanju vrhunske storitve za stranke in si vedno prizadeva zadovoljiti spreminjajo\u010de se potrebe trga.<\/p>\n<p><img loading=\"lazy\" decoding=\"async\" class=\"alignnone wp-image-303\" src=\"https:\/\/fmp-components.com\/wp-content\/uploads\/2024\/12\/hydraulic-cylinder-factory-11_1.webp\" alt=\"tovarna-hidravli\u010dnih-valjev\" width=\"917\" height=\"1003\" title=\"\" srcset=\"https:\/\/fmp-components.com\/wp-content\/uploads\/2024\/12\/hydraulic-cylinder-factory-11_1.webp 917w, https:\/\/fmp-components.com\/wp-content\/uploads\/2024\/12\/hydraulic-cylinder-factory-11_1-480x525.webp 480w\" sizes=\"(min-width: 0px) and (max-width: 480px) 480px, (min-width: 481px) 917px, 100vw\" \/><\/p>\n<table style=\"width: 100%;\" border=\"1\" width=\"100%\" cellspacing=\"0\" cellpadding=\"0\">\n<tbody>\n<tr>\n<td style=\"width: 41.9294%;\" width=\"226\"><img loading=\"lazy\" decoding=\"async\" class=\"alignnone size-full wp-image-309\" src=\"https:\/\/fmp-components.com\/wp-content\/uploads\/2024\/12\/Forklift-Tilt-Hydraulic-Cylinder.webp\" alt=\"Hidravli\u010dni cilinder za nagibanje vili\u010darja\" width=\"1000\" height=\"750\" title=\"\" srcset=\"https:\/\/fmp-components.com\/wp-content\/uploads\/2024\/12\/Forklift-Tilt-Hydraulic-Cylinder.webp 1000w, https:\/\/fmp-components.com\/wp-content\/uploads\/2024\/12\/Forklift-Tilt-Hydraulic-Cylinder-980x735.webp 980w, https:\/\/fmp-components.com\/wp-content\/uploads\/2024\/12\/Forklift-Tilt-Hydraulic-Cylinder-480x360.webp 480w\" sizes=\"(min-width: 0px) and (max-width: 480px) 480px, (min-width: 481px) and (max-width: 980px) 980px, (min-width: 981px) 1000px, 100vw\" \/><\/td>\n<td style=\"width: 55.6484%;\" width=\"64\"><img loading=\"lazy\" decoding=\"async\" class=\"alignnone wp-image-283\" src=\"https:\/\/fmp-components.com\/wp-content\/uploads\/2024\/12\/hydraulic-cylinder-factory-5.webp\" alt=\"tovarna-hidravli\u010dnih-valjev\" width=\"542\" height=\"312\" title=\"\"><\/td>\n<\/tr>\n<\/tbody>\n<\/table>\n<p>Avtor: CX<\/p>","protected":false},"excerpt":{"rendered":"<p>Hidravli\u010dni cilinder za dvigovanje vili\u010darja je odgovoren za zagotavljanje navpi\u010dne dvi\u017ene sile, potrebne za dvigovanje in spu\u0161\u010danje te\u017ekih bremen. Ta cilinder uporablja hidravli\u010dni tlak za dvigovanje teleskopa vili\u010darja in priklju\u010dkov, kar upravljavcem omogo\u010da u\u010dinkovito ravnanje in premikanje palet, kontejnerjev in drugih materialov. Hidravli\u010dni cilinder za dvigovanje je zasnovan tako, da prenese visoke pritiske in te\u017eka dela, zato zagotavlja gladke in nadzorovane dvi\u017ene gibe, hkrati pa ohranja stabilnost in varnost, tudi pri ravnanju z velikimi ali zajetnimi predmeti. Zaradi svoje robustne konstrukcije je bistveni sestavni del vili\u010darjev, ki delujejo v skladi\u0161\u010dih, distribucijskih centrih in drugih industrijskih okoljih, kjer je zanesljivo in mo\u010dno dvigovanje klju\u010dnega pomena za produktivnost.<\/p>","protected":false},"featured_media":311,"comment_status":"open","ping_status":"closed","template":"","meta":{"_et_pb_use_builder":"","_et_pb_old_content":"","_et_gb_content_width":""},"product_brand":[],"product_cat":[20],"product_tag":[],"class_list":{"0":"post-304","1":"product","2":"type-product","3":"status-publish","4":"has-post-thumbnail","6":"product_cat-forklift-hydraulic-cylinders","8":"first","9":"instock","10":"shipping-taxable","11":"product-type-simple"},"_links":{"self":[{"href":"https:\/\/fmp-components.com\/sl\/wp-json\/wp\/v2\/product\/304","targetHints":{"allow":["GET"]}}],"collection":[{"href":"https:\/\/fmp-components.com\/sl\/wp-json\/wp\/v2\/product"}],"about":[{"href":"https:\/\/fmp-components.com\/sl\/wp-json\/wp\/v2\/types\/product"}],"replies":[{"embeddable":true,"href":"https:\/\/fmp-components.com\/sl\/wp-json\/wp\/v2\/comments?post=304"}],"wp:featuredmedia":[{"embeddable":true,"href":"https:\/\/fmp-components.com\/sl\/wp-json\/wp\/v2\/media\/311"}],"wp:attachment":[{"href":"https:\/\/fmp-components.com\/sl\/wp-json\/wp\/v2\/media?parent=304"}],"wp:term":[{"taxonomy":"product_brand","embeddable":true,"href":"https:\/\/fmp-components.com\/sl\/wp-json\/wp\/v2\/product_brand?post=304"},{"taxonomy":"product_cat","embeddable":true,"href":"https:\/\/fmp-components.com\/sl\/wp-json\/wp\/v2\/product_cat?post=304"},{"taxonomy":"product_tag","embeddable":true,"href":"https:\/\/fmp-components.com\/sl\/wp-json\/wp\/v2\/product_tag?post=304"}],"curies":[{"name":"delovni list","href":"https:\/\/api.w.org\/{rel}","templated":true}]}}