{"id":2965,"date":"2025-01-04T05:29:29","date_gmt":"2025-01-04T05:29:29","guid":{"rendered":"https:\/\/fmp-components.com\/product\/ningbo-bridge-split-type-steering-cylinder\/"},"modified":"2025-01-04T05:38:39","modified_gmt":"2025-01-04T05:38:39","slug":"ningbo-bridge-split-type-steering-cylinder","status":"publish","type":"product","link":"https:\/\/fmp-components.com\/sl\/product\/ningbo-bridge-split-type-steering-cylinder\/","title":{"rendered":"Krmilni valj z razcepljenim mostom Ningbo"},"content":{"rendered":"<h2>Opis izdelka:<\/h2>\n<p>Vgrajeni krmilni valj Ningbo Bridge je visokokakovosten krmilni element, zasnovan za te\u017eka tovorna vozila. Izdelan je natan\u010dno in vklju\u010duje napredne funkcije, ki zagotavljajo gladko in zanesljivo krmiljenje.<\/p>\n<p>Ta volanski valj je izdelan iz vrhunskih materialov in je zasnovan tako, da prenese najte\u017eje pogoje. Njegova integrirana zasnova omogo\u010da enostavno namestitev in vzdr\u017eevanje, zaradi kompaktne velikosti pa je primeren za \u0161irok spekter uporabe.<\/p>\n<p>Z napredno zasnovo in visokokakovostno konstrukcijo integrirani krmilni valj Ningbo Bridge zagotavlja vrhunsko krmiljenje te\u017ekih tovornih vozil.<\/p>\n<p><img loading=\"lazy\" decoding=\"async\" class=\"aligncenter wp-image-1012825\" src=\"https:\/\/images.hzpt.com\/2024\/11\/steering-cylinder-split-1-300x300.webp\" alt=\"\" width=\"400\" height=\"400\" title=\"\"><\/p>\n<p>Krmilni valj Ningbo Bridge z razdvojenim pogonom se odlikuje po inovativni zasnovi z razdvojenim pogonom, ki poenostavlja vzdr\u017eevanje in omogo\u010da enostavno zamenjavo delov. Z uporabo hidravli\u010dnega tlaka ta valj zagotavlja bistveno silo, potrebno za krmiljenje, zaradi \u010desar je \u0161e posebej koristen za ve\u010dja in te\u017eja vozila. Ta funkcionalnost je klju\u010dnega pomena v situacijah, kjer sta natan\u010dno manevriranje in nadzor izjemnega pomena.<\/p>\n<p>Kot klju\u010dna komponenta, razcepljeni volanski valj Ningbo Bridge znatno izbolj\u0161a nadzor nad vozilom in udobje vo\u017enje. Njegova pametna zasnova ne le poenostavi vzdr\u017eevalna opravila, temve\u010d zagotavlja tudi zanesljivo krmiljenje. Z razumevanjem njegovih edinstvenih lastnosti in upo\u0161tevanjem ustreznih vzdr\u017eevalnih praks lahko lastniki vozil optimizirajo tako zmogljivost kot dolgo \u017eivljenjsko dobo te bistvene komponente.<\/p>\n<p>Nadgradite na krmilni valj Ningbo Bridge Split-Type \u0161e danes za varnej\u0161o vo\u017enjo, ki je tudi bolj gladka in odzivna. Ne zamudite prilo\u017enosti za izbolj\u0161anje dinamike krmiljenja va\u0161ega vozila!<\/p>\n<h3>Parameter krmilnega cilindra z razcepljenim mostom Ningbo:<\/h3>\n<p><strong>Premer valja:<\/strong> 50 mm<br \/>\n<strong>Premer palice:<\/strong> 25 mm<br \/>\n<strong>Potovanje:<\/strong> 135 mm<br \/>\n<strong>Razdalja namestitve:<\/strong> 495 mm<\/p>\n<h2>Klju\u010dne zna\u010dilnosti krmilnega cilindra z deljenim mostom Ningbo:<\/h2>\n<h4>Deljena zasnova<\/h4>\n<p>Inovativna deljena zasnova volanskega cilindra Ningbo Bridge omogo\u010da hitra in u\u010dinkovita popravila. Ta funkcija zmanj\u0161uje \u010das izpada, kar zagotavlja, da vozila pre\u017eivijo manj \u010dasa s ceste in ve\u010d \u010dasa v uporabi. Ko je treba del zamenjati, lahko mehaniki enostavno dostopajo do cilindra in ga servisirajo, kar pove\u010da splo\u0161no produktivnost.<\/p>\n<h4>Visokokakovostni materiali<\/h4>\n<p>Ta volanski valj, izdelan iz visokokakovostnih in trpe\u017enih materialov, je zasnovan tako, da prenese zahteve vsakodnevne uporabe. Njegova odpornost proti obrabi in koroziji zagotavlja dolgo \u017eivljenjsko dobo, tudi pod visokim pritiskom. Ta robustna konstrukcija ne le pove\u010da zanesljivost valja, temve\u010d prispeva tudi k varnosti vozila, saj ohranja dosledno delovanje skozi \u010das.<\/p>\n<h4>Izbolj\u0161ana natan\u010dnost krmiljenja<\/h4>\n<p>Krmilni valj tipa Ningbo Bridge z deljenim volanom znatno izbolj\u0161a odzivnost krmiljenja in vozniku omogo\u010da natan\u010den nadzor. Ta izbolj\u0161ana natan\u010dnost krmiljenja je klju\u010dnega pomena za vodljivost vozila, zlasti med ostrimi zavoji ali nenadnimi manevri. Omogo\u010da samozavestno vo\u017enjo v razli\u010dnih pogojih in zagotavlja varnej\u0161o izku\u0161njo za voznika in potnike.<\/p>\n<h4>Vsestranska zdru\u017eljivost<\/h4>\n<p>Volanski valj, zasnovan z mislijo na vsestranskost, je zdru\u017eljiv s \u0161iroko paleto hidravli\u010dnih sistemov. Zaradi te prilagodljivosti je idealen za razli\u010dne modele vozil, od komercialnih tovornjakov do osebnih avtomobilov. Ne glede na vrsto vozila se volanski valj Ningbo Bridge brezhibno integrira in zagotavlja optimalno delovanje.<\/p>\n<h4>Kompakten in lahek<\/h4>\n<p>Kompaktna in lahka zasnova volanskega cilindra ne le prihrani dragocen prostor v krmilnem sistemu vozila in prispeva k splo\u0161ni u\u010dinkovitosti. Z zmanj\u0161anjem te\u017ee volanskega sklopa se izbolj\u0161a u\u010dinkovitost porabe goriva in zmogljivost, zaradi \u010desar je odli\u010dna izbira za sodobna vozila, ki si prizadevajo za optimalno funkcionalnost.<\/p>\n<h2>Uporaba krmilnega cilindra z razcepljenim mostom Ningbo:<\/h2>\n<p><img loading=\"lazy\" decoding=\"async\" class=\"alignnone wp-image-1012826 size-full\" src=\"https:\/\/images.hzpt.com\/2024\/11\/steering-cylinder-split-application.webp\" alt=\"\" width=\"1072\" height=\"603\" title=\"\"><\/p>\n<h2>Metoda uporabe krmilnega cilindra z deljenim pogonom mostu Ningbo:<\/h2>\n<p>Uporaba krmilnega cilindra z razcepljenim pogonom Ningbo Bridge je preprost, a u\u010dinkovit postopek, zahvaljujo\u010d napredni zasnovi. Tukaj si lahko podrobneje ogledate, kako deluje:<\/p>\n<h4>Aktivacija servo volana<\/h4>\n<p>Ko voznik obrne volan, se aktivira \u010drpalka servo volana, ki ustvari hidravli\u010dni tlak. Ta za\u010detni korak je klju\u010dnega pomena, saj hidravli\u010dnemu sistemu sporo\u010di, naj se pripravi na pomo\u010d pri krmiljenju. \u010crpalka u\u010dinkovito pretvarja mehansko energijo volana v hidravli\u010dno energijo, kar omogo\u010da gladko krmiljenje.<\/p>\n<h4>Oddaja teko\u010dine<\/h4>\n<p>Ko se hidravli\u010dni tlak pove\u010duje, se hidravli\u010dna teko\u010dina usmeri v volanski valj. Ta teko\u010dina igra klju\u010dno vlogo v sistemu, saj te\u010de v valj in potiska bat navznoter. Gibanje teko\u010dine je skrbno nadzorovano, da se zagotovi pravilna koli\u010dina tlaka, kar omogo\u010da natan\u010dne nastavitve glede na voznikov vnos.<\/p>\n<h4>Pomo\u010d pri krmiljenju<\/h4>\n<p>\u010carovnija se zgodi v gibanju bata znotraj valja. Ko hidravli\u010dna teko\u010dina potiska bat, ustvari potrebno silo, ki pomaga pri obra\u010danju volanske letve. To delovanje znatno zmanj\u0161a napor, ki ga voznik potrebuje, kar olaj\u0161a manevriranje vozila, zlasti v tesnih prostorih ali med ostrimi zavoji. Gladko delovanje bata zagotavlja naraven in odziven ob\u010dutek krmiljenja.<\/p>\n<h2>Uporaba hidravli\u010dnega cilindra volana<\/h2>\n<p>Krmilni hidravli\u010dni cilindri so bistveni sestavni deli krmilnih sistemov v razli\u010dnih vrstah vozil. Ti cilindri, znani tudi kot krmilni aktuatorji, pomagajo pretvoriti energijo, ki jo ustvari krmilna \u010drpalka, v linearno gibanje, ki se lahko uporabi za upravljanje smeri koles vozila. Tukaj je nekaj uporab krmilnih hidravli\u010dnih cilindrov:<\/p>\n<ol>\n<li>Te\u017eka tovorna vozila: Krmilni hidravli\u010dni cilindri se pogosto uporabljajo v te\u017ekih tovornih vozilih, kot so tovornjaki, avtobusi in gradbena mehanizacija. Ta vozila zahtevajo veliko sile za krmiljenje, hidravli\u010dni cilinder pa lahko ustvari potrebno mo\u010d za vrtenje koles, tudi ko je vozilo obremenjeno. Hidravli\u010dni sistem omogo\u010da tudi natan\u010dnej\u0161i nadzor nad krmilnim mehanizmom, kar voznikom olaj\u0161a krmiljenje velikih, okornih vozil.<\/li>\n<li>Terenska vozila: Terenska vozila, kot so \u0161tirikolesniki, bugiji za sipine in umazani motorji, imajo prav tako koristi od hidravli\u010dnih cilindrov za krmiljenje. Ta vozila pogosto delujejo na neravnem terenu, kjer obi\u010dajni krmilni mehanizmi morda niso u\u010dinkoviti. Hidravli\u010dni cilindri lahko zagotovijo potrebno mo\u010d in natan\u010dnost za krmiljenje skozi ovire in ohranjanje nadzora nad vozilom.<\/li>\n<li>Pomorske in vesoljske aplikacije: Krmilni hidravli\u010dni cilindri niso omejeni le na kopenska vozila. Uporabljajo se tudi v pomorskih aplikacijah, kot so \u010dolni in ladje, pa tudi v vesoljski tehnologiji, kot so vesoljska plovila in letala. V teh okoljih se hidravli\u010dni cilindri uporabljajo za upravljanje smeri krmil, kril in drugih krmilnih povr\u0161in, ki pomagajo pri krmarjenju plovila ali letala.<\/li>\n<li>Industrijska oprema: Hidravli\u010dni cilindri se uporabljajo tudi v razli\u010dnih industrijskih okoljih za krmiljenje in druge aplikacije. Uporabljajo se lahko na primer za krmiljenje \u017eerjavov, vili\u010darjev ali drugih te\u017ekih strojev. V teh okoljih lahko hidravli\u010dni cilindri zagotovijo potrebno mo\u010d in natan\u010dnost za manipulacijo velikih bremen ali delovanje v tesnih prostorih.<\/li>\n<li>Uporaba po meri: Poleg teh obi\u010dajnih aplikacij se lahko hidravli\u010dni cilindri za krmiljenje uporabljajo tudi v razli\u010dnih prilagojenih okoljih. Uporabljajo se lahko na primer v eksperimentalnih vozilih ali prototipih, ki zahtevajo edinstven krmilni mehanizem. Uporabljajo se lahko tudi v umetni\u0161kih instalacijah ali kineti\u010dnih skulpturah, ki zahtevajo natan\u010dno in nadzorovano gibanje.<\/li>\n<\/ol>\n<p>Kot lahko vidite, imajo hidravli\u010dni cilindri za krmiljenje \u0161iroko paleto uporabe v razli\u010dnih panogah in okoljih. Ne glede na to, ali se uporabljajo v te\u017ekih tovornih vozilih, terenskih vozilih, pomorskih in vesoljskih aplikacijah, industrijski opremi ali aplikacijah po meri, ti cilindri zagotavljajo potrebno mo\u010d, natan\u010dnost in nadzor za u\u010dinkovito krmiljenje.<\/p>\n<h2>O FMP-ju<\/h2>\n<p>FMP je vodilni proizvajalec in distributer visokokakovostnih hidravli\u010dnih cilindrov, kompletov cilindrov in komponent za gradbeno mehanizacijo. Z dolgoletnimi izku\u0161njami v industriji in profesionalno ekipo smo zavezani k zagotavljanju zanesljivih in u\u010dinkovitih re\u0161itev za na\u0161e stranke na podro\u010dju gradbenih strojev.<\/p>\n<p>Tukaj je pet razlogov, zakaj bi morali izbrati FMP:<\/p>\n<ol>\n<li><strong>Visokokakovostni hidravli\u010dni cilindri:<\/strong> Za izdelavo na\u0161ih hidravli\u010dnih cilindrov uporabljamo precizno in\u017eenirstvo. Na\u0161a trdna zavezanost kakovosti zagotavlja, da uporabljamo le najkakovostnej\u0161e surovine in izvajamo stroge preglede kakovosti kon\u010dnih izdelkov, da zagotovimo, da izpolnjujejo in presegajo industrijske standarde.<\/li>\n<li><strong>Obse\u017ena ponudba izdelkov:<\/strong> Na\u0161a ponudba izdelkov zajema vse vrste gradbenih strojev in pribora. Ponujamo razli\u010dne hidravli\u010dne cilindre, menjalnike, verige, zobnike, pribor za motorje, komponente hidravli\u010dnih sistemov, pribor za \u0161asije in pribor za elektri\u010dne sisteme.<\/li>\n<li><strong>Vzpostavljena partnerstva:<\/strong> Vzpostavili smo dolgoro\u010dna in stabilna partnerstva s \u0161tevilnimi visokokakovostnimi doma\u010dimi in tujimi dobavitelji. To zagotavlja, da vsa dobavljena oprema izpolnjuje na\u0161e stroge standarde kakovosti.<\/li>\n<li><strong>Izku\u0161ena prodajna ekipa:<\/strong> Na\u0161a prodajna ekipa ima dolgoletne izku\u0161nje in znanje o industriji gradbenih strojev. Zagotavlja vam lahko strokovno svetovanje o izdelkih in pametne nasvete o nakupu, ki vam bodo pomagali pri sprejemanju premi\u0161ljenih odlo\u010ditev.<\/li>\n<li><strong>U\u010dinkovit logisti\u010dni distribucijski sistem:<\/strong> Imamo u\u010dinkovit logisti\u010dni distribucijski sistem, ki zagotavlja, da na\u0161e stranke pravo\u010dasno in natan\u010dno prejmejo potrebne dele.<\/li>\n<\/ol>\n<p><img decoding=\"async\" src=\"https:\/\/fmp-components.com\/wp-content\/uploads\/2025\/01\/Dump-Truck-Trailer-Hydraulic-Cylinder-product-3-3.webp\" alt=\"Hidravli\u010dni cilinder\" width=\"800\" title=\"\"><\/p>\n<p>V podjetju FMP smo zavezani k zagotavljanju visokokakovostne in zanesljive opreme za gradbene stroje ter celovitih strojnih re\u0161itev za na\u0161e stranke. Z na\u0161imi sodobnimi tovarni\u0161kimi obrati, CNC obdelovalnimi stroji, ra\u010dunalni\u0161ko podprtim na\u010drtovanjem, usposobljenimi zaposlenimi, strokovnjaki za hidravli\u010dne sisteme, monterji valjev in trgovci smo va\u0161 najljub\u0161i partner za va\u0161e potrebe po hidravli\u010dnih cilindrih, kompletih valjev in komponentah.<\/p>\n<p>Avtor: CX<\/p>","protected":false},"excerpt":{"rendered":"<p>Product Description: Ningbo Bridge Integrated-Type Steering Cylinder is a high-quality steering component designed for heavy-duty vehicles. It is built with precision and incorporates advanced features that ensure smooth and reliable steering performance. This steering cylinder is made with top-grade materials and is engineered to withstand the toughest conditions. Its integrated design allows for easy installation [&hellip;]<\/p>","protected":false},"featured_media":2966,"comment_status":"closed","ping_status":"closed","template":"","meta":{"_et_pb_use_builder":"","_et_pb_old_content":"","_et_gb_content_width":""},"product_brand":[],"product_cat":[67],"product_tag":[34,70],"class_list":{"0":"post-2965","1":"product","2":"type-product","3":"status-publish","4":"has-post-thumbnail","6":"product_cat-steering-hydraulic-cylinder","7":"product_tag-hydraulic-cylinder","8":"product_tag-steering-hydraulic-cylinder","10":"first","11":"instock","12":"product-type-simple"},"_links":{"self":[{"href":"https:\/\/fmp-components.com\/sl\/wp-json\/wp\/v2\/product\/2965","targetHints":{"allow":["GET"]}}],"collection":[{"href":"https:\/\/fmp-components.com\/sl\/wp-json\/wp\/v2\/product"}],"about":[{"href":"https:\/\/fmp-components.com\/sl\/wp-json\/wp\/v2\/types\/product"}],"replies":[{"embeddable":true,"href":"https:\/\/fmp-components.com\/sl\/wp-json\/wp\/v2\/comments?post=2965"}],"wp:featuredmedia":[{"embeddable":true,"href":"https:\/\/fmp-components.com\/sl\/wp-json\/wp\/v2\/media\/2966"}],"wp:attachment":[{"href":"https:\/\/fmp-components.com\/sl\/wp-json\/wp\/v2\/media?parent=2965"}],"wp:term":[{"taxonomy":"product_brand","embeddable":true,"href":"https:\/\/fmp-components.com\/sl\/wp-json\/wp\/v2\/product_brand?post=2965"},{"taxonomy":"product_cat","embeddable":true,"href":"https:\/\/fmp-components.com\/sl\/wp-json\/wp\/v2\/product_cat?post=2965"},{"taxonomy":"product_tag","embeddable":true,"href":"https:\/\/fmp-components.com\/sl\/wp-json\/wp\/v2\/product_tag?post=2965"}],"curies":[{"name":"delovni list","href":"https:\/\/api.w.org\/{rel}","templated":true}]}}