{"id":2945,"date":"2025-01-04T05:28:08","date_gmt":"2025-01-04T05:28:08","guid":{"rendered":"https:\/\/fmp-components.com\/product\/zy254-31f-019a-steering-cylinder\/"},"modified":"2025-05-10T12:28:30","modified_gmt":"2025-05-10T12:28:30","slug":"zy254-31f-019a-steering-cylinder","status":"publish","type":"product","link":"https:\/\/fmp-components.com\/sl\/product\/zy254-31f-019a-steering-cylinder\/","title":{"rendered":"ZY254.31F.019A Krmilni valj"},"content":{"rendered":"<h2>Ime izdelka: NWTEHX-2101043 Krmilni valj<\/h2>\n<p>I\u0161\u010dete visokokakovosten krmilni valj, ki zagotavlja odli\u010dno zmogljivost in vzdr\u017eljivost? Ne i\u0161\u010dite dlje kot krmilni valj NWTEHX-2101043.<\/p>\n<p>Ta krmilni valj, izdelan iz vrhunskih materialov in zasnovan v skladu s strogimi industrijskimi standardi, je zasnovan tako, da prenese tudi najte\u017eje delovne pogoje. Ne glede na to, ali upravljate te\u017eke stroje ali delate v zahtevnih okoljih, se lahko zanesete na ta krmilni valj, ki bo vsaki\u010d zagotavljal zanesljivo in dosledno delovanje.<\/p>\n<p>Zakaj torej izbrati krmilni valj NWTEHX-2101043? Tukaj je le nekaj klju\u010dnih lastnosti in prednosti:<\/p>\n<p>\u2013 Visokokakovostni materiali: Izdelano iz vrhunskih materialov za zagotavljanje maksimalne vzdr\u017eljivosti in dolge \u017eivljenjske dobe.<br \/>\n\u2013 Precizno in\u017eenirstvo: Zasnovano tako, da izpolnjuje stroge industrijske standarde glede zmogljivosti in zanesljivosti.<br \/>\n\u2013 Gladko delovanje: Zagotavlja gladko in dosledno krmiljenje za izbolj\u0161an nadzor in natan\u010dnost.<br \/>\n\u2013 Enostavna namestitev: Zasnovano za enostavno namestitev in vzdr\u017eevanje.<\/p>\n<h1 style=\"text-align: center;\"><img loading=\"lazy\" decoding=\"async\" class=\"aligncenter wp-image-1001259\" src=\"https:\/\/images.hzpt.com\/2024\/11\/zy254-31f-019a-hydraulic-cylinder-1.webp\" alt=\"\" width=\"400\" height=\"400\" title=\"\"><\/h1>\n<p>Krmilni valj ZY254.31F.019A je bistvenega pomena za krmilni mehanizem vozil in strojev. U\u010dinkovito pretvarja hidravli\u010dni tlak v mehansko silo, kar upravljavcem omogo\u010da natan\u010dno in enostavno manevriranje z opremo. Ta valj je zasnovan za vzdr\u017eljivost in u\u010dinkovitost, zato je idealen za \u0161iroko paleto industrijskih aplikacij in zagotavlja zanesljivo delovanje tudi v najzahtevnej\u0161ih okoljih.<\/p>\n<p>Krmilni valj ZY254.31F.019A je klju\u010dna komponenta za stroje, ki zahtevajo natan\u010dno krmiljenje. Zaradi robustne vzdr\u017eljivosti, kompaktne zasnove in enostavnega vzdr\u017eevanja je zaupanja vredna izbira za upravljavce v razli\u010dnih panogah. Z raziskovanjem klju\u010dnih lastnosti, tehnik uporabe in nasvetov za vzdr\u017eevanje lahko uporabniki pove\u010dajo zmogljivost in podalj\u0161ajo \u017eivljenjsko dobo tega bistvenega hidravli\u010dnega cilindra, kar zagotavlja nemoteno in u\u010dinkovito delovanje v kateri koli aplikaciji.<\/p>\n<h2>ZY254.31F.019A Parameter volanskega cilindra:<\/h2>\n<p><strong>Premer valja:<\/strong> 40 mm<\/p>\n<p><strong>Premer palice:<\/strong> 25 mm<\/p>\n<p><strong>Potovanje:<\/strong> 140 mm<\/p>\n<p><strong>Razdalja namestitve:<\/strong> 480 mm<\/p>\n<h2>Klju\u010dne zna\u010dilnosti volanskega cilindra ZY254.31F.019A:<\/h2>\n<ul>\n<li><strong>Izjemna vzdr\u017eljivost<\/strong>ZY254.31F.019A je izdelan iz visokokakovostnih materialov, zasnovanih tako, da prenesejo najte\u017eje delovne pogoje. Ta vzdr\u017eljivost zagotavlja, da ostane zanesljiv tudi v najzahtevnej\u0161ih okoljih, kar upravljavcem zagotavlja brezskrbnost in skraj\u0161a \u010das izpada.<\/li>\n<li><strong>Natan\u010den nadzor<\/strong>Z izjemno odzivnostjo ta krmilni valj zagotavlja natan\u010dne nastavitve krmiljenja. Upravljavci lahko samozavestno manevrirajo s te\u017ekimi bremeni, kar izbolj\u0161a splo\u0161no vodljivost in varnost med delovanjem. Ta raven nadzora je klju\u010dnega pomena za naloge, ki zahtevajo natan\u010dnost, kot sta navigacija v ozkih prostorih ali izvajanje ob\u010dutljivih manevrov.<\/li>\n<li><strong>Prostorsko var\u010dna zasnova<\/strong>Kompaktna struktura modela ZY254.31F.019A zmanj\u0161uje potrebe po prostoru, zaradi \u010desar je odli\u010dna izbira za razli\u010dne strojne nastavitve. Ta lastnost je \u0161e posebej koristna v aplikacijah z omejenim prostorom, saj omogo\u010da ve\u010djo prilagodljivost pri na\u010drtovanju in konfiguraciji opreme.<\/li>\n<li><strong>Odpornost proti koroziji<\/strong>Ta jeklenka, zasnovana s posebnim za\u0161\u010ditnim premazom, je odporna proti rjavenju in obrabi, kar znatno podalj\u0161a njeno \u017eivljenjsko dobo. Ta odpornost proti koroziji je bistvenega pomena za opremo, izpostavljeno ostrim vremenskim razmeram ali korozivnemu okolju, saj zagotavlja, da jeklenka ohrani svojo celovitost skozi \u010das.<\/li>\n<li><strong>Standardizirane dimenzije<\/strong>ZY254.31F.019A ima dimenzije, ki so skladne s standardnimi specifikacijami strojev. Ta standardizacija poenostavlja postopek zamenjave in zagotavlja zdru\u017eljivost s \u0161iroko paleto obstoje\u010dih sistemov, kar operaterjem omogo\u010da enostavno nadgradnjo ali vzdr\u017eevanje opreme brez zapletov.<\/li>\n<\/ul>\n<h2>ZY254.31F.019A Uporaba krmilnega cilindra:<\/h2>\n<p><img loading=\"lazy\" decoding=\"async\" class=\"alignnone wp-image-1001317 size-full\" src=\"https:\/\/images.hzpt.com\/2024\/11\/zy254-31f-019a-hydraulic-cylinder-application.webp\" alt=\"\" width=\"1072\" height=\"603\" title=\"\"><\/p>\n<h2>Kako deluje hidravli\u010dni volanski valj?<\/h2>\n<h3>Osnovne komponente<\/h3>\n<ol>\n<li>Cev cilindra: Glavno telo, v katerem sta hidravli\u010dna teko\u010dina in bat.<\/li>\n<li>Bat: Premi\u010dni del znotraj valja, ki deli notranjost na dve komori.<\/li>\n<li>Odprtine: Odprtine, ki omogo\u010dajo vstop in izstop hidravli\u010dne teko\u010dine iz valja.<\/li>\n<li>Hidravli\u010dna teko\u010dina: teko\u010dina, ki se uporablja za prenos tlaka znotraj sistema.<\/li>\n<\/ol>\n<h3>Na\u010delo delovanja<\/h3>\n<ol>\n<li>Uporaba hidravli\u010dnega tlaka:\n<ul>\n<li>Ko voznik obrne volan, se hidravli\u010dna teko\u010dina \u010drpa skozi odprtine v eno stran valja.<\/li>\n<li>To dejanje pove\u010da tlak v tej komori in potisne bat v nasprotno smer.<\/li>\n<\/ul>\n<\/li>\n<li>Gibanje bata:\n<ul>\n<li>Ko se bat premika, pretvarja hidravli\u010dni tlak v linearno gibanje, ki premika pritrjeno krmilno povezavo.<\/li>\n<li>Gibanje bata nadzoruje kot koles vozila, kar omogo\u010da prilagajanje krmiljenja.<\/li>\n<\/ul>\n<\/li>\n<li>Vra\u010danje teko\u010dine:\n<ul>\n<li>Ko je dose\u017een \u017eeleni polo\u017eaj krmiljenja, se hidravli\u010dna teko\u010dina sprosti iz tla\u010dne komore in se skozi drugo odprtino vrne v rezervoar.<\/li>\n<li>Ta vrnitev omogo\u010da, da se bat vrne v prvotni polo\u017eaj, pripravljen za naslednji zasuk krmiljenja.<\/li>\n<\/ul>\n<\/li>\n<\/ol>\n<h2>Uporaba hidravli\u010dnega cilindra volana<\/h2>\n<p>Krmilni hidravli\u010dni cilindri so bistveni sestavni deli krmilnih sistemov v razli\u010dnih vrstah vozil. Ti cilindri, znani tudi kot krmilni aktuatorji, pomagajo pretvoriti energijo, ki jo ustvari krmilna \u010drpalka, v linearno gibanje, ki se lahko uporabi za upravljanje smeri koles vozila. Tukaj je nekaj uporab krmilnih hidravli\u010dnih cilindrov:<\/p>\n<ol>\n<li>Te\u017eka tovorna vozila: Krmilni hidravli\u010dni cilindri se pogosto uporabljajo v te\u017ekih tovornih vozilih, kot so tovornjaki, avtobusi in gradbena mehanizacija. Ta vozila zahtevajo veliko sile za krmiljenje, hidravli\u010dni cilinder pa lahko ustvari potrebno mo\u010d za vrtenje koles, tudi ko je vozilo obremenjeno. Hidravli\u010dni sistem omogo\u010da tudi natan\u010dnej\u0161i nadzor nad krmilnim mehanizmom, kar voznikom olaj\u0161a krmiljenje velikih, okornih vozil.<\/li>\n<li>Terenska vozila: Terenska vozila, kot so \u0161tirikolesniki, bugiji za sipine in umazani motorji, imajo prav tako koristi od hidravli\u010dnih cilindrov za krmiljenje. Ta vozila pogosto delujejo na neravnem terenu, kjer obi\u010dajni krmilni mehanizmi morda niso u\u010dinkoviti. Hidravli\u010dni cilindri lahko zagotovijo potrebno mo\u010d in natan\u010dnost za krmiljenje skozi ovire in ohranjanje nadzora nad vozilom.<\/li>\n<li>Pomorske in vesoljske aplikacije: Krmilni hidravli\u010dni cilindri niso omejeni le na kopenska vozila. Uporabljajo se tudi v pomorskih aplikacijah, kot so \u010dolni in ladje, pa tudi v vesoljski tehnologiji, kot so vesoljska plovila in letala. V teh okoljih se hidravli\u010dni cilindri uporabljajo za upravljanje smeri krmil, kril in drugih krmilnih povr\u0161in, ki pomagajo pri krmarjenju plovila ali letala.<\/li>\n<li>Industrijska oprema: Hidravli\u010dni cilindri se uporabljajo tudi v razli\u010dnih industrijskih okoljih za krmiljenje in druge aplikacije. Uporabljajo se lahko na primer za krmiljenje \u017eerjavov, vili\u010darjev ali drugih te\u017ekih strojev. V teh okoljih lahko hidravli\u010dni cilindri zagotovijo potrebno mo\u010d in natan\u010dnost za manipulacijo velikih bremen ali delovanje v tesnih prostorih.<\/li>\n<li>Uporaba po meri: Poleg teh obi\u010dajnih aplikacij se lahko hidravli\u010dni cilindri za krmiljenje uporabljajo tudi v razli\u010dnih prilagojenih okoljih. Uporabljajo se lahko na primer v eksperimentalnih vozilih ali prototipih, ki zahtevajo edinstven krmilni mehanizem. Uporabljajo se lahko tudi v umetni\u0161kih instalacijah ali kineti\u010dnih skulpturah, ki zahtevajo natan\u010dno in nadzorovano gibanje.<\/li>\n<\/ol>\n<p>Kot lahko vidite, imajo hidravli\u010dni cilindri za krmiljenje \u0161iroko paleto uporabe v razli\u010dnih panogah in okoljih. Ne glede na to, ali se uporabljajo v te\u017ekih tovornih vozilih, terenskih vozilih, pomorskih in vesoljskih aplikacijah, industrijski opremi ali aplikacijah po meri, ti cilindri zagotavljajo potrebno mo\u010d, natan\u010dnost in nadzor za u\u010dinkovito krmiljenje.<\/p>\n<h2>O FMP-ju<\/h2>\n<p>FMP je vodilni proizvajalec in distributer visokokakovostnih hidravli\u010dnih cilindrov, kompletov cilindrov in komponent za gradbeno mehanizacijo. Z dolgoletnimi izku\u0161njami v industriji in profesionalno ekipo smo zavezani k zagotavljanju zanesljivih in u\u010dinkovitih re\u0161itev za na\u0161e stranke na podro\u010dju gradbenih strojev.<\/p>\n<p>Tukaj je pet razlogov, zakaj bi morali izbrati FMP:<\/p>\n<ol>\n<li><strong>Visokokakovostni hidravli\u010dni cilindri:<\/strong> Za izdelavo na\u0161ih hidravli\u010dnih cilindrov uporabljamo precizno in\u017eenirstvo. Na\u0161a trdna zavezanost kakovosti zagotavlja, da uporabljamo le najkakovostnej\u0161e surovine in izvajamo stroge preglede kakovosti kon\u010dnih izdelkov, da zagotovimo, da izpolnjujejo in presegajo industrijske standarde.<\/li>\n<li><strong>Obse\u017ena ponudba izdelkov:<\/strong> Na\u0161a ponudba izdelkov zajema vse vrste gradbenih strojev in pribora. Ponujamo razli\u010dne hidravli\u010dne cilindre, menjalnike, verige, zobnike, pribor za motorje, komponente hidravli\u010dnih sistemov, pribor za \u0161asije in pribor za elektri\u010dne sisteme.<\/li>\n<li><strong>Vzpostavljena partnerstva:<\/strong> Vzpostavili smo dolgoro\u010dna in stabilna partnerstva s \u0161tevilnimi visokokakovostnimi doma\u010dimi in tujimi dobavitelji. To zagotavlja, da vsa dobavljena oprema izpolnjuje na\u0161e stroge standarde kakovosti.<\/li>\n<li><strong>Izku\u0161ena prodajna ekipa:<\/strong> Na\u0161a prodajna ekipa ima dolgoletne izku\u0161nje in znanje o industriji gradbenih strojev. Zagotavlja vam lahko strokovno svetovanje o izdelkih in pametne nasvete o nakupu, ki vam bodo pomagali pri sprejemanju premi\u0161ljenih odlo\u010ditev.<\/li>\n<li><strong>U\u010dinkovit logisti\u010dni distribucijski sistem:<\/strong> Imamo u\u010dinkovit logisti\u010dni distribucijski sistem, ki zagotavlja, da na\u0161e stranke pravo\u010dasno in natan\u010dno prejmejo potrebne dele.<\/li>\n<\/ol>\n<p><img decoding=\"async\" src=\"https:\/\/fmp-components.com\/wp-content\/uploads\/2025\/01\/Dump-Truck-Trailer-Hydraulic-Cylinder-product-3-3.webp\" alt=\"Hidravli\u010dni cilinder\" width=\"800\" title=\"\"><\/p>\n<p>V podjetju FMP smo zavezani k zagotavljanju visokokakovostne in zanesljive opreme za gradbene stroje ter celovitih strojnih re\u0161itev za na\u0161e stranke. Z na\u0161imi sodobnimi tovarni\u0161kimi obrati, CNC obdelovalnimi stroji, ra\u010dunalni\u0161ko podprtim na\u010drtovanjem, usposobljenimi zaposlenimi, strokovnjaki za hidravli\u010dne sisteme, monterji valjev in trgovci smo va\u0161 najljub\u0161i partner za va\u0161e potrebe po hidravli\u010dnih cilindrih, kompletih valjev in komponentah.<\/p>\n<p>Avtor: CX<\/p>","protected":false},"excerpt":{"rendered":"<p>Product Name: NWTEHX-2101043 Steering Cylinder Looking for a high-quality steering cylinder that provides excellent performance and durability? Look no further than the NWTEHX-2101043 Steering Cylinder. Crafted with top-grade materials and designed to meet stringent industry standards, this steering cylinder is built to withstand even the toughest working conditions. Whether you&#8217;re operating heavy machinery or working [&hellip;]<\/p>","protected":false},"featured_media":2946,"comment_status":"closed","ping_status":"closed","template":"","meta":{"_et_pb_use_builder":"","_et_pb_old_content":"","_et_gb_content_width":""},"product_brand":[],"product_cat":[67],"product_tag":[34,70],"class_list":{"0":"post-2945","1":"product","2":"type-product","3":"status-publish","4":"has-post-thumbnail","6":"product_cat-steering-hydraulic-cylinder","7":"product_tag-hydraulic-cylinder","8":"product_tag-steering-hydraulic-cylinder","10":"first","11":"instock","12":"product-type-simple"},"_links":{"self":[{"href":"https:\/\/fmp-components.com\/sl\/wp-json\/wp\/v2\/product\/2945","targetHints":{"allow":["GET"]}}],"collection":[{"href":"https:\/\/fmp-components.com\/sl\/wp-json\/wp\/v2\/product"}],"about":[{"href":"https:\/\/fmp-components.com\/sl\/wp-json\/wp\/v2\/types\/product"}],"replies":[{"embeddable":true,"href":"https:\/\/fmp-components.com\/sl\/wp-json\/wp\/v2\/comments?post=2945"}],"wp:featuredmedia":[{"embeddable":true,"href":"https:\/\/fmp-components.com\/sl\/wp-json\/wp\/v2\/media\/2946"}],"wp:attachment":[{"href":"https:\/\/fmp-components.com\/sl\/wp-json\/wp\/v2\/media?parent=2945"}],"wp:term":[{"taxonomy":"product_brand","embeddable":true,"href":"https:\/\/fmp-components.com\/sl\/wp-json\/wp\/v2\/product_brand?post=2945"},{"taxonomy":"product_cat","embeddable":true,"href":"https:\/\/fmp-components.com\/sl\/wp-json\/wp\/v2\/product_cat?post=2945"},{"taxonomy":"product_tag","embeddable":true,"href":"https:\/\/fmp-components.com\/sl\/wp-json\/wp\/v2\/product_tag?post=2945"}],"curies":[{"name":"delovni list","href":"https:\/\/api.w.org\/{rel}","templated":true}]}}