{"id":292,"date":"2024-12-09T05:17:46","date_gmt":"2024-12-09T05:17:46","guid":{"rendered":"https:\/\/fmp-components.com\/?page_id=8"},"modified":"2025-11-03T03:04:27","modified_gmt":"2025-11-03T03:04:27","slug":"forklift-tilt-hydraulic-cylinder","status":"publish","type":"product","link":"https:\/\/fmp-components.com\/sl\/product\/forklift-tilt-hydraulic-cylinder\/","title":{"rendered":"Hidravli\u010dni cilinder za nagibanje vili\u010darja"},"content":{"rendered":"<p style=\"text-align: center;\"><span style=\"font-size: 24pt;\">Hidravli\u010dni cilinder za nagibanje vili\u010darja<\/span><\/p>\n<p><img loading=\"lazy\" decoding=\"async\" class=\"wp-image-300 aligncenter\" src=\"https:\/\/fmp-components.com\/wp-content\/uploads\/2024\/12\/Forklift-Tilt-Hydraulic-Cylinder-Parts-Product-1.webp\" alt=\"Deli hidravli\u010dnega cilindra za nagibni vili\u010dar, izdelek 1\" width=\"837\" height=\"837\" title=\"\" srcset=\"https:\/\/fmp-components.com\/wp-content\/uploads\/2024\/12\/Forklift-Tilt-Hydraulic-Cylinder-Parts-Product-1.webp 837w, https:\/\/fmp-components.com\/wp-content\/uploads\/2024\/12\/Forklift-Tilt-Hydraulic-Cylinder-Parts-Product-1-480x480.webp 480w\" sizes=\"(min-width: 0px) and (max-width: 480px) 480px, (min-width: 481px) 837px, 100vw\" \/><\/p>\n<h2>Deli hidravli\u010dnega cilindra za nagib vili\u010darja:<\/h2>\n<p><img loading=\"lazy\" decoding=\"async\" class=\"alignnone size-full wp-image-297\" src=\"https:\/\/fmp-components.com\/wp-content\/uploads\/2024\/12\/Forklift-Tilt-Hydraulic-Cylinder-Parts.webp\" alt=\"Deli hidravli\u010dnih cilindrov za nagibne vili\u010darje\" width=\"1007\" height=\"592\" title=\"\" srcset=\"https:\/\/fmp-components.com\/wp-content\/uploads\/2024\/12\/Forklift-Tilt-Hydraulic-Cylinder-Parts.webp 1007w, https:\/\/fmp-components.com\/wp-content\/uploads\/2024\/12\/Forklift-Tilt-Hydraulic-Cylinder-Parts-980x576.webp 980w, https:\/\/fmp-components.com\/wp-content\/uploads\/2024\/12\/Forklift-Tilt-Hydraulic-Cylinder-Parts-480x282.webp 480w\" sizes=\"(min-width: 0px) and (max-width: 480px) 480px, (min-width: 481px) and (max-width: 980px) 980px, (min-width: 981px) 1007px, 100vw\" \/><\/p>\n<div class=\"J_module\">\n<div class=\"ife-detail-decorate-table\">\n<table style=\"width: 100%;\" border=\"1\" width=\"100%\" cellspacing=\"0\" cellpadding=\"0\">\n<tbody>\n<tr>\n<td style=\"width: 6.06094%;\" colspan=\"1\" rowspan=\"1\">\n<div class=\"magic-28\" data-spm-anchor-id=\"a2700.details.0.i40.570d7c9a0SFB0n\">1<\/div>\n<\/td>\n<td style=\"width: 33.8854%;\" colspan=\"1\" rowspan=\"1\">\n<div class=\"magic-29\">Ohi\u0161je valja<\/div>\n<\/td>\n<td style=\"width: 6.81086%;\" colspan=\"1\" rowspan=\"1\">\n<div class=\"magic-30\">10<\/div>\n<\/td>\n<td style=\"width: 17.854%;\" colspan=\"1\" rowspan=\"1\">\n<div class=\"magic-31\">Vodilni grm<\/div>\n<\/td>\n<td style=\"width: 7.34734%;\" colspan=\"1\" rowspan=\"1\">\n<div class=\"magic-32\">18<\/div>\n<\/td>\n<td style=\"width: 27.2371%;\" colspan=\"1\" rowspan=\"1\">\n<div class=\"magic-33\">Vijaki za gred<\/div>\n<\/td>\n<\/tr>\n<tr>\n<td style=\"width: 6.06094%;\" colspan=\"1\" rowspan=\"1\">\n<div class=\"magic-28\">2<\/div>\n<\/td>\n<td style=\"width: 33.8854%;\" colspan=\"1\" rowspan=\"1\">\n<div class=\"magic-29\">Batna palica<\/div>\n<\/td>\n<td style=\"width: 6.81086%;\" colspan=\"1\" rowspan=\"1\">\n<div class=\"magic-30\">11<\/div>\n<\/td>\n<td style=\"width: 17.854%;\" colspan=\"1\" rowspan=\"1\">\n<div class=\"magic-31\">Brisalec prahu<\/div>\n<\/td>\n<td style=\"width: 7.34734%;\" colspan=\"1\" rowspan=\"1\">\n<div class=\"magic-32\">19<\/div>\n<\/td>\n<td style=\"width: 27.2371%;\" colspan=\"1\" rowspan=\"1\">\n<div class=\"magic-33\">Vti\u010d<\/div>\n<\/td>\n<\/tr>\n<tr>\n<td style=\"width: 6.06094%;\" colspan=\"1\" rowspan=\"1\">\n<div class=\"magic-28\">3<\/div>\n<\/td>\n<td style=\"width: 33.8854%;\" colspan=\"1\" rowspan=\"1\">\n<div class=\"magic-29\">Bat<\/div>\n<\/td>\n<td style=\"width: 6.81086%;\" colspan=\"1\" rowspan=\"1\">\n<div class=\"magic-30\">12<\/div>\n<\/td>\n<td style=\"width: 17.854%;\" colspan=\"1\" rowspan=\"1\">\n<div class=\"magic-31\">U-obro\u010d<\/div>\n<\/td>\n<td style=\"width: 7.34734%;\" colspan=\"1\" rowspan=\"1\">\n<div class=\"magic-32\">20<\/div>\n<\/td>\n<td style=\"width: 27.2371%;\" colspan=\"1\" rowspan=\"1\">\n<div class=\"magic-33\">Clevis<\/div>\n<\/td>\n<\/tr>\n<tr>\n<td style=\"width: 6.06094%;\" colspan=\"1\" rowspan=\"1\">\n<div class=\"magic-28\">4<\/div>\n<\/td>\n<td style=\"width: 33.8854%;\" colspan=\"1\" rowspan=\"1\">\n<div class=\"magic-29\">\u0160estkotna matica<\/div>\n<\/td>\n<td style=\"width: 6.81086%;\" colspan=\"1\" rowspan=\"1\">\n<div class=\"magic-30\">13<\/div>\n<\/td>\n<td style=\"width: 17.854%;\" colspan=\"1\" rowspan=\"1\">\n<div class=\"magic-31\">Tesnilo palice<\/div>\n<\/td>\n<td style=\"width: 7.34734%;\" colspan=\"1\" rowspan=\"1\">\n<div class=\"magic-32\" data-spm-anchor-id=\"a2700.details.0.i41.570d7c9a0SFB0n\">21<\/div>\n<\/td>\n<td style=\"width: 27.2371%;\" colspan=\"1\" rowspan=\"1\">\n<div class=\"magic-33\">Mazalna bradavi\u010dka<\/div>\n<\/td>\n<\/tr>\n<tr>\n<td style=\"width: 6.06094%;\" colspan=\"1\" rowspan=\"1\">\n<div class=\"magic-28\">5<\/div>\n<\/td>\n<td style=\"width: 33.8854%;\" colspan=\"1\" rowspan=\"1\">\n<div class=\"magic-29\">Razcepke<\/div>\n<\/td>\n<td style=\"width: 6.81086%;\" colspan=\"1\" rowspan=\"1\">\n<div class=\"magic-30\">14<\/div>\n<\/td>\n<td style=\"width: 17.854%;\" colspan=\"1\" rowspan=\"1\">\n<div class=\"magic-31\">Du Bush<\/div>\n<\/td>\n<td style=\"width: 7.34734%;\" colspan=\"1\" rowspan=\"1\">\n<div class=\"magic-32\">22<\/div>\n<\/td>\n<td style=\"width: 27.2371%;\" colspan=\"1\" rowspan=\"1\">\n<div class=\"magic-33\">Vijak<\/div>\n<\/td>\n<\/tr>\n<tr>\n<td style=\"width: 6.06094%;\" colspan=\"1\" rowspan=\"1\">\n<div class=\"magic-28\">6<\/div>\n<\/td>\n<td style=\"width: 33.8854%;\" colspan=\"1\" rowspan=\"1\">\n<div class=\"magic-29\">O-obro\u010d<\/div>\n<\/td>\n<td style=\"width: 6.81086%;\" colspan=\"1\" rowspan=\"1\">\n<div class=\"magic-30\">15<\/div>\n<\/td>\n<td style=\"width: 17.854%;\" colspan=\"1\" rowspan=\"1\">\n<div class=\"magic-31\">O-obro\u010d<\/div>\n<\/td>\n<td style=\"width: 7.34734%;\" colspan=\"1\" rowspan=\"1\">\n<div class=\"magic-32\">23<\/div>\n<\/td>\n<td style=\"width: 27.2371%;\" colspan=\"1\" rowspan=\"1\">\n<div class=\"magic-33\">Vzmetne podlo\u017eke<\/div>\n<\/td>\n<\/tr>\n<tr>\n<td style=\"width: 6.06094%;\" colspan=\"1\" rowspan=\"1\">\n<div class=\"magic-28\">7<\/div>\n<\/td>\n<td style=\"width: 33.8854%;\" colspan=\"1\" rowspan=\"1\">\n<div class=\"magic-29\">Zadnji obro\u010d<\/div>\n<\/td>\n<td style=\"width: 6.81086%;\" colspan=\"1\" rowspan=\"1\">\n<div class=\"magic-30\">16<\/div>\n<\/td>\n<td style=\"width: 17.854%;\" colspan=\"1\" rowspan=\"1\">\n<div class=\"magic-31\">Okrogla \u017eica<\/div>\n<\/td>\n<td style=\"width: 7.34734%;\" colspan=\"1\" rowspan=\"1\">\n<div class=\"magic-32\">24<\/div>\n<\/td>\n<td style=\"width: 27.2371%;\" colspan=\"1\" rowspan=\"1\">\n<div class=\"magic-33\">Ore\u010dek<\/div>\n<\/td>\n<\/tr>\n<tr>\n<td style=\"width: 6.06094%;\" colspan=\"1\" rowspan=\"1\">\n<div class=\"magic-28\">8<\/div>\n<\/td>\n<td style=\"width: 33.8854%;\" colspan=\"1\" rowspan=\"1\">\n<div class=\"magic-29\">Tesnilo luknje<\/div>\n<\/td>\n<td style=\"width: 6.81086%;\" colspan=\"1\" rowspan=\"1\">\n<div class=\"magic-30\">17<\/div>\n<\/td>\n<td style=\"width: 17.854%;\" colspan=\"1\" rowspan=\"1\">\n<div class=\"magic-31\">Obesek za klju\u010de<\/div>\n<\/td>\n<td style=\"width: 7.34734%;\" colspan=\"1\" rowspan=\"1\">\n<div class=\"magic-32\">25<\/div>\n<\/td>\n<td style=\"width: 27.2371%;\" colspan=\"1\" rowspan=\"1\">\n<div class=\"magic-33\">Sferi\u010dni le\u017eaj<\/div>\n<\/td>\n<\/tr>\n<tr>\n<td style=\"width: 6.06094%;\" colspan=\"1\" rowspan=\"1\">\n<div class=\"magic-28\">9<\/div>\n<\/td>\n<td style=\"width: 33.8854%;\" colspan=\"1\" rowspan=\"1\">\n<div class=\"magic-29\">Obro\u010dni obro\u010d<\/div>\n<\/td>\n<td style=\"width: 6.81086%;\" colspan=\"1\" rowspan=\"1\">\n<div class=\"magic-30\"><\/div>\n<\/td>\n<td style=\"width: 17.854%;\" colspan=\"1\" rowspan=\"1\">\n<div class=\"magic-31\"><\/div>\n<\/td>\n<td style=\"width: 7.34734%;\" colspan=\"1\" rowspan=\"1\">\n<div class=\"magic-32\"><\/div>\n<\/td>\n<td style=\"width: 27.2371%;\" colspan=\"1\" rowspan=\"1\">\n<div class=\"magic-33\"><\/div>\n<\/td>\n<\/tr>\n<\/tbody>\n<\/table>\n<\/div>\n<\/div>\n<h2>Dimenzije hidravli\u010dnega cilindra za nagibanje vili\u010darja:<\/h2>\n<table>\n<tbody>\n<tr>\n<td><img loading=\"lazy\" decoding=\"async\" class=\"alignnone size-full wp-image-294\" src=\"https:\/\/fmp-components.com\/wp-content\/uploads\/2024\/12\/Forklift-Tilt-Hydraulic-Cylinder-Dimensions-1.webp\" alt=\"Dimenzije hidravli\u010dnega cilindra za nagibanje vili\u010darja 1\" width=\"600\" height=\"600\" title=\"\" srcset=\"https:\/\/fmp-components.com\/wp-content\/uploads\/2024\/12\/Forklift-Tilt-Hydraulic-Cylinder-Dimensions-1.webp 600w, https:\/\/fmp-components.com\/wp-content\/uploads\/2024\/12\/Forklift-Tilt-Hydraulic-Cylinder-Dimensions-1-480x480.webp 480w\" sizes=\"(min-width: 0px) and (max-width: 480px) 480px, (min-width: 481px) 600px, 100vw\" \/><\/td>\n<td><img loading=\"lazy\" decoding=\"async\" class=\"alignnone size-full wp-image-295\" src=\"https:\/\/fmp-components.com\/wp-content\/uploads\/2024\/12\/Forklift-Tilt-Hydraulic-Cylinder-Dimensions-2.webp\" alt=\"Dimenzije hidravli\u010dnega cilindra za nagibanje vili\u010darja\" width=\"600\" height=\"600\" title=\"\" srcset=\"https:\/\/fmp-components.com\/wp-content\/uploads\/2024\/12\/Forklift-Tilt-Hydraulic-Cylinder-Dimensions-2.webp 600w, https:\/\/fmp-components.com\/wp-content\/uploads\/2024\/12\/Forklift-Tilt-Hydraulic-Cylinder-Dimensions-2-480x480.webp 480w\" sizes=\"(min-width: 0px) and (max-width: 480px) 480px, (min-width: 481px) 600px, 100vw\" \/><\/td>\n<\/tr>\n<\/tbody>\n<\/table>\n<table border=\"1\" cellspacing=\"0\" cellpadding=\"0\">\n<tbody>\n<tr>\n<td width=\"246\">Ime cilindra<\/td>\n<td width=\"336\">\u0161tevilka risbe<\/td>\n<td width=\"126\">premer izvrtine (D)<\/td>\n<td width=\"123\">premer palice (d)<\/td>\n<td width=\"114\">hod (S)<\/td>\n<td width=\"170\">Razdalja namestitve (L)<\/td>\n<td width=\"172\">delovni tlak<\/td>\n<td width=\"366\">Dimenzije vmesnika (M)<\/td>\n<td width=\"96\">te\u017ea<\/td>\n<\/tr>\n<tr>\n<td width=\"246\">NAGIBNI CILINDR<\/td>\n<td>QA20V500-405000-000<\/td>\n<td>\u03a660<\/td>\n<td>\u03a630<\/td>\n<td>32<\/td>\n<td>109<\/td>\n<td>18 MPa<\/td>\n<td>2-M14*1,5<\/td>\n<td>3,4 kg<\/td>\n<\/tr>\n<\/tbody>\n<\/table>\n<table>\n<tbody>\n<tr>\n<td><img loading=\"lazy\" decoding=\"async\" class=\"alignnone size-full wp-image-296\" src=\"https:\/\/fmp-components.com\/wp-content\/uploads\/2024\/12\/Forklift-Tilt-Hydraulic-Cylinder-Dimensions-3.webp\" alt=\"Dimenzije hidravli\u010dnega cilindra za nagibanje vili\u010darja\" width=\"600\" height=\"250\" title=\"\" srcset=\"https:\/\/fmp-components.com\/wp-content\/uploads\/2024\/12\/Forklift-Tilt-Hydraulic-Cylinder-Dimensions-3.webp 600w, https:\/\/fmp-components.com\/wp-content\/uploads\/2024\/12\/Forklift-Tilt-Hydraulic-Cylinder-Dimensions-3-480x200.webp 480w\" sizes=\"(min-width: 0px) and (max-width: 480px) 480px, (min-width: 481px) 600px, 100vw\" \/><\/td>\n<td><img loading=\"lazy\" decoding=\"async\" class=\"alignnone size-full wp-image-299\" src=\"https:\/\/fmp-components.com\/wp-content\/uploads\/2024\/12\/ptAaMc7q-Forklift-Tilt-Hydraulic-Cylinder-Dimensions-4.webp\" alt=\"Dimenzije hidravli\u010dnega cilindra za nagibanje vili\u010darja\" width=\"600\" height=\"250\" title=\"\" srcset=\"https:\/\/fmp-components.com\/wp-content\/uploads\/2024\/12\/ptAaMc7q-Forklift-Tilt-Hydraulic-Cylinder-Dimensions-4.webp 600w, https:\/\/fmp-components.com\/wp-content\/uploads\/2024\/12\/ptAaMc7q-Forklift-Tilt-Hydraulic-Cylinder-Dimensions-4-480x200.webp 480w\" sizes=\"(min-width: 0px) and (max-width: 480px) 480px, (min-width: 481px) 600px, 100vw\" \/><\/td>\n<\/tr>\n<\/tbody>\n<\/table>\n<table border=\"1\" width=\"100%\" cellspacing=\"0\" cellpadding=\"0\">\n<tbody>\n<tr>\n<td width=\"246\">Ime cilindra<\/td>\n<td width=\"336\">\u0161tevilka risbe<\/td>\n<td width=\"126\">premer izvrtine (D)<\/td>\n<td width=\"123\">premer palice (d)<\/td>\n<td width=\"114\">hod (S)<\/td>\n<td width=\"170\">Razdalja namestitve (L)<\/td>\n<td width=\"172\">delovni tlak<\/td>\n<td width=\"366\">Dimenzije vmesnika (M)<\/td>\n<td width=\"96\">te\u017ea<\/td>\n<\/tr>\n<tr>\n<td width=\"246\">NAGIBNI CILINDR<\/td>\n<td>S16N450-600000-001Z<\/td>\n<td>\u03a663<\/td>\n<td>\u03a625<\/td>\n<td>55<\/td>\n<td>368<\/td>\n<td>18,1 MPa<\/td>\n<td>2-G1\/4<\/td>\n<td>8,2 kg<\/td>\n<\/tr>\n<tr>\n<td width=\"246\">NAGIBNI CILINDR<\/td>\n<td>RTE35M300-600000-500<\/td>\n<td>\u03a685<\/td>\n<td>\u03a635<\/td>\n<td>180<\/td>\n<td>565<\/td>\n<td>18,1 MPa<\/td>\n<td>2-M16*1,5<\/td>\n<td>17 kg<\/td>\n<\/tr>\n<tr>\n<td width=\"246\">NAGIBNI CILINDR<\/td>\n<td>A15N450-600000AZ<\/td>\n<td>\u03a665<\/td>\n<td>\u03a625<\/td>\n<td>109<\/td>\n<td>514<\/td>\n<td>18,1 MPa<\/td>\n<td>2-G1\/4<\/td>\n<td>11,6 kg<\/td>\n<\/tr>\n<\/tbody>\n<\/table>\n<table>\n<tbody>\n<tr>\n<td><img loading=\"lazy\" decoding=\"async\" class=\"alignnone size-full wp-image-298\" src=\"https:\/\/fmp-components.com\/wp-content\/uploads\/2024\/12\/PNkfUFql-Forklift-Tilt-Hydraulic-Cylinder-Dimensions-5.webp\" alt=\"Dimenzije hidravli\u010dnega cilindra za nagibanje vili\u010darja 5\" width=\"600\" height=\"250\" title=\"\" srcset=\"https:\/\/fmp-components.com\/wp-content\/uploads\/2024\/12\/PNkfUFql-Forklift-Tilt-Hydraulic-Cylinder-Dimensions-5.webp 600w, https:\/\/fmp-components.com\/wp-content\/uploads\/2024\/12\/PNkfUFql-Forklift-Tilt-Hydraulic-Cylinder-Dimensions-5-480x200.webp 480w\" sizes=\"(min-width: 0px) and (max-width: 480px) 480px, (min-width: 481px) 600px, 100vw\" \/><\/td>\n<td><img loading=\"lazy\" decoding=\"async\" class=\"alignnone size-full wp-image-293\" src=\"https:\/\/fmp-components.com\/wp-content\/uploads\/2024\/12\/6Stw2LGy-Forklift-Tilt-Hydraulic-Cylinder-Dimensions-6.webp\" alt=\"Dimenzije hidravli\u010dnega cilindra za nagibanje vili\u010darja\" width=\"600\" height=\"250\" title=\"\" srcset=\"https:\/\/fmp-components.com\/wp-content\/uploads\/2024\/12\/6Stw2LGy-Forklift-Tilt-Hydraulic-Cylinder-Dimensions-6.webp 600w, https:\/\/fmp-components.com\/wp-content\/uploads\/2024\/12\/6Stw2LGy-Forklift-Tilt-Hydraulic-Cylinder-Dimensions-6-480x200.webp 480w\" sizes=\"(min-width: 0px) and (max-width: 480px) 480px, (min-width: 481px) 600px, 100vw\" \/><\/td>\n<\/tr>\n<\/tbody>\n<\/table>\n<table border=\"1\" width=\"100%\" cellspacing=\"0\" cellpadding=\"0\">\n<tbody>\n<tr>\n<td width=\"246\">Ime cilindra<\/td>\n<td width=\"336\">\u0161tevilka risbe<\/td>\n<td width=\"126\">premer izvrtine (D)<\/td>\n<td width=\"123\">premer palice (d)<\/td>\n<td width=\"114\">hod (S)<\/td>\n<td width=\"170\">Razdalja namestitve (L)<\/td>\n<td width=\"172\">delovni tlak<\/td>\n<td width=\"366\">Dimenzije vmesnika (M)<\/td>\n<td width=\"96\">te\u017ea<\/td>\n<\/tr>\n<tr>\n<td>NAGIBNI CILINDR<\/td>\n<td>A30M300-600000-000B<\/td>\n<td>\u03a670<\/td>\n<td>\u03a630<\/td>\n<td>156<\/td>\n<td>453<\/td>\n<td>18,1 MPa<\/td>\n<td>2-G1\/4<\/td>\n<td>12 kg<\/td>\n<\/tr>\n<tr>\n<td>NAGIBNI CILINDR<\/td>\n<td>A35M300-600000-000C<\/td>\n<td>\u03a680<\/td>\n<td>\u03a630<\/td>\n<td>156<\/td>\n<td>456.5<\/td>\n<td>18,1 MPa<\/td>\n<td>2-G1\/4<\/td>\n<td>13 kg<\/td>\n<\/tr>\n<tr>\n<td>NAGIBNI CILINDR<\/td>\n<td>A45M300-600000Z<\/td>\n<td>\u03a6100<\/td>\n<td>\u03a640<\/td>\n<td>193<\/td>\n<td>498<\/td>\n<td>18,1 MPa<\/td>\n<td>2-M16*1,5<\/td>\n<td>22 kg<\/td>\n<\/tr>\n<\/tbody>\n<\/table>\n<h3 class=\"JlqpRe\"><span class=\"JCzEY tNxQIb\"><span class=\"CSkcDe\">Kak\u0161na je razlika med dvi\u017enim cilindrom in nagibnim cilindrom?<\/span><\/span><\/h3>\n<div class=\"p8Jhnd\">\n<div class=\"aj35ze\">\n<p>Dvi\u017eni cilinder<br \/>\nDvi\u017eni valj je primarno zasnovan za zagotavljanje navpi\u010dnega gibanja z dvigovanjem in spu\u0161\u010danjem te\u017ekih bremen. Deluje tako, da se premika v ravni, linearni smeri, obi\u010dajno navzgor ali navzdol, za dvigovanje ali spu\u0161\u010danje opreme, strojev ali materialov. Dvi\u017eni valj je bistvenega pomena v aplikacijah, kjer je potrebno navpi\u010dno dvigovanje, na primer pri \u017eerjavih, vili\u010darjih, bagrih in nakladalnikih. Pogosto se uporablja za premikanje te\u017ekih predmetov ali dvigovanje komponent, kot so roke, dvi\u017ene roke ali zabojniki. Dvi\u017eni valj igra klju\u010dno vlogo pri zagotavljanju dvi\u017ene sile, zaradi \u010desar je klju\u010dni sestavni del gradbenih strojev, sistemov za ravnanje z materiali in kmetijske opreme, ki vklju\u010duje dvigovanje te\u017ekih bremen.<\/p>\n<p>Nagibni cilinder<br \/>\nNagibni valj pa je zasnovan za ustvarjanje rotacijskega ali kotnega gibanja, kar omogo\u010da nagibanje predmeta ali mehanizma okoli vodoravne osi. Namesto dvigovanja ali spu\u0161\u010danja nagibni valj prilagodi kot bremena ali priklju\u010dka, kar omogo\u010da nagibanje naprej ali nazaj. Ta vrsta cilindra se pogosto uporablja v aplikacijah, kjer so potrebne natan\u010dne nastavitve kota, na primer pri krmiljenju nagiba nakladalne \u017elice, sne\u017enega pluga ali kesona prekucnika. Nagibni cilindri se pogosto nahajajo v opremi, kot so kompaktni nakladalci, bagri in traktorji, kjer je nagibanje potrebno za natan\u010dno pozicioniranje orodja, priklju\u010dkov ali materialov. Ti cilindri obi\u010dajno delujejo skupaj z dvi\u017enimi cilindri, da zagotavljajo gibanje v polnem obsegu, kjer so za dokon\u010danje naloge potrebni tako dvigovanje kot nagibanje.<\/p>\n<p><img loading=\"lazy\" decoding=\"async\" class=\"alignnone size-full wp-image-302\" src=\"https:\/\/fmp-components.com\/wp-content\/uploads\/2024\/12\/What-is-the-difference-between-lift-cylinder-and-tilt-cylinder.webp\" alt=\"Kak\u0161na je razlika med dvi\u017enim cilindrom in nagibnim cilindrom\" width=\"1282\" height=\"600\" title=\"\" srcset=\"https:\/\/fmp-components.com\/wp-content\/uploads\/2024\/12\/What-is-the-difference-between-lift-cylinder-and-tilt-cylinder.webp 1282w, https:\/\/fmp-components.com\/wp-content\/uploads\/2024\/12\/What-is-the-difference-between-lift-cylinder-and-tilt-cylinder-1280x599.webp 1280w, https:\/\/fmp-components.com\/wp-content\/uploads\/2024\/12\/What-is-the-difference-between-lift-cylinder-and-tilt-cylinder-980x459.webp 980w, https:\/\/fmp-components.com\/wp-content\/uploads\/2024\/12\/What-is-the-difference-between-lift-cylinder-and-tilt-cylinder-480x225.webp 480w\" sizes=\"(min-width: 0px) and (max-width: 480px) 480px, (min-width: 481px) and (max-width: 980px) 980px, (min-width: 981px) and (max-width: 1280px) 1280px, (min-width: 1281px) 1282px, 100vw\" \/><\/p>\n<h3>Prednosti hidravli\u010dnega cilindra za nagibanje vili\u010darja<\/h3>\n<p>Izbolj\u0161ana natan\u010dnost in nadzor<br \/>\nThe <a href=\"https:\/\/cylinder-hydraulic.com\/product\/ep-hcyy11112001-forklift-tilt-cylinder-forklift-hydraulic-cylinder\/\" target=\"_blank\" rel=\"noopener\">hidravli\u010dni cilinder za nagibanje vili\u010darja<\/a> Zagotavlja natan\u010den nadzor nad kotom nagiba teleskopa vili\u010darja ali priklju\u010dkov. To omogo\u010da upravljavcem, da prilagodijo kot bremena za optimalno stabilnost, kar zagotavlja varno in u\u010dinkovito namestitev te\u017ekih ali ob\u010dutljivih tovorov. Z mo\u017enostjo nagibanja teleskopa naprej ali nazaj lahko upravljavci izbolj\u0161ajo svojo sposobnost zlaganja, razkladanja ali manevriranja bremen v tesnih prostorih, kar pove\u010da tako varnost kot produktivnost delovanja vili\u010darja.<\/p>\n<p>Pove\u010dana vsestranskost pri ravnanju s tovorom<br \/>\nEna klju\u010dnih prednosti hidravli\u010dnega cilindra za nagibanje vili\u010darja je njegova sposobnost izbolj\u0161anja vsestranskosti pri ravnanju s tovorom. Upravljavcem omogo\u010da, da prilagodijo teleskop vili\u010darja razli\u010dnim kotom, kar olaj\u0161a ravnanje z razli\u010dnimi vrstami in velikostmi tovora. Na primer, olaj\u0161a nakladanje in razkladanje materialov iz tovornjakov, saj prilagaja kot teleskopa razli\u010dnim vi\u0161inam ali kotom palet. Ta vsestranskost je bistvena v okoljih z razli\u010dnimi potrebami po ravnanju z materiali, kot so skladi\u0161\u010da, distribucijski centri in proizvodni obrati.<\/p>\n<p>Izbolj\u0161ana stabilnost in varnost<br \/>\nHidravli\u010dni cilinder za nagibanje prispeva k ve\u010dji stabilnosti in varnosti med delovanjem vili\u010darja. Z omogo\u010danjem nagibanja stebra vili\u010darja nazaj cilinder pomaga bolje uravnote\u017eiti te\u017eke bremena in prepre\u010diti tveganje prevra\u010danja ali izgube nadzora nad bremenom. Poleg tega lahko pri nagibanju naprej pomaga varno namestiti breme bli\u017eje tlom med rokovanjem, kar zmanj\u0161a tveganje za nesre\u010de zaradi neuravnote\u017eenega bremena ali nepravilne namestitve bremena. Ta dodatna stabilnost zagotavlja varnost tako upravljavca kot okolice ter zmanj\u0161uje morebitno \u0161kodo na blagu, opremi in delovnem obmo\u010dju.<\/p>\n<p><img loading=\"lazy\" decoding=\"async\" class=\"wp-image-309 aligncenter\" src=\"https:\/\/fmp-components.com\/wp-content\/uploads\/2024\/12\/Forklift-Tilt-Hydraulic-Cylinder.webp\" alt=\"Hidravli\u010dni cilinder za nagibanje vili\u010darja\" width=\"1247\" height=\"935\" title=\"\" srcset=\"https:\/\/fmp-components.com\/wp-content\/uploads\/2024\/12\/Forklift-Tilt-Hydraulic-Cylinder.webp 1247w, https:\/\/fmp-components.com\/wp-content\/uploads\/2024\/12\/Forklift-Tilt-Hydraulic-Cylinder-980x735.webp 980w, https:\/\/fmp-components.com\/wp-content\/uploads\/2024\/12\/Forklift-Tilt-Hydraulic-Cylinder-480x360.webp 480w\" sizes=\"(min-width: 0px) and (max-width: 480px) 480px, (min-width: 481px) and (max-width: 980px) 980px, (min-width: 981px) 1247px, 100vw\" \/><\/p>\n<h3>O FMP-ju<\/h3>\n<p>FMP je specializiran proizvajalec hidravli\u010dnih cilindrov z mo\u010dnim poudarkom na raziskavah in proizvodnji. Podjetje se je od svoje ustanovitve dosledno osredoto\u010dalo na razvoj hidravli\u010dnih cilindrov, pri \u010demer se je razvilo od proizvodnje razli\u010dnih izdelkov, kot so stroji za \u017eetev in gradbeni\u0161tvo, do specializacije za komponente kmetijskih traktorjev. Z ve\u010d kot desetletjem proizvodnega znanja, vodstvenih izku\u0161enj in napredne proizvodne tehnologije FMP zagotavlja najvi\u0161jo kakovost svojih izdelkov.<\/p>\n<p>Z rastjo podjetja v strokovni smeri je vzpostavilo celovito linijo za strojno obdelavo, monta\u017eno linijo in linijo za premazovanje. FMP podpira predana ekipa izku\u0161enega vodstvenega osebja, usposobljenih strojnih oblikovalcev in visoko usposobljenih tehni\u010dnih delavcev. To zagotavlja stabilno kakovost izdelkov, hkrati pa u\u010dinkovito nadzoruje neprekinjenost procesa in splo\u0161no u\u010dinkovitost proizvodnje.<\/p>\n<p>FMP se dr\u017ei temeljnih vrednot \u00bbTehnolo\u0161ke inovacije spodbujajo napredek, kakovost ustvarja blagovne znamke, obrtni\u0161ka spretnost zagotavlja kakovost in gradi dolgoro\u010dne odnose, v katerih vsi pridobijo.\u00ab Podjetje ostaja zavezano zagotavljanju visokokakovostnih izdelkov ob hkratnem zagotavljanju vrhunske storitve za stranke in si vedno prizadeva zadovoljiti spreminjajo\u010de se potrebe trga.<\/p>\n<p><img loading=\"lazy\" decoding=\"async\" class=\"wp-image-303 aligncenter\" src=\"https:\/\/fmp-components.com\/wp-content\/uploads\/2024\/12\/hydraulic-cylinder-factory-11_1.webp\" alt=\"tovarna-hidravli\u010dnih-valjev\" width=\"1203\" height=\"1316\" title=\"\" srcset=\"https:\/\/fmp-components.com\/wp-content\/uploads\/2024\/12\/hydraulic-cylinder-factory-11_1.webp 1203w, https:\/\/fmp-components.com\/wp-content\/uploads\/2024\/12\/hydraulic-cylinder-factory-11_1-480x525.webp 480w\" sizes=\"(min-width: 0px) and (max-width: 480px) 480px, (min-width: 481px) 1203px, 100vw\" \/><\/p>\n<p><img loading=\"lazy\" decoding=\"async\" class=\"wp-image-283 aligncenter\" src=\"https:\/\/fmp-components.com\/wp-content\/uploads\/2024\/12\/hydraulic-cylinder-factory-5.webp\" alt=\"tovarna-hidravli\u010dnih-valjev\" width=\"1324\" height=\"762\" title=\"\" srcset=\"https:\/\/fmp-components.com\/wp-content\/uploads\/2024\/12\/hydraulic-cylinder-factory-5.webp 1324w, https:\/\/fmp-components.com\/wp-content\/uploads\/2024\/12\/hydraulic-cylinder-factory-5-480x276.webp 480w\" sizes=\"(min-width: 0px) and (max-width: 480px) 480px, (min-width: 481px) 1324px, 100vw\" \/><\/p>\n<p>Avtor: CX<\/p>\n<\/div>\n<\/div>","protected":false},"excerpt":{"rendered":"<p>Hidravli\u010dni cilinder za nagibanje vili\u010darja je zasnovan za nadzor nagibanja teleskopa ali priklju\u010dka vili\u010darja, kar upravljavcu omogo\u010da prilagajanje kota bremena za bolj\u0161o stabilnost in natan\u010dnost. Ta cilinder omogo\u010da nagibanje teleskopa naprej ali nazaj, kar zagotavlja varno namestitev bremena med dvigovanjem, prevozom ali razkladanjem. Z gladkim in nadzorovanim nagibanjem hidravli\u010dni cilinder za nagibanje vili\u010darja pomaga prepre\u010diti po\u0161kodbe bremena in izbolj\u0161a rokovanje s bremenom v razli\u010dnih obratovalnih pogojih. \u0160e posebej je uporaben v aplikacijah, kjer je potrebno natan\u010dno pozicioniranje bremena in nastavitev kota, na primer pri zlaganju ali razkladanju blaga iz tovornjakov, zaradi \u010desar je bistvena komponenta za u\u010dinkovitost in varnost vili\u010darja.<\/p>","protected":false},"featured_media":300,"comment_status":"open","ping_status":"closed","template":"","meta":{"_et_pb_use_builder":"","_et_pb_old_content":"","_et_gb_content_width":""},"product_brand":[],"product_cat":[20],"product_tag":[],"class_list":{"0":"post-292","1":"product","2":"type-product","3":"status-publish","4":"has-post-thumbnail","6":"product_cat-forklift-hydraulic-cylinders","8":"first","9":"instock","10":"shipping-taxable","11":"product-type-simple"},"_links":{"self":[{"href":"https:\/\/fmp-components.com\/sl\/wp-json\/wp\/v2\/product\/292","targetHints":{"allow":["GET"]}}],"collection":[{"href":"https:\/\/fmp-components.com\/sl\/wp-json\/wp\/v2\/product"}],"about":[{"href":"https:\/\/fmp-components.com\/sl\/wp-json\/wp\/v2\/types\/product"}],"replies":[{"embeddable":true,"href":"https:\/\/fmp-components.com\/sl\/wp-json\/wp\/v2\/comments?post=292"}],"wp:featuredmedia":[{"embeddable":true,"href":"https:\/\/fmp-components.com\/sl\/wp-json\/wp\/v2\/media\/300"}],"wp:attachment":[{"href":"https:\/\/fmp-components.com\/sl\/wp-json\/wp\/v2\/media?parent=292"}],"wp:term":[{"taxonomy":"product_brand","embeddable":true,"href":"https:\/\/fmp-components.com\/sl\/wp-json\/wp\/v2\/product_brand?post=292"},{"taxonomy":"product_cat","embeddable":true,"href":"https:\/\/fmp-components.com\/sl\/wp-json\/wp\/v2\/product_cat?post=292"},{"taxonomy":"product_tag","embeddable":true,"href":"https:\/\/fmp-components.com\/sl\/wp-json\/wp\/v2\/product_tag?post=292"}],"curies":[{"name":"delovni list","href":"https:\/\/api.w.org\/{rel}","templated":true}]}}