{"id":2865,"date":"2025-01-04T05:25:27","date_gmt":"2025-01-04T05:25:27","guid":{"rendered":"https:\/\/fmp-components.com\/product\/experience-the-power-of-customized-small-double-acting-hydraulic-cylinder-for-agriculture-trailer\/"},"modified":"2025-01-04T06:21:22","modified_gmt":"2025-01-04T06:21:22","slug":"experience-the-power-of-customized-small-double-acting-hydraulic-cylinder-for-agriculture-trailer","status":"publish","type":"product","link":"https:\/\/fmp-components.com\/sl\/product\/experience-the-power-of-customized-small-double-acting-hydraulic-cylinder-for-agriculture-trailer\/","title":{"rendered":"Izkusite mo\u010d prilagojenega majhnega dvosmernega hidravli\u010dnega cilindra za kmetijsko prikolico"},"content":{"rendered":"<h2>Odli\u010dna kakovost po meri 10-tonski dvosmerni hidravli\u010dni batni cilinder<\/h2>\n<p>Opis izdelka:<br \/>\nOdli\u010den 10-tonski dvosmerni hidravli\u010dni batni cilinder po meri je visokozmogljiv hidravli\u010dni cilinder, zasnovan za te\u017eke industrijske aplikacije. Ta cilinder je znan po svoji izjemni kakovosti in vzdr\u017eljivosti, zaradi \u010desar je zanesljiva izbira za razli\u010dne hidravli\u010dne sisteme.<\/p>\n<p>Klju\u010dne lastnosti:<br \/>\n1. Vrhunska trdnost: Z nosilnostjo 10 ton lahko ta hidravli\u010dni batni cilinder z lahkoto prenese te\u017eke obremenitve. Njegova robustna konstrukcija zagotavlja dolgotrajno delovanje tudi v ekstremnih delovnih pogojih.<\/p>\n<p>2. Dvosmerno delovanje: Cilinder ponuja dvosmerno hidravli\u010dno delovanje, kar omogo\u010da natan\u010den nadzor in u\u010dinkovito gibanje v obe smeri. Ta funkcija pove\u010duje produktivnost in vsestranskost pri razli\u010dnih aplikacijah.<\/p>\n<p>3. Prilagodljiva zasnova: Razumemo, da imajo razli\u010dne aplikacije edinstvene zahteve. Zato za ta batni valj ponujamo mo\u017enosti prilagoditve. Stranke lahko izberejo posebne velikosti izvrtin, dol\u017eine hodov, na\u010dine monta\u017ee in druge specifikacije, ki ustrezajo njihovim specifi\u010dnim potrebam.<\/p>\n<p>4. Visokokakovostni materiali: Za zagotovitev optimalne zmogljivosti in zanesljivosti je ta hidravli\u010dni batni valj izdelan iz visokokakovostnih materialov. Ohi\u0161je valja je izdelano iz robustnega jekla, bat in tesnila pa so izdelani iz trpe\u017enih materialov, ki so odporni proti obrabi.<\/p>\n<p>5. Enostavna namestitev in vzdr\u017eevanje: Cilinder je zasnovan za enostavno namestitev in brezskrbno vzdr\u017eevanje. Prilo\u017eena so podrobna navodila in ga je mogo\u010de enostavno integrirati v obstoje\u010de hidravli\u010dne sisteme. Redno vzdr\u017eevanje zagotavlja dolgo \u017eivljenjsko dobo in brezhibno delovanje.<\/p>\n<p>Na splo\u0161no je odli\u010dnokakovosten 10-tonski dvosmerni hidravli\u010dni batni cilinder po meri vrhunska re\u0161itev za panoge, ki zahtevajo robustne in u\u010dinkovite hidravli\u010dne sisteme. Zaradi izjemne kakovosti, prilagodljive zasnove in zanesljivega delovanja je idealna izbira za \u0161irok spekter uporabe.<\/p>\n<h2>Uporaba hidravli\u010dnega cilindra volana<\/h2>\n<p>Krmilni hidravli\u010dni cilindri so bistveni sestavni deli krmilnih sistemov v razli\u010dnih vrstah vozil. Ti cilindri, znani tudi kot krmilni aktuatorji, pomagajo pretvoriti energijo, ki jo ustvari krmilna \u010drpalka, v linearno gibanje, ki se lahko uporabi za upravljanje smeri koles vozila. Tukaj je nekaj uporab krmilnih hidravli\u010dnih cilindrov:<\/p>\n<ol>\n<li>Te\u017eka tovorna vozila:\n<p>Krmilni hidravli\u010dni cilindri se pogosto uporabljajo v te\u017ekih vozilih, kot so tovornjaki, avtobusi in gradbena mehanizacija. Za krmiljenje teh vozil je potrebna velika sila, hidravli\u010dni cilinder pa lahko ustvari potrebno mo\u010d za vrtenje koles, tudi ko je vozilo obremenjeno. Hidravli\u010dni sistem omogo\u010da tudi natan\u010dnej\u0161i nadzor nad krmilnim mehanizmom, kar voznikom olaj\u0161a krmiljenje velikih, nerodnih vozil.<\/li>\n<li>Terenska vozila:\n<p>Terenska vozila, kot so \u0161tirikolesniki, bugiji za sipine in umazani motorji, imajo prav tako koristi od hidravli\u010dnih cilindrov za krmiljenje. Ta vozila pogosto delujejo na neravnem terenu, kjer obi\u010dajni krmilni mehanizmi morda niso u\u010dinkoviti. Hidravli\u010dni cilindri lahko zagotovijo potrebno mo\u010d in natan\u010dnost za krmiljenje skozi ovire in ohranjanje nadzora nad vozilom.<\/li>\n<li>Pomorske in vesoljske aplikacije:\n<p>Krmilni hidravli\u010dni cilindri niso omejeni le na kopenska vozila. Uporabljajo se tudi v pomorskih aplikacijah, kot so \u010dolni in ladje, pa tudi v vesoljski tehnologiji, kot so vesoljska plovila in letala. V teh okoljih se hidravli\u010dni cilindri uporabljajo za upravljanje smeri krmila, krilc in drugih krmilnih povr\u0161in, ki pomagajo pri krmarjenju plovila ali letala.<\/li>\n<li>Industrijska oprema:\n<p>Hidravli\u010dni cilindri se uporabljajo tudi v razli\u010dnih industrijskih okoljih za krmiljenje in druge aplikacije. Uporabljajo se lahko na primer za krmiljenje \u017eerjavov, vili\u010darjev ali drugih te\u017ekih strojev. V teh okoljih lahko hidravli\u010dni cilindri zagotovijo potrebno mo\u010d in natan\u010dnost za manipulacijo velikih bremen ali delovanje v tesnih prostorih.<\/li>\n<li>Aplikacije po meri:\n<p>Poleg teh obi\u010dajnih aplikacij se lahko hidravli\u010dni cilindri za krmiljenje uporabljajo tudi v razli\u010dnih prilagojenih okoljih. Uporabljajo se lahko na primer v eksperimentalnih vozilih ali prototipih, ki zahtevajo edinstven mehanizem krmiljenja. Uporabljajo se lahko tudi v umetni\u0161kih instalacijah ali kineti\u010dnih skulpturah, ki zahtevajo natan\u010dno in nadzorovano gibanje.<\/li>\n<\/ol>\n<p>Kot lahko vidite, imajo hidravli\u010dni cilindri za krmiljenje \u0161iroko paleto uporabe v razli\u010dnih panogah in okoljih. Ne glede na to, ali se uporabljajo v te\u017ekih tovornih vozilih, terenskih vozilih, pomorskih in vesoljskih aplikacijah, industrijski opremi ali aplikacijah po meri, ti cilindri zagotavljajo potrebno mo\u010d, natan\u010dnost in nadzor za u\u010dinkovito krmiljenje.<\/p>\n<h2>O FMP-ju<\/h2>\n<p>FMP je vodilni proizvajalec in distributer visokokakovostnih hidravli\u010dnih cilindrov, kompletov cilindrov in komponent za gradbeno mehanizacijo. Z dolgoletnimi izku\u0161njami v industriji in profesionalno ekipo smo zavezani k zagotavljanju zanesljivih in u\u010dinkovitih re\u0161itev za na\u0161e stranke na podro\u010dju gradbenih strojev.<\/p>\n<p>Tukaj je pet razlogov, zakaj bi morali izbrati FMP:<\/p>\n<ol>\n<li><strong>Visokokakovostni hidravli\u010dni cilindri:<\/strong> Za izdelavo na\u0161ih hidravli\u010dnih cilindrov uporabljamo precizno in\u017eenirstvo. Na\u0161a trdna zavezanost kakovosti zagotavlja, da uporabljamo le najkakovostnej\u0161e surovine in izvajamo stroge preglede kakovosti kon\u010dnih izdelkov, da zagotovimo, da izpolnjujejo in presegajo industrijske standarde.<\/li>\n<li><strong>Obse\u017ena ponudba izdelkov:<\/strong> Na\u0161a ponudba izdelkov zajema vse vrste gradbenih strojev in pribora. Ponujamo razli\u010dne hidravli\u010dne cilindre, menjalnike, verige, zobnike, pribor za motorje, komponente hidravli\u010dnih sistemov, pribor za \u0161asije in pribor za elektri\u010dne sisteme.<\/li>\n<li><strong>Vzpostavljena partnerstva:<\/strong> Vzpostavili smo dolgoro\u010dna in stabilna partnerstva s \u0161tevilnimi visokokakovostnimi doma\u010dimi in tujimi dobavitelji. To zagotavlja, da vsa dobavljena oprema izpolnjuje na\u0161e stroge standarde kakovosti.<\/li>\n<li><strong>Izku\u0161ena prodajna ekipa:<\/strong> Na\u0161a prodajna ekipa ima dolgoletne izku\u0161nje in znanje o industriji gradbenih strojev. Zagotavlja vam lahko strokovno svetovanje o izdelkih in pametne nasvete o nakupu, ki vam bodo pomagali pri sprejemanju premi\u0161ljenih odlo\u010ditev.<\/li>\n<li><strong>U\u010dinkovit logisti\u010dni distribucijski sistem:<\/strong> Imamo u\u010dinkovit logisti\u010dni distribucijski sistem, ki zagotavlja, da na\u0161e stranke pravo\u010dasno in natan\u010dno prejmejo potrebne dele.<\/li>\n<\/ol>\n<p><img decoding=\"async\" src=\"https:\/\/fmp-components.com\/wp-content\/uploads\/2025\/01\/Dump-Truck-Trailer-Hydraulic-Cylinder-product-3-3.webp\" alt=\"Hidravli\u010dni cilinder\" width=\"800\" title=\"\"><\/p>\n<p>V podjetju FMP smo zavezani k zagotavljanju visokokakovostne in zanesljive opreme za gradbene stroje ter celovitih strojnih re\u0161itev za na\u0161e stranke. Z na\u0161imi sodobnimi tovarni\u0161kimi obrati, CNC obdelovalnimi stroji, ra\u010dunalni\u0161ko podprtim na\u010drtovanjem, usposobljenimi zaposlenimi, strokovnjaki za hidravli\u010dne sisteme, monterji valjev in trgovci smo va\u0161 najljub\u0161i partner za va\u0161e potrebe po hidravli\u010dnih cilindrih, kompletih valjev in komponentah.<\/p>\n<p>Avtor: CX<\/p>","protected":false},"excerpt":{"rendered":"<p>Excellent Quality Custom 10 Ton Two Way Hydraulic Piston Cylinder Product Description: The Excellent Quality Custom 10 Ton Two Way Hydraulic Piston Cylinder is a high-performance hydraulic cylinder designed for heavy-duty industrial applications. This cylinder is known for its exceptional quality and durability, making it a reliable choice for various hydraulic systems. Key Features: 1. [&hellip;]<\/p>","protected":false},"featured_media":2866,"comment_status":"closed","ping_status":"closed","template":"","meta":{"_et_pb_use_builder":"","_et_pb_old_content":"","_et_gb_content_width":""},"product_brand":[],"product_cat":[67],"product_tag":[34,70],"class_list":{"0":"post-2865","1":"product","2":"type-product","3":"status-publish","4":"has-post-thumbnail","6":"product_cat-steering-hydraulic-cylinder","7":"product_tag-hydraulic-cylinder","8":"product_tag-steering-hydraulic-cylinder","10":"first","11":"instock","12":"product-type-simple"},"_links":{"self":[{"href":"https:\/\/fmp-components.com\/sl\/wp-json\/wp\/v2\/product\/2865","targetHints":{"allow":["GET"]}}],"collection":[{"href":"https:\/\/fmp-components.com\/sl\/wp-json\/wp\/v2\/product"}],"about":[{"href":"https:\/\/fmp-components.com\/sl\/wp-json\/wp\/v2\/types\/product"}],"replies":[{"embeddable":true,"href":"https:\/\/fmp-components.com\/sl\/wp-json\/wp\/v2\/comments?post=2865"}],"wp:featuredmedia":[{"embeddable":true,"href":"https:\/\/fmp-components.com\/sl\/wp-json\/wp\/v2\/media\/2866"}],"wp:attachment":[{"href":"https:\/\/fmp-components.com\/sl\/wp-json\/wp\/v2\/media?parent=2865"}],"wp:term":[{"taxonomy":"product_brand","embeddable":true,"href":"https:\/\/fmp-components.com\/sl\/wp-json\/wp\/v2\/product_brand?post=2865"},{"taxonomy":"product_cat","embeddable":true,"href":"https:\/\/fmp-components.com\/sl\/wp-json\/wp\/v2\/product_cat?post=2865"},{"taxonomy":"product_tag","embeddable":true,"href":"https:\/\/fmp-components.com\/sl\/wp-json\/wp\/v2\/product_tag?post=2865"}],"curies":[{"name":"delovni list","href":"https:\/\/api.w.org\/{rel}","templated":true}]}}