{"id":2784,"date":"2025-01-04T05:22:33","date_gmt":"2025-01-04T05:22:33","guid":{"rendered":"https:\/\/fmp-components.com\/product\/customized-custom-hydraulic-cylinder-mini-hydraulic-cylinder-tractor-power-steering-cylinder\/"},"modified":"2025-03-18T01:38:49","modified_gmt":"2025-03-18T01:38:49","slug":"customized-custom-hydraulic-cylinder-mini-hydraulic-cylinder-tractor-power-steering-cylinder","status":"publish","type":"product","link":"https:\/\/fmp-components.com\/sl\/product\/customized-custom-hydraulic-cylinder-mini-hydraulic-cylinder-tractor-power-steering-cylinder\/","title":{"rendered":"Prilagojen hidravli\u010dni cilinder po meri Mini hidravli\u010dni cilinder Traktorski servo volan"},"content":{"rendered":"<h2>Italijanski dobavitelj hidravli\u010dnega cilindra z dolgim \u200b\u200bhodom traktorskega hidravli\u010dnega krmilnega cilindra<\/h2>\n<p>Hidravli\u010dni krmilni valj traktorja z dolgim \u200b\u200bhodom italijanskega dobavitelja je visokokakovosten in zanesljiv hidravli\u010dni valj, zasnovan posebej za traktorje. Ta valj izdeluje zaupanja vreden italijanski dobavitelj, kar zagotavlja vrhunsko zmogljivost in vzdr\u017eljivost.<\/p>\n<p>Z dolgim \u200b\u200bhodom ta hidravli\u010dni cilinder omogo\u010da gladko in natan\u010dno krmiljenje traktorjev. Zasnovan je tako, da prenese te\u017eko uporabo in se u\u010dinkovito spopada z razli\u010dnimi tereni in delovnimi pogoji.<\/p>\n<p>Hidravli\u010dni cilinder z dolgim \u200b\u200bhodom italijanskega dobavitelja je zasnovan z napredno hidravli\u010dno tehnologijo, ki zagotavlja u\u010dinkovit prenos mo\u010di in optimalno delovanje. Njegova robustna konstrukcija in natan\u010dna izdelava zagotavljata dolgotrajno delovanje, zaradi \u010desar je idealna izbira za krmilne sisteme traktorjev.<\/p>\n<p>Ne glede na to, ali delate na kmetiji, gradbi\u0161\u010du ali kateri koli drugi kmetijski ali industrijski uporabi, je hidravli\u010dni krmilni valj traktorja z dolgim \u200b\u200bhodom italijanskega dobavitelja odli\u010dna re\u0161itev za zanesljivo in u\u010dinkovito krmiljenje traktorja. Zaupajte njegovi kakovosti in zmogljivosti, da pove\u010date produktivnost in u\u010dinkovitost svojega delovanja.<\/p>\n<h2>Uvod v hidravli\u010dne cilindre<\/h2>\n<p>Hidravli\u010dni cilindri so \u017ee stoletja klju\u010dni del mnogih industrij, vklju\u010dno s strojnimi delavnicami, kmetijstvom, energetiko in rudarstvom. Na voljo so razli\u010dne vrste hidravli\u010dnih cilindrov, med drugim nagibni, krmilni in dvi\u017eni cilindri.<\/p>\n<h3>Prednosti hidravli\u010dnih cilindrov<\/h3>\n<ul>\n<li>U\u010dinkovit prenos mo\u010di<\/li>\n<li>Enostavno vzdr\u017eevanje in popravilo<\/li>\n<li>Odli\u010dna vzdr\u017eljivost<\/li>\n<\/ul>\n<h3>Monta\u017ea in vzdr\u017eevanje hidravli\u010dnih cilindrov<\/h3>\n<p>Monta\u017ea in vzdr\u017eevanje hidravli\u010dnih cilindrov zahtevata natan\u010dnost in strokovno znanje. Redni pregledi in mazanje so potrebni za dolgotrajno delovanje. Prav tako je klju\u010dnega pomena razumeti, kdaj in kako zamenjati te cilindre.<\/p>\n<h2>Izbira pravega hidravli\u010dnega olja in oljnega tesnila<\/h2>\n<p>Izbira pravega hidravli\u010dnega olja in oljnega tesnila je odvisna od vrste hidravli\u010dnega cilindra in njegove uporabe. Med dejavniki, ki jih je treba upo\u0161tevati, so delovna temperatura, obmo\u010dje tlaka in hitrost cilindra.<\/p>\n<p><img decoding=\"async\" src=\"https:\/\/hzpt.com\/wp-content\/uploads\/2023\/11\/Steering-Hydraulic-Cylinder-4.webp\" alt=\"\" title=\"\"><\/p>\n<h2>Uporaba hidravli\u010dnega cilindra volana<\/h2>\n<p>Krmilni hidravli\u010dni cilindri so bistveni sestavni deli krmilnih sistemov v razli\u010dnih vrstah vozil. Ti cilindri, znani tudi kot krmilni aktuatorji, pomagajo pretvoriti energijo, ki jo ustvari krmilna \u010drpalka, v linearno gibanje, ki se lahko uporabi za upravljanje smeri koles vozila. Tukaj je nekaj uporab krmilnih hidravli\u010dnih cilindrov:<\/p>\n<ol>\n<li>Te\u017eka tovorna vozila:\n<p>Krmilni hidravli\u010dni cilindri se pogosto uporabljajo v te\u017ekih vozilih, kot so tovornjaki, avtobusi in gradbena mehanizacija. Za krmiljenje teh vozil je potrebna velika sila, hidravli\u010dni cilinder pa lahko ustvari potrebno mo\u010d za vrtenje koles, tudi ko je vozilo obremenjeno. Hidravli\u010dni sistem omogo\u010da tudi natan\u010dnej\u0161i nadzor nad krmilnim mehanizmom, kar voznikom olaj\u0161a krmiljenje velikih, nerodnih vozil.<\/li>\n<li>Terenska vozila:\n<p>Terenska vozila, kot so \u0161tirikolesniki, bugiji za sipine in umazani motorji, imajo prav tako koristi od hidravli\u010dnih cilindrov za krmiljenje. Ta vozila pogosto delujejo na neravnem terenu, kjer obi\u010dajni krmilni mehanizmi morda niso u\u010dinkoviti. Hidravli\u010dni cilindri lahko zagotovijo potrebno mo\u010d in natan\u010dnost za krmiljenje skozi ovire in ohranjanje nadzora nad vozilom.<\/li>\n<li>Pomorske in vesoljske aplikacije:\n<p>Krmilni hidravli\u010dni cilindri niso omejeni le na kopenska vozila. Uporabljajo se tudi v pomorskih aplikacijah, kot so \u010dolni in ladje, pa tudi v vesoljski tehnologiji, kot so vesoljska plovila in letala. V teh okoljih se hidravli\u010dni cilindri uporabljajo za upravljanje smeri krmila, krilc in drugih krmilnih povr\u0161in, ki pomagajo pri krmarjenju plovila ali letala.<\/li>\n<li>Industrijska oprema:\n<p>Hidravli\u010dni cilindri se uporabljajo tudi v razli\u010dnih industrijskih okoljih za krmiljenje in druge aplikacije. Uporabljajo se lahko na primer za krmiljenje \u017eerjavov, vili\u010darjev ali drugih te\u017ekih strojev. V teh okoljih lahko hidravli\u010dni cilindri zagotovijo potrebno mo\u010d in natan\u010dnost za manipulacijo velikih bremen ali delovanje v tesnih prostorih.<\/li>\n<li>Aplikacije po meri:\n<p>Poleg teh obi\u010dajnih aplikacij se lahko hidravli\u010dni cilindri za krmiljenje uporabljajo tudi v razli\u010dnih prilagojenih okoljih. Uporabljajo se lahko na primer v eksperimentalnih vozilih ali prototipih, ki zahtevajo edinstven mehanizem krmiljenja. Uporabljajo se lahko tudi v umetni\u0161kih instalacijah ali kineti\u010dnih skulpturah, ki zahtevajo natan\u010dno in nadzorovano gibanje.<\/li>\n<\/ol>\n<p>Kot lahko vidite, imajo hidravli\u010dni cilindri za krmiljenje \u0161iroko paleto uporabe v razli\u010dnih panogah in okoljih. Ne glede na to, ali se uporabljajo v te\u017ekih tovornih vozilih, terenskih vozilih, pomorskih in vesoljskih aplikacijah, industrijski opremi ali aplikacijah po meri, ti cilindri zagotavljajo potrebno mo\u010d, natan\u010dnost in nadzor za u\u010dinkovito krmiljenje.<\/p>\n<h2>O FMP-ju<\/h2>\n<p>FMP je vodilni proizvajalec in distributer visokokakovostnih hidravli\u010dnih cilindrov, kompletov cilindrov in komponent za gradbeno mehanizacijo. Z dolgoletnimi izku\u0161njami v industriji in profesionalno ekipo smo zavezani k zagotavljanju zanesljivih in u\u010dinkovitih re\u0161itev za na\u0161e stranke na podro\u010dju gradbenih strojev.<\/p>\n<p>Tukaj je pet razlogov, zakaj bi morali izbrati FMP:<\/p>\n<ol>\n<li><strong>Visokokakovostni hidravli\u010dni cilindri:<\/strong> Za izdelavo na\u0161ih hidravli\u010dnih cilindrov uporabljamo precizno in\u017eenirstvo. Na\u0161a trdna zavezanost kakovosti zagotavlja, da uporabljamo le najkakovostnej\u0161e surovine in izvajamo stroge preglede kakovosti kon\u010dnih izdelkov, da zagotovimo, da izpolnjujejo in presegajo industrijske standarde.<\/li>\n<li><strong>Obse\u017ena ponudba izdelkov:<\/strong> Na\u0161a ponudba izdelkov zajema vse vrste gradbenih strojev in pribora. Ponujamo razli\u010dne hidravli\u010dne cilindre, menjalnike, verige, zobnike, pribor za motorje, komponente hidravli\u010dnih sistemov, pribor za \u0161asije in pribor za elektri\u010dne sisteme.<\/li>\n<li><strong>Vzpostavljena partnerstva:<\/strong> Vzpostavili smo dolgoro\u010dna in stabilna partnerstva s \u0161tevilnimi visokokakovostnimi doma\u010dimi in tujimi dobavitelji. To zagotavlja, da vsa dobavljena oprema izpolnjuje na\u0161e stroge standarde kakovosti.<\/li>\n<li><strong>Izku\u0161ena prodajna ekipa:<\/strong> Na\u0161a prodajna ekipa ima dolgoletne izku\u0161nje in znanje o industriji gradbenih strojev. Zagotavlja vam lahko strokovno svetovanje o izdelkih in pametne nasvete o nakupu, ki vam bodo pomagali pri sprejemanju premi\u0161ljenih odlo\u010ditev.<\/li>\n<li><strong>U\u010dinkovit logisti\u010dni distribucijski sistem:<\/strong> Imamo u\u010dinkovit logisti\u010dni distribucijski sistem, ki zagotavlja, da na\u0161e stranke pravo\u010dasno in natan\u010dno prejmejo potrebne dele.<\/li>\n<\/ol>\n<p><img decoding=\"async\" src=\"https:\/\/fmp-components.com\/wp-content\/uploads\/2025\/01\/Dump-Truck-Trailer-Hydraulic-Cylinder-product-3-3.webp\" alt=\"Hidravli\u010dni cilinder\" width=\"800\" title=\"\"><\/p>\n<p>V podjetju FMP smo zavezani k zagotavljanju visokokakovostne in zanesljive opreme za gradbene stroje ter celovitih strojnih re\u0161itev za na\u0161e stranke. Z na\u0161imi sodobnimi tovarni\u0161kimi obrati, CNC obdelovalnimi stroji, ra\u010dunalni\u0161ko podprtim na\u010drtovanjem, usposobljenimi zaposlenimi, strokovnjaki za hidravli\u010dne sisteme, monterji valjev in trgovci smo va\u0161 najljub\u0161i partner za va\u0161e potrebe po hidravli\u010dnih cilindrih, kompletih valjev in komponentah.<\/p>\n<p>Avtor: CX<\/p>","protected":false},"excerpt":{"rendered":"<p>Italy Supplier Long Stroke Hydraulic Cylinder Tractor Hydraulic Steering Cylinder The Italy Supplier Long Stroke Hydraulic Cylinder Tractor Hydraulic Steering Cylinder is a high-quality and reliable hydraulic cylinder designed specifically for tractors. This cylinder is manufactured by a trusted Italian supplier, ensuring superior performance and durability. With its long stroke capability, this hydraulic cylinder enables [&hellip;]<\/p>","protected":false},"featured_media":2785,"comment_status":"closed","ping_status":"closed","template":"","meta":{"_et_pb_use_builder":"","_et_pb_old_content":"","_et_gb_content_width":""},"product_brand":[],"product_cat":[67],"product_tag":[34,70],"class_list":{"0":"post-2784","1":"product","2":"type-product","3":"status-publish","4":"has-post-thumbnail","6":"product_cat-steering-hydraulic-cylinder","7":"product_tag-hydraulic-cylinder","8":"product_tag-steering-hydraulic-cylinder","10":"first","11":"instock","12":"product-type-simple"},"_links":{"self":[{"href":"https:\/\/fmp-components.com\/sl\/wp-json\/wp\/v2\/product\/2784","targetHints":{"allow":["GET"]}}],"collection":[{"href":"https:\/\/fmp-components.com\/sl\/wp-json\/wp\/v2\/product"}],"about":[{"href":"https:\/\/fmp-components.com\/sl\/wp-json\/wp\/v2\/types\/product"}],"replies":[{"embeddable":true,"href":"https:\/\/fmp-components.com\/sl\/wp-json\/wp\/v2\/comments?post=2784"}],"wp:featuredmedia":[{"embeddable":true,"href":"https:\/\/fmp-components.com\/sl\/wp-json\/wp\/v2\/media\/2785"}],"wp:attachment":[{"href":"https:\/\/fmp-components.com\/sl\/wp-json\/wp\/v2\/media?parent=2784"}],"wp:term":[{"taxonomy":"product_brand","embeddable":true,"href":"https:\/\/fmp-components.com\/sl\/wp-json\/wp\/v2\/product_brand?post=2784"},{"taxonomy":"product_cat","embeddable":true,"href":"https:\/\/fmp-components.com\/sl\/wp-json\/wp\/v2\/product_cat?post=2784"},{"taxonomy":"product_tag","embeddable":true,"href":"https:\/\/fmp-components.com\/sl\/wp-json\/wp\/v2\/product_tag?post=2784"}],"curies":[{"name":"delovni list","href":"https:\/\/api.w.org\/{rel}","templated":true}]}}