{"id":2767,"date":"2025-01-04T05:22:33","date_gmt":"2025-01-04T05:22:33","guid":{"rendered":"https:\/\/fmp-components.com\/product\/professional-mini-hydraulic-piston-cylinder-for-tractors\/"},"modified":"2025-03-18T01:40:22","modified_gmt":"2025-03-18T01:40:22","slug":"professional-mini-hydraulic-piston-cylinder-for-tractors","status":"publish","type":"product","link":"https:\/\/fmp-components.com\/sl\/product\/professional-mini-hydraulic-piston-cylinder-for-tractors\/","title":{"rendered":"Profesionalni mini hidravli\u010dni batni cilinder za traktorje"},"content":{"rendered":"<h2>Opis izdelka:<\/h2>\n<p>Na\u0161 visokokakovosten hidravli\u010dni cilinder iz nerjave\u010dega jekla za priklopnike je zasnovan za uporabo v hidravli\u010dnih krmilnih sistemih traktorjev. Izdelan je iz trpe\u017enega nerjave\u010dega jekla in je izdelan tako, da je vzdr\u017eljiv in prenese zahtevna delovna okolja. S svojo natan\u010dno izdelavo zagotavlja u\u010dinkovito in zanesljivo delovanje ter zagotavlja gladek in natan\u010den nadzor krmiljenja.<\/p>\n<h2>Zna\u010dilnosti:<\/h2>\n<ul>\n<li>Izdelano iz visokokakovostnega nerjave\u010dega jekla za maksimalno vzdr\u017eljivost<\/li>\n<li>Natan\u010dno in\u017eenirstvo za zanesljivo in u\u010dinkovito delovanje<\/li>\n<li>Zasnovano za uporabo v hidravli\u010dnih krmilnih sistemih traktorjev<\/li>\n<li>Zagotavlja gladek in natan\u010den nadzor krmiljenja<\/li>\n<\/ul>\n<h2>Specifikacije:<\/h2>\n<ul>\n<li>Material: Nerjave\u010de jeklo<\/li>\n<li>Tip: Hidravli\u010dni cilinder za prikolico<\/li>\n<li>Uporaba: Hidravli\u010dni krmilni sistem traktorja<\/li>\n<\/ul>\n<p>Za vrhunski nadzor krmiljenja in dolgotrajno delovanje investirajte v na\u0161 visokokakovosten hidravli\u010dni cilinder iz nerjave\u010dega jekla za prikolice.<\/p>\n<p>Preden se poglobimo v podrobnosti, vas vabimo na virtualni ogled na\u0161e tovarne VR. Tukaj si boste ogledali proizvodni proces na\u0161ih visokokakovostnih hidravli\u010dnih cilindrov in dobili ob\u010dutek za na\u0161e napredne proizvodne obrate.<\/p>\n<h2>Profesionalni mini hidravli\u010dni batni cilinder za traktorje<\/h2>\n<p>Profesionalni mini hidravli\u010dni batni cilinder za traktorje je standardni batni cilinder, izdelan iz vrhunskega jekla. Ponuja najve\u010dji potisk 3000 in najve\u010dji vle\u010dni moment 20 ton. Kot hidravli\u010dno gnani krmilni cilinder je zasnovan tako, da prenese zahtevne pogoje v razli\u010dnih panogah, vklju\u010dno s strojnimi delavnicami, kmetijstvom, energetiko in rudarstvom, proizvodnjo strojev in tovarnami strojev.<\/p>\n<h3>Kako izbrati pravo hidravli\u010dno olje in oljno tesnilo?<\/h3>\n<p>Pravilno hidravli\u010dno olje in oljno tesnilo sta bistvena za nemoteno delovanje hidravli\u010dnega cilindra. Pri izbiri upo\u0161tevajte dejavnike, kot so delovna temperatura, tesnilni material in hitrost cilindra. Hidravli\u010dno olje in oljno tesnilo zamenjajte, ko opazite znake obrabe in pu\u0161\u010danja.<\/p>\n<p><img decoding=\"async\" src=\"https:\/\/hzpt.com\/wp-content\/uploads\/2023\/11\/Steering-Hydraulic-Cylinder-2.webp\" alt=\"\" title=\"\"><\/p>\n<h2>Uporaba hidravli\u010dnega cilindra volana<\/h2>\n<p>Krmilni hidravli\u010dni cilindri so bistveni sestavni deli krmilnih sistemov v razli\u010dnih vrstah vozil. Ti cilindri, znani tudi kot krmilni aktuatorji, pomagajo pretvoriti energijo, ki jo ustvari krmilna \u010drpalka, v linearno gibanje, ki se lahko uporabi za upravljanje smeri koles vozila. Tukaj je nekaj uporab krmilnih hidravli\u010dnih cilindrov:<\/p>\n<ol>\n<li>Te\u017eka tovorna vozila:\n<p>Krmilni hidravli\u010dni cilindri se pogosto uporabljajo v te\u017ekih vozilih, kot so tovornjaki, avtobusi in gradbena mehanizacija. Za krmiljenje teh vozil je potrebna velika sila, hidravli\u010dni cilinder pa lahko ustvari potrebno mo\u010d za vrtenje koles, tudi ko je vozilo obremenjeno. Hidravli\u010dni sistem omogo\u010da tudi natan\u010dnej\u0161i nadzor nad krmilnim mehanizmom, kar voznikom olaj\u0161a krmiljenje velikih, nerodnih vozil.<\/li>\n<li>Terenska vozila:\n<p>Terenska vozila, kot so \u0161tirikolesniki, bugiji za sipine in umazani motorji, imajo prav tako koristi od hidravli\u010dnih cilindrov za krmiljenje. Ta vozila pogosto delujejo na neravnem terenu, kjer obi\u010dajni krmilni mehanizmi morda niso u\u010dinkoviti. Hidravli\u010dni cilindri lahko zagotovijo potrebno mo\u010d in natan\u010dnost za krmiljenje skozi ovire in ohranjanje nadzora nad vozilom.<\/li>\n<li>Pomorske in vesoljske aplikacije:\n<p>Krmilni hidravli\u010dni cilindri niso omejeni le na kopenska vozila. Uporabljajo se tudi v pomorskih aplikacijah, kot so \u010dolni in ladje, pa tudi v vesoljski tehnologiji, kot so vesoljska plovila in letala. V teh okoljih se hidravli\u010dni cilindri uporabljajo za upravljanje smeri krmila, krilc in drugih krmilnih povr\u0161in, ki pomagajo pri krmarjenju plovila ali letala.<\/li>\n<li>Industrijska oprema:\n<p>Hidravli\u010dni cilindri se uporabljajo tudi v razli\u010dnih industrijskih okoljih za krmiljenje in druge aplikacije. Uporabljajo se lahko na primer za krmiljenje \u017eerjavov, vili\u010darjev ali drugih te\u017ekih strojev. V teh okoljih lahko hidravli\u010dni cilindri zagotovijo potrebno mo\u010d in natan\u010dnost za manipulacijo velikih bremen ali delovanje v tesnih prostorih.<\/li>\n<li>Aplikacije po meri:\n<p>Poleg teh obi\u010dajnih aplikacij se lahko hidravli\u010dni cilindri za krmiljenje uporabljajo tudi v razli\u010dnih prilagojenih okoljih. Uporabljajo se lahko na primer v eksperimentalnih vozilih ali prototipih, ki zahtevajo edinstven mehanizem krmiljenja. Uporabljajo se lahko tudi v umetni\u0161kih instalacijah ali kineti\u010dnih skulpturah, ki zahtevajo natan\u010dno in nadzorovano gibanje.<\/li>\n<\/ol>\n<p>Kot lahko vidite, imajo hidravli\u010dni cilindri za krmiljenje \u0161iroko paleto uporabe v razli\u010dnih panogah in okoljih. Ne glede na to, ali se uporabljajo v te\u017ekih tovornih vozilih, terenskih vozilih, pomorskih in vesoljskih aplikacijah, industrijski opremi ali aplikacijah po meri, ti cilindri zagotavljajo potrebno mo\u010d, natan\u010dnost in nadzor za u\u010dinkovito krmiljenje.<\/p>\n<h2>O FMP-ju<\/h2>\n<p>FMP je vodilni proizvajalec in distributer visokokakovostnih hidravli\u010dnih cilindrov, kompletov cilindrov in komponent za gradbeno mehanizacijo. Z dolgoletnimi izku\u0161njami v industriji in profesionalno ekipo smo zavezani k zagotavljanju zanesljivih in u\u010dinkovitih re\u0161itev za na\u0161e stranke na podro\u010dju gradbenih strojev.<\/p>\n<p>Tukaj je pet razlogov, zakaj bi morali izbrati FMP:<\/p>\n<ol>\n<li><strong>Visokokakovostni hidravli\u010dni cilindri:<\/strong> Za izdelavo na\u0161ih hidravli\u010dnih cilindrov uporabljamo precizno in\u017eenirstvo. Na\u0161a trdna zavezanost kakovosti zagotavlja, da uporabljamo le najkakovostnej\u0161e surovine in izvajamo stroge preglede kakovosti kon\u010dnih izdelkov, da zagotovimo, da izpolnjujejo in presegajo industrijske standarde.<\/li>\n<li><strong>Obse\u017ena ponudba izdelkov:<\/strong> Na\u0161a ponudba izdelkov zajema vse vrste gradbenih strojev in pribora. Ponujamo razli\u010dne hidravli\u010dne cilindre, menjalnike, verige, zobnike, pribor za motorje, komponente hidravli\u010dnih sistemov, pribor za \u0161asije in pribor za elektri\u010dne sisteme.<\/li>\n<li><strong>Vzpostavljena partnerstva:<\/strong> Vzpostavili smo dolgoro\u010dna in stabilna partnerstva s \u0161tevilnimi visokokakovostnimi doma\u010dimi in tujimi dobavitelji. To zagotavlja, da vsa dobavljena oprema izpolnjuje na\u0161e stroge standarde kakovosti.<\/li>\n<li><strong>Izku\u0161ena prodajna ekipa:<\/strong> Na\u0161a prodajna ekipa ima dolgoletne izku\u0161nje in znanje o industriji gradbenih strojev. Zagotavlja vam lahko strokovno svetovanje o izdelkih in pametne nasvete o nakupu, ki vam bodo pomagali pri sprejemanju premi\u0161ljenih odlo\u010ditev.<\/li>\n<li><strong>U\u010dinkovit logisti\u010dni distribucijski sistem:<\/strong> Imamo u\u010dinkovit logisti\u010dni distribucijski sistem, ki zagotavlja, da na\u0161e stranke pravo\u010dasno in natan\u010dno prejmejo potrebne dele.<\/li>\n<\/ol>\n<p><img decoding=\"async\" src=\"https:\/\/fmp-components.com\/wp-content\/uploads\/2025\/01\/Dump-Truck-Trailer-Hydraulic-Cylinder-product-3-3.webp\" alt=\"Hidravli\u010dni cilinder\" width=\"800\" title=\"\"><\/p>\n<p>V podjetju FMP smo zavezani k zagotavljanju visokokakovostne in zanesljive opreme za gradbene stroje ter celovitih strojnih re\u0161itev za na\u0161e stranke. Z na\u0161imi sodobnimi tovarni\u0161kimi obrati, CNC obdelovalnimi stroji, ra\u010dunalni\u0161ko podprtim na\u010drtovanjem, usposobljenimi zaposlenimi, strokovnjaki za hidravli\u010dne sisteme, monterji valjev in trgovci smo va\u0161 najljub\u0161i partner za va\u0161e potrebe po hidravli\u010dnih cilindrih, kompletih valjev in komponentah.<\/p>\n<p>Avtor: CX<\/p>","protected":false},"excerpt":{"rendered":"<p>Opis izdelka: Na\u0161 visokokakovosten hidravli\u010dni cilinder iz nerjave\u010dega jekla za priklopnike je zasnovan za uporabo v hidravli\u010dnih krmilnih sistemih traktorjev. Izdelan je iz trpe\u017enega nerjave\u010dega jekla in je zasnovan tako, da je vzdr\u017eljiv in prenese zahtevna delovna okolja. S svojo natan\u010dno in\u017eenirsko izdelavo zagotavlja u\u010dinkovito in zanesljivo delovanje ter gladko in natan\u010dno krmiljenje. Zna\u010dilnosti: Izdelan iz [\u2026]<\/p>","protected":false},"featured_media":2768,"comment_status":"closed","ping_status":"closed","template":"","meta":{"_et_pb_use_builder":"","_et_pb_old_content":"","_et_gb_content_width":""},"product_brand":[],"product_cat":[67],"product_tag":[34,70],"class_list":{"0":"post-2767","1":"product","2":"type-product","3":"status-publish","4":"has-post-thumbnail","6":"product_cat-steering-hydraulic-cylinder","7":"product_tag-hydraulic-cylinder","8":"product_tag-steering-hydraulic-cylinder","10":"first","11":"instock","12":"product-type-simple"},"_links":{"self":[{"href":"https:\/\/fmp-components.com\/sl\/wp-json\/wp\/v2\/product\/2767","targetHints":{"allow":["GET"]}}],"collection":[{"href":"https:\/\/fmp-components.com\/sl\/wp-json\/wp\/v2\/product"}],"about":[{"href":"https:\/\/fmp-components.com\/sl\/wp-json\/wp\/v2\/types\/product"}],"replies":[{"embeddable":true,"href":"https:\/\/fmp-components.com\/sl\/wp-json\/wp\/v2\/comments?post=2767"}],"wp:featuredmedia":[{"embeddable":true,"href":"https:\/\/fmp-components.com\/sl\/wp-json\/wp\/v2\/media\/2768"}],"wp:attachment":[{"href":"https:\/\/fmp-components.com\/sl\/wp-json\/wp\/v2\/media?parent=2767"}],"wp:term":[{"taxonomy":"product_brand","embeddable":true,"href":"https:\/\/fmp-components.com\/sl\/wp-json\/wp\/v2\/product_brand?post=2767"},{"taxonomy":"product_cat","embeddable":true,"href":"https:\/\/fmp-components.com\/sl\/wp-json\/wp\/v2\/product_cat?post=2767"},{"taxonomy":"product_tag","embeddable":true,"href":"https:\/\/fmp-components.com\/sl\/wp-json\/wp\/v2\/product_tag?post=2767"}],"curies":[{"name":"delovni list","href":"https:\/\/api.w.org\/{rel}","templated":true}]}}