{"id":2751,"date":"2025-01-04T05:11:17","date_gmt":"2025-01-04T05:11:17","guid":{"rendered":"https:\/\/fmp-components.com\/?page_id=8"},"modified":"2025-01-04T05:11:18","modified_gmt":"2025-01-04T05:11:18","slug":"grader-driven-rake-gearbox-ep-dx300-2-for-powered-harrow","status":"publish","type":"product","link":"https:\/\/fmp-components.com\/sl\/product\/grader-driven-rake-gearbox-ep-dx300-2-for-powered-harrow\/","title":{"rendered":"Menjalnik grabljalnika EP-DX300-2 za motorno brano"},"content":{"rendered":"<h2><img loading=\"lazy\" decoding=\"async\" class=\"size-full wp-image-2756 aligncenter\" src=\"https:\/\/fmp-components.com\/wp-content\/uploads\/2025\/01\/Grader-Driven-Rake-Gearbox-EP-DX300-2-Features1.webp\" alt=\"Menjalnik za grabljalnike EP-DX300-2-Lastnosti(1)\" width=\"1024\" height=\"828\" title=\"\" srcset=\"https:\/\/fmp-components.com\/wp-content\/uploads\/2025\/01\/Grader-Driven-Rake-Gearbox-EP-DX300-2-Features1.webp 1024w, https:\/\/fmp-components.com\/wp-content\/uploads\/2025\/01\/Grader-Driven-Rake-Gearbox-EP-DX300-2-Features1-980x792.webp 980w, https:\/\/fmp-components.com\/wp-content\/uploads\/2025\/01\/Grader-Driven-Rake-Gearbox-EP-DX300-2-Features1-480x388.webp 480w\" sizes=\"(min-width: 0px) and (max-width: 480px) 480px, (min-width: 481px) and (max-width: 980px) 980px, (min-width: 981px) 1024px, 100vw\" \/><\/h2>\n<h2>Dimenzije menjalnika grabljalnika FMP-DX300-2\u00a0<img loading=\"lazy\" decoding=\"async\" class=\"alignnone size-full wp-image-2752\" src=\"https:\/\/fmp-components.com\/wp-content\/uploads\/2025\/01\/Grader-Driven-Rake-Gearbox-EP-DX300-2-Dimensions.webp\" alt=\"Menjalnik za grabljalnike EP-DX300-2-Dimenzije\" width=\"1137\" height=\"785\" title=\"\" srcset=\"https:\/\/fmp-components.com\/wp-content\/uploads\/2025\/01\/Grader-Driven-Rake-Gearbox-EP-DX300-2-Dimensions.webp 1137w, https:\/\/fmp-components.com\/wp-content\/uploads\/2025\/01\/Grader-Driven-Rake-Gearbox-EP-DX300-2-Dimensions-980x677.webp 980w, https:\/\/fmp-components.com\/wp-content\/uploads\/2025\/01\/Grader-Driven-Rake-Gearbox-EP-DX300-2-Dimensions-480x331.webp 480w\" sizes=\"(min-width: 0px) and (max-width: 480px) 480px, (min-width: 481px) and (max-width: 980px) 980px, (min-width: 981px) 1137px, 100vw\" \/> Menjalnik grabljalnika FMP-DX300-2 Turn<\/h2>\n<h2><img loading=\"lazy\" decoding=\"async\" class=\"alignnone size-full wp-image-2753\" src=\"https:\/\/fmp-components.com\/wp-content\/uploads\/2025\/01\/32LBLUCr-Grader-Driven-Rake-Gearbox-EP-DX300-2-Turn.webp\" alt=\"32LBLUCr-Greder-Generalni-Menjalnik-Za-Gravel-DX300-2-Obratni\" width=\"1303\" height=\"347\" title=\"\" srcset=\"https:\/\/fmp-components.com\/wp-content\/uploads\/2025\/01\/32LBLUCr-Grader-Driven-Rake-Gearbox-EP-DX300-2-Turn.webp 1303w, https:\/\/fmp-components.com\/wp-content\/uploads\/2025\/01\/32LBLUCr-Grader-Driven-Rake-Gearbox-EP-DX300-2-Turn-1280x341.webp 1280w, https:\/\/fmp-components.com\/wp-content\/uploads\/2025\/01\/32LBLUCr-Grader-Driven-Rake-Gearbox-EP-DX300-2-Turn-980x261.webp 980w, https:\/\/fmp-components.com\/wp-content\/uploads\/2025\/01\/32LBLUCr-Grader-Driven-Rake-Gearbox-EP-DX300-2-Turn-480x128.webp 480w\" sizes=\"(min-width: 0px) and (max-width: 480px) 480px, (min-width: 481px) and (max-width: 980px) 980px, (min-width: 981px) and (max-width: 1280px) 1280px, (min-width: 1281px) 1303px, 100vw\" \/><\/h2>\n<h2>Tehni\u010dni podatki menjalnika grabljalnika FMP-DX300-2<\/h2>\n<table style=\"width: 101.518%; height: 166px;\" border=\"1\" cellspacing=\"0\" cellpadding=\"0\">\n<tbody>\n<tr>\n<td colspan=\"2\" rowspan=\"2\">jaz<\/td>\n<td rowspan=\"2\">Primerno<\/td>\n<td>Vhod vrtljajev<\/td>\n<td>Izhodna vrtljaji<\/td>\n<td>kW (nom.)<\/td>\n<td>kW (najve\u010d)<\/td>\n<td rowspan=\"2\">Izra\u0161\u010danje zob<\/td>\n<\/tr>\n<tr>\n<td>vrt\/min<\/td>\n<td>vrt\/min<\/td>\n<td>konjska mo\u010d<\/td>\n<td>konjska mo\u010d<\/td>\n<\/tr>\n<tr>\n<td>Upo\u010dasni<\/td>\n<td>2.47:1<\/td>\n<td rowspan=\"3\">Motorna brana<\/td>\n<td>1000<\/td>\n<td>404<\/td>\n<td rowspan=\"3\">200<\/td>\n<td>3500<\/td>\n<td rowspan=\"3\">Gleason Helical<br \/>\nZobje<\/td>\n<\/tr>\n<tr>\n<td>Upo\u010dasni<\/td>\n<td>2.63:1<\/td>\n<td>1000<\/td>\n<td>380<\/td>\n<td>3700<\/td>\n<\/tr>\n<tr>\n<td>Upo\u010dasni<\/td>\n<td>2.04:1<\/td>\n<td>850<\/td>\n<td>416<\/td>\n<td>3400<\/td>\n<\/tr>\n<tr>\n<td colspan=\"8\">Opomba: \u010ce imate kakr\u0161ne koli posebne zahteve, mi sporo\u010dite, sprejemamo tudi po meri.<\/td>\n<\/tr>\n<\/tbody>\n<\/table>\n<h2>Zna\u010dilnosti in komponente menjalnika grabljalnika FMP-DX300-2<\/h2>\n<p>Menjalnik za grablje FMP-DX300-2, ki ga poganja greder, je visokozmogljiv menjalnik, zasnovan za uporabo v kmetijski mehanizaciji, zlasti za grederje in grablje. Ta menjalnik je zasnovan za u\u010dinkovit prenos mo\u010di s traktorja na grablje, kar zagotavlja optimalno delovanje pri te\u017ekih opravilih, kot so grabljenje sena, ravnanje zemlji\u0161\u010d in druga kmetijska opravila.<\/p>\n<h3>Klju\u010dne zna\u010dilnosti FMP-DX300-2:<\/h3>\n<ol>\n<li><strong>Ravnanje z visokim navorom<\/strong>FMP-DX300-2 je zasnovan za prena\u0161anje visokih navornih obremenitev, kar zagotavlja zanesljivo delovanje tudi v te\u017ekih pogojih, zna\u010dilnih za kmetijska okolja.<\/li>\n<li><strong>Vzdr\u017eljivost in zanesljivost<\/strong>Menjalnik je izdelan iz visoko trdnih materialov in zasnovan za dolgotrajno delovanje. Je odporen proti obrabi, zaradi \u010desar je idealen za neprekinjeno uporabo v zahtevnih kmetijskih okoljih.<\/li>\n<li><strong>Optimiziran prenos mo\u010di<\/strong>Menjalnik zagotavlja u\u010dinkovit prenos mo\u010di iz kardanske gredi traktorja na sistem grabljalnikov, s \u010dimer se izbolj\u0161a splo\u0161na u\u010dinkovitost stroja in zmanj\u0161ajo izgube energije med delovanjem.<\/li>\n<li><strong>Prilagodljiva prestavna razmerja<\/strong>FMP-DX300-2 je na voljo v ve\u010d prestavnih razmerjih in ga je mogo\u010de prilagoditi razli\u010dnim kmetijskim aplikacijam, kar zagotavlja optimalno delovanje za razli\u010dne vrste strojev in operativne potrebe.<\/li>\n<li><strong>Kompaktna in lahka zasnova<\/strong>Kljub robustni konstrukciji je FMP-DX300-2 zasnovan tako, da je kompakten in lahek, kar omogo\u010da enostavno namestitev in integracijo z razli\u010dno kmetijsko opremo brez ogro\u017eanja trdnosti.<\/li>\n<\/ol>\n<h3>Klju\u010dne komponente FMP-DX300-2:<\/h3>\n<ol>\n<li><strong>Vhodna gred<\/strong>Vhodna gred je odgovorna za prenos vrtilne mo\u010di iz kardanske gredi traktorja na menjalnik. Zasnovana je tako, da prenese visok vhodni navor in zagotavlja nemoten prenos mo\u010di.<\/li>\n<li><strong>Komplet zobnikov<\/strong>Srce menjalnika, zobni\u0161ki sklop, je odgovoren za spreminjanje hitrosti vrtenja in navora. Natan\u010dno izdelani zobniki zagotavljajo gladko delovanje in visoko u\u010dinkovitost prenosa mo\u010di.<\/li>\n<li><strong>Izhodna gred<\/strong>Izhodna gred povezuje menjalnik s sistemom grabljalnikov in prena\u0161a mehansko energijo, potrebno za pogon opreme.<\/li>\n<li><strong>Le\u017eaji<\/strong>Visokokakovostni le\u017eaji podpirajo vrte\u010de se komponente, zmanj\u0161ujejo trenje in zagotavljajo nemoteno delovanje. Le\u017eaji so zasnovani za prena\u0161anje velikih obremenitev in visokih hitrosti, kar zagotavlja vzdr\u017eljivost in zanesljivost.<\/li>\n<li><strong>Stanovanja<\/strong>Ohi\u0161je menjalnika je izdelano iz trpe\u017enih, proti koroziji odpornih materialov, ki \u0161\u010ditijo notranje komponente. Zagotavlja strukturno celovitost in \u0161\u010diti menjalnik pred zunanjimi okoljskimi dejavniki, kot so prah, vlaga in umazanija.<\/li>\n<\/ol>\n<p>The <strong>Menjalnik grabljalnika FMP-DX300-2<\/strong> je zelo vzdr\u017eljiv, u\u010dinkovit in zanesljiv menjalnik, zasnovan za zahtevne kmetijske aplikacije. Z visoko zmogljivostjo navora, prilagodljivimi prestavnimi razmerji in nizkimi zahtevami po vzdr\u017eevanju zagotavlja optimalen prenos mo\u010di, hkrati pa zagotavlja dolgoro\u010dno delovanje. Zaradi natan\u010dne izdelave menjalnika in robustnih komponent je idealna izbira za te\u017eke kmetijske stroje, saj pove\u010duje produktivnost in zmanj\u0161uje \u010das izpada.<\/p>\n<h2><img loading=\"lazy\" decoding=\"async\" class=\"alignnone size-full wp-image-2754\" src=\"https:\/\/fmp-components.com\/wp-content\/uploads\/2025\/01\/ZIe4i3OO-Power-Driven-Harrow-Gearbox-EP-DX300-2-Lubrication-and-Maintenance-11.webp\" alt=\"ZIe4i3OO-Menjalnik-za-bran-na-elektri\u010dni-pogon-EP-DX300-2-Mazanje-in-vzdr\u017eevanje-1(1)\" width=\"950\" height=\"715\" title=\"\" srcset=\"https:\/\/fmp-components.com\/wp-content\/uploads\/2025\/01\/ZIe4i3OO-Power-Driven-Harrow-Gearbox-EP-DX300-2-Lubrication-and-Maintenance-11.webp 950w, https:\/\/fmp-components.com\/wp-content\/uploads\/2025\/01\/ZIe4i3OO-Power-Driven-Harrow-Gearbox-EP-DX300-2-Lubrication-and-Maintenance-11-480x361.webp 480w\" sizes=\"(min-width: 0px) and (max-width: 480px) 480px, (min-width: 481px) 950px, 100vw\" \/><\/h2>\n<div class=\"flex-shrink-0 flex flex-col relative items-end\">\n<div>\n<div class=\"pt-0\">\n<div class=\"gizmo-bot-avatar flex h-8 w-8 items-center justify-center overflow-hidden rounded-full\">\n<div class=\"relative p-1 rounded-sm flex items-center justify-center bg-token-main-surface-primary text-token-text-primary h-8 w-8\">\n<h3>Uporaba menjalnika z elektri\u010dnim pogonom FMP-DX300-2:<\/h3>\n<\/div>\n<\/div>\n<\/div>\n<\/div>\n<\/div>\n<div class=\"group\/conversation-turn relative flex w-full min-w-0 flex-col agent-turn\">\n<div class=\"flex-col gap-1 md:gap-3\">\n<div class=\"flex max-w-full flex-col flex-grow\">\n<div class=\"min-h-8 text-message flex w-full flex-col items-end gap-2 whitespace-normal break-words text-start [.text-message+&amp;]:mt-5\" dir=\"auto\" data-message-author-role=\"assistant\" data-message-id=\"99c21c94-b9e3-4719-b75e-da3f57305c74\" data-message-model-slug=\"gpt-4o\">\n<div class=\"flex w-full flex-col gap-1 empty:hidden first:pt-[3px]\">\n<div class=\"markdown prose w-full break-words dark:prose-invert light\">\n<p>Menjalnik za brano FMP-DX300-2 z elektri\u010dnim pogonom je zasnovan za kmetijsko opremo, zlasti za brananje in pripravo tal. Zagotavlja zanesljiv prenos mo\u010di iz kardanske gredi traktorja na brano, kar zagotavlja optimalno delovanje med intenzivnimi kmetijskimi opravili. Spodaj so navedene klju\u010dne uporabe menjalnika FMP-DX300-2:<\/p>\n<ol>\n<li><strong>Priprava in obdelava tal<\/strong>:\n<ul>\n<li><strong>Primarna in sekundarna obdelava tal<\/strong>FMP-DX300-2 se uporablja tako pri primarni kot sekundarni obdelavi tal, kjer pomaga razdrobiti in prezra\u010diti zemljo za optimalne pogoje sajenja. Zaradi visokega navora je u\u010dinkovit tako pri plitvi kot globoki obdelavi tal.<\/li>\n<li><strong>Priprava setvene gredice<\/strong>Menjalnik poganja brane, ki so bistvene za ustvarjanje fine, enakomerne setvene gredice. To je klju\u010dnega pomena za pridelke, kot so \u017eita, zelenjava in drugi pridelki, ki za kalitev potrebujejo enakomerne pogoje tal.<\/li>\n<\/ul>\n<\/li>\n<li><strong>Brano za zatiranje plevela<\/strong>:\n<ul>\n<li><strong>Zatiranje plevela<\/strong>Menjalnik poganja brano, ki obdeluje zemljo na majhnih globinah, izpuli plevel in pripravi zemljo za bolj\u0161o rast polj\u0161\u010din. Pomaga uni\u010diti rast plevela, hkrati pa zmanj\u0161uje \u0161kodo na za\u017eelenih polj\u0161\u010dinah.<\/li>\n<li><strong>Povr\u0161insko pletje<\/strong>Z vo\u017enjo brane s pravilno hitrostjo in globino menjalnik zagotavlja, da se plevel na povr\u0161ini moti, kar zmanj\u0161uje konkurenco za hranila in vlago.<\/li>\n<\/ul>\n<\/li>\n<li><strong>Vzdr\u017eevanje polj po \u017eetvi<\/strong>:\n<ul>\n<li><strong>Ravnanje z ostanki na poljih<\/strong>Po \u017eetvi brana z menjalnikom pomaga razgraditi ostanke pridelkov in jih enakomerno porazdeliti po polju. Ta postopek je pomemben za rodovitnost tal in zmanj\u0161anje potrebe po dodatnih kemi\u010dnih obdelavah.<\/li>\n<li><strong>Vgradnja strni\u0161\u010da<\/strong>Brano lahko uporabite tudi za vdelavo strni\u0161\u010da, s \u010dimer izbolj\u0161ate strukturo tal in zmanj\u0161ate tveganje erozije, saj rastlinske ostanke prekrijete z zemljo.<\/li>\n<\/ul>\n<\/li>\n<li><strong>Izravnavanje in glajenje<\/strong>:\n<ul>\n<li><strong>Izravnavanje tal<\/strong>Menjalnik FMP-DX300-2 se pogosto uporablja skupaj z branami, ki ravnajo tla. Z nadzorom zobcev ali diskov brane menjalnik zagotavlja enakomerno razporejanje tal, kar je pomembno za zadr\u017eevanje vode in u\u010dinkovito namakanje.<\/li>\n<li><strong>Glajenje povr\u0161ine<\/strong>Menjalnik omogo\u010da enakomerno delovanje brane, kar pomaga zgladiti povr\u0161ino tal za enakomerne pogoje setvene gredice in zmanj\u0161ati tveganje za neenakomerno rast pridelka.<\/li>\n<\/ul>\n<\/li>\n<li><strong>Melioracija zemlji\u0161\u010d<\/strong>:\n<ul>\n<li><strong>Obnova degradiranih tal<\/strong>Menjalnik pomaga rotacijskim branam, ki se uporabljajo pri melioracijah, kjer se zbita, degradirana ali trda zemlja zrahlja in prezra\u010di, da se pripravi na ponovno zasaditev ali obnovo. To je pogosto na obmo\u010djih, ki so bila prekomerno obdelovana ali izpostavljena eroziji.<\/li>\n<li><strong>Izbolj\u0161anje prezra\u010devanja tal<\/strong>Z zagotavljanjem potrebne mo\u010di branilski opremi menjalnik pomaga pri prezra\u010devanju tal, kar je klju\u010dnega pomena za izbolj\u0161anje infiltracije vode, rast korenin in zdravje tal.<\/li>\n<\/ul>\n<\/li>\n<\/ol>\n<p>Menjalnik za brane FMP-DX300-2 z elektri\u010dnim pogonom je idealen za \u0161irok spekter kmetijskih opravil. Zaradi visokega navora in zanesljivosti je primeren za pripravo tal, zatiranje plevela, vzdr\u017eevanje polj po \u017eetvi, ravnanje in celo melioracijo zemlji\u0161\u010d. Ne glede na to, ali se uporablja za obdelavo tal, ravnanje z ostanki gnoja ali obnovo pa\u0161nikov, ima ta menjalnik klju\u010dno vlogo pri izbolj\u0161anju zdravja tal, zagotavljanju bolj\u0161ega donosa in pove\u010danju splo\u0161ne produktivnosti kmetije. Zaradi svoje vsestranskosti je dragocen sestavni del sodobne kmetijske opreme tako za velika komercialna kmetijstva kot za manj\u0161a podjetja.<\/p>\n<\/div>\n<\/div>\n<\/div>\n<\/div>\n<\/div>\n<\/div>\n<h2><img loading=\"lazy\" decoding=\"async\" class=\"alignnone size-full wp-image-2755\" src=\"https:\/\/fmp-components.com\/wp-content\/uploads\/2025\/01\/Power-Driven-Harrow-Gearbox-EP-DX300-2-Lubrication-and-Maintenance-21.webp\" alt=\"Menjalnik-za-bran-na-motor-EP-DX300-2-Mazanje-in-vzdr\u017eevanje-2(1)\" width=\"950\" height=\"715\" title=\"\" srcset=\"https:\/\/fmp-components.com\/wp-content\/uploads\/2025\/01\/Power-Driven-Harrow-Gearbox-EP-DX300-2-Lubrication-and-Maintenance-21.webp 950w, https:\/\/fmp-components.com\/wp-content\/uploads\/2025\/01\/Power-Driven-Harrow-Gearbox-EP-DX300-2-Lubrication-and-Maintenance-21-480x361.webp 480w\" sizes=\"(min-width: 0px) and (max-width: 480px) 480px, (min-width: 481px) 950px, 100vw\" \/><\/h2>\n<h2>O FMP-ju<\/h2>\n<p>FMP s sede\u017eem v Italiji je vodilni proizvajalec, znan po svojem strokovnem znanju na podro\u010dju na\u010drtovanja, razvoja in proizvodnje visokozmogljivih menjalnikov, s posebnim poudarkom na sektorju kmetijske mehanizacije. FMP, znan po natan\u010dnem in\u017eeniringu, inovativnih re\u0161itvah in izjemni zanesljivosti, si je prislu\u017eil sloves zaupanja vrednega partnerja tako za kmetijsko kot industrijsko industrijo. Na\u0161a obse\u017ena ponudba izdelkov vklju\u010duje menjalnike po meri za kosilnice, kardanske gredi in razli\u010dne bistvene komponente, vse izdelane tako, da izpolnjujejo raznolike zahteve \u0161irokega nabora aplikacij.<\/p>\n<p>Pri FMP se zavedamo, da ima vsaka stranka edinstvene izzive in zahteve. Zato smo specializirani za zagotavljanje prilagojenih re\u0161itev, bodisi za posamezne komponente bodisi za popolnoma integrirane sisteme. S tesnim sodelovanjem z na\u0161imi strankami zagotavljamo, da vsaka re\u0161itev ne le zadovolji njihove specifi\u010dne potrebe, temve\u010d tudi pove\u010da u\u010dinkovitost in vrednost. Na\u0161a zavezanost hitrim in profesionalnim odgovorom v kombinaciji s strokovnim vodenjem zagotavlja, da se vsako povpra\u0161evanje obravnava skrbno in natan\u010dno, kar vodi do najbolj\u0161ih mo\u017enih rezultatov.<\/p>\n<p>Transparentna in stalna komunikacija je v sredi\u0161\u010du na\u0161ega pristopa. Na\u0161a predana ekipa neposredno sodeluje s strankami skozi celoten proces razvoja izdelkov, da bi pridobila poglobljeno razumevanje njihovih zahtev. Ponujamo dragocene vpoglede in priporo\u010dila za zagotavljanje optimalnih rezultatov. Ne glede na to, ali oblikujemo vrhunske izdelke ali izpolnjujemo teko\u010da naro\u010dila, je FMP zavezan k zagotavljanju visokokakovostnih, natan\u010dno zasnovanih re\u0161itev pravo\u010dasno in vsaki\u010d. Na\u0161e poslanstvo je prese\u010di pri\u010dakovanja strank z zagotavljanjem izjemnih storitev in rezultatov pri vsakem projektu.<\/p>\n<p>Kakovost je temelj vsega, kar po\u010dnemo. Dr\u017eimo se najvi\u0161jih proizvodnih standardov in izvajamo stroge ukrepe nadzora kakovosti, da zagotovimo, da vsak izdelek ne le izpolnjuje, ampak tudi presega industrijske standarde. Ta zavezanost odli\u010dnosti, skupaj z na\u0161imi temeljnimi vrednotami integritete, timskega dela in vztrajnosti, nam je omogo\u010dila, da smo s strankami v skoraj 30 dr\u017eavah po vsem svetu zgradili dolgotrajne, na zaupanju temelje\u010de odnose.<\/p>\n<p>FMP si vedno prizadeva za globalna partnerstva in je predan zagotavljanju strokovnih nasvetov in prilagojenih re\u0161itev, ki odgovarjajo na spreminjajo\u010de se potrebe na\u0161ih strank. Gremo dlje od zgolj dobave izdelkov; na\u0161 cilj je ustvariti trajne odnose, ki prispevajo k uspehu vsakega projekta. Ne glede na to, ali potrebujete inovativne re\u0161itve za novo pobudo ali stalno podporo za obstoje\u010di sistem, je FMP pripravljen odgovoriti na va\u0161e tehni\u010dne izzive in zagotoviti va\u0161 nadaljnji uspeh.<\/p>\n<p><img loading=\"lazy\" decoding=\"async\" class=\"alignnone wp-image-2695\" src=\"https:\/\/fmp-components.com\/wp-content\/uploads\/2025\/01\/agricultural-gearbox3.webp\" alt=\"kmetijski menjalnik\" width=\"953\" height=\"951\" title=\"\" srcset=\"https:\/\/fmp-components.com\/wp-content\/uploads\/2025\/01\/agricultural-gearbox3.webp 953w, https:\/\/fmp-components.com\/wp-content\/uploads\/2025\/01\/agricultural-gearbox3-480x479.webp 480w\" sizes=\"(min-width: 0px) and (max-width: 480px) 480px, (min-width: 481px) 953px, 100vw\" \/><\/p>\n<p>Avtor: CX<\/p>","protected":false},"excerpt":{"rendered":"<p>Grader Driven Rake Gearbox FMP-DX300-2 Dimensions\u00a0 Grader Driven Rake Gearbox FMP-DX300-2 Turn Grader Driven Rake Gearbox FMP-DX300-2 Technical Data i Suitable Rpm input Rpm output KW(Nom) KW(Max) Toothing r\/min r\/min hp hp Decelerate 2.47:1 Powered Harrow 1000 404 200 3500 Gleason Helical Teeth Decelerate 2.63:1 1000 380 3700 Decelerate 2.04:1 850 416 3400 Remark: If [&hellip;]<\/p>","protected":false},"featured_media":2757,"comment_status":"open","ping_status":"closed","template":"","meta":{"_et_pb_use_builder":"","_et_pb_old_content":"","_et_gb_content_width":""},"product_brand":[],"product_cat":[66],"product_tag":[],"class_list":{"0":"post-2751","1":"product","2":"type-product","3":"status-publish","4":"has-post-thumbnail","6":"product_cat-grader-driven-rake-gearbox","8":"first","9":"instock","10":"shipping-taxable","11":"product-type-simple"},"_links":{"self":[{"href":"https:\/\/fmp-components.com\/sl\/wp-json\/wp\/v2\/product\/2751","targetHints":{"allow":["GET"]}}],"collection":[{"href":"https:\/\/fmp-components.com\/sl\/wp-json\/wp\/v2\/product"}],"about":[{"href":"https:\/\/fmp-components.com\/sl\/wp-json\/wp\/v2\/types\/product"}],"replies":[{"embeddable":true,"href":"https:\/\/fmp-components.com\/sl\/wp-json\/wp\/v2\/comments?post=2751"}],"wp:featuredmedia":[{"embeddable":true,"href":"https:\/\/fmp-components.com\/sl\/wp-json\/wp\/v2\/media\/2757"}],"wp:attachment":[{"href":"https:\/\/fmp-components.com\/sl\/wp-json\/wp\/v2\/media?parent=2751"}],"wp:term":[{"taxonomy":"product_brand","embeddable":true,"href":"https:\/\/fmp-components.com\/sl\/wp-json\/wp\/v2\/product_brand?post=2751"},{"taxonomy":"product_cat","embeddable":true,"href":"https:\/\/fmp-components.com\/sl\/wp-json\/wp\/v2\/product_cat?post=2751"},{"taxonomy":"product_tag","embeddable":true,"href":"https:\/\/fmp-components.com\/sl\/wp-json\/wp\/v2\/product_tag?post=2751"}],"curies":[{"name":"delovni list","href":"https:\/\/api.w.org\/{rel}","templated":true}]}}