{"id":2689,"date":"2025-01-03T07:49:50","date_gmt":"2025-01-03T07:49:50","guid":{"rendered":"https:\/\/fmp-components.com\/?page_id=8"},"modified":"2025-01-03T07:49:51","modified_gmt":"2025-01-03T07:49:51","slug":"grader-driven-rake-gearbox-fmp100-for-rotary-tillers","status":"publish","type":"product","link":"https:\/\/fmp-components.com\/sl\/product\/grader-driven-rake-gearbox-fmp100-for-rotary-tillers\/","title":{"rendered":"Menjalnik grabljev FMP100 za rotacijske freze"},"content":{"rendered":"<h2>Dimenzije menjalnika FMP100 za grederje<\/h2>\n<p><img loading=\"lazy\" decoding=\"async\" class=\"alignnone size-full wp-image-2690\" src=\"https:\/\/fmp-components.com\/wp-content\/uploads\/2025\/01\/Grader-Driven-Rake-Gearbox-EP100-Dimensions-1.webp\" alt=\"Menjalnik-za-grabljalnik-EP100-Dimenzije-1\" width=\"1201\" height=\"826\" title=\"\" srcset=\"https:\/\/fmp-components.com\/wp-content\/uploads\/2025\/01\/Grader-Driven-Rake-Gearbox-EP100-Dimensions-1.webp 1201w, https:\/\/fmp-components.com\/wp-content\/uploads\/2025\/01\/Grader-Driven-Rake-Gearbox-EP100-Dimensions-1-980x674.webp 980w, https:\/\/fmp-components.com\/wp-content\/uploads\/2025\/01\/Grader-Driven-Rake-Gearbox-EP100-Dimensions-1-480x330.webp 480w\" sizes=\"(min-width: 0px) and (max-width: 480px) 480px, (min-width: 481px) and (max-width: 980px) 980px, (min-width: 981px) 1201px, 100vw\" \/><\/p>\n<h2>Dimenzije gredi menjalnika FMP100 z grabljalnikom<\/h2>\n<p><img loading=\"lazy\" decoding=\"async\" class=\"alignnone size-full wp-image-2691\" src=\"https:\/\/fmp-components.com\/wp-content\/uploads\/2025\/01\/Grader-Driven-Rake-Gearbox-EP100-Dimensions-2.webp\" alt=\"Menjalnik-za-grabljalnik-EP100-Dimenzije-2\" width=\"1374\" height=\"405\" title=\"\" srcset=\"https:\/\/fmp-components.com\/wp-content\/uploads\/2025\/01\/Grader-Driven-Rake-Gearbox-EP100-Dimensions-2.webp 1374w, https:\/\/fmp-components.com\/wp-content\/uploads\/2025\/01\/Grader-Driven-Rake-Gearbox-EP100-Dimensions-2-1280x377.webp 1280w, https:\/\/fmp-components.com\/wp-content\/uploads\/2025\/01\/Grader-Driven-Rake-Gearbox-EP100-Dimensions-2-980x289.webp 980w, https:\/\/fmp-components.com\/wp-content\/uploads\/2025\/01\/Grader-Driven-Rake-Gearbox-EP100-Dimensions-2-480x141.webp 480w\" sizes=\"(min-width: 0px) and (max-width: 480px) 480px, (min-width: 481px) and (max-width: 980px) 980px, (min-width: 981px) and (max-width: 1280px) 1280px, (min-width: 1281px) 1374px, 100vw\" \/><\/p>\n<h2>Tehni\u010dni podatki menjalnika grabljalnika FMP100<\/h2>\n<table style=\"width: 99.6651%; height: 134px;\" border=\"1\" cellspacing=\"0\" cellpadding=\"0\">\n<tbody>\n<tr>\n<td colspan=\"2\" rowspan=\"2\">jaz<\/td>\n<td rowspan=\"2\">Primerno<\/td>\n<td>Vhod vrtljajev<\/td>\n<td>Izhodna vrtljaji<\/td>\n<td>kW (nom.)<\/td>\n<td>kW (najve\u010d)<\/td>\n<td colspan=\"2\">L<\/td>\n<\/tr>\n<tr>\n<td>vrt\/min<\/td>\n<td>vrt\/min<\/td>\n<td>konjska mo\u010d<\/td>\n<td>konjska mo\u010d<\/td>\n<td colspan=\"2\">mm<\/td>\n<\/tr>\n<tr>\n<td>Pove\u010danje hitrosti<\/td>\n<td>1 :2.31<\/td>\n<td>Rotacijski kultivatorji itd.<\/td>\n<td>540<\/td>\n<td>1250<\/td>\n<td>100<\/td>\n<td>140<\/td>\n<td>397<\/td>\n<td>226<\/td>\n<\/tr>\n<tr>\n<td colspan=\"9\">Opomba: \u010ce imate kakr\u0161ne koli posebne zahteve, mi sporo\u010dite, sprejemamo tudi po meri.<\/td>\n<\/tr>\n<\/tbody>\n<\/table>\n<h2>Na\u010delo delovanja menjalnika grabljalnika FMP100<\/h2>\n<p>Menjalnik grabljev FMP100, ki ga poganja greder, je zasnovan za pogon mehanizma grabljev grederja, ki se obi\u010dajno uporablja v kmetijskih strojih, kot so zgrabljalniki ali grablje. Tukaj je pregled njegovega na\u010dela delovanja:<\/p>\n<p><strong>Vhodna mo\u010d preko kardanske gredi<\/strong><\/p>\n<p>Delovanje menjalnika grabljalnika FMP100 se za\u010dne z dovodom mo\u010di iz kardanske gredi (PTO). Ta gred povezuje menjalnik s traktorjem ali drugim strojem. Kardanska gred prena\u0161a mehansko mo\u010d, ki jo ustvari motor, na menjalnik, ki nato poganja mehanizem grabljalnika.<\/p>\n<p><strong>Zmanj\u0161anje menjalnika<\/strong><\/p>\n<p>Ko kardanska gred poganja menjalnik grabljalnika FMP100, menjalnik izvede zmanj\u0161anje prestave. Ta postopek pretvori visoko vrtilno hitrost kardanske gredi v po\u010dasnej\u0161o izhodno mo\u010d z ve\u010djim navorom, primerno za pogon komponent grabljalnika. Zmanj\u0161anje se dose\u017ee z nizom notranjih zobnikov, ki zni\u017eajo vhodno hitrost na bolj obvladljivo hitrost grabljalnika.<\/p>\n<p><strong>Porazdelitev mo\u010di na grablje<\/strong><\/p>\n<p>Menjalnik nato porazdeli mo\u010d preko svoje izhodne gredi in poganja komponente grabljev, kot so kolesa, zobci in vrtljive roke. Glede na zasnovo grabljev lahko menjalnik krmili gibanje ve\u010d posameznih delov grabljev ali osrednjega vrtljivega sistema.<\/p>\n<p><strong>Mehanizmi prilagajanja<\/strong><\/p>\n<p>Nekatere razli\u010dice menjalnika za grabljalnike, vklju\u010dno z modelom FMP100, vklju\u010dujejo nastavitvene funkcije, ki upravljavcem omogo\u010dajo natan\u010dno nastavitev hitrosti ali na\u010dina delovanja grabljalnika. To se pogosto dose\u017ee s prilagajanjem prestavnih razmerij izhodne gredi, kar omogo\u010da grabljam, da opravljajo razli\u010dna opravila, kot sta ravnanje z redom ali celo ravnanje tal, odvisno od uporabe.<\/p>\n<p><strong>Prenos in nadzor navora<\/strong><\/p>\n<p>Menjalnik grabljalnika FMP100, ki ga poganja greder, skozi ves postopek zagotavlja nemoten prenos navora na mehanizem grabljalnika, kar zagotavlja u\u010dinkovito delovanje. Menjalnik upravlja tudi porazdelitev mo\u010di, kar zagotavlja enakomerno in dosledno delovanje grabljalnika, tudi pri razli\u010dnih terenskih pogojih ali obremenitvah.<\/p>\n<p>Zaradi tega na\u010dela delovanja menjalnik FMP100 zgrabljalnika zagotavlja optimalen prenos mo\u010di, enakomerno delovanje zgrabljalnikov in visoko u\u010dinkovitost, zaradi \u010desar je zanesljiva izbira za kmetijsko uporabo.<\/p>\n<p><img loading=\"lazy\" decoding=\"async\" class=\"alignnone size-full wp-image-2692\" src=\"https:\/\/fmp-components.com\/wp-content\/uploads\/2025\/01\/Grader-Driven-Rake-Gearbox-EP100-Working-Principle1.webp\" alt=\"Menjalnik grabljalnika EP100 - princip delovanja (1)\" width=\"1419\" height=\"850\" title=\"\" srcset=\"https:\/\/fmp-components.com\/wp-content\/uploads\/2025\/01\/Grader-Driven-Rake-Gearbox-EP100-Working-Principle1.webp 1419w, https:\/\/fmp-components.com\/wp-content\/uploads\/2025\/01\/Grader-Driven-Rake-Gearbox-EP100-Working-Principle1-1280x767.webp 1280w, https:\/\/fmp-components.com\/wp-content\/uploads\/2025\/01\/Grader-Driven-Rake-Gearbox-EP100-Working-Principle1-980x587.webp 980w, https:\/\/fmp-components.com\/wp-content\/uploads\/2025\/01\/Grader-Driven-Rake-Gearbox-EP100-Working-Principle1-480x288.webp 480w\" sizes=\"(min-width: 0px) and (max-width: 480px) 480px, (min-width: 481px) and (max-width: 980px) 980px, (min-width: 981px) and (max-width: 1280px) 1280px, (min-width: 1281px) 1419px, 100vw\" \/><\/p>\n<h2>Menjalnik grabljalnika FMP100, ki ga poganja greder, pogoste uporabe<\/h2>\n<p>Menjalnik za grabljalnike FMP100 se uporablja predvsem v kmetijski in industrijski mehanizaciji, zlasti tam, kjer je za delovanje grabljalnikov potreben u\u010dinkovit in vzdr\u017eljiv prenos mo\u010di. Spodaj so navedene pogoste uporabe menjalnika FMP100:<\/p>\n<p><strong>Zgrabljalniki (grablje za seno)<\/strong><\/p>\n<ul>\n<li>Namen: Menjalnik FMP100 se pogosto uporablja v zgrabljalnikih za pogon grabljalnega mehanizma, ki zbira seno, slamo ali druge pridelke v vrste (zgrabljalnike). To pomaga pri u\u010dinkovitem su\u0161enju, ravnanju in kasnej\u0161i \u017eetvi.<\/li>\n<li>Kako deluje: Menjalnik prena\u0161a mo\u010d iz kardanske gredi traktorja na zgrabljalnik, kar zagotavlja, da se zgrabljalnik u\u010dinkovito premika po polju in oblikuje enakomerne rede za nadaljnjo obdelavo.<\/li>\n<\/ul>\n<p><strong>Grablje za seno in slamo<\/strong><\/p>\n<ul>\n<li>Namen: Menjalnik se uporablja v grabljah za seno in slamo za zbiranje poko\u0161enega sena ali slame v lepo organizirane kupe ali redove za u\u010dinkovito zbiranje in prevoz.<\/li>\n<li>Kako deluje: Pri tej uporabi menjalnik zagotavlja gladko in enakomerno delovanje grabljalnikov, kar izbolj\u0161a ravnanje s pridelkom z zmanj\u0161anjem po\u0161kodb materiala in pove\u010danjem u\u010dinkovitosti.<\/li>\n<\/ul>\n<p><strong>Rotacijski grablje<\/strong><\/p>\n<ul>\n<li>Namen: Pri rotacijskih grabljah, ki za zbiranje in urejanje sena ali slame uporabljajo vrte\u010da se kolesa ali zobce, je menjalnik FMP100 odgovoren za prenos mo\u010di na vrte\u010de se elemente.<\/li>\n<li>Kako deluje: Reduktorski sistem menjalnika omogo\u010da u\u010dinkovito pretvorbo vhodne mo\u010di kardanske gredi traktorja v po\u010dasnej\u0161i izhod z ve\u010djim navorom, ki poganja vrte\u010de se roke zgrabljalnika.<\/li>\n<\/ul>\n<p><strong>Kmetijski grederji<\/strong><\/p>\n<ul>\n<li>Namen: Grabljalniki, ki jih poganja greder in so opremljeni z menjalnikom FMP100, se uporabljajo pri ravnanju tal v kmetijstvu, kjer je treba zemljo ali ostanke pridelkov poravnati ali enakomerno razporediti po poljih.<\/li>\n<li>Kako deluje: Menjalnik poganja mehanizem grabljalnika, ki enakomerno porazdeli materiale po veliki povr\u0161ini, kar pomaga pri pripravi polj za sajenje ali druge kmetijske procese.<\/li>\n<\/ul>\n<p><strong>Stroji za obra\u010danje<\/strong><\/p>\n<ul>\n<li>Namen: Stroji za obra\u010danje se uporabljajo za razgrnitev in prezra\u010devanje sena ali trave za hitrej\u0161e su\u0161enje. V teh strojih se za pogon zgrabljalnikov ali rotorjev uporablja menjalnik FMP100.<\/li>\n<li>Kako deluje: Menjalnik poganja vrte\u010de se roke, ki pomagajo enakomerno razrahljati in razporediti seno ali travo po polju, kar zagotavlja pravilno prezra\u010devanje in prepre\u010duje zgrudvanje.<\/li>\n<\/ul>\n<p>V vseh teh aplikacijah menjalnik grabljalnika FMP100 pomembno prispeva k zmogljivosti, zanesljivosti in u\u010dinkovitosti kmetijske mehanizacije, zaradi \u010desar je bistvena komponenta sodobnega kmetijstva in upravljanja zemlji\u0161\u010d.<\/p>\n<p><img loading=\"lazy\" decoding=\"async\" class=\"alignnone size-full wp-image-2693\" src=\"https:\/\/fmp-components.com\/wp-content\/uploads\/2025\/01\/Grader-Driven-Rake-Gearbox-EP100-Common-Applications1.webp\" alt=\"Menjalnik grabljalnika EP100 \u2013 pogosta uporaba (1)\" width=\"1024\" height=\"576\" title=\"\" srcset=\"https:\/\/fmp-components.com\/wp-content\/uploads\/2025\/01\/Grader-Driven-Rake-Gearbox-EP100-Common-Applications1.webp 1024w, https:\/\/fmp-components.com\/wp-content\/uploads\/2025\/01\/Grader-Driven-Rake-Gearbox-EP100-Common-Applications1-980x551.webp 980w, https:\/\/fmp-components.com\/wp-content\/uploads\/2025\/01\/Grader-Driven-Rake-Gearbox-EP100-Common-Applications1-480x270.webp 480w\" sizes=\"(min-width: 0px) and (max-width: 480px) 480px, (min-width: 481px) and (max-width: 980px) 980px, (min-width: 981px) 1024px, 100vw\" \/><\/p>\n<h3>O FMP-ju<\/h3>\n<p>FMP s sede\u017eem v Italiji je vodilni proizvajalec, znan po svojem strokovnem znanju na podro\u010dju na\u010drtovanja, razvoja in proizvodnje visokozmogljivih menjalnikov, s posebnim poudarkom na sektorju kmetijske mehanizacije. Z ugledom na podro\u010dju natan\u010dnega in\u017eeniringa, inovativnih re\u0161itev in neomajne zanesljivosti je FMP postal zaupanja vreden partner pri re\u0161evanju razvijajo\u010dih se potreb tako kmetijskega kot industrijskega sektorja. Na\u0161a raznolika ponudba izdelkov vklju\u010duje specializirane menjalnike za kosilnice, kardanske gredi in druge bistvene komponente, ki so vse skrbno zasnovane za zagotavljanje prilagojenih re\u0161itev za \u0161irok spekter uporabe.<\/p>\n<p>Pri FMP razumemo, da ima vsaka stranka edinstvene zahteve in izzive. Zato smo specializirani za ponujanje re\u0161itev po meri, bodisi za posamezne komponente bodisi za popolnoma integrirane sisteme. Tesno sodelujemo z na\u0161imi strankami, da zagotovimo, da je vsaka re\u0161itev ne le u\u010dinkovita, ampak tudi uspe\u0161na, kar optimizira tako zmogljivost kot vrednost. Na\u0161a zavezanost hitrim in profesionalnim odgovorom, skupaj s strokovnim vodenjem, zagotavlja, da se vsako povpra\u0161evanje obravnava z najve\u010djo skrbnostjo in natan\u010dnostjo, kar vodi do najbolj\u0161ih mo\u017enih rezultatov.<\/p>\n<p>V celotnem procesu razvoja izdelkov dajemo prednost odprti in stalni komunikaciji. Na\u0161a predana ekipa sodeluje neposredno s strankami, da bi v celoti razumela njihove specifi\u010dne potrebe, in jim ponuja dragocene vpoglede in priporo\u010dila za zagotavljanje optimalnih re\u0161itev. Ne glede na to, ali oblikujemo inovativne izdelke ali izpolnjujemo teko\u010da naro\u010dila, je FMP zavezan k zagotavljanju visokokakovostnih, natan\u010dno izdelanih re\u0161itev pravo\u010dasno in vsaki\u010d. Na\u0161 cilj je strankam zagotoviti najbolj\u0161o storitev in rezultate, ki pri vsakem projektu presegajo pri\u010dakovanja.<\/p>\n<p>Kakovost je temelj poslovanja podjetja FMP. Dr\u017eimo se najvi\u0161jih proizvodnih standardov in izvajamo stroge ukrepe nadzora kakovosti, da zagotovimo, da vsak izdelek ne le izpolnjuje, ampak tudi presega industrijske standarde. Ta neomajna zavezanost kakovosti, skupaj z na\u0161imi temeljnimi vrednotami integritete, timskega dela in vztrajnosti, nam je omogo\u010dila, da smo s strankami v skoraj 30 dr\u017eavah po vsem svetu zgradili dolgotrajne, na zaupanju temelje\u010de odnose.<\/p>\n<p>FMP je vedno odprt za spodbujanje globalnih partnerstev in ostaja predan ponujanju strokovnih nasvetov in prilagojenih re\u0161itev, ki ustrezajo raznolikim potrebam na\u0161ih strank. Gremo dlje od zgolj dobave izdelkov; na\u0161 cilj je graditi trajne odnose, ki prispevajo k uspehu vsakega projekta. Ne glede na to, ali potrebujete inovativne re\u0161itve za novo pobudo ali stalno podporo za obstoje\u010di sistem, je FMP tukaj, da se spopade z va\u0161imi tehni\u010dnimi izzivi in \u200b\u200bzagotovi va\u0161 nadaljnji uspeh.<\/p>\n<p><img loading=\"lazy\" decoding=\"async\" class=\"alignnone  wp-image-2695\" src=\"https:\/\/fmp-components.com\/wp-content\/uploads\/2025\/01\/agricultural-gearbox3.webp\" alt=\"kmetijski menjalnik\" width=\"953\" height=\"951\" title=\"\" srcset=\"https:\/\/fmp-components.com\/wp-content\/uploads\/2025\/01\/agricultural-gearbox3.webp 953w, https:\/\/fmp-components.com\/wp-content\/uploads\/2025\/01\/agricultural-gearbox3-480x479.webp 480w\" sizes=\"(min-width: 0px) and (max-width: 480px) 480px, (min-width: 481px) 953px, 100vw\" \/><\/p>\n<p>Avtor: CX<\/p>","protected":false},"excerpt":{"rendered":"<p>Grader Driven Rake Gearbox FMP100 Dimensions Grader Driven Rake Gearbox FMP100 Shaft Dimensions Grader Driven Rake Gearbox FMP100 Technical Data i Suitable Rpm input Rpm output KW(Nom) KW(Max) L r\/min r\/min hp hp mm Speed increase 1 :2.31 Rotary Tillers, etc 540 1250 100 140 397 226 Remark: If you have any special require feel [&hellip;]<\/p>","protected":false},"featured_media":2694,"comment_status":"open","ping_status":"closed","template":"","meta":{"_et_pb_use_builder":"","_et_pb_old_content":"","_et_gb_content_width":""},"product_brand":[],"product_cat":[66],"product_tag":[],"class_list":{"0":"post-2689","1":"product","2":"type-product","3":"status-publish","4":"has-post-thumbnail","6":"product_cat-grader-driven-rake-gearbox","8":"first","9":"instock","10":"shipping-taxable","11":"product-type-simple"},"_links":{"self":[{"href":"https:\/\/fmp-components.com\/sl\/wp-json\/wp\/v2\/product\/2689","targetHints":{"allow":["GET"]}}],"collection":[{"href":"https:\/\/fmp-components.com\/sl\/wp-json\/wp\/v2\/product"}],"about":[{"href":"https:\/\/fmp-components.com\/sl\/wp-json\/wp\/v2\/types\/product"}],"replies":[{"embeddable":true,"href":"https:\/\/fmp-components.com\/sl\/wp-json\/wp\/v2\/comments?post=2689"}],"wp:featuredmedia":[{"embeddable":true,"href":"https:\/\/fmp-components.com\/sl\/wp-json\/wp\/v2\/media\/2694"}],"wp:attachment":[{"href":"https:\/\/fmp-components.com\/sl\/wp-json\/wp\/v2\/media?parent=2689"}],"wp:term":[{"taxonomy":"product_brand","embeddable":true,"href":"https:\/\/fmp-components.com\/sl\/wp-json\/wp\/v2\/product_brand?post=2689"},{"taxonomy":"product_cat","embeddable":true,"href":"https:\/\/fmp-components.com\/sl\/wp-json\/wp\/v2\/product_cat?post=2689"},{"taxonomy":"product_tag","embeddable":true,"href":"https:\/\/fmp-components.com\/sl\/wp-json\/wp\/v2\/product_tag?post=2689"}],"curies":[{"name":"delovni list","href":"https:\/\/api.w.org\/{rel}","templated":true}]}}