{"id":2661,"date":"2025-01-03T05:45:44","date_gmt":"2025-01-03T05:45:44","guid":{"rendered":"https:\/\/fmp-components.com\/product\/high-quality-hydraulic-cylinder-made-in-china-trailer-leg-hydraulic-cylinder-2500psi\/"},"modified":"2025-03-18T02:07:46","modified_gmt":"2025-03-18T02:07:46","slug":"high-quality-hydraulic-cylinder-made-in-italy-trailer-leg-hydraulic-cylinder-2500psi","status":"publish","type":"product","link":"https:\/\/fmp-components.com\/sl\/product\/high-quality-hydraulic-cylinder-made-in-italy-trailer-leg-hydraulic-cylinder-2500psi\/","title":{"rendered":"Visokokakovosten hidravli\u010dni cilinder, izdelan v Italiji, hidravli\u010dni cilinder za noge prikolice 2500 PSI"},"content":{"rendered":"<h2>Visokokakovosten hidravli\u010dni cilinder, izdelan v Italiji, hidravli\u010dni cilinder za noge prikolice 2500 PSI<\/h2>\n<p>Dobrodo\u0161li v tej predstavitvi na\u0161ega visokokakovostnega hidravli\u010dnega cilindra, izdelanega v Italiji. Ta hidravli\u010dni cilinder je posebej zasnovan za uporabo na priklopnikih in zagotavlja vrhunsko zmogljivost in zanesljivost. Z najve\u010djim delovnim tlakom 2500 PSI zagotavlja optimalno delovanje v razli\u010dnih industrijskih okoljih.<\/p>\n<p>Zna\u010dilnosti:<br \/>\n1. Vrhunska kakovost: Na\u0161 hidravli\u010dni valj je izdelan z uporabo napredne tehnologije in visokokakovostnih materialov. Podvr\u017een je strogim testiranjem, da izpolnjuje mednarodne standarde, kar zagotavlja vzdr\u017eljivost in dolgotrajno delovanje.<\/p>\n<p>2. Precizna izdelava: Cilinder je skrbno zasnovan za natan\u010dno in gladko delovanje. Ima kompaktno zasnovo, ki omogo\u010da enostavno namestitev, zaradi \u010desar je primeren za \u0161irok spekter uporabe priklopnih nog.<\/p>\n<p>3. Zmogljivost visokega tlaka: Z najve\u010djim delovnim tlakom 2500 PSI lahko ta hidravli\u010dni cilinder prenese velike obremenitve in zagotavlja dosledno delovanje v zahtevnih pogojih.<\/p>\n<p>4. Vrhunsko tesnjenje: Hidravli\u010dni cilinder je opremljen z visokokakovostnimi tesnili, ki prepre\u010dujejo pu\u0161\u010danje in zagotavljajo u\u010dinkovito delovanje. Ta tesnila so zasnovana tako, da prenesejo okolja z visokim tlakom, kar podalj\u0161uje \u017eivljenjsko dobo cilindra.<\/p>\n<p>5. Odpornost proti koroziji: Na\u0161 hidravli\u010dni valj je obdelan s protikorozijskimi premazi, ki ga \u0161\u010ditijo pred ostrimi okoljskimi pogoji. To zagotavlja njegovo dolgo \u017eivljenjsko dobo in zanesljivost, tudi v zahtevnih delovnih okoljih.<\/p>\n<p>6. Vsestranska uporaba: Hidravli\u010dni cilinder je primeren za razli\u010dne aplikacije na priklopnikih, kot so gradbeni stroji, kmetijska oprema in transportna vozila. Zaradi visokokakovostne izdelave in zmogljivosti je zanesljiva izbira za zahtevna opravila.<\/p>\n<p>7. Enostavno vzdr\u017eevanje: Ta hidravli\u010dni cilinder je zasnovan za enostavno vzdr\u017eevanje in servisiranje. Med vzdr\u017eevanjem zahteva minimalen \u010das izpada, kar zmanj\u0161uje skupne obratovalne stro\u0161ke.<\/p>\n<p>Na\u0161 visokokakovosten hidravli\u010dni cilinder, izdelan v Italiji, je zanesljiva in u\u010dinkovita re\u0161itev za uporabo na prikolicah. Z izjemno zmogljivostjo, vzdr\u017eljivostjo in natan\u010dno in\u017eeniringom ponuja vrhunsko funkcionalnost v razli\u010dnih industrijskih okoljih. Izberite na\u0161 hidravli\u010dni cilinder za zanesljivo in dolgotrajno re\u0161itev, ki ustreza va\u0161im specifi\u010dnim zahtevam.<\/p>\n<h2>Specifikacije izdelka<\/h2>\n<table style=\"width: 100%;\" border=\"1\" width=\"100%\" cellspacing=\"0\" cellpadding=\"0\">\n<tbody>\n<tr>\n<th>Stanje<\/th>\n<td>Novo<\/td>\n<\/tr>\n<tr>\n<th>Garancija<\/th>\n<td>1 leto<\/td>\n<\/tr>\n<tr>\n<th>Uporabne panoge<\/th>\n<td>Proizvodni obrati, delavnice za popravilo strojev, kmetije, energetika in rudarstvo<\/td>\n<\/tr>\n<tr>\n<th>Video izhodni pregled<\/th>\n<td>Zagotovljeno<\/td>\n<\/tr>\n<tr>\n<th>Poro\u010dilo o preskusu strojev<\/th>\n<td>Zagotovljeno<\/td>\n<\/tr>\n<tr>\n<th>Garancija za klju\u010dne komponente<\/th>\n<td>1 leto<\/td>\n<\/tr>\n<tr>\n<th>Osnovne komponente<\/th>\n<td>Le\u017eaj<\/td>\n<\/tr>\n<tr>\n<th>Standardno ali nestandardno<\/th>\n<td>Standardno<\/td>\n<\/tr>\n<tr>\n<th>Struktura<\/th>\n<td>Batni valj<\/td>\n<\/tr>\n<tr>\n<th>Mo\u010d<\/th>\n<td>Hidravli\u010dni<\/td>\n<\/tr>\n<tr>\n<th>Material ohi\u0161ja<\/th>\n<td>Jeklo<\/td>\n<\/tr>\n<tr>\n<th>Najve\u010dji potisk<\/th>\n<td>3000<\/td>\n<\/tr>\n<tr>\n<th>Vrsta<\/th>\n<td>Majhni hidravli\u010dni cilindri<\/td>\n<\/tr>\n<tr>\n<th>Velikost izvrtine<\/th>\n<td>Glede na va\u0161e zahteve<\/td>\n<\/tr>\n<tr>\n<th>Najve\u010dji vlek<\/th>\n<td>600<\/td>\n<\/tr>\n<tr>\n<th>Certificiranje<\/th>\n<td>ISO9001:2000<\/td>\n<\/tr>\n<tr>\n<th>Teko\u010dina<\/th>\n<td>Olje<\/td>\n<\/tr>\n<tr>\n<th>Premer valja<\/th>\n<td>20~250 mm<\/td>\n<\/tr>\n<tr>\n<th>Podrobnosti o embala\u017ei<\/th>\n<td>\u017delezno ohi\u0161je, ohi\u0161je iz vezanega lesa ali kartonska \u0161katla<\/td>\n<\/tr>\n<\/tbody>\n<\/table>\n<p><span style=\"color: #333333; font-size: 26px;\">Edinstvene lastnosti in prednosti<\/span><\/p>\n<ul>\n<li>Energetsko u\u010dinkoviti: Na\u0161i hidravli\u010dni cilindri so zasnovani tako, da zagotavljajo maksimalno mo\u010d z minimalnim vnosom energije, kar zagotavlja stro\u0161kovno u\u010dinkovito delovanje.<\/li>\n<li>Visoka u\u010dinkovitost: Z najve\u010djim potiskom 3000 so na\u0161i hidravli\u010dni cilindri zasnovani tako, da delujejo najbolje tudi v najzahtevnej\u0161ih pogojih.<\/li>\n<li>Varnost: Z na\u0161o zavezanostjo k varnosti zagotavljamo, da na\u0161i hidravli\u010dni cilindri izpolnjujejo vse standardne varnostne zahteve.<\/li>\n<\/ul>\n<h2>Na\u010delo delovanja in uporaba<\/h2>\n<p>Hidravli\u010dni sistem deluje na principu tlaka teko\u010dine. Sila, ki deluje na eni to\u010dki, se s pomo\u010djo nestisljive teko\u010dine, obi\u010dajno olja, prenese na drugo to\u010dko. Ta hidravli\u010dni valj se lahko uporablja v razli\u010dnih panogah, kot so proizvodni obrati, delavnice za popravilo strojev, kmetije ter energetski in rudarski sektorji.<\/p>\n<h2>Hidravli\u010dni cilindri in pogonske enote<\/h2>\n<p>Hidravli\u010dni cilindri in pogonske enote so nelo\u010dljive enote, ki delujejo skupaj, da bi dosegli najbolj\u0161e rezultate. V podjetju FMP razumemo to simbiozo, zato poleg na\u0161ih vrhunskih hidravli\u010dnih cilindrov ponujamo tudi pogonske enote.<\/p>\n<p>\u0160iroki bazi strank nudimo storitve po vsej Evropi in Ameriki, znane po vrhunski kakovosti izdelkov, izjemni storitvi za stranke in konkuren\u010dnih cenah. Na\u0161a ponudba izdelkov vklju\u010duje hidravli\u010dne cilindre za delovne plo\u0161\u010dadi, cilindre za sanitarna vozila, cilindre za teleskopske vili\u010darje, hidravli\u010dne cilindre za bagre, hidravli\u010dne cilindre za morske povr\u0161ine, cilindre za energetsko tehnologijo, cilindre za vrtalne stroje za predore in drugo. Ponujamo tudi storitve prilagajanja glede na zahteve strank. Razi\u0161\u010dite na\u0161o ponudbo izdelkov \u0161e danes in se obrnite na nas za vse va\u0161e potrebe po hidravli\u010dnih cilindrih.<\/p>\n<h2>Prednosti hidravli\u010dnega cilindra za prekucnike in priklopnike<\/h2>\n<ul>\n<li><strong>Pove\u010dana u\u010dinkovitost:<\/strong> Prekucniki in priklopniki, opremljeni s hidravli\u010dnimi cilindri, lahko delujejo u\u010dinkoviteje kot tisti brez njih. Hidravli\u010dni sistem zagotavlja gladek in zanesljiv prenos mo\u010di, ki omogo\u010da hitrej\u0161e in natan\u010dnej\u0161e odlaganje materialov. To prihrani \u010das in stro\u0161ke dela, hkrati pa pove\u010da splo\u0161no produktivnost. Poleg tega so hidravli\u010dni sistemi zelo u\u010dinkoviti glede porabe energije. Za delovanje potrebujejo manj energije v primerjavi z mehanskimi sistemi, kar pomeni ni\u017eje stro\u0161ke goriva in manj\u0161i vpliv na okolje. Poleg tega so hidravli\u010dni cilindri zasnovani za dolgotrajno delovanje, kar zmanj\u0161uje potrebo po pogostem vzdr\u017eevanju in popravilih.<\/li>\n<li><strong>Izbolj\u0161ana varnost:<\/strong> Prekucniki in priklopniki so lahko nevarni, \u010de se z njimi ne upravlja pravilno. Vendar pa lahko hidravli\u010dni cilindri izbolj\u0161ajo varnost z zmanj\u0161anjem tveganja prevra\u010danja ali razlitja med postopkom odlaganja. Hidravli\u010dni sistem zagotavlja stabilen in gladek prenos mo\u010di ter prepre\u010duje nenadne premike ali sunke, ki bi lahko destabilizirali vozilo. Poleg tega so hidravli\u010dni sistemi lahko zasnovani z varnostnimi funkcijami, kot so tla\u010dni varnostni ventili in za\u0161\u010dita pred preobremenitvijo, kar zagotavlja, da sistem ne prese\u017ee svoje najve\u010dje zmogljivosti. Z izbolj\u0161anjem varnosti lahko hidravli\u010dni cilindri pomagajo zmanj\u0161ati tveganje za nesre\u010de in po\u0161kodbe ter za\u0161\u010ditijo tako delavce kot opremo.<\/li>\n<li><strong>Pove\u010dana vsestranskost:<\/strong> Prekucniki in priklopniki, opremljeni s hidravli\u010dnimi cilindri, se lahko uporabljajo za razli\u010dne namene. Hidravli\u010dni sistemi so zelo prilagodljivi in \u200b\u200bjih je mogo\u010de prilagoditi specifi\u010dnim potrebam razli\u010dnih industrij in aplikacij. Hidravli\u010dni cilindri so lahko na primer zasnovani za delovanje pri razli\u010dnih tlakih in hitrostih, kar omogo\u010da natan\u010den nadzor nad procesom odlaganja. Uporabljajo se lahko tudi za dvigovanje te\u017ekih bremen ali potiskanje materialov, zaradi \u010desar so uporabni v gradbeni\u0161tvu, rudarstvu in kmetijstvu.<\/li>\n<li><strong>Izbolj\u0161ano udobje:<\/strong> Vozniki prekucnikov in priklopnikov lahko izkoristijo izbolj\u0161ano udobje, ki ga zagotavljajo hidravli\u010dni sistemi. Gladko delovanje hidravli\u010dnih cilindrov zmanj\u0161uje vibracije in sunke, kar zmanj\u0161uje utrujenost voznika in izbolj\u0161uje splo\u0161no udobje. Poleg tega so hidravli\u010dni sistemi lahko zasnovani tako, da delujejo tiho, kar zmanj\u0161uje hrup in ustvarja udobnej\u0161e delovno okolje. To je lahko \u0161e posebej pomembno pri aplikacijah, kjer so delavci dalj \u010dasa v neposredni bli\u017eini opreme.<\/li>\n<li><strong>Pove\u010dan nadzor:<\/strong> Hidravli\u010dni cilindri omogo\u010dajo natan\u010den nadzor nad postopkom odlaganja, kar operaterjem omogo\u010da prilagajanje hitrosti in kota odlaganja. Ta raven nadzora je lahko \u0161e posebej uporabna pri aplikacijah, kjer so materiali, ki se odlagajo, ob\u010dutljivi ali zahtevajo natan\u010dno pozicioniranje. Poleg tega je mogo\u010de hidravli\u010dne cilindre upravljati na daljavo, kar zagotavlja \u0161e ve\u010dji nadzor in prilagodljivost. To je lahko uporabno pri aplikacijah, kjer mora biti operater na drugi lokaciji kot oprema ali kjer je vidljivost omejena.<\/li>\n<\/ul>\n<p><img loading=\"lazy\" decoding=\"async\" class=\"alignnone size-full wp-image-2676\" src=\"https:\/\/fmp-components.com\/wp-content\/uploads\/2025\/01\/hydraulic-cylinder-workshop.webp\" alt=\"delavnica-hidravli\u010dnih-valjev\" width=\"914\" height=\"733\" title=\"\" srcset=\"https:\/\/fmp-components.com\/wp-content\/uploads\/2025\/01\/hydraulic-cylinder-workshop.webp 914w, https:\/\/fmp-components.com\/wp-content\/uploads\/2025\/01\/hydraulic-cylinder-workshop-480x385.webp 480w\" sizes=\"(min-width: 0px) and (max-width: 480px) 480px, (min-width: 481px) 914px, 100vw\" \/><\/p>\n<h2>O FMP-ju<\/h2>\n<p>FMP je vodilno podjetje s sede\u017eem v Italiji, specializirano za prodajo in servis gradbene mehanizacije in celotnih strojev. Na\u0161e podjetje ima bogate izku\u0161nje v panogi in profesionalno ekipo, ki je zavezana zagotavljanju visokokakovostnih in zanesljivih re\u0161itev za gradbeno mehanizacijo strankam.<\/p>\n<p>Tukaj je pet razlogov, zakaj bi morali izbrati FMP:<\/p>\n<p>1. Visokokakovostni precizni in\u017eenirski hidravli\u010dni cilindri<br \/>\nV podjetju FMP smo zavezani h kakovosti na vseh ravneh na\u0161ega poslovanja. Na\u0161i hidravli\u010dni cilindri so natan\u010dno izdelani tako, da ustrezajo najvi\u0161jim industrijskim standardom. Uporabljamo le visokokakovostne surovine in izvajamo stroge preglede kakovosti kon\u010dnih izdelkov, da zagotovimo, da na\u0161e stranke prejmejo najbolj\u0161e mo\u017ene izdelke.<\/p>\n<p>2. Obse\u017ena ponudba izdelkov<br \/>\nPonujamo \u0161iroko paleto dodatkov za gradbeno mehanizacijo in celotne stroje, vklju\u010dno z razli\u010dnimi hidravli\u010dnimi cilindri, menjalniki, verigami in zobniki. Na\u0161a ponudba izdelkov zajema vse vrste gradbene mehanizacije in dodatkov, vklju\u010dno z dodatki za motorje, komponentami hidravli\u010dnega sistema, dodatki za \u0161asije in dodatki za elektri\u010dne sisteme.<\/p>\n<p>3. Dolgoro\u010dni in stabilni partnerski odnosi z dobavitelji<br \/>\nFMP je vzpostavil dolgoro\u010dne in stabilne partnerske odnose s \u0161tevilnimi visokokakovostnimi doma\u010dimi in tujimi dobavitelji. To zagotavlja, da vsa dobavljena oprema izpolnjuje stroge standarde kakovosti in da na\u0161e stranke prejmejo najbolj\u0161e mo\u017ene izdelke.<\/p>\n<p>4. Izku\u0161ena in usposobljena prodajna ekipa<br \/>\nNa\u0161a prodajna ekipa je izku\u0161ena in usposobljena v industriji gradbenih strojev. Poznajo najnovej\u0161e razvojne trende in potrebe strank ter vam lahko nudijo strokovno svetovanje o izdelkih in pametne nasvete o nakupu, da zagotovijo, da na\u0161e stranke dobijo prave izdelke za svoje potrebe.<\/p>\n<p>5. U\u010dinkovit logisti\u010dni distribucijski sistem<br \/>\nImamo u\u010dinkovit logisti\u010dni distribucijski sistem, ki zagotavlja, da na\u0161e stranke pravo\u010dasno in natan\u010dno prejmejo potrebne dele. Na\u0161a logisti\u010dna ekipa je zavezana zagotavljanju najbolj\u0161e mo\u017ene storitve, da bi zagotovila zadovoljstvo na\u0161ih strank.<\/p>\n<p>\u010ce i\u0161\u010dete visokokakovostno dodatno opremo in celotne stroje za gradbeno mehanizacijo, je FMP va\u0161a najbolj\u0161a izbira. Za ve\u010d informacij o na\u0161ih izdelkih in o tem, kako vam lahko pomagamo izpolniti va\u0161e potrebe po gradbeni mehanizaciji, nas kontaktirajte \u0161e danes.<\/p>\n<p><img loading=\"lazy\" decoding=\"async\" class=\"alignnone wp-image-2672\" src=\"https:\/\/fmp-components.com\/wp-content\/uploads\/2025\/01\/Dump-Truck-Trailer-Hydraulic-Cylinder-product-3-2.webp\" alt=\"Hidravli\u010dni cilinder za prekucnike in priklopnike-izdelek-3\" width=\"921\" height=\"675\" title=\"\" srcset=\"https:\/\/fmp-components.com\/wp-content\/uploads\/2025\/01\/Dump-Truck-Trailer-Hydraulic-Cylinder-product-3-2.webp 921w, https:\/\/fmp-components.com\/wp-content\/uploads\/2025\/01\/Dump-Truck-Trailer-Hydraulic-Cylinder-product-3-2-480x352.webp 480w\" sizes=\"(min-width: 0px) and (max-width: 480px) 480px, (min-width: 481px) 921px, 100vw\" \/><br \/>\nAvtor: CX<\/p>","protected":false},"excerpt":{"rendered":"<p>High Quality Hydraulic Cylinder Made In Italy Trailer Leg Hydraulic Cylinder 2500PSI Welcome to this product introduction for our high-quality hydraulic cylinder made in Italy. This hydraulic cylinder is specifically designed for trailer leg applications, providing superior performance and reliability. With a maximum operating pressure of 2500 PSI, it ensures optimal functionality in various industrial [&hellip;]<\/p>","protected":false},"featured_media":2662,"comment_status":"closed","ping_status":"closed","template":"","meta":{"_et_pb_use_builder":"","_et_pb_old_content":"","_et_gb_content_width":""},"product_brand":[],"product_cat":[63],"product_tag":[65,34],"class_list":{"0":"post-2661","1":"product","2":"type-product","3":"status-publish","4":"has-post-thumbnail","6":"product_cat-dump-truck-trailer-hydraulic-cylinder","7":"product_tag-dump-truck-trailer-hydraulic-cylinder","8":"product_tag-hydraulic-cylinder","10":"first","11":"instock","12":"product-type-simple"},"_links":{"self":[{"href":"https:\/\/fmp-components.com\/sl\/wp-json\/wp\/v2\/product\/2661","targetHints":{"allow":["GET"]}}],"collection":[{"href":"https:\/\/fmp-components.com\/sl\/wp-json\/wp\/v2\/product"}],"about":[{"href":"https:\/\/fmp-components.com\/sl\/wp-json\/wp\/v2\/types\/product"}],"replies":[{"embeddable":true,"href":"https:\/\/fmp-components.com\/sl\/wp-json\/wp\/v2\/comments?post=2661"}],"wp:featuredmedia":[{"embeddable":true,"href":"https:\/\/fmp-components.com\/sl\/wp-json\/wp\/v2\/media\/2662"}],"wp:attachment":[{"href":"https:\/\/fmp-components.com\/sl\/wp-json\/wp\/v2\/media?parent=2661"}],"wp:term":[{"taxonomy":"product_brand","embeddable":true,"href":"https:\/\/fmp-components.com\/sl\/wp-json\/wp\/v2\/product_brand?post=2661"},{"taxonomy":"product_cat","embeddable":true,"href":"https:\/\/fmp-components.com\/sl\/wp-json\/wp\/v2\/product_cat?post=2661"},{"taxonomy":"product_tag","embeddable":true,"href":"https:\/\/fmp-components.com\/sl\/wp-json\/wp\/v2\/product_tag?post=2661"}],"curies":[{"name":"delovni list","href":"https:\/\/api.w.org\/{rel}","templated":true}]}}