{"id":2622,"date":"2025-01-03T03:07:12","date_gmt":"2025-01-03T03:07:12","guid":{"rendered":"https:\/\/fmp-components.com\/?page_id=8"},"modified":"2025-01-03T03:24:45","modified_gmt":"2025-01-03T03:24:45","slug":"square-baler-gearbox-fmp-fk157-for-straw-chopper","status":"publish","type":"product","link":"https:\/\/fmp-components.com\/sl\/product\/square-baler-gearbox-fmp-fk157-for-straw-chopper\/","title":{"rendered":"Menjalnik za kvadratne balirke FMP-FK157 za sekalnik slame"},"content":{"rendered":"<h2>Menjalnik za kvadratne balirke FMP-FK157 Dimenzije<\/h2>\n<p><img loading=\"lazy\" decoding=\"async\" class=\"alignnone size-full wp-image-2623\" src=\"https:\/\/fmp-components.com\/wp-content\/uploads\/2025\/01\/Square-Baler-Gearbox-FMP-FK157-Dimensions.webp\" alt=\"Menjalnik za kvadratne balirke FMP FK157 - Dimenzije\" width=\"1186\" height=\"816\" title=\"\" srcset=\"https:\/\/fmp-components.com\/wp-content\/uploads\/2025\/01\/Square-Baler-Gearbox-FMP-FK157-Dimensions.webp 1186w, https:\/\/fmp-components.com\/wp-content\/uploads\/2025\/01\/Square-Baler-Gearbox-FMP-FK157-Dimensions-980x674.webp 980w, https:\/\/fmp-components.com\/wp-content\/uploads\/2025\/01\/Square-Baler-Gearbox-FMP-FK157-Dimensions-480x330.webp 480w\" sizes=\"(min-width: 0px) and (max-width: 480px) 480px, (min-width: 481px) and (max-width: 980px) 980px, (min-width: 981px) 1186px, 100vw\" \/><\/p>\n<h2>Dimenzije gredi menjalnika kvadratne balirke FMP-FK157<\/h2>\n<p><img loading=\"lazy\" decoding=\"async\" class=\"alignnone size-full wp-image-2624\" src=\"https:\/\/fmp-components.com\/wp-content\/uploads\/2025\/01\/Square-Baler-Gearbox-FMP-FK157-Shaft-Dimensions.webp\" alt=\"Menjalnik gredi za kvadratne balirke FMP FK157\" width=\"1371\" height=\"414\" title=\"\" srcset=\"https:\/\/fmp-components.com\/wp-content\/uploads\/2025\/01\/Square-Baler-Gearbox-FMP-FK157-Shaft-Dimensions.webp 1371w, https:\/\/fmp-components.com\/wp-content\/uploads\/2025\/01\/Square-Baler-Gearbox-FMP-FK157-Shaft-Dimensions-1280x387.webp 1280w, https:\/\/fmp-components.com\/wp-content\/uploads\/2025\/01\/Square-Baler-Gearbox-FMP-FK157-Shaft-Dimensions-980x296.webp 980w, https:\/\/fmp-components.com\/wp-content\/uploads\/2025\/01\/Square-Baler-Gearbox-FMP-FK157-Shaft-Dimensions-480x145.webp 480w\" sizes=\"(min-width: 0px) and (max-width: 480px) 480px, (min-width: 481px) and (max-width: 980px) 980px, (min-width: 981px) and (max-width: 1280px) 1280px, (min-width: 1281px) 1371px, 100vw\" \/><\/p>\n<h2>Tehni\u010dni podatki menjalnika za kvadratne balirke FMP-FK157<\/h2>\n<table style=\"width: 100.77%; height: 141px;\" border=\"1\" cellspacing=\"0\" cellpadding=\"0\">\n<tbody>\n<tr>\n<td colspan=\"2\" rowspan=\"2\">jaz<\/td>\n<td rowspan=\"2\">Primerno<\/td>\n<td>Vhod vrtljajev<\/td>\n<td>Izhodna vrtljaji<\/td>\n<td>kW (nom.)<\/td>\n<td>kW (najve\u010d)<\/td>\n<td rowspan=\"2\">Izra\u0161\u010danje zob<\/td>\n<\/tr>\n<tr>\n<td>vrt\/min<\/td>\n<td>vrt\/min<\/td>\n<td>konjska mo\u010d<\/td>\n<td>konjska mo\u010d<\/td>\n<\/tr>\n<tr>\n<td>Pove\u010danje hitrosti<\/td>\n<td>1:2.46<\/td>\n<td rowspan=\"2\">Sekalnik slame itd.<\/td>\n<td>540<\/td>\n<td>1328.4<\/td>\n<td>180<\/td>\n<td>700<\/td>\n<td rowspan=\"2\">Gleason Helical<br \/>\nZobje<\/td>\n<\/tr>\n<tr>\n<td>Pove\u010danje hitrosti<\/td>\n<td>1:2.07<\/td>\n<td>720<\/td>\n<td>1190.4<\/td>\n<td>180<\/td>\n<td>700<\/td>\n<\/tr>\n<tr>\n<td colspan=\"8\">Opomba: \u010ce imate kakr\u0161ne koli posebne zahteve, mi sporo\u010dite, sprejemamo tudi po meri.<\/td>\n<\/tr>\n<\/tbody>\n<\/table>\n<h3>Komponente menjalnika za kvadratne balirke FMP-FK157 za sekalnik slame<\/h3>\n<p>Menjalnik za kvadratne balirke FMP-FK157 je zasnovan za aplikacije, kot so sekljanje in baliranje slame, kjer so vzdr\u017eljivost, u\u010dinkovitost in natan\u010dnost klju\u010dnega pomena. Spodaj so navedene klju\u010dne komponente, ki jih obi\u010dajno najdemo v menjalniku za kvadratne balirke FMP-FK157, posebej zasnovanem za delo s sekalnikom slame:<\/p>\n<ol>\n<li>Vhodna gred\n<ul>\n<li>Funkcija: Vhodna gred povezuje menjalnik s traktorjem ali sistemom odvzema mo\u010di (PTO). Prena\u0161a vrtilno mo\u010d iz motorja traktorja v menjalnik, kar omogo\u010da delovanje sekalnika slame.<\/li>\n<li>Material: Obi\u010dajno izdelan iz visoko trdnega jekla za vzdr\u017eljivost in odpornost na obremenitve zaradi neprekinjene uporabe v kmetijskih aplikacijah.<\/li>\n<\/ul>\n<\/li>\n<li>Izhodna gred\n<ul>\n<li>Funkcija: Izhodna gred prena\u0161a mehansko mo\u010d iz menjalnika na priklju\u010dene komponente sekalnika slame, kot so rezila ali cepi\u010di.<\/li>\n<li>Material: Jeklo ali legirani materiali se uporabljajo za odpornost proti obrabi in obremenitvam zaradi te\u017ekega delovanja sekljanja slame.<\/li>\n<\/ul>\n<\/li>\n<li>Komplet zobnikov (vija\u010dni ali \u010delni zobniki)\n<ul>\n<li>Funkcija: Zobni\u0161ki sklop je klju\u010dna komponenta, ki prilagaja hitrost vrtenja in navor med vhodno in izhodno gredjo. Zagotavlja u\u010dinkovit prenos mo\u010di na mehanizem sekalnika.<\/li>\n<li>Tip: Glede na zasnovo lahko menjalnik uporablja vija\u010dne ali \u010delne zobnike za optimizacijo navora in zmanj\u0161anje hrupa in vibracij med delovanjem.<\/li>\n<li>Material: Kaljeno jeklo za trdnost in vzdr\u017eljivost.<\/li>\n<\/ul>\n<\/li>\n<li>Le\u017eaji\n<ul>\n<li>Funkcija: Le\u017eaji podpirajo gredi, zmanj\u0161ujejo trenje in zagotavljajo nemoteno vrtenje. So bistveni za ohranjanje dolgoro\u010dne u\u010dinkovitosti in stabilnosti menjalnika.<\/li>\n<li>Vrsta: Krogli\u010dni ali valj\u010dni le\u017eaji, odvisno od zasnove in uporabe.<\/li>\n<\/ul>\n<\/li>\n<li>Tesnila\n<ul>\n<li>Funkcija: Tesnila prepre\u010dujejo pu\u0161\u010danje olja ali maziva in \u0161\u010ditijo notranje komponente menjalnika pred umazanijo, vlago in drugimi onesna\u017eevalci.<\/li>\n<li>Material: Za dolgotrajno za\u0161\u010dito pred okoljskimi dejavniki se uporabljajo guma, nitril ali drugi sinteti\u010dni materiali.<\/li>\n<\/ul>\n<\/li>\n<\/ol>\n<p>Menjalnik za kvadratne balirke FMP-FK157 je zasnovan za zahtevna kmetijska dela, vklju\u010dno z rezanjem slame. Kombinacija trpe\u017enih materialov, natan\u010dnih zobnikov, u\u010dinkovitega mazanja in za\u0161\u010ditnih komponent zagotavlja optimalno delovanje in dolgo \u017eivljenjsko dobo v zahtevnih pogojih kmetijskih del. Vsaka od komponent igra klju\u010dno vlogo pri zagotavljanju zanesljivega in u\u010dinkovitega delovanja menjalnika, kar omogo\u010da nemoteno in u\u010dinkovito rezanje in baliranje slame.<\/p>\n<p><img loading=\"lazy\" decoding=\"async\" class=\"alignnone size-full wp-image-2625\" src=\"https:\/\/fmp-components.com\/wp-content\/uploads\/2025\/01\/Square-Baler-Gearbox-391.jpg\" alt=\"Menjalnik za kvadratne balirke 39(1)\" width=\"2152\" height=\"1061\" title=\"\" srcset=\"https:\/\/fmp-components.com\/wp-content\/uploads\/2025\/01\/Square-Baler-Gearbox-391.jpg 2152w, https:\/\/fmp-components.com\/wp-content\/uploads\/2025\/01\/Square-Baler-Gearbox-391-1280x631.jpg 1280w, https:\/\/fmp-components.com\/wp-content\/uploads\/2025\/01\/Square-Baler-Gearbox-391-980x483.jpg 980w, https:\/\/fmp-components.com\/wp-content\/uploads\/2025\/01\/Square-Baler-Gearbox-391-480x237.jpg 480w\" sizes=\"(min-width: 0px) and (max-width: 480px) 480px, (min-width: 481px) and (max-width: 980px) 980px, (min-width: 981px) and (max-width: 1280px) 1280px, (min-width: 1281px) 2152px, 100vw\" \/><\/p>\n<h3>Postopek delovanja menjalnika kvadratne balirke za sekalnik slame<\/h3>\n<p>Menjalnik za sekalnik slame v kvadratni balirki je klju\u010dna mehanska komponenta, ki u\u010dinkovito prena\u0161a mo\u010d iz sistema odvzema mo\u010di (PTO) traktorja na sekalnik slame, kar mu omogo\u010da u\u010dinkovito opravljanje nalog. Takole deluje menjalnik v kontekstu sekalnika slame:<\/p>\n<ol>\n<li>Prenos mo\u010di s kardanske gredi na vhodno gred\n<ul>\n<li>Menjalnik je povezan s kardansko gredjo traktorja, ki prena\u0161a vrtilno mo\u010d iz motorja traktorja.<\/li>\n<li>Ko je traktor aktiviran, zavrti kardansko gred, ki nato prenese to rotacijsko silo skozi vhodno gred menjalnika.<\/li>\n<\/ul>\n<\/li>\n<li>Zmanj\u0161anje ali nastavitev hitrosti prek zobni\u0161kega kompleta\n<ul>\n<li>V menjalniku sklop zobnikov (spiralni ali \u010delni) prilagaja hitrost vrtenja in navor. Zobniki zmanj\u0161ajo visoko hitrost vrtenja kardanske gredi in jo pretvorijo v ni\u017ejo hitrost in vi\u0161ji navor, primeren za delovanje sekalnika slame.<\/li>\n<li>Ta reduktor zagotavlja, da sekalnik slame deluje s pravilno hitrostjo za u\u010dinkovito sesekljanje slame in njeno dovajanje v komoro za baliranje.<\/li>\n<\/ul>\n<\/li>\n<li>Prenos mo\u010di na izhodno gred\n<ul>\n<li>Ko zobniki prilagodijo hitrost in navor, izhodna gred prenese spremenjeno mo\u010d na sekalnik slame.<\/li>\n<li>Izhodna gred je neposredno povezana z rezalnim mehanizmom sekalnika slame, ki vklju\u010duje vrte\u010da se rezila ali cepila, ki slamo re\u017eejo ali drobijo na manj\u0161e ko\u0161\u010dke.<\/li>\n<\/ul>\n<\/li>\n<li>Gibanje mehanizma sekalnika\n<ul>\n<li>Ko se izhodna gred vrti, poganja rezila ali cepila sekalnika slame, ki so odgovorna za sekljanje slame na majhne, \u200b\u200benakomerne ko\u0161\u010dke.<\/li>\n<li>Sesekljana slama se nato dovaja v komoro za baliranje ali razprostira, odvisno od predvidene uporabe (npr. za mul\u010denje ali kompostiranje).<\/li>\n<\/ul>\n<\/li>\n<li>Mazanje in hlajenje\n<ul>\n<li>Menjalnik se zana\u0161a na sistem mazanja (olje ali mast), ki kro\u017ei po notranjih komponentah (zobnikih in le\u017eajih), da zmanj\u0161a trenje, zmanj\u0161a obrabo in zagotovi nemoteno delovanje sistema.<\/li>\n<li>Pri nekaterih izvedbah se lahko za odvajanje toplote, ki nastane zaradi neprekinjenega gibanja menjalnika in mehanizma sekalnika, uporabljajo hladilna rebra ali drugi hladilni mehanizmi.<\/li>\n<\/ul>\n<\/li>\n<\/ol>\n<p>Menjalnik za sekalnik slame v kvadratni balirki igra klju\u010dno vlogo pri pretvorbi mo\u010di kardanske gredi traktorja v ustrezno hitrost in navor, ki sta potrebna za u\u010dinkovito sekanje in baliranje slame. To dose\u017ee z uporabo kombinacije vhodnih in izhodnih gredi, zobnikov in za\u0161\u010ditnih komponent, hkrati pa zagotavlja mazanje in za\u0161\u010dito pred prekomernimi obremenitvami. Ta mehanski postopek zagotavlja zanesljivo delovanje sekalnika slame, kar zmanj\u0161uje \u010das izpada in pove\u010duje splo\u0161no produktivnost v kmetijskih dejavnostih.<\/p>\n<p><img loading=\"lazy\" decoding=\"async\" class=\"alignnone size-full wp-image-2615\" src=\"https:\/\/fmp-components.com\/wp-content\/uploads\/2025\/01\/Square-Baler-Gearbox-EP-FK150-Application-Area-1-1024x6861-1.webp\" alt=\"Menjalnik za kvadratne balirke EP-FK150-Podro\u010dje uporabe-1-1024x686(1)\" width=\"1024\" height=\"686\" title=\"\" srcset=\"https:\/\/fmp-components.com\/wp-content\/uploads\/2025\/01\/Square-Baler-Gearbox-EP-FK150-Application-Area-1-1024x6861-1.webp 1024w, https:\/\/fmp-components.com\/wp-content\/uploads\/2025\/01\/Square-Baler-Gearbox-EP-FK150-Application-Area-1-1024x6861-1-980x657.webp 980w, https:\/\/fmp-components.com\/wp-content\/uploads\/2025\/01\/Square-Baler-Gearbox-EP-FK150-Application-Area-1-1024x6861-1-480x322.webp 480w\" sizes=\"(min-width: 0px) and (max-width: 480px) 480px, (min-width: 481px) and (max-width: 980px) 980px, (min-width: 981px) 1024px, 100vw\" \/><\/p>\n<h3>O FMP-ju<\/h3>\n<p>FMP s sede\u017eem v Italiji je vodilni proizvajalec, znan po svojem strokovnem znanju na podro\u010dju na\u010drtovanja, razvoja in proizvodnje visokozmogljivih menjalnikov, s posebnim poudarkom na sektorju kmetijske mehanizacije. Z ugledom na podro\u010dju natan\u010dnega in\u017eeniringa, inovativnih re\u0161itev in neomajne zanesljivosti je FMP postal zaupanja vreden partner pri re\u0161evanju razvijajo\u010dih se potreb tako kmetijskega kot industrijskega sektorja. Na\u0161a raznolika ponudba izdelkov vklju\u010duje specializirane menjalnike za kosilnice, kardanske gredi in druge bistvene komponente, ki so vse skrbno zasnovane za zagotavljanje prilagojenih re\u0161itev za \u0161irok spekter uporabe.<\/p>\n<p>Pri FMP razumemo, da ima vsaka stranka edinstvene zahteve in izzive. Zato smo specializirani za ponujanje re\u0161itev po meri, bodisi za posamezne komponente bodisi za popolnoma integrirane sisteme. Tesno sodelujemo z na\u0161imi strankami, da zagotovimo, da je vsaka re\u0161itev ne le u\u010dinkovita, ampak tudi uspe\u0161na, kar optimizira tako zmogljivost kot vrednost. Na\u0161a zavezanost hitrim in profesionalnim odgovorom, skupaj s strokovnim vodenjem, zagotavlja, da se vsako povpra\u0161evanje obravnava z najve\u010djo skrbnostjo in natan\u010dnostjo, kar vodi do najbolj\u0161ih mo\u017enih rezultatov.<\/p>\n<p>V celotnem procesu razvoja izdelkov dajemo prednost odprti in stalni komunikaciji. Na\u0161a predana ekipa sodeluje neposredno s strankami, da bi v celoti razumela njihove specifi\u010dne potrebe, in jim ponuja dragocene vpoglede in priporo\u010dila za zagotavljanje optimalnih re\u0161itev. Ne glede na to, ali oblikujemo inovativne izdelke ali izpolnjujemo teko\u010da naro\u010dila, je FMP zavezan k zagotavljanju visokokakovostnih, natan\u010dno izdelanih re\u0161itev pravo\u010dasno in vsaki\u010d. Na\u0161 cilj je strankam zagotoviti najbolj\u0161o storitev in rezultate, ki pri vsakem projektu presegajo pri\u010dakovanja.<\/p>\n<p>Kakovost je temelj poslovanja podjetja FMP. Dr\u017eimo se najvi\u0161jih proizvodnih standardov in izvajamo stroge ukrepe nadzora kakovosti, da zagotovimo, da vsak izdelek ne le izpolnjuje, ampak tudi presega industrijske standarde. Ta neomajna zavezanost kakovosti, skupaj z na\u0161imi temeljnimi vrednotami integritete, timskega dela in vztrajnosti, nam je omogo\u010dila, da smo s strankami v skoraj 30 dr\u017eavah po vsem svetu zgradili dolgotrajne, na zaupanju temelje\u010de odnose.<\/p>\n<p>FMP je vedno odprt za spodbujanje globalnih partnerstev in ostaja predan ponujanju strokovnih nasvetov in prilagojenih re\u0161itev, ki ustrezajo raznolikim potrebam na\u0161ih strank. Gremo dlje od zgolj dobave izdelkov; na\u0161 cilj je graditi trajne odnose, ki prispevajo k uspehu vsakega projekta. Ne glede na to, ali potrebujete inovativne re\u0161itve za novo pobudo ali stalno podporo za obstoje\u010di sistem, je FMP tukaj, da se spopade z va\u0161imi tehni\u010dnimi izzivi in \u200b\u200bzagotovi va\u0161 nadaljnji uspeh.<\/p>\n<p><img loading=\"lazy\" decoding=\"async\" class=\"alignnone size-full wp-image-1861\" src=\"https:\/\/fmp-components.com\/wp-content\/uploads\/2024\/12\/Other-Agricultural-Gearboxes.webp\" sizes=\"(min-width: 0px) and (max-width: 480px) 480px, (min-width: 481px) and (max-width: 980px) 980px, (min-width: 981px) 1200px, 100vw\" srcset=\"https:\/\/fmp-components.com\/wp-content\/uploads\/2024\/12\/Other-Agricultural-Gearboxes.webp 1200w, https:\/\/fmp-components.com\/wp-content\/uploads\/2024\/12\/Other-Agricultural-Gearboxes-980x1143.webp 980w, https:\/\/fmp-components.com\/wp-content\/uploads\/2024\/12\/Other-Agricultural-Gearboxes-480x560.webp 480w\" alt=\"Altri-cambi-agricoli\" width=\"1200\" height=\"1400\" title=\"\"><\/p>\n<p>Avtor: CX<\/p>","protected":false},"excerpt":{"rendered":"<p>Square Baler Gearbox FMP-FK157 Dimensions Square Baler Gearbox FMP-FK157 Shaft Dimensions Square Baler Gearbox FMP-FK157 Technical Data i Suitable Rpm input Rpm output KW(Nom) KW(Max) Toothing r\/min r\/min hp hp Speed increase 1:2.46 Straw chopper, etc 540 1328.4 180 700 Gleason Helical Teeth Speed increase 1:2.07 720 1190.4 180 700 Remark: If you have any [&hellip;]<\/p>","protected":false},"featured_media":2626,"comment_status":"open","ping_status":"closed","template":"","meta":{"_et_pb_use_builder":"","_et_pb_old_content":"","_et_gb_content_width":""},"product_brand":[],"product_cat":[62],"product_tag":[],"class_list":{"0":"post-2622","1":"product","2":"type-product","3":"status-publish","4":"has-post-thumbnail","6":"product_cat-square-baler-gearbox","8":"first","9":"instock","10":"shipping-taxable","11":"product-type-simple"},"_links":{"self":[{"href":"https:\/\/fmp-components.com\/sl\/wp-json\/wp\/v2\/product\/2622","targetHints":{"allow":["GET"]}}],"collection":[{"href":"https:\/\/fmp-components.com\/sl\/wp-json\/wp\/v2\/product"}],"about":[{"href":"https:\/\/fmp-components.com\/sl\/wp-json\/wp\/v2\/types\/product"}],"replies":[{"embeddable":true,"href":"https:\/\/fmp-components.com\/sl\/wp-json\/wp\/v2\/comments?post=2622"}],"wp:featuredmedia":[{"embeddable":true,"href":"https:\/\/fmp-components.com\/sl\/wp-json\/wp\/v2\/media\/2626"}],"wp:attachment":[{"href":"https:\/\/fmp-components.com\/sl\/wp-json\/wp\/v2\/media?parent=2622"}],"wp:term":[{"taxonomy":"product_brand","embeddable":true,"href":"https:\/\/fmp-components.com\/sl\/wp-json\/wp\/v2\/product_brand?post=2622"},{"taxonomy":"product_cat","embeddable":true,"href":"https:\/\/fmp-components.com\/sl\/wp-json\/wp\/v2\/product_cat?post=2622"},{"taxonomy":"product_tag","embeddable":true,"href":"https:\/\/fmp-components.com\/sl\/wp-json\/wp\/v2\/product_tag?post=2622"}],"curies":[{"name":"delovni list","href":"https:\/\/api.w.org\/{rel}","templated":true}]}}