{"id":2616,"date":"2025-01-03T02:57:42","date_gmt":"2025-01-03T02:57:42","guid":{"rendered":"https:\/\/fmp-components.com\/?page_id=8"},"modified":"2025-01-03T02:57:42","modified_gmt":"2025-01-03T02:57:42","slug":"square-baler-gearbox-fmp-fk155-for-automatic-feed-baler","status":"publish","type":"product","link":"https:\/\/fmp-components.com\/sl\/product\/square-baler-gearbox-fmp-fk155-for-automatic-feed-baler\/","title":{"rendered":"Menjalnik za kvadratne balirke FMP-FK155 za avtomatsko balirko"},"content":{"rendered":"<p><img loading=\"lazy\" decoding=\"async\" class=\"size-full wp-image-2619 aligncenter\" src=\"https:\/\/fmp-components.com\/wp-content\/uploads\/2025\/01\/Square-Baler-Gearbox-FMP-FK1551.webp\" alt=\"Menjalnik za kvadratne balirke FMP FK155(1)\" width=\"600\" height=\"600\" title=\"\" srcset=\"https:\/\/fmp-components.com\/wp-content\/uploads\/2025\/01\/Square-Baler-Gearbox-FMP-FK1551.webp 600w, https:\/\/fmp-components.com\/wp-content\/uploads\/2025\/01\/Square-Baler-Gearbox-FMP-FK1551-480x480.webp 480w\" sizes=\"(min-width: 0px) and (max-width: 480px) 480px, (min-width: 481px) 600px, 100vw\" \/><\/p>\n<h2>Menjalnik za kvadratne balirke FMP-FK155 Dimenzije<\/h2>\n<p><img loading=\"lazy\" decoding=\"async\" class=\"alignnone size-full wp-image-2617\" src=\"https:\/\/fmp-components.com\/wp-content\/uploads\/2025\/01\/Square-Baler-Gearbox-FMP-FK155-Dimensions-1.webp\" alt=\"Menjalnik za kvadratne balirke FMP FK155 - Dimenzije 1\" width=\"1268\" height=\"840\" title=\"\" srcset=\"https:\/\/fmp-components.com\/wp-content\/uploads\/2025\/01\/Square-Baler-Gearbox-FMP-FK155-Dimensions-1.webp 1268w, https:\/\/fmp-components.com\/wp-content\/uploads\/2025\/01\/Square-Baler-Gearbox-FMP-FK155-Dimensions-1-980x649.webp 980w, https:\/\/fmp-components.com\/wp-content\/uploads\/2025\/01\/Square-Baler-Gearbox-FMP-FK155-Dimensions-1-480x318.webp 480w\" sizes=\"(min-width: 0px) and (max-width: 480px) 480px, (min-width: 481px) and (max-width: 980px) 980px, (min-width: 981px) 1268px, 100vw\" \/> <img loading=\"lazy\" decoding=\"async\" class=\"alignnone size-full wp-image-2618\" src=\"https:\/\/fmp-components.com\/wp-content\/uploads\/2025\/01\/Square-Baler-Gearbox-EP-FK155-Dimensions-2.webp\" alt=\"Menjalnik za kvadratne bale EP-FK155-Dimenzije-2\" width=\"1198\" height=\"362\" title=\"\" srcset=\"https:\/\/fmp-components.com\/wp-content\/uploads\/2025\/01\/Square-Baler-Gearbox-EP-FK155-Dimensions-2.webp 1198w, https:\/\/fmp-components.com\/wp-content\/uploads\/2025\/01\/Square-Baler-Gearbox-EP-FK155-Dimensions-2-980x296.webp 980w, https:\/\/fmp-components.com\/wp-content\/uploads\/2025\/01\/Square-Baler-Gearbox-EP-FK155-Dimensions-2-480x145.webp 480w\" sizes=\"(min-width: 0px) and (max-width: 480px) 480px, (min-width: 481px) and (max-width: 980px) 980px, (min-width: 981px) 1198px, 100vw\" \/><\/p>\n<h2>Tehni\u010dni podatki menjalnika za kvadratne balirke FMP-FK155<\/h2>\n<table style=\"width: 99.2395%; height: 129px;\" border=\"1\" cellspacing=\"0\" cellpadding=\"0\">\n<tbody>\n<tr>\n<td colspan=\"2\" rowspan=\"2\">jaz<\/td>\n<td rowspan=\"2\">Primerno<\/td>\n<td>Vhod vrtljajev<\/td>\n<td>Izhodna vrtljaji<\/td>\n<td>kW (nom.)<\/td>\n<td>kW (najve\u010d)<\/td>\n<td rowspan=\"2\">Izra\u0161\u010danje zob<\/td>\n<\/tr>\n<tr>\n<td>vrt\/min<\/td>\n<td>vrt\/min<\/td>\n<td>konjska mo\u010d<\/td>\n<td>konjska mo\u010d<\/td>\n<\/tr>\n<tr>\n<td>Levi in \u200b\u200bsvetlobni izhod<\/td>\n<td>1:2.46<\/td>\n<td rowspan=\"2\">Samodejni balirni stroj za podajanje itd.<\/td>\n<td>540<\/td>\n<td>1328<\/td>\n<td>180<\/td>\n<td>1080<\/td>\n<td rowspan=\"2\">Gleason Helical<br \/>\nZobje<\/td>\n<\/tr>\n<tr>\n<td>Nadaljnji izhod<\/td>\n<td>1.24:1<\/td>\n<td>1328<\/td>\n<td>1070<\/td>\n<td>130<\/td>\n<td>1100<\/td>\n<\/tr>\n<tr>\n<td colspan=\"8\">Opomba: \u010ce imate kakr\u0161ne koli posebne zahteve, mi sporo\u010dite, sprejemamo tudi po meri.<\/td>\n<\/tr>\n<\/tbody>\n<\/table>\n<h3>Prednosti menjalnika za kvadratne balirke FMP-FK155<\/h3>\n<p>Menjalnik za kvadratne balirke FMP-FK155 je visokozmogljiv menjalnik, posebej zasnovan za uporabo v kvadratnih balirkah. Ponuja ve\u010d prednosti, zaradi katerih je idealna izbira za kmetijsko uporabo, zlasti za tiste, ki zahtevajo u\u010dinkovito in zanesljivo baliranje. Spodaj so navedene klju\u010dne prednosti menjalnika za kvadratne balirke FMP-FK155:<\/p>\n<p><strong>Visoka navorna zmogljivost<\/strong><\/p>\n<ul>\n<li>Prednost: Menjalnik FMP-FK155 je zasnovan za visoke navorne obremenitve, zaradi \u010desar je primeren za zahtevne aplikacije, kot je baliranje gostih materialov, kot so seno, slama in sila\u017ea.<\/li>\n<li>Prednost: Ta visoka navorna zmogljivost zagotavlja zanesljivo delovanje v te\u017ekih pogojih, kar omogo\u010da balirki oblikovanje kompaktnih, enakomernih bal brez obremenjevanja menjalnika.<\/li>\n<\/ul>\n<p><strong>Vzdr\u017eljivost in dolgo\u017eivost<\/strong><\/p>\n<ul>\n<li>Prednost: Menjalnik FMP-FK155 je izdelan iz visokokakovostnih materialov in natan\u010dno izdelanih komponent ter je zasnovan tako, da zdr\u017ei v te\u017ekih pogojih kmetijskega okolja.<\/li>\n<li>Prednost: Zaradi svoje vzdr\u017eljivosti se zmanj\u0161a potreba po pogostem vzdr\u017eevanju ali zamenjavi, kar zagotavlja dolgoro\u010dno operativno u\u010dinkovitost in zmanj\u0161uje skupne stro\u0161ke vzdr\u017eevanja za upravljavce.<\/li>\n<\/ul>\n<p><strong>Kompaktna in prostorsko u\u010dinkovita zasnova<\/strong><\/p>\n<ul>\n<li>Prednost: Kljub svoji zmogljivi zmogljivosti ima menjalnik FMP-FK155 kompaktno zasnovo, ki optimizira prostor v strojih za baliranje.<\/li>\n<li>Prednost: Ta zasnova, ki prihrani prostor, omogo\u010da enostavno integracijo v razli\u010dne modele balirk brez ogro\u017eanja zmogljivosti, zaradi \u010desar je vsestranska izbira za razli\u010dne kmetijske nastavitve.<\/li>\n<\/ul>\n<p><strong>Precizno in\u017eenirstvo<\/strong><\/p>\n<ul>\n<li>Prednost: Zobniki in notranje komponente FMP-FK155 so zasnovani natan\u010dno, kar zagotavlja nemoten prenos mo\u010di in minimalno obrabo zobnikov.<\/li>\n<li>Prednost: To omogo\u010da u\u010dinkovitej\u0161e baliranje z manj\u0161o izgubo energije, izbolj\u0161uje splo\u0161no produktivnost in zagotavlja tiho delovanje menjalnika z minimalnimi vibracijami.<\/li>\n<\/ul>\n<p>Menjalnik za kvadratne balirke FMP-FK155 ponuja vrsto prednosti, zaradi katerih je odli\u010dna izbira za kmetijsko uporabo. Visoka navorna zmogljivost, vzdr\u017eljivost in u\u010dinkovitost so klju\u010dne prednosti za tiste, ki i\u0161\u010dejo zanesljive menjalnike z malo vzdr\u017eevanja, ki lahko obvladajo zahtevne pogoje baliranja. Kompaktna, proti koroziji odporna in vsestranska zasnova zagotavlja, da je menjalnik prilagodljiv razli\u010dnim sistemom in aplikacijam baliranja, medtem ko ga njegovo tiho delovanje in nizke potrebe po vzdr\u017eevanju naredijo stro\u0161kovno u\u010dinkovito in uporabniku prijazno re\u0161itev za sodobno kmetijsko uporabo.<\/p>\n<p><img loading=\"lazy\" decoding=\"async\" class=\"alignnone size-full wp-image-2620\" src=\"https:\/\/fmp-components.com\/wp-content\/uploads\/2025\/01\/Square-Baler-Gearbox-EP-FK155-Advantages1.webp\" alt=\"Menjalnik za kvadratne balirke EP-FK155-Prednosti(1)\" width=\"883\" height=\"360\" title=\"\" srcset=\"https:\/\/fmp-components.com\/wp-content\/uploads\/2025\/01\/Square-Baler-Gearbox-EP-FK155-Advantages1.webp 883w, https:\/\/fmp-components.com\/wp-content\/uploads\/2025\/01\/Square-Baler-Gearbox-EP-FK155-Advantages1-480x196.webp 480w\" sizes=\"(min-width: 0px) and (max-width: 480px) 480px, (min-width: 481px) 883px, 100vw\" \/><\/p>\n<h2>Uporaba menjalnika za kvadratne balirke FMP-FK155 v kmetijstvu<\/h2>\n<div class=\"flex max-w-full flex-col flex-grow\">\n<div class=\"min-h-8 text-message flex w-full flex-col items-end gap-2 whitespace-normal break-words text-start [.text-message+&amp;]:mt-5\" dir=\"auto\" data-message-author-role=\"assistant\" data-message-id=\"fec87163-3921-4a88-9fd0-dcaf569f414b\" data-message-model-slug=\"gpt-4o\">\n<div class=\"flex w-full flex-col gap-1 empty:hidden first:pt-[3px]\">\n<div class=\"markdown prose w-full break-words dark:prose-invert light\">\n<p>Menjalnik za kvadratne balirke FMP-FK155 je bistvena komponenta sodobne kmetijske mehanizacije, posebej zasnovana za pove\u010danje u\u010dinkovitosti in zanesljivosti baliranja. Zaradi robustne konstrukcije in visokozmogljive zasnove je zelo primeren za razli\u010dne kmetijske aplikacije. Spodaj so navedene klju\u010dne aplikacije menjalnika za kvadratne balirke FMP-FK155 v kmetijstvu:<\/p>\n<p><strong>Baliranje sena<\/strong><\/p>\n<ul>\n<li>Uporaba: Menjalnik FMP-FK155 se pogosto uporablja v balirkah za seno za oblikovanje tesno stisnjenih kvadratnih bal posu\u0161ene trave.<\/li>\n<li>Prednost: Visoka navorna mo\u010d zagotavlja nemoteno delovanje tudi pri velikih koli\u010dinah sena, kar ustvarja enakomerne bale visoke gostote, ki jih je enostavno shranjevati in preva\u017eati za krmo \u017eivali ali drugo uporabo.<\/li>\n<\/ul>\n<p><strong>Baliranje slame<\/strong><\/p>\n<ul>\n<li>Uporaba: Po pobiranju \u017eit, kot sta p\u0161enica ali je\u010dmen, se preostala slama pogosto balira za uporabo kot steljo za \u017eivino, zastirko ali proizvodnjo bioenergije.<\/li>\n<li>Prednost: Menjalnik zagotavlja potrebno mehansko prednost za ravnanje s trdo, vlaknato slamo, kar zagotavlja, da balirka proizvaja enakomerne kvadratne bale, ki so mo\u010dne in kompaktne.<\/li>\n<\/ul>\n<p><strong>Baliranje sila\u017ee<\/strong><\/p>\n<ul>\n<li>Uporaba: Pri proizvodnji sila\u017ee se menjalnik FMP-FK155 uporablja v balirkah za stiskanje vla\u017enih krmnih materialov, kot so trava, koruza ali lucerna, v goste, zaprte kvadratne bale.<\/li>\n<li>Prednost: Njegova sposobnost obdelave vla\u017enih in te\u017ekih materialov zagotavlja visokokakovostne sila\u017ene bale, ki so idealne za shranjevanje in kasnej\u0161e hranjenje, saj ohranjajo svojo hranilno vrednost.<\/li>\n<\/ul>\n<p><strong>Baliranje krme<\/strong><\/p>\n<ul>\n<li>Uporaba: Krmne rastline, kot sta lucerna ali detelja, se balirajo z menjalniki FMP-FK155 za uporabo kot visokokakovostna krma za \u017eivali.<\/li>\n<li>Prednost: Natan\u010dna izdelava menjalnika zagotavlja oblikovanje tesno stisnjenih, dobro oblikovanih kvadratnih bal, ki ohranjajo kakovost krme med skladi\u0161\u010denjem in transportom.<\/li>\n<\/ul>\n<p>Menjalnik za kvadratne balirke FMP-FK155 je nepogre\u0161ljivo orodje v sodobnem kmetijstvu, ki ponuja zanesljivost, vzdr\u017eljivost in vsestranskost pri razli\u010dnih aplikacijah baliranja. Od baliranja sena in slame do proizvodnje sila\u017ee in ravnanja s kmetijskimi odpadki, ta menjalnik zagotavlja optimalno delovanje in u\u010dinkovitost. Zaradi visokega navora, natan\u010dne zasnove in nizkih vzdr\u017eevalnih funkcij je idealen tako za manj\u0161e kmetije kot za velika komercialna podjetja, saj pomembno prispeva k uspehu in u\u010dinkovitosti kmetijske mehanizacije, ki se uporablja pri baliranju.<\/p>\n<p><img loading=\"lazy\" decoding=\"async\" class=\"alignnone size-full wp-image-2608\" src=\"https:\/\/fmp-components.com\/wp-content\/uploads\/2025\/01\/Square-Baler-Gearbox-EP-FK136-Common-Applications1.webp\" alt=\"Menjalnik za kvadratne balirke FMP FK136 - pogoste uporabe (1)\" width=\"1024\" height=\"564\" title=\"\" srcset=\"https:\/\/fmp-components.com\/wp-content\/uploads\/2025\/01\/Square-Baler-Gearbox-EP-FK136-Common-Applications1.webp 1024w, https:\/\/fmp-components.com\/wp-content\/uploads\/2025\/01\/Square-Baler-Gearbox-EP-FK136-Common-Applications1-980x540.webp 980w, https:\/\/fmp-components.com\/wp-content\/uploads\/2025\/01\/Square-Baler-Gearbox-EP-FK136-Common-Applications1-480x264.webp 480w\" sizes=\"(min-width: 0px) and (max-width: 480px) 480px, (min-width: 481px) and (max-width: 980px) 980px, (min-width: 981px) 1024px, 100vw\" \/><\/p>\n<h3>O FMP-ju<\/h3>\n<p>FMP s sede\u017eem v Italiji je vodilni proizvajalec, znan po svojem strokovnem znanju na podro\u010dju na\u010drtovanja, razvoja in proizvodnje visokozmogljivih menjalnikov, z mo\u010dnim poudarkom na sektorju kmetijske mehanizacije. Z ugledom na podro\u010dju natan\u010dnega in\u017eeniringa, inovativnih re\u0161itev in neomajne zanesljivosti se je FMP uveljavil kot zaupanja vreden partner tako za kmetijski kot industrijski sektor. Na\u0161 obse\u017een portfelj izdelkov vklju\u010duje specializirane menjalnike za kosilnice, kardanske gredi in druge bistvene komponente, ki so strokovno zasnovane za zagotavljanje prilagojenih re\u0161itev za \u0161irok spekter uporabe.<\/p>\n<p>Pri FMP razumemo, da ima vsaka stranka edinstvene zahteve in izzive. Zato smo specializirani za zagotavljanje prilagojenih re\u0161itev, bodisi za posamezne komponente bodisi za popolnoma integrirane sisteme. S tesnim sodelovanjem z na\u0161imi strankami zagotavljamo, da je vsaka re\u0161itev u\u010dinkovita in uspe\u0161na, kar optimizira delovanje in vrednost. Na\u0161a zavezanost k zagotavljanju hitrih in profesionalnih odgovorov \u2013 podprtih s strokovnim vodenjem \u2013 zagotavlja, da se vsako povpra\u0161evanje obravnava z najve\u010djo skrbnostjo in natan\u010dnostjo, kar ima za posledico najbolj\u0161e mo\u017ene rezultate.<\/p>\n<p>V celotnem procesu razvoja izdelkov dajemo prednost odprti in stalni komunikaciji. Na\u0161a predana ekipa sodeluje neposredno s strankami, da bi v celoti razumela njihove specifi\u010dne potrebe, in ponuja dragocene vpoglede in priporo\u010dila za zagotavljanje optimalnih re\u0161itev. Ne glede na to, ali oblikujemo inovativne izdelke ali izpolnjujemo teko\u010da naro\u010dila, je FMP zavezan k zagotavljanju visokokakovostnih, natan\u010dno izdelanih re\u0161itev pravo\u010dasno in vsaki\u010d. Na\u0161 cilj je prese\u010di pri\u010dakovanja ter zagotoviti najbolj\u0161o storitev in rezultate pri vsakem projektu.<\/p>\n<p>Kakovost je temelj delovanja podjetja FMP. Dr\u017eimo se najvi\u0161jih proizvodnih standardov in izvajamo stroge ukrepe za nadzor kakovosti, da zagotovimo, da vsak izdelek ne le izpolnjuje, ampak tudi presega pri\u010dakovanja industrije. Ta neomajna zavezanost kakovosti, skupaj z na\u0161imi temeljnimi vrednotami integritete, timskega dela in vztrajnosti, nam je omogo\u010dila, da smo s strankami v skoraj 30 dr\u017eavah po vsem svetu zgradili dolgotrajne, na zaupanju temelje\u010de odnose.<\/p>\n<p>FMP je predan spodbujanju globalnih partnerstev ter zagotavljanju strokovnega svetovanja in prilagojenih re\u0161itev, ki zadovoljujejo raznolike potrebe na\u0161ih strank. Gremo dlje od zgolj dobave izdelkov; osredoto\u010damo se na gradnjo trajnih odnosov, ki prispevajo k uspehu vsakega projekta. Ne glede na to, ali potrebujete inovativne re\u0161itve za novo pobudo ali stalno podporo za obstoje\u010di sistem, je FMP tukaj, da re\u0161i va\u0161e tehni\u010dne izzive in zagotovi va\u0161 nadaljnji uspeh.<\/p>\n<p><img loading=\"lazy\" decoding=\"async\" class=\"alignnone size-full wp-image-1861\" src=\"https:\/\/fmp-components.com\/wp-content\/uploads\/2024\/12\/Other-Agricultural-Gearboxes.webp\" sizes=\"(min-width: 0px) and (max-width: 480px) 480px, (min-width: 481px) and (max-width: 980px) 980px, (min-width: 981px) 1200px, 100vw\" srcset=\"https:\/\/fmp-components.com\/wp-content\/uploads\/2024\/12\/Other-Agricultural-Gearboxes.webp 1200w, https:\/\/fmp-components.com\/wp-content\/uploads\/2024\/12\/Other-Agricultural-Gearboxes-980x1143.webp 980w, https:\/\/fmp-components.com\/wp-content\/uploads\/2024\/12\/Other-Agricultural-Gearboxes-480x560.webp 480w\" alt=\"Altri-cambi-agricoli\" width=\"1200\" height=\"1400\" title=\"\"><\/p>\n<p>Avtor: CX<\/p>\n<\/div>\n<\/div>\n<\/div>\n<\/div>","protected":false},"excerpt":{"rendered":"<p>Square Baler Gearbox FMP-FK155 Dimensions Square Baler Gearbox FMP-FK155 Technical Data i Suitable Rpm input Rpm output KW(Nom) KW(Max) Toothing r\/min r\/min hp hp Left and Light output 1:2.46 Automatic feed baler, etc 540 1328 180 1080 Gleason Helical Teeth Follow-up output 1.24:1 1328 1070 130 1100 Remark: If you have any special require feel [&hellip;]<\/p>","protected":false},"featured_media":2619,"comment_status":"open","ping_status":"closed","template":"","meta":{"_et_pb_use_builder":"","_et_pb_old_content":"","_et_gb_content_width":""},"product_brand":[],"product_cat":[62],"product_tag":[],"class_list":{"0":"post-2616","1":"product","2":"type-product","3":"status-publish","4":"has-post-thumbnail","6":"product_cat-square-baler-gearbox","8":"first","9":"instock","10":"shipping-taxable","11":"product-type-simple"},"_links":{"self":[{"href":"https:\/\/fmp-components.com\/sl\/wp-json\/wp\/v2\/product\/2616","targetHints":{"allow":["GET"]}}],"collection":[{"href":"https:\/\/fmp-components.com\/sl\/wp-json\/wp\/v2\/product"}],"about":[{"href":"https:\/\/fmp-components.com\/sl\/wp-json\/wp\/v2\/types\/product"}],"replies":[{"embeddable":true,"href":"https:\/\/fmp-components.com\/sl\/wp-json\/wp\/v2\/comments?post=2616"}],"wp:featuredmedia":[{"embeddable":true,"href":"https:\/\/fmp-components.com\/sl\/wp-json\/wp\/v2\/media\/2619"}],"wp:attachment":[{"href":"https:\/\/fmp-components.com\/sl\/wp-json\/wp\/v2\/media?parent=2616"}],"wp:term":[{"taxonomy":"product_brand","embeddable":true,"href":"https:\/\/fmp-components.com\/sl\/wp-json\/wp\/v2\/product_brand?post=2616"},{"taxonomy":"product_cat","embeddable":true,"href":"https:\/\/fmp-components.com\/sl\/wp-json\/wp\/v2\/product_cat?post=2616"},{"taxonomy":"product_tag","embeddable":true,"href":"https:\/\/fmp-components.com\/sl\/wp-json\/wp\/v2\/product_tag?post=2616"}],"curies":[{"name":"delovni list","href":"https:\/\/api.w.org\/{rel}","templated":true}]}}