{"id":2604,"date":"2025-01-03T02:27:59","date_gmt":"2025-01-03T02:27:59","guid":{"rendered":"https:\/\/fmp-components.com\/?page_id=8"},"modified":"2025-01-03T02:27:59","modified_gmt":"2025-01-03T02:27:59","slug":"square-baler-gearbox-fmp-fk136","status":"publish","type":"product","link":"https:\/\/fmp-components.com\/sl\/product\/square-baler-gearbox-fmp-fk136\/","title":{"rendered":"Menjalnik za kvadratne bale FMP-FK136"},"content":{"rendered":"<p><img loading=\"lazy\" decoding=\"async\" class=\"size-full wp-image-2609 aligncenter\" src=\"https:\/\/fmp-components.com\/wp-content\/uploads\/2025\/01\/Square-Baler-Gearbox-FMP-FK136.webp\" alt=\"Menjalnik za kvadratne balirke FMP FK136\" width=\"600\" height=\"600\" title=\"\" srcset=\"https:\/\/fmp-components.com\/wp-content\/uploads\/2025\/01\/Square-Baler-Gearbox-FMP-FK136.webp 600w, https:\/\/fmp-components.com\/wp-content\/uploads\/2025\/01\/Square-Baler-Gearbox-FMP-FK136-480x480.webp 480w\" sizes=\"(min-width: 0px) and (max-width: 480px) 480px, (min-width: 481px) 600px, 100vw\" \/><\/p>\n<h2>Menjalnik za kvadratne balirke FMP-FK136 Dimenzije<\/h2>\n<p><img loading=\"lazy\" decoding=\"async\" class=\"alignnone size-full wp-image-2605\" src=\"https:\/\/fmp-components.com\/wp-content\/uploads\/2025\/01\/Square-Baler-Gearbox-FMP-FK136-Dimensions.webp\" alt=\"Menjalnik za kvadratne balirke FMP FK136 - Dimenzije\" width=\"1374\" height=\"821\" title=\"\" srcset=\"https:\/\/fmp-components.com\/wp-content\/uploads\/2025\/01\/Square-Baler-Gearbox-FMP-FK136-Dimensions.webp 1374w, https:\/\/fmp-components.com\/wp-content\/uploads\/2025\/01\/Square-Baler-Gearbox-FMP-FK136-Dimensions-1280x765.webp 1280w, https:\/\/fmp-components.com\/wp-content\/uploads\/2025\/01\/Square-Baler-Gearbox-FMP-FK136-Dimensions-980x586.webp 980w, https:\/\/fmp-components.com\/wp-content\/uploads\/2025\/01\/Square-Baler-Gearbox-FMP-FK136-Dimensions-480x287.webp 480w\" sizes=\"(min-width: 0px) and (max-width: 480px) 480px, (min-width: 481px) and (max-width: 980px) 980px, (min-width: 981px) and (max-width: 1280px) 1280px, (min-width: 1281px) 1374px, 100vw\" \/><\/p>\n<h2>Dimenzije gredi menjalnika kvadratne balirke FMP-FK136<\/h2>\n<p><img loading=\"lazy\" decoding=\"async\" class=\"alignnone size-full wp-image-2606\" src=\"https:\/\/fmp-components.com\/wp-content\/uploads\/2025\/01\/Square-Baler-Gearbox-FMP-FK136-Shaft-Dimensions.webp\" alt=\"Menjalnik gredi za kvadratne balirke FMP FK136\" width=\"1366\" height=\"418\" title=\"\" srcset=\"https:\/\/fmp-components.com\/wp-content\/uploads\/2025\/01\/Square-Baler-Gearbox-FMP-FK136-Shaft-Dimensions.webp 1366w, https:\/\/fmp-components.com\/wp-content\/uploads\/2025\/01\/Square-Baler-Gearbox-FMP-FK136-Shaft-Dimensions-1280x392.webp 1280w, https:\/\/fmp-components.com\/wp-content\/uploads\/2025\/01\/Square-Baler-Gearbox-FMP-FK136-Shaft-Dimensions-980x300.webp 980w, https:\/\/fmp-components.com\/wp-content\/uploads\/2025\/01\/Square-Baler-Gearbox-FMP-FK136-Shaft-Dimensions-480x147.webp 480w\" sizes=\"(min-width: 0px) and (max-width: 480px) 480px, (min-width: 481px) and (max-width: 980px) 980px, (min-width: 981px) and (max-width: 1280px) 1280px, (min-width: 1281px) 1366px, 100vw\" \/><\/p>\n<h2>Tehni\u010dni podatki menjalnika za kvadratne balirke FMP-FK270<\/h2>\n<table style=\"width: 99.3987%; height: 186px;\" border=\"1\" cellspacing=\"0\" cellpadding=\"0\">\n<tbody>\n<tr>\n<td colspan=\"2\" rowspan=\"2\">jaz<\/td>\n<td rowspan=\"2\">Primerno<\/td>\n<td>Vhod vrtljajev<\/td>\n<td>Izhodna vrtljaji<\/td>\n<td>kW (nom.)<\/td>\n<td>kW (najve\u010d)<\/td>\n<td rowspan=\"2\">Izra\u0161\u010danje zob<\/td>\n<\/tr>\n<tr>\n<td>vrt\/min<\/td>\n<td>vrt\/min<\/td>\n<td>konjska mo\u010d<\/td>\n<td>konjska mo\u010d<\/td>\n<\/tr>\n<tr>\n<td>Pove\u010danje hitrosti<\/td>\n<td>1:2.28<\/td>\n<td>Kvadratni balirka itd.<\/td>\n<td>540<\/td>\n<td>1231.2<\/td>\n<td>140<\/td>\n<td>500<\/td>\n<td>Gleason Straight<br \/>\nZobje<\/td>\n<\/tr>\n<tr>\n<td colspan=\"8\">Opomba: \u010ce imate kakr\u0161ne koli posebne zahteve, mi sporo\u010dite, sprejemamo tudi po meri.<\/td>\n<\/tr>\n<\/tbody>\n<\/table>\n<h2>Menjalnik kvadratnih balirk FMP-FK136 Strukturne komponente<\/h2>\n<div class=\"flex max-w-full flex-col flex-grow\">\n<div class=\"min-h-8 text-message flex w-full flex-col items-end gap-2 whitespace-normal break-words text-start [.text-message+&amp;]:mt-5\" dir=\"auto\" data-message-author-role=\"assistant\" data-message-id=\"487f2f15-9842-4252-8a89-0028add5a077\" data-message-model-slug=\"gpt-4o\">\n<div class=\"flex w-full flex-col gap-1 empty:hidden first:pt-[3px]\">\n<div class=\"markdown prose w-full break-words dark:prose-invert light\">\n<p>Menjalnik za kvadratne balirke FMP-FK136 je robusten in natan\u010dno izdelan menjalnik, zasnovan za obvladovanje visokih navornih zahtev strojev za kvadratne balirke. Njegove strukturne komponente so zasnovane tako, da zagotavljajo u\u010dinkovit prenos mo\u010di, vzdr\u017eljivost in nemoteno delovanje, tudi v te\u017ekih kmetijskih pogojih. Spodaj so navedene klju\u010dne strukturne komponente menjalnika za kvadratne balirke FMP-FK136:<\/p>\n<h4>1. <strong>Vhodna gred<\/strong><\/h4>\n<ul>\n<li><strong>Funkcija<\/strong>Vhodna gred je komponenta, ki povezuje menjalnik s sistemom odvzema mo\u010di (PTO) traktorja. Prena\u0161a vrtilno mo\u010d iz traktorja v menjalnik.<\/li>\n<li><strong>Material<\/strong>Vhodna gred, ki je obi\u010dajno izdelana iz visoko trdnostnega jekla, je zasnovana tako, da prenese navor, ki se prena\u0161a s traktorja.<\/li>\n<\/ul>\n<h4>2. <strong>Glavno stanovanje<\/strong><\/h4>\n<ul>\n<li><strong>Funkcija<\/strong>: The <strong>glavno stanovanje<\/strong> je zunanje ohi\u0161je, ki obdaja vse notranje zobnike in komponente menjalnika. \u0160\u010diti notranje komponente pred umazanijo, ostanki in okoljskimi obremenitvami, hkrati pa vsebuje tudi sistem mazanja.<\/li>\n<li><strong>Material<\/strong>Ohi\u0161je je izdelano iz trpe\u017enega, visoko trdnega litega \u017eeleza ali jekla in je zasnovano tako, da je odporno na udarce in obrabo.<\/li>\n<\/ul>\n<h4>3. <strong>Planetni zobnik<\/strong><\/h4>\n<ul>\n<li><strong>Funkcija<\/strong>Planetni zobnik je klju\u010dni sestavni del mnogih menjalnikov, vklju\u010dno z FMP-FK136. Sestavljen je iz son\u010dnega zobnika, planetnih zobnikov in zobni\u0161kega venca, ki skupaj zagotavljajo potrebno prestavno razmerje za nemoten prenos mo\u010di.<\/li>\n<li><strong>Material<\/strong>Zobniki so obi\u010dajno izdelani iz kaljenega jekla, natan\u010dno obdelani in toplotno obdelani za minimalno obrabo in dolgotrajno delovanje.<\/li>\n<\/ul>\n<h4>4. <strong>Sto\u017e\u010dasti zobniki<\/strong><\/h4>\n<ul>\n<li><strong>Funkcija<\/strong>Sto\u017e\u010dasti zobniki se uporabljajo za spreminjanje smeri vrtenja v menjalniku. Ti zobniki so \u0161e posebej pomembni, kadar vhodna gred poganja menjalnik pod kotom in prena\u0161a mo\u010d na razli\u010dne komponente balirke.<\/li>\n<li><strong>Material<\/strong>Sto\u017e\u010dasti zobniki so izdelani iz visoko trdnega, toplotno obdelanega jekla, kar zagotavlja, da lahko prenesejo visoke obremenitve in \u0161e naprej nemoteno delujejo.<\/li>\n<\/ul>\n<h4>5. <strong>Izhodna gred<\/strong><\/h4>\n<ul>\n<li><strong>Funkcija<\/strong>Izhodna gred je tista, kjer se mo\u010d iz menjalnika prena\u0161a na operativne komponente balirke za kvadratne bale, kot so sistem za podajanje, mehanizem za vozlanje in kompresijska komora. Izhodna gred je zasnovana tako, da zagotavlja pravilno hitrost in navor za u\u010dinkovito delovanje teh komponent.<\/li>\n<li><strong>Material<\/strong>Tako kot vhodna gred je tudi izhodna gred izdelana iz visokotrdnostnega jekla, kar zagotavlja vzdr\u017eljivost in dolgo \u017eivljenjsko dobo.<\/li>\n<\/ul>\n<p>Menjalnik za kvadratne balirke FMP-FK136 je sestavljen iz ve\u010d natan\u010dno izdelanih komponent, zasnovanih za brezhibno medsebojno delovanje, kar zagotavlja zanesljiv prenos mo\u010di in u\u010dinkovito delovanje kmetijske opreme za baliranje. Od visoko trdnih vhodnih in izhodnih gredi do planetarnih zobnikov, le\u017eajev in tesnil je vsaka komponenta izdelana za vzdr\u017eljivost in dolgoro\u010dno delovanje. Robustna zasnova in strate\u0161ka razporeditev komponent zagotavljata, da lahko menjalnik prenese visok navor in zahtevne kmetijske pogoje, zaradi \u010desar je zaupanja vreden del sodobne opreme za baliranje.<\/p>\n<p><img loading=\"lazy\" decoding=\"async\" class=\"alignnone size-full wp-image-2607\" src=\"https:\/\/fmp-components.com\/wp-content\/uploads\/2025\/01\/Square-Baler-Gearbox-EP-FK136-Structure-Components1.webp\" alt=\"Menjalnik-za-kvadratne-balirke-FMP-FK136-Komponente-strukture(1)\" width=\"1457\" height=\"906\" title=\"\" srcset=\"https:\/\/fmp-components.com\/wp-content\/uploads\/2025\/01\/Square-Baler-Gearbox-EP-FK136-Structure-Components1.webp 1457w, https:\/\/fmp-components.com\/wp-content\/uploads\/2025\/01\/Square-Baler-Gearbox-EP-FK136-Structure-Components1-1280x796.webp 1280w, https:\/\/fmp-components.com\/wp-content\/uploads\/2025\/01\/Square-Baler-Gearbox-EP-FK136-Structure-Components1-980x609.webp 980w, https:\/\/fmp-components.com\/wp-content\/uploads\/2025\/01\/Square-Baler-Gearbox-EP-FK136-Structure-Components1-480x298.webp 480w\" sizes=\"(min-width: 0px) and (max-width: 480px) 480px, (min-width: 481px) and (max-width: 980px) 980px, (min-width: 981px) and (max-width: 1280px) 1280px, (min-width: 1281px) 1457px, 100vw\" \/><\/p>\n<h2>Menjalnik za kvadratne balirke FMP-FK136 Pogoste uporabe<\/h2>\n<p>Menjalnik za kvadratne balirke FMP-FK136 je posebej zasnovan za uporabo v kmetijski mehanizaciji, predvsem pri procesu baliranja. Zaradi robustne konstrukcije in u\u010dinkovitega prenosa mo\u010di je primeren za razli\u010dne aplikacije baliranja, kjer so potrebni visok navor, vzdr\u017eljivost in natan\u010dnost. Spodaj je navedenih nekaj pogostih uporab menjalnika za kvadratne balirke FMP-FK136:<\/p>\n<p><strong>Baliranje sena<\/strong><\/p>\n<ul>\n<li>Uporaba: Menjalnik FMP-FK136 se pogosto uporablja pri baliranju sena, kjer se seno zbira, stisne in ve\u017ee v pravokotne bale za skladi\u0161\u010denje in prevoz. Menjalnik u\u010dinkovito prena\u0161a mo\u010d iz kardanske gredi traktorja na notranje mehanizme balirke.<\/li>\n<li>Prednosti: Menjalnik zagotavlja enakomerno oblikovanje bal, tudi pri razli\u010dni vsebnosti vlage in gostoti sena, hkrati pa ohranja optimalno zmogljivost tudi pri dolgih delovnih urah.<\/li>\n<\/ul>\n<p><strong>Baliranje slame<\/strong><\/p>\n<ul>\n<li>Uporaba: Menjalnik FMP-FK136 se pogosto uporablja pri baliranju slame, zlasti po \u017eetvi \u017eit, kot sta p\u0161enica ali je\u010dmen. Pomaga pri stiskanju slame v kvadratne bale, kar olaj\u0161a shranjevanje, prevoz in uporabo za razli\u010dne namene, kot so steljo ali biomasno gorivo.<\/li>\n<li>Prednosti: Njegov mo\u010dan in u\u010dinkovit prenos mo\u010di zagotavlja, da se tudi gosta in vlaknasta slama pravilno balira, kar prepre\u010duje zama\u0161itev in zmanj\u0161uje obrabo balirke.<\/li>\n<\/ul>\n<p><strong>Baliranje sila\u017ee<\/strong><\/p>\n<ul>\n<li>Uporaba: Menjalnik FMP-FK136, ki se uporablja pri baliranju sila\u017ee, pomaga pri baliranju mokrih, zelenih krmnih rastlin, kot sta lucerna ali koruzna sila\u017ea, ki se fermentirajo in uporabljajo kot \u017eivalska krma. Ti materiali zahtevajo posebno ravnanje zaradi visoke vsebnosti vlage, menjalnik pa je izdelan tako, da v tak\u0161nih pogojih zanesljivo deluje.<\/li>\n<li>Prednosti: Gladko in u\u010dinkovito delovanje menjalnika zagotavlja tesne bale tudi v vla\u017enih in zahtevnih pogojih ter pomaga ohranjati hranilno vrednost sila\u017ee.<\/li>\n<\/ul>\n<p><strong>Baliranje lucerne<\/strong><\/p>\n<ul>\n<li>Uporaba: Baliranje lucerne je \u0161e ena klju\u010dna uporaba menjalnika FMP-FK136. Lucerna je krmna rastlina z visoko vsebnostjo beljakovin, ki se balira za krmo \u017eivine. Menjalnik se uporablja za pogon procesa baliranja in zagotavlja, da se pridelek stisne v dobro oblikovane, goste bale.<\/li>\n<li>Prednosti: Menjalnik zagotavlja enakomerno gostoto bal in pravilno stiskanje, kar je bistveno za ohranitev kakovosti in hranilne vrednosti lucerninega sena.<\/li>\n<\/ul>\n<p><strong>Baliranje ostankov polj\u0161\u010din<\/strong><\/p>\n<ul>\n<li>Uporaba: Menjalnik FMP-FK136 se uporablja pri baliranju ostankov polj\u0161\u010din, kjer se ostanki materiala, kot so koruzna stebla, p\u0161eni\u010dna slama in drugi rastlinski materiali, balirajo po \u017eetvi glavnega pridelka. Te ostanke je mogo\u010de ponovno uporabiti za razli\u010dne namene, vklju\u010dno s proizvodnjo bioenergije, steljami za \u017eivino in kompostiranjem.<\/li>\n<li>Prednosti: Zaradi svoje sposobnosti obdelave razli\u010dnih materialov in dosledne proizvodnje kompaktnih bal je idealen za to uporabo, kar pomaga zmanj\u0161ati odpadke na polju in izbolj\u0161ati u\u010dinkovitost kmetije.<\/li>\n<\/ul>\n<p>Menjalnik za kvadratne balirke FMP-FK136 je klju\u010dna komponenta v razli\u010dnih kmetijskih aplikacijah baliranja, zlasti tam, kjer sta bistvenega pomena visok navor in vzdr\u017eljivost. Zaradi svoje sposobnosti delovanja v razli\u010dnih pogojih \u2013 od baliranja sena in slame do biomase in sila\u017ee \u2013 je zelo vsestranski in zanesljiv menjalnik za sodobno kmetijstvo in kmetijska dela. Ne glede na to, ali se uporablja za manj\u0161e ali ve\u010dje kmetijstvo, ima menjalnik FMP-FK136 klju\u010dno vlogo pri zagotavljanju u\u010dinkovitih in visokokakovostnih bal za razli\u010dne namene.<\/p>\n<p><img loading=\"lazy\" decoding=\"async\" class=\"alignnone size-full wp-image-2608\" src=\"https:\/\/fmp-components.com\/wp-content\/uploads\/2025\/01\/Square-Baler-Gearbox-EP-FK136-Common-Applications1.webp\" alt=\"Menjalnik za kvadratne balirke FMP FK136 - pogoste uporabe (1)\" width=\"1024\" height=\"564\" title=\"\" srcset=\"https:\/\/fmp-components.com\/wp-content\/uploads\/2025\/01\/Square-Baler-Gearbox-EP-FK136-Common-Applications1.webp 1024w, https:\/\/fmp-components.com\/wp-content\/uploads\/2025\/01\/Square-Baler-Gearbox-EP-FK136-Common-Applications1-980x540.webp 980w, https:\/\/fmp-components.com\/wp-content\/uploads\/2025\/01\/Square-Baler-Gearbox-EP-FK136-Common-Applications1-480x264.webp 480w\" sizes=\"(min-width: 0px) and (max-width: 480px) 480px, (min-width: 481px) and (max-width: 980px) 980px, (min-width: 981px) 1024px, 100vw\" \/><\/p>\n<h2>O FMP-ju<\/h2>\n<p>FMP s sede\u017eem v Italiji je vodilni proizvajalec, znan po svojem strokovnem znanju na podro\u010dju na\u010drtovanja, razvoja in proizvodnje visokozmogljivih menjalnikov, s poudarkom na sektorju kmetijske mehanizacije. Znan po svojem natan\u010dnem in\u017eeniringu, inovativnih re\u0161itvah in neomajni zanesljivosti, se je FMP uveljavil kot zaupanja vreden partner za re\u0161evanje spreminjajo\u010dih se potreb tako kmetijskega kot industrijskega trga. Na\u0161a celovita ponudba izdelkov vklju\u010duje specializirane menjalnike za kosilnice, kardanske gredi in druge klju\u010dne komponente, ki so vse skrbno zasnovane za zagotavljanje prilagojenih re\u0161itev za \u0161irok spekter uporabe.<\/p>\n<p>Pri FMP se zavedamo, da se vsaka stranka soo\u010da z edinstvenimi izzivi. Zato smo specializirani za zagotavljanje re\u0161itev po meri, bodisi za posamezne komponente bodisi za popolnoma integrirane sisteme. Tesno sodelujemo z na\u0161imi strankami, da zagotovimo, da je vsaka re\u0161itev ne le u\u010dinkovita, ampak tudi uspe\u0161na, optimizira delovanje in zagotavlja najve\u010djo vrednost. Na\u0161a predanost hitrim in profesionalnim odgovorom v kombinaciji s strokovnim vodenjem zagotavlja, da se vsako povpra\u0161evanje obravnava natan\u010dno in skrbno, kar vodi do najbolj\u0161ih mo\u017enih rezultatov.<\/p>\n<p>V celotnem \u017eivljenjskem ciklu razvoja izdelka dajemo prednost odprti in stalni komunikaciji. Na\u0161a predana ekipa sodeluje neposredno s strankami, da bi pridobila poglobljeno razumevanje njihovih specifi\u010dnih zahtev, in ponuja dragocene vpoglede in priporo\u010dila za zagotovitev naju\u010dinkovitej\u0161ih re\u0161itev. Ne glede na to, ali na\u010drtuje nove izdelke ali izpolnjuje teko\u010da naro\u010dila, je FMP zavezan k zagotavljanju visokokakovostnih, natan\u010dno zasnovanih re\u0161itev, vsaki\u010d pravo\u010dasno. Na\u0161 cilj je dosledno presegati pri\u010dakovanja in strankam zagotavljati najbolj\u0161o storitev in rezultate pri vsakem projektu.<\/p>\n<p>Kakovost je temelj poslovanja podjetja FMP. Dr\u017eimo se najvi\u0161jih proizvodnih standardov in izvajamo stroge postopke nadzora kakovosti, da zagotovimo, da vsak izdelek ne le izpolnjuje, ampak tudi presega industrijske zahteve. Ta neomajna zavezanost kakovosti, skupaj z na\u0161imi temeljnimi vrednotami integritete, timskega dela in vztrajnosti, nam je omogo\u010dila, da smo s strankami v ve\u010d kot 30 dr\u017eavah po vsem svetu zgradili dolgoro\u010dne, na zaupanju temelje\u010de odnose.<\/p>\n<p>FMP si vedno prizadeva za globalna partnerstva in ostaja predan ponujanju strokovnih nasvetov in prilagojenih re\u0161itev, ki ustrezajo raznolikim potrebam na\u0161ih strank. Gremo dlje od zgolj zagotavljanja izdelkov; na\u0161 cilj je gojiti trajne odnose, ki prispevajo k uspehu vsakega projekta. Ne glede na to, ali i\u0161\u010dete inovativne re\u0161itve za novo pobudo ali stalno podporo za obstoje\u010di sistem, je FMP tukaj, da re\u0161i va\u0161e tehni\u010dne izzive in zagotovi va\u0161 nadaljnji uspeh.<\/p>\n<p><img loading=\"lazy\" decoding=\"async\" class=\"alignnone size-full wp-image-1861\" src=\"https:\/\/fmp-components.com\/wp-content\/uploads\/2024\/12\/Other-Agricultural-Gearboxes.webp\" sizes=\"(min-width: 0px) and (max-width: 480px) 480px, (min-width: 481px) and (max-width: 980px) 980px, (min-width: 981px) 1200px, 100vw\" srcset=\"https:\/\/fmp-components.com\/wp-content\/uploads\/2024\/12\/Other-Agricultural-Gearboxes.webp 1200w, https:\/\/fmp-components.com\/wp-content\/uploads\/2024\/12\/Other-Agricultural-Gearboxes-980x1143.webp 980w, https:\/\/fmp-components.com\/wp-content\/uploads\/2024\/12\/Other-Agricultural-Gearboxes-480x560.webp 480w\" alt=\"Altri-cambi-agricoli\" width=\"1200\" height=\"1400\" title=\"\"><\/p>\n<p>Avtor: CX<\/p>\n<\/div>\n<\/div>\n<\/div>\n<\/div>","protected":false},"excerpt":{"rendered":"<p>Square Baler Gearbox FMP-FK136 Dimensions Square Baler Gearbox FMP-FK136 Shaft Dimensions Square Baler Gearbox FMP-FK270 Technical Data i Suitable Rpm input Rpm output KW(Nom) KW(Max) Toothing r\/min r\/min hp hp Speed increase 1:2.28 Square Baler, etc 540 1231.2 140 500 Gleason Straight Teeth Remark: If you have any special require feel free let me know, [&hellip;]<\/p>","protected":false},"featured_media":2609,"comment_status":"open","ping_status":"closed","template":"","meta":{"_et_pb_use_builder":"","_et_pb_old_content":"","_et_gb_content_width":""},"product_brand":[],"product_cat":[62],"product_tag":[],"class_list":{"0":"post-2604","1":"product","2":"type-product","3":"status-publish","4":"has-post-thumbnail","6":"product_cat-square-baler-gearbox","8":"first","9":"instock","10":"shipping-taxable","11":"product-type-simple"},"_links":{"self":[{"href":"https:\/\/fmp-components.com\/sl\/wp-json\/wp\/v2\/product\/2604","targetHints":{"allow":["GET"]}}],"collection":[{"href":"https:\/\/fmp-components.com\/sl\/wp-json\/wp\/v2\/product"}],"about":[{"href":"https:\/\/fmp-components.com\/sl\/wp-json\/wp\/v2\/types\/product"}],"replies":[{"embeddable":true,"href":"https:\/\/fmp-components.com\/sl\/wp-json\/wp\/v2\/comments?post=2604"}],"wp:featuredmedia":[{"embeddable":true,"href":"https:\/\/fmp-components.com\/sl\/wp-json\/wp\/v2\/media\/2609"}],"wp:attachment":[{"href":"https:\/\/fmp-components.com\/sl\/wp-json\/wp\/v2\/media?parent=2604"}],"wp:term":[{"taxonomy":"product_brand","embeddable":true,"href":"https:\/\/fmp-components.com\/sl\/wp-json\/wp\/v2\/product_brand?post=2604"},{"taxonomy":"product_cat","embeddable":true,"href":"https:\/\/fmp-components.com\/sl\/wp-json\/wp\/v2\/product_cat?post=2604"},{"taxonomy":"product_tag","embeddable":true,"href":"https:\/\/fmp-components.com\/sl\/wp-json\/wp\/v2\/product_tag?post=2604"}],"curies":[{"name":"delovni list","href":"https:\/\/api.w.org\/{rel}","templated":true}]}}