{"id":2597,"date":"2025-01-03T02:08:14","date_gmt":"2025-01-03T02:08:14","guid":{"rendered":"https:\/\/fmp-components.com\/?page_id=8"},"modified":"2025-01-03T02:08:14","modified_gmt":"2025-01-03T02:08:14","slug":"square-baler-gearbox-fmp-fk270","status":"publish","type":"product","link":"https:\/\/fmp-components.com\/sl\/product\/square-baler-gearbox-fmp-fk270\/","title":{"rendered":"Menjalnik za kvadratne balirke FMP-FK270"},"content":{"rendered":"<p><img loading=\"lazy\" decoding=\"async\" class=\"size-full wp-image-2600 aligncenter\" src=\"https:\/\/fmp-components.com\/wp-content\/uploads\/2025\/01\/Square-Baler-Gearbox-FMP-FK2701.webp\" alt=\"Menjalnik za kvadratne balirke FMP FK270(1)\" width=\"600\" height=\"600\" title=\"\" srcset=\"https:\/\/fmp-components.com\/wp-content\/uploads\/2025\/01\/Square-Baler-Gearbox-FMP-FK2701.webp 600w, https:\/\/fmp-components.com\/wp-content\/uploads\/2025\/01\/Square-Baler-Gearbox-FMP-FK2701-480x480.webp 480w\" sizes=\"(min-width: 0px) and (max-width: 480px) 480px, (min-width: 481px) 600px, 100vw\" \/><\/p>\n<h2>Menjalnik za kvadratne balirke FMP-FK270 Dimenzije<\/h2>\n<p><img loading=\"lazy\" decoding=\"async\" class=\"alignnone size-full wp-image-2598\" src=\"https:\/\/fmp-components.com\/wp-content\/uploads\/2025\/01\/Square-Baler-Gearbox-FMP-FK270-Dimensions.webp\" alt=\"Menjalnik za kvadratne balirke FMP FK270 - Dimenzije\" width=\"1391\" height=\"899\" title=\"\" srcset=\"https:\/\/fmp-components.com\/wp-content\/uploads\/2025\/01\/Square-Baler-Gearbox-FMP-FK270-Dimensions.webp 1391w, https:\/\/fmp-components.com\/wp-content\/uploads\/2025\/01\/Square-Baler-Gearbox-FMP-FK270-Dimensions-1280x827.webp 1280w, https:\/\/fmp-components.com\/wp-content\/uploads\/2025\/01\/Square-Baler-Gearbox-FMP-FK270-Dimensions-980x633.webp 980w, https:\/\/fmp-components.com\/wp-content\/uploads\/2025\/01\/Square-Baler-Gearbox-FMP-FK270-Dimensions-480x310.webp 480w\" sizes=\"(min-width: 0px) and (max-width: 480px) 480px, (min-width: 481px) and (max-width: 980px) 980px, (min-width: 981px) and (max-width: 1280px) 1280px, (min-width: 1281px) 1391px, 100vw\" \/><\/p>\n<h2>Dimenzije gredi menjalnika kvadratne balirke FMP-FK270<\/h2>\n<p><img loading=\"lazy\" decoding=\"async\" class=\"alignnone size-full wp-image-2599\" src=\"https:\/\/fmp-components.com\/wp-content\/uploads\/2025\/01\/Square-Baler-Gearbox-EP-FK270-Shaft-Dimensions.webp\" alt=\"Menjalnik gredi za kvadratne balirke FMP FK270\" width=\"1363\" height=\"413\" title=\"\" srcset=\"https:\/\/fmp-components.com\/wp-content\/uploads\/2025\/01\/Square-Baler-Gearbox-EP-FK270-Shaft-Dimensions.webp 1363w, https:\/\/fmp-components.com\/wp-content\/uploads\/2025\/01\/Square-Baler-Gearbox-EP-FK270-Shaft-Dimensions-1280x388.webp 1280w, https:\/\/fmp-components.com\/wp-content\/uploads\/2025\/01\/Square-Baler-Gearbox-EP-FK270-Shaft-Dimensions-980x297.webp 980w, https:\/\/fmp-components.com\/wp-content\/uploads\/2025\/01\/Square-Baler-Gearbox-EP-FK270-Shaft-Dimensions-480x145.webp 480w\" sizes=\"(min-width: 0px) and (max-width: 480px) 480px, (min-width: 481px) and (max-width: 980px) 980px, (min-width: 981px) and (max-width: 1280px) 1280px, (min-width: 1281px) 1363px, 100vw\" \/><\/p>\n<h2>Tehni\u010dni podatki menjalnika za kvadratne balirke FMP-FK270<\/h2>\n<table style=\"width: 97.1951%; height: 150px;\" border=\"1\" cellspacing=\"0\" cellpadding=\"0\">\n<tbody>\n<tr>\n<td colspan=\"2\" rowspan=\"2\">jaz<\/td>\n<td rowspan=\"2\">Primerno<\/td>\n<td>Vhod vrtljajev<\/td>\n<td>Izhodna vrtljaji<\/td>\n<td>kW (nom.)<\/td>\n<td>kW (najve\u010d)<\/td>\n<td rowspan=\"2\">Izra\u0161\u010danje zob<\/td>\n<\/tr>\n<tr>\n<td>vrt\/min<\/td>\n<td>vrt\/min<\/td>\n<td>konjska mo\u010d<\/td>\n<td>konjska mo\u010d<\/td>\n<\/tr>\n<tr>\n<td>Upo\u010dasni<\/td>\n<td>1:1<\/td>\n<td>Kvadratni balirka itd.<\/td>\n<td>540<\/td>\n<td>540<\/td>\n<td>120<\/td>\n<td>140<\/td>\n<td>Gleason Straight<br \/>\nZobje<\/td>\n<\/tr>\n<tr>\n<td colspan=\"8\">Opomba: \u010ce imate kakr\u0161ne koli posebne zahteve, mi sporo\u010dite, sprejemamo tudi po meri.<\/td>\n<\/tr>\n<\/tbody>\n<\/table>\n<h2>Zna\u010dilnosti menjalnika za kvadratne balirke FMP-FK270<\/h2>\n<p>Menjalnik za kvadratne balirke FMP-FK270 je visokozmogljiv menjalnik, zasnovan za uporabo v kmetijskih strojih za baliranje. Zasnovan je tako, da izpolnjuje zahtevne zahteve sodobnega kmetijstva in zagotavlja nemoten in u\u010dinkovit prenos mo\u010di iz kardanske gredi traktorja na razli\u010dne komponente kvadratnih balirk. Spodaj so navedene klju\u010dne zna\u010dilnosti menjalnika za kvadratne balirke FMP-FK270:<\/p>\n<ol>\n<li><strong>Visoka zmogljivost navora<\/strong>\n<ul>\n<li>The <strong>FMP-FK270<\/strong> je zasnovan za obvladovanje visokih navornih obremenitev, kar je bistvenega pomena za u\u010dinkovito delovanje kvadratnih balirk. Zagotavlja, da lahko balirka opravlja naloge, kot so stiskanje in vezanje materialov, kot so seno, slama in ostanki pridelkov, z minimalno izgubo mo\u010di.<\/li>\n<\/ul>\n<\/li>\n<li><strong>U\u010dinkovit prenos mo\u010di<\/strong>\n<ul>\n<li>Ta menjalnik u\u010dinkovito prena\u0161a mo\u010d iz kardanske gredi traktorja na operativne komponente balirke, kot so pobiralni mehanizem, sistem za podajanje, stiskalna komora in sistem za vozlanje. U\u010dinkovit prenos mo\u010di zagotavlja, da vse komponente delujejo sinhronizirano za maksimalno zmogljivost.<\/li>\n<\/ul>\n<\/li>\n<li><strong>Precizno in\u017eenirstvo za nemoteno delovanje<\/strong>\n<ul>\n<li>Izdelana z natan\u010dno izdelanimi zobniki, <strong>FMP-FK270<\/strong> zagotavlja gladko in tiho delovanje. Skrbno zasnovana prestavna razmerja pomagajo optimizirati delovanje balirke in zagotavljajo zanesljivo in dosledno delovanje v vseh pogojih.<\/li>\n<\/ul>\n<\/li>\n<li><strong>Trpe\u017ena konstrukcija<\/strong>\n<ul>\n<li>Menjalnik je izdelan iz visokokakovostnih materialov, ki so odporni na obrabo, udarce in okoljske stresorje. Njegova robustna konstrukcija zagotavlja, da lahko menjalnik prenese te\u017eke pogoje kmetijskega okolja in zagotavlja dolgo \u017eivljenjsko dobo.<\/li>\n<\/ul>\n<\/li>\n<li><strong>Prilagodljivo za razli\u010dne aplikacije<\/strong>\n<ul>\n<li>The <strong>FMP-FK270<\/strong> Menjalnik je vsestranski in ga je mogo\u010de prilagoditi specifi\u010dnim zahtevam razli\u010dnih modelov balirk in kmetijskih aplikacij. Prilagodi se lahko razli\u010dnim vrstam pridelka, zmogljivostim balirk in delovnim pogojem, kar zagotavlja optimalno zmogljivost za vsako nalogo.<\/li>\n<\/ul>\n<\/li>\n<\/ol>\n<p>Menjalnik za kvadratne balirke FMP-FK270 je robusten, visokozmogljiv menjalnik, prilagojen kmetijskim strojem za baliranje. Zaradi kombinacije visokega navora, trpe\u017ene konstrukcije, energetske u\u010dinkovitosti in enostavnega vzdr\u017eevanja je idealna izbira za kmete, ki \u017eelijo pove\u010dati produktivnost in zanesljivost svojih kvadratnih balirk. Ne glede na to, ali gre za seno, slamo ali druge krmne materiale, FMP-FK270 zagotavlja, da postopek baliranja poteka gladko in u\u010dinkovito, kar prispeva k uspehu kmetijskih dejavnosti.<\/p>\n<p><img loading=\"lazy\" decoding=\"async\" class=\"alignnone size-full wp-image-2601\" src=\"https:\/\/fmp-components.com\/wp-content\/uploads\/2025\/01\/Square-Baler-Gearbox-EP-FK270-Installation-and-Maintenance1.webp\" alt=\"Menjalnik za kvadratne balirke FMP FK270 (1)\" width=\"1000\" height=\"500\" title=\"\" srcset=\"https:\/\/fmp-components.com\/wp-content\/uploads\/2025\/01\/Square-Baler-Gearbox-EP-FK270-Installation-and-Maintenance1.webp 1000w, https:\/\/fmp-components.com\/wp-content\/uploads\/2025\/01\/Square-Baler-Gearbox-EP-FK270-Installation-and-Maintenance1-980x490.webp 980w, https:\/\/fmp-components.com\/wp-content\/uploads\/2025\/01\/Square-Baler-Gearbox-EP-FK270-Installation-and-Maintenance1-480x240.webp 480w\" sizes=\"(min-width: 0px) and (max-width: 480px) 480px, (min-width: 481px) and (max-width: 980px) 980px, (min-width: 981px) 1000px, 100vw\" \/><\/p>\n<h2>Uporaba menjalnika za kvadratne balirke FMP-FK270<\/h2>\n<p>Menjalnik za kvadratne balirke FMP-FK270 je klju\u010dna komponenta kmetijske mehanizacije, zasnovana za pogon kvadratnih balirk, ki se uporabljajo za razli\u010dne vrste baliranja pridelka. Zaradi svojih lastnosti, kot so visok navor, vzdr\u017eljivost in u\u010dinkovit prenos mo\u010di, je zelo primeren za \u0161tevilne kmetijske aplikacije. Spodaj so navedene klju\u010dne uporabe menjalnika za kvadratne balirke FMP-FK270:<\/p>\n<p>1. <strong>Baliranje sena<\/strong><\/p>\n<ul>\n<li><strong>Primarna uporaba<\/strong>FMP-FK270 se pogosto uporablja pri baliranju sena, kjer pomaga u\u010dinkovito stiskati in vezati rahlega sena v tesno povezane bale. Njegova sposobnost prenosa visokega navora zagotavlja, da se tudi gosto in suho seno u\u010dinkovito obdela, kar ustvari enakomerne bale, z katerimi je enostavno ravnati.<\/li>\n<li><strong>Prednosti<\/strong>Zagotavlja visokokakovostne bale, ki jih je enostavno shranjevati in preva\u017eati, s \u010dimer se ohrani hranilna vrednost sena za krmo \u017eivine.<\/li>\n<\/ul>\n<p>2. <strong>Baliranje slame<\/strong><\/p>\n<ul>\n<li>The <strong>FMP-FK270<\/strong> Menjalnik je bistvenega pomena za baliranje slame, ki se uporablja predvsem po \u017eetvi p\u0161enice, je\u010dmena ali drugih \u017eit. Pomaga pri obdelavi slame v kompaktne bale, ki se nato lahko uporabijo za steljo, krmo za \u017eivali ali celo kot surovina za proizvodnjo bioenergije.<\/li>\n<li><strong>Prednosti<\/strong>Menjalnik zagotavlja zanesljiv prenos mo\u010di in vzdr\u017eljivost, saj obvladuje vlaknato in trdo naravo slame brez kompromisov v zmogljivosti.<\/li>\n<\/ul>\n<p>3. <strong>Baliranje sila\u017ee<\/strong><\/p>\n<ul>\n<li><strong>Sila\u017ea<\/strong> se proizvaja s stiskanjem krmnih rastlin (kot sta koruza ali lucerna) v bale in njihovo fermentacijo za \u017eivalsko krmo. Menjalnik FMP-FK270 je zaradi svoje sposobnosti obdelave mokrih in gostih materialov zelo primeren za baliranje sila\u017ee, kar zagotavlja enakomerno oblikovanje bal tudi v zahtevnih pogojih.<\/li>\n<li><strong>Prednosti<\/strong>Hladilni in mazalni sistemi menjalnika zagotavljajo nemoteno delovanje tudi v okolju z visoko vla\u017enostjo pri baliranju sila\u017ee, kar zmanj\u0161uje tveganje pregrevanja in ohranja u\u010dinkovitost.<\/li>\n<\/ul>\n<p>4. <strong>Baliranje ostankov polj\u0161\u010din<\/strong><\/p>\n<ul>\n<li>The <strong>FMP-FK270<\/strong> Menjalnik je idealen za baliranje ostankov polj\u0161\u010din, kar vklju\u010duje zbiranje in stiskanje ostankov rastlinskega materiala po \u017eetvi glavnega pridelka. To je pogosto pri ostankih, kot so koruzna stebla, p\u0161eni\u010dna slama, ri\u017eeve lu\u0161\u010dine in drugi stranski proizvodi.<\/li>\n<li><strong>Prednosti<\/strong>Robustna zasnova omogo\u010da menjalniku, da se spopade z raznoliko in pogosto zahtevno naravo ostankov pridelkov, ki jih pretvori v dragocene stranske proizvode za shranjevanje ali nadaljnjo uporabo pri proizvodnji bioenergije.<\/li>\n<\/ul>\n<p>5. <strong>Baliranje lucerne<\/strong><\/p>\n<ul>\n<li>Lucerna, krmna rastlina z visoko vsebnostjo beljakovin, se pogosto balira za uporabo v krmi za \u017eivino. Menjalnik FMP-FK270 u\u010dinkovito obvladuje ob\u010dutljivo, a gosto naravo lucerne, kar zagotavlja enakomerne in tesne bale, ki ohranjajo hranilno vrednost pridelka.<\/li>\n<li><strong>Prednosti<\/strong>Menjalnik zagotavlja enakomerno gostoto bal, kar je klju\u010dnega pomena za ohranjanje kakovosti lucerne, ko se skladi\u0161\u010di za krmo \u017eivali.<\/li>\n<\/ul>\n<p>Menjalnik za kvadratne balirke FMP-FK270 je bistvena komponenta za razli\u010dne kmetijske aplikacije, od baliranja sena in slame do proizvodnje bioenergije. Njegova kombinacija visokega navora, u\u010dinkovitega prenosa mo\u010di in vzdr\u017eljivosti zagotavlja, da lahko obvladuje \u0161irok spekter nalog baliranja v razli\u010dnih kmetijskih okoljih. Ne glede na to, ali gre za majhne kmetije ali velika kmetijska obratovanja, je menjalnik FMP-FK270 zasnovan za pove\u010danje produktivnosti, zmanj\u0161anje izpadov in zagotavljanje zanesljivega delovanja.<\/p>\n<table style=\"border-collapse: collapse; width: 97.125%; height: 33px;\" border=\"0\" width=\"128\" cellspacing=\"0\" cellpadding=\"0\">\n<tbody>\n<tr style=\"height: 13.8pt;\">\n<td style=\"height: 13.8pt; width: 48pt;\" align=\"right\" width=\"64\" height=\"18\"><img loading=\"lazy\" decoding=\"async\" class=\"alignnone size-full wp-image-2602\" src=\"https:\/\/fmp-components.com\/wp-content\/uploads\/2025\/01\/Square-Baler-Gearbox-EP-FK270-Applications-21.webp\" alt=\"Menjalnik za kvadratne balirke FMP FK270 - Uporaba - 2\" width=\"1024\" height=\"669\" title=\"\" srcset=\"https:\/\/fmp-components.com\/wp-content\/uploads\/2025\/01\/Square-Baler-Gearbox-EP-FK270-Applications-21.webp 1024w, https:\/\/fmp-components.com\/wp-content\/uploads\/2025\/01\/Square-Baler-Gearbox-EP-FK270-Applications-21-980x640.webp 980w, https:\/\/fmp-components.com\/wp-content\/uploads\/2025\/01\/Square-Baler-Gearbox-EP-FK270-Applications-21-480x314.webp 480w\" sizes=\"(min-width: 0px) and (max-width: 480px) 480px, (min-width: 481px) and (max-width: 980px) 980px, (min-width: 981px) 1024px, 100vw\" \/><\/td>\n<td style=\"width: 48pt;\" align=\"right\" width=\"64\"><img loading=\"lazy\" decoding=\"async\" class=\"alignnone size-full wp-image-2603\" src=\"https:\/\/fmp-components.com\/wp-content\/uploads\/2025\/01\/Square-Baler-Gearbox-EP-FK270-Applications-11.webp\" alt=\"Menjalnik za kvadratne balirke FMP FK270 - Uporaba\" width=\"1024\" height=\"669\" title=\"\" srcset=\"https:\/\/fmp-components.com\/wp-content\/uploads\/2025\/01\/Square-Baler-Gearbox-EP-FK270-Applications-11.webp 1024w, https:\/\/fmp-components.com\/wp-content\/uploads\/2025\/01\/Square-Baler-Gearbox-EP-FK270-Applications-11-980x640.webp 980w, https:\/\/fmp-components.com\/wp-content\/uploads\/2025\/01\/Square-Baler-Gearbox-EP-FK270-Applications-11-480x314.webp 480w\" sizes=\"(min-width: 0px) and (max-width: 480px) 480px, (min-width: 481px) and (max-width: 980px) 980px, (min-width: 981px) 1024px, 100vw\" \/><\/td>\n<\/tr>\n<\/tbody>\n<\/table>\n<h3>O FMP-ju<\/h3>\n<p>FMP s sede\u017eem v Italiji je vodilni proizvajalec, znan po svojem strokovnem znanju na podro\u010dju na\u010drtovanja, razvoja in proizvodnje visokozmogljivih menjalnikov, s posebnim poudarkom na sektorju kmetijske mehanizacije. Z ugledom na podro\u010dju natan\u010dnega in\u017eeniringa, inovativnih re\u0161itev in neomajne zanesljivosti je FMP postal zaupanja vreden partner pri re\u0161evanju razvijajo\u010dih se potreb tako kmetijskega kot industrijskega sektorja. Na\u0161a raznolika ponudba izdelkov vklju\u010duje specializirane menjalnike za kosilnice, kardanske gredi in druge bistvene komponente, ki so vse skrbno zasnovane za zagotavljanje prilagojenih re\u0161itev za \u0161irok spekter uporabe.<\/p>\n<p>Pri FMP razumemo, da ima vsaka stranka edinstvene zahteve in izzive. Zato smo specializirani za ponujanje re\u0161itev po meri, bodisi za posamezne komponente bodisi za popolnoma integrirane sisteme. Tesno sodelujemo z na\u0161imi strankami, da zagotovimo, da je vsaka re\u0161itev ne le u\u010dinkovita, ampak tudi uspe\u0161na, kar optimizira tako zmogljivost kot vrednost. Na\u0161a zavezanost hitrim in profesionalnim odgovorom, skupaj s strokovnim vodenjem, zagotavlja, da se vsako povpra\u0161evanje obravnava z najve\u010djo skrbnostjo in natan\u010dnostjo, kar vodi do najbolj\u0161ih mo\u017enih rezultatov.<\/p>\n<p>V celotnem procesu razvoja izdelkov dajemo prednost odprti in stalni komunikaciji. Na\u0161a predana ekipa sodeluje neposredno s strankami, da bi v celoti razumela njihove specifi\u010dne potrebe, in jim ponuja dragocene vpoglede in priporo\u010dila za zagotavljanje optimalnih re\u0161itev. Ne glede na to, ali oblikujemo inovativne izdelke ali izpolnjujemo teko\u010da naro\u010dila, je FMP zavezan k zagotavljanju visokokakovostnih, natan\u010dno izdelanih re\u0161itev pravo\u010dasno in vsaki\u010d. Na\u0161 cilj je strankam zagotoviti najbolj\u0161o storitev in rezultate, ki pri vsakem projektu presegajo pri\u010dakovanja.<\/p>\n<p>Kakovost je temelj poslovanja podjetja FMP. Dr\u017eimo se najvi\u0161jih proizvodnih standardov in izvajamo stroge ukrepe nadzora kakovosti, da zagotovimo, da vsak izdelek ne le izpolnjuje, ampak tudi presega industrijske standarde. Ta neomajna zavezanost kakovosti, skupaj z na\u0161imi temeljnimi vrednotami integritete, timskega dela in vztrajnosti, nam je omogo\u010dila, da smo s strankami v skoraj 30 dr\u017eavah po vsem svetu zgradili dolgotrajne, na zaupanju temelje\u010de odnose.<\/p>\n<p>FMP je vedno odprt za spodbujanje globalnih partnerstev in ostaja predan ponujanju strokovnih nasvetov in prilagojenih re\u0161itev, ki ustrezajo raznolikim potrebam na\u0161ih strank. Gremo dlje od zgolj dobave izdelkov; na\u0161 cilj je graditi trajne odnose, ki prispevajo k uspehu vsakega projekta. Ne glede na to, ali potrebujete inovativne re\u0161itve za novo pobudo ali stalno podporo za obstoje\u010di sistem, je FMP tukaj, da se spopade z va\u0161imi tehni\u010dnimi izzivi in \u200b\u200bzagotovi va\u0161 nadaljnji uspeh.<\/p>\n<p><img loading=\"lazy\" decoding=\"async\" class=\"alignnone size-full wp-image-1861\" src=\"https:\/\/fmp-components.com\/wp-content\/uploads\/2024\/12\/Other-Agricultural-Gearboxes.webp\" sizes=\"(min-width: 0px) and (max-width: 480px) 480px, (min-width: 481px) and (max-width: 980px) 980px, (min-width: 981px) 1200px, 100vw\" srcset=\"https:\/\/fmp-components.com\/wp-content\/uploads\/2024\/12\/Other-Agricultural-Gearboxes.webp 1200w, https:\/\/fmp-components.com\/wp-content\/uploads\/2024\/12\/Other-Agricultural-Gearboxes-980x1143.webp 980w, https:\/\/fmp-components.com\/wp-content\/uploads\/2024\/12\/Other-Agricultural-Gearboxes-480x560.webp 480w\" alt=\"Altri-cambi-agricoli\" width=\"1200\" height=\"1400\" title=\"\"><\/p>\n<p>Avtor: CX<\/p>","protected":false},"excerpt":{"rendered":"<p>Square Baler Gearbox FMP-FK270 Dimensions Square Baler Gearbox FMP-FK270 Shaft Dimensions Square Baler Gearbox FMP-FK270 Technical Data i Suitable Rpm input Rpm output KW(Nom) KW(Max) Toothing r\/min r\/min hp hp Decelerate 1:1 Square Baler, etc 540 540 120 140 Gleason Straight Teeth Remark: If you have any special require feel free let me know, we [&hellip;]<\/p>","protected":false},"featured_media":2600,"comment_status":"open","ping_status":"closed","template":"","meta":{"_et_pb_use_builder":"","_et_pb_old_content":"","_et_gb_content_width":""},"product_brand":[],"product_cat":[62],"product_tag":[],"class_list":{"0":"post-2597","1":"product","2":"type-product","3":"status-publish","4":"has-post-thumbnail","6":"product_cat-square-baler-gearbox","8":"first","9":"instock","10":"shipping-taxable","11":"product-type-simple"},"_links":{"self":[{"href":"https:\/\/fmp-components.com\/sl\/wp-json\/wp\/v2\/product\/2597","targetHints":{"allow":["GET"]}}],"collection":[{"href":"https:\/\/fmp-components.com\/sl\/wp-json\/wp\/v2\/product"}],"about":[{"href":"https:\/\/fmp-components.com\/sl\/wp-json\/wp\/v2\/types\/product"}],"replies":[{"embeddable":true,"href":"https:\/\/fmp-components.com\/sl\/wp-json\/wp\/v2\/comments?post=2597"}],"wp:featuredmedia":[{"embeddable":true,"href":"https:\/\/fmp-components.com\/sl\/wp-json\/wp\/v2\/media\/2600"}],"wp:attachment":[{"href":"https:\/\/fmp-components.com\/sl\/wp-json\/wp\/v2\/media?parent=2597"}],"wp:term":[{"taxonomy":"product_brand","embeddable":true,"href":"https:\/\/fmp-components.com\/sl\/wp-json\/wp\/v2\/product_brand?post=2597"},{"taxonomy":"product_cat","embeddable":true,"href":"https:\/\/fmp-components.com\/sl\/wp-json\/wp\/v2\/product_cat?post=2597"},{"taxonomy":"product_tag","embeddable":true,"href":"https:\/\/fmp-components.com\/sl\/wp-json\/wp\/v2\/product_tag?post=2597"}],"curies":[{"name":"delovni list","href":"https:\/\/api.w.org\/{rel}","templated":true}]}}