{"id":2590,"date":"2025-01-03T01:47:42","date_gmt":"2025-01-03T01:47:42","guid":{"rendered":"https:\/\/fmp-components.com\/?page_id=8"},"modified":"2025-01-03T01:50:37","modified_gmt":"2025-01-03T01:50:37","slug":"square-baler-gearbox-fmp-fk263","status":"publish","type":"product","link":"https:\/\/fmp-components.com\/sl\/product\/square-baler-gearbox-fmp-fk263\/","title":{"rendered":"Menjalnik za kvadratne balirke FMP-FK263"},"content":{"rendered":"<p><img loading=\"lazy\" decoding=\"async\" class=\"size-full wp-image-2595 aligncenter\" src=\"https:\/\/fmp-components.com\/wp-content\/uploads\/2025\/01\/Square-Baler-Gearbox-EP-FK2631.webp\" alt=\"Menjalnik za kvadratne balirke EP-FK263\" width=\"600\" height=\"600\" title=\"\" srcset=\"https:\/\/fmp-components.com\/wp-content\/uploads\/2025\/01\/Square-Baler-Gearbox-EP-FK2631.webp 600w, https:\/\/fmp-components.com\/wp-content\/uploads\/2025\/01\/Square-Baler-Gearbox-EP-FK2631-480x480.webp 480w\" sizes=\"(min-width: 0px) and (max-width: 480px) 480px, (min-width: 481px) 600px, 100vw\" \/><\/p>\n<h2>Dimenzije menjalnika za kvadratne balirke FMP-FK263<\/h2>\n<p><img loading=\"lazy\" decoding=\"async\" class=\"alignnone size-full wp-image-2591\" src=\"https:\/\/fmp-components.com\/wp-content\/uploads\/2025\/01\/Square-Baler-Gearbox-EP-FK263-Dimensions.webp\" alt=\"Menjalnik za kvadratne balirke FMP FK263 - Dimenzije\" width=\"1456\" height=\"890\" title=\"\" srcset=\"https:\/\/fmp-components.com\/wp-content\/uploads\/2025\/01\/Square-Baler-Gearbox-EP-FK263-Dimensions.webp 1456w, https:\/\/fmp-components.com\/wp-content\/uploads\/2025\/01\/Square-Baler-Gearbox-EP-FK263-Dimensions-1280x782.webp 1280w, https:\/\/fmp-components.com\/wp-content\/uploads\/2025\/01\/Square-Baler-Gearbox-EP-FK263-Dimensions-980x599.webp 980w, https:\/\/fmp-components.com\/wp-content\/uploads\/2025\/01\/Square-Baler-Gearbox-EP-FK263-Dimensions-480x293.webp 480w\" sizes=\"(min-width: 0px) and (max-width: 480px) 480px, (min-width: 481px) and (max-width: 980px) 980px, (min-width: 981px) and (max-width: 1280px) 1280px, (min-width: 1281px) 1456px, 100vw\" \/> <img loading=\"lazy\" decoding=\"async\" class=\"alignnone size-full wp-image-2592\" src=\"https:\/\/fmp-components.com\/wp-content\/uploads\/2025\/01\/Square-Baler-Gearbox-EP-FK263-Shaft-Dimensions.webp\" alt=\"Menjalnik gredi za kvadratne balirke FMP FK263\" width=\"1370\" height=\"414\" title=\"\" srcset=\"https:\/\/fmp-components.com\/wp-content\/uploads\/2025\/01\/Square-Baler-Gearbox-EP-FK263-Shaft-Dimensions.webp 1370w, https:\/\/fmp-components.com\/wp-content\/uploads\/2025\/01\/Square-Baler-Gearbox-EP-FK263-Shaft-Dimensions-1280x387.webp 1280w, https:\/\/fmp-components.com\/wp-content\/uploads\/2025\/01\/Square-Baler-Gearbox-EP-FK263-Shaft-Dimensions-980x296.webp 980w, https:\/\/fmp-components.com\/wp-content\/uploads\/2025\/01\/Square-Baler-Gearbox-EP-FK263-Shaft-Dimensions-480x145.webp 480w\" sizes=\"(min-width: 0px) and (max-width: 480px) 480px, (min-width: 481px) and (max-width: 980px) 980px, (min-width: 981px) and (max-width: 1280px) 1280px, (min-width: 1281px) 1370px, 100vw\" \/><\/p>\n<h2>Tehni\u010dni podatki menjalnika za kvadratne balirke FMP-FK263<\/h2>\n<table style=\"width: 100.066%; height: 144px;\" border=\"1\" cellspacing=\"0\" cellpadding=\"0\">\n<tbody>\n<tr>\n<td colspan=\"2\" rowspan=\"2\">jaz<\/td>\n<td rowspan=\"2\">Primerno<\/td>\n<td>Vhod vrtljajev<\/td>\n<td>Izhodna vrtljaji<\/td>\n<td>kW (nom.)<\/td>\n<td>kW (najve\u010d)<\/td>\n<td rowspan=\"2\">Izra\u0161\u010danje zob<\/td>\n<\/tr>\n<tr>\n<td>vrt\/min<\/td>\n<td>vrt\/min<\/td>\n<td>konjska mo\u010d<\/td>\n<td>konjska mo\u010d<\/td>\n<\/tr>\n<tr>\n<td>Pove\u010danje hitrosti<\/td>\n<td>1:2.69<\/td>\n<td>Kvadratni balirka itd.<\/td>\n<td>760<\/td>\n<td>2045<\/td>\n<td>180<\/td>\n<td>250<\/td>\n<td>Gleason Straight<br \/>\nZobje<\/td>\n<\/tr>\n<tr>\n<td colspan=\"8\">Opomba: \u010ce imate kakr\u0161ne koli posebne zahteve, mi sporo\u010dite, sprejemamo tudi po meri.<\/td>\n<\/tr>\n<\/tbody>\n<\/table>\n<h2>Kako deluje menjalnik za kvadratne balirke FMP-FK263?<\/h2>\n<p>Menjalnik za kvadratne balirke FMP-FK263 igra klju\u010dno vlogo pri u\u010dinkovitem delovanju kvadratnih balirk, saj prena\u0161a mo\u010d iz kardanske gredi traktorja na razli\u010dne mehanske sisteme balirke, kar ji omogo\u010da opravljanje potrebnih funkcij zbiranja, stiskanja in vezanja materialov v bale. Tukaj je pregled delovanja menjalnika FMP-FK263 v procesu baliranja:<\/p>\n<p><strong>Prenos mo\u010di iz kardanske gredi<\/strong><\/p>\n<ul>\n<li>The <strong>Menjalnik FMP-FK263<\/strong> poganja kardanska gred traktorja. Kardanska gred prena\u0161a vrtilno mo\u010d iz motorja traktorja na menjalnik, ki se obi\u010dajno nahaja na balirki.<\/li>\n<li>The <strong>vhodna gred<\/strong> menjalnika prejme to mo\u010d in spro\u017ei gibanje skozi menjalnik.<\/li>\n<\/ul>\n<p><strong>Notranji mehanizem menjalnika<\/strong><\/p>\n<ul>\n<li>Menjalnik vsebuje vrsto zobnikov, vklju\u010dno z zobniki s \u010delnimi zobniki, sto\u017e\u010dastimi zobniki in planetarnimi zobniki (odvisno od zasnove), ki prena\u0161ajo vrtenje z vhodne gredi na izhodno gred.<\/li>\n<li><strong>Sto\u017e\u010dasti zobniki<\/strong> se lahko uporabijo za spreminjanje smeri toka mo\u010di, medtem ko \u010delni zobniki opravljajo neposreden prenos navora. Ti zobniki so zasnovani za prena\u0161anje visokih navornih obremenitev in zagotavljajo gladko in zanesljivo dovajanje mo\u010di.<\/li>\n<li>V <strong>FMP-FK263<\/strong>Razporeditev zobnikov je posebej zasnovana za vzdr\u017eevanje optimalne hitrosti in navora, kar zagotavlja, da balirka deluje na pravilni ravni zmogljivosti za stiskanje materialov, kot so seno, slama ali ostanki pridelkov.<\/li>\n<\/ul>\n<p>Nastavitev hitrosti in navora<\/p>\n<ul>\n<li>Menjalnik prilagaja vrtilno hitrost in navor kardanske gredi specifi\u010dnim zahtevam procesa baliranja.<\/li>\n<li>Na primer, mehanizem za zmanj\u0161anje hitrosti v menjalniku lahko zagotovi, da se valji balirke in druge komponente vrtijo z ustrezno hitrostjo za u\u010dinkovito stiskanje materiala in oblikovanje bal.<\/li>\n<li>V nekaterih primerih ima lahko menjalnik sistem za zmanj\u0161anje prestav, ki zmanj\u0161a visoko hitrost kardanske gredi na po\u010dasnej\u0161o, bolj nadzorovano hitrost mehanizmov balirke.<\/li>\n<\/ul>\n<p>Prenos mo\u010di na operativne komponente<\/p>\n<ul>\n<li>The <strong>izhodna gred<\/strong> menjalnika prena\u0161a obdelano mo\u010d na operativne sisteme balirke, kot so:\n<ul>\n<li><strong>Mehanizem za prevzem<\/strong>Za pobiranje pridelkov s polja.<\/li>\n<li><strong>Sistem hranjenja<\/strong>Za dovajanje zbranega materiala v kompresijsko komoro.<\/li>\n<li><strong>Kompresijski valji<\/strong>Za stiskanje materiala v \u017eeleno velikost bale.<\/li>\n<li><strong>Sistem vozlanja<\/strong>Za vezanje bal po tem, ko so oblikovane.<\/li>\n<\/ul>\n<\/li>\n<li>Glede na zasnovo balirke lahko menjalnik poganja tudi dodatne funkcije, kot so hidravli\u010dni sistemi ali transportni sistem balirke.<\/li>\n<\/ul>\n<h3>Klju\u010dne zna\u010dilnosti menjalnika za kvadratne balirke FMP-FK263:<\/h3>\n<ul>\n<li><strong>Visoka navorna zmogljivost<\/strong>Menjalnik je zasnovan tako, da obvladuje visoke zahteve glede navora pri balirkah za kvadratne bale.<\/li>\n<li><strong>U\u010dinkovit prenos mo\u010di<\/strong>Zagotavlja nemoten in u\u010dinkovit prenos mo\u010di iz kardanske gredi na mehanizme za baliranje.<\/li>\n<li><strong>Vzdr\u017eljivost<\/strong>Izdelano iz robustnih materialov za prena\u0161anje te\u017ekih bremen in zahtevnih pogojev, zna\u010dilnih za kmetijska dela.<\/li>\n<li><strong>Mo\u017enosti prilagajanja<\/strong>Prilagodi se lahko razli\u010dnim balirnim strojem z razli\u010dnimi zahtevami glede mo\u010di in funkcijami.<\/li>\n<li><strong>Mazanje in hlajenje<\/strong>Integrirani sistemi za ohranjanje operativne u\u010dinkovitosti in prepre\u010devanje pregrevanja.<\/li>\n<\/ul>\n<p>Menjalnik za kvadratne balirke FMP-FK263 deluje tako, da pretvori visokohitrostno vrtilno mo\u010d iz kardanske gredi traktorja v nadzorovano, uporabno mo\u010d, ki poganja razli\u010dne komponente balirke. Zagotavlja, da je postopek baliranja \u2013 ne glede na to, ali gre za seno, slamo ali druge materiale \u2013 u\u010dinkovit, gladek in zanesljiv, kar zagotavlja visokokakovostne bale pravo\u010dasno. Zasnova menjalnika daje prednost vzdr\u017eljivosti, u\u010dinkovitosti in optimalni porazdelitvi mo\u010di, zaradi \u010desar je bistvena komponenta visokozmogljivih strojev za baliranje.<\/p>\n<p><img loading=\"lazy\" decoding=\"async\" class=\"alignnone size-full wp-image-2596\" src=\"https:\/\/fmp-components.com\/wp-content\/uploads\/2025\/01\/FMP-FK215-Square-Baler-Gearbox-Applications-2.webp\" alt=\"FMP-FK215-Menjalnik-za-kvadratne-balirke-Uporaba\" width=\"980\" height=\"483\" title=\"\" srcset=\"https:\/\/fmp-components.com\/wp-content\/uploads\/2025\/01\/FMP-FK215-Square-Baler-Gearbox-Applications-2.webp 980w, https:\/\/fmp-components.com\/wp-content\/uploads\/2025\/01\/FMP-FK215-Square-Baler-Gearbox-Applications-2-480x237.webp 480w\" sizes=\"(min-width: 0px) and (max-width: 480px) 480px, (min-width: 481px) 980px, 100vw\" \/><\/p>\n<article class=\"w-full scroll-mb-[var(--thread-trailing-height,150px)] text-token-text-primary focus-visible:outline-2 focus-visible:outline-offset-[-4px]\" dir=\"auto\" data-testid=\"conversation-turn-12\" data-scroll-anchor=\"false\">\n<div class=\"m-auto text-base py-[18px] px-3 md:px-4 w-full md:px-5 lg:px-4 xl:px-5\">\n<div class=\"mx-auto flex flex-1 gap-4 text-base md:gap-5 lg:gap-6 md:max-w-3xl lg:max-w-[40rem] xl:max-w-[48rem]\">\n<div class=\"group\/conversation-turn relative flex w-full min-w-0 flex-col\">\n<div class=\"flex-col gap-1 md:gap-3\">\n<div class=\"flex max-w-full flex-col flex-grow\">\n<div class=\"min-h-8 text-message flex w-full flex-col items-end gap-2 whitespace-normal break-words text-start [.text-message+&amp;]:mt-5\" dir=\"auto\" data-message-author-role=\"user\" data-message-id=\"aaa2e9bf-cefc-4209-a50b-03bfd714e422\">\n<div class=\"flex w-full flex-col gap-1 empty:hidden items-end rtl:items-start\">\n<div class=\"relative max-w-[var(--user-chat-width,70%)] rounded-3xl bg-token-message-surface px-5 py-2.5\">\n<h2 class=\"whitespace-pre-wrap\">Menjalnik za kvadratne balirke FMP-FK263 za kmetijstvo<\/h2>\n<p>Menjalnik za kvadratne balirke FMP-FK263 je bistvena komponenta kmetijskih strojev za baliranje, posebej zasnovana za zagotavljanje zanesljivega in visokozmogljivega prenosa mo\u010di za kvadratne balirke. Ta menjalnik je zasnovan tako, da obvladuje zahtevne zahteve sodobnega kmetijstva in zagotavlja, da je postopek baliranja u\u010dinkovit, dosleden in vzdr\u017eljiv. Spodaj so navedene klju\u010dne podrobnosti in prednosti menjalnika za kvadratne balirke FMP-FK263 za kmetijsko uporabo:<\/p>\n<h3>Klju\u010dne zna\u010dilnosti menjalnika za kvadratne balirke FMP-FK263:<\/h3>\n<ol>\n<li><strong>Visoka navorna zmogljivost<\/strong>\n<ul>\n<li>The <strong>FMP-FK263<\/strong> Menjalnik je zasnovan tako, da obvladuje visoke zahteve glede navora, zna\u010dilne za kmetijsko baliranje. Ta zmogljivost zagotavlja, da lahko balirka u\u010dinkovito stisne in ve\u017ee \u0161irok spekter materialov, vklju\u010dno s senom, slamo, ostanki \u017eetve in drugimi krmnimi materiali, v tesno oblikovane bale.<\/li>\n<\/ul>\n<\/li>\n<li><strong>U\u010dinkovit prenos mo\u010di<\/strong>\n<ul>\n<li>Zasnovan je za prenos mo\u010di iz kardanske gredi traktorja na razli\u010dne mehanske sisteme balirke. <strong>FMP-FK263<\/strong> zagotavlja gladek in u\u010dinkovit pretok mo\u010di. Menjalnik zagotavlja, da so pobiralni mehanizem balirke, sistem podajanja, stiskalna komora in sistem za vozlanje u\u010dinkovito napajani za optimalno delovanje.<\/li>\n<\/ul>\n<\/li>\n<li><strong>Vzdr\u017eljivost in dolgo\u017eivost<\/strong>\n<ul>\n<li>Menjalnik je izdelan iz visoko trdnih in trpe\u017enih materialov, kar zagotavlja, da lahko prenese te\u017eke razmere v kmetijskem okolju. Zasnovan je tako, da prenese visok navor, pogosto uporabo ter izpostavljenost prahu, vlagi in drugim izzivom na polju.<\/li>\n<li>Njegova robustna konstrukcija zagotavlja dolgotrajno delovanje, kar zmanj\u0161uje pogostost popravil in stro\u0161ke vzdr\u017eevanja.<\/li>\n<\/ul>\n<\/li>\n<li><strong>Natan\u010dna zasnova zobnikov<\/strong>\n<ul>\n<li>The <strong>FMP-FK263<\/strong> Menjalnik ima natan\u010dno izdelane zobnike, kot so <strong>\u010delni zobniki<\/strong>, <strong>sto\u017e\u010dasti zobniki<\/strong>in morda <strong>planetarni zobniki<\/strong>, zasnovan za visoke obremenitve in hitrosti, ki jih zahtevajo kmetijske balirke. Skrbna zasnova zagotavlja nemoteno delovanje z minimalnim hrupom in vibracijami, kar prispeva k u\u010dinkovitej\u0161emu in udobnej\u0161emu delovnemu okolju.<\/li>\n<\/ul>\n<\/li>\n<li><strong>Prilagodljive mo\u017enosti<\/strong>\n<ul>\n<li>The <strong>FMP-FK263<\/strong> Menjalnik je mogo\u010de prilagoditi razli\u010dnim modelom balirk in specifi\u010dnim kmetijskim potrebam. Ne glede na to, ali balirate seno, slamo ali druge krmne materiale, je menjalnik mogo\u010de prilagoditi razli\u010dnim konfiguracijam, kar pomaga optimizirati delovanje balirke glede na vrsto materiala in terenske pogoje.<\/li>\n<\/ul>\n<\/li>\n<\/ol>\n<p>Menjalnik za kvadratne balirke FMP-FK263 je bistveni del kmetijske opreme za baliranje in ponuja robustno in visokozmogljivo re\u0161itev za kvadratne balirke. Zaradi svoje sposobnosti obvladovanja visokega navora, u\u010dinkovitega prenosa mo\u010di in prena\u0161anja te\u017ekih pogojev kmetijskega okolja je zaupanja vredna izbira za kmete po vsem svetu. Ne glede na to, ali se uporablja za seno, slamo, sila\u017eo ali ostanke pridelkov, menjalnik FMP-FK263 pomaga zagotoviti, da se postopek baliranja izvede u\u010dinkovito, z visokokakovostnimi rezultati in minimalnim \u010dasom izpada.<\/p>\n<table style=\"border-collapse: collapse; width: 101.391%; height: 36px;\" border=\"0\" width=\"128\" cellspacing=\"0\" cellpadding=\"0\">\n<tbody>\n<tr style=\"height: 13.8pt;\">\n<td style=\"height: 13.8pt; width: 48pt;\" align=\"right\" width=\"64\" height=\"18\"><img loading=\"lazy\" decoding=\"async\" class=\"alignnone size-full wp-image-2593\" src=\"https:\/\/fmp-components.com\/wp-content\/uploads\/2025\/01\/Square-Baler-Gearbox-EP-FK263-Agricultural-Applications-21.webp\" alt=\"Menjalnik za kvadratne balirke EP-FK263-Kmetijska uporaba\" width=\"980\" height=\"569\" title=\"\" srcset=\"https:\/\/fmp-components.com\/wp-content\/uploads\/2025\/01\/Square-Baler-Gearbox-EP-FK263-Agricultural-Applications-21.webp 980w, https:\/\/fmp-components.com\/wp-content\/uploads\/2025\/01\/Square-Baler-Gearbox-EP-FK263-Agricultural-Applications-21-480x279.webp 480w\" sizes=\"(min-width: 0px) and (max-width: 480px) 480px, (min-width: 481px) 980px, 100vw\" \/><\/td>\n<td style=\"width: 48pt;\" align=\"right\" width=\"64\"><img loading=\"lazy\" decoding=\"async\" class=\"alignnone size-full wp-image-2594\" src=\"https:\/\/fmp-components.com\/wp-content\/uploads\/2025\/01\/Square-Baler-Gearbox-EP-FK263-Agricultural-Applications-11.webp\" alt=\"Menjalnik za kvadratne balirke EP-FK263-Kmetijska uporaba\" width=\"980\" height=\"569\" title=\"\" srcset=\"https:\/\/fmp-components.com\/wp-content\/uploads\/2025\/01\/Square-Baler-Gearbox-EP-FK263-Agricultural-Applications-11.webp 980w, https:\/\/fmp-components.com\/wp-content\/uploads\/2025\/01\/Square-Baler-Gearbox-EP-FK263-Agricultural-Applications-11-480x279.webp 480w\" sizes=\"(min-width: 0px) and (max-width: 480px) 480px, (min-width: 481px) 980px, 100vw\" \/><\/td>\n<\/tr>\n<\/tbody>\n<\/table>\n<div class=\"absolute bottom-0 right-full top-0 -mr-3.5 hidden pr-5 pt-1 [.group\\\/conversation-turn:hover_&amp;]:block\">\n<h2>O FMP-ju<\/h2>\n<p>FMP s sede\u017eem v Italiji je vodilni proizvajalec, znan po svojem strokovnem znanju na podro\u010dju na\u010drtovanja, razvoja in proizvodnje visokozmogljivih menjalnikov, z mo\u010dnim poudarkom na sektorju kmetijske mehanizacije. Z ugledom na podro\u010dju natan\u010dnega in\u017eeniringa, inovativnih re\u0161itev in neomajne zanesljivosti si je FMP prislu\u017eil zaupanje tako v kmetijskem kot industrijskem sektorju. Na\u0161a obse\u017ena ponudba izdelkov vklju\u010duje specializirane menjalnike za kosilnice, kardanske gredi in druge klju\u010dne komponente, ki so skrbno izdelani za zagotavljanje prilagojenih re\u0161itev za \u0161irok spekter uporabe.<\/p>\n<p>Pri FMP se zavedamo, da ima vsaka stranka edinstvene zahteve in izzive. Zato smo specializirani za zagotavljanje prilagojenih re\u0161itev, bodisi za posamezne komponente bodisi za popolnoma integrirane sisteme. Tesno sodelujemo z na\u0161imi strankami, da zagotovimo, da je vsaka re\u0161itev ne le u\u010dinkovita, ampak tudi uspe\u0161na, kar maksimizira tako zmogljivost kot vrednost. Na\u0161a zavezanost k hitrim in profesionalnim odgovorom v kombinaciji s strokovnim vodenjem zagotavlja, da se vsako povpra\u0161evanje obravnava natan\u010dno in skrbno, kar vodi do najbolj\u0161ih mo\u017enih rezultatov.<\/p>\n<p>Velik poudarek dajemo odprti in stalni komunikaciji skozi celoten proces razvoja izdelkov. Na\u0161a predana ekipa sodeluje neposredno s strankami, da bi temeljito razumela njihove specifi\u010dne potrebe, ter jim nudi dragocene vpoglede in priporo\u010dila za zagotovitev optimalne re\u0161itve. Ne glede na to, ali na\u010drtujemo nove izdelke ali izpolnjujemo teko\u010da naro\u010dila, je FMP zavezan k zagotavljanju visokokakovostnih, natan\u010dno izdelanih re\u0161itev, vedno pravo\u010dasno. Na\u0161 cilj je prese\u010di pri\u010dakovanja in zagotoviti izjemne storitve ter rezultate pri vsakem projektu.<\/p>\n<p>Kakovost je temelj poslovanja podjetja FMP. Dr\u017eimo se najvi\u0161jih proizvodnih standardov in izvajamo stroge ukrepe za nadzor kakovosti, da zagotovimo, da vsak izdelek izpolnjuje ali presega industrijske standarde. Ta neomajna zavezanost kakovosti, skupaj z na\u0161imi temeljnimi vrednotami integritete, timskega dela in vztrajnosti, nam je omogo\u010dila, da smo s strankami v skoraj 30 dr\u017eavah po vsem svetu zgradili dolgotrajne, na zaupanju temelje\u010de odnose.<\/p>\n<p>FMP je vedno odprt za spodbujanje globalnih partnerstev in ostaja predan ponujanju strokovnih nasvetov in prilagojenih re\u0161itev, ki zadovoljujejo raznolike potrebe na\u0161ih strank. Gremo dlje od zgolj dobave izdelkov; prizadevamo si graditi trajne odnose, ki prispevajo k uspehu vsakega projekta. Ne glede na to, ali potrebujete inovativne re\u0161itve za novo pobudo ali stalno podporo za obstoje\u010di sistem, je FMP tukaj, da re\u0161i va\u0161e tehni\u010dne izzive in zagotovi va\u0161 nadaljnji uspeh.<\/p>\n<p><img loading=\"lazy\" decoding=\"async\" class=\"alignnone size-full wp-image-1861\" src=\"https:\/\/fmp-components.com\/wp-content\/uploads\/2024\/12\/Other-Agricultural-Gearboxes.webp\" sizes=\"(min-width: 0px) and (max-width: 480px) 480px, (min-width: 481px) and (max-width: 980px) 980px, (min-width: 981px) 1200px, 100vw\" srcset=\"https:\/\/fmp-components.com\/wp-content\/uploads\/2024\/12\/Other-Agricultural-Gearboxes.webp 1200w, https:\/\/fmp-components.com\/wp-content\/uploads\/2024\/12\/Other-Agricultural-Gearboxes-980x1143.webp 980w, https:\/\/fmp-components.com\/wp-content\/uploads\/2024\/12\/Other-Agricultural-Gearboxes-480x560.webp 480w\" alt=\"Altri-cambi-agricoli\" width=\"1200\" height=\"1400\" title=\"\"><\/p>\n<p>Avtor: CX<\/p>\n<\/div>\n<\/div>\n<\/div>\n<\/div>\n<\/div>\n<\/div>\n<\/div>\n<\/div>\n<\/div>\n<\/article>\n<article class=\"w-full scroll-mb-[var(--thread-trailing-height,150px)] text-token-text-primary focus-visible:outline-2 focus-visible:outline-offset-[-4px]\" dir=\"auto\" data-testid=\"conversation-turn-13\" data-scroll-anchor=\"true\">\n<h6 class=\"sr-only\"><\/h6>\n<\/article>","protected":false},"excerpt":{"rendered":"<p>Square Baler Gearbox FMP-FK263 Dimensions Square Baler Gearbox FMP-FK263 Technical Data i Suitable Rpm input Rpm output KW(Nom) KW(Max) Toothing r\/min r\/min hp hp Speed increase 1:2.69 Square Baler, etc 760 2045 180 250 Gleason Straight Teeth Remark: If you have any special require feel free let me know, we also accept custom. How Does [&hellip;]<\/p>","protected":false},"featured_media":2595,"comment_status":"open","ping_status":"closed","template":"","meta":{"_et_pb_use_builder":"","_et_pb_old_content":"","_et_gb_content_width":""},"product_brand":[],"product_cat":[62],"product_tag":[],"class_list":{"0":"post-2590","1":"product","2":"type-product","3":"status-publish","4":"has-post-thumbnail","6":"product_cat-square-baler-gearbox","8":"first","9":"instock","10":"shipping-taxable","11":"product-type-simple"},"_links":{"self":[{"href":"https:\/\/fmp-components.com\/sl\/wp-json\/wp\/v2\/product\/2590","targetHints":{"allow":["GET"]}}],"collection":[{"href":"https:\/\/fmp-components.com\/sl\/wp-json\/wp\/v2\/product"}],"about":[{"href":"https:\/\/fmp-components.com\/sl\/wp-json\/wp\/v2\/types\/product"}],"replies":[{"embeddable":true,"href":"https:\/\/fmp-components.com\/sl\/wp-json\/wp\/v2\/comments?post=2590"}],"wp:featuredmedia":[{"embeddable":true,"href":"https:\/\/fmp-components.com\/sl\/wp-json\/wp\/v2\/media\/2595"}],"wp:attachment":[{"href":"https:\/\/fmp-components.com\/sl\/wp-json\/wp\/v2\/media?parent=2590"}],"wp:term":[{"taxonomy":"product_brand","embeddable":true,"href":"https:\/\/fmp-components.com\/sl\/wp-json\/wp\/v2\/product_brand?post=2590"},{"taxonomy":"product_cat","embeddable":true,"href":"https:\/\/fmp-components.com\/sl\/wp-json\/wp\/v2\/product_cat?post=2590"},{"taxonomy":"product_tag","embeddable":true,"href":"https:\/\/fmp-components.com\/sl\/wp-json\/wp\/v2\/product_tag?post=2590"}],"curies":[{"name":"delovni list","href":"https:\/\/api.w.org\/{rel}","templated":true}]}}