{"id":2523,"date":"2025-01-02T03:45:19","date_gmt":"2025-01-02T03:45:19","guid":{"rendered":"https:\/\/fmp-components.com\/?page_id=8"},"modified":"2025-01-02T03:59:23","modified_gmt":"2025-01-02T03:59:23","slug":"round-baler-gearbox-fmp2100-t3-for-round-baler-and-harvester","status":"publish","type":"product","link":"https:\/\/fmp-components.com\/sl\/product\/round-baler-gearbox-fmp2100-t3-for-round-baler-and-harvester\/","title":{"rendered":"Menjalnik za okrogle bale FMP2100-T3 za okrogle bale in kombajn"},"content":{"rendered":"<p><img loading=\"lazy\" decoding=\"async\" class=\"size-full wp-image-2524 aligncenter\" src=\"https:\/\/fmp-components.com\/wp-content\/uploads\/2025\/01\/Round-Baler-Gearbox-EP2100-T31.webp\" alt=\"Menjalnik za okrogle bale FMP2100-T3(1)\" width=\"600\" height=\"600\" title=\"\" srcset=\"https:\/\/fmp-components.com\/wp-content\/uploads\/2025\/01\/Round-Baler-Gearbox-EP2100-T31.webp 600w, https:\/\/fmp-components.com\/wp-content\/uploads\/2025\/01\/Round-Baler-Gearbox-EP2100-T31-480x480.webp 480w\" sizes=\"(min-width: 0px) and (max-width: 480px) 480px, (min-width: 481px) 600px, 100vw\" \/><\/p>\n<h2>Tehni\u010dni podatki menjalnika za okrogle bale FMP2100-T3<\/h2>\n<table style=\"width: 93.8969%; height: 116px;\" border=\"1\" cellspacing=\"0\" cellpadding=\"0\">\n<tbody>\n<tr style=\"height: 23px;\">\n<td style=\"height: 46px; width: 15.8921%;\" colspan=\"2\" rowspan=\"2\">jaz<\/td>\n<td style=\"height: 46px; width: 25.3373%;\" rowspan=\"2\">Primerno<\/td>\n<td style=\"height: 23px; width: 9.89505%;\">Vhod vrtljajev<\/td>\n<td style=\"height: 23px; width: 11.0945%;\">Izhodna vrtljaji<\/td>\n<td style=\"height: 23px; width: 9.44528%;\">kW (nom.)<\/td>\n<td style=\"height: 23px; width: 13.0435%;\">Izhodni navor<\/td>\n<td style=\"height: 46px; width: 45.2774%;\" rowspan=\"2\">Izra\u0161\u010danje zob<\/td>\n<\/tr>\n<tr style=\"height: 23px;\">\n<td style=\"height: 23px; width: 9.89505%;\">vrt\/min<\/td>\n<td style=\"height: 23px; width: 11.0945%;\">vrt\/min<\/td>\n<td style=\"height: 23px; width: 9.44528%;\">konjska mo\u010d<\/td>\n<td style=\"height: 23px; width: 13.0435%;\">Nm<\/td>\n<\/tr>\n<tr style=\"height: 47px;\">\n<td style=\"height: 47px; width: 10.3448%;\">Upo\u010dasni<\/td>\n<td style=\"height: 47px; width: 5.54723%;\">2.1 :1<\/td>\n<td style=\"height: 47px; width: 25.3373%;\">Balirka za okrogle bale, kombajn itd.<\/td>\n<td style=\"height: 47px; width: 9.89505%;\">540<\/td>\n<td style=\"height: 47px; width: 11.0945%;\">257<\/td>\n<td style=\"height: 47px; width: 9.44528%;\">80<\/td>\n<td style=\"height: 47px; width: 13.0435%;\">100<\/td>\n<td style=\"height: 47px; width: 45.2774%;\">Gleason Helical<br \/>\nZobje<\/td>\n<\/tr>\n<tr style=\"height: 23px;\">\n<td style=\"height: 23px; width: 129.985%;\" colspan=\"8\">Opomba: \u010ce imate kakr\u0161ne koli posebne zahteve, mi sporo\u010dite, sprejemamo tudi po meri.<\/td>\n<\/tr>\n<\/tbody>\n<\/table>\n<h2>Struktura komponent menjalnika za okrogle balirke FMP2100-T3<\/h2>\n<p>Menjalnik za okrogle balirke FMP2100-T3 je zasnovan za visoko zmogljivost in zanesljivost v zahtevnih kmetijskih aplikacijah. Menjalnik ima dobro zasnovano strukturo komponent, ki zagotavlja optimalno delovanje in vzdr\u017eljivost. Spodaj je pregled njegovih klju\u010dnih komponent:<\/p>\n<p><strong>Ohi\u0161je menjalnika<\/strong><\/p>\n<ul>\n<li>Material: Izdelano iz visoko trdnega litega \u017eeleza ali jekla, kar zagotavlja robustnost in odpornost proti obrabi in obremenitvam.<\/li>\n<li>Funkcija: Hrani notranje komponente, jih \u0161\u010diti pred zunanjimi po\u0161kodbami in zagotavlja nemoteno delovanje.<\/li>\n<\/ul>\n<p><strong>Vhodna gred<\/strong><\/p>\n<ul>\n<li>Material: Visoko trdno jeklo.<\/li>\n<li>Funkcija: Prena\u0161a vrtilno mo\u010d iz kardanske gredi traktorja na notranje zobnike menjalnika.<\/li>\n<\/ul>\n<p><strong>Izhodna gred<\/strong><\/p>\n<ul>\n<li>Material: Kaljeno jeklo.<\/li>\n<li>Funkcija: Prena\u0161a mo\u010d iz menjalnika v delovne mehanizme balirke in zagotavlja u\u010dinkovit prenos energije za operacije, kot je oblikovanje bal.<\/li>\n<\/ul>\n<p><strong>Zobniki<\/strong><\/p>\n<ul>\n<li>Material: Legirano jeklo, obdelano za ve\u010djo vzdr\u017eljivost in odpornost proti obrabi.<\/li>\n<li>Funkcija: Notranji zobniki (npr. sto\u017e\u010dasti ali \u010delni zobniki) olaj\u0161ajo prenos mo\u010di in navora, kar omogo\u010da ustrezne hitrosti vrtenja komponent balirke.<\/li>\n<\/ul>\n<p><strong>Le\u017eaji<\/strong><\/p>\n<ul>\n<li>Material: Visokokakovostni le\u017eaji, zasnovani za kmetijsko mehanizacijo.<\/li>\n<li>Funkcija: Podpora gredi in zobnikov, zagotavljanje nemotenega delovanja in zmanj\u0161anje trenja za dalj\u0161o \u017eivljenjsko dobo.<\/li>\n<\/ul>\n<p>Struktura komponent menjalnika za okrogle balirke FMP2100-T3 je skrbno zasnovana za obvladovanje zahtevnih kmetijskih pogojev, hkrati pa zagotavlja u\u010dinkovit prenos mo\u010di za optimalno delovanje balirke.<\/p>\n<table style=\"width: 101.691%; height: 5px;\" width=\"136\">\n<tbody>\n<tr style=\"height: 23px;\">\n<td style=\"height: 23px; width: 49.5218%;\" width=\"72\"><img loading=\"lazy\" decoding=\"async\" class=\"alignnone size-full wp-image-2526\" src=\"https:\/\/fmp-components.com\/wp-content\/uploads\/2025\/01\/Round-Baler-Gearbox-EP2100-T3-Agricultural-Applications-2-980x6321-1.webp\" alt=\"Menjalnik za okrogle bale\" width=\"980\" height=\"632\" title=\"\" srcset=\"https:\/\/fmp-components.com\/wp-content\/uploads\/2025\/01\/Round-Baler-Gearbox-EP2100-T3-Agricultural-Applications-2-980x6321-1.webp 980w, https:\/\/fmp-components.com\/wp-content\/uploads\/2025\/01\/Round-Baler-Gearbox-EP2100-T3-Agricultural-Applications-2-980x6321-1-480x310.webp 480w\" sizes=\"(min-width: 0px) and (max-width: 480px) 480px, (min-width: 481px) 980px, 100vw\" \/><\/td>\n<td style=\"height: 23px; width: 49.8406%;\" width=\"64\"><img loading=\"lazy\" decoding=\"async\" class=\"alignnone size-full wp-image-2525\" src=\"https:\/\/fmp-components.com\/wp-content\/uploads\/2025\/01\/Round-Baler-Gearbox-EP2100-T3-Agricultural-Applications-1-980x6321-1.webp\" alt=\"Menjalnik za okrogle balirke EP2100-T3-Kmetijska-uporaba-1\" width=\"980\" height=\"632\" title=\"\" srcset=\"https:\/\/fmp-components.com\/wp-content\/uploads\/2025\/01\/Round-Baler-Gearbox-EP2100-T3-Agricultural-Applications-1-980x6321-1.webp 980w, https:\/\/fmp-components.com\/wp-content\/uploads\/2025\/01\/Round-Baler-Gearbox-EP2100-T3-Agricultural-Applications-1-980x6321-1-480x310.webp 480w\" sizes=\"(min-width: 0px) and (max-width: 480px) 480px, (min-width: 481px) 980px, 100vw\" \/><\/td>\n<\/tr>\n<\/tbody>\n<\/table>\n<h2>Prednosti uporabe menjalnika za okrogle balirke FMP2100-T3<\/h2>\n<p>Menjalnik za okrogle balirke FMP2100-T3 ponuja ve\u010d prednosti, zaradi katerih je idealna izbira za kmetijsko uporabo, zlasti za u\u010dinkovito delovanje okroglih balirk. Spodaj so navedene klju\u010dne prednosti:<\/p>\n<p><strong>Visoka vzdr\u017eljivost in zanesljivost<\/strong><\/p>\n<ul>\n<li>Prednost: Robustna zasnova in visokokakovostni materiali, kot sta legirano jeklo in lito \u017eelezo, zagotavljajo, da menjalnik prenese te\u017eke kmetijske pogoje, kar zmanj\u0161uje verjetnost obrabe in okvare.<\/li>\n<li>Prednost: To podalj\u0161a \u017eivljenjsko dobo menjalnika, kar omogo\u010da neprekinjeno delovanje brez potrebe po pogostih zamenjavah ali popravilih.<\/li>\n<\/ul>\n<p><strong>U\u010dinkovit prenos mo\u010di<\/strong><\/p>\n<ul>\n<li>Prednost: Dobro zasnovani zobniki in visoko trdne gredi zagotavljajo u\u010dinkovit prenos mo\u010di s kardanske gredi traktorja na balirko.<\/li>\n<li>Prednost: To omogo\u010da gladko in enakomerno oblikovanje bal, kar zmanj\u0161uje obremenitev opreme in izbolj\u0161uje splo\u0161no produktivnost.<\/li>\n<\/ul>\n<p><strong>Kompaktna in prostorsko var\u010dna zasnova<\/strong><\/p>\n<ul>\n<li>Prednost: Kompaktna zasnova menjalnika FMP2100-T3 omogo\u010da enostavno integracijo z balirko za okrogle bale, ne da bi pri tem zavzel preve\u010d prostora.<\/li>\n<li>Prednost: Zagotavlja poenostavljeno in u\u010dinkovito nastavitev, kar je klju\u010dnega pomena za zmanj\u0161anje celotne velikosti kmetijske mehanizacije in izbolj\u0161anje okretnosti.<\/li>\n<\/ul>\n<p><strong>Enostavno vzdr\u017eevanje<\/strong><\/p>\n<ul>\n<li>Prednost: Menjalnik je zasnovan z uporabniku prijaznim sistemom mazanja, tesnili in dostopnimi komponentami za enostavno vzdr\u017eevanje.<\/li>\n<li>Prednost: To poenostavi rutinska vzdr\u017eevalna opravila, skraj\u0161a \u010das izpada in zni\u017ea stro\u0161ke lastni\u0161tva.<\/li>\n<\/ul>\n<p><strong>Optimalna zmogljivost pri velikih obremenitvah<\/strong><\/p>\n<ul>\n<li>Prednost: FMP2100-T3 je zasnovan za u\u010dinkovito delovanje pri velikih obremenitvah, saj ponuja visok navor in minimalno izgubo mo\u010di.<\/li>\n<li>Prednost: Zaradi tega je idealna re\u0161itev za ravnanje z velikimi koli\u010dinami materiala, kot sta seno in slama, z visoko zmogljivostjo tudi v zahtevnih pogojih.<\/li>\n<\/ul>\n<p>Menjalnik za okrogle balirke FMP2100-T3 ponuja kombinacijo zanesljivosti, u\u010dinkovitosti in enostavnosti uporabe, zaradi \u010desar je odli\u010dna izbira za izbolj\u0161anje zmogljivosti kmetijskih okroglih balirk.<\/p>\n<table style=\"width: 98.0248%; height: 103px;\" width=\"136\">\n<tbody>\n<tr style=\"height: 45px;\">\n<td style=\"height: 45px; width: 49.7243%;\" width=\"72\"><img loading=\"lazy\" decoding=\"async\" class=\"alignnone size-full wp-image-2531\" src=\"https:\/\/fmp-components.com\/wp-content\/uploads\/2025\/01\/Round-Baler-Gearbox-EP2100-T3-Agricultural-Applications-3.webp\" alt=\"Menjalnik za okrogle balirke FMP2100-T3-Kmetijska-uporaba-3\" width=\"980\" height=\"632\" title=\"\" srcset=\"https:\/\/fmp-components.com\/wp-content\/uploads\/2025\/01\/Round-Baler-Gearbox-EP2100-T3-Agricultural-Applications-3.webp 980w, https:\/\/fmp-components.com\/wp-content\/uploads\/2025\/01\/Round-Baler-Gearbox-EP2100-T3-Agricultural-Applications-3-480x310.webp 480w\" sizes=\"(min-width: 0px) and (max-width: 480px) 480px, (min-width: 481px) 980px, 100vw\" \/><\/td>\n<td style=\"height: 45px; width: 49.6141%;\" width=\"64\"><img loading=\"lazy\" decoding=\"async\" class=\"alignnone size-full wp-image-2527\" src=\"https:\/\/fmp-components.com\/wp-content\/uploads\/2025\/01\/Round-Baler-Gearbox-EP2100-T3-Agricultural-Applications-4-980x6321-1.webp\" alt=\"Menjalnik za okrogle bale\" width=\"980\" height=\"632\" title=\"\" srcset=\"https:\/\/fmp-components.com\/wp-content\/uploads\/2025\/01\/Round-Baler-Gearbox-EP2100-T3-Agricultural-Applications-4-980x6321-1.webp 980w, https:\/\/fmp-components.com\/wp-content\/uploads\/2025\/01\/Round-Baler-Gearbox-EP2100-T3-Agricultural-Applications-4-980x6321-1-480x310.webp 480w\" sizes=\"(min-width: 0px) and (max-width: 480px) 480px, (min-width: 481px) 980px, 100vw\" \/><\/td>\n<\/tr>\n<\/tbody>\n<\/table>\n<h2>Menjalnik za okrogle bale FMP2100-T3 Uporaba v kmetijstvu<\/h2>\n<p>Menjalnik za okrogle balirke FMP2100-T3 je posebej zasnovan za uporabo v kmetijski mehanizaciji, s poudarkom na optimizaciji delovanja okroglih balirk. Spodaj so navedene klju\u010dne uporabe tega menjalnika v kmetijstvu:<\/p>\n<p><strong>Postopek baliranja okroglih bal<\/strong><\/p>\n<ul>\n<li>Uporaba: Menjalnik FMP2100-T3 se uporablja predvsem v okroglih balirkah, klju\u010dnem delu opreme za kmetijska dela, ki \u017eetevjo pridelke, kot so seno, slama in sila\u017ea.<\/li>\n<li>Prednost: Zagotavlja u\u010dinkovito oblikovanje enakomernih okroglih bal, kar pove\u010duje produktivnost in kmetom omogo\u010da hitro in u\u010dinkovito zbiranje ter shranjevanje pridelkov za kasnej\u0161o uporabo ali prodajo.<\/li>\n<\/ul>\n<p><strong>\u017detev sena in krme<\/strong><\/p>\n<ul>\n<li>Uporaba: Menjalnik je idealen za uporabo v strojih za \u017eetev sena in krme, kjer balirka za okrogle bale s pogonom na kardansko gred stisne poko\u0161eno travo v bale za shranjevanje ali prevoz.<\/li>\n<li>Prednost: Menjalnik u\u010dinkovito prena\u0161a mo\u010d za obvladovanje razli\u010dnih pogojev pridelkov, kar zagotavlja u\u010dinkovito obdelavo suhega sena, sila\u017ee in drugih krmnih materialov.<\/li>\n<\/ul>\n<p><strong>Proizvodnja sila\u017ee<\/strong><\/p>\n<ul>\n<li>Uporaba: Pri proizvodnji sila\u017ee ima menjalnik klju\u010dno vlogo pri pogonu okroglih balirk, ki se uporabljajo za stiskanje in shranjevanje sila\u017ee.<\/li>\n<li>Prednost: Sila\u017ene bale so bistvenega pomena za krmo \u017eivali, zlasti v regijah z omejenimi pa\u0161nimi sezonami, menjalnik pa zagotavlja zanesljivo in u\u010dinkovito delovanje baliranja, tudi pri mokrih in gostih materialih.<\/li>\n<\/ul>\n<p><strong>Zbiranje slamic<\/strong><\/p>\n<ul>\n<li>Uporaba: Pri operacijah po \u017eetvi se menjalnik FMP2100-T3 uporablja za pobiranje slame na \u017eitnih in \u017eitnih poljih.<\/li>\n<li>Prednost: Menjalnik omogo\u010da u\u010dinkovito stiskanje slame v bale, ki se lahko uporabljajo za steljo, krmo za \u017eivali ali kot biogorivo, kar izbolj\u0161a vrednost po\u017eetega pridelka.<\/li>\n<\/ul>\n<p><strong>\u017detev me\u0161anih pridelkov<\/strong><\/p>\n<ul>\n<li>Uporaba: Menjalnik je vsestranski in se lahko uporablja pri \u017eetvi me\u0161anih pridelkov, kjer se razli\u010dne vrste materiala (trava, seno, slama itd.) balirajo z isto okroglo balirko.<\/li>\n<li>Prednost: FMP2100-T3 zagotavlja zdru\u017eljivost z razli\u010dnimi pridelki, zaradi \u010desar je idealna izbira za kmete, ki se ukvarjajo z raznolikimi kmetijskimi dejavnostmi in potrebujejo prilagodljivo opremo.<\/li>\n<\/ul>\n<p>Menjalnik za okrogle balirke FMP2100-T3 je zelo vsestranska in zanesljiva komponenta za \u0161irok spekter kmetijske uporabe, zlasti na podro\u010dju proizvodnje krme, sila\u017ee, slame in biomase. Njegova u\u010dinkovitost in vzdr\u017eljivost zagotavljata nemoteno delovanje opreme za okrogle bale, kar pove\u010duje produktivnost in optimizira skladi\u0161\u010denje pridelka za razli\u010dne kmetijske potrebe.<\/p>\n<p><img loading=\"lazy\" decoding=\"async\" class=\"alignnone size-full wp-image-2528\" src=\"https:\/\/fmp-components.com\/wp-content\/uploads\/2025\/01\/Using-the-Round-Baler-Gearbox-EP2100-T3-Advantages1-scaled.webp\" alt=\"Menjalnik za okrogle bale FMP2100-T3\" width=\"2560\" height=\"1421\" title=\"\" srcset=\"https:\/\/fmp-components.com\/wp-content\/uploads\/2025\/01\/Using-the-Round-Baler-Gearbox-EP2100-T3-Advantages1-scaled.webp 2560w, https:\/\/fmp-components.com\/wp-content\/uploads\/2025\/01\/Using-the-Round-Baler-Gearbox-EP2100-T3-Advantages1-1280x711.webp 1280w, https:\/\/fmp-components.com\/wp-content\/uploads\/2025\/01\/Using-the-Round-Baler-Gearbox-EP2100-T3-Advantages1-980x544.webp 980w, https:\/\/fmp-components.com\/wp-content\/uploads\/2025\/01\/Using-the-Round-Baler-Gearbox-EP2100-T3-Advantages1-480x266.webp 480w\" sizes=\"(min-width: 0px) and (max-width: 480px) 480px, (min-width: 481px) and (max-width: 980px) 980px, (min-width: 981px) and (max-width: 1280px) 1280px, (min-width: 1281px) 2560px, 100vw\" \/><\/p>\n<h3>O FMP-ju<\/h3>\n<p>FMP s sede\u017eem v Italiji je vodilni proizvajalec, znan po svojem strokovnem znanju na podro\u010dju na\u010drtovanja, razvoja in proizvodnje visokozmogljivih menjalnikov, s posebnim poudarkom na sektorju kmetijske mehanizacije. Z ugledom na podro\u010dju natan\u010dnega in\u017eeniringa, inovativnih re\u0161itev in neomajne zanesljivosti je FMP postal zaupanja vreden partner pri re\u0161evanju razvijajo\u010dih se potreb tako kmetijskega kot industrijskega sektorja. Na\u0161a raznolika ponudba izdelkov vklju\u010duje specializirane menjalnike za kosilnice, kardanske gredi in druge bistvene komponente, ki so vse skrbno zasnovane za zagotavljanje prilagojenih re\u0161itev za \u0161irok spekter uporabe.<\/p>\n<p>Pri FMP razumemo, da ima vsaka stranka edinstvene zahteve in izzive. Zato smo specializirani za ponujanje re\u0161itev po meri, bodisi za posamezne komponente bodisi za popolnoma integrirane sisteme. Tesno sodelujemo z na\u0161imi strankami, da zagotovimo, da je vsaka re\u0161itev ne le u\u010dinkovita, ampak tudi uspe\u0161na, kar optimizira tako zmogljivost kot vrednost. Na\u0161a zavezanost hitrim in profesionalnim odgovorom, skupaj s strokovnim vodenjem, zagotavlja, da se vsako povpra\u0161evanje obravnava z najve\u010djo skrbnostjo in natan\u010dnostjo, kar vodi do najbolj\u0161ih mo\u017enih rezultatov.<\/p>\n<p>V celotnem procesu razvoja izdelkov dajemo prednost odprti in stalni komunikaciji. Na\u0161a predana ekipa sodeluje neposredno s strankami, da bi v celoti razumela njihove specifi\u010dne potrebe, in jim ponuja dragocene vpoglede in priporo\u010dila za zagotavljanje optimalnih re\u0161itev. Ne glede na to, ali oblikujemo inovativne izdelke ali izpolnjujemo teko\u010da naro\u010dila, je FMP zavezan k zagotavljanju visokokakovostnih, natan\u010dno izdelanih re\u0161itev pravo\u010dasno in vsaki\u010d. Na\u0161 cilj je strankam zagotoviti najbolj\u0161o storitev in rezultate, ki pri vsakem projektu presegajo pri\u010dakovanja.<\/p>\n<p>Kakovost je temelj poslovanja podjetja FMP. Dr\u017eimo se najvi\u0161jih proizvodnih standardov in izvajamo stroge ukrepe nadzora kakovosti, da zagotovimo, da vsak izdelek ne le izpolnjuje, ampak tudi presega industrijske standarde. Ta neomajna zavezanost kakovosti, skupaj z na\u0161imi temeljnimi vrednotami integritete, timskega dela in vztrajnosti, nam je omogo\u010dila, da smo s strankami v skoraj 30 dr\u017eavah po vsem svetu zgradili dolgotrajne, na zaupanju temelje\u010de odnose.<\/p>\n<p>FMP je vedno odprt za spodbujanje globalnih partnerstev in ostaja predan ponujanju strokovnih nasvetov in prilagojenih re\u0161itev, ki ustrezajo raznolikim potrebam na\u0161ih strank. Gremo dlje od zgolj dobave izdelkov; na\u0161 cilj je graditi trajne odnose, ki prispevajo k uspehu vsakega projekta. Ne glede na to, ali potrebujete inovativne re\u0161itve za novo pobudo ali stalno podporo za obstoje\u010di sistem, je FMP tukaj, da se spopade z va\u0161imi tehni\u010dnimi izzivi in \u200b\u200bzagotovi va\u0161 nadaljnji uspeh.<\/p>\n<p><img loading=\"lazy\" decoding=\"async\" class=\"alignnone size-full wp-image-1861\" src=\"https:\/\/fmp-components.com\/wp-content\/uploads\/2024\/12\/Other-Agricultural-Gearboxes.webp\" sizes=\"(min-width: 0px) and (max-width: 480px) 480px, (min-width: 481px) and (max-width: 980px) 980px, (min-width: 981px) 1200px, 100vw\" srcset=\"https:\/\/fmp-components.com\/wp-content\/uploads\/2024\/12\/Other-Agricultural-Gearboxes.webp 1200w, https:\/\/fmp-components.com\/wp-content\/uploads\/2024\/12\/Other-Agricultural-Gearboxes-980x1143.webp 980w, https:\/\/fmp-components.com\/wp-content\/uploads\/2024\/12\/Other-Agricultural-Gearboxes-480x560.webp 480w\" alt=\"Altri-cambi-agricoli\" width=\"1200\" height=\"1400\" title=\"\"><\/p>\n<p>Avtor: CX<\/p>","protected":false},"excerpt":{"rendered":"<p>Round Baler Gearbox FMP2100-T3 Technical Data i Suitable Rpm input Rpm output KW(Nom) Output torque Toothing r\/min r\/min hp N.m Decelerate 2.1 :1 Round baler, harvester, etc 540 257 80 100 Gleason Helical Teeth Remark: If you have any special require feel free let me know, we also accept custom. Round Baler Gearbox FMP2100-T3 Component [&hellip;]<\/p>","protected":false},"featured_media":2524,"comment_status":"open","ping_status":"closed","template":"","meta":{"_et_pb_use_builder":"","_et_pb_old_content":"","_et_gb_content_width":""},"product_brand":[],"product_cat":[59],"product_tag":[],"class_list":{"0":"post-2523","1":"product","2":"type-product","3":"status-publish","4":"has-post-thumbnail","6":"product_cat-round-baler-gearbox","8":"first","9":"instock","10":"shipping-taxable","11":"product-type-simple"},"_links":{"self":[{"href":"https:\/\/fmp-components.com\/sl\/wp-json\/wp\/v2\/product\/2523","targetHints":{"allow":["GET"]}}],"collection":[{"href":"https:\/\/fmp-components.com\/sl\/wp-json\/wp\/v2\/product"}],"about":[{"href":"https:\/\/fmp-components.com\/sl\/wp-json\/wp\/v2\/types\/product"}],"replies":[{"embeddable":true,"href":"https:\/\/fmp-components.com\/sl\/wp-json\/wp\/v2\/comments?post=2523"}],"wp:featuredmedia":[{"embeddable":true,"href":"https:\/\/fmp-components.com\/sl\/wp-json\/wp\/v2\/media\/2524"}],"wp:attachment":[{"href":"https:\/\/fmp-components.com\/sl\/wp-json\/wp\/v2\/media?parent=2523"}],"wp:term":[{"taxonomy":"product_brand","embeddable":true,"href":"https:\/\/fmp-components.com\/sl\/wp-json\/wp\/v2\/product_brand?post=2523"},{"taxonomy":"product_cat","embeddable":true,"href":"https:\/\/fmp-components.com\/sl\/wp-json\/wp\/v2\/product_cat?post=2523"},{"taxonomy":"product_tag","embeddable":true,"href":"https:\/\/fmp-components.com\/sl\/wp-json\/wp\/v2\/product_tag?post=2523"}],"curies":[{"name":"delovni list","href":"https:\/\/api.w.org\/{rel}","templated":true}]}}