{"id":2510,"date":"2025-01-02T02:57:49","date_gmt":"2025-01-02T02:57:49","guid":{"rendered":"https:\/\/fmp-components.com\/?page_id=8"},"modified":"2025-01-02T03:35:08","modified_gmt":"2025-01-02T03:35:08","slug":"round-baler-gearbox-fmp9-35-for-round-baler-and-harvester","status":"publish","type":"product","link":"https:\/\/fmp-components.com\/sl\/product\/round-baler-gearbox-fmp9-35-for-round-baler-and-harvester\/","title":{"rendered":"Menjalnik za okrogle balirke FMP9.35 za okrogle balirke in kombajne"},"content":{"rendered":"<p><img loading=\"lazy\" decoding=\"async\" class=\"alignnone size-full wp-image-2514\" src=\"https:\/\/fmp-components.com\/wp-content\/uploads\/2025\/01\/Round-Baler-Gearbox-EP9.35-Advantages.webp\" alt=\"Menjalnik za okrogle bale FMP9.35 - Prednosti\" width=\"1440\" height=\"789\" title=\"\" srcset=\"https:\/\/fmp-components.com\/wp-content\/uploads\/2025\/01\/Round-Baler-Gearbox-EP9.35-Advantages.webp 1440w, https:\/\/fmp-components.com\/wp-content\/uploads\/2025\/01\/Round-Baler-Gearbox-EP9.35-Advantages-1280x701.webp 1280w, https:\/\/fmp-components.com\/wp-content\/uploads\/2025\/01\/Round-Baler-Gearbox-EP9.35-Advantages-980x537.webp 980w, https:\/\/fmp-components.com\/wp-content\/uploads\/2025\/01\/Round-Baler-Gearbox-EP9.35-Advantages-480x263.webp 480w\" sizes=\"(min-width: 0px) and (max-width: 480px) 480px, (min-width: 481px) and (max-width: 980px) 980px, (min-width: 981px) and (max-width: 1280px) 1280px, (min-width: 1281px) 1440px, 100vw\" \/><\/p>\n<h2>Dimenzije menjalnika za okrogle balirke FMP9.35<\/h2>\n<p><img loading=\"lazy\" decoding=\"async\" class=\"alignnone size-full wp-image-2513\" src=\"https:\/\/fmp-components.com\/wp-content\/uploads\/2025\/01\/Round-Baler-Gearbox-EP9.35-Dimensions-2.webp\" alt=\"Menjalnik za okrogle bale FMP9.35 - Dimenzije 2\" width=\"1530\" height=\"489\" title=\"\" srcset=\"https:\/\/fmp-components.com\/wp-content\/uploads\/2025\/01\/Round-Baler-Gearbox-EP9.35-Dimensions-2.webp 1530w, https:\/\/fmp-components.com\/wp-content\/uploads\/2025\/01\/Round-Baler-Gearbox-EP9.35-Dimensions-2-1280x409.webp 1280w, https:\/\/fmp-components.com\/wp-content\/uploads\/2025\/01\/Round-Baler-Gearbox-EP9.35-Dimensions-2-980x313.webp 980w, https:\/\/fmp-components.com\/wp-content\/uploads\/2025\/01\/Round-Baler-Gearbox-EP9.35-Dimensions-2-480x153.webp 480w\" sizes=\"(min-width: 0px) and (max-width: 480px) 480px, (min-width: 481px) and (max-width: 980px) 980px, (min-width: 981px) and (max-width: 1280px) 1280px, (min-width: 1281px) 1530px, 100vw\" \/><\/p>\n<p><img loading=\"lazy\" decoding=\"async\" class=\"alignnone size-full wp-image-2512\" src=\"https:\/\/fmp-components.com\/wp-content\/uploads\/2025\/01\/Round-Baler-Gearbox-EP9.35-Dimensions-1.webp\" alt=\"Menjalnik za okrogle bale FMP9.35 - Dimenzije 1\" width=\"1548\" height=\"889\" title=\"\" srcset=\"https:\/\/fmp-components.com\/wp-content\/uploads\/2025\/01\/Round-Baler-Gearbox-EP9.35-Dimensions-1.webp 1548w, https:\/\/fmp-components.com\/wp-content\/uploads\/2025\/01\/Round-Baler-Gearbox-EP9.35-Dimensions-1-1280x735.webp 1280w, https:\/\/fmp-components.com\/wp-content\/uploads\/2025\/01\/Round-Baler-Gearbox-EP9.35-Dimensions-1-980x563.webp 980w, https:\/\/fmp-components.com\/wp-content\/uploads\/2025\/01\/Round-Baler-Gearbox-EP9.35-Dimensions-1-480x276.webp 480w\" sizes=\"(min-width: 0px) and (max-width: 480px) 480px, (min-width: 481px) and (max-width: 980px) 980px, (min-width: 981px) and (max-width: 1280px) 1280px, (min-width: 1281px) 1548px, 100vw\" \/><\/p>\n<h2>Tehni\u010dni podatki menjalnika za okrogle balirke FMP9.35<\/h2>\n<table style=\"width: 99.9284%; height: 128px;\" border=\"1\" cellspacing=\"0\" cellpadding=\"0\">\n<tbody>\n<tr>\n<td colspan=\"2\" rowspan=\"2\">jaz<\/td>\n<td rowspan=\"2\">Primerno<\/td>\n<td>Vhod vrtljajev<\/td>\n<td>Izhodna vrtljaji<\/td>\n<td>kW (nom.)<\/td>\n<td>kW (najve\u010d)<\/td>\n<td rowspan=\"2\">Izra\u0161\u010danje zob<\/td>\n<\/tr>\n<tr>\n<td>vrt\/min<\/td>\n<td>vrt\/min<\/td>\n<td>konjska mo\u010d<\/td>\n<td>konjska mo\u010d<\/td>\n<\/tr>\n<tr>\n<td>Upo\u010dasni<\/td>\n<td>1.92:1<\/td>\n<td>Okrogla balirka,<br \/>\nkombajn itd.<\/td>\n<td>540<\/td>\n<td>282<\/td>\n<td>120<\/td>\n<td>3000<\/td>\n<td>Gleason Helical<br \/>\nZobje<\/td>\n<\/tr>\n<tr>\n<td colspan=\"8\">Opomba: \u010ce imate kakr\u0161ne koli posebne zahteve, mi sporo\u010dite, sprejemamo tudi po meri.<\/td>\n<\/tr>\n<\/tbody>\n<\/table>\n<h3>Prednosti menjalnika za okrogle balirke FMP9.35<\/h3>\n<p>Menjalnik za okrogle balirke FMP9.35 je visokozmogljiv menjalnik, zasnovan posebej za kmetijske okrogle balirke, ki ponuja \u0161tevilne prednosti za izbolj\u0161anje operativne u\u010dinkovitosti in vzdr\u017eljivosti. Spodaj so navedene klju\u010dne prednosti menjalnika FMP9.35:<\/p>\n<p><strong>Zmogljivost visoke mo\u010di<\/strong><\/p>\n<ul>\n<li>Prednost: FMP9.35 je zasnovan za prena\u0161anje visokih navornih obremenitev, zaradi \u010desar je idealen za te\u017eka baliranja.<\/li>\n<li>Prednost: To omogo\u010da menjalniku u\u010dinkovito obvladovanje trdih materialov, kot so seno, slama, sila\u017ea in kmetijski odpadki, kar zagotavlja zanesljiv prenos mo\u010di in optimalno delovanje baliranja tudi v zahtevnih pogojih.<\/li>\n<\/ul>\n<p><strong>Izbolj\u0161ana vzdr\u017eljivost in dolgo\u017eivost<\/strong><\/p>\n<ul>\n<li>Prednost: Menjalnik FMP9.35 je izdelan iz vrhunskih materialov in robustne konstrukcije ter zasnovan za dolgotrajno delovanje.<\/li>\n<li>Prednost: Njegova trpe\u017ena zasnova znatno zmanj\u0161a obrabo, kar omogo\u010da, da prenese leta intenzivne uporabe brez pogostih popravil ali zamenjav, kar zni\u017euje skupne obratovalne stro\u0161ke za kmete.<\/li>\n<\/ul>\n<p><strong>Gladko in u\u010dinkovito delovanje<\/strong><\/p>\n<ul>\n<li>Prednost: Menjalnik FMP9.35 je optimiziran za nemoten prenos mo\u010di, kar zmanj\u0161uje izgube energije med delovanjem.<\/li>\n<li>Prednost: U\u010dinkovit prenos mo\u010di zmanj\u0161a porabo goriva in izbolj\u0161a splo\u0161no zmogljivost balirke, kar zagotavlja, da je delovanje ne le u\u010dinkovito, ampak tudi stro\u0161kovno u\u010dinkovito.<\/li>\n<\/ul>\n<p><strong>Nizke zahteve glede vzdr\u017eevanja<\/strong><\/p>\n<ul>\n<li>Prednost: Menjalnik je zasnovan za enostavno vzdr\u017eevanje z lastnostmi, ki omogo\u010dajo hitre preglede in preprosto servisiranje.<\/li>\n<li>Prednost: To skraj\u0161a \u010das izpada in zagotavlja, da menjalnik ostane v vrhunskem stanju z minimalnim naporom, kar omogo\u010da neprekinjeno delovanje in manj prekinitev med sezono baliranja.<\/li>\n<\/ul>\n<p><strong>Kompaktna in prostorsko var\u010dna zasnova<\/strong><\/p>\n<ul>\n<li>Prednost: FMP9.35 je zasnovan s kompaktno strukturo, ki pomaga prihraniti prostor, hkrati pa zagotavlja optimalno delovanje.<\/li>\n<li>Prednost: Zaradi kompaktne velikosti je balirni stroj la\u017eji in okretnej\u0161i, kar zagotavlja ve\u010djo prilagodljivost pri delu na ozkih poljih ali te\u017eko dostopnih obmo\u010djih.<\/li>\n<\/ul>\n<p><strong>Vsestranskost za razli\u010dne aplikacije<\/strong><\/p>\n<ul>\n<li>Prednost: Menjalnik FMP9.35 je vsestranski in primeren za razli\u010dne vrste baliranja, vklju\u010dno s senom, slamo in sila\u017eo.<\/li>\n<li>Prednost: Zaradi prilagodljivosti je odli\u010dna izbira za kmete, ki potrebujejo menjalnik, ki lahko obvladuje razli\u010dne pridelke in materiale, kar zagotavlja dobro delovanje balirke v razli\u010dnih kmetijskih pogojih.<\/li>\n<\/ul>\n<p>Menjalnik za okrogle balirke FMP9.35 je zmogljiv, vzdr\u017eljiv in u\u010dinkovit menjalnik, zasnovan za zahtevne potrebe sodobnih kmetijskih bal. Zaradi robustne konstrukcije, nemotenega delovanja in nizkih zahtev glede vzdr\u017eevanja je idealna izbira za kmete, ki i\u0161\u010dejo zanesljiv in visoko zmogljiv menjalnik. FMP9.35 pomaga pove\u010dati u\u010dinkovitost, zmanj\u0161ati obratovalne stro\u0161ke in zagotoviti dolgoro\u010dno zanesljivost, kar prispeva k splo\u0161nemu uspehu okroglih bal v razli\u010dnih kmetijskih okoljih.<\/p>\n<p><img loading=\"lazy\" decoding=\"async\" class=\"alignnone size-full wp-image-2507\" src=\"https:\/\/fmp-components.com\/wp-content\/uploads\/2025\/01\/Round-Baler-Gearbox-EP9.0-HL01-for-Agricultural-21.webp\" alt=\"Menjalnik za okrogle balirke FMP9.0-HL01-za-kmetijstvo-2(1)\" width=\"980\" height=\"653\" title=\"\" srcset=\"https:\/\/fmp-components.com\/wp-content\/uploads\/2025\/01\/Round-Baler-Gearbox-EP9.0-HL01-for-Agricultural-21.webp 980w, https:\/\/fmp-components.com\/wp-content\/uploads\/2025\/01\/Round-Baler-Gearbox-EP9.0-HL01-for-Agricultural-21-480x320.webp 480w\" sizes=\"(min-width: 0px) and (max-width: 480px) 480px, (min-width: 481px) 980px, 100vw\" \/><\/p>\n<h3>Funkcija menjalnika za okrogle balirke FMP9.35 v kmetijstvu<\/h3>\n<p>Menjalnik za okrogle balirke FMP9.35 igra klju\u010dno vlogo pri delovanju okroglih balirk, ki so bistveni stroji v kmetijstvu za stiskanje in baliranje materialov, kot so seno, slama in sila\u017ea. Ta menjalnik zagotavlja u\u010dinkovit prenos mo\u010di s traktorja na balirko, kar omogo\u010da optimalno delovanje med baliranjem. Spodaj so navedene klju\u010dne funkcije menjalnika za okrogle balirke FMP9.35:<\/p>\n<p><strong>Prenos mo\u010di<\/strong><\/p>\n<ul>\n<li>Funkcija: Primarna funkcija menjalnika FMP9.35 je prenos mo\u010di iz kardanske gredi traktorja na notranje mehanizme balirke.<\/li>\n<li>Prednost: Zagotavlja gladek in u\u010dinkovit prenos mo\u010di, kar omogo\u010da balirki opravljanje razli\u010dnih funkcij, kot so dovajanje, stiskanje in vezanje materialov v kompaktne bale.<\/li>\n<\/ul>\n<p><strong>Mno\u017eenje navora<\/strong><\/p>\n<ul>\n<li>Funkcija: Menjalnik zagotavlja mno\u017eenje navora in s tem pove\u010duje vrtilno silo, ki deluje na komponente balirke.<\/li>\n<li>Prednost: To je \u0161e posebej pomembno pri delu s trdimi, gostimi materiali, kot sta mokro seno ali slama, saj zagotavlja, da balirka deluje z zahtevano u\u010dinkovitostjo in mo\u010djo, ne da bi pri tem preobremenila sistem.<\/li>\n<\/ul>\n<p><strong>Zmanj\u0161anje hitrosti<\/strong><\/p>\n<ul>\n<li>Funkcija: Menjalnik FMP9.35 zmanj\u0161a visoko vrtilno hitrost kardanske gredi traktorja na optimalno hitrost za delovne komponente balirke, kot so valji in mehanizem za stiskanje.<\/li>\n<li>Prednost: To nadzorovano zmanj\u0161anje hitrosti prepre\u010duje po\u0161kodbe sistema za baliranje in zagotavlja, da balirka deluje z idealnim tempom za u\u010dinkovito stiskanje in oblikovanje bal.<\/li>\n<\/ul>\n<p><strong>Sinhronizacija mehanizmov balirke<\/strong><\/p>\n<ul>\n<li>Funkcija: Menjalnik je odgovoren za sinhronizacijo razli\u010dnih mehanskih komponent v balirki, vklju\u010dno s sesalnim, kompresijskim in vezalnim sistemom.<\/li>\n<li>Prednost: Z usklajevanjem gibanja teh komponent menjalnik zagotavlja, da vse operacije potekajo usklajeno, kar vodi do doslednega in visokokakovostnega oblikovanja bal.<\/li>\n<\/ul>\n<p><strong>Porazdelitev obremenitve<\/strong><\/p>\n<ul>\n<li>Funkcija: Menjalnik FMP9.35 pomaga enakomerno porazdeliti mehansko obremenitev po sistemu in tako zagotavlja, da nobena komponenta ni preobremenjena.<\/li>\n<li>Prednost: Ta porazdelitev obremenitve zmanj\u0161uje obrabo kriti\u010dnih komponent, kar podalj\u0161a \u017eivljenjsko dobo balirke in zmanj\u0161a potrebe po vzdr\u017eevanju.<\/li>\n<\/ul>\n<p>Menjalnik za okrogle balirke FMP9.35 je nepogre\u0161ljiv za zagotavljanje u\u010dinkovitega in zanesljivega delovanja okroglih balirk v kmetijstvu. Z zagotavljanjem gladkega prenosa mo\u010di, multiplikatorja navora, zmanj\u0161anja hitrosti in porazdelitve obremenitve maksimizira zmogljivost balirke, hkrati pa zmanj\u0161uje obratovalne stro\u0161ke in zahteve glede vzdr\u017eevanja. Ta menjalnik pomaga kmetom dose\u010di dosledne, visokokakovostne bale ter pove\u010da splo\u0161no produktivnost njihovih bal.<\/p>\n<p><img loading=\"lazy\" decoding=\"async\" class=\"alignnone size-full wp-image-2505\" src=\"https:\/\/fmp-components.com\/wp-content\/uploads\/2025\/01\/Round-Baler-Gearbox-191-scaled.webp\" alt=\"Menjalnik za okrogle bale-19(1)\" width=\"2560\" height=\"1920\" title=\"\" srcset=\"https:\/\/fmp-components.com\/wp-content\/uploads\/2025\/01\/Round-Baler-Gearbox-191-scaled.webp 2560w, https:\/\/fmp-components.com\/wp-content\/uploads\/2025\/01\/Round-Baler-Gearbox-191-1280x960.webp 1280w, https:\/\/fmp-components.com\/wp-content\/uploads\/2025\/01\/Round-Baler-Gearbox-191-980x735.webp 980w, https:\/\/fmp-components.com\/wp-content\/uploads\/2025\/01\/Round-Baler-Gearbox-191-480x360.webp 480w\" sizes=\"(min-width: 0px) and (max-width: 480px) 480px, (min-width: 481px) and (max-width: 980px) 980px, (min-width: 981px) and (max-width: 1280px) 1280px, (min-width: 1281px) 2560px, 100vw\" \/><\/p>\n<h3>O FMP-ju<\/h3>\n<p>FMP s sede\u017eem v Italiji je vodilni proizvajalec, znan po svojem strokovnem znanju na podro\u010dju na\u010drtovanja, razvoja in proizvodnje visokozmogljivih menjalnikov, zlasti za sektor kmetijske mehanizacije. FMP, znan po natan\u010dnem in\u017eenirstvu, inovativnih re\u0161itvah in neomajni zanesljivosti, se je uveljavil kot zaupanja vreden partner pri izpolnjevanju spreminjajo\u010dih se zahtev tako kmetijskega kot industrijskega trga. Na\u0161a obse\u017ena ponudba izdelkov vklju\u010duje specializirane menjalnike za kosilnice, kardanske gredi in razli\u010dne druge klju\u010dne komponente, ki so vse zasnovane za zagotavljanje prilagojenih re\u0161itev za \u0161irok spekter uporabe.<\/p>\n<p>Pri FMP se zavedamo, da so potrebe vsake stranke edinstvene. Zato smo specializirani za zagotavljanje re\u0161itev po meri, bodisi za posamezne komponente bodisi za popolnoma integrirane sisteme. S tesnim sodelovanjem z na\u0161imi strankami zagotavljamo, da je vsaka re\u0161itev ne le u\u010dinkovita, temve\u010d tudi optimizirana za u\u010dinkovitost, zmogljivost in vrednost. Na\u0161a zavezanost k hitrim in profesionalnim odgovorom, podprtim s strokovnim vodenjem, zagotavlja, da se vsako povpra\u0161evanje obravnava natan\u010dno, kar ima za posledico najbolj\u0161e mo\u017ene rezultate.<\/p>\n<p>Prednost dajemo transparentni in stalni komunikaciji skozi celoten proces razvoja izdelkov. Na\u0161a predana ekipa sodeluje neposredno s strankami, da bi temeljito razumela njihove specifi\u010dne zahteve, in jim ponuja prakti\u010dne vpoglede in priporo\u010dila, ki vodijo do optimalnih re\u0161itev. Ne glede na to, ali oblikujemo inovativne izdelke ali izpolnjujemo teko\u010da naro\u010dila, je FMP zavezan k zagotavljanju visokokakovostnih, natan\u010dno zasnovanih re\u0161itev, vsaki\u010d pravo\u010dasno. Na\u0161e poslanstvo je strankam zagotoviti vrhunsko storitev in rezultate, pri \u010demer pri vsakem projektu dosledno presegamo pri\u010dakovanja.<\/p>\n<p>Kakovost je temelj delovanja podjetja FMP. Dr\u017eimo se najvi\u0161jih proizvodnih standardov in izvajamo stroge postopke nadzora kakovosti, da zagotovimo, da vsak izdelek ne le izpolnjuje, ampak tudi presega industrijske standarde. Ta neomajna zavezanost kakovosti, skupaj z na\u0161imi temeljnimi vrednotami integritete, timskega dela in vztrajnosti, nam je omogo\u010dila, da smo s strankami v skoraj 30 dr\u017eavah po vsem svetu zgradili dolgotrajne, na zaupanju temelje\u010de odnose.<\/p>\n<p>Pri FMP smo vedno odprti za sklepanje globalnih partnerstev in smo predani ponujanju strokovnih nasvetov in prilagojenih re\u0161itev, ki zadovoljujejo raznolike potrebe na\u0161ih strank. Gremo dlje od zgolj zagotavljanja izdelkov; stremimo k vzpostavitvi trajnih odnosov, ki prispevajo k uspehu vsakega projekta. Ne glede na to, ali potrebujete inovativne re\u0161itve za novo pobudo ali stalno podporo za obstoje\u010di sistem, je FMP tukaj, da se spopade z va\u0161imi tehni\u010dnimi izzivi in \u200b\u200bzagotovi va\u0161 nadaljnji uspeh.<\/p>\n<p><img loading=\"lazy\" decoding=\"async\" class=\"alignnone size-full wp-image-1861\" src=\"https:\/\/fmp-components.com\/wp-content\/uploads\/2024\/12\/Other-Agricultural-Gearboxes.webp\" sizes=\"(min-width: 0px) and (max-width: 480px) 480px, (min-width: 481px) and (max-width: 980px) 980px, (min-width: 981px) 1200px, 100vw\" srcset=\"https:\/\/fmp-components.com\/wp-content\/uploads\/2024\/12\/Other-Agricultural-Gearboxes.webp 1200w, https:\/\/fmp-components.com\/wp-content\/uploads\/2024\/12\/Other-Agricultural-Gearboxes-980x1143.webp 980w, https:\/\/fmp-components.com\/wp-content\/uploads\/2024\/12\/Other-Agricultural-Gearboxes-480x560.webp 480w\" alt=\"Altri-cambi-agricoli\" width=\"1200\" height=\"1400\" title=\"\"><\/p>\n<p>Avtor: CX<\/p>","protected":false},"excerpt":{"rendered":"<p>Round Baler Gearbox FMP9.35 Dimensions Round Baler Gearbox FMP9.35 Technical Data i Suitable Rpm input Rpm output KW(Nom) KW(Max) Toothing r\/min r\/min hp hp Decelerate 1.92:1 Round baler, harvester, etc 540 282 120 3000 Gleason Helical Teeth Remark: If you have any special require feel free let me know, we also accept custom. Advantages of [&hellip;]<\/p>","protected":false},"featured_media":2514,"comment_status":"open","ping_status":"closed","template":"","meta":{"_et_pb_use_builder":"","_et_pb_old_content":"","_et_gb_content_width":""},"product_brand":[],"product_cat":[59],"product_tag":[],"class_list":{"0":"post-2510","1":"product","2":"type-product","3":"status-publish","4":"has-post-thumbnail","6":"product_cat-round-baler-gearbox","8":"first","9":"instock","10":"shipping-taxable","11":"product-type-simple"},"_links":{"self":[{"href":"https:\/\/fmp-components.com\/sl\/wp-json\/wp\/v2\/product\/2510","targetHints":{"allow":["GET"]}}],"collection":[{"href":"https:\/\/fmp-components.com\/sl\/wp-json\/wp\/v2\/product"}],"about":[{"href":"https:\/\/fmp-components.com\/sl\/wp-json\/wp\/v2\/types\/product"}],"replies":[{"embeddable":true,"href":"https:\/\/fmp-components.com\/sl\/wp-json\/wp\/v2\/comments?post=2510"}],"wp:featuredmedia":[{"embeddable":true,"href":"https:\/\/fmp-components.com\/sl\/wp-json\/wp\/v2\/media\/2514"}],"wp:attachment":[{"href":"https:\/\/fmp-components.com\/sl\/wp-json\/wp\/v2\/media?parent=2510"}],"wp:term":[{"taxonomy":"product_brand","embeddable":true,"href":"https:\/\/fmp-components.com\/sl\/wp-json\/wp\/v2\/product_brand?post=2510"},{"taxonomy":"product_cat","embeddable":true,"href":"https:\/\/fmp-components.com\/sl\/wp-json\/wp\/v2\/product_cat?post=2510"},{"taxonomy":"product_tag","embeddable":true,"href":"https:\/\/fmp-components.com\/sl\/wp-json\/wp\/v2\/product_tag?post=2510"}],"curies":[{"name":"delovni list","href":"https:\/\/api.w.org\/{rel}","templated":true}]}}